{"id":28680,"date":"2025-06-16T12:09:25","date_gmt":"2025-06-16T09:09:25","guid":{"rendered":"https:\/\/erformance.eu\/?post_type=product&#038;p=28680"},"modified":"2026-04-08T17:31:09","modified_gmt":"2026-04-08T14:31:09","slug":"bmw-e60-e61-priesrukiniai-zibintai-m-tech-bamperiui-tamsinti","status":"publish","type":"product","link":"https:\/\/erformance.eu\/et\/toode\/bmw-e60-e61-priesrukiniai-zibintai-m-tech-bamperiui-tamsinti\/","title":{"rendered":"BMW E60 E61 Prie\u0161r\u016bkiniai \u017eibintai M-Tech bamperiui, tamsinti"},"content":{"rendered":"<p class=\"ai-optimize-33 ai-optimize-introduction\"><strong>Prek\u0117s pavadinimas:<\/strong><\/p>\n<ul>\n<li class=\"ai-optimize-33 ai-optimize-introduction\">BMW E60 E61 prie\u0161r\u016bkiniai \u017eibintai tinkami M Tech (M sport) bamperiui, tamsinti.<\/li>\n<\/ul>\n<p class=\"ai-optimize-26\"><strong>Komplekt\u0105 sudaro:<\/strong><\/p>\n<ul>\n<li class=\"ai-optimize-25\">1 vnt. kair\u0117s pus\u0117s prie\u0161r\u016bkinis \u017eibintas.<\/li>\n<li class=\"ai-optimize-41\">1 vnt. de\u0161in\u0117s pus\u0117s prie\u0161r\u016bkinis \u017eibintas.<\/li>\n<li class=\"ai-optimize-43\">2 vnt. kaitrini\u0173 (gelsv\u0173) lempu\u010diu.<\/li>\n<\/ul>\n<p class=\"ai-optimize-42\"><strong>Savyb\u0117s:<\/strong><\/p>\n<ul>\n<li class=\"ai-optimize-29\">Auk\u0161tos kokyb\u0117s original\u0105 atitinkanti dalis.<\/li>\n<li class=\"ai-optimize-32\">Atsparumas\u00a0<strong>UV<\/strong>\u00a0\u2013 l\u0117tas nusidev\u0117jimas.<\/li>\n<li class=\"ai-optimize-44\">Tinka LCI ir PRE LCI BMW E60 E61 modeliams su M Tech (M sport) bamperiu.<\/li>\n<li class=\"ai-optimize-40\">Tamsinti, suteikia automobiliui agresyvumo.<\/li>\n<\/ul>\n<p class=\"ai-optimize-38\"><strong>Tinkamumas:<\/strong><\/p>\n<ul>\n<li class=\"ai-optimize-30\">\n<p class=\"ai-optimize-29\"><strong>BMW E60 5 serija,<\/strong>\u00a02003-2010.<\/p>\n<\/li>\n<li class=\"ai-optimize-30\">\n<p class=\"ai-optimize-29\"><strong>BMW E61 5 serija,<\/strong>\u00a02003-2010.<\/p>\n<\/li>\n<\/ul>\n<p class=\"ai-optimize-41\">BMW E60 E61 prie\u0161r\u016bkiniai \u017eibintai, tamsinti suteikia agresyvumo ir modernumo.<\/p>\n<p class=\"ai-optimize-41\">Atnaujinkite automobilio i\u0161vaizd\u0105 ir suteikite agresyv\u0173, bei modern\u0173 stili\u0173.<\/p>\n<p class=\"ai-optimize-42\">Erformance.eu elektronin\u0117je parduotuv\u0117je rasite \u012fvairi\u0173 preki\u0173 savo\u00a0<a href=\"https:\/\/erformance.eu\/produkto-kategorija\/bmw\/5-serija\/e60-e61\/\">BMW E60 E61\u00a0<\/a>\u00a0automobiliui. Nuo smulkiausi\u0173 pried\u0173 iki tiuning dali\u0173 plataus pasirinkimo.<\/p>\n<p class=\"ai-optimize-29\">Prek\u0117 laikoma sand\u0117lyje Lietuvoje, tod\u0117l galime garantuoti greit\u0105 pristatymo laik\u0105 (1-2 darbo dienas).<\/p>\n","protected":false},"excerpt":{"rendered":"<h5 class=\"ai-optimize-48\">BMW E60 E61 prie\u0161r\u016bkiniai \u017eibintai, tamsinti<\/h5>\n","protected":false},"featured_media":28681,"comment_status":"open","ping_status":"closed","template":"","meta":[],"product_brand":[],"product_cat":[50],"product_tag":[],"class_list":{"0":"post-28680","1":"product","2":"type-product","3":"status-publish","4":"has-post-thumbnail","6":"product_cat-e60-e61","8":"first","9":"instock","10":"shipping-taxable","11":"purchasable","12":"product-type-simple"},"yoast_head":"<!-- This site is optimized with the Yoast SEO Premium plugin v25.2 (Yoast SEO v27.4) - https:\/\/yoast.com\/product\/yoast-seo-premium-wordpress\/ -->\n<title>BMW E60 E61 Prie\u0161r\u016bkiniai \u017eibintai M-Tech bamperiui, tamsinti - Erformance.eu<\/title>\n<meta name=\"description\" content=\"BMW E60 E61 prie\u0161r\u016bkiniai \u017eibintai tinkantys M Tech LCI ir PRE LCI bamperiui. Komplekte 2 vnt tamsint\u0173 prie\u0161r\u016bkini\u0173 \u017eibint\u0173 ir 2 vnt. kaitrini\u0173 lempu\u010di\u0173.\" \/>\n<meta name=\"robots\" content=\"index, follow, max-snippet:-1, max-image-preview:large, max-video-preview:-1\" \/>\n<link rel=\"canonical\" href=\"https:\/\/erformance.eu\/et\/toode\/bmw-e60-e61-priesrukiniai-zibintai-m-tech-bamperiui-tamsinti\/\" \/>\n<meta property=\"og:locale\" content=\"et_EE\" \/>\n<meta property=\"og:type\" content=\"article\" \/>\n<meta property=\"og:title\" content=\"BMW E60 E61 Prie\u0161r\u016bkiniai \u017eibintai M-Tech bamperiui, tamsinti\" \/>\n<meta property=\"og:description\" content=\"BMW E60 E61 prie\u0161r\u016bkiniai \u017eibintai tinkantys M Tech LCI ir PRE LCI bamperiui. Komplekte 2 vnt tamsint\u0173 prie\u0161r\u016bkini\u0173 \u017eibint\u0173 ir 2 vnt. kaitrini\u0173 lempu\u010di\u0173.\" \/>\n<meta property=\"og:url\" content=\"https:\/\/erformance.eu\/et\/toode\/bmw-e60-e61-priesrukiniai-zibintai-m-tech-bamperiui-tamsinti\/\" \/>\n<meta property=\"og:site_name\" content=\"Erformance.eu\" \/>\n<meta property=\"article:modified_time\" content=\"2026-04-08T14:31:09+00:00\" \/>\n<meta property=\"og:image\" content=\"https:\/\/erformance.eu\/wp-content\/uploads\/2025\/06\/bmw-e60-e61-lci-prelci-priesrukai-priesrukiniai-zibintai-m-mtech-tamsinti-1.webp\" \/>\n\t<meta property=\"og:image:width\" content=\"1080\" \/>\n\t<meta property=\"og:image:height\" content=\"1080\" \/>\n\t<meta property=\"og:image:type\" content=\"image\/webp\" \/>\n<meta name=\"twitter:card\" content=\"summary_large_image\" \/>\n<meta name=\"twitter:label1\" content=\"Est. reading time\" \/>\n\t<meta name=\"twitter:data1\" content=\"1 minut\" \/>\n<script type=\"application\/ld+json\" class=\"yoast-schema-graph\">{\"@context\":\"https:\\\/\\\/schema.org\",\"@graph\":[{\"@type\":\"WebPage\",\"@id\":\"https:\\\/\\\/erformance.eu\\\/et\\\/toode\\\/bmw-e60-e61-priesrukiniai-zibintai-m-tech-bamperiui-tamsinti\\\/\",\"url\":\"https:\\\/\\\/erformance.eu\\\/et\\\/toode\\\/bmw-e60-e61-priesrukiniai-zibintai-m-tech-bamperiui-tamsinti\\\/\",\"name\":\"BMW E60 E61 Prie\u0161r\u016bkiniai \u017eibintai M-Tech bamperiui, tamsinti - Erformance.eu\",\"isPartOf\":{\"@id\":\"https:\\\/\\\/erformance.eu\\\/et\\\/#website\"},\"primaryImageOfPage\":{\"@id\":\"https:\\\/\\\/erformance.eu\\\/et\\\/toode\\\/bmw-e60-e61-priesrukiniai-zibintai-m-tech-bamperiui-tamsinti\\\/#primaryimage\"},\"image\":{\"@id\":\"https:\\\/\\\/erformance.eu\\\/et\\\/toode\\\/bmw-e60-e61-priesrukiniai-zibintai-m-tech-bamperiui-tamsinti\\\/#primaryimage\"},\"thumbnailUrl\":\"https:\\\/\\\/erformance.eu\\\/wp-content\\\/uploads\\\/2025\\\/06\\\/bmw-e60-e61-lci-prelci-priesrukai-priesrukiniai-zibintai-m-mtech-tamsinti-1.webp\",\"datePublished\":\"2025-06-16T09:09:25+00:00\",\"dateModified\":\"2026-04-08T14:31:09+00:00\",\"description\":\"BMW E60 E61 prie\u0161r\u016bkiniai \u017eibintai tinkantys M Tech LCI ir PRE LCI bamperiui. Komplekte 2 vnt tamsint\u0173 prie\u0161r\u016bkini\u0173 \u017eibint\u0173 ir 2 vnt. kaitrini\u0173 lempu\u010di\u0173.\",\"breadcrumb\":{\"@id\":\"https:\\\/\\\/erformance.eu\\\/et\\\/toode\\\/bmw-e60-e61-priesrukiniai-zibintai-m-tech-bamperiui-tamsinti\\\/#breadcrumb\"},\"inLanguage\":\"et\",\"potentialAction\":[{\"@type\":\"ReadAction\",\"target\":[\"https:\\\/\\\/erformance.eu\\\/et\\\/toode\\\/bmw-e60-e61-priesrukiniai-zibintai-m-tech-bamperiui-tamsinti\\\/\"]}]},{\"@type\":\"ImageObject\",\"inLanguage\":\"et\",\"@id\":\"https:\\\/\\\/erformance.eu\\\/et\\\/toode\\\/bmw-e60-e61-priesrukiniai-zibintai-m-tech-bamperiui-tamsinti\\\/#primaryimage\",\"url\":\"https:\\\/\\\/erformance.eu\\\/wp-content\\\/uploads\\\/2025\\\/06\\\/bmw-e60-e61-lci-prelci-priesrukai-priesrukiniai-zibintai-m-mtech-tamsinti-1.webp\",\"contentUrl\":\"https:\\\/\\\/erformance.eu\\\/wp-content\\\/uploads\\\/2025\\\/06\\\/bmw-e60-e61-lci-prelci-priesrukai-priesrukiniai-zibintai-m-mtech-tamsinti-1.webp\",\"width\":1080,\"height\":1080,\"caption\":\"bmw e60 e61 prie\u0161r\u016bkiniai \u017eibintai tamsinti lci ir pre lci M bamperio M tech M sport komplektas i\u0161 priekio\"},{\"@type\":\"BreadcrumbList\",\"@id\":\"https:\\\/\\\/erformance.eu\\\/et\\\/toode\\\/bmw-e60-e61-priesrukiniai-zibintai-m-tech-bamperiui-tamsinti\\\/#breadcrumb\",\"itemListElement\":[{\"@type\":\"ListItem\",\"position\":1,\"name\":\"Home\",\"item\":\"https:\\\/\\\/erformance.eu\\\/et\\\/\"},{\"@type\":\"ListItem\",\"position\":2,\"name\":\"Pood\",\"item\":\"https:\\\/\\\/erformance.eu\\\/et\\\/pood\\\/\"},{\"@type\":\"ListItem\",\"position\":3,\"name\":\"BMW E60 E61 Prie\u0161r\u016bkiniai \u017eibintai M-Tech bamperiui, tamsinti\"}]},{\"@type\":\"WebSite\",\"@id\":\"https:\\\/\\\/erformance.eu\\\/et\\\/#website\",\"url\":\"https:\\\/\\\/erformance.eu\\\/et\\\/\",\"name\":\"Erformance.eu\",\"description\":\"Automobili\u0173 dali\u0173 parduotuv\u0117\",\"potentialAction\":[{\"@type\":\"SearchAction\",\"target\":{\"@type\":\"EntryPoint\",\"urlTemplate\":\"https:\\\/\\\/erformance.eu\\\/et\\\/?s={search_term_string}\"},\"query-input\":{\"@type\":\"PropertyValueSpecification\",\"valueRequired\":true,\"valueName\":\"search_term_string\"}}],\"inLanguage\":\"et\"}]}<\/script>\n<!-- \/ Yoast SEO Premium plugin. -->","yoast_head_json":{"title":"BMW E60 E61 Prie\u0161r\u016bkiniai \u017eibintai M-Tech bamperiui, tamsinti - Erformance.eu","description":"BMW E60 E61 prie\u0161r\u016bkiniai \u017eibintai tinkantys M Tech LCI ir PRE LCI bamperiui. Komplekte 2 vnt tamsint\u0173 prie\u0161r\u016bkini\u0173 \u017eibint\u0173 ir 2 vnt. kaitrini\u0173 lempu\u010di\u0173.","robots":{"index":"index","follow":"follow","max-snippet":"max-snippet:-1","max-image-preview":"max-image-preview:large","max-video-preview":"max-video-preview:-1"},"canonical":"https:\/\/erformance.eu\/et\/toode\/bmw-e60-e61-priesrukiniai-zibintai-m-tech-bamperiui-tamsinti\/","og_locale":"et_EE","og_type":"article","og_title":"BMW E60 E61 Prie\u0161r\u016bkiniai \u017eibintai M-Tech bamperiui, tamsinti","og_description":"BMW E60 E61 prie\u0161r\u016bkiniai \u017eibintai tinkantys M Tech LCI ir PRE LCI bamperiui. Komplekte 2 vnt tamsint\u0173 prie\u0161r\u016bkini\u0173 \u017eibint\u0173 ir 2 vnt. kaitrini\u0173 lempu\u010di\u0173.","og_url":"https:\/\/erformance.eu\/et\/toode\/bmw-e60-e61-priesrukiniai-zibintai-m-tech-bamperiui-tamsinti\/","og_site_name":"Erformance.eu","article_modified_time":"2026-04-08T14:31:09+00:00","og_image":[{"width":1080,"height":1080,"url":"https:\/\/erformance.eu\/wp-content\/uploads\/2025\/06\/bmw-e60-e61-lci-prelci-priesrukai-priesrukiniai-zibintai-m-mtech-tamsinti-1.webp","type":"image\/webp"}],"twitter_card":"summary_large_image","twitter_misc":{"Est. reading time":"1 minut"},"schema":{"@context":"https:\/\/schema.org","@graph":[{"@type":"WebPage","@id":"https:\/\/erformance.eu\/et\/toode\/bmw-e60-e61-priesrukiniai-zibintai-m-tech-bamperiui-tamsinti\/","url":"https:\/\/erformance.eu\/et\/toode\/bmw-e60-e61-priesrukiniai-zibintai-m-tech-bamperiui-tamsinti\/","name":"BMW E60 E61 Prie\u0161r\u016bkiniai \u017eibintai M-Tech bamperiui, tamsinti - Erformance.eu","isPartOf":{"@id":"https:\/\/erformance.eu\/et\/#website"},"primaryImageOfPage":{"@id":"https:\/\/erformance.eu\/et\/toode\/bmw-e60-e61-priesrukiniai-zibintai-m-tech-bamperiui-tamsinti\/#primaryimage"},"image":{"@id":"https:\/\/erformance.eu\/et\/toode\/bmw-e60-e61-priesrukiniai-zibintai-m-tech-bamperiui-tamsinti\/#primaryimage"},"thumbnailUrl":"https:\/\/erformance.eu\/wp-content\/uploads\/2025\/06\/bmw-e60-e61-lci-prelci-priesrukai-priesrukiniai-zibintai-m-mtech-tamsinti-1.webp","datePublished":"2025-06-16T09:09:25+00:00","dateModified":"2026-04-08T14:31:09+00:00","description":"BMW E60 E61 prie\u0161r\u016bkiniai \u017eibintai tinkantys M Tech LCI ir PRE LCI bamperiui. Komplekte 2 vnt tamsint\u0173 prie\u0161r\u016bkini\u0173 \u017eibint\u0173 ir 2 vnt. kaitrini\u0173 lempu\u010di\u0173.","breadcrumb":{"@id":"https:\/\/erformance.eu\/et\/toode\/bmw-e60-e61-priesrukiniai-zibintai-m-tech-bamperiui-tamsinti\/#breadcrumb"},"inLanguage":"et","potentialAction":[{"@type":"ReadAction","target":["https:\/\/erformance.eu\/et\/toode\/bmw-e60-e61-priesrukiniai-zibintai-m-tech-bamperiui-tamsinti\/"]}]},{"@type":"ImageObject","inLanguage":"et","@id":"https:\/\/erformance.eu\/et\/toode\/bmw-e60-e61-priesrukiniai-zibintai-m-tech-bamperiui-tamsinti\/#primaryimage","url":"https:\/\/erformance.eu\/wp-content\/uploads\/2025\/06\/bmw-e60-e61-lci-prelci-priesrukai-priesrukiniai-zibintai-m-mtech-tamsinti-1.webp","contentUrl":"https:\/\/erformance.eu\/wp-content\/uploads\/2025\/06\/bmw-e60-e61-lci-prelci-priesrukai-priesrukiniai-zibintai-m-mtech-tamsinti-1.webp","width":1080,"height":1080,"caption":"bmw e60 e61 prie\u0161r\u016bkiniai \u017eibintai tamsinti lci ir pre lci M bamperio M tech M sport komplektas i\u0161 priekio"},{"@type":"BreadcrumbList","@id":"https:\/\/erformance.eu\/et\/toode\/bmw-e60-e61-priesrukiniai-zibintai-m-tech-bamperiui-tamsinti\/#breadcrumb","itemListElement":[{"@type":"ListItem","position":1,"name":"Home","item":"https:\/\/erformance.eu\/et\/"},{"@type":"ListItem","position":2,"name":"Pood","item":"https:\/\/erformance.eu\/et\/pood\/"},{"@type":"ListItem","position":3,"name":"BMW E60 E61 Prie\u0161r\u016bkiniai \u017eibintai M-Tech bamperiui, tamsinti"}]},{"@type":"WebSite","@id":"https:\/\/erformance.eu\/et\/#website","url":"https:\/\/erformance.eu\/et\/","name":"Erformance.eu","description":"Automobili\u0173 dali\u0173 parduotuv\u0117","potentialAction":[{"@type":"SearchAction","target":{"@type":"EntryPoint","urlTemplate":"https:\/\/erformance.eu\/et\/?s={search_term_string}"},"query-input":{"@type":"PropertyValueSpecification","valueRequired":true,"valueName":"search_term_string"}}],"inLanguage":"et"}]}},"jetpack_sharing_enabled":true,"_links":{"self":[{"href":"https:\/\/erformance.eu\/et\/wp-json\/wp\/v2\/product\/28680","targetHints":{"allow":["GET"]}}],"collection":[{"href":"https:\/\/erformance.eu\/et\/wp-json\/wp\/v2\/product"}],"about":[{"href":"https:\/\/erformance.eu\/et\/wp-json\/wp\/v2\/types\/product"}],"replies":[{"embeddable":true,"href":"https:\/\/erformance.eu\/et\/wp-json\/wp\/v2\/comments?post=28680"}],"version-history":[{"count":2,"href":"https:\/\/erformance.eu\/et\/wp-json\/wp\/v2\/product\/28680\/revisions"}],"predecessor-version":[{"id":65811,"href":"https:\/\/erformance.eu\/et\/wp-json\/wp\/v2\/product\/28680\/revisions\/65811"}],"wp:featuredmedia":[{"embeddable":true,"href":"https:\/\/erformance.eu\/et\/wp-json\/wp\/v2\/media\/28681"}],"wp:attachment":[{"href":"https:\/\/erformance.eu\/et\/wp-json\/wp\/v2\/media?parent=28680"}],"wp:term":[{"taxonomy":"product_brand","embeddable":true,"href":"https:\/\/erformance.eu\/et\/wp-json\/wp\/v2\/product_brand?post=28680"},{"taxonomy":"product_cat","embeddable":true,"href":"https:\/\/erformance.eu\/et\/wp-json\/wp\/v2\/product_cat?post=28680"},{"taxonomy":"product_tag","embeddable":true,"href":"https:\/\/erformance.eu\/et\/wp-json\/wp\/v2\/product_tag?post=28680"}],"curies":[{"name":"wp","href":"https:\/\/api.w.org\/{rel}","templated":true}]}}