{"id":28695,"date":"2025-06-17T02:32:37","date_gmt":"2025-06-16T23:32:37","guid":{"rendered":"https:\/\/erformance.eu\/?post_type=product&#038;p=28695"},"modified":"2026-04-11T16:04:23","modified_gmt":"2026-04-11T13:04:23","slug":"bmw-e60-e61-e63-e64-radijo-mygtukas-juodas","status":"publish","type":"product","link":"https:\/\/erformance.eu\/et\/toode\/bmw-e60-e61-e63-e64-radijo-mygtukas-juodas\/","title":{"rendered":"BMW E60 E61 E63 E64 radijo mygtukas, juodas"},"content":{"rendered":"<p class=\"ai-optimize-33 ai-optimize-introduction\"><strong>Prek\u0117s pavadinimas:<\/strong><\/p>\n<ul>\n<li class=\"ai-optimize-33 ai-optimize-introduction\">BMW E60 E61 E63 E64 radijo mygtukas PRE LCI modeliams.<\/li>\n<\/ul>\n<p class=\"ai-optimize-26\"><strong>Komplekt\u0105 sudaro:<\/strong><\/p>\n<ul>\n<li class=\"ai-optimize-25\">1 vnt. BMW radijo mygtukas.<\/li>\n<\/ul>\n<p class=\"ai-optimize-36\"><strong>Savyb\u0117s:<\/strong><\/p>\n<ul>\n<li class=\"ai-optimize-29\">Auk\u0161tos kokyb\u0117s original\u0105 atitinkanti dalis.<\/li>\n<li class=\"ai-optimize-32\">Lengvas montavimas, laikikliai atitinka originalias vietas.<\/li>\n<li class=\"ai-optimize-44\">Tinka PRE LCI modeliams su MASK 1 ir CCC multimedijomis.<\/li>\n<\/ul>\n<p class=\"ai-optimize-38\"><strong>Tinkamumas:<\/strong><\/p>\n<ul>\n<li class=\"ai-optimize-30\"><strong>BMW E60 5 serija,<\/strong> 2004-2007.<\/li>\n<li class=\"ai-optimize-31\"><strong>BMW E61 5 serija,<\/strong> 2004-2007.<\/li>\n<li class=\"ai-optimize-32\"><b>BMW E63 6 serija, <\/b>2004-2007.<\/li>\n<li class=\"ai-optimize-26\"><strong>BMW E64 6 serija,<\/strong> 2004-2007.<\/li>\n<\/ul>\n<p class=\"ai-optimize-41\">Atnaujinkite automobilio i\u0161vaizd\u0105 ir suteikite agresyv\u0173, bei modern\u0173 stili\u0173.<\/p>\n<p class=\"ai-optimize-42\">Erformance.eu elektronin\u0117je parduotuv\u0117je rasite \u012fvairi\u0173 preki\u0173 savo\u00a0<a href=\"https:\/\/erformance.eu\/produkto-kategorija\/bmw\/\">BMW\u00a0<\/a>\u00a0automobiliui. Nuo smulkiausi\u0173 pried\u0173 iki tiuning dali\u0173 plataus pasirinkimo.<\/p>\n<p class=\"ai-optimize-29\">Prek\u0117 laikoma tiek\u0117j\u0173 sand\u0117lyje Europoje, tod\u0117l galime garantuoti greit\u0105 pristatymo laik\u0105 ( 3-5 darbo dienas).<\/p>\n","protected":false},"excerpt":{"rendered":"<h5 class=\"ai-optimize-29\">BMW E60 E61 E63 E64 radijo mygtukas<\/h5>\n","protected":false},"featured_media":28696,"comment_status":"open","ping_status":"closed","template":"","meta":[],"product_brand":[],"product_cat":[50,53],"product_tag":[],"class_list":{"0":"post-28695","1":"product","2":"type-product","3":"status-publish","4":"has-post-thumbnail","6":"product_cat-e60-e61","7":"product_cat-e63-e64","9":"first","10":"instock","11":"shipping-taxable","12":"purchasable","13":"product-type-simple"},"yoast_head":"<!-- This site is optimized with the Yoast SEO Premium plugin v25.2 (Yoast SEO v27.4) - https:\/\/yoast.com\/product\/yoast-seo-premium-wordpress\/ -->\n<title>BMW E60 E61 E63 E64 radijo mygtukas, juodas - Erformance.eu<\/title>\n<meta name=\"description\" content=\"BMW E60 E61 E63 E64 radijo mygtukas. Tinka PRE LCI modeliams su Mask 1 ir CCC multimedijomis. Auk\u0161tos kokyb\u0117s, juodos spalvos radijos reguliavimo mygtukas.\" \/>\n<meta name=\"robots\" content=\"index, follow, max-snippet:-1, max-image-preview:large, max-video-preview:-1\" \/>\n<link rel=\"canonical\" href=\"https:\/\/erformance.eu\/et\/toode\/bmw-e60-e61-e63-e64-radijo-mygtukas-juodas\/\" \/>\n<meta property=\"og:locale\" content=\"et_EE\" \/>\n<meta property=\"og:type\" content=\"article\" \/>\n<meta property=\"og:title\" content=\"BMW E60 E61 E63 E64 radijo mygtukas, juodas\" \/>\n<meta property=\"og:description\" content=\"BMW E60 E61 E63 E64 radijo mygtukas. Tinka PRE LCI modeliams su Mask 1 ir CCC multimedijomis. Auk\u0161tos kokyb\u0117s, juodos spalvos radijos reguliavimo mygtukas.\" \/>\n<meta property=\"og:url\" content=\"https:\/\/erformance.eu\/et\/toode\/bmw-e60-e61-e63-e64-radijo-mygtukas-juodas\/\" \/>\n<meta property=\"og:site_name\" content=\"Erformance.eu\" \/>\n<meta property=\"article:modified_time\" content=\"2026-04-11T13:04:23+00:00\" \/>\n<meta property=\"og:image\" content=\"https:\/\/erformance.eu\/wp-content\/uploads\/2025\/06\/bmw-e60-e61-e63-e64-radijo-mygtukas-1.webp\" \/>\n\t<meta property=\"og:image:width\" content=\"1080\" \/>\n\t<meta property=\"og:image:height\" content=\"1080\" \/>\n\t<meta property=\"og:image:type\" content=\"image\/webp\" \/>\n<meta name=\"twitter:card\" content=\"summary_large_image\" \/>\n<meta name=\"twitter:label1\" content=\"Est. reading time\" \/>\n\t<meta name=\"twitter:data1\" content=\"1 minut\" \/>\n<script type=\"application\/ld+json\" class=\"yoast-schema-graph\">{\"@context\":\"https:\\\/\\\/schema.org\",\"@graph\":[{\"@type\":\"WebPage\",\"@id\":\"https:\\\/\\\/erformance.eu\\\/et\\\/toode\\\/bmw-e60-e61-e63-e64-radijo-mygtukas-juodas\\\/\",\"url\":\"https:\\\/\\\/erformance.eu\\\/et\\\/toode\\\/bmw-e60-e61-e63-e64-radijo-mygtukas-juodas\\\/\",\"name\":\"BMW E60 E61 E63 E64 radijo mygtukas, juodas - Erformance.eu\",\"isPartOf\":{\"@id\":\"https:\\\/\\\/erformance.eu\\\/et\\\/#website\"},\"primaryImageOfPage\":{\"@id\":\"https:\\\/\\\/erformance.eu\\\/et\\\/toode\\\/bmw-e60-e61-e63-e64-radijo-mygtukas-juodas\\\/#primaryimage\"},\"image\":{\"@id\":\"https:\\\/\\\/erformance.eu\\\/et\\\/toode\\\/bmw-e60-e61-e63-e64-radijo-mygtukas-juodas\\\/#primaryimage\"},\"thumbnailUrl\":\"https:\\\/\\\/erformance.eu\\\/wp-content\\\/uploads\\\/2025\\\/06\\\/bmw-e60-e61-e63-e64-radijo-mygtukas-1.webp\",\"datePublished\":\"2025-06-16T23:32:37+00:00\",\"dateModified\":\"2026-04-11T13:04:23+00:00\",\"description\":\"BMW E60 E61 E63 E64 radijo mygtukas. Tinka PRE LCI modeliams su Mask 1 ir CCC multimedijomis. Auk\u0161tos kokyb\u0117s, juodos spalvos radijos reguliavimo mygtukas.\",\"breadcrumb\":{\"@id\":\"https:\\\/\\\/erformance.eu\\\/et\\\/toode\\\/bmw-e60-e61-e63-e64-radijo-mygtukas-juodas\\\/#breadcrumb\"},\"inLanguage\":\"et\",\"potentialAction\":[{\"@type\":\"ReadAction\",\"target\":[\"https:\\\/\\\/erformance.eu\\\/et\\\/toode\\\/bmw-e60-e61-e63-e64-radijo-mygtukas-juodas\\\/\"]}]},{\"@type\":\"ImageObject\",\"inLanguage\":\"et\",\"@id\":\"https:\\\/\\\/erformance.eu\\\/et\\\/toode\\\/bmw-e60-e61-e63-e64-radijo-mygtukas-juodas\\\/#primaryimage\",\"url\":\"https:\\\/\\\/erformance.eu\\\/wp-content\\\/uploads\\\/2025\\\/06\\\/bmw-e60-e61-e63-e64-radijo-mygtukas-1.webp\",\"contentUrl\":\"https:\\\/\\\/erformance.eu\\\/wp-content\\\/uploads\\\/2025\\\/06\\\/bmw-e60-e61-e63-e64-radijo-mygtukas-1.webp\",\"width\":1080,\"height\":1080,\"caption\":\"bmw e60 e61 e63 e64 radijo mygtukas mask1 ccc pagrindin\u0117\"},{\"@type\":\"BreadcrumbList\",\"@id\":\"https:\\\/\\\/erformance.eu\\\/et\\\/toode\\\/bmw-e60-e61-e63-e64-radijo-mygtukas-juodas\\\/#breadcrumb\",\"itemListElement\":[{\"@type\":\"ListItem\",\"position\":1,\"name\":\"Home\",\"item\":\"https:\\\/\\\/erformance.eu\\\/et\\\/\"},{\"@type\":\"ListItem\",\"position\":2,\"name\":\"Pood\",\"item\":\"https:\\\/\\\/erformance.eu\\\/et\\\/pood\\\/\"},{\"@type\":\"ListItem\",\"position\":3,\"name\":\"BMW E60 E61 E63 E64 radijo mygtukas, juodas\"}]},{\"@type\":\"WebSite\",\"@id\":\"https:\\\/\\\/erformance.eu\\\/et\\\/#website\",\"url\":\"https:\\\/\\\/erformance.eu\\\/et\\\/\",\"name\":\"Erformance.eu\",\"description\":\"Automobili\u0173 dali\u0173 parduotuv\u0117\",\"potentialAction\":[{\"@type\":\"SearchAction\",\"target\":{\"@type\":\"EntryPoint\",\"urlTemplate\":\"https:\\\/\\\/erformance.eu\\\/et\\\/?s={search_term_string}\"},\"query-input\":{\"@type\":\"PropertyValueSpecification\",\"valueRequired\":true,\"valueName\":\"search_term_string\"}}],\"inLanguage\":\"et\"}]}<\/script>\n<!-- \/ Yoast SEO Premium plugin. -->","yoast_head_json":{"title":"BMW E60 E61 E63 E64 radijo mygtukas, juodas - Erformance.eu","description":"BMW E60 E61 E63 E64 radijo mygtukas. Tinka PRE LCI modeliams su Mask 1 ir CCC multimedijomis. Auk\u0161tos kokyb\u0117s, juodos spalvos radijos reguliavimo mygtukas.","robots":{"index":"index","follow":"follow","max-snippet":"max-snippet:-1","max-image-preview":"max-image-preview:large","max-video-preview":"max-video-preview:-1"},"canonical":"https:\/\/erformance.eu\/et\/toode\/bmw-e60-e61-e63-e64-radijo-mygtukas-juodas\/","og_locale":"et_EE","og_type":"article","og_title":"BMW E60 E61 E63 E64 radijo mygtukas, juodas","og_description":"BMW E60 E61 E63 E64 radijo mygtukas. Tinka PRE LCI modeliams su Mask 1 ir CCC multimedijomis. Auk\u0161tos kokyb\u0117s, juodos spalvos radijos reguliavimo mygtukas.","og_url":"https:\/\/erformance.eu\/et\/toode\/bmw-e60-e61-e63-e64-radijo-mygtukas-juodas\/","og_site_name":"Erformance.eu","article_modified_time":"2026-04-11T13:04:23+00:00","og_image":[{"width":1080,"height":1080,"url":"https:\/\/erformance.eu\/wp-content\/uploads\/2025\/06\/bmw-e60-e61-e63-e64-radijo-mygtukas-1.webp","type":"image\/webp"}],"twitter_card":"summary_large_image","twitter_misc":{"Est. reading time":"1 minut"},"schema":{"@context":"https:\/\/schema.org","@graph":[{"@type":"WebPage","@id":"https:\/\/erformance.eu\/et\/toode\/bmw-e60-e61-e63-e64-radijo-mygtukas-juodas\/","url":"https:\/\/erformance.eu\/et\/toode\/bmw-e60-e61-e63-e64-radijo-mygtukas-juodas\/","name":"BMW E60 E61 E63 E64 radijo mygtukas, juodas - Erformance.eu","isPartOf":{"@id":"https:\/\/erformance.eu\/et\/#website"},"primaryImageOfPage":{"@id":"https:\/\/erformance.eu\/et\/toode\/bmw-e60-e61-e63-e64-radijo-mygtukas-juodas\/#primaryimage"},"image":{"@id":"https:\/\/erformance.eu\/et\/toode\/bmw-e60-e61-e63-e64-radijo-mygtukas-juodas\/#primaryimage"},"thumbnailUrl":"https:\/\/erformance.eu\/wp-content\/uploads\/2025\/06\/bmw-e60-e61-e63-e64-radijo-mygtukas-1.webp","datePublished":"2025-06-16T23:32:37+00:00","dateModified":"2026-04-11T13:04:23+00:00","description":"BMW E60 E61 E63 E64 radijo mygtukas. Tinka PRE LCI modeliams su Mask 1 ir CCC multimedijomis. Auk\u0161tos kokyb\u0117s, juodos spalvos radijos reguliavimo mygtukas.","breadcrumb":{"@id":"https:\/\/erformance.eu\/et\/toode\/bmw-e60-e61-e63-e64-radijo-mygtukas-juodas\/#breadcrumb"},"inLanguage":"et","potentialAction":[{"@type":"ReadAction","target":["https:\/\/erformance.eu\/et\/toode\/bmw-e60-e61-e63-e64-radijo-mygtukas-juodas\/"]}]},{"@type":"ImageObject","inLanguage":"et","@id":"https:\/\/erformance.eu\/et\/toode\/bmw-e60-e61-e63-e64-radijo-mygtukas-juodas\/#primaryimage","url":"https:\/\/erformance.eu\/wp-content\/uploads\/2025\/06\/bmw-e60-e61-e63-e64-radijo-mygtukas-1.webp","contentUrl":"https:\/\/erformance.eu\/wp-content\/uploads\/2025\/06\/bmw-e60-e61-e63-e64-radijo-mygtukas-1.webp","width":1080,"height":1080,"caption":"bmw e60 e61 e63 e64 radijo mygtukas mask1 ccc pagrindin\u0117"},{"@type":"BreadcrumbList","@id":"https:\/\/erformance.eu\/et\/toode\/bmw-e60-e61-e63-e64-radijo-mygtukas-juodas\/#breadcrumb","itemListElement":[{"@type":"ListItem","position":1,"name":"Home","item":"https:\/\/erformance.eu\/et\/"},{"@type":"ListItem","position":2,"name":"Pood","item":"https:\/\/erformance.eu\/et\/pood\/"},{"@type":"ListItem","position":3,"name":"BMW E60 E61 E63 E64 radijo mygtukas, juodas"}]},{"@type":"WebSite","@id":"https:\/\/erformance.eu\/et\/#website","url":"https:\/\/erformance.eu\/et\/","name":"Erformance.eu","description":"Automobili\u0173 dali\u0173 parduotuv\u0117","potentialAction":[{"@type":"SearchAction","target":{"@type":"EntryPoint","urlTemplate":"https:\/\/erformance.eu\/et\/?s={search_term_string}"},"query-input":{"@type":"PropertyValueSpecification","valueRequired":true,"valueName":"search_term_string"}}],"inLanguage":"et"}]}},"jetpack_sharing_enabled":true,"_links":{"self":[{"href":"https:\/\/erformance.eu\/et\/wp-json\/wp\/v2\/product\/28695","targetHints":{"allow":["GET"]}}],"collection":[{"href":"https:\/\/erformance.eu\/et\/wp-json\/wp\/v2\/product"}],"about":[{"href":"https:\/\/erformance.eu\/et\/wp-json\/wp\/v2\/types\/product"}],"replies":[{"embeddable":true,"href":"https:\/\/erformance.eu\/et\/wp-json\/wp\/v2\/comments?post=28695"}],"version-history":[{"count":1,"href":"https:\/\/erformance.eu\/et\/wp-json\/wp\/v2\/product\/28695\/revisions"}],"predecessor-version":[{"id":28698,"href":"https:\/\/erformance.eu\/et\/wp-json\/wp\/v2\/product\/28695\/revisions\/28698"}],"wp:featuredmedia":[{"embeddable":true,"href":"https:\/\/erformance.eu\/et\/wp-json\/wp\/v2\/media\/28696"}],"wp:attachment":[{"href":"https:\/\/erformance.eu\/et\/wp-json\/wp\/v2\/media?parent=28695"}],"wp:term":[{"taxonomy":"product_brand","embeddable":true,"href":"https:\/\/erformance.eu\/et\/wp-json\/wp\/v2\/product_brand?post=28695"},{"taxonomy":"product_cat","embeddable":true,"href":"https:\/\/erformance.eu\/et\/wp-json\/wp\/v2\/product_cat?post=28695"},{"taxonomy":"product_tag","embeddable":true,"href":"https:\/\/erformance.eu\/et\/wp-json\/wp\/v2\/product_tag?post=28695"}],"curies":[{"name":"wp","href":"https:\/\/api.w.org\/{rel}","templated":true}]}}