{"id":28925,"date":"2025-07-16T23:24:21","date_gmt":"2025-07-16T20:24:21","guid":{"rendered":"https:\/\/erformance.eu\/?post_type=product&#038;p=28925"},"modified":"2026-05-01T09:33:30","modified_gmt":"2026-05-01T06:33:30","slug":"bmw-e39-m-tech-priekinis-bamperis-97-03-be-pdc","status":"publish","type":"product","link":"https:\/\/erformance.eu\/et\/toode\/bmw-e39-m-tech-priekinis-bamperis-97-03-be-pdc\/","title":{"rendered":"BMW E39 M Tech priekinis bamperis (97-03), be PDC"},"content":{"rendered":"<ul>\n<li class=\"ai-optimize-32 ai-optimize-introduction\">BMW E39 M Tech priekinis bamperis sedanui\/universalui.<\/li>\n<\/ul>\n<p class=\"ai-optimize-26\"><strong>Komplekt\u0105 sudaro:<\/strong><\/p>\n<ul>\n<li class=\"ai-optimize-25\">1 vnt. BMW E39 M Tech bamperis (gruntuotas).<\/li>\n<li class=\"ai-optimize-35\">2 vnt. prie\u0161r\u016bkini\u0173 \u017eibint\u0173 r\u0117meliai juodi blizg\u016bs.<\/li>\n<li class=\"ai-optimize-36\">1 vnt. centrin\u0117 bamperio grotel\u0117 juoda matin\u0117.<\/li>\n<li class=\"ai-optimize-30\">Moldingai (apdailos).<\/li>\n<li class=\"ai-optimize-31\">Tempimo kilpos dangtelis.<\/li>\n<\/ul>\n<p class=\"ai-optimize-35\"><strong>Spalva:<\/strong><\/p>\n<ul>\n<li class=\"ai-optimize-35\">tamsiai pilka\/melsva (gruntuota)<\/li>\n<\/ul>\n<p class=\"ai-optimize-36\"><strong>Savyb\u0117s:<\/strong><\/p>\n<ul>\n<li class=\"ai-optimize-29\">BMW E39 M tech priekinis bamperis pagamintas i\u0161 auk\u0161tos kokyb\u0117s med\u017eiag\u0173 (polipropilenas).<\/li>\n<li class=\"ai-optimize-30\">Tvirti, auk\u0161tos kokyb\u0117s laikikliai.<\/li>\n<li class=\"ai-optimize-32\">Lengvas montavimas, laikikliai atitinka originalias vietas.<\/li>\n<li class=\"ai-optimize-31\">\u0160is bamperis tinka LCI ir PRE LCI E39 sedano\/universalo modeliams.<\/li>\n<li class=\"ai-optimize-40\">Neturi PDC skyli\u0173.<\/li>\n<\/ul>\n<p class=\"ai-optimize-38\"><strong>Tinkamumas:<\/strong><\/p>\n<ul>\n<li class=\"ai-optimize-31\"><strong>BMW E39 5 serija sedanas<\/strong>, 1997-2003.<\/li>\n<li class=\"ai-optimize-27\"><strong>BMW E39 5 serija universalas,<\/strong> 1997-2003.<\/li>\n<\/ul>\n<p class=\"ai-optimize-41\">Atnaujinkite automobilio i\u0161vaizd\u0105 ir suteikite agresyv\u0173, bei modern\u0173 stili\u0173.<\/p>\n<p class=\"ai-optimize-42\">Erformance.eu elektronin\u0117je parduotuv\u0117je rasite \u012fvairi\u0173 preki\u0173 savo\u00a0<a href=\"https:\/\/erformance.eu\/produkto-kategorija\/bmw\/5-serija\/e39\/\">BMW E39 LCI ir PRE LCI<\/a>\u00a0automobiliui. Nuo smulkiausi\u0173 pried\u0173 iki tiuning dali\u0173 plataus pasirinkimo.<\/p>\n<p class=\"ai-optimize-29\">Prek\u0117 u\u017esakoma individualiai tiesiai i\u0161 gamintojo, tod\u0117l galime garantuoti kokyb\u0119 ir tinkamum\u0105 (7-14 darbo dienos).<\/p>\n","protected":false},"excerpt":{"rendered":"<h5>BMW E39 M bamperis LCI &#8211; PRE LCI<\/h5>\n","protected":false},"featured_media":28939,"comment_status":"open","ping_status":"closed","template":"","meta":[],"product_brand":[],"product_cat":[49],"product_tag":[],"class_list":{"0":"post-28925","1":"product","2":"type-product","3":"status-publish","4":"has-post-thumbnail","6":"product_cat-e39","8":"first","9":"outofstock","10":"sale","11":"shipping-taxable","12":"purchasable","13":"product-type-simple"},"yoast_head":"<!-- This site is optimized with the Yoast SEO Premium plugin v25.2 (Yoast SEO v27.4) - https:\/\/yoast.com\/product\/yoast-seo-premium-wordpress\/ -->\n<title>BMW E39 M Tech priekinis bamperis (97-03), be PDC - Erformance.eu<\/title>\n<meta name=\"description\" content=\"BMW E39 M Tech priekinis bamperis. Tinka LCI ir PRE LCI modeliams be PDC skyli\u0173. Neturi apiplovim\u0173 skyli\u0173. Gruntuotas, auk\u0161tos kokyb\u0117s M bamperis.\" \/>\n<meta name=\"robots\" content=\"index, follow, max-snippet:-1, max-image-preview:large, max-video-preview:-1\" \/>\n<link rel=\"canonical\" href=\"https:\/\/erformance.eu\/et\/toode\/bmw-e39-m-tech-priekinis-bamperis-97-03-be-pdc\/\" \/>\n<meta property=\"og:locale\" content=\"et_EE\" \/>\n<meta property=\"og:type\" content=\"article\" \/>\n<meta property=\"og:title\" content=\"BMW E39 M Tech priekinis bamperis (97-03), be PDC\" \/>\n<meta property=\"og:description\" content=\"BMW E39 M Tech priekinis bamperis. Tinka LCI ir PRE LCI modeliams be PDC skyli\u0173. Neturi apiplovim\u0173 skyli\u0173. Gruntuotas, auk\u0161tos kokyb\u0117s M bamperis.\" \/>\n<meta property=\"og:url\" content=\"https:\/\/erformance.eu\/et\/toode\/bmw-e39-m-tech-priekinis-bamperis-97-03-be-pdc\/\" \/>\n<meta property=\"og:site_name\" content=\"Erformance.eu\" \/>\n<meta property=\"article:modified_time\" content=\"2026-05-01T06:33:30+00:00\" \/>\n<meta property=\"og:image\" content=\"https:\/\/erformance.eu\/wp-content\/uploads\/2025\/07\/bmw-e39-m-tech-priekinis-bamperis.webp\" \/>\n\t<meta property=\"og:image:width\" content=\"1080\" \/>\n\t<meta property=\"og:image:height\" content=\"1080\" \/>\n\t<meta property=\"og:image:type\" content=\"image\/webp\" \/>\n<meta name=\"twitter:card\" content=\"summary_large_image\" \/>\n<meta name=\"twitter:label1\" content=\"Est. reading time\" \/>\n\t<meta name=\"twitter:data1\" content=\"1 minut\" \/>\n<script type=\"application\/ld+json\" class=\"yoast-schema-graph\">{\"@context\":\"https:\\\/\\\/schema.org\",\"@graph\":[{\"@type\":\"WebPage\",\"@id\":\"https:\\\/\\\/erformance.eu\\\/et\\\/toode\\\/bmw-e39-m-tech-priekinis-bamperis-97-03-be-pdc\\\/\",\"url\":\"https:\\\/\\\/erformance.eu\\\/et\\\/toode\\\/bmw-e39-m-tech-priekinis-bamperis-97-03-be-pdc\\\/\",\"name\":\"BMW E39 M Tech priekinis bamperis (97-03), be PDC - Erformance.eu\",\"isPartOf\":{\"@id\":\"https:\\\/\\\/erformance.eu\\\/et\\\/#website\"},\"primaryImageOfPage\":{\"@id\":\"https:\\\/\\\/erformance.eu\\\/et\\\/toode\\\/bmw-e39-m-tech-priekinis-bamperis-97-03-be-pdc\\\/#primaryimage\"},\"image\":{\"@id\":\"https:\\\/\\\/erformance.eu\\\/et\\\/toode\\\/bmw-e39-m-tech-priekinis-bamperis-97-03-be-pdc\\\/#primaryimage\"},\"thumbnailUrl\":\"https:\\\/\\\/erformance.eu\\\/wp-content\\\/uploads\\\/2025\\\/07\\\/bmw-e39-m-tech-priekinis-bamperis.webp\",\"datePublished\":\"2025-07-16T20:24:21+00:00\",\"dateModified\":\"2026-05-01T06:33:30+00:00\",\"description\":\"BMW E39 M Tech priekinis bamperis. Tinka LCI ir PRE LCI modeliams be PDC skyli\u0173. Neturi apiplovim\u0173 skyli\u0173. Gruntuotas, auk\u0161tos kokyb\u0117s M bamperis.\",\"breadcrumb\":{\"@id\":\"https:\\\/\\\/erformance.eu\\\/et\\\/toode\\\/bmw-e39-m-tech-priekinis-bamperis-97-03-be-pdc\\\/#breadcrumb\"},\"inLanguage\":\"et\",\"potentialAction\":[{\"@type\":\"ReadAction\",\"target\":[\"https:\\\/\\\/erformance.eu\\\/et\\\/toode\\\/bmw-e39-m-tech-priekinis-bamperis-97-03-be-pdc\\\/\"]}]},{\"@type\":\"ImageObject\",\"inLanguage\":\"et\",\"@id\":\"https:\\\/\\\/erformance.eu\\\/et\\\/toode\\\/bmw-e39-m-tech-priekinis-bamperis-97-03-be-pdc\\\/#primaryimage\",\"url\":\"https:\\\/\\\/erformance.eu\\\/wp-content\\\/uploads\\\/2025\\\/07\\\/bmw-e39-m-tech-priekinis-bamperis.webp\",\"contentUrl\":\"https:\\\/\\\/erformance.eu\\\/wp-content\\\/uploads\\\/2025\\\/07\\\/bmw-e39-m-tech-priekinis-bamperis.webp\",\"width\":1080,\"height\":1080,\"caption\":\"bmw e39 m tech priekinis bamperis pilnas lci ir pre lci m pak\"},{\"@type\":\"BreadcrumbList\",\"@id\":\"https:\\\/\\\/erformance.eu\\\/et\\\/toode\\\/bmw-e39-m-tech-priekinis-bamperis-97-03-be-pdc\\\/#breadcrumb\",\"itemListElement\":[{\"@type\":\"ListItem\",\"position\":1,\"name\":\"Home\",\"item\":\"https:\\\/\\\/erformance.eu\\\/et\\\/\"},{\"@type\":\"ListItem\",\"position\":2,\"name\":\"Pood\",\"item\":\"https:\\\/\\\/erformance.eu\\\/et\\\/pood\\\/\"},{\"@type\":\"ListItem\",\"position\":3,\"name\":\"BMW E39 M Tech priekinis bamperis (97-03), be PDC\"}]},{\"@type\":\"WebSite\",\"@id\":\"https:\\\/\\\/erformance.eu\\\/et\\\/#website\",\"url\":\"https:\\\/\\\/erformance.eu\\\/et\\\/\",\"name\":\"Erformance.eu\",\"description\":\"Automobili\u0173 dali\u0173 parduotuv\u0117\",\"potentialAction\":[{\"@type\":\"SearchAction\",\"target\":{\"@type\":\"EntryPoint\",\"urlTemplate\":\"https:\\\/\\\/erformance.eu\\\/et\\\/?s={search_term_string}\"},\"query-input\":{\"@type\":\"PropertyValueSpecification\",\"valueRequired\":true,\"valueName\":\"search_term_string\"}}],\"inLanguage\":\"et\"}]}<\/script>\n<!-- \/ Yoast SEO Premium plugin. -->","yoast_head_json":{"title":"BMW E39 M Tech priekinis bamperis (97-03), be PDC - Erformance.eu","description":"BMW E39 M Tech priekinis bamperis. Tinka LCI ir PRE LCI modeliams be PDC skyli\u0173. Neturi apiplovim\u0173 skyli\u0173. Gruntuotas, auk\u0161tos kokyb\u0117s M bamperis.","robots":{"index":"index","follow":"follow","max-snippet":"max-snippet:-1","max-image-preview":"max-image-preview:large","max-video-preview":"max-video-preview:-1"},"canonical":"https:\/\/erformance.eu\/et\/toode\/bmw-e39-m-tech-priekinis-bamperis-97-03-be-pdc\/","og_locale":"et_EE","og_type":"article","og_title":"BMW E39 M Tech priekinis bamperis (97-03), be PDC","og_description":"BMW E39 M Tech priekinis bamperis. Tinka LCI ir PRE LCI modeliams be PDC skyli\u0173. Neturi apiplovim\u0173 skyli\u0173. Gruntuotas, auk\u0161tos kokyb\u0117s M bamperis.","og_url":"https:\/\/erformance.eu\/et\/toode\/bmw-e39-m-tech-priekinis-bamperis-97-03-be-pdc\/","og_site_name":"Erformance.eu","article_modified_time":"2026-05-01T06:33:30+00:00","og_image":[{"width":1080,"height":1080,"url":"https:\/\/erformance.eu\/wp-content\/uploads\/2025\/07\/bmw-e39-m-tech-priekinis-bamperis.webp","type":"image\/webp"}],"twitter_card":"summary_large_image","twitter_misc":{"Est. reading time":"1 minut"},"schema":{"@context":"https:\/\/schema.org","@graph":[{"@type":"WebPage","@id":"https:\/\/erformance.eu\/et\/toode\/bmw-e39-m-tech-priekinis-bamperis-97-03-be-pdc\/","url":"https:\/\/erformance.eu\/et\/toode\/bmw-e39-m-tech-priekinis-bamperis-97-03-be-pdc\/","name":"BMW E39 M Tech priekinis bamperis (97-03), be PDC - Erformance.eu","isPartOf":{"@id":"https:\/\/erformance.eu\/et\/#website"},"primaryImageOfPage":{"@id":"https:\/\/erformance.eu\/et\/toode\/bmw-e39-m-tech-priekinis-bamperis-97-03-be-pdc\/#primaryimage"},"image":{"@id":"https:\/\/erformance.eu\/et\/toode\/bmw-e39-m-tech-priekinis-bamperis-97-03-be-pdc\/#primaryimage"},"thumbnailUrl":"https:\/\/erformance.eu\/wp-content\/uploads\/2025\/07\/bmw-e39-m-tech-priekinis-bamperis.webp","datePublished":"2025-07-16T20:24:21+00:00","dateModified":"2026-05-01T06:33:30+00:00","description":"BMW E39 M Tech priekinis bamperis. Tinka LCI ir PRE LCI modeliams be PDC skyli\u0173. Neturi apiplovim\u0173 skyli\u0173. Gruntuotas, auk\u0161tos kokyb\u0117s M bamperis.","breadcrumb":{"@id":"https:\/\/erformance.eu\/et\/toode\/bmw-e39-m-tech-priekinis-bamperis-97-03-be-pdc\/#breadcrumb"},"inLanguage":"et","potentialAction":[{"@type":"ReadAction","target":["https:\/\/erformance.eu\/et\/toode\/bmw-e39-m-tech-priekinis-bamperis-97-03-be-pdc\/"]}]},{"@type":"ImageObject","inLanguage":"et","@id":"https:\/\/erformance.eu\/et\/toode\/bmw-e39-m-tech-priekinis-bamperis-97-03-be-pdc\/#primaryimage","url":"https:\/\/erformance.eu\/wp-content\/uploads\/2025\/07\/bmw-e39-m-tech-priekinis-bamperis.webp","contentUrl":"https:\/\/erformance.eu\/wp-content\/uploads\/2025\/07\/bmw-e39-m-tech-priekinis-bamperis.webp","width":1080,"height":1080,"caption":"bmw e39 m tech priekinis bamperis pilnas lci ir pre lci m pak"},{"@type":"BreadcrumbList","@id":"https:\/\/erformance.eu\/et\/toode\/bmw-e39-m-tech-priekinis-bamperis-97-03-be-pdc\/#breadcrumb","itemListElement":[{"@type":"ListItem","position":1,"name":"Home","item":"https:\/\/erformance.eu\/et\/"},{"@type":"ListItem","position":2,"name":"Pood","item":"https:\/\/erformance.eu\/et\/pood\/"},{"@type":"ListItem","position":3,"name":"BMW E39 M Tech priekinis bamperis (97-03), be PDC"}]},{"@type":"WebSite","@id":"https:\/\/erformance.eu\/et\/#website","url":"https:\/\/erformance.eu\/et\/","name":"Erformance.eu","description":"Automobili\u0173 dali\u0173 parduotuv\u0117","potentialAction":[{"@type":"SearchAction","target":{"@type":"EntryPoint","urlTemplate":"https:\/\/erformance.eu\/et\/?s={search_term_string}"},"query-input":{"@type":"PropertyValueSpecification","valueRequired":true,"valueName":"search_term_string"}}],"inLanguage":"et"}]}},"jetpack_sharing_enabled":true,"_links":{"self":[{"href":"https:\/\/erformance.eu\/et\/wp-json\/wp\/v2\/product\/28925","targetHints":{"allow":["GET"]}}],"collection":[{"href":"https:\/\/erformance.eu\/et\/wp-json\/wp\/v2\/product"}],"about":[{"href":"https:\/\/erformance.eu\/et\/wp-json\/wp\/v2\/types\/product"}],"replies":[{"embeddable":true,"href":"https:\/\/erformance.eu\/et\/wp-json\/wp\/v2\/comments?post=28925"}],"version-history":[{"count":4,"href":"https:\/\/erformance.eu\/et\/wp-json\/wp\/v2\/product\/28925\/revisions"}],"predecessor-version":[{"id":70591,"href":"https:\/\/erformance.eu\/et\/wp-json\/wp\/v2\/product\/28925\/revisions\/70591"}],"wp:featuredmedia":[{"embeddable":true,"href":"https:\/\/erformance.eu\/et\/wp-json\/wp\/v2\/media\/28939"}],"wp:attachment":[{"href":"https:\/\/erformance.eu\/et\/wp-json\/wp\/v2\/media?parent=28925"}],"wp:term":[{"taxonomy":"product_brand","embeddable":true,"href":"https:\/\/erformance.eu\/et\/wp-json\/wp\/v2\/product_brand?post=28925"},{"taxonomy":"product_cat","embeddable":true,"href":"https:\/\/erformance.eu\/et\/wp-json\/wp\/v2\/product_cat?post=28925"},{"taxonomy":"product_tag","embeddable":true,"href":"https:\/\/erformance.eu\/et\/wp-json\/wp\/v2\/product_tag?post=28925"}],"curies":[{"name":"wp","href":"https:\/\/api.w.org\/{rel}","templated":true}]}}