{"id":28957,"date":"2025-07-21T22:28:59","date_gmt":"2025-07-21T19:28:59","guid":{"rendered":"https:\/\/erformance.eu\/?post_type=product&#038;p=28957"},"modified":"2025-12-02T02:52:15","modified_gmt":"2025-12-01T23:52:15","slug":"bmw-f22-f23-dvigubos-groteles-blizgios-juodos","status":"publish","type":"product","link":"https:\/\/erformance.eu\/et\/toode\/bmw-f22-f23-dvigubos-groteles-blizgios-juodos\/","title":{"rendered":"BMW F22 F23 dvigubos grotel\u0117s, blizgios juodos"},"content":{"rendered":"<ul>\n<li class=\"ai-optimize-36 ai-optimize-introduction\">BMW\u00a0 F22 F23 dvigubos grotel\u0117s, blizgios juodos.<\/li>\n<\/ul>\n<p class=\"ai-optimize-26\"><strong>Komplekt\u0105 sudaro:<\/strong><\/p>\n<ul>\n<li class=\"ai-optimize-25\">2 vnt. dvigub\u0173 juod\u0173 groteli\u0173 (kaire ir de\u0161in\u0117 pus\u0117s).<\/li>\n<\/ul>\n<p class=\"ai-optimize-35\"><strong>Spalva:<\/strong><\/p>\n<ul>\n<li class=\"ai-optimize-35\">blizgi juoda (gloss black).<\/li>\n<\/ul>\n<p class=\"ai-optimize-36\"><strong>Savyb\u0117s:<\/strong><\/p>\n<ul>\n<li class=\"ai-optimize-29\">Dvigubos grotel\u0117s pagamintos i\u0161 tvirto ABS plastiko.<\/li>\n<li class=\"ai-optimize-30\">Tvirti, auk\u0161tos kokyb\u0117s laikikliai.<\/li>\n<li class=\"ai-optimize-31\">Grotel\u0117s padengtos auk\u0161tos kokyb\u0117s da\u017eais, tod\u0117l tarnauja ir i\u0161laiko savo blizges\u012f ilg\u0105 laik\u0105.<\/li>\n<li class=\"ai-optimize-32\">Lengvas montavimas, laikikliai atitinka originalias vietas.<\/li>\n<li class=\"ai-optimize-31\">\u0160ios BMW F22 F23 dvigubos grotel\u0117s tinka standartiniams ir M Tech bamperiams.<\/li>\n<\/ul>\n<p class=\"ai-optimize-38\"><strong>Tinkamumas:<\/strong><\/p>\n<ul>\n<li class=\"ai-optimize-31\"><strong>BMW F22 2 serija<\/strong>, 2012-<\/li>\n<li class=\"ai-optimize-32\"><strong>BMW F23 2 serija,<\/strong> 2014-<\/li>\n<\/ul>\n<p class=\"ai-optimize-41\">Atnaujinkite automobilio i\u0161vaizd\u0105 ir suteikite agresyv\u0173, bei modern\u0173 stili\u0173.<\/p>\n<p class=\"ai-optimize-42\">Erformance.eu elektronin\u0117je parduotuv\u0117je rasite \u012fvairi\u0173 preki\u0173 savo\u00a0<a href=\"https:\/\/erformance.eu\/produkto-kategorija\/bmw\/2-serija\/f22-f23\/\">BMW F22 F23 PRE LCI \u2013 LCI<\/a> automobiliui. Nuo smulkiausi\u0173 pried\u0173 iki tiuning dali\u0173 plataus pasirinkimo.<\/p>\n<p class=\"ai-optimize-29\">Prek\u0117 laikoma tiek\u0117j\u0173 sand\u0117lyje Europoje, tod\u0117l galime garantuoti greit\u0105 pristatymo laik\u0105 ( 3-5 darbo dienas)<\/p>\n","protected":false},"excerpt":{"rendered":"<h5>BMW F22 F23 dvigubos grotel\u0117s<\/h5>\n","protected":false},"featured_media":28958,"comment_status":"open","ping_status":"closed","template":"","meta":[],"product_brand":[],"product_cat":[66],"product_tag":[],"class_list":{"0":"post-28957","1":"product","2":"type-product","3":"status-publish","4":"has-post-thumbnail","6":"product_cat-f22-f23","8":"first","9":"instock","10":"shipping-taxable","11":"purchasable","12":"product-type-simple"},"yoast_head":"<!-- This site is optimized with the Yoast SEO Premium plugin v25.2 (Yoast SEO v27.4) - https:\/\/yoast.com\/product\/yoast-seo-premium-wordpress\/ -->\n<title>BMW F22 F23 dvigubos grotel\u0117s, blizgios juodos - Erformance.eu<\/title>\n<meta name=\"description\" content=\"BMW F22 F23 dvigubos grotel\u0117s. Blizgios juodos (gloss black). Tinka LCI ir PRE LCI 2 serijos modeliams. Auk\u0161tos kokyb\u0117s juodos grotel\u0117s.\" \/>\n<meta name=\"robots\" content=\"index, follow, max-snippet:-1, max-image-preview:large, max-video-preview:-1\" \/>\n<link rel=\"canonical\" href=\"https:\/\/erformance.eu\/et\/toode\/bmw-f22-f23-dvigubos-groteles-blizgios-juodos\/\" \/>\n<meta property=\"og:locale\" content=\"et_EE\" \/>\n<meta property=\"og:type\" content=\"article\" \/>\n<meta property=\"og:title\" content=\"BMW F22 F23 dvigubos grotel\u0117s, blizgios juodos\" \/>\n<meta property=\"og:description\" content=\"BMW F22 F23 dvigubos grotel\u0117s. Blizgios juodos (gloss black). Tinka LCI ir PRE LCI 2 serijos modeliams. Auk\u0161tos kokyb\u0117s juodos grotel\u0117s.\" \/>\n<meta property=\"og:url\" content=\"https:\/\/erformance.eu\/et\/toode\/bmw-f22-f23-dvigubos-groteles-blizgios-juodos\/\" \/>\n<meta property=\"og:site_name\" content=\"Erformance.eu\" \/>\n<meta property=\"article:modified_time\" content=\"2025-12-01T23:52:15+00:00\" \/>\n<meta property=\"og:image\" content=\"https:\/\/erformance.eu\/wp-content\/uploads\/2025\/07\/bmw-f22-f23-dvigubos-juodos-blizgios-groteles-pre-lci-lci-1.webp\" \/>\n\t<meta property=\"og:image:width\" content=\"1080\" \/>\n\t<meta property=\"og:image:height\" content=\"1080\" \/>\n\t<meta property=\"og:image:type\" content=\"image\/webp\" \/>\n<meta name=\"twitter:card\" content=\"summary_large_image\" \/>\n<meta name=\"twitter:label1\" content=\"Est. reading time\" \/>\n\t<meta name=\"twitter:data1\" content=\"1 minut\" \/>\n<script type=\"application\/ld+json\" class=\"yoast-schema-graph\">{\"@context\":\"https:\\\/\\\/schema.org\",\"@graph\":[{\"@type\":\"WebPage\",\"@id\":\"https:\\\/\\\/erformance.eu\\\/et\\\/toode\\\/bmw-f22-f23-dvigubos-groteles-blizgios-juodos\\\/\",\"url\":\"https:\\\/\\\/erformance.eu\\\/et\\\/toode\\\/bmw-f22-f23-dvigubos-groteles-blizgios-juodos\\\/\",\"name\":\"BMW F22 F23 dvigubos grotel\u0117s, blizgios juodos - Erformance.eu\",\"isPartOf\":{\"@id\":\"https:\\\/\\\/erformance.eu\\\/et\\\/#website\"},\"primaryImageOfPage\":{\"@id\":\"https:\\\/\\\/erformance.eu\\\/et\\\/toode\\\/bmw-f22-f23-dvigubos-groteles-blizgios-juodos\\\/#primaryimage\"},\"image\":{\"@id\":\"https:\\\/\\\/erformance.eu\\\/et\\\/toode\\\/bmw-f22-f23-dvigubos-groteles-blizgios-juodos\\\/#primaryimage\"},\"thumbnailUrl\":\"https:\\\/\\\/erformance.eu\\\/wp-content\\\/uploads\\\/2025\\\/07\\\/bmw-f22-f23-dvigubos-juodos-blizgios-groteles-pre-lci-lci-1.webp\",\"datePublished\":\"2025-07-21T19:28:59+00:00\",\"dateModified\":\"2025-12-01T23:52:15+00:00\",\"description\":\"BMW F22 F23 dvigubos grotel\u0117s. Blizgios juodos (gloss black). Tinka LCI ir PRE LCI 2 serijos modeliams. Auk\u0161tos kokyb\u0117s juodos grotel\u0117s.\",\"breadcrumb\":{\"@id\":\"https:\\\/\\\/erformance.eu\\\/et\\\/toode\\\/bmw-f22-f23-dvigubos-groteles-blizgios-juodos\\\/#breadcrumb\"},\"inLanguage\":\"et\",\"potentialAction\":[{\"@type\":\"ReadAction\",\"target\":[\"https:\\\/\\\/erformance.eu\\\/et\\\/toode\\\/bmw-f22-f23-dvigubos-groteles-blizgios-juodos\\\/\"]}]},{\"@type\":\"ImageObject\",\"inLanguage\":\"et\",\"@id\":\"https:\\\/\\\/erformance.eu\\\/et\\\/toode\\\/bmw-f22-f23-dvigubos-groteles-blizgios-juodos\\\/#primaryimage\",\"url\":\"https:\\\/\\\/erformance.eu\\\/wp-content\\\/uploads\\\/2025\\\/07\\\/bmw-f22-f23-dvigubos-juodos-blizgios-groteles-pre-lci-lci-1.webp\",\"contentUrl\":\"https:\\\/\\\/erformance.eu\\\/wp-content\\\/uploads\\\/2025\\\/07\\\/bmw-f22-f23-dvigubos-juodos-blizgios-groteles-pre-lci-lci-1.webp\",\"width\":1080,\"height\":1080,\"caption\":\"bmw f22 f23 dvigubos grotel\u0117s juodos blizgios pagrindin\u0117\"},{\"@type\":\"BreadcrumbList\",\"@id\":\"https:\\\/\\\/erformance.eu\\\/et\\\/toode\\\/bmw-f22-f23-dvigubos-groteles-blizgios-juodos\\\/#breadcrumb\",\"itemListElement\":[{\"@type\":\"ListItem\",\"position\":1,\"name\":\"Home\",\"item\":\"https:\\\/\\\/erformance.eu\\\/et\\\/\"},{\"@type\":\"ListItem\",\"position\":2,\"name\":\"Pood\",\"item\":\"https:\\\/\\\/erformance.eu\\\/et\\\/pood\\\/\"},{\"@type\":\"ListItem\",\"position\":3,\"name\":\"BMW F22 F23 dvigubos grotel\u0117s, blizgios juodos\"}]},{\"@type\":\"WebSite\",\"@id\":\"https:\\\/\\\/erformance.eu\\\/et\\\/#website\",\"url\":\"https:\\\/\\\/erformance.eu\\\/et\\\/\",\"name\":\"Erformance.eu\",\"description\":\"Automobili\u0173 dali\u0173 parduotuv\u0117\",\"potentialAction\":[{\"@type\":\"SearchAction\",\"target\":{\"@type\":\"EntryPoint\",\"urlTemplate\":\"https:\\\/\\\/erformance.eu\\\/et\\\/?s={search_term_string}\"},\"query-input\":{\"@type\":\"PropertyValueSpecification\",\"valueRequired\":true,\"valueName\":\"search_term_string\"}}],\"inLanguage\":\"et\"}]}<\/script>\n<!-- \/ Yoast SEO Premium plugin. -->","yoast_head_json":{"title":"BMW F22 F23 dvigubos grotel\u0117s, blizgios juodos - Erformance.eu","description":"BMW F22 F23 dvigubos grotel\u0117s. Blizgios juodos (gloss black). Tinka LCI ir PRE LCI 2 serijos modeliams. Auk\u0161tos kokyb\u0117s juodos grotel\u0117s.","robots":{"index":"index","follow":"follow","max-snippet":"max-snippet:-1","max-image-preview":"max-image-preview:large","max-video-preview":"max-video-preview:-1"},"canonical":"https:\/\/erformance.eu\/et\/toode\/bmw-f22-f23-dvigubos-groteles-blizgios-juodos\/","og_locale":"et_EE","og_type":"article","og_title":"BMW F22 F23 dvigubos grotel\u0117s, blizgios juodos","og_description":"BMW F22 F23 dvigubos grotel\u0117s. Blizgios juodos (gloss black). Tinka LCI ir PRE LCI 2 serijos modeliams. Auk\u0161tos kokyb\u0117s juodos grotel\u0117s.","og_url":"https:\/\/erformance.eu\/et\/toode\/bmw-f22-f23-dvigubos-groteles-blizgios-juodos\/","og_site_name":"Erformance.eu","article_modified_time":"2025-12-01T23:52:15+00:00","og_image":[{"width":1080,"height":1080,"url":"https:\/\/erformance.eu\/wp-content\/uploads\/2025\/07\/bmw-f22-f23-dvigubos-juodos-blizgios-groteles-pre-lci-lci-1.webp","type":"image\/webp"}],"twitter_card":"summary_large_image","twitter_misc":{"Est. reading time":"1 minut"},"schema":{"@context":"https:\/\/schema.org","@graph":[{"@type":"WebPage","@id":"https:\/\/erformance.eu\/et\/toode\/bmw-f22-f23-dvigubos-groteles-blizgios-juodos\/","url":"https:\/\/erformance.eu\/et\/toode\/bmw-f22-f23-dvigubos-groteles-blizgios-juodos\/","name":"BMW F22 F23 dvigubos grotel\u0117s, blizgios juodos - Erformance.eu","isPartOf":{"@id":"https:\/\/erformance.eu\/et\/#website"},"primaryImageOfPage":{"@id":"https:\/\/erformance.eu\/et\/toode\/bmw-f22-f23-dvigubos-groteles-blizgios-juodos\/#primaryimage"},"image":{"@id":"https:\/\/erformance.eu\/et\/toode\/bmw-f22-f23-dvigubos-groteles-blizgios-juodos\/#primaryimage"},"thumbnailUrl":"https:\/\/erformance.eu\/wp-content\/uploads\/2025\/07\/bmw-f22-f23-dvigubos-juodos-blizgios-groteles-pre-lci-lci-1.webp","datePublished":"2025-07-21T19:28:59+00:00","dateModified":"2025-12-01T23:52:15+00:00","description":"BMW F22 F23 dvigubos grotel\u0117s. Blizgios juodos (gloss black). Tinka LCI ir PRE LCI 2 serijos modeliams. Auk\u0161tos kokyb\u0117s juodos grotel\u0117s.","breadcrumb":{"@id":"https:\/\/erformance.eu\/et\/toode\/bmw-f22-f23-dvigubos-groteles-blizgios-juodos\/#breadcrumb"},"inLanguage":"et","potentialAction":[{"@type":"ReadAction","target":["https:\/\/erformance.eu\/et\/toode\/bmw-f22-f23-dvigubos-groteles-blizgios-juodos\/"]}]},{"@type":"ImageObject","inLanguage":"et","@id":"https:\/\/erformance.eu\/et\/toode\/bmw-f22-f23-dvigubos-groteles-blizgios-juodos\/#primaryimage","url":"https:\/\/erformance.eu\/wp-content\/uploads\/2025\/07\/bmw-f22-f23-dvigubos-juodos-blizgios-groteles-pre-lci-lci-1.webp","contentUrl":"https:\/\/erformance.eu\/wp-content\/uploads\/2025\/07\/bmw-f22-f23-dvigubos-juodos-blizgios-groteles-pre-lci-lci-1.webp","width":1080,"height":1080,"caption":"bmw f22 f23 dvigubos grotel\u0117s juodos blizgios pagrindin\u0117"},{"@type":"BreadcrumbList","@id":"https:\/\/erformance.eu\/et\/toode\/bmw-f22-f23-dvigubos-groteles-blizgios-juodos\/#breadcrumb","itemListElement":[{"@type":"ListItem","position":1,"name":"Home","item":"https:\/\/erformance.eu\/et\/"},{"@type":"ListItem","position":2,"name":"Pood","item":"https:\/\/erformance.eu\/et\/pood\/"},{"@type":"ListItem","position":3,"name":"BMW F22 F23 dvigubos grotel\u0117s, blizgios juodos"}]},{"@type":"WebSite","@id":"https:\/\/erformance.eu\/et\/#website","url":"https:\/\/erformance.eu\/et\/","name":"Erformance.eu","description":"Automobili\u0173 dali\u0173 parduotuv\u0117","potentialAction":[{"@type":"SearchAction","target":{"@type":"EntryPoint","urlTemplate":"https:\/\/erformance.eu\/et\/?s={search_term_string}"},"query-input":{"@type":"PropertyValueSpecification","valueRequired":true,"valueName":"search_term_string"}}],"inLanguage":"et"}]}},"jetpack_sharing_enabled":true,"_links":{"self":[{"href":"https:\/\/erformance.eu\/et\/wp-json\/wp\/v2\/product\/28957","targetHints":{"allow":["GET"]}}],"collection":[{"href":"https:\/\/erformance.eu\/et\/wp-json\/wp\/v2\/product"}],"about":[{"href":"https:\/\/erformance.eu\/et\/wp-json\/wp\/v2\/types\/product"}],"replies":[{"embeddable":true,"href":"https:\/\/erformance.eu\/et\/wp-json\/wp\/v2\/comments?post=28957"}],"version-history":[{"count":1,"href":"https:\/\/erformance.eu\/et\/wp-json\/wp\/v2\/product\/28957\/revisions"}],"predecessor-version":[{"id":28962,"href":"https:\/\/erformance.eu\/et\/wp-json\/wp\/v2\/product\/28957\/revisions\/28962"}],"wp:featuredmedia":[{"embeddable":true,"href":"https:\/\/erformance.eu\/et\/wp-json\/wp\/v2\/media\/28958"}],"wp:attachment":[{"href":"https:\/\/erformance.eu\/et\/wp-json\/wp\/v2\/media?parent=28957"}],"wp:term":[{"taxonomy":"product_brand","embeddable":true,"href":"https:\/\/erformance.eu\/et\/wp-json\/wp\/v2\/product_brand?post=28957"},{"taxonomy":"product_cat","embeddable":true,"href":"https:\/\/erformance.eu\/et\/wp-json\/wp\/v2\/product_cat?post=28957"},{"taxonomy":"product_tag","embeddable":true,"href":"https:\/\/erformance.eu\/et\/wp-json\/wp\/v2\/product_tag?post=28957"}],"curies":[{"name":"wp","href":"https:\/\/api.w.org\/{rel}","templated":true}]}}