{"id":29189,"date":"2025-08-21T01:48:42","date_gmt":"2025-08-20T22:48:42","guid":{"rendered":"https:\/\/erformance.eu\/?post_type=product&#038;p=29189"},"modified":"2025-12-02T02:54:34","modified_gmt":"2025-12-01T23:54:34","slug":"bmw-f30-f31-f32-f33-f36-keleivio-rankena-juoda","status":"publish","type":"product","link":"https:\/\/erformance.eu\/et\/toode\/bmw-f30-f31-f32-f33-f36-keleivio-rankena-juoda\/","title":{"rendered":"BMW F30 F31 F32 F33 F36 keleivio rankena, juoda"},"content":{"rendered":"<ul>\n<li class=\"ai-optimize-25 ai-optimize-introduction\">BMW F30 F31 F32 F33 F36 keleivio rankena, juoda.<\/li>\n<\/ul>\n<p class=\"ai-optimize-26\"><strong>Komplekt\u0105 sudaro:<\/strong><\/p>\n<ul>\n<li class=\"ai-optimize-25\">1 vnt. keleivio (de\u0161in\u0117) rankena juoda.<\/li>\n<li class=\"ai-optimize-32\">Tvirtinimo var\u017etai.<\/li>\n<\/ul>\n<p class=\"ai-optimize-35\"><strong>Spalva:<\/strong><\/p>\n<ul>\n<li class=\"ai-optimize-35\">Juoda (matin\u0117).<\/li>\n<\/ul>\n<p class=\"ai-optimize-36\"><strong>Savyb\u0117s:<\/strong><\/p>\n<ul>\n<li class=\"ai-optimize-29\">Rankena pagaminta i\u0161 auk\u0161tos kokyb\u0117s med\u017eiag\u0173.<\/li>\n<li class=\"ai-optimize-30\">Tvirti, auk\u0161tos kokyb\u0117s laikikliai.<\/li>\n<li class=\"ai-optimize-32\">Lengvas montavimas, laikikliai atitinka originalias vietas.<\/li>\n<\/ul>\n<p class=\"ai-optimize-38\"><strong>Tinkamumas:<\/strong><\/p>\n<ul>\n<li class=\"ai-optimize-31\"><strong>BMW F30 3 serija,<\/strong>\u00a02012-2019.<\/li>\n<li class=\"ai-optimize-32\"><strong>BMW F31 3 serija,<\/strong>\u00a02012-2019.<\/li>\n<li class=\"ai-optimize-33\"><strong>BMW F32 4 serija,\u00a0<\/strong>2014-2020.<\/li>\n<li class=\"ai-optimize-34\"><strong>BMW F33 4 serija,<\/strong>\u00a02014-2020.<\/li>\n<li class=\"ai-optimize-35\"><strong>BMW F36 4 serija,<\/strong>\u00a02014-2020<\/li>\n<\/ul>\n<p class=\"ai-optimize-41\">Atnaujinkite automobilio i\u0161vaizd\u0105 ir suteikite agresyv\u0173, bei modern\u0173 stili\u0173.<\/p>\n<p class=\"ai-optimize-42\">Erformance.eu elektronin\u0117je parduotuv\u0117je rasite \u012fvairi\u0173 preki\u0173 savo\u00a0<a href=\"https:\/\/erformance.eu\/produkto-kategorija\/bmw\/3-serija\/f30-f31\/\">BMW F30 F31 F32 F33 F36 PRE LCI \u2013 LCI<\/a>\u00a0automobiliui. Nuo smulkiausi\u0173 pried\u0173 iki tiuning dali\u0173 plataus pasirinkimo.<\/p>\n<p class=\"ai-optimize-29\">Prek\u0117s laikomos sand\u0117lyje Lietuvoje, tod\u0117l galime garantuoti greit\u0105 pristatymo laik\u0105 (1-2 darbo dienas).<\/p>\n","protected":false},"excerpt":{"rendered":"<h5 class=\"ai-optimize-30\">BMW F30 F31 F32 F33 F36 de\u0161in\u0117 pus\u0117<\/h5>\n","protected":false},"featured_media":29190,"comment_status":"open","ping_status":"closed","template":"","meta":[],"product_brand":[],"product_cat":[121,47,48],"product_tag":[],"class_list":{"0":"post-29189","1":"product","2":"type-product","3":"status-publish","4":"has-post-thumbnail","6":"product_cat-bmw","7":"product_cat-f30-f31","8":"product_cat-f32-f33-f36","10":"first","11":"instock","12":"shipping-taxable","13":"purchasable","14":"product-type-simple"},"yoast_head":"<!-- This site is optimized with the Yoast SEO Premium plugin v25.2 (Yoast SEO v27.4) - https:\/\/yoast.com\/product\/yoast-seo-premium-wordpress\/ -->\n<title>BMW F30 F31 F32 F33 F36 keleivio rankena, juoda - Erformance.eu<\/title>\n<meta name=\"description\" content=\"BMW F30 F31 F32 F33 F36 keleivio rankena, juoda. Tinka LCI ir PRE LCI 3-4 serijos BMW automobiliams. Auk\u0161tos kokyb\u0117s de\u0161in\u0117s (keleivio) pus\u0117s rankena.\" \/>\n<meta name=\"robots\" content=\"index, follow, max-snippet:-1, max-image-preview:large, max-video-preview:-1\" \/>\n<link rel=\"canonical\" href=\"https:\/\/erformance.eu\/et\/toode\/bmw-f30-f31-f32-f33-f36-keleivio-rankena-juoda\/\" \/>\n<meta property=\"og:locale\" content=\"et_EE\" \/>\n<meta property=\"og:type\" content=\"article\" \/>\n<meta property=\"og:title\" content=\"BMW F30 F31 F32 F33 F36 keleivio rankena, juoda\" \/>\n<meta property=\"og:description\" content=\"BMW F30 F31 F32 F33 F36 keleivio rankena, juoda. Tinka LCI ir PRE LCI 3-4 serijos BMW automobiliams. Auk\u0161tos kokyb\u0117s de\u0161in\u0117s (keleivio) pus\u0117s rankena.\" \/>\n<meta property=\"og:url\" content=\"https:\/\/erformance.eu\/et\/toode\/bmw-f30-f31-f32-f33-f36-keleivio-rankena-juoda\/\" \/>\n<meta property=\"og:site_name\" content=\"Erformance.eu\" \/>\n<meta property=\"article:modified_time\" content=\"2025-12-01T23:54:34+00:00\" \/>\n<meta property=\"og:image\" content=\"https:\/\/erformance.eu\/wp-content\/uploads\/2025\/08\/bmw-f30-f31-f32-f33-f36-keleivio-desine-rankena-juoda-1.webp\" \/>\n\t<meta property=\"og:image:width\" content=\"1080\" \/>\n\t<meta property=\"og:image:height\" content=\"1080\" \/>\n\t<meta property=\"og:image:type\" content=\"image\/webp\" \/>\n<meta name=\"twitter:card\" content=\"summary_large_image\" \/>\n<meta name=\"twitter:label1\" content=\"Est. reading time\" \/>\n\t<meta name=\"twitter:data1\" content=\"1 minut\" \/>\n<script type=\"application\/ld+json\" class=\"yoast-schema-graph\">{\"@context\":\"https:\\\/\\\/schema.org\",\"@graph\":[{\"@type\":\"WebPage\",\"@id\":\"https:\\\/\\\/erformance.eu\\\/et\\\/toode\\\/bmw-f30-f31-f32-f33-f36-keleivio-rankena-juoda\\\/\",\"url\":\"https:\\\/\\\/erformance.eu\\\/et\\\/toode\\\/bmw-f30-f31-f32-f33-f36-keleivio-rankena-juoda\\\/\",\"name\":\"BMW F30 F31 F32 F33 F36 keleivio rankena, juoda - Erformance.eu\",\"isPartOf\":{\"@id\":\"https:\\\/\\\/erformance.eu\\\/et\\\/#website\"},\"primaryImageOfPage\":{\"@id\":\"https:\\\/\\\/erformance.eu\\\/et\\\/toode\\\/bmw-f30-f31-f32-f33-f36-keleivio-rankena-juoda\\\/#primaryimage\"},\"image\":{\"@id\":\"https:\\\/\\\/erformance.eu\\\/et\\\/toode\\\/bmw-f30-f31-f32-f33-f36-keleivio-rankena-juoda\\\/#primaryimage\"},\"thumbnailUrl\":\"https:\\\/\\\/erformance.eu\\\/wp-content\\\/uploads\\\/2025\\\/08\\\/bmw-f30-f31-f32-f33-f36-keleivio-desine-rankena-juoda-1.webp\",\"datePublished\":\"2025-08-20T22:48:42+00:00\",\"dateModified\":\"2025-12-01T23:54:34+00:00\",\"description\":\"BMW F30 F31 F32 F33 F36 keleivio rankena, juoda. Tinka LCI ir PRE LCI 3-4 serijos BMW automobiliams. Auk\u0161tos kokyb\u0117s de\u0161in\u0117s (keleivio) pus\u0117s rankena.\",\"breadcrumb\":{\"@id\":\"https:\\\/\\\/erformance.eu\\\/et\\\/toode\\\/bmw-f30-f31-f32-f33-f36-keleivio-rankena-juoda\\\/#breadcrumb\"},\"inLanguage\":\"et\",\"potentialAction\":[{\"@type\":\"ReadAction\",\"target\":[\"https:\\\/\\\/erformance.eu\\\/et\\\/toode\\\/bmw-f30-f31-f32-f33-f36-keleivio-rankena-juoda\\\/\"]}]},{\"@type\":\"ImageObject\",\"inLanguage\":\"et\",\"@id\":\"https:\\\/\\\/erformance.eu\\\/et\\\/toode\\\/bmw-f30-f31-f32-f33-f36-keleivio-rankena-juoda\\\/#primaryimage\",\"url\":\"https:\\\/\\\/erformance.eu\\\/wp-content\\\/uploads\\\/2025\\\/08\\\/bmw-f30-f31-f32-f33-f36-keleivio-desine-rankena-juoda-1.webp\",\"contentUrl\":\"https:\\\/\\\/erformance.eu\\\/wp-content\\\/uploads\\\/2025\\\/08\\\/bmw-f30-f31-f32-f33-f36-keleivio-desine-rankena-juoda-1.webp\",\"width\":1080,\"height\":1080,\"caption\":\"bmw f30 f31 f32 f33 f36 keleivio rankena juoda de\u0161in\u0117 pus\u0117 i\u0161 priekio\"},{\"@type\":\"BreadcrumbList\",\"@id\":\"https:\\\/\\\/erformance.eu\\\/et\\\/toode\\\/bmw-f30-f31-f32-f33-f36-keleivio-rankena-juoda\\\/#breadcrumb\",\"itemListElement\":[{\"@type\":\"ListItem\",\"position\":1,\"name\":\"Home\",\"item\":\"https:\\\/\\\/erformance.eu\\\/et\\\/\"},{\"@type\":\"ListItem\",\"position\":2,\"name\":\"Pood\",\"item\":\"https:\\\/\\\/erformance.eu\\\/et\\\/pood\\\/\"},{\"@type\":\"ListItem\",\"position\":3,\"name\":\"BMW F30 F31 F32 F33 F36 keleivio rankena, juoda\"}]},{\"@type\":\"WebSite\",\"@id\":\"https:\\\/\\\/erformance.eu\\\/et\\\/#website\",\"url\":\"https:\\\/\\\/erformance.eu\\\/et\\\/\",\"name\":\"Erformance.eu\",\"description\":\"Automobili\u0173 dali\u0173 parduotuv\u0117\",\"potentialAction\":[{\"@type\":\"SearchAction\",\"target\":{\"@type\":\"EntryPoint\",\"urlTemplate\":\"https:\\\/\\\/erformance.eu\\\/et\\\/?s={search_term_string}\"},\"query-input\":{\"@type\":\"PropertyValueSpecification\",\"valueRequired\":true,\"valueName\":\"search_term_string\"}}],\"inLanguage\":\"et\"}]}<\/script>\n<!-- \/ Yoast SEO Premium plugin. -->","yoast_head_json":{"title":"BMW F30 F31 F32 F33 F36 keleivio rankena, juoda - Erformance.eu","description":"BMW F30 F31 F32 F33 F36 keleivio rankena, juoda. Tinka LCI ir PRE LCI 3-4 serijos BMW automobiliams. Auk\u0161tos kokyb\u0117s de\u0161in\u0117s (keleivio) pus\u0117s rankena.","robots":{"index":"index","follow":"follow","max-snippet":"max-snippet:-1","max-image-preview":"max-image-preview:large","max-video-preview":"max-video-preview:-1"},"canonical":"https:\/\/erformance.eu\/et\/toode\/bmw-f30-f31-f32-f33-f36-keleivio-rankena-juoda\/","og_locale":"et_EE","og_type":"article","og_title":"BMW F30 F31 F32 F33 F36 keleivio rankena, juoda","og_description":"BMW F30 F31 F32 F33 F36 keleivio rankena, juoda. Tinka LCI ir PRE LCI 3-4 serijos BMW automobiliams. Auk\u0161tos kokyb\u0117s de\u0161in\u0117s (keleivio) pus\u0117s rankena.","og_url":"https:\/\/erformance.eu\/et\/toode\/bmw-f30-f31-f32-f33-f36-keleivio-rankena-juoda\/","og_site_name":"Erformance.eu","article_modified_time":"2025-12-01T23:54:34+00:00","og_image":[{"width":1080,"height":1080,"url":"https:\/\/erformance.eu\/wp-content\/uploads\/2025\/08\/bmw-f30-f31-f32-f33-f36-keleivio-desine-rankena-juoda-1.webp","type":"image\/webp"}],"twitter_card":"summary_large_image","twitter_misc":{"Est. reading time":"1 minut"},"schema":{"@context":"https:\/\/schema.org","@graph":[{"@type":"WebPage","@id":"https:\/\/erformance.eu\/et\/toode\/bmw-f30-f31-f32-f33-f36-keleivio-rankena-juoda\/","url":"https:\/\/erformance.eu\/et\/toode\/bmw-f30-f31-f32-f33-f36-keleivio-rankena-juoda\/","name":"BMW F30 F31 F32 F33 F36 keleivio rankena, juoda - Erformance.eu","isPartOf":{"@id":"https:\/\/erformance.eu\/et\/#website"},"primaryImageOfPage":{"@id":"https:\/\/erformance.eu\/et\/toode\/bmw-f30-f31-f32-f33-f36-keleivio-rankena-juoda\/#primaryimage"},"image":{"@id":"https:\/\/erformance.eu\/et\/toode\/bmw-f30-f31-f32-f33-f36-keleivio-rankena-juoda\/#primaryimage"},"thumbnailUrl":"https:\/\/erformance.eu\/wp-content\/uploads\/2025\/08\/bmw-f30-f31-f32-f33-f36-keleivio-desine-rankena-juoda-1.webp","datePublished":"2025-08-20T22:48:42+00:00","dateModified":"2025-12-01T23:54:34+00:00","description":"BMW F30 F31 F32 F33 F36 keleivio rankena, juoda. Tinka LCI ir PRE LCI 3-4 serijos BMW automobiliams. Auk\u0161tos kokyb\u0117s de\u0161in\u0117s (keleivio) pus\u0117s rankena.","breadcrumb":{"@id":"https:\/\/erformance.eu\/et\/toode\/bmw-f30-f31-f32-f33-f36-keleivio-rankena-juoda\/#breadcrumb"},"inLanguage":"et","potentialAction":[{"@type":"ReadAction","target":["https:\/\/erformance.eu\/et\/toode\/bmw-f30-f31-f32-f33-f36-keleivio-rankena-juoda\/"]}]},{"@type":"ImageObject","inLanguage":"et","@id":"https:\/\/erformance.eu\/et\/toode\/bmw-f30-f31-f32-f33-f36-keleivio-rankena-juoda\/#primaryimage","url":"https:\/\/erformance.eu\/wp-content\/uploads\/2025\/08\/bmw-f30-f31-f32-f33-f36-keleivio-desine-rankena-juoda-1.webp","contentUrl":"https:\/\/erformance.eu\/wp-content\/uploads\/2025\/08\/bmw-f30-f31-f32-f33-f36-keleivio-desine-rankena-juoda-1.webp","width":1080,"height":1080,"caption":"bmw f30 f31 f32 f33 f36 keleivio rankena juoda de\u0161in\u0117 pus\u0117 i\u0161 priekio"},{"@type":"BreadcrumbList","@id":"https:\/\/erformance.eu\/et\/toode\/bmw-f30-f31-f32-f33-f36-keleivio-rankena-juoda\/#breadcrumb","itemListElement":[{"@type":"ListItem","position":1,"name":"Home","item":"https:\/\/erformance.eu\/et\/"},{"@type":"ListItem","position":2,"name":"Pood","item":"https:\/\/erformance.eu\/et\/pood\/"},{"@type":"ListItem","position":3,"name":"BMW F30 F31 F32 F33 F36 keleivio rankena, juoda"}]},{"@type":"WebSite","@id":"https:\/\/erformance.eu\/et\/#website","url":"https:\/\/erformance.eu\/et\/","name":"Erformance.eu","description":"Automobili\u0173 dali\u0173 parduotuv\u0117","potentialAction":[{"@type":"SearchAction","target":{"@type":"EntryPoint","urlTemplate":"https:\/\/erformance.eu\/et\/?s={search_term_string}"},"query-input":{"@type":"PropertyValueSpecification","valueRequired":true,"valueName":"search_term_string"}}],"inLanguage":"et"}]}},"jetpack_sharing_enabled":true,"_links":{"self":[{"href":"https:\/\/erformance.eu\/et\/wp-json\/wp\/v2\/product\/29189","targetHints":{"allow":["GET"]}}],"collection":[{"href":"https:\/\/erformance.eu\/et\/wp-json\/wp\/v2\/product"}],"about":[{"href":"https:\/\/erformance.eu\/et\/wp-json\/wp\/v2\/types\/product"}],"replies":[{"embeddable":true,"href":"https:\/\/erformance.eu\/et\/wp-json\/wp\/v2\/comments?post=29189"}],"version-history":[{"count":1,"href":"https:\/\/erformance.eu\/et\/wp-json\/wp\/v2\/product\/29189\/revisions"}],"predecessor-version":[{"id":29192,"href":"https:\/\/erformance.eu\/et\/wp-json\/wp\/v2\/product\/29189\/revisions\/29192"}],"wp:featuredmedia":[{"embeddable":true,"href":"https:\/\/erformance.eu\/et\/wp-json\/wp\/v2\/media\/29190"}],"wp:attachment":[{"href":"https:\/\/erformance.eu\/et\/wp-json\/wp\/v2\/media?parent=29189"}],"wp:term":[{"taxonomy":"product_brand","embeddable":true,"href":"https:\/\/erformance.eu\/et\/wp-json\/wp\/v2\/product_brand?post=29189"},{"taxonomy":"product_cat","embeddable":true,"href":"https:\/\/erformance.eu\/et\/wp-json\/wp\/v2\/product_cat?post=29189"},{"taxonomy":"product_tag","embeddable":true,"href":"https:\/\/erformance.eu\/et\/wp-json\/wp\/v2\/product_tag?post=29189"}],"curies":[{"name":"wp","href":"https:\/\/api.w.org\/{rel}","templated":true}]}}