{"id":2929,"date":"2024-09-19T00:06:15","date_gmt":"2024-09-18T21:06:15","guid":{"rendered":"https:\/\/erformance.eu\/?post_type=product&#038;p=2929"},"modified":"2026-05-04T07:23:51","modified_gmt":"2026-05-04T04:23:51","slug":"bmw-tamsinti-posukiai-e6x-e9x-e8x","status":"publish","type":"product","link":"https:\/\/erformance.eu\/et\/toode\/bmw-tamsinti-posukiai-e6x-e9x-e8x\/","title":{"rendered":"BMW E6X E9X E8X tamsinti pos\u016bkiai, dinaminiai"},"content":{"rendered":"<ul>\n<li class=\"ai-optimize-25 ai-optimize-introduction\">BMW E serijos tamsinti dinaminiai pos\u016bkiai.<\/li>\n<\/ul>\n<p class=\"ai-optimize-26\"><strong>Komplekt\u0105 sudaro:<\/strong><\/p>\n<ul>\n<li class=\"ai-optimize-44\">2 vnt. tamsint\u0173 dinamini\u0173 (slenkan\u010di\u0173) LED pos\u016bki\u0173.<\/li>\n<\/ul>\n<p class=\"ai-optimize-41\"><strong>Spalva:<\/strong><\/p>\n<ul>\n<li class=\"ai-optimize-35\">Oran\u017ein\u0117<\/li>\n<\/ul>\n<p class=\"ai-optimize-36\"><strong>Savyb\u0117s:<\/strong><\/p>\n<ul>\n<li class=\"ai-optimize-29\">CANBUS sistema, nemeta klaid\u0173 skydelyje.<\/li>\n<li class=\"ai-optimize-45\">Lengvas montavimas \u2013 PLUG &amp; PLAY.<\/li>\n<li class=\"ai-optimize-46\">Ry\u0161kios, oran\u017ein\u0117s LED lemput\u0117s.<\/li>\n<li class=\"ai-optimize-48\">Auk\u0161tos kokyb\u0117s, vientisa LED linija.<\/li>\n<li class=\"ai-optimize-38\">Atsparumas dr\u0117gmei &#8211;\u00a0IP67.<\/li>\n<li class=\"ai-optimize-39\">Turi E \u017eym\u0117jimus (atitinka Europos standartus).<\/li>\n<\/ul>\n<p class=\"ai-optimize-38\"><strong>Tinkamumas:<\/strong><\/p>\n<ul>\n<li class=\"ai-optimize-30\"><strong>BMW E46 LCI\u00a0<\/strong>2001-2005m.<\/li>\n<li class=\"ai-optimize-31\"><strong>BMW E90 \/ E91\u00a0<\/strong>2005 &#8211; 2012m.<\/li>\n<li class=\"ai-optimize-32\"><strong>BMW E92 \/ E93 <\/strong>2005 &#8211; 2012m.<\/li>\n<li class=\"ai-optimize-33\"><strong>BMW E60 \/ E61 <\/strong>2003 &#8211; 2010m.<\/li>\n<li class=\"ai-optimize-34\"><strong>BMW E81 \/ E82 \/ E87 \/ E88<\/strong>\u00a02004 &#8211; 2013m.<\/li>\n<li class=\"ai-optimize-35\"><strong>BMW X1 E84<\/strong>\u00a02009 &#8211; 2015m.<\/li>\n<li class=\"ai-optimize-36\"><strong>BMW X3 E83<\/strong>\u00a02003 &#8211; 2010m.<\/li>\n<\/ul>\n<p class=\"ai-optimize-41\">Atnaujinkite automobilio i\u0161vaizd\u0105 ir suteikite agresyv\u0173, bei modern\u0173 stili\u0173.<\/p>\n<p class=\"ai-optimize-42\">Erformance.eu elektronin\u0117je parduotuv\u0117je rasite \u012fvairi\u0173 preki\u0173 savo\u00a0<a href=\"https:\/\/erformance.eu\/produkto-kategorija\/bmw\/\">BMW<\/a>\u00a0automobiliui. Nuo smulkiausi\u0173 pried\u0173 iki tiuning dali\u0173 plataus pasirinkimo.<\/p>\n<p class=\"ai-optimize-29\">Prek\u0117s laikomos sand\u0117lyje Lietuvoje, tod\u0117l galime garantuoti greit\u0105 pristatymo laik\u0105 (1-2 darbo dienas).<\/p>\n","protected":false},"excerpt":{"rendered":"<h5>Bmw tamsinti pos\u016bkiai<\/h5>\n","protected":false},"featured_media":28520,"comment_status":"open","ping_status":"closed","template":"","meta":[],"product_brand":[],"product_cat":[45,50,53,42,46,2767,2771,3345,3377],"product_tag":[],"class_list":{"0":"post-2929","1":"product","2":"type-product","3":"status-publish","4":"has-post-thumbnail","6":"product_cat-e46","7":"product_cat-e60-e61","8":"product_cat-e63-e64","9":"product_cat-e81-e82-e87-e88","10":"product_cat-e90-e91","11":"product_cat-e81-e82-e87-e88-isores-dalys","12":"product_cat-e90-e91-isores-dalys","13":"product_cat-e81-e82-e87-e88-isores-zibintai-apsvietimas","14":"product_cat-e90-e91-isores-zibintai-apsvietimas","16":"first","17":"instock","18":"shipping-taxable","19":"purchasable","20":"product-type-simple"},"yoast_head":"<!-- This site is optimized with the Yoast SEO Premium plugin v25.2 (Yoast SEO v27.5) - https:\/\/yoast.com\/product\/yoast-seo-premium-wordpress\/ -->\n<title>BMW E6X E9X E8X tamsinti pos\u016bkiai, dinaminiai - Erformance.eu<\/title>\n<meta name=\"description\" content=\"BMW tamsinti pos\u016bkiai. Dinaminiai (slenkantys). \u0160vie\u010dia oran\u017eine spalva. Tinka E60 E61 E90 E91 E83 E87 E46 ir t.t. Komplekte 2 vnt. pos\u016bki\u0173.\" \/>\n<meta name=\"robots\" content=\"index, follow, max-snippet:-1, max-image-preview:large, max-video-preview:-1\" \/>\n<link rel=\"canonical\" href=\"https:\/\/erformance.eu\/et\/toode\/bmw-tamsinti-posukiai-e6x-e9x-e8x\/\" \/>\n<meta property=\"og:locale\" content=\"et_EE\" \/>\n<meta property=\"og:type\" content=\"article\" \/>\n<meta property=\"og:title\" content=\"BMW E6X E9X E8X tamsinti pos\u016bkiai, dinaminiai\" \/>\n<meta property=\"og:description\" content=\"BMW tamsinti pos\u016bkiai. Dinaminiai (slenkantys). \u0160vie\u010dia oran\u017eine spalva. Tinka E60 E61 E90 E91 E83 E87 E46 ir t.t. Komplekte 2 vnt. pos\u016bki\u0173.\" \/>\n<meta property=\"og:url\" content=\"https:\/\/erformance.eu\/et\/toode\/bmw-tamsinti-posukiai-e6x-e9x-e8x\/\" \/>\n<meta property=\"og:site_name\" content=\"Erformance.eu\" \/>\n<meta property=\"article:modified_time\" content=\"2026-05-04T04:23:51+00:00\" \/>\n<meta property=\"og:image\" content=\"https:\/\/erformance.eu\/wp-content\/uploads\/2024\/09\/bmw-tamsinti-dinaminiai-posukiai-e60-e61-e90-e91-e92-e93-e87-1.webp\" \/>\n\t<meta property=\"og:image:width\" content=\"1080\" \/>\n\t<meta property=\"og:image:height\" content=\"1080\" \/>\n\t<meta property=\"og:image:type\" content=\"image\/webp\" \/>\n<meta name=\"twitter:card\" content=\"summary_large_image\" \/>\n<meta name=\"twitter:label1\" content=\"Est. reading time\" \/>\n\t<meta name=\"twitter:data1\" content=\"1 minut\" \/>\n<script type=\"application\/ld+json\" class=\"yoast-schema-graph\">{\"@context\":\"https:\\\/\\\/schema.org\",\"@graph\":[{\"@type\":\"WebPage\",\"@id\":\"https:\\\/\\\/erformance.eu\\\/et\\\/toode\\\/bmw-tamsinti-posukiai-e6x-e9x-e8x\\\/\",\"url\":\"https:\\\/\\\/erformance.eu\\\/et\\\/toode\\\/bmw-tamsinti-posukiai-e6x-e9x-e8x\\\/\",\"name\":\"BMW E6X E9X E8X tamsinti pos\u016bkiai, dinaminiai - Erformance.eu\",\"isPartOf\":{\"@id\":\"https:\\\/\\\/erformance.eu\\\/et\\\/#website\"},\"primaryImageOfPage\":{\"@id\":\"https:\\\/\\\/erformance.eu\\\/et\\\/toode\\\/bmw-tamsinti-posukiai-e6x-e9x-e8x\\\/#primaryimage\"},\"image\":{\"@id\":\"https:\\\/\\\/erformance.eu\\\/et\\\/toode\\\/bmw-tamsinti-posukiai-e6x-e9x-e8x\\\/#primaryimage\"},\"thumbnailUrl\":\"https:\\\/\\\/erformance.eu\\\/wp-content\\\/uploads\\\/2024\\\/09\\\/bmw-tamsinti-dinaminiai-posukiai-e60-e61-e90-e91-e92-e93-e87-1.webp\",\"datePublished\":\"2024-09-18T21:06:15+00:00\",\"dateModified\":\"2026-05-04T04:23:51+00:00\",\"description\":\"BMW tamsinti pos\u016bkiai. Dinaminiai (slenkantys). \u0160vie\u010dia oran\u017eine spalva. Tinka E60 E61 E90 E91 E83 E87 E46 ir t.t. Komplekte 2 vnt. pos\u016bki\u0173.\",\"breadcrumb\":{\"@id\":\"https:\\\/\\\/erformance.eu\\\/et\\\/toode\\\/bmw-tamsinti-posukiai-e6x-e9x-e8x\\\/#breadcrumb\"},\"inLanguage\":\"et\",\"potentialAction\":[{\"@type\":\"ReadAction\",\"target\":[\"https:\\\/\\\/erformance.eu\\\/et\\\/toode\\\/bmw-tamsinti-posukiai-e6x-e9x-e8x\\\/\"]}]},{\"@type\":\"ImageObject\",\"inLanguage\":\"et\",\"@id\":\"https:\\\/\\\/erformance.eu\\\/et\\\/toode\\\/bmw-tamsinti-posukiai-e6x-e9x-e8x\\\/#primaryimage\",\"url\":\"https:\\\/\\\/erformance.eu\\\/wp-content\\\/uploads\\\/2024\\\/09\\\/bmw-tamsinti-dinaminiai-posukiai-e60-e61-e90-e91-e92-e93-e87-1.webp\",\"contentUrl\":\"https:\\\/\\\/erformance.eu\\\/wp-content\\\/uploads\\\/2024\\\/09\\\/bmw-tamsinti-dinaminiai-posukiai-e60-e61-e90-e91-e92-e93-e87-1.webp\",\"width\":1080,\"height\":1080,\"caption\":\"bmw e60 e91 e61 e92 e90 e93 e87 e88 e81 e82 e46 tamsinti dinaminiai pos\u016bkiai i\u0161 priekio\"},{\"@type\":\"BreadcrumbList\",\"@id\":\"https:\\\/\\\/erformance.eu\\\/et\\\/toode\\\/bmw-tamsinti-posukiai-e6x-e9x-e8x\\\/#breadcrumb\",\"itemListElement\":[{\"@type\":\"ListItem\",\"position\":1,\"name\":\"Home\",\"item\":\"https:\\\/\\\/erformance.eu\\\/et\\\/\"},{\"@type\":\"ListItem\",\"position\":2,\"name\":\"Pood\",\"item\":\"https:\\\/\\\/erformance.eu\\\/et\\\/pood\\\/\"},{\"@type\":\"ListItem\",\"position\":3,\"name\":\"BMW E6X E9X E8X tamsinti pos\u016bkiai, dinaminiai\"}]},{\"@type\":\"WebSite\",\"@id\":\"https:\\\/\\\/erformance.eu\\\/et\\\/#website\",\"url\":\"https:\\\/\\\/erformance.eu\\\/et\\\/\",\"name\":\"Erformance.eu\",\"description\":\"Automobili\u0173 dali\u0173 parduotuv\u0117\",\"potentialAction\":[{\"@type\":\"SearchAction\",\"target\":{\"@type\":\"EntryPoint\",\"urlTemplate\":\"https:\\\/\\\/erformance.eu\\\/et\\\/?s={search_term_string}\"},\"query-input\":{\"@type\":\"PropertyValueSpecification\",\"valueRequired\":true,\"valueName\":\"search_term_string\"}}],\"inLanguage\":\"et\"}]}<\/script>\n<!-- \/ Yoast SEO Premium plugin. -->","yoast_head_json":{"title":"BMW E6X E9X E8X tamsinti pos\u016bkiai, dinaminiai - Erformance.eu","description":"BMW tamsinti pos\u016bkiai. Dinaminiai (slenkantys). \u0160vie\u010dia oran\u017eine spalva. Tinka E60 E61 E90 E91 E83 E87 E46 ir t.t. Komplekte 2 vnt. pos\u016bki\u0173.","robots":{"index":"index","follow":"follow","max-snippet":"max-snippet:-1","max-image-preview":"max-image-preview:large","max-video-preview":"max-video-preview:-1"},"canonical":"https:\/\/erformance.eu\/et\/toode\/bmw-tamsinti-posukiai-e6x-e9x-e8x\/","og_locale":"et_EE","og_type":"article","og_title":"BMW E6X E9X E8X tamsinti pos\u016bkiai, dinaminiai","og_description":"BMW tamsinti pos\u016bkiai. Dinaminiai (slenkantys). \u0160vie\u010dia oran\u017eine spalva. Tinka E60 E61 E90 E91 E83 E87 E46 ir t.t. Komplekte 2 vnt. pos\u016bki\u0173.","og_url":"https:\/\/erformance.eu\/et\/toode\/bmw-tamsinti-posukiai-e6x-e9x-e8x\/","og_site_name":"Erformance.eu","article_modified_time":"2026-05-04T04:23:51+00:00","og_image":[{"width":1080,"height":1080,"url":"https:\/\/erformance.eu\/wp-content\/uploads\/2024\/09\/bmw-tamsinti-dinaminiai-posukiai-e60-e61-e90-e91-e92-e93-e87-1.webp","type":"image\/webp"}],"twitter_card":"summary_large_image","twitter_misc":{"Est. reading time":"1 minut"},"schema":{"@context":"https:\/\/schema.org","@graph":[{"@type":"WebPage","@id":"https:\/\/erformance.eu\/et\/toode\/bmw-tamsinti-posukiai-e6x-e9x-e8x\/","url":"https:\/\/erformance.eu\/et\/toode\/bmw-tamsinti-posukiai-e6x-e9x-e8x\/","name":"BMW E6X E9X E8X tamsinti pos\u016bkiai, dinaminiai - Erformance.eu","isPartOf":{"@id":"https:\/\/erformance.eu\/et\/#website"},"primaryImageOfPage":{"@id":"https:\/\/erformance.eu\/et\/toode\/bmw-tamsinti-posukiai-e6x-e9x-e8x\/#primaryimage"},"image":{"@id":"https:\/\/erformance.eu\/et\/toode\/bmw-tamsinti-posukiai-e6x-e9x-e8x\/#primaryimage"},"thumbnailUrl":"https:\/\/erformance.eu\/wp-content\/uploads\/2024\/09\/bmw-tamsinti-dinaminiai-posukiai-e60-e61-e90-e91-e92-e93-e87-1.webp","datePublished":"2024-09-18T21:06:15+00:00","dateModified":"2026-05-04T04:23:51+00:00","description":"BMW tamsinti pos\u016bkiai. Dinaminiai (slenkantys). \u0160vie\u010dia oran\u017eine spalva. Tinka E60 E61 E90 E91 E83 E87 E46 ir t.t. Komplekte 2 vnt. pos\u016bki\u0173.","breadcrumb":{"@id":"https:\/\/erformance.eu\/et\/toode\/bmw-tamsinti-posukiai-e6x-e9x-e8x\/#breadcrumb"},"inLanguage":"et","potentialAction":[{"@type":"ReadAction","target":["https:\/\/erformance.eu\/et\/toode\/bmw-tamsinti-posukiai-e6x-e9x-e8x\/"]}]},{"@type":"ImageObject","inLanguage":"et","@id":"https:\/\/erformance.eu\/et\/toode\/bmw-tamsinti-posukiai-e6x-e9x-e8x\/#primaryimage","url":"https:\/\/erformance.eu\/wp-content\/uploads\/2024\/09\/bmw-tamsinti-dinaminiai-posukiai-e60-e61-e90-e91-e92-e93-e87-1.webp","contentUrl":"https:\/\/erformance.eu\/wp-content\/uploads\/2024\/09\/bmw-tamsinti-dinaminiai-posukiai-e60-e61-e90-e91-e92-e93-e87-1.webp","width":1080,"height":1080,"caption":"bmw e60 e91 e61 e92 e90 e93 e87 e88 e81 e82 e46 tamsinti dinaminiai pos\u016bkiai i\u0161 priekio"},{"@type":"BreadcrumbList","@id":"https:\/\/erformance.eu\/et\/toode\/bmw-tamsinti-posukiai-e6x-e9x-e8x\/#breadcrumb","itemListElement":[{"@type":"ListItem","position":1,"name":"Home","item":"https:\/\/erformance.eu\/et\/"},{"@type":"ListItem","position":2,"name":"Pood","item":"https:\/\/erformance.eu\/et\/pood\/"},{"@type":"ListItem","position":3,"name":"BMW E6X E9X E8X tamsinti pos\u016bkiai, dinaminiai"}]},{"@type":"WebSite","@id":"https:\/\/erformance.eu\/et\/#website","url":"https:\/\/erformance.eu\/et\/","name":"Erformance.eu","description":"Automobili\u0173 dali\u0173 parduotuv\u0117","potentialAction":[{"@type":"SearchAction","target":{"@type":"EntryPoint","urlTemplate":"https:\/\/erformance.eu\/et\/?s={search_term_string}"},"query-input":{"@type":"PropertyValueSpecification","valueRequired":true,"valueName":"search_term_string"}}],"inLanguage":"et"}]}},"jetpack_sharing_enabled":true,"_links":{"self":[{"href":"https:\/\/erformance.eu\/et\/wp-json\/wp\/v2\/product\/2929","targetHints":{"allow":["GET"]}}],"collection":[{"href":"https:\/\/erformance.eu\/et\/wp-json\/wp\/v2\/product"}],"about":[{"href":"https:\/\/erformance.eu\/et\/wp-json\/wp\/v2\/types\/product"}],"replies":[{"embeddable":true,"href":"https:\/\/erformance.eu\/et\/wp-json\/wp\/v2\/comments?post=2929"}],"version-history":[{"count":6,"href":"https:\/\/erformance.eu\/et\/wp-json\/wp\/v2\/product\/2929\/revisions"}],"predecessor-version":[{"id":30729,"href":"https:\/\/erformance.eu\/et\/wp-json\/wp\/v2\/product\/2929\/revisions\/30729"}],"wp:featuredmedia":[{"embeddable":true,"href":"https:\/\/erformance.eu\/et\/wp-json\/wp\/v2\/media\/28520"}],"wp:attachment":[{"href":"https:\/\/erformance.eu\/et\/wp-json\/wp\/v2\/media?parent=2929"}],"wp:term":[{"taxonomy":"product_brand","embeddable":true,"href":"https:\/\/erformance.eu\/et\/wp-json\/wp\/v2\/product_brand?post=2929"},{"taxonomy":"product_cat","embeddable":true,"href":"https:\/\/erformance.eu\/et\/wp-json\/wp\/v2\/product_cat?post=2929"},{"taxonomy":"product_tag","embeddable":true,"href":"https:\/\/erformance.eu\/et\/wp-json\/wp\/v2\/product_tag?post=2929"}],"curies":[{"name":"wp","href":"https:\/\/api.w.org\/{rel}","templated":true}]}}