{"id":29389,"date":"2025-09-16T00:57:46","date_gmt":"2025-09-15T21:57:46","guid":{"rendered":"https:\/\/erformance.eu\/?post_type=product&#038;p=29389"},"modified":"2025-09-25T23:04:56","modified_gmt":"2025-09-25T20:04:56","slug":"bmw-tuning-daliu-mystery-box-medium","status":"publish","type":"product","link":"https:\/\/erformance.eu\/et\/toode\/bmw-tuning-daliu-mystery-box-medium\/","title":{"rendered":"BMW tuning dali\u0173 mystery box, medium"},"content":{"rendered":"<ul>\n<li class=\"ai-optimize-25 ai-optimize-introduction\">BMW tuning dali\u0173 mystery box, medium.<\/li>\n<\/ul>\n<p class=\"ai-optimize-26\"><strong>Mystery box\u2019\u0105<\/strong>\u00a0sudaro naujos\u00a0<strong>BMW<\/strong>\u00a0tuning dalys.<\/p>\n<p class=\"ai-optimize-28\"><strong>Vert\u0117:<\/strong><\/p>\n<p class=\"ai-optimize-29\">De\u017e\u0117je yra tuning dalys, kuri\u0173 vert\u0117 sudaro\u00a0<strong>45-125<\/strong>\u00a0eur.<\/p>\n<p class=\"ai-optimize-32\"><strong>Savyb\u0117s:<\/strong><\/p>\n<ul>\n<li class=\"ai-optimize-33\">Tai puiki proga tiems, kurie m\u0117gsta siurprizus.<\/li>\n<li class=\"ai-optimize-34\">Tai puiki proga BMW dali\u0173 pardav\u0117jams, \u0161iuo pasi\u016blymu gaunate iki 2,5x gr\u012f\u017etamosios vert\u0117s.<\/li>\n<li class=\"ai-optimize-35\">Dalys yra naujos, nepa\u017eeistos ir be defekt\u0173, parinktos atsitiktine tvarka.<\/li>\n<li class=\"ai-optimize-36\">Pasi\u016blyme rasite dalis BMW E, F arba G serijai.<\/li>\n<\/ul>\n<p class=\"ai-optimize-37\">Pasi\u016blymas ribotas, nepraleiskite progos \u012fsigyti.<\/p>\n<p class=\"ai-optimize-42\">Erformance.eu elektronin\u0117je parduotuv\u0117je rasite \u012fvairi\u0173 preki\u0173 savo\u00a0<a href=\"https:\/\/erformance.eu\/produkto-kategorija\/bmw\/\">BMW\u00a0<\/a>automobiliui. Nuo smulkiausi\u0173 pried\u0173 iki tiuning dali\u0173 plataus pasirinkimo.<\/p>\n<p class=\"ai-optimize-29\">Prek\u0117s laikomos sand\u0117lyje Lietuvoje, tod\u0117l galime garantuoti greit\u0105 pristatymo laik\u0105 (1-2 darbo dienas).<\/p>\n","protected":false},"excerpt":{"rendered":"<h5 class=\"ai-optimize-26\">BMW tuning dali\u0173 mystery box<\/h5>\n","protected":false},"featured_media":29390,"comment_status":"open","ping_status":"closed","template":"","meta":[],"product_brand":[],"product_cat":[24],"product_tag":[],"class_list":{"0":"post-29389","1":"product","2":"type-product","3":"status-publish","4":"has-post-thumbnail","6":"product_cat-tuning-dalys","8":"first","9":"instock","10":"shipping-taxable","11":"purchasable","12":"product-type-simple"},"yoast_head":"<!-- This site is optimized with the Yoast SEO Premium plugin v25.2 (Yoast SEO v27.4) - https:\/\/yoast.com\/product\/yoast-seo-premium-wordpress\/ -->\n<title>BMW tuning dali\u0173 mystery box, medium - Erformance.eu<\/title>\n<meta name=\"description\" content=\"BMW tuning dali\u0173 mystery box, medium. Dalys parenkamos atsitiktinai. Mystery box gr\u012f\u017etamoji vert\u0117 iki 2,5 karto. Puiki proga BMW dali\u0173 pardav\u0117jams.\" \/>\n<meta name=\"robots\" content=\"index, follow, max-snippet:-1, max-image-preview:large, max-video-preview:-1\" \/>\n<link rel=\"canonical\" href=\"https:\/\/erformance.eu\/et\/toode\/bmw-tuning-daliu-mystery-box-medium\/\" \/>\n<meta property=\"og:locale\" content=\"et_EE\" \/>\n<meta property=\"og:type\" content=\"article\" \/>\n<meta property=\"og:title\" content=\"BMW tuning dali\u0173 mystery box, medium\" \/>\n<meta property=\"og:description\" content=\"BMW tuning dali\u0173 mystery box, medium. Dalys parenkamos atsitiktinai. Mystery box gr\u012f\u017etamoji vert\u0117 iki 2,5 karto. Puiki proga BMW dali\u0173 pardav\u0117jams.\" \/>\n<meta property=\"og:url\" content=\"https:\/\/erformance.eu\/et\/toode\/bmw-tuning-daliu-mystery-box-medium\/\" \/>\n<meta property=\"og:site_name\" content=\"Erformance.eu\" \/>\n<meta property=\"article:modified_time\" content=\"2025-09-25T20:04:56+00:00\" \/>\n<meta property=\"og:image\" content=\"https:\/\/erformance.eu\/wp-content\/uploads\/2025\/09\/bmw-tunind-dalys-mystery-box-medium.webp\" \/>\n\t<meta property=\"og:image:width\" content=\"1080\" \/>\n\t<meta property=\"og:image:height\" content=\"1080\" \/>\n\t<meta property=\"og:image:type\" content=\"image\/webp\" \/>\n<meta name=\"twitter:card\" content=\"summary_large_image\" \/>\n<meta name=\"twitter:label1\" content=\"Est. reading time\" \/>\n\t<meta name=\"twitter:data1\" content=\"1 minut\" \/>\n<script type=\"application\/ld+json\" class=\"yoast-schema-graph\">{\"@context\":\"https:\\\/\\\/schema.org\",\"@graph\":[{\"@type\":\"WebPage\",\"@id\":\"https:\\\/\\\/erformance.eu\\\/et\\\/toode\\\/bmw-tuning-daliu-mystery-box-medium\\\/\",\"url\":\"https:\\\/\\\/erformance.eu\\\/et\\\/toode\\\/bmw-tuning-daliu-mystery-box-medium\\\/\",\"name\":\"BMW tuning dali\u0173 mystery box, medium - Erformance.eu\",\"isPartOf\":{\"@id\":\"https:\\\/\\\/erformance.eu\\\/et\\\/#website\"},\"primaryImageOfPage\":{\"@id\":\"https:\\\/\\\/erformance.eu\\\/et\\\/toode\\\/bmw-tuning-daliu-mystery-box-medium\\\/#primaryimage\"},\"image\":{\"@id\":\"https:\\\/\\\/erformance.eu\\\/et\\\/toode\\\/bmw-tuning-daliu-mystery-box-medium\\\/#primaryimage\"},\"thumbnailUrl\":\"https:\\\/\\\/erformance.eu\\\/wp-content\\\/uploads\\\/2025\\\/09\\\/bmw-tunind-dalys-mystery-box-medium.webp\",\"datePublished\":\"2025-09-15T21:57:46+00:00\",\"dateModified\":\"2025-09-25T20:04:56+00:00\",\"description\":\"BMW tuning dali\u0173 mystery box, medium. Dalys parenkamos atsitiktinai. Mystery box gr\u012f\u017etamoji vert\u0117 iki 2,5 karto. Puiki proga BMW dali\u0173 pardav\u0117jams.\",\"breadcrumb\":{\"@id\":\"https:\\\/\\\/erformance.eu\\\/et\\\/toode\\\/bmw-tuning-daliu-mystery-box-medium\\\/#breadcrumb\"},\"inLanguage\":\"et\",\"potentialAction\":[{\"@type\":\"ReadAction\",\"target\":[\"https:\\\/\\\/erformance.eu\\\/et\\\/toode\\\/bmw-tuning-daliu-mystery-box-medium\\\/\"]}]},{\"@type\":\"ImageObject\",\"inLanguage\":\"et\",\"@id\":\"https:\\\/\\\/erformance.eu\\\/et\\\/toode\\\/bmw-tuning-daliu-mystery-box-medium\\\/#primaryimage\",\"url\":\"https:\\\/\\\/erformance.eu\\\/wp-content\\\/uploads\\\/2025\\\/09\\\/bmw-tunind-dalys-mystery-box-medium.webp\",\"contentUrl\":\"https:\\\/\\\/erformance.eu\\\/wp-content\\\/uploads\\\/2025\\\/09\\\/bmw-tunind-dalys-mystery-box-medium.webp\",\"width\":1080,\"height\":1080,\"caption\":\"bmw tuning dali\u0173 mystery box medium\"},{\"@type\":\"BreadcrumbList\",\"@id\":\"https:\\\/\\\/erformance.eu\\\/et\\\/toode\\\/bmw-tuning-daliu-mystery-box-medium\\\/#breadcrumb\",\"itemListElement\":[{\"@type\":\"ListItem\",\"position\":1,\"name\":\"Home\",\"item\":\"https:\\\/\\\/erformance.eu\\\/et\\\/\"},{\"@type\":\"ListItem\",\"position\":2,\"name\":\"Pood\",\"item\":\"https:\\\/\\\/erformance.eu\\\/et\\\/pood\\\/\"},{\"@type\":\"ListItem\",\"position\":3,\"name\":\"BMW tuning dali\u0173 mystery box, medium\"}]},{\"@type\":\"WebSite\",\"@id\":\"https:\\\/\\\/erformance.eu\\\/et\\\/#website\",\"url\":\"https:\\\/\\\/erformance.eu\\\/et\\\/\",\"name\":\"Erformance.eu\",\"description\":\"Automobili\u0173 dali\u0173 parduotuv\u0117\",\"potentialAction\":[{\"@type\":\"SearchAction\",\"target\":{\"@type\":\"EntryPoint\",\"urlTemplate\":\"https:\\\/\\\/erformance.eu\\\/et\\\/?s={search_term_string}\"},\"query-input\":{\"@type\":\"PropertyValueSpecification\",\"valueRequired\":true,\"valueName\":\"search_term_string\"}}],\"inLanguage\":\"et\"}]}<\/script>\n<!-- \/ Yoast SEO Premium plugin. -->","yoast_head_json":{"title":"BMW tuning dali\u0173 mystery box, medium - Erformance.eu","description":"BMW tuning dali\u0173 mystery box, medium. Dalys parenkamos atsitiktinai. Mystery box gr\u012f\u017etamoji vert\u0117 iki 2,5 karto. Puiki proga BMW dali\u0173 pardav\u0117jams.","robots":{"index":"index","follow":"follow","max-snippet":"max-snippet:-1","max-image-preview":"max-image-preview:large","max-video-preview":"max-video-preview:-1"},"canonical":"https:\/\/erformance.eu\/et\/toode\/bmw-tuning-daliu-mystery-box-medium\/","og_locale":"et_EE","og_type":"article","og_title":"BMW tuning dali\u0173 mystery box, medium","og_description":"BMW tuning dali\u0173 mystery box, medium. Dalys parenkamos atsitiktinai. Mystery box gr\u012f\u017etamoji vert\u0117 iki 2,5 karto. Puiki proga BMW dali\u0173 pardav\u0117jams.","og_url":"https:\/\/erformance.eu\/et\/toode\/bmw-tuning-daliu-mystery-box-medium\/","og_site_name":"Erformance.eu","article_modified_time":"2025-09-25T20:04:56+00:00","og_image":[{"width":1080,"height":1080,"url":"https:\/\/erformance.eu\/wp-content\/uploads\/2025\/09\/bmw-tunind-dalys-mystery-box-medium.webp","type":"image\/webp"}],"twitter_card":"summary_large_image","twitter_misc":{"Est. reading time":"1 minut"},"schema":{"@context":"https:\/\/schema.org","@graph":[{"@type":"WebPage","@id":"https:\/\/erformance.eu\/et\/toode\/bmw-tuning-daliu-mystery-box-medium\/","url":"https:\/\/erformance.eu\/et\/toode\/bmw-tuning-daliu-mystery-box-medium\/","name":"BMW tuning dali\u0173 mystery box, medium - Erformance.eu","isPartOf":{"@id":"https:\/\/erformance.eu\/et\/#website"},"primaryImageOfPage":{"@id":"https:\/\/erformance.eu\/et\/toode\/bmw-tuning-daliu-mystery-box-medium\/#primaryimage"},"image":{"@id":"https:\/\/erformance.eu\/et\/toode\/bmw-tuning-daliu-mystery-box-medium\/#primaryimage"},"thumbnailUrl":"https:\/\/erformance.eu\/wp-content\/uploads\/2025\/09\/bmw-tunind-dalys-mystery-box-medium.webp","datePublished":"2025-09-15T21:57:46+00:00","dateModified":"2025-09-25T20:04:56+00:00","description":"BMW tuning dali\u0173 mystery box, medium. Dalys parenkamos atsitiktinai. Mystery box gr\u012f\u017etamoji vert\u0117 iki 2,5 karto. Puiki proga BMW dali\u0173 pardav\u0117jams.","breadcrumb":{"@id":"https:\/\/erformance.eu\/et\/toode\/bmw-tuning-daliu-mystery-box-medium\/#breadcrumb"},"inLanguage":"et","potentialAction":[{"@type":"ReadAction","target":["https:\/\/erformance.eu\/et\/toode\/bmw-tuning-daliu-mystery-box-medium\/"]}]},{"@type":"ImageObject","inLanguage":"et","@id":"https:\/\/erformance.eu\/et\/toode\/bmw-tuning-daliu-mystery-box-medium\/#primaryimage","url":"https:\/\/erformance.eu\/wp-content\/uploads\/2025\/09\/bmw-tunind-dalys-mystery-box-medium.webp","contentUrl":"https:\/\/erformance.eu\/wp-content\/uploads\/2025\/09\/bmw-tunind-dalys-mystery-box-medium.webp","width":1080,"height":1080,"caption":"bmw tuning dali\u0173 mystery box medium"},{"@type":"BreadcrumbList","@id":"https:\/\/erformance.eu\/et\/toode\/bmw-tuning-daliu-mystery-box-medium\/#breadcrumb","itemListElement":[{"@type":"ListItem","position":1,"name":"Home","item":"https:\/\/erformance.eu\/et\/"},{"@type":"ListItem","position":2,"name":"Pood","item":"https:\/\/erformance.eu\/et\/pood\/"},{"@type":"ListItem","position":3,"name":"BMW tuning dali\u0173 mystery box, medium"}]},{"@type":"WebSite","@id":"https:\/\/erformance.eu\/et\/#website","url":"https:\/\/erformance.eu\/et\/","name":"Erformance.eu","description":"Automobili\u0173 dali\u0173 parduotuv\u0117","potentialAction":[{"@type":"SearchAction","target":{"@type":"EntryPoint","urlTemplate":"https:\/\/erformance.eu\/et\/?s={search_term_string}"},"query-input":{"@type":"PropertyValueSpecification","valueRequired":true,"valueName":"search_term_string"}}],"inLanguage":"et"}]}},"jetpack_sharing_enabled":true,"_links":{"self":[{"href":"https:\/\/erformance.eu\/et\/wp-json\/wp\/v2\/product\/29389","targetHints":{"allow":["GET"]}}],"collection":[{"href":"https:\/\/erformance.eu\/et\/wp-json\/wp\/v2\/product"}],"about":[{"href":"https:\/\/erformance.eu\/et\/wp-json\/wp\/v2\/types\/product"}],"replies":[{"embeddable":true,"href":"https:\/\/erformance.eu\/et\/wp-json\/wp\/v2\/comments?post=29389"}],"version-history":[{"count":1,"href":"https:\/\/erformance.eu\/et\/wp-json\/wp\/v2\/product\/29389\/revisions"}],"predecessor-version":[{"id":29391,"href":"https:\/\/erformance.eu\/et\/wp-json\/wp\/v2\/product\/29389\/revisions\/29391"}],"wp:featuredmedia":[{"embeddable":true,"href":"https:\/\/erformance.eu\/et\/wp-json\/wp\/v2\/media\/29390"}],"wp:attachment":[{"href":"https:\/\/erformance.eu\/et\/wp-json\/wp\/v2\/media?parent=29389"}],"wp:term":[{"taxonomy":"product_brand","embeddable":true,"href":"https:\/\/erformance.eu\/et\/wp-json\/wp\/v2\/product_brand?post=29389"},{"taxonomy":"product_cat","embeddable":true,"href":"https:\/\/erformance.eu\/et\/wp-json\/wp\/v2\/product_cat?post=29389"},{"taxonomy":"product_tag","embeddable":true,"href":"https:\/\/erformance.eu\/et\/wp-json\/wp\/v2\/product_tag?post=29389"}],"curies":[{"name":"wp","href":"https:\/\/api.w.org\/{rel}","templated":true}]}}