{"id":29977,"date":"2025-10-21T23:56:32","date_gmt":"2025-10-21T20:56:32","guid":{"rendered":"https:\/\/erformance.eu\/?post_type=product&#038;p=29977"},"modified":"2026-04-27T13:24:07","modified_gmt":"2026-04-27T10:24:07","slug":"magnetiniai-numeriu-laikikliai-komplektas-abiejoms-pusems","status":"publish","type":"product","link":"https:\/\/erformance.eu\/et\/toode\/magnetiniai-numeriu-laikikliai-komplektas-abiejoms-pusems\/","title":{"rendered":"Magnetiniai numeri\u0173 laikikliai, komplektas abiejoms pus\u0117ms"},"content":{"rendered":"<ul>\n<li class=\"ai-optimize-33 ai-optimize-introduction\">Magnetiniai numeri\u0173 laikikliai, komplektas abiejoms pus\u0117ms.<\/li>\n<\/ul>\n<p class=\"ai-optimize-26\"><strong>Komplekt\u0105 sudaro:<\/strong><\/p>\n<ul>\n<li class=\"ai-optimize-25\">4 vnt. magnetini\u0173 laikikli\u0173.<\/li>\n<\/ul>\n<p class=\"ai-optimize-35\"><strong>Spalva:<\/strong><\/p>\n<ul>\n<li class=\"ai-optimize-35\">Juoda.<\/li>\n<\/ul>\n<p class=\"ai-optimize-36\"><strong>Savyb\u0117s:<\/strong><\/p>\n<ul>\n<li class=\"ai-optimize-29\">Palengvina detalaus automobilio plovimo proces\u0105.<\/li>\n<li class=\"ai-optimize-30\">Auk\u0161tos kokyb\u0117s magnetiniai laikikliai, kurie tinkamai u\u017ed\u0117ti atlaiko greit\u012f iki 300 km\/h.<\/li>\n<li class=\"ai-optimize-31\">Suteikia agresyvumo j\u016bs\u0173 automobiliui.<\/li>\n<li class=\"ai-optimize-32\">\u0160ie magnetiniai numeri\u0173 laikikliai gaminami Lietuvoje.<\/li>\n<\/ul>\n<p class=\"ai-optimize-27\"><strong>Svarbu:<\/strong><\/p>\n<ul>\n<li class=\"ai-optimize-28\">Magnetai yra trap\u016bs, tod\u0117l u\u017ededant b\u016bkite atsarg\u016bs, nenaudokite elektrini\u0173 \u012franki\u0173.<\/li>\n<li class=\"ai-optimize-29\">Prie\u0161 pradedant naudoti, b\u016btinai perskaitykite instrukcij\u0105.<\/li>\n<li class=\"ai-optimize-30\">Prie\u0161 instaliacij\u0105 nuvalykite bamper\u012f, bei numerius i\u0161 vidin\u0117s pus\u0117s.<\/li>\n<\/ul>\n<p class=\"ai-optimize-38\"><strong>Tinkamumas:<\/strong><\/p>\n<ul>\n<li class=\"ai-optimize-31\">Tinka visiems automobiliams.<\/li>\n<\/ul>\n<p class=\"ai-optimize-41\">Atnaujinkite automobilio i\u0161vaizd\u0105 ir suteikite agresyv\u0173, bei modern\u0173 stili\u0173.<\/p>\n<p class=\"ai-optimize-42\"><a href=\"https:\/\/erformance.eu\/\">Erformance.eu<\/a> elektronin\u0117je parduotuv\u0117je rasite \u012fvairi\u0173 preki\u0173 savo automobiliui. Nuo smulkiausi\u0173 pried\u0173 iki tiuning dali\u0173 plataus pasirinkimo.<\/p>\n<p class=\"ai-optimize-29\">Prek\u0117s laikomos sand\u0117lyje Lietuvoje, tod\u0117l galime garantuoti greit\u0105 pristatymo laik\u0105 (1-2 darbo dienas).<\/p>\n","protected":false},"excerpt":{"rendered":"<h5 class=\"ai-optimize-31\">Magnetiniai laikikliai numeriams<\/h5>\n","protected":false},"featured_media":29978,"comment_status":"open","ping_status":"closed","template":"","meta":[],"product_brand":[],"product_cat":[24],"product_tag":[],"class_list":{"0":"post-29977","1":"product","2":"type-product","3":"status-publish","4":"has-post-thumbnail","6":"product_cat-tuning-dalys","8":"first","9":"outofstock","10":"sale","11":"shipping-taxable","12":"purchasable","13":"product-type-simple"},"yoast_head":"<!-- This site is optimized with the Yoast SEO Premium plugin v25.2 (Yoast SEO v27.4) - https:\/\/yoast.com\/product\/yoast-seo-premium-wordpress\/ -->\n<title>Magnetiniai numeri\u0173 laikikliai, komplektas abiejoms pus\u0117ms - Erformance.eu<\/title>\n<meta name=\"description\" content=\"Magnetiniai numeri\u0173 laikikliai, komplektas abiejoms pus\u0117ms. Prek\u0117 pagaminta Lietuvoje, tod\u0117l kokyb\u0117 garantuota. Tinka visiems automobiliams.\" \/>\n<meta name=\"robots\" content=\"index, follow, max-snippet:-1, max-image-preview:large, max-video-preview:-1\" \/>\n<link rel=\"canonical\" href=\"https:\/\/erformance.eu\/et\/toode\/magnetiniai-numeriu-laikikliai-komplektas-abiejoms-pusems\/\" \/>\n<meta property=\"og:locale\" content=\"et_EE\" \/>\n<meta property=\"og:type\" content=\"article\" \/>\n<meta property=\"og:title\" content=\"Magnetiniai numeri\u0173 laikikliai, komplektas abiejoms pus\u0117ms\" \/>\n<meta property=\"og:description\" content=\"Magnetiniai numeri\u0173 laikikliai, komplektas abiejoms pus\u0117ms. Prek\u0117 pagaminta Lietuvoje, tod\u0117l kokyb\u0117 garantuota. Tinka visiems automobiliams.\" \/>\n<meta property=\"og:url\" content=\"https:\/\/erformance.eu\/et\/toode\/magnetiniai-numeriu-laikikliai-komplektas-abiejoms-pusems\/\" \/>\n<meta property=\"og:site_name\" content=\"Erformance.eu\" \/>\n<meta property=\"article:modified_time\" content=\"2026-04-27T10:24:07+00:00\" \/>\n<meta property=\"og:image\" content=\"https:\/\/erformance.eu\/wp-content\/uploads\/2025\/10\/magnetiniai-numeriu-laikikliai-1.webp\" \/>\n\t<meta property=\"og:image:width\" content=\"1080\" \/>\n\t<meta property=\"og:image:height\" content=\"1080\" \/>\n\t<meta property=\"og:image:type\" content=\"image\/webp\" \/>\n<meta name=\"twitter:card\" content=\"summary_large_image\" \/>\n<meta name=\"twitter:label1\" content=\"Est. reading time\" \/>\n\t<meta name=\"twitter:data1\" content=\"1 minut\" \/>\n<script type=\"application\/ld+json\" class=\"yoast-schema-graph\">{\"@context\":\"https:\\\/\\\/schema.org\",\"@graph\":[{\"@type\":\"WebPage\",\"@id\":\"https:\\\/\\\/erformance.eu\\\/et\\\/toode\\\/magnetiniai-numeriu-laikikliai-komplektas-abiejoms-pusems\\\/\",\"url\":\"https:\\\/\\\/erformance.eu\\\/et\\\/toode\\\/magnetiniai-numeriu-laikikliai-komplektas-abiejoms-pusems\\\/\",\"name\":\"Magnetiniai numeri\u0173 laikikliai, komplektas abiejoms pus\u0117ms - Erformance.eu\",\"isPartOf\":{\"@id\":\"https:\\\/\\\/erformance.eu\\\/et\\\/#website\"},\"primaryImageOfPage\":{\"@id\":\"https:\\\/\\\/erformance.eu\\\/et\\\/toode\\\/magnetiniai-numeriu-laikikliai-komplektas-abiejoms-pusems\\\/#primaryimage\"},\"image\":{\"@id\":\"https:\\\/\\\/erformance.eu\\\/et\\\/toode\\\/magnetiniai-numeriu-laikikliai-komplektas-abiejoms-pusems\\\/#primaryimage\"},\"thumbnailUrl\":\"https:\\\/\\\/erformance.eu\\\/wp-content\\\/uploads\\\/2025\\\/10\\\/magnetiniai-numeriu-laikikliai-1.webp\",\"datePublished\":\"2025-10-21T20:56:32+00:00\",\"dateModified\":\"2026-04-27T10:24:07+00:00\",\"description\":\"Magnetiniai numeri\u0173 laikikliai, komplektas abiejoms pus\u0117ms. Prek\u0117 pagaminta Lietuvoje, tod\u0117l kokyb\u0117 garantuota. Tinka visiems automobiliams.\",\"breadcrumb\":{\"@id\":\"https:\\\/\\\/erformance.eu\\\/et\\\/toode\\\/magnetiniai-numeriu-laikikliai-komplektas-abiejoms-pusems\\\/#breadcrumb\"},\"inLanguage\":\"et\",\"potentialAction\":[{\"@type\":\"ReadAction\",\"target\":[\"https:\\\/\\\/erformance.eu\\\/et\\\/toode\\\/magnetiniai-numeriu-laikikliai-komplektas-abiejoms-pusems\\\/\"]}]},{\"@type\":\"ImageObject\",\"inLanguage\":\"et\",\"@id\":\"https:\\\/\\\/erformance.eu\\\/et\\\/toode\\\/magnetiniai-numeriu-laikikliai-komplektas-abiejoms-pusems\\\/#primaryimage\",\"url\":\"https:\\\/\\\/erformance.eu\\\/wp-content\\\/uploads\\\/2025\\\/10\\\/magnetiniai-numeriu-laikikliai-1.webp\",\"contentUrl\":\"https:\\\/\\\/erformance.eu\\\/wp-content\\\/uploads\\\/2025\\\/10\\\/magnetiniai-numeriu-laikikliai-1.webp\",\"width\":1080,\"height\":1080,\"caption\":\"magnetiniai numeri\u0173 laikikliai i\u0161 priekio\"},{\"@type\":\"BreadcrumbList\",\"@id\":\"https:\\\/\\\/erformance.eu\\\/et\\\/toode\\\/magnetiniai-numeriu-laikikliai-komplektas-abiejoms-pusems\\\/#breadcrumb\",\"itemListElement\":[{\"@type\":\"ListItem\",\"position\":1,\"name\":\"Home\",\"item\":\"https:\\\/\\\/erformance.eu\\\/et\\\/\"},{\"@type\":\"ListItem\",\"position\":2,\"name\":\"Pood\",\"item\":\"https:\\\/\\\/erformance.eu\\\/et\\\/pood\\\/\"},{\"@type\":\"ListItem\",\"position\":3,\"name\":\"Magnetiniai numeri\u0173 laikikliai, komplektas abiejoms pus\u0117ms\"}]},{\"@type\":\"WebSite\",\"@id\":\"https:\\\/\\\/erformance.eu\\\/et\\\/#website\",\"url\":\"https:\\\/\\\/erformance.eu\\\/et\\\/\",\"name\":\"Erformance.eu\",\"description\":\"Automobili\u0173 dali\u0173 parduotuv\u0117\",\"potentialAction\":[{\"@type\":\"SearchAction\",\"target\":{\"@type\":\"EntryPoint\",\"urlTemplate\":\"https:\\\/\\\/erformance.eu\\\/et\\\/?s={search_term_string}\"},\"query-input\":{\"@type\":\"PropertyValueSpecification\",\"valueRequired\":true,\"valueName\":\"search_term_string\"}}],\"inLanguage\":\"et\"}]}<\/script>\n<!-- \/ Yoast SEO Premium plugin. -->","yoast_head_json":{"title":"Magnetiniai numeri\u0173 laikikliai, komplektas abiejoms pus\u0117ms - Erformance.eu","description":"Magnetiniai numeri\u0173 laikikliai, komplektas abiejoms pus\u0117ms. Prek\u0117 pagaminta Lietuvoje, tod\u0117l kokyb\u0117 garantuota. Tinka visiems automobiliams.","robots":{"index":"index","follow":"follow","max-snippet":"max-snippet:-1","max-image-preview":"max-image-preview:large","max-video-preview":"max-video-preview:-1"},"canonical":"https:\/\/erformance.eu\/et\/toode\/magnetiniai-numeriu-laikikliai-komplektas-abiejoms-pusems\/","og_locale":"et_EE","og_type":"article","og_title":"Magnetiniai numeri\u0173 laikikliai, komplektas abiejoms pus\u0117ms","og_description":"Magnetiniai numeri\u0173 laikikliai, komplektas abiejoms pus\u0117ms. Prek\u0117 pagaminta Lietuvoje, tod\u0117l kokyb\u0117 garantuota. Tinka visiems automobiliams.","og_url":"https:\/\/erformance.eu\/et\/toode\/magnetiniai-numeriu-laikikliai-komplektas-abiejoms-pusems\/","og_site_name":"Erformance.eu","article_modified_time":"2026-04-27T10:24:07+00:00","og_image":[{"width":1080,"height":1080,"url":"https:\/\/erformance.eu\/wp-content\/uploads\/2025\/10\/magnetiniai-numeriu-laikikliai-1.webp","type":"image\/webp"}],"twitter_card":"summary_large_image","twitter_misc":{"Est. reading time":"1 minut"},"schema":{"@context":"https:\/\/schema.org","@graph":[{"@type":"WebPage","@id":"https:\/\/erformance.eu\/et\/toode\/magnetiniai-numeriu-laikikliai-komplektas-abiejoms-pusems\/","url":"https:\/\/erformance.eu\/et\/toode\/magnetiniai-numeriu-laikikliai-komplektas-abiejoms-pusems\/","name":"Magnetiniai numeri\u0173 laikikliai, komplektas abiejoms pus\u0117ms - Erformance.eu","isPartOf":{"@id":"https:\/\/erformance.eu\/et\/#website"},"primaryImageOfPage":{"@id":"https:\/\/erformance.eu\/et\/toode\/magnetiniai-numeriu-laikikliai-komplektas-abiejoms-pusems\/#primaryimage"},"image":{"@id":"https:\/\/erformance.eu\/et\/toode\/magnetiniai-numeriu-laikikliai-komplektas-abiejoms-pusems\/#primaryimage"},"thumbnailUrl":"https:\/\/erformance.eu\/wp-content\/uploads\/2025\/10\/magnetiniai-numeriu-laikikliai-1.webp","datePublished":"2025-10-21T20:56:32+00:00","dateModified":"2026-04-27T10:24:07+00:00","description":"Magnetiniai numeri\u0173 laikikliai, komplektas abiejoms pus\u0117ms. Prek\u0117 pagaminta Lietuvoje, tod\u0117l kokyb\u0117 garantuota. Tinka visiems automobiliams.","breadcrumb":{"@id":"https:\/\/erformance.eu\/et\/toode\/magnetiniai-numeriu-laikikliai-komplektas-abiejoms-pusems\/#breadcrumb"},"inLanguage":"et","potentialAction":[{"@type":"ReadAction","target":["https:\/\/erformance.eu\/et\/toode\/magnetiniai-numeriu-laikikliai-komplektas-abiejoms-pusems\/"]}]},{"@type":"ImageObject","inLanguage":"et","@id":"https:\/\/erformance.eu\/et\/toode\/magnetiniai-numeriu-laikikliai-komplektas-abiejoms-pusems\/#primaryimage","url":"https:\/\/erformance.eu\/wp-content\/uploads\/2025\/10\/magnetiniai-numeriu-laikikliai-1.webp","contentUrl":"https:\/\/erformance.eu\/wp-content\/uploads\/2025\/10\/magnetiniai-numeriu-laikikliai-1.webp","width":1080,"height":1080,"caption":"magnetiniai numeri\u0173 laikikliai i\u0161 priekio"},{"@type":"BreadcrumbList","@id":"https:\/\/erformance.eu\/et\/toode\/magnetiniai-numeriu-laikikliai-komplektas-abiejoms-pusems\/#breadcrumb","itemListElement":[{"@type":"ListItem","position":1,"name":"Home","item":"https:\/\/erformance.eu\/et\/"},{"@type":"ListItem","position":2,"name":"Pood","item":"https:\/\/erformance.eu\/et\/pood\/"},{"@type":"ListItem","position":3,"name":"Magnetiniai numeri\u0173 laikikliai, komplektas abiejoms pus\u0117ms"}]},{"@type":"WebSite","@id":"https:\/\/erformance.eu\/et\/#website","url":"https:\/\/erformance.eu\/et\/","name":"Erformance.eu","description":"Automobili\u0173 dali\u0173 parduotuv\u0117","potentialAction":[{"@type":"SearchAction","target":{"@type":"EntryPoint","urlTemplate":"https:\/\/erformance.eu\/et\/?s={search_term_string}"},"query-input":{"@type":"PropertyValueSpecification","valueRequired":true,"valueName":"search_term_string"}}],"inLanguage":"et"}]}},"jetpack_sharing_enabled":true,"_links":{"self":[{"href":"https:\/\/erformance.eu\/et\/wp-json\/wp\/v2\/product\/29977","targetHints":{"allow":["GET"]}}],"collection":[{"href":"https:\/\/erformance.eu\/et\/wp-json\/wp\/v2\/product"}],"about":[{"href":"https:\/\/erformance.eu\/et\/wp-json\/wp\/v2\/types\/product"}],"replies":[{"embeddable":true,"href":"https:\/\/erformance.eu\/et\/wp-json\/wp\/v2\/comments?post=29977"}],"version-history":[{"count":1,"href":"https:\/\/erformance.eu\/et\/wp-json\/wp\/v2\/product\/29977\/revisions"}],"predecessor-version":[{"id":29981,"href":"https:\/\/erformance.eu\/et\/wp-json\/wp\/v2\/product\/29977\/revisions\/29981"}],"wp:featuredmedia":[{"embeddable":true,"href":"https:\/\/erformance.eu\/et\/wp-json\/wp\/v2\/media\/29978"}],"wp:attachment":[{"href":"https:\/\/erformance.eu\/et\/wp-json\/wp\/v2\/media?parent=29977"}],"wp:term":[{"taxonomy":"product_brand","embeddable":true,"href":"https:\/\/erformance.eu\/et\/wp-json\/wp\/v2\/product_brand?post=29977"},{"taxonomy":"product_cat","embeddable":true,"href":"https:\/\/erformance.eu\/et\/wp-json\/wp\/v2\/product_cat?post=29977"},{"taxonomy":"product_tag","embeddable":true,"href":"https:\/\/erformance.eu\/et\/wp-json\/wp\/v2\/product_tag?post=29977"}],"curies":[{"name":"wp","href":"https:\/\/api.w.org\/{rel}","templated":true}]}}