{"id":3009,"date":"2024-09-19T22:58:30","date_gmt":"2024-09-19T19:58:30","guid":{"rendered":"https:\/\/erformance.eu\/?post_type=product&#038;p=3009"},"modified":"2026-03-10T21:26:46","modified_gmt":"2026-03-10T18:26:46","slug":"bmw-e46-numeriu-apsvietimo-juosta","status":"publish","type":"product","link":"https:\/\/erformance.eu\/et\/toode\/bmw-e46-numeriu-apsvietimo-juosta\/","title":{"rendered":"BMW E46 numeri\u0173 ap\u0161vietimo juosta (1997-2005)"},"content":{"rendered":"<p class=\"ai-optimize-33 ai-optimize-introduction\"><strong>Prek\u0117s pavadinimas:<\/strong><\/p>\n<ul>\n<li class=\"ai-optimize-33 ai-optimize-introduction\">BMW E46 numeri\u0173 ap\u0161vietimo juosta.<\/li>\n<\/ul>\n<p class=\"ai-optimize-26\"><strong>Komplekt\u0105 sudaro:<\/strong><\/p>\n<ul>\n<li class=\"ai-optimize-25\">1 vnt. BMW E46 numeri\u0173 ap\u0161vietimo juosta.<\/li>\n<\/ul>\n<p class=\"ai-optimize-36\"><strong>Savyb\u0117s:<\/strong><\/p>\n<ul>\n<li class=\"ai-optimize-29\">Auk\u0161tos kokyb\u0117s dalis atitinkanti original\u0105.<\/li>\n<li class=\"ai-optimize-34\">Turi <strong>E<\/strong> &#8211; Europos standartus atitinkant\u012f \u017eym\u0117jim\u0105<\/li>\n<li class=\"ai-optimize-32\">Lengvas montavimas, laikikliai atitinka originalias vietas.<\/li>\n<li class=\"ai-optimize-40\">Pridedamos ap\u0161vietimo lemput\u0117s nemokamai.<\/li>\n<li class=\"ai-optimize-27\">3 pin jungtis.<\/li>\n<\/ul>\n<p class=\"ai-optimize-38\"><strong>Tinkamumas:<\/strong><\/p>\n<ul>\n<li class=\"ai-optimize-30\"><strong>BMW E46 Sedan 3 serija,<\/strong> 1997-2005.<\/li>\n<li class=\"ai-optimize-31\"><strong>BMW E46 Compact 3 serija,<\/strong> 2001-2005.<\/li>\n<\/ul>\n<p class=\"ai-optimize-35\"><strong>Originalo kodas:\u00a0<\/strong><\/p>\n<ul>\n<li class=\"ai-optimize-36\">51137171699<\/li>\n<li class=\"ai-optimize-41\">51138204854<\/li>\n<li class=\"ai-optimize-42\">51137056132<\/li>\n<\/ul>\n<p class=\"ai-optimize-41\">Atnaujinkite automobilio i\u0161vaizd\u0105 ir suteikite agresyv\u0173, bei modern\u0173 stili\u0173.<\/p>\n<p class=\"ai-optimize-42\">Erformance.eu elektronin\u0117je parduotuv\u0117je rasite \u012fvairi\u0173 preki\u0173 savo\u00a0<a href=\"https:\/\/erformance.eu\/produkto-kategorija\/bmw\/3-serija\/e46\/\">BMW E46 LCI ir PRE LCI<\/a>\u00a0\u00a0automobiliui. Nuo smulkiausi\u0173 pried\u0173 iki tiuning dali\u0173 plataus pasirinkimo.<\/p>\n<p class=\"ai-optimize-29\">Prek\u0117s laikomos sand\u0117lyje Lietuvoje, tod\u0117l galime garantuoti greit\u0105 pristatymo laik\u0105 (1-2 darbo dienas).<\/p>\n","protected":false},"excerpt":{"rendered":"<h5>BMW E46 numeri\u0173 ap\u0161vietimo juosta<\/h5>\n","protected":false},"featured_media":28394,"comment_status":"open","ping_status":"closed","template":"","meta":[],"product_brand":[],"product_cat":[45],"product_tag":[],"class_list":{"0":"post-3009","1":"product","2":"type-product","3":"status-publish","4":"has-post-thumbnail","6":"product_cat-e46","8":"first","9":"outofstock","10":"shipping-taxable","11":"purchasable","12":"product-type-simple"},"yoast_head":"<!-- This site is optimized with the Yoast SEO Premium plugin v25.2 (Yoast SEO v27.4) - https:\/\/yoast.com\/product\/yoast-seo-premium-wordpress\/ -->\n<title>BMW E46 numeri\u0173 ap\u0161vietimo juosta (1997-2005) - Erformance.eu<\/title>\n<meta name=\"description\" content=\"BMW E46 numeri\u0173 ap\u0161vietimo juosta. Tinka BMW E46 sedanui ir compactui LCI ir PRE LCI modeliams. Komplekte ap\u0161vietimo juosta ir lemput\u0117s.\" \/>\n<meta name=\"robots\" content=\"index, follow, max-snippet:-1, max-image-preview:large, max-video-preview:-1\" \/>\n<link rel=\"canonical\" href=\"https:\/\/erformance.eu\/et\/toode\/bmw-e46-numeriu-apsvietimo-juosta\/\" \/>\n<meta property=\"og:locale\" content=\"et_EE\" \/>\n<meta property=\"og:type\" content=\"article\" \/>\n<meta property=\"og:title\" content=\"BMW E46 numeri\u0173 ap\u0161vietimo juosta (1997-2005)\" \/>\n<meta property=\"og:description\" content=\"BMW E46 numeri\u0173 ap\u0161vietimo juosta. Tinka BMW E46 sedanui ir compactui LCI ir PRE LCI modeliams. Komplekte ap\u0161vietimo juosta ir lemput\u0117s.\" \/>\n<meta property=\"og:url\" content=\"https:\/\/erformance.eu\/et\/toode\/bmw-e46-numeriu-apsvietimo-juosta\/\" \/>\n<meta property=\"og:site_name\" content=\"Erformance.eu\" \/>\n<meta property=\"article:modified_time\" content=\"2026-03-10T18:26:46+00:00\" \/>\n<meta property=\"og:image\" content=\"https:\/\/erformance.eu\/wp-content\/uploads\/2024\/09\/bmw-e46-numeriu-apsvietimo-juosta-1.webp\" \/>\n\t<meta property=\"og:image:width\" content=\"1080\" \/>\n\t<meta property=\"og:image:height\" content=\"1080\" \/>\n\t<meta property=\"og:image:type\" content=\"image\/webp\" \/>\n<meta name=\"twitter:card\" content=\"summary_large_image\" \/>\n<meta name=\"twitter:label1\" content=\"Est. reading time\" \/>\n\t<meta name=\"twitter:data1\" content=\"1 minut\" \/>\n<script type=\"application\/ld+json\" class=\"yoast-schema-graph\">{\"@context\":\"https:\\\/\\\/schema.org\",\"@graph\":[{\"@type\":\"WebPage\",\"@id\":\"https:\\\/\\\/erformance.eu\\\/et\\\/toode\\\/bmw-e46-numeriu-apsvietimo-juosta\\\/\",\"url\":\"https:\\\/\\\/erformance.eu\\\/et\\\/toode\\\/bmw-e46-numeriu-apsvietimo-juosta\\\/\",\"name\":\"BMW E46 numeri\u0173 ap\u0161vietimo juosta (1997-2005) - Erformance.eu\",\"isPartOf\":{\"@id\":\"https:\\\/\\\/erformance.eu\\\/et\\\/#website\"},\"primaryImageOfPage\":{\"@id\":\"https:\\\/\\\/erformance.eu\\\/et\\\/toode\\\/bmw-e46-numeriu-apsvietimo-juosta\\\/#primaryimage\"},\"image\":{\"@id\":\"https:\\\/\\\/erformance.eu\\\/et\\\/toode\\\/bmw-e46-numeriu-apsvietimo-juosta\\\/#primaryimage\"},\"thumbnailUrl\":\"https:\\\/\\\/erformance.eu\\\/wp-content\\\/uploads\\\/2024\\\/09\\\/bmw-e46-numeriu-apsvietimo-juosta-1.webp\",\"datePublished\":\"2024-09-19T19:58:30+00:00\",\"dateModified\":\"2026-03-10T18:26:46+00:00\",\"description\":\"BMW E46 numeri\u0173 ap\u0161vietimo juosta. Tinka BMW E46 sedanui ir compactui LCI ir PRE LCI modeliams. Komplekte ap\u0161vietimo juosta ir lemput\u0117s.\",\"breadcrumb\":{\"@id\":\"https:\\\/\\\/erformance.eu\\\/et\\\/toode\\\/bmw-e46-numeriu-apsvietimo-juosta\\\/#breadcrumb\"},\"inLanguage\":\"et\",\"potentialAction\":[{\"@type\":\"ReadAction\",\"target\":[\"https:\\\/\\\/erformance.eu\\\/et\\\/toode\\\/bmw-e46-numeriu-apsvietimo-juosta\\\/\"]}]},{\"@type\":\"ImageObject\",\"inLanguage\":\"et\",\"@id\":\"https:\\\/\\\/erformance.eu\\\/et\\\/toode\\\/bmw-e46-numeriu-apsvietimo-juosta\\\/#primaryimage\",\"url\":\"https:\\\/\\\/erformance.eu\\\/wp-content\\\/uploads\\\/2024\\\/09\\\/bmw-e46-numeriu-apsvietimo-juosta-1.webp\",\"contentUrl\":\"https:\\\/\\\/erformance.eu\\\/wp-content\\\/uploads\\\/2024\\\/09\\\/bmw-e46-numeriu-apsvietimo-juosta-1.webp\",\"width\":1080,\"height\":1080,\"caption\":\"BMW E46 numeri\u0173 ap\u0161vietimo juosta sedanui compactui\"},{\"@type\":\"BreadcrumbList\",\"@id\":\"https:\\\/\\\/erformance.eu\\\/et\\\/toode\\\/bmw-e46-numeriu-apsvietimo-juosta\\\/#breadcrumb\",\"itemListElement\":[{\"@type\":\"ListItem\",\"position\":1,\"name\":\"Home\",\"item\":\"https:\\\/\\\/erformance.eu\\\/et\\\/\"},{\"@type\":\"ListItem\",\"position\":2,\"name\":\"Pood\",\"item\":\"https:\\\/\\\/erformance.eu\\\/et\\\/pood\\\/\"},{\"@type\":\"ListItem\",\"position\":3,\"name\":\"BMW E46 numeri\u0173 ap\u0161vietimo juosta (1997-2005)\"}]},{\"@type\":\"WebSite\",\"@id\":\"https:\\\/\\\/erformance.eu\\\/et\\\/#website\",\"url\":\"https:\\\/\\\/erformance.eu\\\/et\\\/\",\"name\":\"Erformance.eu\",\"description\":\"Automobili\u0173 dali\u0173 parduotuv\u0117\",\"potentialAction\":[{\"@type\":\"SearchAction\",\"target\":{\"@type\":\"EntryPoint\",\"urlTemplate\":\"https:\\\/\\\/erformance.eu\\\/et\\\/?s={search_term_string}\"},\"query-input\":{\"@type\":\"PropertyValueSpecification\",\"valueRequired\":true,\"valueName\":\"search_term_string\"}}],\"inLanguage\":\"et\"}]}<\/script>\n<!-- \/ Yoast SEO Premium plugin. -->","yoast_head_json":{"title":"BMW E46 numeri\u0173 ap\u0161vietimo juosta (1997-2005) - Erformance.eu","description":"BMW E46 numeri\u0173 ap\u0161vietimo juosta. Tinka BMW E46 sedanui ir compactui LCI ir PRE LCI modeliams. Komplekte ap\u0161vietimo juosta ir lemput\u0117s.","robots":{"index":"index","follow":"follow","max-snippet":"max-snippet:-1","max-image-preview":"max-image-preview:large","max-video-preview":"max-video-preview:-1"},"canonical":"https:\/\/erformance.eu\/et\/toode\/bmw-e46-numeriu-apsvietimo-juosta\/","og_locale":"et_EE","og_type":"article","og_title":"BMW E46 numeri\u0173 ap\u0161vietimo juosta (1997-2005)","og_description":"BMW E46 numeri\u0173 ap\u0161vietimo juosta. Tinka BMW E46 sedanui ir compactui LCI ir PRE LCI modeliams. Komplekte ap\u0161vietimo juosta ir lemput\u0117s.","og_url":"https:\/\/erformance.eu\/et\/toode\/bmw-e46-numeriu-apsvietimo-juosta\/","og_site_name":"Erformance.eu","article_modified_time":"2026-03-10T18:26:46+00:00","og_image":[{"width":1080,"height":1080,"url":"https:\/\/erformance.eu\/wp-content\/uploads\/2024\/09\/bmw-e46-numeriu-apsvietimo-juosta-1.webp","type":"image\/webp"}],"twitter_card":"summary_large_image","twitter_misc":{"Est. reading time":"1 minut"},"schema":{"@context":"https:\/\/schema.org","@graph":[{"@type":"WebPage","@id":"https:\/\/erformance.eu\/et\/toode\/bmw-e46-numeriu-apsvietimo-juosta\/","url":"https:\/\/erformance.eu\/et\/toode\/bmw-e46-numeriu-apsvietimo-juosta\/","name":"BMW E46 numeri\u0173 ap\u0161vietimo juosta (1997-2005) - Erformance.eu","isPartOf":{"@id":"https:\/\/erformance.eu\/et\/#website"},"primaryImageOfPage":{"@id":"https:\/\/erformance.eu\/et\/toode\/bmw-e46-numeriu-apsvietimo-juosta\/#primaryimage"},"image":{"@id":"https:\/\/erformance.eu\/et\/toode\/bmw-e46-numeriu-apsvietimo-juosta\/#primaryimage"},"thumbnailUrl":"https:\/\/erformance.eu\/wp-content\/uploads\/2024\/09\/bmw-e46-numeriu-apsvietimo-juosta-1.webp","datePublished":"2024-09-19T19:58:30+00:00","dateModified":"2026-03-10T18:26:46+00:00","description":"BMW E46 numeri\u0173 ap\u0161vietimo juosta. Tinka BMW E46 sedanui ir compactui LCI ir PRE LCI modeliams. Komplekte ap\u0161vietimo juosta ir lemput\u0117s.","breadcrumb":{"@id":"https:\/\/erformance.eu\/et\/toode\/bmw-e46-numeriu-apsvietimo-juosta\/#breadcrumb"},"inLanguage":"et","potentialAction":[{"@type":"ReadAction","target":["https:\/\/erformance.eu\/et\/toode\/bmw-e46-numeriu-apsvietimo-juosta\/"]}]},{"@type":"ImageObject","inLanguage":"et","@id":"https:\/\/erformance.eu\/et\/toode\/bmw-e46-numeriu-apsvietimo-juosta\/#primaryimage","url":"https:\/\/erformance.eu\/wp-content\/uploads\/2024\/09\/bmw-e46-numeriu-apsvietimo-juosta-1.webp","contentUrl":"https:\/\/erformance.eu\/wp-content\/uploads\/2024\/09\/bmw-e46-numeriu-apsvietimo-juosta-1.webp","width":1080,"height":1080,"caption":"BMW E46 numeri\u0173 ap\u0161vietimo juosta sedanui compactui"},{"@type":"BreadcrumbList","@id":"https:\/\/erformance.eu\/et\/toode\/bmw-e46-numeriu-apsvietimo-juosta\/#breadcrumb","itemListElement":[{"@type":"ListItem","position":1,"name":"Home","item":"https:\/\/erformance.eu\/et\/"},{"@type":"ListItem","position":2,"name":"Pood","item":"https:\/\/erformance.eu\/et\/pood\/"},{"@type":"ListItem","position":3,"name":"BMW E46 numeri\u0173 ap\u0161vietimo juosta (1997-2005)"}]},{"@type":"WebSite","@id":"https:\/\/erformance.eu\/et\/#website","url":"https:\/\/erformance.eu\/et\/","name":"Erformance.eu","description":"Automobili\u0173 dali\u0173 parduotuv\u0117","potentialAction":[{"@type":"SearchAction","target":{"@type":"EntryPoint","urlTemplate":"https:\/\/erformance.eu\/et\/?s={search_term_string}"},"query-input":{"@type":"PropertyValueSpecification","valueRequired":true,"valueName":"search_term_string"}}],"inLanguage":"et"}]}},"jetpack_sharing_enabled":true,"_links":{"self":[{"href":"https:\/\/erformance.eu\/et\/wp-json\/wp\/v2\/product\/3009","targetHints":{"allow":["GET"]}}],"collection":[{"href":"https:\/\/erformance.eu\/et\/wp-json\/wp\/v2\/product"}],"about":[{"href":"https:\/\/erformance.eu\/et\/wp-json\/wp\/v2\/types\/product"}],"replies":[{"embeddable":true,"href":"https:\/\/erformance.eu\/et\/wp-json\/wp\/v2\/comments?post=3009"}],"version-history":[{"count":3,"href":"https:\/\/erformance.eu\/et\/wp-json\/wp\/v2\/product\/3009\/revisions"}],"predecessor-version":[{"id":28397,"href":"https:\/\/erformance.eu\/et\/wp-json\/wp\/v2\/product\/3009\/revisions\/28397"}],"wp:featuredmedia":[{"embeddable":true,"href":"https:\/\/erformance.eu\/et\/wp-json\/wp\/v2\/media\/28394"}],"wp:attachment":[{"href":"https:\/\/erformance.eu\/et\/wp-json\/wp\/v2\/media?parent=3009"}],"wp:term":[{"taxonomy":"product_brand","embeddable":true,"href":"https:\/\/erformance.eu\/et\/wp-json\/wp\/v2\/product_brand?post=3009"},{"taxonomy":"product_cat","embeddable":true,"href":"https:\/\/erformance.eu\/et\/wp-json\/wp\/v2\/product_cat?post=3009"},{"taxonomy":"product_tag","embeddable":true,"href":"https:\/\/erformance.eu\/et\/wp-json\/wp\/v2\/product_tag?post=3009"}],"curies":[{"name":"wp","href":"https:\/\/api.w.org\/{rel}","templated":true}]}}