{"id":3026,"date":"2024-09-19T23:11:54","date_gmt":"2024-09-19T20:11:54","guid":{"rendered":"https:\/\/erformance.eu\/?post_type=product&#038;p=3026"},"modified":"2026-02-13T23:56:48","modified_gmt":"2026-02-13T20:56:48","slug":"bmw-e90-e91-pre-lci-led-markeriai-angel-eyes","status":"publish","type":"product","link":"https:\/\/erformance.eu\/et\/toode\/bmw-e90-e91-pre-lci-led-markeriai-angel-eyes\/","title":{"rendered":"BMW E90 E91 PRE LCI (05-08) LED markeriai, balti 6000K"},"content":{"rendered":"<p class=\"ai-optimize-33 ai-optimize-introduction\"><strong>Prek\u0117s pavadinimas:<\/strong><\/p>\n<ul>\n<li class=\"ai-optimize-33 ai-optimize-introduction\">BMW E90 E91 LED markeriai (angel eyes).<\/li>\n<\/ul>\n<p class=\"ai-optimize-26\"><strong>Komplekt\u0105 sudaro:<\/strong><\/p>\n<ul>\n<li class=\"ai-optimize-44\">2 vnt. LED markeri\u0173 skirt\u0173 E90 E91 PRE LCI modeliui.<\/li>\n<\/ul>\n<p class=\"ai-optimize-43\"><strong>Spalva:<\/strong><\/p>\n<ul>\n<li class=\"ai-optimize-35\">6000k (balta).<\/li>\n<\/ul>\n<p class=\"ai-optimize-36\"><strong>Savyb\u0117s:<\/strong><\/p>\n<ul>\n<li class=\"ai-optimize-29\">CANBUS sistema, nemeta klaid\u0173 skydelyje.<\/li>\n<li class=\"ai-optimize-45\">Lengvas montavimas \u2013 PLUG &amp; PLAY.<\/li>\n<li class=\"ai-optimize-46\">Ry\u0161kios, baltos spalvos LED lemput\u0117s.<\/li>\n<li class=\"ai-optimize-48\">20W galingumo lemput\u0117s.<\/li>\n<\/ul>\n<p class=\"ai-optimize-38\"><strong>Tinkamumas:<\/strong><\/p>\n<ul>\n<li class=\"ai-optimize-31\"><strong>BMW E90 3 serija, <\/strong>(2005-2008) <strong>SU XENON \u017dIBINTAIS.<\/strong><\/li>\n<li class=\"ai-optimize-34\"><strong>BMW E91 3 serija,<\/strong>\u00a0(2005-2008) <strong>SU XENON \u017dIBINTAIS.<\/strong><\/li>\n<\/ul>\n<p class=\"ai-optimize-41\">Atnaujinkite automobilio i\u0161vaizd\u0105 ir suteikite agresyv\u0173, bei modern\u0173 stili\u0173.<\/p>\n<p class=\"ai-optimize-42\">Erformance.eu elektronin\u0117je parduotuv\u0117je rasite \u012fvairi\u0173 preki\u0173 savo\u00a0<a href=\"https:\/\/erformance.eu\/produkto-kategorija\/bmw\/\">BMW<\/a>\u00a0automobiliui. Nuo smulkiausi\u0173 pried\u0173 iki tiuning dali\u0173 plataus pasirinkimo.<\/p>\n<p class=\"ai-optimize-29\">Prek\u0117s laikomos sand\u0117lyje Lietuvoje, tod\u0117l galime garantuoti greit\u0105 pristatymo laik\u0105 (1-2 darbo dienas).<\/p>\n","protected":false},"excerpt":{"rendered":"<h5>BMW E90 E91 LED markeriai<\/h5>\n","protected":false},"featured_media":28515,"comment_status":"open","ping_status":"closed","template":"","meta":[],"product_brand":[],"product_cat":[46,2771,3377],"product_tag":[],"class_list":{"0":"post-3026","1":"product","2":"type-product","3":"status-publish","4":"has-post-thumbnail","6":"product_cat-e90-e91","7":"product_cat-e90-e91-isores-dalys","8":"product_cat-e90-e91-isores-zibintai-apsvietimas","10":"first","11":"outofstock","12":"shipping-taxable","13":"purchasable","14":"product-type-simple"},"yoast_head":"<!-- This site is optimized with the Yoast SEO Premium plugin v25.2 (Yoast SEO v27.5) - https:\/\/yoast.com\/product\/yoast-seo-premium-wordpress\/ -->\n<title>BMW E90 E91 PRE LCI (05-08) LED markeriai, balti 6000K - Erformance.eu<\/title>\n<meta name=\"description\" content=\"BMW E90 E91 LED markeriai. PRE LCI xenon \u017eibintams. Balta 6000K spalva. Ry\u0161k\u016bs, auk\u0161tos kokyb\u0117s LED markeriai. Atnaujinkite savo BMW i\u0161vaizd\u0105.\" \/>\n<meta name=\"robots\" content=\"index, follow, max-snippet:-1, max-image-preview:large, max-video-preview:-1\" \/>\n<link rel=\"canonical\" href=\"https:\/\/erformance.eu\/et\/toode\/bmw-e90-e91-pre-lci-led-markeriai-angel-eyes\/\" \/>\n<meta property=\"og:locale\" content=\"et_EE\" \/>\n<meta property=\"og:type\" content=\"article\" \/>\n<meta property=\"og:title\" content=\"BMW E90 E91 PRE LCI (05-08) LED markeriai, balti 6000K\" \/>\n<meta property=\"og:description\" content=\"BMW E90 E91 LED markeriai. PRE LCI xenon \u017eibintams. Balta 6000K spalva. Ry\u0161k\u016bs, auk\u0161tos kokyb\u0117s LED markeriai. Atnaujinkite savo BMW i\u0161vaizd\u0105.\" \/>\n<meta property=\"og:url\" content=\"https:\/\/erformance.eu\/et\/toode\/bmw-e90-e91-pre-lci-led-markeriai-angel-eyes\/\" \/>\n<meta property=\"og:site_name\" content=\"Erformance.eu\" \/>\n<meta property=\"article:modified_time\" content=\"2026-02-13T20:56:48+00:00\" \/>\n<meta property=\"og:image\" content=\"https:\/\/erformance.eu\/wp-content\/uploads\/2024\/09\/bmw-e90-e91-pre-lci-led-markeriai-angel-eyes-balti-1.webp\" \/>\n\t<meta property=\"og:image:width\" content=\"1080\" \/>\n\t<meta property=\"og:image:height\" content=\"1080\" \/>\n\t<meta property=\"og:image:type\" content=\"image\/webp\" \/>\n<meta name=\"twitter:card\" content=\"summary_large_image\" \/>\n<meta name=\"twitter:label1\" content=\"Est. reading time\" \/>\n\t<meta name=\"twitter:data1\" content=\"1 minut\" \/>\n<script type=\"application\/ld+json\" class=\"yoast-schema-graph\">{\"@context\":\"https:\\\/\\\/schema.org\",\"@graph\":[{\"@type\":\"WebPage\",\"@id\":\"https:\\\/\\\/erformance.eu\\\/et\\\/toode\\\/bmw-e90-e91-pre-lci-led-markeriai-angel-eyes\\\/\",\"url\":\"https:\\\/\\\/erformance.eu\\\/et\\\/toode\\\/bmw-e90-e91-pre-lci-led-markeriai-angel-eyes\\\/\",\"name\":\"BMW E90 E91 PRE LCI (05-08) LED markeriai, balti 6000K - Erformance.eu\",\"isPartOf\":{\"@id\":\"https:\\\/\\\/erformance.eu\\\/et\\\/#website\"},\"primaryImageOfPage\":{\"@id\":\"https:\\\/\\\/erformance.eu\\\/et\\\/toode\\\/bmw-e90-e91-pre-lci-led-markeriai-angel-eyes\\\/#primaryimage\"},\"image\":{\"@id\":\"https:\\\/\\\/erformance.eu\\\/et\\\/toode\\\/bmw-e90-e91-pre-lci-led-markeriai-angel-eyes\\\/#primaryimage\"},\"thumbnailUrl\":\"https:\\\/\\\/erformance.eu\\\/wp-content\\\/uploads\\\/2024\\\/09\\\/bmw-e90-e91-pre-lci-led-markeriai-angel-eyes-balti-1.webp\",\"datePublished\":\"2024-09-19T20:11:54+00:00\",\"dateModified\":\"2026-02-13T20:56:48+00:00\",\"description\":\"BMW E90 E91 LED markeriai. PRE LCI xenon \u017eibintams. Balta 6000K spalva. Ry\u0161k\u016bs, auk\u0161tos kokyb\u0117s LED markeriai. Atnaujinkite savo BMW i\u0161vaizd\u0105.\",\"breadcrumb\":{\"@id\":\"https:\\\/\\\/erformance.eu\\\/et\\\/toode\\\/bmw-e90-e91-pre-lci-led-markeriai-angel-eyes\\\/#breadcrumb\"},\"inLanguage\":\"et\",\"potentialAction\":[{\"@type\":\"ReadAction\",\"target\":[\"https:\\\/\\\/erformance.eu\\\/et\\\/toode\\\/bmw-e90-e91-pre-lci-led-markeriai-angel-eyes\\\/\"]}]},{\"@type\":\"ImageObject\",\"inLanguage\":\"et\",\"@id\":\"https:\\\/\\\/erformance.eu\\\/et\\\/toode\\\/bmw-e90-e91-pre-lci-led-markeriai-angel-eyes\\\/#primaryimage\",\"url\":\"https:\\\/\\\/erformance.eu\\\/wp-content\\\/uploads\\\/2024\\\/09\\\/bmw-e90-e91-pre-lci-led-markeriai-angel-eyes-balti-1.webp\",\"contentUrl\":\"https:\\\/\\\/erformance.eu\\\/wp-content\\\/uploads\\\/2024\\\/09\\\/bmw-e90-e91-pre-lci-led-markeriai-angel-eyes-balti-1.webp\",\"width\":1080,\"height\":1080,\"caption\":\"bmw e90 e91 pre lci led markeriai xenon balti pagrindin\u0117\"},{\"@type\":\"BreadcrumbList\",\"@id\":\"https:\\\/\\\/erformance.eu\\\/et\\\/toode\\\/bmw-e90-e91-pre-lci-led-markeriai-angel-eyes\\\/#breadcrumb\",\"itemListElement\":[{\"@type\":\"ListItem\",\"position\":1,\"name\":\"Home\",\"item\":\"https:\\\/\\\/erformance.eu\\\/et\\\/\"},{\"@type\":\"ListItem\",\"position\":2,\"name\":\"Pood\",\"item\":\"https:\\\/\\\/erformance.eu\\\/et\\\/pood\\\/\"},{\"@type\":\"ListItem\",\"position\":3,\"name\":\"BMW E90 E91 PRE LCI (05-08) LED markeriai, balti 6000K\"}]},{\"@type\":\"WebSite\",\"@id\":\"https:\\\/\\\/erformance.eu\\\/et\\\/#website\",\"url\":\"https:\\\/\\\/erformance.eu\\\/et\\\/\",\"name\":\"Erformance.eu\",\"description\":\"Automobili\u0173 dali\u0173 parduotuv\u0117\",\"potentialAction\":[{\"@type\":\"SearchAction\",\"target\":{\"@type\":\"EntryPoint\",\"urlTemplate\":\"https:\\\/\\\/erformance.eu\\\/et\\\/?s={search_term_string}\"},\"query-input\":{\"@type\":\"PropertyValueSpecification\",\"valueRequired\":true,\"valueName\":\"search_term_string\"}}],\"inLanguage\":\"et\"}]}<\/script>\n<!-- \/ Yoast SEO Premium plugin. -->","yoast_head_json":{"title":"BMW E90 E91 PRE LCI (05-08) LED markeriai, balti 6000K - Erformance.eu","description":"BMW E90 E91 LED markeriai. PRE LCI xenon \u017eibintams. Balta 6000K spalva. Ry\u0161k\u016bs, auk\u0161tos kokyb\u0117s LED markeriai. Atnaujinkite savo BMW i\u0161vaizd\u0105.","robots":{"index":"index","follow":"follow","max-snippet":"max-snippet:-1","max-image-preview":"max-image-preview:large","max-video-preview":"max-video-preview:-1"},"canonical":"https:\/\/erformance.eu\/et\/toode\/bmw-e90-e91-pre-lci-led-markeriai-angel-eyes\/","og_locale":"et_EE","og_type":"article","og_title":"BMW E90 E91 PRE LCI (05-08) LED markeriai, balti 6000K","og_description":"BMW E90 E91 LED markeriai. PRE LCI xenon \u017eibintams. Balta 6000K spalva. Ry\u0161k\u016bs, auk\u0161tos kokyb\u0117s LED markeriai. Atnaujinkite savo BMW i\u0161vaizd\u0105.","og_url":"https:\/\/erformance.eu\/et\/toode\/bmw-e90-e91-pre-lci-led-markeriai-angel-eyes\/","og_site_name":"Erformance.eu","article_modified_time":"2026-02-13T20:56:48+00:00","og_image":[{"width":1080,"height":1080,"url":"https:\/\/erformance.eu\/wp-content\/uploads\/2024\/09\/bmw-e90-e91-pre-lci-led-markeriai-angel-eyes-balti-1.webp","type":"image\/webp"}],"twitter_card":"summary_large_image","twitter_misc":{"Est. reading time":"1 minut"},"schema":{"@context":"https:\/\/schema.org","@graph":[{"@type":"WebPage","@id":"https:\/\/erformance.eu\/et\/toode\/bmw-e90-e91-pre-lci-led-markeriai-angel-eyes\/","url":"https:\/\/erformance.eu\/et\/toode\/bmw-e90-e91-pre-lci-led-markeriai-angel-eyes\/","name":"BMW E90 E91 PRE LCI (05-08) LED markeriai, balti 6000K - Erformance.eu","isPartOf":{"@id":"https:\/\/erformance.eu\/et\/#website"},"primaryImageOfPage":{"@id":"https:\/\/erformance.eu\/et\/toode\/bmw-e90-e91-pre-lci-led-markeriai-angel-eyes\/#primaryimage"},"image":{"@id":"https:\/\/erformance.eu\/et\/toode\/bmw-e90-e91-pre-lci-led-markeriai-angel-eyes\/#primaryimage"},"thumbnailUrl":"https:\/\/erformance.eu\/wp-content\/uploads\/2024\/09\/bmw-e90-e91-pre-lci-led-markeriai-angel-eyes-balti-1.webp","datePublished":"2024-09-19T20:11:54+00:00","dateModified":"2026-02-13T20:56:48+00:00","description":"BMW E90 E91 LED markeriai. PRE LCI xenon \u017eibintams. Balta 6000K spalva. Ry\u0161k\u016bs, auk\u0161tos kokyb\u0117s LED markeriai. Atnaujinkite savo BMW i\u0161vaizd\u0105.","breadcrumb":{"@id":"https:\/\/erformance.eu\/et\/toode\/bmw-e90-e91-pre-lci-led-markeriai-angel-eyes\/#breadcrumb"},"inLanguage":"et","potentialAction":[{"@type":"ReadAction","target":["https:\/\/erformance.eu\/et\/toode\/bmw-e90-e91-pre-lci-led-markeriai-angel-eyes\/"]}]},{"@type":"ImageObject","inLanguage":"et","@id":"https:\/\/erformance.eu\/et\/toode\/bmw-e90-e91-pre-lci-led-markeriai-angel-eyes\/#primaryimage","url":"https:\/\/erformance.eu\/wp-content\/uploads\/2024\/09\/bmw-e90-e91-pre-lci-led-markeriai-angel-eyes-balti-1.webp","contentUrl":"https:\/\/erformance.eu\/wp-content\/uploads\/2024\/09\/bmw-e90-e91-pre-lci-led-markeriai-angel-eyes-balti-1.webp","width":1080,"height":1080,"caption":"bmw e90 e91 pre lci led markeriai xenon balti pagrindin\u0117"},{"@type":"BreadcrumbList","@id":"https:\/\/erformance.eu\/et\/toode\/bmw-e90-e91-pre-lci-led-markeriai-angel-eyes\/#breadcrumb","itemListElement":[{"@type":"ListItem","position":1,"name":"Home","item":"https:\/\/erformance.eu\/et\/"},{"@type":"ListItem","position":2,"name":"Pood","item":"https:\/\/erformance.eu\/et\/pood\/"},{"@type":"ListItem","position":3,"name":"BMW E90 E91 PRE LCI (05-08) LED markeriai, balti 6000K"}]},{"@type":"WebSite","@id":"https:\/\/erformance.eu\/et\/#website","url":"https:\/\/erformance.eu\/et\/","name":"Erformance.eu","description":"Automobili\u0173 dali\u0173 parduotuv\u0117","potentialAction":[{"@type":"SearchAction","target":{"@type":"EntryPoint","urlTemplate":"https:\/\/erformance.eu\/et\/?s={search_term_string}"},"query-input":{"@type":"PropertyValueSpecification","valueRequired":true,"valueName":"search_term_string"}}],"inLanguage":"et"}]}},"jetpack_sharing_enabled":true,"_links":{"self":[{"href":"https:\/\/erformance.eu\/et\/wp-json\/wp\/v2\/product\/3026","targetHints":{"allow":["GET"]}}],"collection":[{"href":"https:\/\/erformance.eu\/et\/wp-json\/wp\/v2\/product"}],"about":[{"href":"https:\/\/erformance.eu\/et\/wp-json\/wp\/v2\/types\/product"}],"replies":[{"embeddable":true,"href":"https:\/\/erformance.eu\/et\/wp-json\/wp\/v2\/comments?post=3026"}],"version-history":[{"count":2,"href":"https:\/\/erformance.eu\/et\/wp-json\/wp\/v2\/product\/3026\/revisions"}],"predecessor-version":[{"id":3549,"href":"https:\/\/erformance.eu\/et\/wp-json\/wp\/v2\/product\/3026\/revisions\/3549"}],"wp:featuredmedia":[{"embeddable":true,"href":"https:\/\/erformance.eu\/et\/wp-json\/wp\/v2\/media\/28515"}],"wp:attachment":[{"href":"https:\/\/erformance.eu\/et\/wp-json\/wp\/v2\/media?parent=3026"}],"wp:term":[{"taxonomy":"product_brand","embeddable":true,"href":"https:\/\/erformance.eu\/et\/wp-json\/wp\/v2\/product_brand?post=3026"},{"taxonomy":"product_cat","embeddable":true,"href":"https:\/\/erformance.eu\/et\/wp-json\/wp\/v2\/product_cat?post=3026"},{"taxonomy":"product_tag","embeddable":true,"href":"https:\/\/erformance.eu\/et\/wp-json\/wp\/v2\/product_tag?post=3026"}],"curies":[{"name":"wp","href":"https:\/\/api.w.org\/{rel}","templated":true}]}}