{"id":30782,"date":"2025-12-12T01:54:22","date_gmt":"2025-12-11T22:54:22","guid":{"rendered":"https:\/\/erformance.eu\/?post_type=product&#038;p=30782"},"modified":"2026-03-13T23:56:09","modified_gmt":"2026-03-13T20:56:09","slug":"fresso-automobilio-kvapas-medine-kortele-paradise-spark","status":"publish","type":"product","link":"https:\/\/erformance.eu\/et\/toode\/fresso-automobilio-kvapas-medine-kortele-paradise-spark\/","title":{"rendered":"Fresso automobilio kvapas medin\u0117 kortel\u0117 (paradise spark)"},"content":{"rendered":"<p class=\"ai-optimize-32 ai-optimize-introduction\">Fresso automobilio kvapas medin\u0117 kortel\u0117 (paradise spark).<\/p>\n<p class=\"ai-optimize-33\">Komplekt\u0105 sudaro:<\/p>\n<ul>\n<li class=\"ai-optimize-34\">1 vnt. fresso pakabinamas automobilio kvapas.<\/li>\n<\/ul>\n<p class=\"ai-optimize-37\">Kvapas:<\/p>\n<ul>\n<li class=\"ai-optimize-38\">PARADISE SPARK \u2013 gamtos \u017ealumos ir citrusini\u0173 vaisi\u0173 derinys, kur\u012f papildo nupjautos \u017eol\u0117s ir obuoli\u0173 akcentai. Subtilios lelij\u0173 u\u017euominos, apsuptos gintaro ir \u0105\u017euolo natomis, kvapui suteikia aksominio \u0161velnumo ir \u0161ilumos.<\/li>\n<\/ul>\n<p class=\"ai-optimize-35\">Savyb\u0117s:<\/p>\n<ul>\n<li class=\"ai-optimize-41\">Kvapas i\u0161liekantis iki 31 dienos.<\/li>\n<li class=\"ai-optimize-42\">Prabangos ir kokyb\u0117s jausmas viename.<\/li>\n<li class=\"ai-optimize-43\">Auks\u010diausios kokyb\u0117s kvap\u0173 derinys.<\/li>\n<\/ul>\n<p class=\"ai-optimize-44\">Naudojimas:<\/p>\n<ul>\n<li class=\"ai-optimize-44\">Kvap\u0105, medin\u0119 kortel\u0119 pakabinti automobilio viduje, geriausia ant veidrod\u0117lio. Vengti tiesioginio patekimo ant odos, plastiko pavir\u0161i\u0173.<\/li>\n<\/ul>\n<p class=\"ai-optimize-41\">Pasir\u016bpinkite savo automobiliu tinkamai.<\/p>\n<p class=\"ai-optimize-42\"><a href=\"https:\/\/erformance.eu\/\">Erformance.eu<\/a>\u00a0elektronin\u0117je parduotuv\u0117je rasite \u012fvairi\u0173 preki\u0173 savo automobiliui. Nuo smulkiausi\u0173 prie\u017ei\u016bros reikmen\u0173 iki tiuning dali\u0173 plataus pasirinkimo.<\/p>\n<p class=\"ai-optimize-29\">Prek\u0117s laikomos sand\u0117lyje Lietuvoje, tod\u0117l galime garantuoti greit\u0105 pristatymo laik\u0105 (1-2 darbo dienas).<\/p>\n","protected":false},"excerpt":{"rendered":"<h5 class=\"ai-optimize-25\">Fresso (paradise spark) medin\u0117 kortel\u0117<\/h5>\n","protected":false},"featured_media":30783,"comment_status":"open","ping_status":"closed","template":"","meta":[],"product_brand":[],"product_cat":[28],"product_tag":[],"class_list":{"0":"post-30782","1":"product","2":"type-product","3":"status-publish","4":"has-post-thumbnail","6":"product_cat-autochemija","8":"first","9":"instock","10":"sale","11":"shipping-taxable","12":"purchasable","13":"product-type-simple"},"yoast_head":"<!-- This site is optimized with the Yoast SEO Premium plugin v25.2 (Yoast SEO v27.5) - https:\/\/yoast.com\/product\/yoast-seo-premium-wordpress\/ -->\n<title>Fresso automobilio kvapas medin\u0117 kortel\u0117 (paradise spark) - Erformance.eu<\/title>\n<meta name=\"description\" content=\"Fresso automobilio kvapas medin\u0117 kortel\u0117 (paradise spark). Auk\u0161tos kokyb\u0117s ir prabangos kvapas viename. Pasir\u016bpinkite savo automobiliu tinkamai.\" \/>\n<meta name=\"robots\" content=\"index, follow, max-snippet:-1, max-image-preview:large, max-video-preview:-1\" \/>\n<link rel=\"canonical\" href=\"https:\/\/erformance.eu\/et\/toode\/fresso-automobilio-kvapas-medine-kortele-paradise-spark\/\" \/>\n<meta property=\"og:locale\" content=\"et_EE\" \/>\n<meta property=\"og:type\" content=\"article\" \/>\n<meta property=\"og:title\" content=\"Fresso automobilio kvapas medin\u0117 kortel\u0117 (paradise spark)\" \/>\n<meta property=\"og:description\" content=\"Fresso automobilio kvapas medin\u0117 kortel\u0117 (paradise spark). Auk\u0161tos kokyb\u0117s ir prabangos kvapas viename. Pasir\u016bpinkite savo automobiliu tinkamai.\" \/>\n<meta property=\"og:url\" content=\"https:\/\/erformance.eu\/et\/toode\/fresso-automobilio-kvapas-medine-kortele-paradise-spark\/\" \/>\n<meta property=\"og:site_name\" content=\"Erformance.eu\" \/>\n<meta property=\"article:modified_time\" content=\"2026-03-13T20:56:09+00:00\" \/>\n<meta property=\"og:image\" content=\"https:\/\/erformance.eu\/wp-content\/uploads\/2025\/12\/fresso-paradise-spark-automobilio-kvapas-medine-kortele-1.webp\" \/>\n\t<meta property=\"og:image:width\" content=\"1080\" \/>\n\t<meta property=\"og:image:height\" content=\"1080\" \/>\n\t<meta property=\"og:image:type\" content=\"image\/webp\" \/>\n<meta name=\"twitter:card\" content=\"summary_large_image\" \/>\n<meta name=\"twitter:label1\" content=\"Est. reading time\" \/>\n\t<meta name=\"twitter:data1\" content=\"1 minut\" \/>\n<script type=\"application\/ld+json\" class=\"yoast-schema-graph\">{\"@context\":\"https:\\\/\\\/schema.org\",\"@graph\":[{\"@type\":\"WebPage\",\"@id\":\"https:\\\/\\\/erformance.eu\\\/et\\\/toode\\\/fresso-automobilio-kvapas-medine-kortele-paradise-spark\\\/\",\"url\":\"https:\\\/\\\/erformance.eu\\\/et\\\/toode\\\/fresso-automobilio-kvapas-medine-kortele-paradise-spark\\\/\",\"name\":\"Fresso automobilio kvapas medin\u0117 kortel\u0117 (paradise spark) - Erformance.eu\",\"isPartOf\":{\"@id\":\"https:\\\/\\\/erformance.eu\\\/et\\\/#website\"},\"primaryImageOfPage\":{\"@id\":\"https:\\\/\\\/erformance.eu\\\/et\\\/toode\\\/fresso-automobilio-kvapas-medine-kortele-paradise-spark\\\/#primaryimage\"},\"image\":{\"@id\":\"https:\\\/\\\/erformance.eu\\\/et\\\/toode\\\/fresso-automobilio-kvapas-medine-kortele-paradise-spark\\\/#primaryimage\"},\"thumbnailUrl\":\"https:\\\/\\\/erformance.eu\\\/wp-content\\\/uploads\\\/2025\\\/12\\\/fresso-paradise-spark-automobilio-kvapas-medine-kortele-1.webp\",\"datePublished\":\"2025-12-11T22:54:22+00:00\",\"dateModified\":\"2026-03-13T20:56:09+00:00\",\"description\":\"Fresso automobilio kvapas medin\u0117 kortel\u0117 (paradise spark). Auk\u0161tos kokyb\u0117s ir prabangos kvapas viename. Pasir\u016bpinkite savo automobiliu tinkamai.\",\"breadcrumb\":{\"@id\":\"https:\\\/\\\/erformance.eu\\\/et\\\/toode\\\/fresso-automobilio-kvapas-medine-kortele-paradise-spark\\\/#breadcrumb\"},\"inLanguage\":\"et\",\"potentialAction\":[{\"@type\":\"ReadAction\",\"target\":[\"https:\\\/\\\/erformance.eu\\\/et\\\/toode\\\/fresso-automobilio-kvapas-medine-kortele-paradise-spark\\\/\"]}]},{\"@type\":\"ImageObject\",\"inLanguage\":\"et\",\"@id\":\"https:\\\/\\\/erformance.eu\\\/et\\\/toode\\\/fresso-automobilio-kvapas-medine-kortele-paradise-spark\\\/#primaryimage\",\"url\":\"https:\\\/\\\/erformance.eu\\\/wp-content\\\/uploads\\\/2025\\\/12\\\/fresso-paradise-spark-automobilio-kvapas-medine-kortele-1.webp\",\"contentUrl\":\"https:\\\/\\\/erformance.eu\\\/wp-content\\\/uploads\\\/2025\\\/12\\\/fresso-paradise-spark-automobilio-kvapas-medine-kortele-1.webp\",\"width\":1080,\"height\":1080,\"caption\":\"Fresso automobilio kvapas medin\u0117 kortel\u0117 paradise spark pagrindin\u0117\"},{\"@type\":\"BreadcrumbList\",\"@id\":\"https:\\\/\\\/erformance.eu\\\/et\\\/toode\\\/fresso-automobilio-kvapas-medine-kortele-paradise-spark\\\/#breadcrumb\",\"itemListElement\":[{\"@type\":\"ListItem\",\"position\":1,\"name\":\"Home\",\"item\":\"https:\\\/\\\/erformance.eu\\\/et\\\/\"},{\"@type\":\"ListItem\",\"position\":2,\"name\":\"Pood\",\"item\":\"https:\\\/\\\/erformance.eu\\\/et\\\/pood\\\/\"},{\"@type\":\"ListItem\",\"position\":3,\"name\":\"Fresso automobilio kvapas medin\u0117 kortel\u0117 (paradise spark)\"}]},{\"@type\":\"WebSite\",\"@id\":\"https:\\\/\\\/erformance.eu\\\/et\\\/#website\",\"url\":\"https:\\\/\\\/erformance.eu\\\/et\\\/\",\"name\":\"Erformance.eu\",\"description\":\"Automobili\u0173 dali\u0173 parduotuv\u0117\",\"potentialAction\":[{\"@type\":\"SearchAction\",\"target\":{\"@type\":\"EntryPoint\",\"urlTemplate\":\"https:\\\/\\\/erformance.eu\\\/et\\\/?s={search_term_string}\"},\"query-input\":{\"@type\":\"PropertyValueSpecification\",\"valueRequired\":true,\"valueName\":\"search_term_string\"}}],\"inLanguage\":\"et\"}]}<\/script>\n<!-- \/ Yoast SEO Premium plugin. -->","yoast_head_json":{"title":"Fresso automobilio kvapas medin\u0117 kortel\u0117 (paradise spark) - Erformance.eu","description":"Fresso automobilio kvapas medin\u0117 kortel\u0117 (paradise spark). Auk\u0161tos kokyb\u0117s ir prabangos kvapas viename. Pasir\u016bpinkite savo automobiliu tinkamai.","robots":{"index":"index","follow":"follow","max-snippet":"max-snippet:-1","max-image-preview":"max-image-preview:large","max-video-preview":"max-video-preview:-1"},"canonical":"https:\/\/erformance.eu\/et\/toode\/fresso-automobilio-kvapas-medine-kortele-paradise-spark\/","og_locale":"et_EE","og_type":"article","og_title":"Fresso automobilio kvapas medin\u0117 kortel\u0117 (paradise spark)","og_description":"Fresso automobilio kvapas medin\u0117 kortel\u0117 (paradise spark). Auk\u0161tos kokyb\u0117s ir prabangos kvapas viename. Pasir\u016bpinkite savo automobiliu tinkamai.","og_url":"https:\/\/erformance.eu\/et\/toode\/fresso-automobilio-kvapas-medine-kortele-paradise-spark\/","og_site_name":"Erformance.eu","article_modified_time":"2026-03-13T20:56:09+00:00","og_image":[{"width":1080,"height":1080,"url":"https:\/\/erformance.eu\/wp-content\/uploads\/2025\/12\/fresso-paradise-spark-automobilio-kvapas-medine-kortele-1.webp","type":"image\/webp"}],"twitter_card":"summary_large_image","twitter_misc":{"Est. reading time":"1 minut"},"schema":{"@context":"https:\/\/schema.org","@graph":[{"@type":"WebPage","@id":"https:\/\/erformance.eu\/et\/toode\/fresso-automobilio-kvapas-medine-kortele-paradise-spark\/","url":"https:\/\/erformance.eu\/et\/toode\/fresso-automobilio-kvapas-medine-kortele-paradise-spark\/","name":"Fresso automobilio kvapas medin\u0117 kortel\u0117 (paradise spark) - Erformance.eu","isPartOf":{"@id":"https:\/\/erformance.eu\/et\/#website"},"primaryImageOfPage":{"@id":"https:\/\/erformance.eu\/et\/toode\/fresso-automobilio-kvapas-medine-kortele-paradise-spark\/#primaryimage"},"image":{"@id":"https:\/\/erformance.eu\/et\/toode\/fresso-automobilio-kvapas-medine-kortele-paradise-spark\/#primaryimage"},"thumbnailUrl":"https:\/\/erformance.eu\/wp-content\/uploads\/2025\/12\/fresso-paradise-spark-automobilio-kvapas-medine-kortele-1.webp","datePublished":"2025-12-11T22:54:22+00:00","dateModified":"2026-03-13T20:56:09+00:00","description":"Fresso automobilio kvapas medin\u0117 kortel\u0117 (paradise spark). Auk\u0161tos kokyb\u0117s ir prabangos kvapas viename. Pasir\u016bpinkite savo automobiliu tinkamai.","breadcrumb":{"@id":"https:\/\/erformance.eu\/et\/toode\/fresso-automobilio-kvapas-medine-kortele-paradise-spark\/#breadcrumb"},"inLanguage":"et","potentialAction":[{"@type":"ReadAction","target":["https:\/\/erformance.eu\/et\/toode\/fresso-automobilio-kvapas-medine-kortele-paradise-spark\/"]}]},{"@type":"ImageObject","inLanguage":"et","@id":"https:\/\/erformance.eu\/et\/toode\/fresso-automobilio-kvapas-medine-kortele-paradise-spark\/#primaryimage","url":"https:\/\/erformance.eu\/wp-content\/uploads\/2025\/12\/fresso-paradise-spark-automobilio-kvapas-medine-kortele-1.webp","contentUrl":"https:\/\/erformance.eu\/wp-content\/uploads\/2025\/12\/fresso-paradise-spark-automobilio-kvapas-medine-kortele-1.webp","width":1080,"height":1080,"caption":"Fresso automobilio kvapas medin\u0117 kortel\u0117 paradise spark pagrindin\u0117"},{"@type":"BreadcrumbList","@id":"https:\/\/erformance.eu\/et\/toode\/fresso-automobilio-kvapas-medine-kortele-paradise-spark\/#breadcrumb","itemListElement":[{"@type":"ListItem","position":1,"name":"Home","item":"https:\/\/erformance.eu\/et\/"},{"@type":"ListItem","position":2,"name":"Pood","item":"https:\/\/erformance.eu\/et\/pood\/"},{"@type":"ListItem","position":3,"name":"Fresso automobilio kvapas medin\u0117 kortel\u0117 (paradise spark)"}]},{"@type":"WebSite","@id":"https:\/\/erformance.eu\/et\/#website","url":"https:\/\/erformance.eu\/et\/","name":"Erformance.eu","description":"Automobili\u0173 dali\u0173 parduotuv\u0117","potentialAction":[{"@type":"SearchAction","target":{"@type":"EntryPoint","urlTemplate":"https:\/\/erformance.eu\/et\/?s={search_term_string}"},"query-input":{"@type":"PropertyValueSpecification","valueRequired":true,"valueName":"search_term_string"}}],"inLanguage":"et"}]}},"jetpack_sharing_enabled":true,"_links":{"self":[{"href":"https:\/\/erformance.eu\/et\/wp-json\/wp\/v2\/product\/30782","targetHints":{"allow":["GET"]}}],"collection":[{"href":"https:\/\/erformance.eu\/et\/wp-json\/wp\/v2\/product"}],"about":[{"href":"https:\/\/erformance.eu\/et\/wp-json\/wp\/v2\/types\/product"}],"replies":[{"embeddable":true,"href":"https:\/\/erformance.eu\/et\/wp-json\/wp\/v2\/comments?post=30782"}],"version-history":[{"count":1,"href":"https:\/\/erformance.eu\/et\/wp-json\/wp\/v2\/product\/30782\/revisions"}],"predecessor-version":[{"id":30785,"href":"https:\/\/erformance.eu\/et\/wp-json\/wp\/v2\/product\/30782\/revisions\/30785"}],"wp:featuredmedia":[{"embeddable":true,"href":"https:\/\/erformance.eu\/et\/wp-json\/wp\/v2\/media\/30783"}],"wp:attachment":[{"href":"https:\/\/erformance.eu\/et\/wp-json\/wp\/v2\/media?parent=30782"}],"wp:term":[{"taxonomy":"product_brand","embeddable":true,"href":"https:\/\/erformance.eu\/et\/wp-json\/wp\/v2\/product_brand?post=30782"},{"taxonomy":"product_cat","embeddable":true,"href":"https:\/\/erformance.eu\/et\/wp-json\/wp\/v2\/product_cat?post=30782"},{"taxonomy":"product_tag","embeddable":true,"href":"https:\/\/erformance.eu\/et\/wp-json\/wp\/v2\/product_tag?post=30782"}],"curies":[{"name":"wp","href":"https:\/\/api.w.org\/{rel}","templated":true}]}}