{"id":3162,"date":"2024-10-02T22:12:37","date_gmt":"2024-10-02T19:12:37","guid":{"rendered":"https:\/\/erformance.eu\/?post_type=product&#038;p=3162"},"modified":"2026-04-25T22:17:52","modified_gmt":"2026-04-25T19:17:52","slug":"bmw-e6x-e9x-f1x-f3x-led-numeriu-apsvietimas","status":"publish","type":"product","link":"https:\/\/erformance.eu\/et\/toode\/bmw-e6x-e9x-f1x-f3x-led-numeriu-apsvietimas\/","title":{"rendered":"BMW LED numeri\u0173 ap\u0161vietimas, E6X E7X E9X F1X F3X F0X"},"content":{"rendered":"<p class=\"ai-optimize-33 ai-optimize-introduction\"><strong>Prek\u0117s pavadinimas:<\/strong><\/p>\n<ul>\n<li class=\"ai-optimize-33 ai-optimize-introduction\">BMW LED numeri\u0173 ap\u0161vietimas.<\/li>\n<\/ul>\n<p class=\"ai-optimize-26\"><strong>Komplekt\u0105 sudaro:<\/strong><\/p>\n<ul>\n<li class=\"ai-optimize-44\">2 vnt. LED numeri\u0173 ap\u0161vietim\u0173.<\/li>\n<\/ul>\n<p class=\"ai-optimize-43\"><strong>Spalva:<\/strong><\/p>\n<ul>\n<li class=\"ai-optimize-35\">6000k (balta).<\/li>\n<\/ul>\n<p class=\"ai-optimize-36\"><strong>Savyb\u0117s:<\/strong><\/p>\n<ul>\n<li class=\"ai-optimize-29\">CANBUS sistema, nemeta klaid\u0173 skydelyje.<\/li>\n<li class=\"ai-optimize-45\">Lengvas montavimas &#8211; PLUG &amp; PLAY.<\/li>\n<li class=\"ai-optimize-46\">Ap\u0161vietimas turi 18 LED lempu\u010di\u0173 &#8211; 3528SMD\u00a012V 1.3W.<\/li>\n<li class=\"ai-optimize-47\">Atitinka Europos standartus &#8211; E \u017eym\u0117jimas.<\/li>\n<\/ul>\n<p class=\"ai-optimize-38\"><strong>Tinkamumas:<\/strong><\/p>\n<ul>\n<li class=\"ai-optimize-31\"><strong>BMW E82 serija 1,<\/strong>\u00a02004-2013 .<\/li>\n<li class=\"ai-optimize-32\"><strong>BMW E88 serija 1,<\/strong>\u00a02004-2013.<\/li>\n<li class=\"ai-optimize-33\"><strong>BMW E90 serija 3,<\/strong>\u00a02008-2012.<\/li>\n<li class=\"ai-optimize-34\"><strong>BMW E91 serija 3,<\/strong>\u00a02008-2012.<\/li>\n<li class=\"ai-optimize-35\"><strong>BMW E92 serija 3,<\/strong>\u00a02006-2013.<\/li>\n<li class=\"ai-optimize-36\"><strong>BMW E93 3 serija,<\/strong> \u00a02007-2013.<\/li>\n<li class=\"ai-optimize-37\"><strong>BMW E39 5 serija,<\/strong>\u00a01995-2003 (sedanas).<\/li>\n<li class=\"ai-optimize-38\"><strong>BMW E60 5 serija,<\/strong>\u00a02003-2010.<\/li>\n<li class=\"ai-optimize-39\"><strong>BMW E61 5 serija,<\/strong>\u00a02003-2010.<\/li>\n<li class=\"ai-optimize-40\"><strong>BMW X5 E70,<\/strong>\u00a02006-2013.<\/li>\n<li class=\"ai-optimize-41\"><strong>BMW X6 E71,<\/strong>\u00a02008-2014.<\/li>\n<li class=\"ai-optimize-31\"><strong>BMW F10 5 serija,<\/strong>\u00a02009-2017.<\/li>\n<li class=\"ai-optimize-40\"><strong>BMW F11 5 serija,<\/strong>\u00a02009-2017.<\/li>\n<li class=\"ai-optimize-48\"><strong>BMW F15 X5 serija,<\/strong> 2013-2018.<\/li>\n<li class=\"ai-optimize-49\"><strong>BMW F16 X6 serija,<\/strong> 2014-2019.<\/li>\n<li class=\"ai-optimize-50\"><strong>BMW F30 3 serija,<\/strong> 2012-2019.<\/li>\n<li class=\"ai-optimize-51\"><strong>BMW F31 3 serija,<\/strong> 2012-2019.<\/li>\n<li class=\"ai-optimize-52\"><strong>BMW F32 4 serija,<\/strong> 2013-2020.<\/li>\n<li class=\"ai-optimize-53\"><strong>BMW F33 4 serija,<\/strong> 2013-2020.<\/li>\n<\/ul>\n<p class=\"ai-optimize-41\">Atnaujinkite automobilio i\u0161vaizd\u0105 ir suteikite agresyv\u0173, bei modern\u0173 stili\u0173.<\/p>\n<p class=\"ai-optimize-42\">Erformance.eu elektronin\u0117je parduotuv\u0117je rasite \u012fvairi\u0173 preki\u0173 savo <a href=\"https:\/\/erformance.eu\/produkto-kategorija\/bmw\/\">BMW<\/a> automobiliui. Nuo smulkiausi\u0173 pried\u0173 iki tiuning dali\u0173 plataus pasirinkimo.<\/p>\n<p class=\"ai-optimize-29\">Prek\u0117s laikomos sand\u0117lyje Lietuvoje, tod\u0117l galime garantuoti greit\u0105 pristatymo laik\u0105 (1-2 darbo dienas).<\/p>\n","protected":false},"excerpt":{"rendered":"<h5 class=\"ai-optimize-25\">BMW LED numeri\u0173 ap\u0161vietimas<\/h5>\n","protected":false},"featured_media":28377,"comment_status":"open","ping_status":"closed","template":"","meta":[],"product_brand":[],"product_cat":[49,50,62,140,42,46,139,57,65,51,141,63,60,47,48,2771,2767,3345,3377],"product_tag":[],"class_list":{"0":"post-3162","1":"product","2":"type-product","3":"status-publish","4":"has-post-thumbnail","6":"product_cat-e39","7":"product_cat-e60-e61","8":"product_cat-e70","9":"product_cat-e71-e72","10":"product_cat-e81-e82-e87-e88","11":"product_cat-e90-e91","12":"product_cat-e92-e93","13":"product_cat-f01-f02","14":"product_cat-f07","15":"product_cat-f10-f11-f18","16":"product_cat-f15","17":"product_cat-f16","18":"product_cat-f25","19":"product_cat-f30-f31","20":"product_cat-f32-f33-f36","21":"product_cat-e90-e91-isores-dalys","22":"product_cat-e81-e82-e87-e88-isores-dalys","23":"product_cat-e81-e82-e87-e88-isores-zibintai-apsvietimas","24":"product_cat-e90-e91-isores-zibintai-apsvietimas","26":"first","27":"instock","28":"shipping-taxable","29":"purchasable","30":"product-type-simple"},"yoast_head":"<!-- This site is optimized with the Yoast SEO Premium plugin v25.2 (Yoast SEO v27.4) - https:\/\/yoast.com\/product\/yoast-seo-premium-wordpress\/ -->\n<title>BMW LED numeri\u0173 ap\u0161vietimas, E6X E7X E9X F1X F3X F0X - Erformance.eu<\/title>\n<meta name=\"description\" content=\"BMW LED numeri\u0173 ap\u0161vietimas. 6000K spalva. Tinka E60 E61 E90 E91 E70 E71 F10 F11 F30 F31... Komplekte 2 vnt. numeri\u0173 ap\u0161vietimo lempu\u010di\u0173.\" \/>\n<meta name=\"robots\" content=\"index, follow, max-snippet:-1, max-image-preview:large, max-video-preview:-1\" \/>\n<link rel=\"canonical\" href=\"https:\/\/erformance.eu\/et\/toode\/bmw-e6x-e9x-f1x-f3x-led-numeriu-apsvietimas\/\" \/>\n<meta property=\"og:locale\" content=\"et_EE\" \/>\n<meta property=\"og:type\" content=\"article\" \/>\n<meta property=\"og:title\" content=\"BMW LED numeri\u0173 ap\u0161vietimas, E6X E7X E9X F1X F3X F0X\" \/>\n<meta property=\"og:description\" content=\"BMW LED numeri\u0173 ap\u0161vietimas. 6000K spalva. Tinka E60 E61 E90 E91 E70 E71 F10 F11 F30 F31... Komplekte 2 vnt. numeri\u0173 ap\u0161vietimo lempu\u010di\u0173.\" \/>\n<meta property=\"og:url\" content=\"https:\/\/erformance.eu\/et\/toode\/bmw-e6x-e9x-f1x-f3x-led-numeriu-apsvietimas\/\" \/>\n<meta property=\"og:site_name\" content=\"Erformance.eu\" \/>\n<meta property=\"article:modified_time\" content=\"2026-04-25T19:17:52+00:00\" \/>\n<meta property=\"og:image\" content=\"https:\/\/erformance.eu\/wp-content\/uploads\/2024\/10\/bmw-led-numeriu-apsvietimas-3.webp\" \/>\n\t<meta property=\"og:image:width\" content=\"1080\" \/>\n\t<meta property=\"og:image:height\" content=\"1080\" \/>\n\t<meta property=\"og:image:type\" content=\"image\/webp\" \/>\n<meta name=\"twitter:card\" content=\"summary_large_image\" \/>\n<meta name=\"twitter:label1\" content=\"Est. reading time\" \/>\n\t<meta name=\"twitter:data1\" content=\"2 minutit\" \/>\n<script type=\"application\/ld+json\" class=\"yoast-schema-graph\">{\"@context\":\"https:\\\/\\\/schema.org\",\"@graph\":[{\"@type\":\"WebPage\",\"@id\":\"https:\\\/\\\/erformance.eu\\\/et\\\/toode\\\/bmw-e6x-e9x-f1x-f3x-led-numeriu-apsvietimas\\\/\",\"url\":\"https:\\\/\\\/erformance.eu\\\/et\\\/toode\\\/bmw-e6x-e9x-f1x-f3x-led-numeriu-apsvietimas\\\/\",\"name\":\"BMW LED numeri\u0173 ap\u0161vietimas, E6X E7X E9X F1X F3X F0X - Erformance.eu\",\"isPartOf\":{\"@id\":\"https:\\\/\\\/erformance.eu\\\/et\\\/#website\"},\"primaryImageOfPage\":{\"@id\":\"https:\\\/\\\/erformance.eu\\\/et\\\/toode\\\/bmw-e6x-e9x-f1x-f3x-led-numeriu-apsvietimas\\\/#primaryimage\"},\"image\":{\"@id\":\"https:\\\/\\\/erformance.eu\\\/et\\\/toode\\\/bmw-e6x-e9x-f1x-f3x-led-numeriu-apsvietimas\\\/#primaryimage\"},\"thumbnailUrl\":\"https:\\\/\\\/erformance.eu\\\/wp-content\\\/uploads\\\/2024\\\/10\\\/bmw-led-numeriu-apsvietimas-3.webp\",\"datePublished\":\"2024-10-02T19:12:37+00:00\",\"dateModified\":\"2026-04-25T19:17:52+00:00\",\"description\":\"BMW LED numeri\u0173 ap\u0161vietimas. 6000K spalva. Tinka E60 E61 E90 E91 E70 E71 F10 F11 F30 F31... Komplekte 2 vnt. numeri\u0173 ap\u0161vietimo lempu\u010di\u0173.\",\"breadcrumb\":{\"@id\":\"https:\\\/\\\/erformance.eu\\\/et\\\/toode\\\/bmw-e6x-e9x-f1x-f3x-led-numeriu-apsvietimas\\\/#breadcrumb\"},\"inLanguage\":\"et\",\"potentialAction\":[{\"@type\":\"ReadAction\",\"target\":[\"https:\\\/\\\/erformance.eu\\\/et\\\/toode\\\/bmw-e6x-e9x-f1x-f3x-led-numeriu-apsvietimas\\\/\"]}]},{\"@type\":\"ImageObject\",\"inLanguage\":\"et\",\"@id\":\"https:\\\/\\\/erformance.eu\\\/et\\\/toode\\\/bmw-e6x-e9x-f1x-f3x-led-numeriu-apsvietimas\\\/#primaryimage\",\"url\":\"https:\\\/\\\/erformance.eu\\\/wp-content\\\/uploads\\\/2024\\\/10\\\/bmw-led-numeriu-apsvietimas-3.webp\",\"contentUrl\":\"https:\\\/\\\/erformance.eu\\\/wp-content\\\/uploads\\\/2024\\\/10\\\/bmw-led-numeriu-apsvietimas-3.webp\",\"width\":1080,\"height\":1080,\"caption\":\"BMW led numeri\u0173 ap\u0161vietimas i\u0161 priekio\"},{\"@type\":\"BreadcrumbList\",\"@id\":\"https:\\\/\\\/erformance.eu\\\/et\\\/toode\\\/bmw-e6x-e9x-f1x-f3x-led-numeriu-apsvietimas\\\/#breadcrumb\",\"itemListElement\":[{\"@type\":\"ListItem\",\"position\":1,\"name\":\"Home\",\"item\":\"https:\\\/\\\/erformance.eu\\\/et\\\/\"},{\"@type\":\"ListItem\",\"position\":2,\"name\":\"Pood\",\"item\":\"https:\\\/\\\/erformance.eu\\\/et\\\/pood\\\/\"},{\"@type\":\"ListItem\",\"position\":3,\"name\":\"BMW LED numeri\u0173 ap\u0161vietimas, E6X E7X E9X F1X F3X F0X\"}]},{\"@type\":\"WebSite\",\"@id\":\"https:\\\/\\\/erformance.eu\\\/et\\\/#website\",\"url\":\"https:\\\/\\\/erformance.eu\\\/et\\\/\",\"name\":\"Erformance.eu\",\"description\":\"Automobili\u0173 dali\u0173 parduotuv\u0117\",\"potentialAction\":[{\"@type\":\"SearchAction\",\"target\":{\"@type\":\"EntryPoint\",\"urlTemplate\":\"https:\\\/\\\/erformance.eu\\\/et\\\/?s={search_term_string}\"},\"query-input\":{\"@type\":\"PropertyValueSpecification\",\"valueRequired\":true,\"valueName\":\"search_term_string\"}}],\"inLanguage\":\"et\"}]}<\/script>\n<!-- \/ Yoast SEO Premium plugin. -->","yoast_head_json":{"title":"BMW LED numeri\u0173 ap\u0161vietimas, E6X E7X E9X F1X F3X F0X - Erformance.eu","description":"BMW LED numeri\u0173 ap\u0161vietimas. 6000K spalva. Tinka E60 E61 E90 E91 E70 E71 F10 F11 F30 F31... Komplekte 2 vnt. numeri\u0173 ap\u0161vietimo lempu\u010di\u0173.","robots":{"index":"index","follow":"follow","max-snippet":"max-snippet:-1","max-image-preview":"max-image-preview:large","max-video-preview":"max-video-preview:-1"},"canonical":"https:\/\/erformance.eu\/et\/toode\/bmw-e6x-e9x-f1x-f3x-led-numeriu-apsvietimas\/","og_locale":"et_EE","og_type":"article","og_title":"BMW LED numeri\u0173 ap\u0161vietimas, E6X E7X E9X F1X F3X F0X","og_description":"BMW LED numeri\u0173 ap\u0161vietimas. 6000K spalva. Tinka E60 E61 E90 E91 E70 E71 F10 F11 F30 F31... Komplekte 2 vnt. numeri\u0173 ap\u0161vietimo lempu\u010di\u0173.","og_url":"https:\/\/erformance.eu\/et\/toode\/bmw-e6x-e9x-f1x-f3x-led-numeriu-apsvietimas\/","og_site_name":"Erformance.eu","article_modified_time":"2026-04-25T19:17:52+00:00","og_image":[{"width":1080,"height":1080,"url":"https:\/\/erformance.eu\/wp-content\/uploads\/2024\/10\/bmw-led-numeriu-apsvietimas-3.webp","type":"image\/webp"}],"twitter_card":"summary_large_image","twitter_misc":{"Est. reading time":"2 minutit"},"schema":{"@context":"https:\/\/schema.org","@graph":[{"@type":"WebPage","@id":"https:\/\/erformance.eu\/et\/toode\/bmw-e6x-e9x-f1x-f3x-led-numeriu-apsvietimas\/","url":"https:\/\/erformance.eu\/et\/toode\/bmw-e6x-e9x-f1x-f3x-led-numeriu-apsvietimas\/","name":"BMW LED numeri\u0173 ap\u0161vietimas, E6X E7X E9X F1X F3X F0X - Erformance.eu","isPartOf":{"@id":"https:\/\/erformance.eu\/et\/#website"},"primaryImageOfPage":{"@id":"https:\/\/erformance.eu\/et\/toode\/bmw-e6x-e9x-f1x-f3x-led-numeriu-apsvietimas\/#primaryimage"},"image":{"@id":"https:\/\/erformance.eu\/et\/toode\/bmw-e6x-e9x-f1x-f3x-led-numeriu-apsvietimas\/#primaryimage"},"thumbnailUrl":"https:\/\/erformance.eu\/wp-content\/uploads\/2024\/10\/bmw-led-numeriu-apsvietimas-3.webp","datePublished":"2024-10-02T19:12:37+00:00","dateModified":"2026-04-25T19:17:52+00:00","description":"BMW LED numeri\u0173 ap\u0161vietimas. 6000K spalva. Tinka E60 E61 E90 E91 E70 E71 F10 F11 F30 F31... Komplekte 2 vnt. numeri\u0173 ap\u0161vietimo lempu\u010di\u0173.","breadcrumb":{"@id":"https:\/\/erformance.eu\/et\/toode\/bmw-e6x-e9x-f1x-f3x-led-numeriu-apsvietimas\/#breadcrumb"},"inLanguage":"et","potentialAction":[{"@type":"ReadAction","target":["https:\/\/erformance.eu\/et\/toode\/bmw-e6x-e9x-f1x-f3x-led-numeriu-apsvietimas\/"]}]},{"@type":"ImageObject","inLanguage":"et","@id":"https:\/\/erformance.eu\/et\/toode\/bmw-e6x-e9x-f1x-f3x-led-numeriu-apsvietimas\/#primaryimage","url":"https:\/\/erformance.eu\/wp-content\/uploads\/2024\/10\/bmw-led-numeriu-apsvietimas-3.webp","contentUrl":"https:\/\/erformance.eu\/wp-content\/uploads\/2024\/10\/bmw-led-numeriu-apsvietimas-3.webp","width":1080,"height":1080,"caption":"BMW led numeri\u0173 ap\u0161vietimas i\u0161 priekio"},{"@type":"BreadcrumbList","@id":"https:\/\/erformance.eu\/et\/toode\/bmw-e6x-e9x-f1x-f3x-led-numeriu-apsvietimas\/#breadcrumb","itemListElement":[{"@type":"ListItem","position":1,"name":"Home","item":"https:\/\/erformance.eu\/et\/"},{"@type":"ListItem","position":2,"name":"Pood","item":"https:\/\/erformance.eu\/et\/pood\/"},{"@type":"ListItem","position":3,"name":"BMW LED numeri\u0173 ap\u0161vietimas, E6X E7X E9X F1X F3X F0X"}]},{"@type":"WebSite","@id":"https:\/\/erformance.eu\/et\/#website","url":"https:\/\/erformance.eu\/et\/","name":"Erformance.eu","description":"Automobili\u0173 dali\u0173 parduotuv\u0117","potentialAction":[{"@type":"SearchAction","target":{"@type":"EntryPoint","urlTemplate":"https:\/\/erformance.eu\/et\/?s={search_term_string}"},"query-input":{"@type":"PropertyValueSpecification","valueRequired":true,"valueName":"search_term_string"}}],"inLanguage":"et"}]}},"jetpack_sharing_enabled":true,"_links":{"self":[{"href":"https:\/\/erformance.eu\/et\/wp-json\/wp\/v2\/product\/3162","targetHints":{"allow":["GET"]}}],"collection":[{"href":"https:\/\/erformance.eu\/et\/wp-json\/wp\/v2\/product"}],"about":[{"href":"https:\/\/erformance.eu\/et\/wp-json\/wp\/v2\/types\/product"}],"replies":[{"embeddable":true,"href":"https:\/\/erformance.eu\/et\/wp-json\/wp\/v2\/comments?post=3162"}],"version-history":[{"count":5,"href":"https:\/\/erformance.eu\/et\/wp-json\/wp\/v2\/product\/3162\/revisions"}],"predecessor-version":[{"id":28374,"href":"https:\/\/erformance.eu\/et\/wp-json\/wp\/v2\/product\/3162\/revisions\/28374"}],"wp:featuredmedia":[{"embeddable":true,"href":"https:\/\/erformance.eu\/et\/wp-json\/wp\/v2\/media\/28377"}],"wp:attachment":[{"href":"https:\/\/erformance.eu\/et\/wp-json\/wp\/v2\/media?parent=3162"}],"wp:term":[{"taxonomy":"product_brand","embeddable":true,"href":"https:\/\/erformance.eu\/et\/wp-json\/wp\/v2\/product_brand?post=3162"},{"taxonomy":"product_cat","embeddable":true,"href":"https:\/\/erformance.eu\/et\/wp-json\/wp\/v2\/product_cat?post=3162"},{"taxonomy":"product_tag","embeddable":true,"href":"https:\/\/erformance.eu\/et\/wp-json\/wp\/v2\/product_tag?post=3162"}],"curies":[{"name":"wp","href":"https:\/\/api.w.org\/{rel}","templated":true}]}}