{"id":3178,"date":"2024-10-02T22:29:50","date_gmt":"2024-10-02T19:29:50","guid":{"rendered":"https:\/\/erformance.eu\/?post_type=product&#038;p=3178"},"modified":"2026-04-13T11:17:09","modified_gmt":"2026-04-13T08:17:09","slug":"bmw-f10-f11-salono-ortakio-groteles","status":"publish","type":"product","link":"https:\/\/erformance.eu\/et\/toode\/bmw-f10-f11-salono-ortakio-groteles\/","title":{"rendered":"BMW F10 F11 salono ortakio grotel\u0117s, juodos"},"content":{"rendered":"<p class=\"ai-optimize-33 ai-optimize-introduction\"><strong>Prek\u0117s pavadinimas:<\/strong><\/p>\n<ul>\n<li class=\"ai-optimize-33 ai-optimize-introduction\">BMW F10 F11 salono ortakio grotel\u0117s priekiui.<\/li>\n<\/ul>\n<p class=\"ai-optimize-26\"><strong>Komplekt\u0105 sudaro:<\/strong><\/p>\n<ul>\n<li class=\"ai-optimize-25\">1 vnt. BMW F10 F11 salono ortakio grotel\u0117s<\/li>\n<\/ul>\n<p class=\"ai-optimize-34\"><strong>Spalva:\u00a0<\/strong><\/p>\n<ul>\n<li class=\"ai-optimize-35\">matin\u0117 juoda (matte black).<\/li>\n<\/ul>\n<p class=\"ai-optimize-36\"><strong>Savyb\u0117s:<\/strong><\/p>\n<ul>\n<li class=\"ai-optimize-29\">Auk\u0161tos kokyb\u0117s ortakio grotel\u0117s tarnauja ilgai.<\/li>\n<li class=\"ai-optimize-34\">Tinka LCI ir PRE LCI F10 F11 modeliams.<\/li>\n<li class=\"ai-optimize-32\">Lengvas montavimas, laikikliai atitinka originalias vietas.<\/li>\n<\/ul>\n<p class=\"ai-optimize-38\"><strong>Tinkamumas:<\/strong><\/p>\n<ul>\n<li class=\"ai-optimize-28\"><strong>BMW F10 5 serija,<\/strong>\u00a02009-2017.<\/li>\n<li class=\"ai-optimize-29\"><strong>BMW\u00a0F11 5 serija,<\/strong>\u00a02009-2017.<\/li>\n<\/ul>\n<p class=\"ai-optimize-41\">Atnaujinkite automobilio i\u0161vaizd\u0105 ir suteikite agresyv\u0173, bei modern\u0173 stili\u0173.<\/p>\n<p class=\"ai-optimize-42\">Erformance.eu elektronin\u0117je parduotuv\u0117je rasite \u012fvairi\u0173 preki\u0173 savo\u00a0<a href=\"https:\/\/erformance.eu\/produkto-kategorija\/bmw\/5-serija\/f10-f11-f18\/\">BMW F10 F11<\/a>\u00a0automobiliui. Nuo smulkiausi\u0173 pried\u0173 iki tiuning dali\u0173 plataus pasirinkimo.<\/p>\n<p class=\"ai-optimize-29\">Prek\u0117s laikomos sand\u0117lyje Lietuvoje, tod\u0117l galime garantuoti greit\u0105 pristatymo laik\u0105 (1-2 darbo dienas).<\/p>\n","protected":false},"excerpt":{"rendered":"<h5>BMW F10 F11 ortakio grotel\u0117s<\/h5>\n","protected":false},"featured_media":28507,"comment_status":"open","ping_status":"closed","template":"","meta":[],"product_brand":[],"product_cat":[51],"product_tag":[],"class_list":{"0":"post-3178","1":"product","2":"type-product","3":"status-publish","4":"has-post-thumbnail","6":"product_cat-f10-f11-f18","8":"first","9":"outofstock","10":"shipping-taxable","11":"purchasable","12":"product-type-simple"},"yoast_head":"<!-- This site is optimized with the Yoast SEO Premium plugin v25.2 (Yoast SEO v27.4) - https:\/\/yoast.com\/product\/yoast-seo-premium-wordpress\/ -->\n<title>BMW F10 F11 salono ortakio grotel\u0117s, juodos - Erformance.eu<\/title>\n<meta name=\"description\" content=\"BMW F10 F11 salono ortakio grotel\u0117s. Matin\u0117s juodos, be chromo juostel\u0117s. Tinka LCI ir PRE LCI modeliams. Auk\u0161tos kokyb\u0117s ortakio grotel\u0117s.\" \/>\n<meta name=\"robots\" content=\"index, follow, max-snippet:-1, max-image-preview:large, max-video-preview:-1\" \/>\n<link rel=\"canonical\" href=\"https:\/\/erformance.eu\/et\/toode\/bmw-f10-f11-salono-ortakio-groteles\/\" \/>\n<meta property=\"og:locale\" content=\"et_EE\" \/>\n<meta property=\"og:type\" content=\"article\" \/>\n<meta property=\"og:title\" content=\"BMW F10 F11 salono ortakio grotel\u0117s, juodos\" \/>\n<meta property=\"og:description\" content=\"BMW F10 F11 salono ortakio grotel\u0117s. Matin\u0117s juodos, be chromo juostel\u0117s. Tinka LCI ir PRE LCI modeliams. Auk\u0161tos kokyb\u0117s ortakio grotel\u0117s.\" \/>\n<meta property=\"og:url\" content=\"https:\/\/erformance.eu\/et\/toode\/bmw-f10-f11-salono-ortakio-groteles\/\" \/>\n<meta property=\"og:site_name\" content=\"Erformance.eu\" \/>\n<meta property=\"article:modified_time\" content=\"2026-04-13T08:17:09+00:00\" \/>\n<meta property=\"og:image\" content=\"https:\/\/erformance.eu\/wp-content\/uploads\/2024\/10\/bmw-f10-f11-ortakio-groteles-salono-be-chromo-1.webp\" \/>\n\t<meta property=\"og:image:width\" content=\"1080\" \/>\n\t<meta property=\"og:image:height\" content=\"1080\" \/>\n\t<meta property=\"og:image:type\" content=\"image\/webp\" \/>\n<meta name=\"twitter:card\" content=\"summary_large_image\" \/>\n<meta name=\"twitter:label1\" content=\"Est. reading time\" \/>\n\t<meta name=\"twitter:data1\" content=\"1 minut\" \/>\n<script type=\"application\/ld+json\" class=\"yoast-schema-graph\">{\"@context\":\"https:\\\/\\\/schema.org\",\"@graph\":[{\"@type\":\"WebPage\",\"@id\":\"https:\\\/\\\/erformance.eu\\\/et\\\/toode\\\/bmw-f10-f11-salono-ortakio-groteles\\\/\",\"url\":\"https:\\\/\\\/erformance.eu\\\/et\\\/toode\\\/bmw-f10-f11-salono-ortakio-groteles\\\/\",\"name\":\"BMW F10 F11 salono ortakio grotel\u0117s, juodos - Erformance.eu\",\"isPartOf\":{\"@id\":\"https:\\\/\\\/erformance.eu\\\/et\\\/#website\"},\"primaryImageOfPage\":{\"@id\":\"https:\\\/\\\/erformance.eu\\\/et\\\/toode\\\/bmw-f10-f11-salono-ortakio-groteles\\\/#primaryimage\"},\"image\":{\"@id\":\"https:\\\/\\\/erformance.eu\\\/et\\\/toode\\\/bmw-f10-f11-salono-ortakio-groteles\\\/#primaryimage\"},\"thumbnailUrl\":\"https:\\\/\\\/erformance.eu\\\/wp-content\\\/uploads\\\/2024\\\/10\\\/bmw-f10-f11-ortakio-groteles-salono-be-chromo-1.webp\",\"datePublished\":\"2024-10-02T19:29:50+00:00\",\"dateModified\":\"2026-04-13T08:17:09+00:00\",\"description\":\"BMW F10 F11 salono ortakio grotel\u0117s. Matin\u0117s juodos, be chromo juostel\u0117s. Tinka LCI ir PRE LCI modeliams. Auk\u0161tos kokyb\u0117s ortakio grotel\u0117s.\",\"breadcrumb\":{\"@id\":\"https:\\\/\\\/erformance.eu\\\/et\\\/toode\\\/bmw-f10-f11-salono-ortakio-groteles\\\/#breadcrumb\"},\"inLanguage\":\"et\",\"potentialAction\":[{\"@type\":\"ReadAction\",\"target\":[\"https:\\\/\\\/erformance.eu\\\/et\\\/toode\\\/bmw-f10-f11-salono-ortakio-groteles\\\/\"]}]},{\"@type\":\"ImageObject\",\"inLanguage\":\"et\",\"@id\":\"https:\\\/\\\/erformance.eu\\\/et\\\/toode\\\/bmw-f10-f11-salono-ortakio-groteles\\\/#primaryimage\",\"url\":\"https:\\\/\\\/erformance.eu\\\/wp-content\\\/uploads\\\/2024\\\/10\\\/bmw-f10-f11-ortakio-groteles-salono-be-chromo-1.webp\",\"contentUrl\":\"https:\\\/\\\/erformance.eu\\\/wp-content\\\/uploads\\\/2024\\\/10\\\/bmw-f10-f11-ortakio-groteles-salono-be-chromo-1.webp\",\"width\":1080,\"height\":1080,\"caption\":\"bmw f10 f11 priekin\u0117s ortakio grotel\u0117s salono pagrindin\u0117\"},{\"@type\":\"BreadcrumbList\",\"@id\":\"https:\\\/\\\/erformance.eu\\\/et\\\/toode\\\/bmw-f10-f11-salono-ortakio-groteles\\\/#breadcrumb\",\"itemListElement\":[{\"@type\":\"ListItem\",\"position\":1,\"name\":\"Home\",\"item\":\"https:\\\/\\\/erformance.eu\\\/et\\\/\"},{\"@type\":\"ListItem\",\"position\":2,\"name\":\"Pood\",\"item\":\"https:\\\/\\\/erformance.eu\\\/et\\\/pood\\\/\"},{\"@type\":\"ListItem\",\"position\":3,\"name\":\"BMW F10 F11 salono ortakio grotel\u0117s, juodos\"}]},{\"@type\":\"WebSite\",\"@id\":\"https:\\\/\\\/erformance.eu\\\/et\\\/#website\",\"url\":\"https:\\\/\\\/erformance.eu\\\/et\\\/\",\"name\":\"Erformance.eu\",\"description\":\"Automobili\u0173 dali\u0173 parduotuv\u0117\",\"potentialAction\":[{\"@type\":\"SearchAction\",\"target\":{\"@type\":\"EntryPoint\",\"urlTemplate\":\"https:\\\/\\\/erformance.eu\\\/et\\\/?s={search_term_string}\"},\"query-input\":{\"@type\":\"PropertyValueSpecification\",\"valueRequired\":true,\"valueName\":\"search_term_string\"}}],\"inLanguage\":\"et\"}]}<\/script>\n<!-- \/ Yoast SEO Premium plugin. -->","yoast_head_json":{"title":"BMW F10 F11 salono ortakio grotel\u0117s, juodos - Erformance.eu","description":"BMW F10 F11 salono ortakio grotel\u0117s. Matin\u0117s juodos, be chromo juostel\u0117s. Tinka LCI ir PRE LCI modeliams. Auk\u0161tos kokyb\u0117s ortakio grotel\u0117s.","robots":{"index":"index","follow":"follow","max-snippet":"max-snippet:-1","max-image-preview":"max-image-preview:large","max-video-preview":"max-video-preview:-1"},"canonical":"https:\/\/erformance.eu\/et\/toode\/bmw-f10-f11-salono-ortakio-groteles\/","og_locale":"et_EE","og_type":"article","og_title":"BMW F10 F11 salono ortakio grotel\u0117s, juodos","og_description":"BMW F10 F11 salono ortakio grotel\u0117s. Matin\u0117s juodos, be chromo juostel\u0117s. Tinka LCI ir PRE LCI modeliams. Auk\u0161tos kokyb\u0117s ortakio grotel\u0117s.","og_url":"https:\/\/erformance.eu\/et\/toode\/bmw-f10-f11-salono-ortakio-groteles\/","og_site_name":"Erformance.eu","article_modified_time":"2026-04-13T08:17:09+00:00","og_image":[{"width":1080,"height":1080,"url":"https:\/\/erformance.eu\/wp-content\/uploads\/2024\/10\/bmw-f10-f11-ortakio-groteles-salono-be-chromo-1.webp","type":"image\/webp"}],"twitter_card":"summary_large_image","twitter_misc":{"Est. reading time":"1 minut"},"schema":{"@context":"https:\/\/schema.org","@graph":[{"@type":"WebPage","@id":"https:\/\/erformance.eu\/et\/toode\/bmw-f10-f11-salono-ortakio-groteles\/","url":"https:\/\/erformance.eu\/et\/toode\/bmw-f10-f11-salono-ortakio-groteles\/","name":"BMW F10 F11 salono ortakio grotel\u0117s, juodos - Erformance.eu","isPartOf":{"@id":"https:\/\/erformance.eu\/et\/#website"},"primaryImageOfPage":{"@id":"https:\/\/erformance.eu\/et\/toode\/bmw-f10-f11-salono-ortakio-groteles\/#primaryimage"},"image":{"@id":"https:\/\/erformance.eu\/et\/toode\/bmw-f10-f11-salono-ortakio-groteles\/#primaryimage"},"thumbnailUrl":"https:\/\/erformance.eu\/wp-content\/uploads\/2024\/10\/bmw-f10-f11-ortakio-groteles-salono-be-chromo-1.webp","datePublished":"2024-10-02T19:29:50+00:00","dateModified":"2026-04-13T08:17:09+00:00","description":"BMW F10 F11 salono ortakio grotel\u0117s. Matin\u0117s juodos, be chromo juostel\u0117s. Tinka LCI ir PRE LCI modeliams. Auk\u0161tos kokyb\u0117s ortakio grotel\u0117s.","breadcrumb":{"@id":"https:\/\/erformance.eu\/et\/toode\/bmw-f10-f11-salono-ortakio-groteles\/#breadcrumb"},"inLanguage":"et","potentialAction":[{"@type":"ReadAction","target":["https:\/\/erformance.eu\/et\/toode\/bmw-f10-f11-salono-ortakio-groteles\/"]}]},{"@type":"ImageObject","inLanguage":"et","@id":"https:\/\/erformance.eu\/et\/toode\/bmw-f10-f11-salono-ortakio-groteles\/#primaryimage","url":"https:\/\/erformance.eu\/wp-content\/uploads\/2024\/10\/bmw-f10-f11-ortakio-groteles-salono-be-chromo-1.webp","contentUrl":"https:\/\/erformance.eu\/wp-content\/uploads\/2024\/10\/bmw-f10-f11-ortakio-groteles-salono-be-chromo-1.webp","width":1080,"height":1080,"caption":"bmw f10 f11 priekin\u0117s ortakio grotel\u0117s salono pagrindin\u0117"},{"@type":"BreadcrumbList","@id":"https:\/\/erformance.eu\/et\/toode\/bmw-f10-f11-salono-ortakio-groteles\/#breadcrumb","itemListElement":[{"@type":"ListItem","position":1,"name":"Home","item":"https:\/\/erformance.eu\/et\/"},{"@type":"ListItem","position":2,"name":"Pood","item":"https:\/\/erformance.eu\/et\/pood\/"},{"@type":"ListItem","position":3,"name":"BMW F10 F11 salono ortakio grotel\u0117s, juodos"}]},{"@type":"WebSite","@id":"https:\/\/erformance.eu\/et\/#website","url":"https:\/\/erformance.eu\/et\/","name":"Erformance.eu","description":"Automobili\u0173 dali\u0173 parduotuv\u0117","potentialAction":[{"@type":"SearchAction","target":{"@type":"EntryPoint","urlTemplate":"https:\/\/erformance.eu\/et\/?s={search_term_string}"},"query-input":{"@type":"PropertyValueSpecification","valueRequired":true,"valueName":"search_term_string"}}],"inLanguage":"et"}]}},"jetpack_sharing_enabled":true,"_links":{"self":[{"href":"https:\/\/erformance.eu\/et\/wp-json\/wp\/v2\/product\/3178","targetHints":{"allow":["GET"]}}],"collection":[{"href":"https:\/\/erformance.eu\/et\/wp-json\/wp\/v2\/product"}],"about":[{"href":"https:\/\/erformance.eu\/et\/wp-json\/wp\/v2\/types\/product"}],"replies":[{"embeddable":true,"href":"https:\/\/erformance.eu\/et\/wp-json\/wp\/v2\/comments?post=3178"}],"version-history":[{"count":3,"href":"https:\/\/erformance.eu\/et\/wp-json\/wp\/v2\/product\/3178\/revisions"}],"predecessor-version":[{"id":28506,"href":"https:\/\/erformance.eu\/et\/wp-json\/wp\/v2\/product\/3178\/revisions\/28506"}],"wp:featuredmedia":[{"embeddable":true,"href":"https:\/\/erformance.eu\/et\/wp-json\/wp\/v2\/media\/28507"}],"wp:attachment":[{"href":"https:\/\/erformance.eu\/et\/wp-json\/wp\/v2\/media?parent=3178"}],"wp:term":[{"taxonomy":"product_brand","embeddable":true,"href":"https:\/\/erformance.eu\/et\/wp-json\/wp\/v2\/product_brand?post=3178"},{"taxonomy":"product_cat","embeddable":true,"href":"https:\/\/erformance.eu\/et\/wp-json\/wp\/v2\/product_cat?post=3178"},{"taxonomy":"product_tag","embeddable":true,"href":"https:\/\/erformance.eu\/et\/wp-json\/wp\/v2\/product_tag?post=3178"}],"curies":[{"name":"wp","href":"https:\/\/api.w.org\/{rel}","templated":true}]}}