{"id":3234,"date":"2024-10-02T23:47:09","date_gmt":"2024-10-02T20:47:09","guid":{"rendered":"https:\/\/erformance.eu\/?post_type=product&#038;p=3234"},"modified":"2026-03-03T17:18:49","modified_gmt":"2026-03-03T14:18:49","slug":"bmw-begiu-svirtis-e-serijai","status":"publish","type":"product","link":"https:\/\/erformance.eu\/et\/toode\/bmw-begiu-svirtis-e-serijai\/","title":{"rendered":"BMW E8X E6X E3X automato b\u0117gi\u0173 svirtis, matin\u0117 sidabrin\u0117"},"content":{"rendered":"<ul>\n<li class=\"ai-optimize-31 ai-optimize-introduction\">BMW E8X E6X E3X automato b\u0117gi\u0173 svirtis, matin\u0117 sidabrin\u0117<\/li>\n<\/ul>\n<p class=\"ai-optimize-26\"><strong>Komplekt\u0105 sudaro:<\/strong><\/p>\n<ul>\n<li class=\"ai-optimize-25\">1 vnt. BMW automato b\u0117gi\u0173 svirtis<\/li>\n<\/ul>\n<p class=\"ai-optimize-35\"><strong>Spalva:<\/strong><\/p>\n<ul>\n<li class=\"ai-optimize-35\">matin\u0117 sidabrin\u0117 (matte silver).<\/li>\n<\/ul>\n<p class=\"ai-optimize-36\"><strong>Savyb\u0117s:<\/strong><\/p>\n<ul>\n<li class=\"ai-optimize-29\">BMW E8X E6X E3X automato b\u0117gi\u0173 svirtis pagaminta i\u0161 auk\u0161tos kokyb\u0117s med\u017eiag\u0173.<\/li>\n<li class=\"ai-optimize-30\">Odos imitacija atitinkanti original\u0105.<\/li>\n<li class=\"ai-optimize-32\">Lengvas montavimas.<\/li>\n<li class=\"ai-optimize-28\">Tinka LCI ir PRE LCI modeliams.<\/li>\n<li class=\"ai-optimize-31\">Svirties kojel\u0117s ilgis &#8211; 86mm.<\/li>\n<\/ul>\n<p class=\"ai-optimize-38\"><strong>Tinkamumas:<\/strong><\/p>\n<ul>\n<li class=\"ai-optimize-34\"><strong>BMW E36 3 serija,\u00a0<\/strong>1990-2001.<\/li>\n<li class=\"ai-optimize-35\"><strong>BMW E46 3 serija,<\/strong>\u00a01998-2006.<\/li>\n<li class=\"ai-optimize-36\"><strong>BMW E39 5 serija,<\/strong>\u00a01995-2004.<\/li>\n<li class=\"ai-optimize-37\"><strong>BMW E60 5 serija,<\/strong>\u00a02003-2007.<\/li>\n<li class=\"ai-optimize-38\"><strong>BMW E61 5 serija,\u00a0<\/strong>2004-2010.<\/li>\n<li class=\"ai-optimize-39\"><strong>BMW E63 6 serija,<\/strong>\u00a02004-2010.<\/li>\n<li class=\"ai-optimize-40\"><strong>BMW E64 6 serija,<\/strong>\u00a02004-2010.<\/li>\n<li class=\"ai-optimize-41\"><strong>BMW E38 7 serija,\u00a0<\/strong>1994-2001.<\/li>\n<li class=\"ai-optimize-42\"><strong>BMW E83 X3 serija,<\/strong>\u00a02003-2011.<\/li>\n<li class=\"ai-optimize-43\"><strong>BMW E53 X5 serija,<\/strong>\u00a02000-2007.<\/li>\n<li class=\"ai-optimize-44\"><strong>BMW E36 Z3 serija,<\/strong>\u00a01995-2003.<\/li>\n<li class=\"ai-optimize-45\"><strong>BMW E86 Z4 serija,<\/strong>\u00a02006-2009.<\/li>\n<li class=\"ai-optimize-46\"><strong>BMW E85 Z4 serija,<\/strong>\u00a02002-2009.<\/li>\n<\/ul>\n<p class=\"ai-optimize-41\">Atnaujinkite automobilio i\u0161vaizd\u0105 ir suteikite agresyv\u0173, bei modern\u0173 stili\u0173.<\/p>\n<p class=\"ai-optimize-42\">Erformance.eu elektronin\u0117je parduotuv\u0117je rasite \u012fvairi\u0173 preki\u0173 savo\u00a0<a href=\"https:\/\/erformance.eu\/produkto-kategorija\/bmw\/\">BMW<\/a>\u00a0automobiliui. Nuo smulkiausi\u0173 pried\u0173 iki tiuning dali\u0173 plataus pasirinkimo.<\/p>\n<p class=\"ai-optimize-29\">Prek\u0117 laikoma tiek\u0117j\u0173 sand\u0117lyje Europoje, tod\u0117l galime garantuoti greit\u0105 pristatymo laik\u0105 ( 3-5 darbo dienas).<\/p>\n","protected":false},"excerpt":{"rendered":"<h5>Automato b\u0117gi\u0173 svirtis<\/h5>\n","protected":false},"featured_media":28474,"comment_status":"open","ping_status":"closed","template":"","meta":[],"product_brand":[],"product_cat":[44,55,49,45,61,50,53,42,59,2830,2704],"product_tag":[],"class_list":{"0":"post-3234","1":"product","2":"type-product","3":"status-publish","4":"has-post-thumbnail","6":"product_cat-e36","7":"product_cat-e38","8":"product_cat-e39","9":"product_cat-e46","10":"product_cat-e53","11":"product_cat-e60-e61","12":"product_cat-e63-e64","13":"product_cat-e81-e82-e87-e88","14":"product_cat-e83","15":"product_cat-e81-e82-e87-e88-salono-pavaru-svirtys","16":"product_cat-e81-e82-e87-e88-salono-dalys","18":"first","19":"instock","20":"shipping-taxable","21":"purchasable","22":"product-type-simple"},"yoast_head":"<!-- This site is optimized with the Yoast SEO Premium plugin v25.2 (Yoast SEO v27.4) - https:\/\/yoast.com\/product\/yoast-seo-premium-wordpress\/ -->\n<title>BMW E8X E6X E3X automato b\u0117gi\u0173 svirtis, matin\u0117 sidabrin\u0117 - Erformance.eu<\/title>\n<meta name=\"description\" content=\"BMW E serijos automatin\u0117s grei\u010di\u0173 de\u017e\u0117s knobas, sidabrinis matinis. Tinka E60 E61 E46 E53 E82 ir kitiems modeliams. Auk\u0161tos kokyb\u0117s b\u0117gi\u0173 bumbulas, knobas.\" \/>\n<meta name=\"robots\" content=\"index, follow, max-snippet:-1, max-image-preview:large, max-video-preview:-1\" \/>\n<link rel=\"canonical\" href=\"https:\/\/erformance.eu\/et\/toode\/bmw-begiu-svirtis-e-serijai\/\" \/>\n<meta property=\"og:locale\" content=\"et_EE\" \/>\n<meta property=\"og:type\" content=\"article\" \/>\n<meta property=\"og:title\" content=\"BMW E8X E6X E3X automato b\u0117gi\u0173 svirtis, matin\u0117 sidabrin\u0117\" \/>\n<meta property=\"og:description\" content=\"BMW E serijos automatin\u0117s grei\u010di\u0173 de\u017e\u0117s knobas, sidabrinis matinis. Tinka E60 E61 E46 E53 E82 ir kitiems modeliams. Auk\u0161tos kokyb\u0117s b\u0117gi\u0173 bumbulas, knobas.\" \/>\n<meta property=\"og:url\" content=\"https:\/\/erformance.eu\/et\/toode\/bmw-begiu-svirtis-e-serijai\/\" \/>\n<meta property=\"og:site_name\" content=\"Erformance.eu\" \/>\n<meta property=\"article:modified_time\" content=\"2026-03-03T14:18:49+00:00\" \/>\n<meta property=\"og:image\" content=\"https:\/\/erformance.eu\/wp-content\/uploads\/2024\/10\/bmw-automato-knobas-bumbulas-sidabrinis-matinis-1.webp\" \/>\n\t<meta property=\"og:image:width\" content=\"1080\" \/>\n\t<meta property=\"og:image:height\" content=\"1080\" \/>\n\t<meta property=\"og:image:type\" content=\"image\/webp\" \/>\n<meta name=\"twitter:card\" content=\"summary_large_image\" \/>\n<meta name=\"twitter:label1\" content=\"Est. reading time\" \/>\n\t<meta name=\"twitter:data1\" content=\"2 minutit\" \/>\n<script type=\"application\/ld+json\" class=\"yoast-schema-graph\">{\"@context\":\"https:\\\/\\\/schema.org\",\"@graph\":[{\"@type\":\"WebPage\",\"@id\":\"https:\\\/\\\/erformance.eu\\\/et\\\/toode\\\/bmw-begiu-svirtis-e-serijai\\\/\",\"url\":\"https:\\\/\\\/erformance.eu\\\/et\\\/toode\\\/bmw-begiu-svirtis-e-serijai\\\/\",\"name\":\"BMW E8X E6X E3X automato b\u0117gi\u0173 svirtis, matin\u0117 sidabrin\u0117 - Erformance.eu\",\"isPartOf\":{\"@id\":\"https:\\\/\\\/erformance.eu\\\/et\\\/#website\"},\"primaryImageOfPage\":{\"@id\":\"https:\\\/\\\/erformance.eu\\\/et\\\/toode\\\/bmw-begiu-svirtis-e-serijai\\\/#primaryimage\"},\"image\":{\"@id\":\"https:\\\/\\\/erformance.eu\\\/et\\\/toode\\\/bmw-begiu-svirtis-e-serijai\\\/#primaryimage\"},\"thumbnailUrl\":\"https:\\\/\\\/erformance.eu\\\/wp-content\\\/uploads\\\/2024\\\/10\\\/bmw-automato-knobas-bumbulas-sidabrinis-matinis-1.webp\",\"datePublished\":\"2024-10-02T20:47:09+00:00\",\"dateModified\":\"2026-03-03T14:18:49+00:00\",\"description\":\"BMW E serijos automatin\u0117s grei\u010di\u0173 de\u017e\u0117s knobas, sidabrinis matinis. Tinka E60 E61 E46 E53 E82 ir kitiems modeliams. Auk\u0161tos kokyb\u0117s b\u0117gi\u0173 bumbulas, knobas.\",\"breadcrumb\":{\"@id\":\"https:\\\/\\\/erformance.eu\\\/et\\\/toode\\\/bmw-begiu-svirtis-e-serijai\\\/#breadcrumb\"},\"inLanguage\":\"et\",\"potentialAction\":[{\"@type\":\"ReadAction\",\"target\":[\"https:\\\/\\\/erformance.eu\\\/et\\\/toode\\\/bmw-begiu-svirtis-e-serijai\\\/\"]}]},{\"@type\":\"ImageObject\",\"inLanguage\":\"et\",\"@id\":\"https:\\\/\\\/erformance.eu\\\/et\\\/toode\\\/bmw-begiu-svirtis-e-serijai\\\/#primaryimage\",\"url\":\"https:\\\/\\\/erformance.eu\\\/wp-content\\\/uploads\\\/2024\\\/10\\\/bmw-automato-knobas-bumbulas-sidabrinis-matinis-1.webp\",\"contentUrl\":\"https:\\\/\\\/erformance.eu\\\/wp-content\\\/uploads\\\/2024\\\/10\\\/bmw-automato-knobas-bumbulas-sidabrinis-matinis-1.webp\",\"width\":1080,\"height\":1080,\"caption\":\"bmw automato b\u0117gi\u0173 svirtis i\u0161 priekio\"},{\"@type\":\"BreadcrumbList\",\"@id\":\"https:\\\/\\\/erformance.eu\\\/et\\\/toode\\\/bmw-begiu-svirtis-e-serijai\\\/#breadcrumb\",\"itemListElement\":[{\"@type\":\"ListItem\",\"position\":1,\"name\":\"Home\",\"item\":\"https:\\\/\\\/erformance.eu\\\/et\\\/\"},{\"@type\":\"ListItem\",\"position\":2,\"name\":\"Pood\",\"item\":\"https:\\\/\\\/erformance.eu\\\/et\\\/pood\\\/\"},{\"@type\":\"ListItem\",\"position\":3,\"name\":\"BMW E8X E6X E3X automato b\u0117gi\u0173 svirtis, matin\u0117 sidabrin\u0117\"}]},{\"@type\":\"WebSite\",\"@id\":\"https:\\\/\\\/erformance.eu\\\/et\\\/#website\",\"url\":\"https:\\\/\\\/erformance.eu\\\/et\\\/\",\"name\":\"Erformance.eu\",\"description\":\"Automobili\u0173 dali\u0173 parduotuv\u0117\",\"potentialAction\":[{\"@type\":\"SearchAction\",\"target\":{\"@type\":\"EntryPoint\",\"urlTemplate\":\"https:\\\/\\\/erformance.eu\\\/et\\\/?s={search_term_string}\"},\"query-input\":{\"@type\":\"PropertyValueSpecification\",\"valueRequired\":true,\"valueName\":\"search_term_string\"}}],\"inLanguage\":\"et\"}]}<\/script>\n<!-- \/ Yoast SEO Premium plugin. -->","yoast_head_json":{"title":"BMW E8X E6X E3X automato b\u0117gi\u0173 svirtis, matin\u0117 sidabrin\u0117 - Erformance.eu","description":"BMW E serijos automatin\u0117s grei\u010di\u0173 de\u017e\u0117s knobas, sidabrinis matinis. Tinka E60 E61 E46 E53 E82 ir kitiems modeliams. Auk\u0161tos kokyb\u0117s b\u0117gi\u0173 bumbulas, knobas.","robots":{"index":"index","follow":"follow","max-snippet":"max-snippet:-1","max-image-preview":"max-image-preview:large","max-video-preview":"max-video-preview:-1"},"canonical":"https:\/\/erformance.eu\/et\/toode\/bmw-begiu-svirtis-e-serijai\/","og_locale":"et_EE","og_type":"article","og_title":"BMW E8X E6X E3X automato b\u0117gi\u0173 svirtis, matin\u0117 sidabrin\u0117","og_description":"BMW E serijos automatin\u0117s grei\u010di\u0173 de\u017e\u0117s knobas, sidabrinis matinis. Tinka E60 E61 E46 E53 E82 ir kitiems modeliams. Auk\u0161tos kokyb\u0117s b\u0117gi\u0173 bumbulas, knobas.","og_url":"https:\/\/erformance.eu\/et\/toode\/bmw-begiu-svirtis-e-serijai\/","og_site_name":"Erformance.eu","article_modified_time":"2026-03-03T14:18:49+00:00","og_image":[{"width":1080,"height":1080,"url":"https:\/\/erformance.eu\/wp-content\/uploads\/2024\/10\/bmw-automato-knobas-bumbulas-sidabrinis-matinis-1.webp","type":"image\/webp"}],"twitter_card":"summary_large_image","twitter_misc":{"Est. reading time":"2 minutit"},"schema":{"@context":"https:\/\/schema.org","@graph":[{"@type":"WebPage","@id":"https:\/\/erformance.eu\/et\/toode\/bmw-begiu-svirtis-e-serijai\/","url":"https:\/\/erformance.eu\/et\/toode\/bmw-begiu-svirtis-e-serijai\/","name":"BMW E8X E6X E3X automato b\u0117gi\u0173 svirtis, matin\u0117 sidabrin\u0117 - Erformance.eu","isPartOf":{"@id":"https:\/\/erformance.eu\/et\/#website"},"primaryImageOfPage":{"@id":"https:\/\/erformance.eu\/et\/toode\/bmw-begiu-svirtis-e-serijai\/#primaryimage"},"image":{"@id":"https:\/\/erformance.eu\/et\/toode\/bmw-begiu-svirtis-e-serijai\/#primaryimage"},"thumbnailUrl":"https:\/\/erformance.eu\/wp-content\/uploads\/2024\/10\/bmw-automato-knobas-bumbulas-sidabrinis-matinis-1.webp","datePublished":"2024-10-02T20:47:09+00:00","dateModified":"2026-03-03T14:18:49+00:00","description":"BMW E serijos automatin\u0117s grei\u010di\u0173 de\u017e\u0117s knobas, sidabrinis matinis. Tinka E60 E61 E46 E53 E82 ir kitiems modeliams. Auk\u0161tos kokyb\u0117s b\u0117gi\u0173 bumbulas, knobas.","breadcrumb":{"@id":"https:\/\/erformance.eu\/et\/toode\/bmw-begiu-svirtis-e-serijai\/#breadcrumb"},"inLanguage":"et","potentialAction":[{"@type":"ReadAction","target":["https:\/\/erformance.eu\/et\/toode\/bmw-begiu-svirtis-e-serijai\/"]}]},{"@type":"ImageObject","inLanguage":"et","@id":"https:\/\/erformance.eu\/et\/toode\/bmw-begiu-svirtis-e-serijai\/#primaryimage","url":"https:\/\/erformance.eu\/wp-content\/uploads\/2024\/10\/bmw-automato-knobas-bumbulas-sidabrinis-matinis-1.webp","contentUrl":"https:\/\/erformance.eu\/wp-content\/uploads\/2024\/10\/bmw-automato-knobas-bumbulas-sidabrinis-matinis-1.webp","width":1080,"height":1080,"caption":"bmw automato b\u0117gi\u0173 svirtis i\u0161 priekio"},{"@type":"BreadcrumbList","@id":"https:\/\/erformance.eu\/et\/toode\/bmw-begiu-svirtis-e-serijai\/#breadcrumb","itemListElement":[{"@type":"ListItem","position":1,"name":"Home","item":"https:\/\/erformance.eu\/et\/"},{"@type":"ListItem","position":2,"name":"Pood","item":"https:\/\/erformance.eu\/et\/pood\/"},{"@type":"ListItem","position":3,"name":"BMW E8X E6X E3X automato b\u0117gi\u0173 svirtis, matin\u0117 sidabrin\u0117"}]},{"@type":"WebSite","@id":"https:\/\/erformance.eu\/et\/#website","url":"https:\/\/erformance.eu\/et\/","name":"Erformance.eu","description":"Automobili\u0173 dali\u0173 parduotuv\u0117","potentialAction":[{"@type":"SearchAction","target":{"@type":"EntryPoint","urlTemplate":"https:\/\/erformance.eu\/et\/?s={search_term_string}"},"query-input":{"@type":"PropertyValueSpecification","valueRequired":true,"valueName":"search_term_string"}}],"inLanguage":"et"}]}},"jetpack_sharing_enabled":true,"_links":{"self":[{"href":"https:\/\/erformance.eu\/et\/wp-json\/wp\/v2\/product\/3234","targetHints":{"allow":["GET"]}}],"collection":[{"href":"https:\/\/erformance.eu\/et\/wp-json\/wp\/v2\/product"}],"about":[{"href":"https:\/\/erformance.eu\/et\/wp-json\/wp\/v2\/types\/product"}],"replies":[{"embeddable":true,"href":"https:\/\/erformance.eu\/et\/wp-json\/wp\/v2\/comments?post=3234"}],"version-history":[{"count":6,"href":"https:\/\/erformance.eu\/et\/wp-json\/wp\/v2\/product\/3234\/revisions"}],"predecessor-version":[{"id":29519,"href":"https:\/\/erformance.eu\/et\/wp-json\/wp\/v2\/product\/3234\/revisions\/29519"}],"wp:featuredmedia":[{"embeddable":true,"href":"https:\/\/erformance.eu\/et\/wp-json\/wp\/v2\/media\/28474"}],"wp:attachment":[{"href":"https:\/\/erformance.eu\/et\/wp-json\/wp\/v2\/media?parent=3234"}],"wp:term":[{"taxonomy":"product_brand","embeddable":true,"href":"https:\/\/erformance.eu\/et\/wp-json\/wp\/v2\/product_brand?post=3234"},{"taxonomy":"product_cat","embeddable":true,"href":"https:\/\/erformance.eu\/et\/wp-json\/wp\/v2\/product_cat?post=3234"},{"taxonomy":"product_tag","embeddable":true,"href":"https:\/\/erformance.eu\/et\/wp-json\/wp\/v2\/product_tag?post=3234"}],"curies":[{"name":"wp","href":"https:\/\/api.w.org\/{rel}","templated":true}]}}