{"id":32757,"date":"2026-01-09T10:21:35","date_gmt":"2026-01-09T07:21:35","guid":{"rendered":"https:\/\/erformance.eu\/?post_type=product&#038;p=32757"},"modified":"2026-02-24T13:45:02","modified_gmt":"2026-02-24T10:45:02","slug":"bmw-4-f36-f32-f82-f33-f83-5-f10-f07-f11-n47-n57-karterio-alsuoklio-zarna","status":"publish","type":"product","link":"https:\/\/erformance.eu\/et\/toode\/bmw-4-f36-f32-f82-f33-f83-5-f10-f07-f11-n47-n57-karterio-alsuoklio-zarna\/","title":{"rendered":"BMW 4 F36 F32 F82 F33 F83 5 F10 F07 F11 N47 N57 Karterio alsuoklio \u017earna"},"content":{"rendered":"","protected":false},"excerpt":{"rendered":"<p>1. Prek\u0117 \u2013 Pneumotorakso \u017earna<br \/>\n3. Tiek\u0117jas &#8211; ERformance<br \/>\n4. Tinkama: BMW 4 F36, F32, F82, F33, F83, BMW 5 F10, F07, F<br \/>\n115. Variklis: N47, N57<\/p>\n","protected":false},"featured_media":32758,"comment_status":"open","ping_status":"closed","template":"","meta":[],"product_brand":[],"product_cat":[125,121,65,51,48],"product_tag":[],"class_list":{"0":"post-32757","1":"product","2":"type-product","3":"status-publish","4":"has-post-thumbnail","6":"product_cat-4-serija","7":"product_cat-bmw","8":"product_cat-f07","9":"product_cat-f10-f11-f18","10":"product_cat-f32-f33-f36","12":"first","13":"instock","14":"shipping-taxable","15":"purchasable","16":"product-type-simple"},"yoast_head":"<!-- This site is optimized with the Yoast SEO Premium plugin v25.2 (Yoast SEO v27.4) - https:\/\/yoast.com\/product\/yoast-seo-premium-wordpress\/ -->\n<title>BMW 4 F36 F32 F82 F33 F83 5 F10 F07 F11 N47 N57 Karterio alsuoklio \u017earna - Erformance.eu<\/title>\n<meta name=\"robots\" content=\"index, follow, max-snippet:-1, max-image-preview:large, max-video-preview:-1\" \/>\n<link rel=\"canonical\" href=\"https:\/\/erformance.eu\/et\/toode\/bmw-4-f36-f32-f82-f33-f83-5-f10-f07-f11-n47-n57-karterio-alsuoklio-zarna\/\" \/>\n<meta property=\"og:locale\" content=\"et_EE\" \/>\n<meta property=\"og:type\" content=\"article\" \/>\n<meta property=\"og:title\" content=\"BMW 4 F36 F32 F82 F33 F83 5 F10 F07 F11 N47 N57 Karterio alsuoklio \u017earna\" \/>\n<meta property=\"og:description\" content=\"1. Prek\u0117 \u2013 Pneumotorakso \u017earna 3. Tiek\u0117jas - ERformance 4. Tinkama: BMW 4 F36, F32, F82, F33, F83, BMW 5 F10, F07, F 115. Variklis: N47, N57\" \/>\n<meta property=\"og:url\" content=\"https:\/\/erformance.eu\/et\/toode\/bmw-4-f36-f32-f82-f33-f83-5-f10-f07-f11-n47-n57-karterio-alsuoklio-zarna\/\" \/>\n<meta property=\"og:site_name\" content=\"Erformance.eu\" \/>\n<meta property=\"article:modified_time\" content=\"2026-02-24T10:45:02+00:00\" \/>\n<meta property=\"og:image\" content=\"https:\/\/erformance.eu\/wp-content\/uploads\/2026\/01\/pol_pm_BMW-4-F36-F32-F82-F33-F83-5-F10-F07-F11-N47-N57-Rura-waz-odmy-37078_3.png\" \/>\n\t<meta property=\"og:image:width\" content=\"1200\" \/>\n\t<meta property=\"og:image:height\" content=\"581\" \/>\n\t<meta property=\"og:image:type\" content=\"image\/png\" \/>\n<meta name=\"twitter:card\" content=\"summary_large_image\" \/>\n<meta name=\"twitter:label1\" content=\"Est. reading time\" \/>\n\t<meta name=\"twitter:data1\" content=\"1 minut\" \/>\n<script type=\"application\/ld+json\" class=\"yoast-schema-graph\">{\"@context\":\"https:\\\/\\\/schema.org\",\"@graph\":[{\"@type\":\"WebPage\",\"@id\":\"https:\\\/\\\/erformance.eu\\\/et\\\/toode\\\/bmw-4-f36-f32-f82-f33-f83-5-f10-f07-f11-n47-n57-karterio-alsuoklio-zarna\\\/\",\"url\":\"https:\\\/\\\/erformance.eu\\\/et\\\/toode\\\/bmw-4-f36-f32-f82-f33-f83-5-f10-f07-f11-n47-n57-karterio-alsuoklio-zarna\\\/\",\"name\":\"BMW 4 F36 F32 F82 F33 F83 5 F10 F07 F11 N47 N57 Karterio alsuoklio \u017earna - Erformance.eu\",\"isPartOf\":{\"@id\":\"https:\\\/\\\/erformance.eu\\\/et\\\/#website\"},\"primaryImageOfPage\":{\"@id\":\"https:\\\/\\\/erformance.eu\\\/et\\\/toode\\\/bmw-4-f36-f32-f82-f33-f83-5-f10-f07-f11-n47-n57-karterio-alsuoklio-zarna\\\/#primaryimage\"},\"image\":{\"@id\":\"https:\\\/\\\/erformance.eu\\\/et\\\/toode\\\/bmw-4-f36-f32-f82-f33-f83-5-f10-f07-f11-n47-n57-karterio-alsuoklio-zarna\\\/#primaryimage\"},\"thumbnailUrl\":\"https:\\\/\\\/erformance.eu\\\/wp-content\\\/uploads\\\/2026\\\/01\\\/pol_pm_BMW-4-F36-F32-F82-F33-F83-5-F10-F07-F11-N47-N57-Rura-waz-odmy-37078_3.png\",\"datePublished\":\"2026-01-09T07:21:35+00:00\",\"dateModified\":\"2026-02-24T10:45:02+00:00\",\"breadcrumb\":{\"@id\":\"https:\\\/\\\/erformance.eu\\\/et\\\/toode\\\/bmw-4-f36-f32-f82-f33-f83-5-f10-f07-f11-n47-n57-karterio-alsuoklio-zarna\\\/#breadcrumb\"},\"inLanguage\":\"et\",\"potentialAction\":[{\"@type\":\"ReadAction\",\"target\":[\"https:\\\/\\\/erformance.eu\\\/et\\\/toode\\\/bmw-4-f36-f32-f82-f33-f83-5-f10-f07-f11-n47-n57-karterio-alsuoklio-zarna\\\/\"]}]},{\"@type\":\"ImageObject\",\"inLanguage\":\"et\",\"@id\":\"https:\\\/\\\/erformance.eu\\\/et\\\/toode\\\/bmw-4-f36-f32-f82-f33-f83-5-f10-f07-f11-n47-n57-karterio-alsuoklio-zarna\\\/#primaryimage\",\"url\":\"https:\\\/\\\/erformance.eu\\\/wp-content\\\/uploads\\\/2026\\\/01\\\/pol_pm_BMW-4-F36-F32-F82-F33-F83-5-F10-F07-F11-N47-N57-Rura-waz-odmy-37078_3.png\",\"contentUrl\":\"https:\\\/\\\/erformance.eu\\\/wp-content\\\/uploads\\\/2026\\\/01\\\/pol_pm_BMW-4-F36-F32-F82-F33-F83-5-F10-F07-F11-N47-N57-Rura-waz-odmy-37078_3.png\",\"width\":1200,\"height\":581},{\"@type\":\"BreadcrumbList\",\"@id\":\"https:\\\/\\\/erformance.eu\\\/et\\\/toode\\\/bmw-4-f36-f32-f82-f33-f83-5-f10-f07-f11-n47-n57-karterio-alsuoklio-zarna\\\/#breadcrumb\",\"itemListElement\":[{\"@type\":\"ListItem\",\"position\":1,\"name\":\"Home\",\"item\":\"https:\\\/\\\/erformance.eu\\\/et\\\/\"},{\"@type\":\"ListItem\",\"position\":2,\"name\":\"Pood\",\"item\":\"https:\\\/\\\/erformance.eu\\\/et\\\/pood\\\/\"},{\"@type\":\"ListItem\",\"position\":3,\"name\":\"BMW 4 F36 F32 F82 F33 F83 5 F10 F07 F11 N47 N57 Karterio alsuoklio \u017earna\"}]},{\"@type\":\"WebSite\",\"@id\":\"https:\\\/\\\/erformance.eu\\\/et\\\/#website\",\"url\":\"https:\\\/\\\/erformance.eu\\\/et\\\/\",\"name\":\"Erformance.eu\",\"description\":\"Automobili\u0173 dali\u0173 parduotuv\u0117\",\"potentialAction\":[{\"@type\":\"SearchAction\",\"target\":{\"@type\":\"EntryPoint\",\"urlTemplate\":\"https:\\\/\\\/erformance.eu\\\/et\\\/?s={search_term_string}\"},\"query-input\":{\"@type\":\"PropertyValueSpecification\",\"valueRequired\":true,\"valueName\":\"search_term_string\"}}],\"inLanguage\":\"et\"}]}<\/script>\n<!-- \/ Yoast SEO Premium plugin. -->","yoast_head_json":{"title":"BMW 4 F36 F32 F82 F33 F83 5 F10 F07 F11 N47 N57 Karterio alsuoklio \u017earna - Erformance.eu","robots":{"index":"index","follow":"follow","max-snippet":"max-snippet:-1","max-image-preview":"max-image-preview:large","max-video-preview":"max-video-preview:-1"},"canonical":"https:\/\/erformance.eu\/et\/toode\/bmw-4-f36-f32-f82-f33-f83-5-f10-f07-f11-n47-n57-karterio-alsuoklio-zarna\/","og_locale":"et_EE","og_type":"article","og_title":"BMW 4 F36 F32 F82 F33 F83 5 F10 F07 F11 N47 N57 Karterio alsuoklio \u017earna","og_description":"1. Prek\u0117 \u2013 Pneumotorakso \u017earna 3. Tiek\u0117jas - ERformance 4. Tinkama: BMW 4 F36, F32, F82, F33, F83, BMW 5 F10, F07, F 115. Variklis: N47, N57","og_url":"https:\/\/erformance.eu\/et\/toode\/bmw-4-f36-f32-f82-f33-f83-5-f10-f07-f11-n47-n57-karterio-alsuoklio-zarna\/","og_site_name":"Erformance.eu","article_modified_time":"2026-02-24T10:45:02+00:00","og_image":[{"width":1200,"height":581,"url":"https:\/\/erformance.eu\/wp-content\/uploads\/2026\/01\/pol_pm_BMW-4-F36-F32-F82-F33-F83-5-F10-F07-F11-N47-N57-Rura-waz-odmy-37078_3.png","type":"image\/png"}],"twitter_card":"summary_large_image","twitter_misc":{"Est. reading time":"1 minut"},"schema":{"@context":"https:\/\/schema.org","@graph":[{"@type":"WebPage","@id":"https:\/\/erformance.eu\/et\/toode\/bmw-4-f36-f32-f82-f33-f83-5-f10-f07-f11-n47-n57-karterio-alsuoklio-zarna\/","url":"https:\/\/erformance.eu\/et\/toode\/bmw-4-f36-f32-f82-f33-f83-5-f10-f07-f11-n47-n57-karterio-alsuoklio-zarna\/","name":"BMW 4 F36 F32 F82 F33 F83 5 F10 F07 F11 N47 N57 Karterio alsuoklio \u017earna - Erformance.eu","isPartOf":{"@id":"https:\/\/erformance.eu\/et\/#website"},"primaryImageOfPage":{"@id":"https:\/\/erformance.eu\/et\/toode\/bmw-4-f36-f32-f82-f33-f83-5-f10-f07-f11-n47-n57-karterio-alsuoklio-zarna\/#primaryimage"},"image":{"@id":"https:\/\/erformance.eu\/et\/toode\/bmw-4-f36-f32-f82-f33-f83-5-f10-f07-f11-n47-n57-karterio-alsuoklio-zarna\/#primaryimage"},"thumbnailUrl":"https:\/\/erformance.eu\/wp-content\/uploads\/2026\/01\/pol_pm_BMW-4-F36-F32-F82-F33-F83-5-F10-F07-F11-N47-N57-Rura-waz-odmy-37078_3.png","datePublished":"2026-01-09T07:21:35+00:00","dateModified":"2026-02-24T10:45:02+00:00","breadcrumb":{"@id":"https:\/\/erformance.eu\/et\/toode\/bmw-4-f36-f32-f82-f33-f83-5-f10-f07-f11-n47-n57-karterio-alsuoklio-zarna\/#breadcrumb"},"inLanguage":"et","potentialAction":[{"@type":"ReadAction","target":["https:\/\/erformance.eu\/et\/toode\/bmw-4-f36-f32-f82-f33-f83-5-f10-f07-f11-n47-n57-karterio-alsuoklio-zarna\/"]}]},{"@type":"ImageObject","inLanguage":"et","@id":"https:\/\/erformance.eu\/et\/toode\/bmw-4-f36-f32-f82-f33-f83-5-f10-f07-f11-n47-n57-karterio-alsuoklio-zarna\/#primaryimage","url":"https:\/\/erformance.eu\/wp-content\/uploads\/2026\/01\/pol_pm_BMW-4-F36-F32-F82-F33-F83-5-F10-F07-F11-N47-N57-Rura-waz-odmy-37078_3.png","contentUrl":"https:\/\/erformance.eu\/wp-content\/uploads\/2026\/01\/pol_pm_BMW-4-F36-F32-F82-F33-F83-5-F10-F07-F11-N47-N57-Rura-waz-odmy-37078_3.png","width":1200,"height":581},{"@type":"BreadcrumbList","@id":"https:\/\/erformance.eu\/et\/toode\/bmw-4-f36-f32-f82-f33-f83-5-f10-f07-f11-n47-n57-karterio-alsuoklio-zarna\/#breadcrumb","itemListElement":[{"@type":"ListItem","position":1,"name":"Home","item":"https:\/\/erformance.eu\/et\/"},{"@type":"ListItem","position":2,"name":"Pood","item":"https:\/\/erformance.eu\/et\/pood\/"},{"@type":"ListItem","position":3,"name":"BMW 4 F36 F32 F82 F33 F83 5 F10 F07 F11 N47 N57 Karterio alsuoklio \u017earna"}]},{"@type":"WebSite","@id":"https:\/\/erformance.eu\/et\/#website","url":"https:\/\/erformance.eu\/et\/","name":"Erformance.eu","description":"Automobili\u0173 dali\u0173 parduotuv\u0117","potentialAction":[{"@type":"SearchAction","target":{"@type":"EntryPoint","urlTemplate":"https:\/\/erformance.eu\/et\/?s={search_term_string}"},"query-input":{"@type":"PropertyValueSpecification","valueRequired":true,"valueName":"search_term_string"}}],"inLanguage":"et"}]}},"jetpack_sharing_enabled":true,"_links":{"self":[{"href":"https:\/\/erformance.eu\/et\/wp-json\/wp\/v2\/product\/32757","targetHints":{"allow":["GET"]}}],"collection":[{"href":"https:\/\/erformance.eu\/et\/wp-json\/wp\/v2\/product"}],"about":[{"href":"https:\/\/erformance.eu\/et\/wp-json\/wp\/v2\/types\/product"}],"replies":[{"embeddable":true,"href":"https:\/\/erformance.eu\/et\/wp-json\/wp\/v2\/comments?post=32757"}],"version-history":[{"count":1,"href":"https:\/\/erformance.eu\/et\/wp-json\/wp\/v2\/product\/32757\/revisions"}],"predecessor-version":[{"id":32768,"href":"https:\/\/erformance.eu\/et\/wp-json\/wp\/v2\/product\/32757\/revisions\/32768"}],"wp:featuredmedia":[{"embeddable":true,"href":"https:\/\/erformance.eu\/et\/wp-json\/wp\/v2\/media\/32758"}],"wp:attachment":[{"href":"https:\/\/erformance.eu\/et\/wp-json\/wp\/v2\/media?parent=32757"}],"wp:term":[{"taxonomy":"product_brand","embeddable":true,"href":"https:\/\/erformance.eu\/et\/wp-json\/wp\/v2\/product_brand?post=32757"},{"taxonomy":"product_cat","embeddable":true,"href":"https:\/\/erformance.eu\/et\/wp-json\/wp\/v2\/product_cat?post=32757"},{"taxonomy":"product_tag","embeddable":true,"href":"https:\/\/erformance.eu\/et\/wp-json\/wp\/v2\/product_tag?post=32757"}],"curies":[{"name":"wp","href":"https:\/\/api.w.org\/{rel}","templated":true}]}}