{"id":3582,"date":"2025-01-28T01:33:13","date_gmt":"2025-01-27T22:33:13","guid":{"rendered":"https:\/\/erformance.eu\/?post_type=product&#038;p=3582"},"modified":"2026-04-25T22:17:52","modified_gmt":"2026-04-25T19:17:52","slug":"bmw-bagazines-atidarymo-mygtukas","status":"publish","type":"product","link":"https:\/\/erformance.eu\/et\/toode\/bmw-bagazines-atidarymo-mygtukas\/","title":{"rendered":"BMW baga\u017ein\u0117s mygtukas, E6X E9X E7X E8X"},"content":{"rendered":"<p class=\"ai-optimize-33 ai-optimize-introduction\"><strong>Prek\u0117s pavadinimas:<\/strong><\/p>\n<ul>\n<li class=\"ai-optimize-33 ai-optimize-introduction\">BMW baga\u017ein\u0117s mygtukas, E6X E9X E7X E8X.<\/li>\n<\/ul>\n<p class=\"ai-optimize-26\"><strong>Komplekt\u0105 sudaro:<\/strong><\/p>\n<ul>\n<li class=\"ai-optimize-25\">1 vnt. BMW baga\u017ein\u0117s mygtukas.<\/li>\n<\/ul>\n<p class=\"ai-optimize-36\"><strong>Savyb\u0117s:<\/strong><\/p>\n<ul>\n<li class=\"ai-optimize-29\">Auk\u0161tos kokyb\u0117s original\u0105 atitinkanti dalis.<\/li>\n<li class=\"ai-optimize-32\">Lengvas montavimas, laikikliai atitinka originalias vietas.<\/li>\n<li class=\"ai-optimize-44\">2 (dviej\u0173) pin jungtis.<\/li>\n<li class=\"ai-optimize-45\">Nereikia papildomo programavimo.<\/li>\n<\/ul>\n<p class=\"ai-optimize-38\"><strong>Tinkamumas:<\/strong><\/p>\n<ul>\n<li class=\"ai-optimize-30\"><strong>BMW E60 5 serija,<\/strong> 2004-2010.<\/li>\n<li class=\"ai-optimize-31\"><strong>BMW E61 5 serija,<\/strong> 2004-2010.<\/li>\n<li class=\"ai-optimize-32\"><strong>BMW E90 3 serija, <\/strong>2005-2012.<\/li>\n<li class=\"ai-optimize-33\"><strong>BMW E91 3 serija,<\/strong> 2005-2012.<\/li>\n<li class=\"ai-optimize-48\"><strong>BMW E92 3 serija,<\/strong> 2005-2012.<\/li>\n<li class=\"ai-optimize-49\"><strong>BMW E93 3 serija,<\/strong> 2005-2012.<\/li>\n<li class=\"ai-optimize-34\"><strong>BMW E70 X5 serija,<\/strong> 2007-2013.<\/li>\n<li class=\"ai-optimize-35\"><strong>BMW E71 X6 serija, <\/strong>2007-2013.<\/li>\n<li class=\"ai-optimize-36\"><strong>BMW E82 1 serija,<\/strong> 2006-2013.<\/li>\n<li class=\"ai-optimize-37\"><strong>BMW E88 1 serija,<\/strong> 2008-2013.<\/li>\n<li class=\"ai-optimize-38\"><strong>BMW E84 X1 serija, <\/strong>2008-2015.<\/li>\n<\/ul>\n<p class=\"ai-optimize-41\">Atnaujinkite automobilio i\u0161vaizd\u0105 ir suteikite agresyv\u0173, bei modern\u0173 stili\u0173.<\/p>\n<p class=\"ai-optimize-42\">Erformance.eu elektronin\u0117je parduotuv\u0117je rasite \u012fvairi\u0173 preki\u0173 savo\u00a0<a href=\"https:\/\/erformance.eu\/produkto-kategorija\/bmw\/\">BMW\u00a0<\/a>\u00a0automobiliui. Nuo smulkiausi\u0173 pried\u0173 iki tiuning dali\u0173 plataus pasirinkimo.<\/p>\n<p class=\"ai-optimize-29\">Prek\u0117s laikomos sand\u0117lyje Lietuvoje, tod\u0117l galime garantuoti greit\u0105 pristatymo laik\u0105 (1-2 darbo dienas)..<\/p>\n","protected":false},"excerpt":{"rendered":"<h5 class=\"ai-optimize-25\">BMW baga\u017ein\u0117s atidarymo mygtukas<\/h5>\n","protected":false},"featured_media":28304,"comment_status":"open","ping_status":"closed","template":"","meta":[],"product_brand":[],"product_cat":[50,62,140,42,58,46,139,2767,2771,3380,3348,3347,3379],"product_tag":[],"class_list":{"0":"post-3582","1":"product","2":"type-product","3":"status-publish","4":"has-post-thumbnail","6":"product_cat-e60-e61","7":"product_cat-e70","8":"product_cat-e71-e72","9":"product_cat-e81-e82-e87-e88","10":"product_cat-e84","11":"product_cat-e90-e91","12":"product_cat-e92-e93","13":"product_cat-e81-e82-e87-e88-isores-dalys","14":"product_cat-e90-e91-isores-dalys","15":"product_cat-e90-e91-isores-kitos-isores-dalys","16":"product_cat-e81-e82-e87-e88-isores-kitos-isores-dalys","17":"product_cat-e81-e82-e87-e88-isores-mechanizmai-valytuvai","18":"product_cat-e90-e91-isores-mechanizmai-valytuvai","20":"first","21":"instock","22":"shipping-taxable","23":"purchasable","24":"product-type-simple"},"yoast_head":"<!-- This site is optimized with the Yoast SEO Premium plugin v25.2 (Yoast SEO v27.5) - https:\/\/yoast.com\/product\/yoast-seo-premium-wordpress\/ -->\n<title>BMW baga\u017ein\u0117s mygtukas, E6X E9X E7X E8X - Erformance.eu<\/title>\n<meta name=\"description\" content=\"BMW baga\u017ein\u0117s mygtukas. \u0160is baga\u017ein\u0117s atidarymo mygtukas tinka BMW E60 E61 E90 E91 E92 E93 E82 E88 E70 E71 E84 modeliams. 2 pin jungtis. Auk\u0161ta kokyb\u0117.\" \/>\n<meta name=\"robots\" content=\"index, follow, max-snippet:-1, max-image-preview:large, max-video-preview:-1\" \/>\n<link rel=\"canonical\" href=\"https:\/\/erformance.eu\/et\/toode\/bmw-bagazines-atidarymo-mygtukas\/\" \/>\n<meta property=\"og:locale\" content=\"et_EE\" \/>\n<meta property=\"og:type\" content=\"article\" \/>\n<meta property=\"og:title\" content=\"BMW baga\u017ein\u0117s mygtukas, E6X E9X E7X E8X\" \/>\n<meta property=\"og:description\" content=\"BMW baga\u017ein\u0117s mygtukas. \u0160is baga\u017ein\u0117s atidarymo mygtukas tinka BMW E60 E61 E90 E91 E92 E93 E82 E88 E70 E71 E84 modeliams. 2 pin jungtis. Auk\u0161ta kokyb\u0117.\" \/>\n<meta property=\"og:url\" content=\"https:\/\/erformance.eu\/et\/toode\/bmw-bagazines-atidarymo-mygtukas\/\" \/>\n<meta property=\"og:site_name\" content=\"Erformance.eu\" \/>\n<meta property=\"article:modified_time\" content=\"2026-04-25T19:17:52+00:00\" \/>\n<meta property=\"og:image\" content=\"https:\/\/erformance.eu\/wp-content\/uploads\/2025\/01\/bmw-bagazines-atidarymo-mygtukas-e90-e91-e60-e61-e70-e71-e82-3.webp\" \/>\n\t<meta property=\"og:image:width\" content=\"1080\" \/>\n\t<meta property=\"og:image:height\" content=\"1080\" \/>\n\t<meta property=\"og:image:type\" content=\"image\/webp\" \/>\n<meta name=\"twitter:card\" content=\"summary_large_image\" \/>\n<meta name=\"twitter:label1\" content=\"Est. reading time\" \/>\n\t<meta name=\"twitter:data1\" content=\"1 minut\" \/>\n<script type=\"application\/ld+json\" class=\"yoast-schema-graph\">{\"@context\":\"https:\\\/\\\/schema.org\",\"@graph\":[{\"@type\":\"WebPage\",\"@id\":\"https:\\\/\\\/erformance.eu\\\/et\\\/toode\\\/bmw-bagazines-atidarymo-mygtukas\\\/\",\"url\":\"https:\\\/\\\/erformance.eu\\\/et\\\/toode\\\/bmw-bagazines-atidarymo-mygtukas\\\/\",\"name\":\"BMW baga\u017ein\u0117s mygtukas, E6X E9X E7X E8X - Erformance.eu\",\"isPartOf\":{\"@id\":\"https:\\\/\\\/erformance.eu\\\/et\\\/#website\"},\"primaryImageOfPage\":{\"@id\":\"https:\\\/\\\/erformance.eu\\\/et\\\/toode\\\/bmw-bagazines-atidarymo-mygtukas\\\/#primaryimage\"},\"image\":{\"@id\":\"https:\\\/\\\/erformance.eu\\\/et\\\/toode\\\/bmw-bagazines-atidarymo-mygtukas\\\/#primaryimage\"},\"thumbnailUrl\":\"https:\\\/\\\/erformance.eu\\\/wp-content\\\/uploads\\\/2025\\\/01\\\/bmw-bagazines-atidarymo-mygtukas-e90-e91-e60-e61-e70-e71-e82-3.webp\",\"datePublished\":\"2025-01-27T22:33:13+00:00\",\"dateModified\":\"2026-04-25T19:17:52+00:00\",\"description\":\"BMW baga\u017ein\u0117s mygtukas. \u0160is baga\u017ein\u0117s atidarymo mygtukas tinka BMW E60 E61 E90 E91 E92 E93 E82 E88 E70 E71 E84 modeliams. 2 pin jungtis. Auk\u0161ta kokyb\u0117.\",\"breadcrumb\":{\"@id\":\"https:\\\/\\\/erformance.eu\\\/et\\\/toode\\\/bmw-bagazines-atidarymo-mygtukas\\\/#breadcrumb\"},\"inLanguage\":\"et\",\"potentialAction\":[{\"@type\":\"ReadAction\",\"target\":[\"https:\\\/\\\/erformance.eu\\\/et\\\/toode\\\/bmw-bagazines-atidarymo-mygtukas\\\/\"]}]},{\"@type\":\"ImageObject\",\"inLanguage\":\"et\",\"@id\":\"https:\\\/\\\/erformance.eu\\\/et\\\/toode\\\/bmw-bagazines-atidarymo-mygtukas\\\/#primaryimage\",\"url\":\"https:\\\/\\\/erformance.eu\\\/wp-content\\\/uploads\\\/2025\\\/01\\\/bmw-bagazines-atidarymo-mygtukas-e90-e91-e60-e61-e70-e71-e82-3.webp\",\"contentUrl\":\"https:\\\/\\\/erformance.eu\\\/wp-content\\\/uploads\\\/2025\\\/01\\\/bmw-bagazines-atidarymo-mygtukas-e90-e91-e60-e61-e70-e71-e82-3.webp\",\"width\":1080,\"height\":1080,\"caption\":\"BMW mygtukas baga\u017einei i\u0161 priekio\"},{\"@type\":\"BreadcrumbList\",\"@id\":\"https:\\\/\\\/erformance.eu\\\/et\\\/toode\\\/bmw-bagazines-atidarymo-mygtukas\\\/#breadcrumb\",\"itemListElement\":[{\"@type\":\"ListItem\",\"position\":1,\"name\":\"Home\",\"item\":\"https:\\\/\\\/erformance.eu\\\/et\\\/\"},{\"@type\":\"ListItem\",\"position\":2,\"name\":\"Pood\",\"item\":\"https:\\\/\\\/erformance.eu\\\/et\\\/pood\\\/\"},{\"@type\":\"ListItem\",\"position\":3,\"name\":\"BMW baga\u017ein\u0117s mygtukas, E6X E9X E7X E8X\"}]},{\"@type\":\"WebSite\",\"@id\":\"https:\\\/\\\/erformance.eu\\\/et\\\/#website\",\"url\":\"https:\\\/\\\/erformance.eu\\\/et\\\/\",\"name\":\"Erformance.eu\",\"description\":\"Automobili\u0173 dali\u0173 parduotuv\u0117\",\"potentialAction\":[{\"@type\":\"SearchAction\",\"target\":{\"@type\":\"EntryPoint\",\"urlTemplate\":\"https:\\\/\\\/erformance.eu\\\/et\\\/?s={search_term_string}\"},\"query-input\":{\"@type\":\"PropertyValueSpecification\",\"valueRequired\":true,\"valueName\":\"search_term_string\"}}],\"inLanguage\":\"et\"}]}<\/script>\n<!-- \/ Yoast SEO Premium plugin. -->","yoast_head_json":{"title":"BMW baga\u017ein\u0117s mygtukas, E6X E9X E7X E8X - Erformance.eu","description":"BMW baga\u017ein\u0117s mygtukas. \u0160is baga\u017ein\u0117s atidarymo mygtukas tinka BMW E60 E61 E90 E91 E92 E93 E82 E88 E70 E71 E84 modeliams. 2 pin jungtis. Auk\u0161ta kokyb\u0117.","robots":{"index":"index","follow":"follow","max-snippet":"max-snippet:-1","max-image-preview":"max-image-preview:large","max-video-preview":"max-video-preview:-1"},"canonical":"https:\/\/erformance.eu\/et\/toode\/bmw-bagazines-atidarymo-mygtukas\/","og_locale":"et_EE","og_type":"article","og_title":"BMW baga\u017ein\u0117s mygtukas, E6X E9X E7X E8X","og_description":"BMW baga\u017ein\u0117s mygtukas. \u0160is baga\u017ein\u0117s atidarymo mygtukas tinka BMW E60 E61 E90 E91 E92 E93 E82 E88 E70 E71 E84 modeliams. 2 pin jungtis. Auk\u0161ta kokyb\u0117.","og_url":"https:\/\/erformance.eu\/et\/toode\/bmw-bagazines-atidarymo-mygtukas\/","og_site_name":"Erformance.eu","article_modified_time":"2026-04-25T19:17:52+00:00","og_image":[{"width":1080,"height":1080,"url":"https:\/\/erformance.eu\/wp-content\/uploads\/2025\/01\/bmw-bagazines-atidarymo-mygtukas-e90-e91-e60-e61-e70-e71-e82-3.webp","type":"image\/webp"}],"twitter_card":"summary_large_image","twitter_misc":{"Est. reading time":"1 minut"},"schema":{"@context":"https:\/\/schema.org","@graph":[{"@type":"WebPage","@id":"https:\/\/erformance.eu\/et\/toode\/bmw-bagazines-atidarymo-mygtukas\/","url":"https:\/\/erformance.eu\/et\/toode\/bmw-bagazines-atidarymo-mygtukas\/","name":"BMW baga\u017ein\u0117s mygtukas, E6X E9X E7X E8X - Erformance.eu","isPartOf":{"@id":"https:\/\/erformance.eu\/et\/#website"},"primaryImageOfPage":{"@id":"https:\/\/erformance.eu\/et\/toode\/bmw-bagazines-atidarymo-mygtukas\/#primaryimage"},"image":{"@id":"https:\/\/erformance.eu\/et\/toode\/bmw-bagazines-atidarymo-mygtukas\/#primaryimage"},"thumbnailUrl":"https:\/\/erformance.eu\/wp-content\/uploads\/2025\/01\/bmw-bagazines-atidarymo-mygtukas-e90-e91-e60-e61-e70-e71-e82-3.webp","datePublished":"2025-01-27T22:33:13+00:00","dateModified":"2026-04-25T19:17:52+00:00","description":"BMW baga\u017ein\u0117s mygtukas. \u0160is baga\u017ein\u0117s atidarymo mygtukas tinka BMW E60 E61 E90 E91 E92 E93 E82 E88 E70 E71 E84 modeliams. 2 pin jungtis. Auk\u0161ta kokyb\u0117.","breadcrumb":{"@id":"https:\/\/erformance.eu\/et\/toode\/bmw-bagazines-atidarymo-mygtukas\/#breadcrumb"},"inLanguage":"et","potentialAction":[{"@type":"ReadAction","target":["https:\/\/erformance.eu\/et\/toode\/bmw-bagazines-atidarymo-mygtukas\/"]}]},{"@type":"ImageObject","inLanguage":"et","@id":"https:\/\/erformance.eu\/et\/toode\/bmw-bagazines-atidarymo-mygtukas\/#primaryimage","url":"https:\/\/erformance.eu\/wp-content\/uploads\/2025\/01\/bmw-bagazines-atidarymo-mygtukas-e90-e91-e60-e61-e70-e71-e82-3.webp","contentUrl":"https:\/\/erformance.eu\/wp-content\/uploads\/2025\/01\/bmw-bagazines-atidarymo-mygtukas-e90-e91-e60-e61-e70-e71-e82-3.webp","width":1080,"height":1080,"caption":"BMW mygtukas baga\u017einei i\u0161 priekio"},{"@type":"BreadcrumbList","@id":"https:\/\/erformance.eu\/et\/toode\/bmw-bagazines-atidarymo-mygtukas\/#breadcrumb","itemListElement":[{"@type":"ListItem","position":1,"name":"Home","item":"https:\/\/erformance.eu\/et\/"},{"@type":"ListItem","position":2,"name":"Pood","item":"https:\/\/erformance.eu\/et\/pood\/"},{"@type":"ListItem","position":3,"name":"BMW baga\u017ein\u0117s mygtukas, E6X E9X E7X E8X"}]},{"@type":"WebSite","@id":"https:\/\/erformance.eu\/et\/#website","url":"https:\/\/erformance.eu\/et\/","name":"Erformance.eu","description":"Automobili\u0173 dali\u0173 parduotuv\u0117","potentialAction":[{"@type":"SearchAction","target":{"@type":"EntryPoint","urlTemplate":"https:\/\/erformance.eu\/et\/?s={search_term_string}"},"query-input":{"@type":"PropertyValueSpecification","valueRequired":true,"valueName":"search_term_string"}}],"inLanguage":"et"}]}},"jetpack_sharing_enabled":true,"_links":{"self":[{"href":"https:\/\/erformance.eu\/et\/wp-json\/wp\/v2\/product\/3582","targetHints":{"allow":["GET"]}}],"collection":[{"href":"https:\/\/erformance.eu\/et\/wp-json\/wp\/v2\/product"}],"about":[{"href":"https:\/\/erformance.eu\/et\/wp-json\/wp\/v2\/types\/product"}],"replies":[{"embeddable":true,"href":"https:\/\/erformance.eu\/et\/wp-json\/wp\/v2\/comments?post=3582"}],"version-history":[{"count":5,"href":"https:\/\/erformance.eu\/et\/wp-json\/wp\/v2\/product\/3582\/revisions"}],"predecessor-version":[{"id":66440,"href":"https:\/\/erformance.eu\/et\/wp-json\/wp\/v2\/product\/3582\/revisions\/66440"}],"wp:featuredmedia":[{"embeddable":true,"href":"https:\/\/erformance.eu\/et\/wp-json\/wp\/v2\/media\/28304"}],"wp:attachment":[{"href":"https:\/\/erformance.eu\/et\/wp-json\/wp\/v2\/media?parent=3582"}],"wp:term":[{"taxonomy":"product_brand","embeddable":true,"href":"https:\/\/erformance.eu\/et\/wp-json\/wp\/v2\/product_brand?post=3582"},{"taxonomy":"product_cat","embeddable":true,"href":"https:\/\/erformance.eu\/et\/wp-json\/wp\/v2\/product_cat?post=3582"},{"taxonomy":"product_tag","embeddable":true,"href":"https:\/\/erformance.eu\/et\/wp-json\/wp\/v2\/product_tag?post=3582"}],"curies":[{"name":"wp","href":"https:\/\/api.w.org\/{rel}","templated":true}]}}