{"id":3651,"date":"2025-03-11T17:04:40","date_gmt":"2025-03-11T14:04:40","guid":{"rendered":"https:\/\/erformance.eu\/?post_type=product&#038;p=3651"},"modified":"2026-04-11T23:37:14","modified_gmt":"2026-04-11T20:37:14","slug":"bmw-e60-e61-e63-e64-veidrodeliu-dangteliai","status":"publish","type":"product","link":"https:\/\/erformance.eu\/et\/toode\/bmw-e60-e61-e63-e64-veidrodeliu-dangteliai\/","title":{"rendered":"BMW E60 E61 E63 E64 veidrod\u0117li\u0173 dangteliai PRE LCI, blizg\u016bs juodi"},"content":{"rendered":"<div class=\"wd-negative-gap elementor-element elementor-element-12e88f7e e-flex e-con-boxed e-con e-parent e-lazyloaded\" data-id=\"12e88f7e\" data-element_type=\"container\">\n<div class=\"e-con-inner\">\n<div class=\"elementor-element elementor-element-79f7e8df e-con-full e-flex e-con e-child\" data-id=\"79f7e8df\" data-element_type=\"container\">\n<div class=\"elementor-element elementor-element-4295b19c wd-single-tabs wd-width-100 elementor-widget elementor-widget-wd_single_product_tabs\" data-id=\"4295b19c\" data-element_type=\"widget\" data-widget_type=\"wd_single_product_tabs.default\">\n<div class=\"elementor-widget-container\">\n<div class=\"woocommerce-tabs wc-tabs-wrapper\" data-state=\"first\" data-layout=\"tabs\">\n<div id=\"tab-description\" class=\"woocommerce-Tabs-panel panel entry-content wc-tab woocommerce-Tabs-panel--description\" role=\"tabpanel\" aria-labelledby=\"tab-title-description\" data-accordion-index=\"description\">\n<p class=\"ai-optimize-33 ai-optimize-introduction\"><strong>Prek\u0117s pavadinimas:<\/strong><\/p>\n<ul>\n<li class=\"ai-optimize-33 ai-optimize-introduction\">BMW E60 E61 E63 E64 veidrod\u0117li\u0173 dangteliai PRE LCI, blizg\u016bs juodi.<\/li>\n<\/ul>\n<p class=\"ai-optimize-26\"><strong>Komplekt\u0105 sudaro:<\/strong><\/p>\n<ul>\n<li class=\"ai-optimize-25\">2 vnt. veidrod\u0117li\u0173 dangteli\u0173 (kair\u0117 ir de\u0161in\u0117 pus\u0117s).<\/li>\n<\/ul>\n<p class=\"ai-optimize-35\"><strong>Spalva:<\/strong><\/p>\n<ul>\n<li class=\"ai-optimize-35\">blizgi juoda (gloss black).<\/li>\n<\/ul>\n<p class=\"ai-optimize-36\"><strong>Savyb\u0117s:<\/strong><\/p>\n<ul>\n<li class=\"ai-optimize-29\">Veidrod\u0117li\u0173 dangteliai pagaminti i\u0161 tvirto ABS plastiko.<\/li>\n<li class=\"ai-optimize-30\">Tvirti, auk\u0161tos kokyb\u0117s laikikliai.<\/li>\n<li class=\"ai-optimize-31\">Veidrod\u0117li\u0173 dangteliai padengti auk\u0161tos kokyb\u0117s da\u017eais, tod\u0117l tarnauja ir i\u0161laiko savo blizges\u012f ilg\u0105 laik\u0105.<\/li>\n<li class=\"ai-optimize-32\">Lengvas montavimas, laikikliai atitinka originalias vietas.<\/li>\n<li class=\"ai-optimize-40\">\u0160ie veidrod\u0117li\u0173 dangteliai tinka BMW 5-6 serijos PRE\u00a0 LCI modeliams nuo 2003 m. iki 2008 m.<\/li>\n<\/ul>\n<p class=\"ai-optimize-38\"><strong>Tinkamumas:<\/strong><\/p>\n<ul>\n<li class=\"ai-optimize-32\"><strong>BMW E60 5 serija,<\/strong> 2003-2007 (PRE LCI).<\/li>\n<li class=\"ai-optimize-33\"><strong>BMW E61 5 serija,\u00a0<\/strong>2003-2007 (PRE LCI).<\/li>\n<li class=\"ai-optimize-34\"><strong>BMW E63 6 serija,<\/strong> 2004-2007 (PRE LCI).<\/li>\n<li class=\"ai-optimize-35\"><strong>BMW E64 6 serija,<\/strong> 2004-2007 (PRE LCI).<\/li>\n<\/ul>\n<p class=\"ai-optimize-41\">Atnaujinkite automobilio i\u0161vaizd\u0105 ir suteikite agresyv\u0173, bei modern\u0173 stili\u0173.<\/p>\n<p class=\"ai-optimize-42\">Erformance.eu elektronin\u0117je parduotuv\u0117je rasite \u012fvairi\u0173 preki\u0173 savo\u00a0<a href=\"https:\/\/erformance.eu\/produkto-kategorija\/bmw\/\">BMW<\/a>\u00a0automobiliui. Nuo smulkiausi\u0173 pried\u0173 iki tiuning dali\u0173 plataus pasirinkimo.<\/p>\n<p class=\"ai-optimize-29\">Prek\u0117s laikomos sand\u0117lyje Lietuvoje, tod\u0117l galime garantuoti greit\u0105 pristatymo laik\u0105 (1-2 darbo dienas).<\/p>\n<\/div>\n<\/div>\n<\/div>\n<\/div>\n<\/div>\n<\/div>\n<\/div>\n","protected":false},"excerpt":{"rendered":"<h5>BMW E6X veidrod\u0117li\u0173 dangteliai<\/h5>\n","protected":false},"featured_media":28432,"comment_status":"open","ping_status":"closed","template":"","meta":[],"product_brand":[],"product_cat":[50,53,24],"product_tag":[],"class_list":{"0":"post-3651","1":"product","2":"type-product","3":"status-publish","4":"has-post-thumbnail","6":"product_cat-e60-e61","7":"product_cat-e63-e64","8":"product_cat-tuning-dalys","10":"first","11":"outofstock","12":"shipping-taxable","13":"purchasable","14":"product-type-simple"},"yoast_head":"<!-- This site is optimized with the Yoast SEO Premium plugin v25.2 (Yoast SEO v27.5) - https:\/\/yoast.com\/product\/yoast-seo-premium-wordpress\/ -->\n<title>BMW E6X veidrod\u0117li\u0173 dangteliai PRE LCI, blizg\u016bs juodi - Erformance.eu<\/title>\n<meta name=\"description\" content=\"BMW E60 E61 E63 E64 veidrod\u0117li\u0173 dangteliai PRE LCI. Blizgi juoda spalva. Komplekte 2 vnt. BMW E6X veidrod\u0117li\u0173 dangteli\u0173. Tinka modeliams 2003-2007 m.\" \/>\n<meta name=\"robots\" content=\"index, follow, max-snippet:-1, max-image-preview:large, max-video-preview:-1\" \/>\n<link rel=\"canonical\" href=\"https:\/\/erformance.eu\/et\/toode\/bmw-e60-e61-e63-e64-veidrodeliu-dangteliai\/\" \/>\n<meta property=\"og:locale\" content=\"et_EE\" \/>\n<meta property=\"og:type\" content=\"article\" \/>\n<meta property=\"og:title\" content=\"BMW E60 E61 E63 E64 veidrod\u0117li\u0173 dangteliai PRE LCI, blizg\u016bs juodi\" \/>\n<meta property=\"og:description\" content=\"BMW E60 E61 E63 E64 veidrod\u0117li\u0173 dangteliai PRE LCI. Blizgi juoda spalva. Komplekte 2 vnt. BMW E6X veidrod\u0117li\u0173 dangteli\u0173. Tinka modeliams 2003-2007 m.\" \/>\n<meta property=\"og:url\" content=\"https:\/\/erformance.eu\/et\/toode\/bmw-e60-e61-e63-e64-veidrodeliu-dangteliai\/\" \/>\n<meta property=\"og:site_name\" content=\"Erformance.eu\" \/>\n<meta property=\"article:modified_time\" content=\"2026-04-11T20:37:14+00:00\" \/>\n<meta property=\"og:image\" content=\"https:\/\/erformance.eu\/wp-content\/uploads\/2025\/03\/bmw-e60-e61-e63-e64-pre-lci-veidrodeliu-dangteliai-juodi-blizgus-1.webp\" \/>\n\t<meta property=\"og:image:width\" content=\"1080\" \/>\n\t<meta property=\"og:image:height\" content=\"1080\" \/>\n\t<meta property=\"og:image:type\" content=\"image\/webp\" \/>\n<meta name=\"twitter:card\" content=\"summary_large_image\" \/>\n<meta name=\"twitter:label1\" content=\"Est. reading time\" \/>\n\t<meta name=\"twitter:data1\" content=\"1 minut\" \/>\n<script type=\"application\/ld+json\" class=\"yoast-schema-graph\">{\"@context\":\"https:\\\/\\\/schema.org\",\"@graph\":[{\"@type\":\"WebPage\",\"@id\":\"https:\\\/\\\/erformance.eu\\\/et\\\/toode\\\/bmw-e60-e61-e63-e64-veidrodeliu-dangteliai\\\/\",\"url\":\"https:\\\/\\\/erformance.eu\\\/et\\\/toode\\\/bmw-e60-e61-e63-e64-veidrodeliu-dangteliai\\\/\",\"name\":\"BMW E6X veidrod\u0117li\u0173 dangteliai PRE LCI, blizg\u016bs juodi - Erformance.eu\",\"isPartOf\":{\"@id\":\"https:\\\/\\\/erformance.eu\\\/et\\\/#website\"},\"primaryImageOfPage\":{\"@id\":\"https:\\\/\\\/erformance.eu\\\/et\\\/toode\\\/bmw-e60-e61-e63-e64-veidrodeliu-dangteliai\\\/#primaryimage\"},\"image\":{\"@id\":\"https:\\\/\\\/erformance.eu\\\/et\\\/toode\\\/bmw-e60-e61-e63-e64-veidrodeliu-dangteliai\\\/#primaryimage\"},\"thumbnailUrl\":\"https:\\\/\\\/erformance.eu\\\/wp-content\\\/uploads\\\/2025\\\/03\\\/bmw-e60-e61-e63-e64-pre-lci-veidrodeliu-dangteliai-juodi-blizgus-1.webp\",\"datePublished\":\"2025-03-11T14:04:40+00:00\",\"dateModified\":\"2026-04-11T20:37:14+00:00\",\"description\":\"BMW E60 E61 E63 E64 veidrod\u0117li\u0173 dangteliai PRE LCI. Blizgi juoda spalva. Komplekte 2 vnt. BMW E6X veidrod\u0117li\u0173 dangteli\u0173. Tinka modeliams 2003-2007 m.\",\"breadcrumb\":{\"@id\":\"https:\\\/\\\/erformance.eu\\\/et\\\/toode\\\/bmw-e60-e61-e63-e64-veidrodeliu-dangteliai\\\/#breadcrumb\"},\"inLanguage\":\"et\",\"potentialAction\":[{\"@type\":\"ReadAction\",\"target\":[\"https:\\\/\\\/erformance.eu\\\/et\\\/toode\\\/bmw-e60-e61-e63-e64-veidrodeliu-dangteliai\\\/\"]}]},{\"@type\":\"ImageObject\",\"inLanguage\":\"et\",\"@id\":\"https:\\\/\\\/erformance.eu\\\/et\\\/toode\\\/bmw-e60-e61-e63-e64-veidrodeliu-dangteliai\\\/#primaryimage\",\"url\":\"https:\\\/\\\/erformance.eu\\\/wp-content\\\/uploads\\\/2025\\\/03\\\/bmw-e60-e61-e63-e64-pre-lci-veidrodeliu-dangteliai-juodi-blizgus-1.webp\",\"contentUrl\":\"https:\\\/\\\/erformance.eu\\\/wp-content\\\/uploads\\\/2025\\\/03\\\/bmw-e60-e61-e63-e64-pre-lci-veidrodeliu-dangteliai-juodi-blizgus-1.webp\",\"width\":1080,\"height\":1080,\"caption\":\"bmw e60 e61 e63 e64 veidrod\u0117li\u0173 dangteliai blizg\u016bs juodi pre lci pagrindin\u0117\"},{\"@type\":\"BreadcrumbList\",\"@id\":\"https:\\\/\\\/erformance.eu\\\/et\\\/toode\\\/bmw-e60-e61-e63-e64-veidrodeliu-dangteliai\\\/#breadcrumb\",\"itemListElement\":[{\"@type\":\"ListItem\",\"position\":1,\"name\":\"Home\",\"item\":\"https:\\\/\\\/erformance.eu\\\/et\\\/\"},{\"@type\":\"ListItem\",\"position\":2,\"name\":\"Pood\",\"item\":\"https:\\\/\\\/erformance.eu\\\/et\\\/pood\\\/\"},{\"@type\":\"ListItem\",\"position\":3,\"name\":\"BMW E60 E61 E63 E64 veidrod\u0117li\u0173 dangteliai PRE LCI, blizg\u016bs juodi\"}]},{\"@type\":\"WebSite\",\"@id\":\"https:\\\/\\\/erformance.eu\\\/et\\\/#website\",\"url\":\"https:\\\/\\\/erformance.eu\\\/et\\\/\",\"name\":\"Erformance.eu\",\"description\":\"Automobili\u0173 dali\u0173 parduotuv\u0117\",\"potentialAction\":[{\"@type\":\"SearchAction\",\"target\":{\"@type\":\"EntryPoint\",\"urlTemplate\":\"https:\\\/\\\/erformance.eu\\\/et\\\/?s={search_term_string}\"},\"query-input\":{\"@type\":\"PropertyValueSpecification\",\"valueRequired\":true,\"valueName\":\"search_term_string\"}}],\"inLanguage\":\"et\"}]}<\/script>\n<!-- \/ Yoast SEO Premium plugin. -->","yoast_head_json":{"title":"BMW E6X veidrod\u0117li\u0173 dangteliai PRE LCI, blizg\u016bs juodi - Erformance.eu","description":"BMW E60 E61 E63 E64 veidrod\u0117li\u0173 dangteliai PRE LCI. Blizgi juoda spalva. Komplekte 2 vnt. BMW E6X veidrod\u0117li\u0173 dangteli\u0173. Tinka modeliams 2003-2007 m.","robots":{"index":"index","follow":"follow","max-snippet":"max-snippet:-1","max-image-preview":"max-image-preview:large","max-video-preview":"max-video-preview:-1"},"canonical":"https:\/\/erformance.eu\/et\/toode\/bmw-e60-e61-e63-e64-veidrodeliu-dangteliai\/","og_locale":"et_EE","og_type":"article","og_title":"BMW E60 E61 E63 E64 veidrod\u0117li\u0173 dangteliai PRE LCI, blizg\u016bs juodi","og_description":"BMW E60 E61 E63 E64 veidrod\u0117li\u0173 dangteliai PRE LCI. Blizgi juoda spalva. Komplekte 2 vnt. BMW E6X veidrod\u0117li\u0173 dangteli\u0173. Tinka modeliams 2003-2007 m.","og_url":"https:\/\/erformance.eu\/et\/toode\/bmw-e60-e61-e63-e64-veidrodeliu-dangteliai\/","og_site_name":"Erformance.eu","article_modified_time":"2026-04-11T20:37:14+00:00","og_image":[{"width":1080,"height":1080,"url":"https:\/\/erformance.eu\/wp-content\/uploads\/2025\/03\/bmw-e60-e61-e63-e64-pre-lci-veidrodeliu-dangteliai-juodi-blizgus-1.webp","type":"image\/webp"}],"twitter_card":"summary_large_image","twitter_misc":{"Est. reading time":"1 minut"},"schema":{"@context":"https:\/\/schema.org","@graph":[{"@type":"WebPage","@id":"https:\/\/erformance.eu\/et\/toode\/bmw-e60-e61-e63-e64-veidrodeliu-dangteliai\/","url":"https:\/\/erformance.eu\/et\/toode\/bmw-e60-e61-e63-e64-veidrodeliu-dangteliai\/","name":"BMW E6X veidrod\u0117li\u0173 dangteliai PRE LCI, blizg\u016bs juodi - Erformance.eu","isPartOf":{"@id":"https:\/\/erformance.eu\/et\/#website"},"primaryImageOfPage":{"@id":"https:\/\/erformance.eu\/et\/toode\/bmw-e60-e61-e63-e64-veidrodeliu-dangteliai\/#primaryimage"},"image":{"@id":"https:\/\/erformance.eu\/et\/toode\/bmw-e60-e61-e63-e64-veidrodeliu-dangteliai\/#primaryimage"},"thumbnailUrl":"https:\/\/erformance.eu\/wp-content\/uploads\/2025\/03\/bmw-e60-e61-e63-e64-pre-lci-veidrodeliu-dangteliai-juodi-blizgus-1.webp","datePublished":"2025-03-11T14:04:40+00:00","dateModified":"2026-04-11T20:37:14+00:00","description":"BMW E60 E61 E63 E64 veidrod\u0117li\u0173 dangteliai PRE LCI. Blizgi juoda spalva. Komplekte 2 vnt. BMW E6X veidrod\u0117li\u0173 dangteli\u0173. Tinka modeliams 2003-2007 m.","breadcrumb":{"@id":"https:\/\/erformance.eu\/et\/toode\/bmw-e60-e61-e63-e64-veidrodeliu-dangteliai\/#breadcrumb"},"inLanguage":"et","potentialAction":[{"@type":"ReadAction","target":["https:\/\/erformance.eu\/et\/toode\/bmw-e60-e61-e63-e64-veidrodeliu-dangteliai\/"]}]},{"@type":"ImageObject","inLanguage":"et","@id":"https:\/\/erformance.eu\/et\/toode\/bmw-e60-e61-e63-e64-veidrodeliu-dangteliai\/#primaryimage","url":"https:\/\/erformance.eu\/wp-content\/uploads\/2025\/03\/bmw-e60-e61-e63-e64-pre-lci-veidrodeliu-dangteliai-juodi-blizgus-1.webp","contentUrl":"https:\/\/erformance.eu\/wp-content\/uploads\/2025\/03\/bmw-e60-e61-e63-e64-pre-lci-veidrodeliu-dangteliai-juodi-blizgus-1.webp","width":1080,"height":1080,"caption":"bmw e60 e61 e63 e64 veidrod\u0117li\u0173 dangteliai blizg\u016bs juodi pre lci pagrindin\u0117"},{"@type":"BreadcrumbList","@id":"https:\/\/erformance.eu\/et\/toode\/bmw-e60-e61-e63-e64-veidrodeliu-dangteliai\/#breadcrumb","itemListElement":[{"@type":"ListItem","position":1,"name":"Home","item":"https:\/\/erformance.eu\/et\/"},{"@type":"ListItem","position":2,"name":"Pood","item":"https:\/\/erformance.eu\/et\/pood\/"},{"@type":"ListItem","position":3,"name":"BMW E60 E61 E63 E64 veidrod\u0117li\u0173 dangteliai PRE LCI, blizg\u016bs juodi"}]},{"@type":"WebSite","@id":"https:\/\/erformance.eu\/et\/#website","url":"https:\/\/erformance.eu\/et\/","name":"Erformance.eu","description":"Automobili\u0173 dali\u0173 parduotuv\u0117","potentialAction":[{"@type":"SearchAction","target":{"@type":"EntryPoint","urlTemplate":"https:\/\/erformance.eu\/et\/?s={search_term_string}"},"query-input":{"@type":"PropertyValueSpecification","valueRequired":true,"valueName":"search_term_string"}}],"inLanguage":"et"}]}},"jetpack_sharing_enabled":true,"_links":{"self":[{"href":"https:\/\/erformance.eu\/et\/wp-json\/wp\/v2\/product\/3651","targetHints":{"allow":["GET"]}}],"collection":[{"href":"https:\/\/erformance.eu\/et\/wp-json\/wp\/v2\/product"}],"about":[{"href":"https:\/\/erformance.eu\/et\/wp-json\/wp\/v2\/types\/product"}],"replies":[{"embeddable":true,"href":"https:\/\/erformance.eu\/et\/wp-json\/wp\/v2\/comments?post=3651"}],"version-history":[{"count":3,"href":"https:\/\/erformance.eu\/et\/wp-json\/wp\/v2\/product\/3651\/revisions"}],"predecessor-version":[{"id":28430,"href":"https:\/\/erformance.eu\/et\/wp-json\/wp\/v2\/product\/3651\/revisions\/28430"}],"wp:featuredmedia":[{"embeddable":true,"href":"https:\/\/erformance.eu\/et\/wp-json\/wp\/v2\/media\/28432"}],"wp:attachment":[{"href":"https:\/\/erformance.eu\/et\/wp-json\/wp\/v2\/media?parent=3651"}],"wp:term":[{"taxonomy":"product_brand","embeddable":true,"href":"https:\/\/erformance.eu\/et\/wp-json\/wp\/v2\/product_brand?post=3651"},{"taxonomy":"product_cat","embeddable":true,"href":"https:\/\/erformance.eu\/et\/wp-json\/wp\/v2\/product_cat?post=3651"},{"taxonomy":"product_tag","embeddable":true,"href":"https:\/\/erformance.eu\/et\/wp-json\/wp\/v2\/product_tag?post=3651"}],"curies":[{"name":"wp","href":"https:\/\/api.w.org\/{rel}","templated":true}]}}