{"id":3718,"date":"2025-04-08T00:40:00","date_gmt":"2025-04-07T21:40:00","guid":{"rendered":"https:\/\/erformance.eu\/?post_type=product&#038;p=3718"},"modified":"2026-03-29T13:12:04","modified_gmt":"2026-03-29T10:12:04","slug":"bmw-e81-e82-e87-e88-viengubos-groteles-lci","status":"publish","type":"product","link":"https:\/\/erformance.eu\/et\/toode\/bmw-e81-e82-e87-e88-viengubos-groteles-lci\/","title":{"rendered":"BMW E87 E88 E81 E82 viengubos grotel\u0117s LCI (07-11), blizgios juodos"},"content":{"rendered":"<p class=\"ai-optimize-33 ai-optimize-introduction\"><strong>Prek\u0117s pavadinimas:<\/strong><\/p>\n<ul>\n<li class=\"ai-optimize-33 ai-optimize-introduction\">BMW E87 E88 E81 E82 viengubos grotel\u0117s LCI (07-11), blizgios juodos.<\/li>\n<\/ul>\n<p class=\"ai-optimize-26\"><strong>Komplekt\u0105 sudaro:<\/strong><\/p>\n<ul>\n<li class=\"ai-optimize-25\">2 vnt. viengub\u0173 juod\u0173 groteli\u0173 (kaire ir de\u0161in\u0117 pus\u0117s).<\/li>\n<\/ul>\n<p class=\"ai-optimize-35\"><strong>Spalva:<\/strong><\/p>\n<ul>\n<li class=\"ai-optimize-35\">blizgi juoda (gloss black).<\/li>\n<\/ul>\n<p class=\"ai-optimize-36\"><strong>Savyb\u0117s:<\/strong><\/p>\n<ul>\n<li class=\"ai-optimize-29\">Viengubos grotel\u0117s pagamintos i\u0161 tvirto ABS plastiko.<\/li>\n<li class=\"ai-optimize-30\">Tvirti, auk\u0161tos kokyb\u0117s laikikliai.<\/li>\n<li class=\"ai-optimize-31\">Grotel\u0117s padengtos auk\u0161tos kokyb\u0117s da\u017eais, tod\u0117l tarnauja ir i\u0161laiko savo blizges\u012f ilg\u0105 laik\u0105.<\/li>\n<li class=\"ai-optimize-32\">Lengvas montavimas, laikikliai atitinka originalias vietas.<\/li>\n<\/ul>\n<p class=\"ai-optimize-38\"><strong>Tinkamumas:<\/strong><\/p>\n<ul>\n<li class=\"ai-optimize-28\"><strong>BMW E81 1 serija,<\/strong> 2007-2011.<\/li>\n<li class=\"ai-optimize-29\"><strong>BMW E82 1 serija,<\/strong> 2007-2011.<\/li>\n<li class=\"ai-optimize-30\"><strong>BMW E87 1 serija,<\/strong> 2007-2011.<\/li>\n<li class=\"ai-optimize-31\"><strong>BMW E88 1 serija,<\/strong> 2007-2011.<\/li>\n<li class=\"ai-optimize-31\">\u0160ios viengubos juodos grotel\u0117s tinka standartiniams BMW E8X LCI bamperiams.<\/li>\n<li class=\"ai-optimize-31\">NETINKA LCI MODELIAMS SU ORIGINALIAIS M BAMPERIAIS.<\/li>\n<\/ul>\n<p class=\"ai-optimize-41\">Atnaujinkite automobilio i\u0161vaizd\u0105 ir suteikite agresyv\u0173, bei modern\u0173 stili\u0173.<\/p>\n<p class=\"ai-optimize-42\">Erformance.eu elektronin\u0117je parduotuv\u0117je rasite \u012fvairi\u0173 preki\u0173 savo\u00a0<a href=\"https:\/\/erformance.eu\/produkto-kategorija\/bmw\/1-serija\/e81-e82-e87-e88\/\">BMW E81 E82 E87 E88 PRE LCI<\/a>\u00a0automobiliui. Nuo smulkiausi\u0173 pried\u0173 iki tiuning dali\u0173 plataus pasirinkimo.<\/p>\n<p class=\"ai-optimize-29\">Prek\u0117s laikomos sand\u0117lyje Lietuvoje, tod\u0117l galime garantuoti greit\u0105 pristatymo laik\u0105 (1-2 darbo dienas).<\/p>\n","protected":false},"excerpt":{"rendered":"<h5 class=\"ai-optimize-34\">BMW E81 E82 E87 E88 Viengubos grotel\u0117s LCI<\/h5>\n","protected":false},"featured_media":28250,"comment_status":"open","ping_status":"closed","template":"","meta":[],"product_brand":[],"product_cat":[42,3343,2767],"product_tag":[],"class_list":{"0":"post-3718","1":"product","2":"type-product","3":"status-publish","4":"has-post-thumbnail","6":"product_cat-e81-e82-e87-e88","7":"product_cat-e81-e82-e87-e88-isores-groteles","8":"product_cat-e81-e82-e87-e88-isores-dalys","10":"first","11":"instock","12":"sale","13":"shipping-taxable","14":"purchasable","15":"product-type-simple"},"yoast_head":"<!-- This site is optimized with the Yoast SEO Premium plugin v25.2 (Yoast SEO v27.4) - https:\/\/yoast.com\/product\/yoast-seo-premium-wordpress\/ -->\n<title>BMW E87 E88 E81 E82 Viengubos grotel\u0117s LCI, blizgios juodos - Erformance.eu<\/title>\n<meta name=\"description\" content=\"BMW E87 E88 E81 E82 Viengubos grotel\u0117s LCI modeliui. Blizgios juodos. Komplekte 2 vnt. viengub\u0173 groteli\u0173. Auk\u0161tos kokyb\u0117s, laikikliai atitinka original\u0105.\" \/>\n<meta name=\"robots\" content=\"index, follow, max-snippet:-1, max-image-preview:large, max-video-preview:-1\" \/>\n<link rel=\"canonical\" href=\"https:\/\/erformance.eu\/et\/toode\/bmw-e81-e82-e87-e88-viengubos-groteles-lci\/\" \/>\n<meta property=\"og:locale\" content=\"et_EE\" \/>\n<meta property=\"og:type\" content=\"article\" \/>\n<meta property=\"og:title\" content=\"BMW E87 E88 E81 E82 viengubos grotel\u0117s LCI (07-11), blizgios juodos\" \/>\n<meta property=\"og:description\" content=\"BMW E87 E88 E81 E82 Viengubos grotel\u0117s LCI modeliui. Blizgios juodos. Komplekte 2 vnt. viengub\u0173 groteli\u0173. Auk\u0161tos kokyb\u0117s, laikikliai atitinka original\u0105.\" \/>\n<meta property=\"og:url\" content=\"https:\/\/erformance.eu\/et\/toode\/bmw-e81-e82-e87-e88-viengubos-groteles-lci\/\" \/>\n<meta property=\"og:site_name\" content=\"Erformance.eu\" \/>\n<meta property=\"article:modified_time\" content=\"2026-03-29T10:12:04+00:00\" \/>\n<meta property=\"og:image\" content=\"https:\/\/erformance.eu\/wp-content\/uploads\/2025\/04\/Bmw-e87-e88-e82-e81-lci-viengubos-groteles-juodos-blizgios-1.webp\" \/>\n\t<meta property=\"og:image:width\" content=\"1080\" \/>\n\t<meta property=\"og:image:height\" content=\"1080\" \/>\n\t<meta property=\"og:image:type\" content=\"image\/webp\" \/>\n<meta name=\"twitter:card\" content=\"summary_large_image\" \/>\n<meta name=\"twitter:label1\" content=\"Est. reading time\" \/>\n\t<meta name=\"twitter:data1\" content=\"1 minut\" \/>\n<script type=\"application\/ld+json\" class=\"yoast-schema-graph\">{\"@context\":\"https:\\\/\\\/schema.org\",\"@graph\":[{\"@type\":\"WebPage\",\"@id\":\"https:\\\/\\\/erformance.eu\\\/et\\\/toode\\\/bmw-e81-e82-e87-e88-viengubos-groteles-lci\\\/\",\"url\":\"https:\\\/\\\/erformance.eu\\\/et\\\/toode\\\/bmw-e81-e82-e87-e88-viengubos-groteles-lci\\\/\",\"name\":\"BMW E87 E88 E81 E82 Viengubos grotel\u0117s LCI, blizgios juodos - Erformance.eu\",\"isPartOf\":{\"@id\":\"https:\\\/\\\/erformance.eu\\\/et\\\/#website\"},\"primaryImageOfPage\":{\"@id\":\"https:\\\/\\\/erformance.eu\\\/et\\\/toode\\\/bmw-e81-e82-e87-e88-viengubos-groteles-lci\\\/#primaryimage\"},\"image\":{\"@id\":\"https:\\\/\\\/erformance.eu\\\/et\\\/toode\\\/bmw-e81-e82-e87-e88-viengubos-groteles-lci\\\/#primaryimage\"},\"thumbnailUrl\":\"https:\\\/\\\/erformance.eu\\\/wp-content\\\/uploads\\\/2025\\\/04\\\/Bmw-e87-e88-e82-e81-lci-viengubos-groteles-juodos-blizgios-1.webp\",\"datePublished\":\"2025-04-07T21:40:00+00:00\",\"dateModified\":\"2026-03-29T10:12:04+00:00\",\"description\":\"BMW E87 E88 E81 E82 Viengubos grotel\u0117s LCI modeliui. Blizgios juodos. Komplekte 2 vnt. viengub\u0173 groteli\u0173. Auk\u0161tos kokyb\u0117s, laikikliai atitinka original\u0105.\",\"breadcrumb\":{\"@id\":\"https:\\\/\\\/erformance.eu\\\/et\\\/toode\\\/bmw-e81-e82-e87-e88-viengubos-groteles-lci\\\/#breadcrumb\"},\"inLanguage\":\"et\",\"potentialAction\":[{\"@type\":\"ReadAction\",\"target\":[\"https:\\\/\\\/erformance.eu\\\/et\\\/toode\\\/bmw-e81-e82-e87-e88-viengubos-groteles-lci\\\/\"]}]},{\"@type\":\"ImageObject\",\"inLanguage\":\"et\",\"@id\":\"https:\\\/\\\/erformance.eu\\\/et\\\/toode\\\/bmw-e81-e82-e87-e88-viengubos-groteles-lci\\\/#primaryimage\",\"url\":\"https:\\\/\\\/erformance.eu\\\/wp-content\\\/uploads\\\/2025\\\/04\\\/Bmw-e87-e88-e82-e81-lci-viengubos-groteles-juodos-blizgios-1.webp\",\"contentUrl\":\"https:\\\/\\\/erformance.eu\\\/wp-content\\\/uploads\\\/2025\\\/04\\\/Bmw-e87-e88-e82-e81-lci-viengubos-groteles-juodos-blizgios-1.webp\",\"width\":1080,\"height\":1080,\"caption\":\"Bmw e81 e82 e87 e88 lci viengubos grotel\u0117s juodos\"},{\"@type\":\"BreadcrumbList\",\"@id\":\"https:\\\/\\\/erformance.eu\\\/et\\\/toode\\\/bmw-e81-e82-e87-e88-viengubos-groteles-lci\\\/#breadcrumb\",\"itemListElement\":[{\"@type\":\"ListItem\",\"position\":1,\"name\":\"Home\",\"item\":\"https:\\\/\\\/erformance.eu\\\/et\\\/\"},{\"@type\":\"ListItem\",\"position\":2,\"name\":\"Pood\",\"item\":\"https:\\\/\\\/erformance.eu\\\/et\\\/pood\\\/\"},{\"@type\":\"ListItem\",\"position\":3,\"name\":\"BMW E87 E88 E81 E82 viengubos grotel\u0117s LCI (07-11), blizgios juodos\"}]},{\"@type\":\"WebSite\",\"@id\":\"https:\\\/\\\/erformance.eu\\\/et\\\/#website\",\"url\":\"https:\\\/\\\/erformance.eu\\\/et\\\/\",\"name\":\"Erformance.eu\",\"description\":\"Automobili\u0173 dali\u0173 parduotuv\u0117\",\"potentialAction\":[{\"@type\":\"SearchAction\",\"target\":{\"@type\":\"EntryPoint\",\"urlTemplate\":\"https:\\\/\\\/erformance.eu\\\/et\\\/?s={search_term_string}\"},\"query-input\":{\"@type\":\"PropertyValueSpecification\",\"valueRequired\":true,\"valueName\":\"search_term_string\"}}],\"inLanguage\":\"et\"}]}<\/script>\n<!-- \/ Yoast SEO Premium plugin. -->","yoast_head_json":{"title":"BMW E87 E88 E81 E82 Viengubos grotel\u0117s LCI, blizgios juodos - Erformance.eu","description":"BMW E87 E88 E81 E82 Viengubos grotel\u0117s LCI modeliui. Blizgios juodos. Komplekte 2 vnt. viengub\u0173 groteli\u0173. Auk\u0161tos kokyb\u0117s, laikikliai atitinka original\u0105.","robots":{"index":"index","follow":"follow","max-snippet":"max-snippet:-1","max-image-preview":"max-image-preview:large","max-video-preview":"max-video-preview:-1"},"canonical":"https:\/\/erformance.eu\/et\/toode\/bmw-e81-e82-e87-e88-viengubos-groteles-lci\/","og_locale":"et_EE","og_type":"article","og_title":"BMW E87 E88 E81 E82 viengubos grotel\u0117s LCI (07-11), blizgios juodos","og_description":"BMW E87 E88 E81 E82 Viengubos grotel\u0117s LCI modeliui. Blizgios juodos. Komplekte 2 vnt. viengub\u0173 groteli\u0173. Auk\u0161tos kokyb\u0117s, laikikliai atitinka original\u0105.","og_url":"https:\/\/erformance.eu\/et\/toode\/bmw-e81-e82-e87-e88-viengubos-groteles-lci\/","og_site_name":"Erformance.eu","article_modified_time":"2026-03-29T10:12:04+00:00","og_image":[{"width":1080,"height":1080,"url":"https:\/\/erformance.eu\/wp-content\/uploads\/2025\/04\/Bmw-e87-e88-e82-e81-lci-viengubos-groteles-juodos-blizgios-1.webp","type":"image\/webp"}],"twitter_card":"summary_large_image","twitter_misc":{"Est. reading time":"1 minut"},"schema":{"@context":"https:\/\/schema.org","@graph":[{"@type":"WebPage","@id":"https:\/\/erformance.eu\/et\/toode\/bmw-e81-e82-e87-e88-viengubos-groteles-lci\/","url":"https:\/\/erformance.eu\/et\/toode\/bmw-e81-e82-e87-e88-viengubos-groteles-lci\/","name":"BMW E87 E88 E81 E82 Viengubos grotel\u0117s LCI, blizgios juodos - Erformance.eu","isPartOf":{"@id":"https:\/\/erformance.eu\/et\/#website"},"primaryImageOfPage":{"@id":"https:\/\/erformance.eu\/et\/toode\/bmw-e81-e82-e87-e88-viengubos-groteles-lci\/#primaryimage"},"image":{"@id":"https:\/\/erformance.eu\/et\/toode\/bmw-e81-e82-e87-e88-viengubos-groteles-lci\/#primaryimage"},"thumbnailUrl":"https:\/\/erformance.eu\/wp-content\/uploads\/2025\/04\/Bmw-e87-e88-e82-e81-lci-viengubos-groteles-juodos-blizgios-1.webp","datePublished":"2025-04-07T21:40:00+00:00","dateModified":"2026-03-29T10:12:04+00:00","description":"BMW E87 E88 E81 E82 Viengubos grotel\u0117s LCI modeliui. Blizgios juodos. Komplekte 2 vnt. viengub\u0173 groteli\u0173. Auk\u0161tos kokyb\u0117s, laikikliai atitinka original\u0105.","breadcrumb":{"@id":"https:\/\/erformance.eu\/et\/toode\/bmw-e81-e82-e87-e88-viengubos-groteles-lci\/#breadcrumb"},"inLanguage":"et","potentialAction":[{"@type":"ReadAction","target":["https:\/\/erformance.eu\/et\/toode\/bmw-e81-e82-e87-e88-viengubos-groteles-lci\/"]}]},{"@type":"ImageObject","inLanguage":"et","@id":"https:\/\/erformance.eu\/et\/toode\/bmw-e81-e82-e87-e88-viengubos-groteles-lci\/#primaryimage","url":"https:\/\/erformance.eu\/wp-content\/uploads\/2025\/04\/Bmw-e87-e88-e82-e81-lci-viengubos-groteles-juodos-blizgios-1.webp","contentUrl":"https:\/\/erformance.eu\/wp-content\/uploads\/2025\/04\/Bmw-e87-e88-e82-e81-lci-viengubos-groteles-juodos-blizgios-1.webp","width":1080,"height":1080,"caption":"Bmw e81 e82 e87 e88 lci viengubos grotel\u0117s juodos"},{"@type":"BreadcrumbList","@id":"https:\/\/erformance.eu\/et\/toode\/bmw-e81-e82-e87-e88-viengubos-groteles-lci\/#breadcrumb","itemListElement":[{"@type":"ListItem","position":1,"name":"Home","item":"https:\/\/erformance.eu\/et\/"},{"@type":"ListItem","position":2,"name":"Pood","item":"https:\/\/erformance.eu\/et\/pood\/"},{"@type":"ListItem","position":3,"name":"BMW E87 E88 E81 E82 viengubos grotel\u0117s LCI (07-11), blizgios juodos"}]},{"@type":"WebSite","@id":"https:\/\/erformance.eu\/et\/#website","url":"https:\/\/erformance.eu\/et\/","name":"Erformance.eu","description":"Automobili\u0173 dali\u0173 parduotuv\u0117","potentialAction":[{"@type":"SearchAction","target":{"@type":"EntryPoint","urlTemplate":"https:\/\/erformance.eu\/et\/?s={search_term_string}"},"query-input":{"@type":"PropertyValueSpecification","valueRequired":true,"valueName":"search_term_string"}}],"inLanguage":"et"}]}},"jetpack_sharing_enabled":true,"_links":{"self":[{"href":"https:\/\/erformance.eu\/et\/wp-json\/wp\/v2\/product\/3718","targetHints":{"allow":["GET"]}}],"collection":[{"href":"https:\/\/erformance.eu\/et\/wp-json\/wp\/v2\/product"}],"about":[{"href":"https:\/\/erformance.eu\/et\/wp-json\/wp\/v2\/types\/product"}],"replies":[{"embeddable":true,"href":"https:\/\/erformance.eu\/et\/wp-json\/wp\/v2\/comments?post=3718"}],"version-history":[{"count":5,"href":"https:\/\/erformance.eu\/et\/wp-json\/wp\/v2\/product\/3718\/revisions"}],"predecessor-version":[{"id":28254,"href":"https:\/\/erformance.eu\/et\/wp-json\/wp\/v2\/product\/3718\/revisions\/28254"}],"wp:featuredmedia":[{"embeddable":true,"href":"https:\/\/erformance.eu\/et\/wp-json\/wp\/v2\/media\/28250"}],"wp:attachment":[{"href":"https:\/\/erformance.eu\/et\/wp-json\/wp\/v2\/media?parent=3718"}],"wp:term":[{"taxonomy":"product_brand","embeddable":true,"href":"https:\/\/erformance.eu\/et\/wp-json\/wp\/v2\/product_brand?post=3718"},{"taxonomy":"product_cat","embeddable":true,"href":"https:\/\/erformance.eu\/et\/wp-json\/wp\/v2\/product_cat?post=3718"},{"taxonomy":"product_tag","embeddable":true,"href":"https:\/\/erformance.eu\/et\/wp-json\/wp\/v2\/product_tag?post=3718"}],"curies":[{"name":"wp","href":"https:\/\/api.w.org\/{rel}","templated":true}]}}