{"id":37865,"date":"2026-01-09T10:45:03","date_gmt":"2026-01-09T07:45:03","guid":{"rendered":"https:\/\/erformance.eu\/?post_type=product&#038;p=37865"},"modified":"2026-02-11T01:32:47","modified_gmt":"2026-02-10T22:32:47","slug":"bmw-7-f01-f02-f03-f04-centrinis-uzraktas-priekinems-kaires-durys","status":"publish","type":"product","link":"https:\/\/erformance.eu\/et\/toode\/bmw-7-f01-f02-f03-f04-centrinis-uzraktas-priekinems-kaires-durys\/","title":{"rendered":"BMW 7 F01 F02 F03 F04 centrinis u\u017eraktas priekin\u0117ms kair\u0117s durys"},"content":{"rendered":"","protected":false},"excerpt":{"rendered":"<p>1. Prek\u0117 \u2013 Centrinis priekini\u0173 dur\u0173 u\u017eraktas<br \/>\n2. Pus\u0117: kair\u0117<br \/>\n3. Tinkama: BMW1 E81 E871 F20 F212 F22 F233 E90 E91 E923 F30 F31 F344 F32 F33 F365 E60 E615 F07 F10 F117 F01 F02 F03 F04X1 E84X3 E83X3 F25X5 E70X6 E71 E72<\/p>\n","protected":false},"featured_media":37866,"comment_status":"open","ping_status":"closed","template":"","meta":[],"product_brand":[],"product_cat":[57],"product_tag":[],"class_list":{"0":"post-37865","1":"product","2":"type-product","3":"status-publish","4":"has-post-thumbnail","6":"product_cat-f01-f02","8":"first","9":"instock","10":"shipping-taxable","11":"purchasable","12":"product-type-simple"},"yoast_head":"<!-- This site is optimized with the Yoast SEO Premium plugin v25.2 (Yoast SEO v27.4) - https:\/\/yoast.com\/product\/yoast-seo-premium-wordpress\/ -->\n<title>BMW 7 F01 F02 F03 F04 centrinis u\u017eraktas priekin\u0117ms kair\u0117s durys - Erformance.eu<\/title>\n<meta name=\"robots\" content=\"index, follow, max-snippet:-1, max-image-preview:large, max-video-preview:-1\" \/>\n<link rel=\"canonical\" href=\"https:\/\/erformance.eu\/et\/toode\/bmw-7-f01-f02-f03-f04-centrinis-uzraktas-priekinems-kaires-durys\/\" \/>\n<meta property=\"og:locale\" content=\"et_EE\" \/>\n<meta property=\"og:type\" content=\"article\" \/>\n<meta property=\"og:title\" content=\"BMW 7 F01 F02 F03 F04 centrinis u\u017eraktas priekin\u0117ms kair\u0117s durys\" \/>\n<meta property=\"og:description\" content=\"1. Prek\u0117 \u2013 Centrinis priekini\u0173 dur\u0173 u\u017eraktas 2. Pus\u0117: kair\u0117 3. Tinkama: BMW1 E81 E871 F20 F212 F22 F233 E90 E91 E923 F30 F31 F344 F32 F33 F365 E60 E615 F07 F10 F117 F01 F02 F03 F04X1 E84X3 E83X3 F25X5 E70X6 E71 E72\" \/>\n<meta property=\"og:url\" content=\"https:\/\/erformance.eu\/et\/toode\/bmw-7-f01-f02-f03-f04-centrinis-uzraktas-priekinems-kaires-durys\/\" \/>\n<meta property=\"og:site_name\" content=\"Erformance.eu\" \/>\n<meta property=\"article:modified_time\" content=\"2026-02-10T22:32:47+00:00\" \/>\n<meta property=\"og:image\" content=\"https:\/\/erformance.eu\/wp-content\/uploads\/2026\/01\/pol_pm_BMW-7-F01-F02-F03-F04-zamek-centralny-drzwi-przednich-lewy-34920_1.jpg\" \/>\n\t<meta property=\"og:image:width\" content=\"1200\" \/>\n\t<meta property=\"og:image:height\" content=\"1200\" \/>\n\t<meta property=\"og:image:type\" content=\"image\/jpeg\" \/>\n<meta name=\"twitter:card\" content=\"summary_large_image\" \/>\n<meta name=\"twitter:label1\" content=\"Est. reading time\" \/>\n\t<meta name=\"twitter:data1\" content=\"1 minut\" \/>\n<script type=\"application\/ld+json\" class=\"yoast-schema-graph\">{\"@context\":\"https:\\\/\\\/schema.org\",\"@graph\":[{\"@type\":\"WebPage\",\"@id\":\"https:\\\/\\\/erformance.eu\\\/et\\\/toode\\\/bmw-7-f01-f02-f03-f04-centrinis-uzraktas-priekinems-kaires-durys\\\/\",\"url\":\"https:\\\/\\\/erformance.eu\\\/et\\\/toode\\\/bmw-7-f01-f02-f03-f04-centrinis-uzraktas-priekinems-kaires-durys\\\/\",\"name\":\"BMW 7 F01 F02 F03 F04 centrinis u\u017eraktas priekin\u0117ms kair\u0117s durys - Erformance.eu\",\"isPartOf\":{\"@id\":\"https:\\\/\\\/erformance.eu\\\/et\\\/#website\"},\"primaryImageOfPage\":{\"@id\":\"https:\\\/\\\/erformance.eu\\\/et\\\/toode\\\/bmw-7-f01-f02-f03-f04-centrinis-uzraktas-priekinems-kaires-durys\\\/#primaryimage\"},\"image\":{\"@id\":\"https:\\\/\\\/erformance.eu\\\/et\\\/toode\\\/bmw-7-f01-f02-f03-f04-centrinis-uzraktas-priekinems-kaires-durys\\\/#primaryimage\"},\"thumbnailUrl\":\"https:\\\/\\\/erformance.eu\\\/wp-content\\\/uploads\\\/2026\\\/01\\\/pol_pm_BMW-7-F01-F02-F03-F04-zamek-centralny-drzwi-przednich-lewy-34920_1.jpg\",\"datePublished\":\"2026-01-09T07:45:03+00:00\",\"dateModified\":\"2026-02-10T22:32:47+00:00\",\"breadcrumb\":{\"@id\":\"https:\\\/\\\/erformance.eu\\\/et\\\/toode\\\/bmw-7-f01-f02-f03-f04-centrinis-uzraktas-priekinems-kaires-durys\\\/#breadcrumb\"},\"inLanguage\":\"et\",\"potentialAction\":[{\"@type\":\"ReadAction\",\"target\":[\"https:\\\/\\\/erformance.eu\\\/et\\\/toode\\\/bmw-7-f01-f02-f03-f04-centrinis-uzraktas-priekinems-kaires-durys\\\/\"]}]},{\"@type\":\"ImageObject\",\"inLanguage\":\"et\",\"@id\":\"https:\\\/\\\/erformance.eu\\\/et\\\/toode\\\/bmw-7-f01-f02-f03-f04-centrinis-uzraktas-priekinems-kaires-durys\\\/#primaryimage\",\"url\":\"https:\\\/\\\/erformance.eu\\\/wp-content\\\/uploads\\\/2026\\\/01\\\/pol_pm_BMW-7-F01-F02-F03-F04-zamek-centralny-drzwi-przednich-lewy-34920_1.jpg\",\"contentUrl\":\"https:\\\/\\\/erformance.eu\\\/wp-content\\\/uploads\\\/2026\\\/01\\\/pol_pm_BMW-7-F01-F02-F03-F04-zamek-centralny-drzwi-przednich-lewy-34920_1.jpg\",\"width\":1200,\"height\":1200},{\"@type\":\"BreadcrumbList\",\"@id\":\"https:\\\/\\\/erformance.eu\\\/et\\\/toode\\\/bmw-7-f01-f02-f03-f04-centrinis-uzraktas-priekinems-kaires-durys\\\/#breadcrumb\",\"itemListElement\":[{\"@type\":\"ListItem\",\"position\":1,\"name\":\"Home\",\"item\":\"https:\\\/\\\/erformance.eu\\\/et\\\/\"},{\"@type\":\"ListItem\",\"position\":2,\"name\":\"Pood\",\"item\":\"https:\\\/\\\/erformance.eu\\\/et\\\/pood\\\/\"},{\"@type\":\"ListItem\",\"position\":3,\"name\":\"BMW 7 F01 F02 F03 F04 centrinis u\u017eraktas priekin\u0117ms kair\u0117s durys\"}]},{\"@type\":\"WebSite\",\"@id\":\"https:\\\/\\\/erformance.eu\\\/et\\\/#website\",\"url\":\"https:\\\/\\\/erformance.eu\\\/et\\\/\",\"name\":\"Erformance.eu\",\"description\":\"Automobili\u0173 dali\u0173 parduotuv\u0117\",\"potentialAction\":[{\"@type\":\"SearchAction\",\"target\":{\"@type\":\"EntryPoint\",\"urlTemplate\":\"https:\\\/\\\/erformance.eu\\\/et\\\/?s={search_term_string}\"},\"query-input\":{\"@type\":\"PropertyValueSpecification\",\"valueRequired\":true,\"valueName\":\"search_term_string\"}}],\"inLanguage\":\"et\"}]}<\/script>\n<!-- \/ Yoast SEO Premium plugin. -->","yoast_head_json":{"title":"BMW 7 F01 F02 F03 F04 centrinis u\u017eraktas priekin\u0117ms kair\u0117s durys - Erformance.eu","robots":{"index":"index","follow":"follow","max-snippet":"max-snippet:-1","max-image-preview":"max-image-preview:large","max-video-preview":"max-video-preview:-1"},"canonical":"https:\/\/erformance.eu\/et\/toode\/bmw-7-f01-f02-f03-f04-centrinis-uzraktas-priekinems-kaires-durys\/","og_locale":"et_EE","og_type":"article","og_title":"BMW 7 F01 F02 F03 F04 centrinis u\u017eraktas priekin\u0117ms kair\u0117s durys","og_description":"1. Prek\u0117 \u2013 Centrinis priekini\u0173 dur\u0173 u\u017eraktas 2. Pus\u0117: kair\u0117 3. Tinkama: BMW1 E81 E871 F20 F212 F22 F233 E90 E91 E923 F30 F31 F344 F32 F33 F365 E60 E615 F07 F10 F117 F01 F02 F03 F04X1 E84X3 E83X3 F25X5 E70X6 E71 E72","og_url":"https:\/\/erformance.eu\/et\/toode\/bmw-7-f01-f02-f03-f04-centrinis-uzraktas-priekinems-kaires-durys\/","og_site_name":"Erformance.eu","article_modified_time":"2026-02-10T22:32:47+00:00","og_image":[{"width":1200,"height":1200,"url":"https:\/\/erformance.eu\/wp-content\/uploads\/2026\/01\/pol_pm_BMW-7-F01-F02-F03-F04-zamek-centralny-drzwi-przednich-lewy-34920_1.jpg","type":"image\/jpeg"}],"twitter_card":"summary_large_image","twitter_misc":{"Est. reading time":"1 minut"},"schema":{"@context":"https:\/\/schema.org","@graph":[{"@type":"WebPage","@id":"https:\/\/erformance.eu\/et\/toode\/bmw-7-f01-f02-f03-f04-centrinis-uzraktas-priekinems-kaires-durys\/","url":"https:\/\/erformance.eu\/et\/toode\/bmw-7-f01-f02-f03-f04-centrinis-uzraktas-priekinems-kaires-durys\/","name":"BMW 7 F01 F02 F03 F04 centrinis u\u017eraktas priekin\u0117ms kair\u0117s durys - Erformance.eu","isPartOf":{"@id":"https:\/\/erformance.eu\/et\/#website"},"primaryImageOfPage":{"@id":"https:\/\/erformance.eu\/et\/toode\/bmw-7-f01-f02-f03-f04-centrinis-uzraktas-priekinems-kaires-durys\/#primaryimage"},"image":{"@id":"https:\/\/erformance.eu\/et\/toode\/bmw-7-f01-f02-f03-f04-centrinis-uzraktas-priekinems-kaires-durys\/#primaryimage"},"thumbnailUrl":"https:\/\/erformance.eu\/wp-content\/uploads\/2026\/01\/pol_pm_BMW-7-F01-F02-F03-F04-zamek-centralny-drzwi-przednich-lewy-34920_1.jpg","datePublished":"2026-01-09T07:45:03+00:00","dateModified":"2026-02-10T22:32:47+00:00","breadcrumb":{"@id":"https:\/\/erformance.eu\/et\/toode\/bmw-7-f01-f02-f03-f04-centrinis-uzraktas-priekinems-kaires-durys\/#breadcrumb"},"inLanguage":"et","potentialAction":[{"@type":"ReadAction","target":["https:\/\/erformance.eu\/et\/toode\/bmw-7-f01-f02-f03-f04-centrinis-uzraktas-priekinems-kaires-durys\/"]}]},{"@type":"ImageObject","inLanguage":"et","@id":"https:\/\/erformance.eu\/et\/toode\/bmw-7-f01-f02-f03-f04-centrinis-uzraktas-priekinems-kaires-durys\/#primaryimage","url":"https:\/\/erformance.eu\/wp-content\/uploads\/2026\/01\/pol_pm_BMW-7-F01-F02-F03-F04-zamek-centralny-drzwi-przednich-lewy-34920_1.jpg","contentUrl":"https:\/\/erformance.eu\/wp-content\/uploads\/2026\/01\/pol_pm_BMW-7-F01-F02-F03-F04-zamek-centralny-drzwi-przednich-lewy-34920_1.jpg","width":1200,"height":1200},{"@type":"BreadcrumbList","@id":"https:\/\/erformance.eu\/et\/toode\/bmw-7-f01-f02-f03-f04-centrinis-uzraktas-priekinems-kaires-durys\/#breadcrumb","itemListElement":[{"@type":"ListItem","position":1,"name":"Home","item":"https:\/\/erformance.eu\/et\/"},{"@type":"ListItem","position":2,"name":"Pood","item":"https:\/\/erformance.eu\/et\/pood\/"},{"@type":"ListItem","position":3,"name":"BMW 7 F01 F02 F03 F04 centrinis u\u017eraktas priekin\u0117ms kair\u0117s durys"}]},{"@type":"WebSite","@id":"https:\/\/erformance.eu\/et\/#website","url":"https:\/\/erformance.eu\/et\/","name":"Erformance.eu","description":"Automobili\u0173 dali\u0173 parduotuv\u0117","potentialAction":[{"@type":"SearchAction","target":{"@type":"EntryPoint","urlTemplate":"https:\/\/erformance.eu\/et\/?s={search_term_string}"},"query-input":{"@type":"PropertyValueSpecification","valueRequired":true,"valueName":"search_term_string"}}],"inLanguage":"et"}]}},"jetpack_sharing_enabled":true,"_links":{"self":[{"href":"https:\/\/erformance.eu\/et\/wp-json\/wp\/v2\/product\/37865","targetHints":{"allow":["GET"]}}],"collection":[{"href":"https:\/\/erformance.eu\/et\/wp-json\/wp\/v2\/product"}],"about":[{"href":"https:\/\/erformance.eu\/et\/wp-json\/wp\/v2\/types\/product"}],"replies":[{"embeddable":true,"href":"https:\/\/erformance.eu\/et\/wp-json\/wp\/v2\/comments?post=37865"}],"version-history":[{"count":1,"href":"https:\/\/erformance.eu\/et\/wp-json\/wp\/v2\/product\/37865\/revisions"}],"predecessor-version":[{"id":37876,"href":"https:\/\/erformance.eu\/et\/wp-json\/wp\/v2\/product\/37865\/revisions\/37876"}],"wp:featuredmedia":[{"embeddable":true,"href":"https:\/\/erformance.eu\/et\/wp-json\/wp\/v2\/media\/37866"}],"wp:attachment":[{"href":"https:\/\/erformance.eu\/et\/wp-json\/wp\/v2\/media?parent=37865"}],"wp:term":[{"taxonomy":"product_brand","embeddable":true,"href":"https:\/\/erformance.eu\/et\/wp-json\/wp\/v2\/product_brand?post=37865"},{"taxonomy":"product_cat","embeddable":true,"href":"https:\/\/erformance.eu\/et\/wp-json\/wp\/v2\/product_cat?post=37865"},{"taxonomy":"product_tag","embeddable":true,"href":"https:\/\/erformance.eu\/et\/wp-json\/wp\/v2\/product_tag?post=37865"}],"curies":[{"name":"wp","href":"https:\/\/api.w.org\/{rel}","templated":true}]}}