{"id":38111,"date":"2026-01-09T10:46:19","date_gmt":"2026-01-09T07:46:19","guid":{"rendered":"https:\/\/erformance.eu\/?post_type=product&#038;p=38111"},"modified":"2026-02-24T11:37:56","modified_gmt":"2026-02-24T08:37:56","slug":"bmw-3-e90-e91-e92-e93-04-13-desines-puses-centrinio-uzrakto-pavaros-remonto-komplektas","status":"publish","type":"product","link":"https:\/\/erformance.eu\/et\/toode\/bmw-3-e90-e91-e92-e93-04-13-desines-puses-centrinio-uzrakto-pavaros-remonto-komplektas\/","title":{"rendered":"BMW 3 E90 E91 E92 E93 04-13 de\u0161in\u0117s pus\u0117s centrinio u\u017erakto pavaros remonto komplektas"},"content":{"rendered":"","protected":false},"excerpt":{"rendered":"<p>1. Prek\u0117 \u2013 Centrinio u\u017erakto pavaros remonto komplektas, susidedantis i\u0161 3 element\u0173<br \/>\n2. Pus\u0117: de\u0161in\u0117<br \/>\n3. Tinkama: BMW 3 E90 BMW 3 E91 BMW 3 E92 BMW 3 E<br \/>\n934. Pagaminimo metai: 2004\u20132013<\/p>\n","protected":false},"featured_media":0,"comment_status":"open","ping_status":"closed","template":"","meta":[],"product_brand":[],"product_cat":[124,121,46,139,2771,3380,3379],"product_tag":[],"class_list":{"0":"post-38111","1":"product","2":"type-product","3":"status-publish","5":"product_cat-3-serija","6":"product_cat-bmw","7":"product_cat-e90-e91","8":"product_cat-e92-e93","9":"product_cat-e90-e91-isores-dalys","10":"product_cat-e90-e91-isores-kitos-isores-dalys","11":"product_cat-e90-e91-isores-mechanizmai-valytuvai","13":"first","14":"instock","15":"shipping-taxable","16":"purchasable","17":"product-type-simple"},"yoast_head":"<!-- This site is optimized with the Yoast SEO Premium plugin v25.2 (Yoast SEO v27.4) - https:\/\/yoast.com\/product\/yoast-seo-premium-wordpress\/ -->\n<title>BMW 3 E90 E91 E92 E93 04-13 de\u0161in\u0117s pus\u0117s centrinio u\u017erakto pavaros remonto komplektas - Erformance.eu<\/title>\n<meta name=\"robots\" content=\"index, follow, max-snippet:-1, max-image-preview:large, max-video-preview:-1\" \/>\n<link rel=\"canonical\" href=\"https:\/\/erformance.eu\/et\/toode\/bmw-3-e90-e91-e92-e93-04-13-desines-puses-centrinio-uzrakto-pavaros-remonto-komplektas\/\" \/>\n<meta property=\"og:locale\" content=\"et_EE\" \/>\n<meta property=\"og:type\" content=\"article\" \/>\n<meta property=\"og:title\" content=\"BMW 3 E90 E91 E92 E93 04-13 de\u0161in\u0117s pus\u0117s centrinio u\u017erakto pavaros remonto komplektas\" \/>\n<meta property=\"og:description\" content=\"1. Prek\u0117 \u2013 Centrinio u\u017erakto pavaros remonto komplektas, susidedantis i\u0161 3 element\u0173 2. Pus\u0117: de\u0161in\u0117 3. Tinkama: BMW 3 E90 BMW 3 E91 BMW 3 E92 BMW 3 E 934. Pagaminimo metai: 2004\u20132013\" \/>\n<meta property=\"og:url\" content=\"https:\/\/erformance.eu\/et\/toode\/bmw-3-e90-e91-e92-e93-04-13-desines-puses-centrinio-uzrakto-pavaros-remonto-komplektas\/\" \/>\n<meta property=\"og:site_name\" content=\"Erformance.eu\" \/>\n<meta property=\"article:modified_time\" content=\"2026-02-24T08:37:56+00:00\" \/>\n<meta name=\"twitter:card\" content=\"summary_large_image\" \/>\n<script type=\"application\/ld+json\" class=\"yoast-schema-graph\">{\"@context\":\"https:\\\/\\\/schema.org\",\"@graph\":[{\"@type\":\"WebPage\",\"@id\":\"https:\\\/\\\/erformance.eu\\\/et\\\/toode\\\/bmw-3-e90-e91-e92-e93-04-13-desines-puses-centrinio-uzrakto-pavaros-remonto-komplektas\\\/\",\"url\":\"https:\\\/\\\/erformance.eu\\\/et\\\/toode\\\/bmw-3-e90-e91-e92-e93-04-13-desines-puses-centrinio-uzrakto-pavaros-remonto-komplektas\\\/\",\"name\":\"BMW 3 E90 E91 E92 E93 04-13 de\u0161in\u0117s pus\u0117s centrinio u\u017erakto pavaros remonto komplektas - Erformance.eu\",\"isPartOf\":{\"@id\":\"https:\\\/\\\/erformance.eu\\\/et\\\/#website\"},\"datePublished\":\"2026-01-09T07:46:19+00:00\",\"dateModified\":\"2026-02-24T08:37:56+00:00\",\"breadcrumb\":{\"@id\":\"https:\\\/\\\/erformance.eu\\\/et\\\/toode\\\/bmw-3-e90-e91-e92-e93-04-13-desines-puses-centrinio-uzrakto-pavaros-remonto-komplektas\\\/#breadcrumb\"},\"inLanguage\":\"et\",\"potentialAction\":[{\"@type\":\"ReadAction\",\"target\":[\"https:\\\/\\\/erformance.eu\\\/et\\\/toode\\\/bmw-3-e90-e91-e92-e93-04-13-desines-puses-centrinio-uzrakto-pavaros-remonto-komplektas\\\/\"]}]},{\"@type\":\"BreadcrumbList\",\"@id\":\"https:\\\/\\\/erformance.eu\\\/et\\\/toode\\\/bmw-3-e90-e91-e92-e93-04-13-desines-puses-centrinio-uzrakto-pavaros-remonto-komplektas\\\/#breadcrumb\",\"itemListElement\":[{\"@type\":\"ListItem\",\"position\":1,\"name\":\"Home\",\"item\":\"https:\\\/\\\/erformance.eu\\\/et\\\/\"},{\"@type\":\"ListItem\",\"position\":2,\"name\":\"Pood\",\"item\":\"https:\\\/\\\/erformance.eu\\\/et\\\/pood\\\/\"},{\"@type\":\"ListItem\",\"position\":3,\"name\":\"BMW 3 E90 E91 E92 E93 04-13 de\u0161in\u0117s pus\u0117s centrinio u\u017erakto pavaros remonto komplektas\"}]},{\"@type\":\"WebSite\",\"@id\":\"https:\\\/\\\/erformance.eu\\\/et\\\/#website\",\"url\":\"https:\\\/\\\/erformance.eu\\\/et\\\/\",\"name\":\"Erformance.eu\",\"description\":\"Automobili\u0173 dali\u0173 parduotuv\u0117\",\"potentialAction\":[{\"@type\":\"SearchAction\",\"target\":{\"@type\":\"EntryPoint\",\"urlTemplate\":\"https:\\\/\\\/erformance.eu\\\/et\\\/?s={search_term_string}\"},\"query-input\":{\"@type\":\"PropertyValueSpecification\",\"valueRequired\":true,\"valueName\":\"search_term_string\"}}],\"inLanguage\":\"et\"}]}<\/script>\n<!-- \/ Yoast SEO Premium plugin. -->","yoast_head_json":{"title":"BMW 3 E90 E91 E92 E93 04-13 de\u0161in\u0117s pus\u0117s centrinio u\u017erakto pavaros remonto komplektas - Erformance.eu","robots":{"index":"index","follow":"follow","max-snippet":"max-snippet:-1","max-image-preview":"max-image-preview:large","max-video-preview":"max-video-preview:-1"},"canonical":"https:\/\/erformance.eu\/et\/toode\/bmw-3-e90-e91-e92-e93-04-13-desines-puses-centrinio-uzrakto-pavaros-remonto-komplektas\/","og_locale":"et_EE","og_type":"article","og_title":"BMW 3 E90 E91 E92 E93 04-13 de\u0161in\u0117s pus\u0117s centrinio u\u017erakto pavaros remonto komplektas","og_description":"1. Prek\u0117 \u2013 Centrinio u\u017erakto pavaros remonto komplektas, susidedantis i\u0161 3 element\u0173 2. Pus\u0117: de\u0161in\u0117 3. Tinkama: BMW 3 E90 BMW 3 E91 BMW 3 E92 BMW 3 E 934. Pagaminimo metai: 2004\u20132013","og_url":"https:\/\/erformance.eu\/et\/toode\/bmw-3-e90-e91-e92-e93-04-13-desines-puses-centrinio-uzrakto-pavaros-remonto-komplektas\/","og_site_name":"Erformance.eu","article_modified_time":"2026-02-24T08:37:56+00:00","twitter_card":"summary_large_image","schema":{"@context":"https:\/\/schema.org","@graph":[{"@type":"WebPage","@id":"https:\/\/erformance.eu\/et\/toode\/bmw-3-e90-e91-e92-e93-04-13-desines-puses-centrinio-uzrakto-pavaros-remonto-komplektas\/","url":"https:\/\/erformance.eu\/et\/toode\/bmw-3-e90-e91-e92-e93-04-13-desines-puses-centrinio-uzrakto-pavaros-remonto-komplektas\/","name":"BMW 3 E90 E91 E92 E93 04-13 de\u0161in\u0117s pus\u0117s centrinio u\u017erakto pavaros remonto komplektas - Erformance.eu","isPartOf":{"@id":"https:\/\/erformance.eu\/et\/#website"},"datePublished":"2026-01-09T07:46:19+00:00","dateModified":"2026-02-24T08:37:56+00:00","breadcrumb":{"@id":"https:\/\/erformance.eu\/et\/toode\/bmw-3-e90-e91-e92-e93-04-13-desines-puses-centrinio-uzrakto-pavaros-remonto-komplektas\/#breadcrumb"},"inLanguage":"et","potentialAction":[{"@type":"ReadAction","target":["https:\/\/erformance.eu\/et\/toode\/bmw-3-e90-e91-e92-e93-04-13-desines-puses-centrinio-uzrakto-pavaros-remonto-komplektas\/"]}]},{"@type":"BreadcrumbList","@id":"https:\/\/erformance.eu\/et\/toode\/bmw-3-e90-e91-e92-e93-04-13-desines-puses-centrinio-uzrakto-pavaros-remonto-komplektas\/#breadcrumb","itemListElement":[{"@type":"ListItem","position":1,"name":"Home","item":"https:\/\/erformance.eu\/et\/"},{"@type":"ListItem","position":2,"name":"Pood","item":"https:\/\/erformance.eu\/et\/pood\/"},{"@type":"ListItem","position":3,"name":"BMW 3 E90 E91 E92 E93 04-13 de\u0161in\u0117s pus\u0117s centrinio u\u017erakto pavaros remonto komplektas"}]},{"@type":"WebSite","@id":"https:\/\/erformance.eu\/et\/#website","url":"https:\/\/erformance.eu\/et\/","name":"Erformance.eu","description":"Automobili\u0173 dali\u0173 parduotuv\u0117","potentialAction":[{"@type":"SearchAction","target":{"@type":"EntryPoint","urlTemplate":"https:\/\/erformance.eu\/et\/?s={search_term_string}"},"query-input":{"@type":"PropertyValueSpecification","valueRequired":true,"valueName":"search_term_string"}}],"inLanguage":"et"}]}},"jetpack_sharing_enabled":true,"_links":{"self":[{"href":"https:\/\/erformance.eu\/et\/wp-json\/wp\/v2\/product\/38111","targetHints":{"allow":["GET"]}}],"collection":[{"href":"https:\/\/erformance.eu\/et\/wp-json\/wp\/v2\/product"}],"about":[{"href":"https:\/\/erformance.eu\/et\/wp-json\/wp\/v2\/types\/product"}],"replies":[{"embeddable":true,"href":"https:\/\/erformance.eu\/et\/wp-json\/wp\/v2\/comments?post=38111"}],"version-history":[{"count":1,"href":"https:\/\/erformance.eu\/et\/wp-json\/wp\/v2\/product\/38111\/revisions"}],"predecessor-version":[{"id":38114,"href":"https:\/\/erformance.eu\/et\/wp-json\/wp\/v2\/product\/38111\/revisions\/38114"}],"wp:attachment":[{"href":"https:\/\/erformance.eu\/et\/wp-json\/wp\/v2\/media?parent=38111"}],"wp:term":[{"taxonomy":"product_brand","embeddable":true,"href":"https:\/\/erformance.eu\/et\/wp-json\/wp\/v2\/product_brand?post=38111"},{"taxonomy":"product_cat","embeddable":true,"href":"https:\/\/erformance.eu\/et\/wp-json\/wp\/v2\/product_cat?post=38111"},{"taxonomy":"product_tag","embeddable":true,"href":"https:\/\/erformance.eu\/et\/wp-json\/wp\/v2\/product_tag?post=38111"}],"curies":[{"name":"wp","href":"https:\/\/api.w.org\/{rel}","templated":true}]}}