{"id":42693,"date":"2026-01-09T11:09:27","date_gmt":"2026-01-09T08:09:27","guid":{"rendered":"https:\/\/erformance.eu\/?post_type=product&#038;p=42693"},"modified":"2026-03-02T19:31:31","modified_gmt":"2026-03-02T16:31:31","slug":"bmw-7-e65-voztuvas-variklio-ventiliacija","status":"publish","type":"product","link":"https:\/\/erformance.eu\/et\/toode\/bmw-7-e65-voztuvas-variklio-ventiliacija\/","title":{"rendered":"BMW 7 E65 vo\u017etuvas &#8211; variklio ventiliacija"},"content":{"rendered":"","protected":false},"excerpt":{"rendered":"<p>1. Tema: variklio alsuoklio vo\u017etuvas<br \/>\n2. Tiek\u0117jas &#8211; ERformance<br \/>\n3. Tinkama: BMW 3 E46, BMW 5 E60 \/ E61 BMW 7 E65, BMW X3 E83, BMW X5 E53<\/p>\n","protected":false},"featured_media":42694,"comment_status":"open","ping_status":"closed","template":"","meta":[],"product_brand":[],"product_cat":[128,56],"product_tag":[],"class_list":{"0":"post-42693","1":"product","2":"type-product","3":"status-publish","4":"has-post-thumbnail","6":"product_cat-7-serija","7":"product_cat-e65-e66-e67-e68","9":"first","10":"instock","11":"shipping-taxable","12":"purchasable","13":"product-type-simple"},"yoast_head":"<!-- This site is optimized with the Yoast SEO Premium plugin v25.2 (Yoast SEO v27.4) - https:\/\/yoast.com\/product\/yoast-seo-premium-wordpress\/ -->\n<title>BMW 7 E65 vo\u017etuvas - variklio ventiliacija - Erformance.eu<\/title>\n<meta name=\"robots\" content=\"index, follow, max-snippet:-1, max-image-preview:large, max-video-preview:-1\" \/>\n<link rel=\"canonical\" href=\"https:\/\/erformance.eu\/et\/toode\/bmw-7-e65-voztuvas-variklio-ventiliacija\/\" \/>\n<meta property=\"og:locale\" content=\"et_EE\" \/>\n<meta property=\"og:type\" content=\"article\" \/>\n<meta property=\"og:title\" content=\"BMW 7 E65 vo\u017etuvas - variklio ventiliacija\" \/>\n<meta property=\"og:description\" content=\"1. Tema: variklio alsuoklio vo\u017etuvas 2. Tiek\u0117jas - ERformance 3. Tinkama: BMW 3 E46, BMW 5 E60 \/ E61 BMW 7 E65, BMW X3 E83, BMW X5 E53\" \/>\n<meta property=\"og:url\" content=\"https:\/\/erformance.eu\/et\/toode\/bmw-7-e65-voztuvas-variklio-ventiliacija\/\" \/>\n<meta property=\"og:site_name\" content=\"Erformance.eu\" \/>\n<meta property=\"article:modified_time\" content=\"2026-03-02T16:31:31+00:00\" \/>\n<meta property=\"og:image\" content=\"https:\/\/erformance.eu\/wp-content\/uploads\/2026\/01\/pol_pm_BMW-7-E65-zawor-odma-odpowietrzania-silnika-9179_4.jpg\" \/>\n\t<meta property=\"og:image:width\" content=\"1200\" \/>\n\t<meta property=\"og:image:height\" content=\"900\" \/>\n\t<meta property=\"og:image:type\" content=\"image\/jpeg\" \/>\n<meta name=\"twitter:card\" content=\"summary_large_image\" \/>\n<meta name=\"twitter:label1\" content=\"Est. reading time\" \/>\n\t<meta name=\"twitter:data1\" content=\"1 minut\" \/>\n<script type=\"application\/ld+json\" class=\"yoast-schema-graph\">{\"@context\":\"https:\\\/\\\/schema.org\",\"@graph\":[{\"@type\":\"WebPage\",\"@id\":\"https:\\\/\\\/erformance.eu\\\/et\\\/toode\\\/bmw-7-e65-voztuvas-variklio-ventiliacija\\\/\",\"url\":\"https:\\\/\\\/erformance.eu\\\/et\\\/toode\\\/bmw-7-e65-voztuvas-variklio-ventiliacija\\\/\",\"name\":\"BMW 7 E65 vo\u017etuvas - variklio ventiliacija - Erformance.eu\",\"isPartOf\":{\"@id\":\"https:\\\/\\\/erformance.eu\\\/et\\\/#website\"},\"primaryImageOfPage\":{\"@id\":\"https:\\\/\\\/erformance.eu\\\/et\\\/toode\\\/bmw-7-e65-voztuvas-variklio-ventiliacija\\\/#primaryimage\"},\"image\":{\"@id\":\"https:\\\/\\\/erformance.eu\\\/et\\\/toode\\\/bmw-7-e65-voztuvas-variklio-ventiliacija\\\/#primaryimage\"},\"thumbnailUrl\":\"https:\\\/\\\/erformance.eu\\\/wp-content\\\/uploads\\\/2026\\\/01\\\/pol_pm_BMW-7-E65-zawor-odma-odpowietrzania-silnika-9179_4.jpg\",\"datePublished\":\"2026-01-09T08:09:27+00:00\",\"dateModified\":\"2026-03-02T16:31:31+00:00\",\"breadcrumb\":{\"@id\":\"https:\\\/\\\/erformance.eu\\\/et\\\/toode\\\/bmw-7-e65-voztuvas-variklio-ventiliacija\\\/#breadcrumb\"},\"inLanguage\":\"et\",\"potentialAction\":[{\"@type\":\"ReadAction\",\"target\":[\"https:\\\/\\\/erformance.eu\\\/et\\\/toode\\\/bmw-7-e65-voztuvas-variklio-ventiliacija\\\/\"]}]},{\"@type\":\"ImageObject\",\"inLanguage\":\"et\",\"@id\":\"https:\\\/\\\/erformance.eu\\\/et\\\/toode\\\/bmw-7-e65-voztuvas-variklio-ventiliacija\\\/#primaryimage\",\"url\":\"https:\\\/\\\/erformance.eu\\\/wp-content\\\/uploads\\\/2026\\\/01\\\/pol_pm_BMW-7-E65-zawor-odma-odpowietrzania-silnika-9179_4.jpg\",\"contentUrl\":\"https:\\\/\\\/erformance.eu\\\/wp-content\\\/uploads\\\/2026\\\/01\\\/pol_pm_BMW-7-E65-zawor-odma-odpowietrzania-silnika-9179_4.jpg\",\"width\":1200,\"height\":900},{\"@type\":\"BreadcrumbList\",\"@id\":\"https:\\\/\\\/erformance.eu\\\/et\\\/toode\\\/bmw-7-e65-voztuvas-variklio-ventiliacija\\\/#breadcrumb\",\"itemListElement\":[{\"@type\":\"ListItem\",\"position\":1,\"name\":\"Home\",\"item\":\"https:\\\/\\\/erformance.eu\\\/et\\\/\"},{\"@type\":\"ListItem\",\"position\":2,\"name\":\"Pood\",\"item\":\"https:\\\/\\\/erformance.eu\\\/et\\\/pood\\\/\"},{\"@type\":\"ListItem\",\"position\":3,\"name\":\"BMW 7 E65 vo\u017etuvas &#8211; variklio ventiliacija\"}]},{\"@type\":\"WebSite\",\"@id\":\"https:\\\/\\\/erformance.eu\\\/et\\\/#website\",\"url\":\"https:\\\/\\\/erformance.eu\\\/et\\\/\",\"name\":\"Erformance.eu\",\"description\":\"Automobili\u0173 dali\u0173 parduotuv\u0117\",\"potentialAction\":[{\"@type\":\"SearchAction\",\"target\":{\"@type\":\"EntryPoint\",\"urlTemplate\":\"https:\\\/\\\/erformance.eu\\\/et\\\/?s={search_term_string}\"},\"query-input\":{\"@type\":\"PropertyValueSpecification\",\"valueRequired\":true,\"valueName\":\"search_term_string\"}}],\"inLanguage\":\"et\"}]}<\/script>\n<!-- \/ Yoast SEO Premium plugin. -->","yoast_head_json":{"title":"BMW 7 E65 vo\u017etuvas - variklio ventiliacija - Erformance.eu","robots":{"index":"index","follow":"follow","max-snippet":"max-snippet:-1","max-image-preview":"max-image-preview:large","max-video-preview":"max-video-preview:-1"},"canonical":"https:\/\/erformance.eu\/et\/toode\/bmw-7-e65-voztuvas-variklio-ventiliacija\/","og_locale":"et_EE","og_type":"article","og_title":"BMW 7 E65 vo\u017etuvas - variklio ventiliacija","og_description":"1. Tema: variklio alsuoklio vo\u017etuvas 2. Tiek\u0117jas - ERformance 3. Tinkama: BMW 3 E46, BMW 5 E60 \/ E61 BMW 7 E65, BMW X3 E83, BMW X5 E53","og_url":"https:\/\/erformance.eu\/et\/toode\/bmw-7-e65-voztuvas-variklio-ventiliacija\/","og_site_name":"Erformance.eu","article_modified_time":"2026-03-02T16:31:31+00:00","og_image":[{"width":1200,"height":900,"url":"https:\/\/erformance.eu\/wp-content\/uploads\/2026\/01\/pol_pm_BMW-7-E65-zawor-odma-odpowietrzania-silnika-9179_4.jpg","type":"image\/jpeg"}],"twitter_card":"summary_large_image","twitter_misc":{"Est. reading time":"1 minut"},"schema":{"@context":"https:\/\/schema.org","@graph":[{"@type":"WebPage","@id":"https:\/\/erformance.eu\/et\/toode\/bmw-7-e65-voztuvas-variklio-ventiliacija\/","url":"https:\/\/erformance.eu\/et\/toode\/bmw-7-e65-voztuvas-variklio-ventiliacija\/","name":"BMW 7 E65 vo\u017etuvas - variklio ventiliacija - Erformance.eu","isPartOf":{"@id":"https:\/\/erformance.eu\/et\/#website"},"primaryImageOfPage":{"@id":"https:\/\/erformance.eu\/et\/toode\/bmw-7-e65-voztuvas-variklio-ventiliacija\/#primaryimage"},"image":{"@id":"https:\/\/erformance.eu\/et\/toode\/bmw-7-e65-voztuvas-variklio-ventiliacija\/#primaryimage"},"thumbnailUrl":"https:\/\/erformance.eu\/wp-content\/uploads\/2026\/01\/pol_pm_BMW-7-E65-zawor-odma-odpowietrzania-silnika-9179_4.jpg","datePublished":"2026-01-09T08:09:27+00:00","dateModified":"2026-03-02T16:31:31+00:00","breadcrumb":{"@id":"https:\/\/erformance.eu\/et\/toode\/bmw-7-e65-voztuvas-variklio-ventiliacija\/#breadcrumb"},"inLanguage":"et","potentialAction":[{"@type":"ReadAction","target":["https:\/\/erformance.eu\/et\/toode\/bmw-7-e65-voztuvas-variklio-ventiliacija\/"]}]},{"@type":"ImageObject","inLanguage":"et","@id":"https:\/\/erformance.eu\/et\/toode\/bmw-7-e65-voztuvas-variklio-ventiliacija\/#primaryimage","url":"https:\/\/erformance.eu\/wp-content\/uploads\/2026\/01\/pol_pm_BMW-7-E65-zawor-odma-odpowietrzania-silnika-9179_4.jpg","contentUrl":"https:\/\/erformance.eu\/wp-content\/uploads\/2026\/01\/pol_pm_BMW-7-E65-zawor-odma-odpowietrzania-silnika-9179_4.jpg","width":1200,"height":900},{"@type":"BreadcrumbList","@id":"https:\/\/erformance.eu\/et\/toode\/bmw-7-e65-voztuvas-variklio-ventiliacija\/#breadcrumb","itemListElement":[{"@type":"ListItem","position":1,"name":"Home","item":"https:\/\/erformance.eu\/et\/"},{"@type":"ListItem","position":2,"name":"Pood","item":"https:\/\/erformance.eu\/et\/pood\/"},{"@type":"ListItem","position":3,"name":"BMW 7 E65 vo\u017etuvas &#8211; variklio ventiliacija"}]},{"@type":"WebSite","@id":"https:\/\/erformance.eu\/et\/#website","url":"https:\/\/erformance.eu\/et\/","name":"Erformance.eu","description":"Automobili\u0173 dali\u0173 parduotuv\u0117","potentialAction":[{"@type":"SearchAction","target":{"@type":"EntryPoint","urlTemplate":"https:\/\/erformance.eu\/et\/?s={search_term_string}"},"query-input":{"@type":"PropertyValueSpecification","valueRequired":true,"valueName":"search_term_string"}}],"inLanguage":"et"}]}},"jetpack_sharing_enabled":true,"_links":{"self":[{"href":"https:\/\/erformance.eu\/et\/wp-json\/wp\/v2\/product\/42693","targetHints":{"allow":["GET"]}}],"collection":[{"href":"https:\/\/erformance.eu\/et\/wp-json\/wp\/v2\/product"}],"about":[{"href":"https:\/\/erformance.eu\/et\/wp-json\/wp\/v2\/types\/product"}],"replies":[{"embeddable":true,"href":"https:\/\/erformance.eu\/et\/wp-json\/wp\/v2\/comments?post=42693"}],"version-history":[{"count":1,"href":"https:\/\/erformance.eu\/et\/wp-json\/wp\/v2\/product\/42693\/revisions"}],"predecessor-version":[{"id":42700,"href":"https:\/\/erformance.eu\/et\/wp-json\/wp\/v2\/product\/42693\/revisions\/42700"}],"wp:featuredmedia":[{"embeddable":true,"href":"https:\/\/erformance.eu\/et\/wp-json\/wp\/v2\/media\/42694"}],"wp:attachment":[{"href":"https:\/\/erformance.eu\/et\/wp-json\/wp\/v2\/media?parent=42693"}],"wp:term":[{"taxonomy":"product_brand","embeddable":true,"href":"https:\/\/erformance.eu\/et\/wp-json\/wp\/v2\/product_brand?post=42693"},{"taxonomy":"product_cat","embeddable":true,"href":"https:\/\/erformance.eu\/et\/wp-json\/wp\/v2\/product_cat?post=42693"},{"taxonomy":"product_tag","embeddable":true,"href":"https:\/\/erformance.eu\/et\/wp-json\/wp\/v2\/product_tag?post=42693"}],"curies":[{"name":"wp","href":"https:\/\/api.w.org\/{rel}","templated":true}]}}