{"id":47075,"date":"2026-01-09T11:34:08","date_gmt":"2026-01-09T08:34:08","guid":{"rendered":"https:\/\/erformance.eu\/?post_type=product&#038;p=47075"},"modified":"2026-02-26T21:37:39","modified_gmt":"2026-02-26T18:37:39","slug":"bmw-5-e39-95-05-oro-kondicionieriaus-skydelio-ventiliacijos-mygtukas-balta","status":"publish","type":"product","link":"https:\/\/erformance.eu\/et\/toode\/bmw-5-e39-95-05-oro-kondicionieriaus-skydelio-ventiliacijos-mygtukas-balta\/","title":{"rendered":"BMW 5 E39 95-05 oro kondicionieriaus skydelio ventiliacijos mygtukas BALTA +\/"},"content":{"rendered":"","protected":false},"excerpt":{"rendered":"<p>1. Prek\u0117 \u2013 Oro kondicionieriaus skydelio ventiliacijos mygtukas<br \/>\n2. Tinkama:, BMW X5 E53 99-07, BMW 5 E39 95-05<\/p>\n","protected":false},"featured_media":0,"comment_status":"open","ping_status":"closed","template":"","meta":[],"product_brand":[],"product_cat":[49],"product_tag":[],"class_list":{"0":"post-47075","1":"product","2":"type-product","3":"status-publish","5":"product_cat-e39","7":"first","8":"instock","9":"shipping-taxable","10":"purchasable","11":"product-type-simple"},"yoast_head":"<!-- This site is optimized with the Yoast SEO Premium plugin v25.2 (Yoast SEO v27.4) - https:\/\/yoast.com\/product\/yoast-seo-premium-wordpress\/ -->\n<title>BMW 5 E39 95-05 oro kondicionieriaus skydelio ventiliacijos mygtukas BALTA +\/ - Erformance.eu<\/title>\n<meta name=\"robots\" content=\"index, follow, max-snippet:-1, max-image-preview:large, max-video-preview:-1\" \/>\n<link rel=\"canonical\" href=\"https:\/\/erformance.eu\/et\/toode\/bmw-5-e39-95-05-oro-kondicionieriaus-skydelio-ventiliacijos-mygtukas-balta\/\" \/>\n<meta property=\"og:locale\" content=\"et_EE\" \/>\n<meta property=\"og:type\" content=\"article\" \/>\n<meta property=\"og:title\" content=\"BMW 5 E39 95-05 oro kondicionieriaus skydelio ventiliacijos mygtukas BALTA +\/\" \/>\n<meta property=\"og:description\" content=\"1. Prek\u0117 \u2013 Oro kondicionieriaus skydelio ventiliacijos mygtukas 2. Tinkama:, BMW X5 E53 99-07, BMW 5 E39 95-05\" \/>\n<meta property=\"og:url\" content=\"https:\/\/erformance.eu\/et\/toode\/bmw-5-e39-95-05-oro-kondicionieriaus-skydelio-ventiliacijos-mygtukas-balta\/\" \/>\n<meta property=\"og:site_name\" content=\"Erformance.eu\" \/>\n<meta property=\"article:modified_time\" content=\"2026-02-26T18:37:39+00:00\" \/>\n<meta name=\"twitter:card\" content=\"summary_large_image\" \/>\n<script type=\"application\/ld+json\" class=\"yoast-schema-graph\">{\"@context\":\"https:\\\/\\\/schema.org\",\"@graph\":[{\"@type\":\"WebPage\",\"@id\":\"https:\\\/\\\/erformance.eu\\\/et\\\/toode\\\/bmw-5-e39-95-05-oro-kondicionieriaus-skydelio-ventiliacijos-mygtukas-balta\\\/\",\"url\":\"https:\\\/\\\/erformance.eu\\\/et\\\/toode\\\/bmw-5-e39-95-05-oro-kondicionieriaus-skydelio-ventiliacijos-mygtukas-balta\\\/\",\"name\":\"BMW 5 E39 95-05 oro kondicionieriaus skydelio ventiliacijos mygtukas BALTA +\\\/ - Erformance.eu\",\"isPartOf\":{\"@id\":\"https:\\\/\\\/erformance.eu\\\/et\\\/#website\"},\"datePublished\":\"2026-01-09T08:34:08+00:00\",\"dateModified\":\"2026-02-26T18:37:39+00:00\",\"breadcrumb\":{\"@id\":\"https:\\\/\\\/erformance.eu\\\/et\\\/toode\\\/bmw-5-e39-95-05-oro-kondicionieriaus-skydelio-ventiliacijos-mygtukas-balta\\\/#breadcrumb\"},\"inLanguage\":\"et\",\"potentialAction\":[{\"@type\":\"ReadAction\",\"target\":[\"https:\\\/\\\/erformance.eu\\\/et\\\/toode\\\/bmw-5-e39-95-05-oro-kondicionieriaus-skydelio-ventiliacijos-mygtukas-balta\\\/\"]}]},{\"@type\":\"BreadcrumbList\",\"@id\":\"https:\\\/\\\/erformance.eu\\\/et\\\/toode\\\/bmw-5-e39-95-05-oro-kondicionieriaus-skydelio-ventiliacijos-mygtukas-balta\\\/#breadcrumb\",\"itemListElement\":[{\"@type\":\"ListItem\",\"position\":1,\"name\":\"Home\",\"item\":\"https:\\\/\\\/erformance.eu\\\/et\\\/\"},{\"@type\":\"ListItem\",\"position\":2,\"name\":\"Pood\",\"item\":\"https:\\\/\\\/erformance.eu\\\/et\\\/pood\\\/\"},{\"@type\":\"ListItem\",\"position\":3,\"name\":\"BMW 5 E39 95-05 oro kondicionieriaus skydelio ventiliacijos mygtukas BALTA +\\\/\"}]},{\"@type\":\"WebSite\",\"@id\":\"https:\\\/\\\/erformance.eu\\\/et\\\/#website\",\"url\":\"https:\\\/\\\/erformance.eu\\\/et\\\/\",\"name\":\"Erformance.eu\",\"description\":\"Automobili\u0173 dali\u0173 parduotuv\u0117\",\"potentialAction\":[{\"@type\":\"SearchAction\",\"target\":{\"@type\":\"EntryPoint\",\"urlTemplate\":\"https:\\\/\\\/erformance.eu\\\/et\\\/?s={search_term_string}\"},\"query-input\":{\"@type\":\"PropertyValueSpecification\",\"valueRequired\":true,\"valueName\":\"search_term_string\"}}],\"inLanguage\":\"et\"}]}<\/script>\n<!-- \/ Yoast SEO Premium plugin. -->","yoast_head_json":{"title":"BMW 5 E39 95-05 oro kondicionieriaus skydelio ventiliacijos mygtukas BALTA +\/ - Erformance.eu","robots":{"index":"index","follow":"follow","max-snippet":"max-snippet:-1","max-image-preview":"max-image-preview:large","max-video-preview":"max-video-preview:-1"},"canonical":"https:\/\/erformance.eu\/et\/toode\/bmw-5-e39-95-05-oro-kondicionieriaus-skydelio-ventiliacijos-mygtukas-balta\/","og_locale":"et_EE","og_type":"article","og_title":"BMW 5 E39 95-05 oro kondicionieriaus skydelio ventiliacijos mygtukas BALTA +\/","og_description":"1. Prek\u0117 \u2013 Oro kondicionieriaus skydelio ventiliacijos mygtukas 2. Tinkama:, BMW X5 E53 99-07, BMW 5 E39 95-05","og_url":"https:\/\/erformance.eu\/et\/toode\/bmw-5-e39-95-05-oro-kondicionieriaus-skydelio-ventiliacijos-mygtukas-balta\/","og_site_name":"Erformance.eu","article_modified_time":"2026-02-26T18:37:39+00:00","twitter_card":"summary_large_image","schema":{"@context":"https:\/\/schema.org","@graph":[{"@type":"WebPage","@id":"https:\/\/erformance.eu\/et\/toode\/bmw-5-e39-95-05-oro-kondicionieriaus-skydelio-ventiliacijos-mygtukas-balta\/","url":"https:\/\/erformance.eu\/et\/toode\/bmw-5-e39-95-05-oro-kondicionieriaus-skydelio-ventiliacijos-mygtukas-balta\/","name":"BMW 5 E39 95-05 oro kondicionieriaus skydelio ventiliacijos mygtukas BALTA +\/ - Erformance.eu","isPartOf":{"@id":"https:\/\/erformance.eu\/et\/#website"},"datePublished":"2026-01-09T08:34:08+00:00","dateModified":"2026-02-26T18:37:39+00:00","breadcrumb":{"@id":"https:\/\/erformance.eu\/et\/toode\/bmw-5-e39-95-05-oro-kondicionieriaus-skydelio-ventiliacijos-mygtukas-balta\/#breadcrumb"},"inLanguage":"et","potentialAction":[{"@type":"ReadAction","target":["https:\/\/erformance.eu\/et\/toode\/bmw-5-e39-95-05-oro-kondicionieriaus-skydelio-ventiliacijos-mygtukas-balta\/"]}]},{"@type":"BreadcrumbList","@id":"https:\/\/erformance.eu\/et\/toode\/bmw-5-e39-95-05-oro-kondicionieriaus-skydelio-ventiliacijos-mygtukas-balta\/#breadcrumb","itemListElement":[{"@type":"ListItem","position":1,"name":"Home","item":"https:\/\/erformance.eu\/et\/"},{"@type":"ListItem","position":2,"name":"Pood","item":"https:\/\/erformance.eu\/et\/pood\/"},{"@type":"ListItem","position":3,"name":"BMW 5 E39 95-05 oro kondicionieriaus skydelio ventiliacijos mygtukas BALTA +\/"}]},{"@type":"WebSite","@id":"https:\/\/erformance.eu\/et\/#website","url":"https:\/\/erformance.eu\/et\/","name":"Erformance.eu","description":"Automobili\u0173 dali\u0173 parduotuv\u0117","potentialAction":[{"@type":"SearchAction","target":{"@type":"EntryPoint","urlTemplate":"https:\/\/erformance.eu\/et\/?s={search_term_string}"},"query-input":{"@type":"PropertyValueSpecification","valueRequired":true,"valueName":"search_term_string"}}],"inLanguage":"et"}]}},"jetpack_sharing_enabled":true,"_links":{"self":[{"href":"https:\/\/erformance.eu\/et\/wp-json\/wp\/v2\/product\/47075","targetHints":{"allow":["GET"]}}],"collection":[{"href":"https:\/\/erformance.eu\/et\/wp-json\/wp\/v2\/product"}],"about":[{"href":"https:\/\/erformance.eu\/et\/wp-json\/wp\/v2\/types\/product"}],"replies":[{"embeddable":true,"href":"https:\/\/erformance.eu\/et\/wp-json\/wp\/v2\/comments?post=47075"}],"version-history":[{"count":1,"href":"https:\/\/erformance.eu\/et\/wp-json\/wp\/v2\/product\/47075\/revisions"}],"predecessor-version":[{"id":47078,"href":"https:\/\/erformance.eu\/et\/wp-json\/wp\/v2\/product\/47075\/revisions\/47078"}],"wp:attachment":[{"href":"https:\/\/erformance.eu\/et\/wp-json\/wp\/v2\/media?parent=47075"}],"wp:term":[{"taxonomy":"product_brand","embeddable":true,"href":"https:\/\/erformance.eu\/et\/wp-json\/wp\/v2\/product_brand?post=47075"},{"taxonomy":"product_cat","embeddable":true,"href":"https:\/\/erformance.eu\/et\/wp-json\/wp\/v2\/product_cat?post=47075"},{"taxonomy":"product_tag","embeddable":true,"href":"https:\/\/erformance.eu\/et\/wp-json\/wp\/v2\/product_tag?post=47075"}],"curies":[{"name":"wp","href":"https:\/\/api.w.org\/{rel}","templated":true}]}}