{"id":48389,"date":"2026-01-09T11:41:46","date_gmt":"2026-01-09T08:41:46","guid":{"rendered":"https:\/\/erformance.eu\/?post_type=product&#038;p=48389"},"modified":"2026-02-24T13:53:57","modified_gmt":"2026-02-24T10:53:57","slug":"bmw-5-e34-87-96-juoda-eko-odine-pavaru-perjungimo-svirtis-juoda-gaubto-apdaila-su-remu-5-greiciai","status":"publish","type":"product","link":"https:\/\/erformance.eu\/et\/toode\/bmw-5-e34-87-96-juoda-eko-odine-pavaru-perjungimo-svirtis-juoda-gaubto-apdaila-su-remu-5-greiciai\/","title":{"rendered":"BMW 5 E34 87-96 JUODA EKO ODIN\u0116 pavar\u0173 perjungimo svirtis + JUODA gaubto apdaila su r\u0117mu, 5 GREI\u010cIAI"},"content":{"rendered":"","protected":false},"excerpt":{"rendered":"<p>1. Prek\u0117 \u2013 Pavar\u0173 perjungimo svirtis + apsaugin\u0117 danga su r\u0117mu<br \/>\n2. Spalva: juoda eko oda<br \/>\n3. Tiek\u0117jas &#8211; ERformance<br \/>\n4. Tinkama:, BMW 3 E30 82\u201394, BMW 3 E36 90-00, BMW 5 E34 87-96, BMW 7 E32 85-94<\/p>\n","protected":false},"featured_media":48390,"comment_status":"open","ping_status":"closed","template":"","meta":[],"product_brand":[],"product_cat":[366],"product_tag":[],"class_list":{"0":"post-48389","1":"product","2":"type-product","3":"status-publish","4":"has-post-thumbnail","6":"product_cat-e34","8":"first","9":"instock","10":"shipping-taxable","11":"purchasable","12":"product-type-simple"},"yoast_head":"<!-- This site is optimized with the Yoast SEO Premium plugin v25.2 (Yoast SEO v27.4) - https:\/\/yoast.com\/product\/yoast-seo-premium-wordpress\/ -->\n<title>BMW 5 E34 87-96 JUODA EKO ODIN\u0116 pavar\u0173 perjungimo svirtis + JUODA gaubto apdaila su r\u0117mu, 5 GREI\u010cIAI - Erformance.eu<\/title>\n<meta name=\"robots\" content=\"index, follow, max-snippet:-1, max-image-preview:large, max-video-preview:-1\" \/>\n<link rel=\"canonical\" href=\"https:\/\/erformance.eu\/et\/toode\/bmw-5-e34-87-96-juoda-eko-odine-pavaru-perjungimo-svirtis-juoda-gaubto-apdaila-su-remu-5-greiciai\/\" \/>\n<meta property=\"og:locale\" content=\"et_EE\" \/>\n<meta property=\"og:type\" content=\"article\" \/>\n<meta property=\"og:title\" content=\"BMW 5 E34 87-96 JUODA EKO ODIN\u0116 pavar\u0173 perjungimo svirtis + JUODA gaubto apdaila su r\u0117mu, 5 GREI\u010cIAI\" \/>\n<meta property=\"og:description\" content=\"1. Prek\u0117 \u2013 Pavar\u0173 perjungimo svirtis + apsaugin\u0117 danga su r\u0117mu 2. Spalva: juoda eko oda 3. Tiek\u0117jas - ERformance 4. Tinkama:, BMW 3 E30 82\u201394, BMW 3 E36 90-00, BMW 5 E34 87-96, BMW 7 E32 85-94\" \/>\n<meta property=\"og:url\" content=\"https:\/\/erformance.eu\/et\/toode\/bmw-5-e34-87-96-juoda-eko-odine-pavaru-perjungimo-svirtis-juoda-gaubto-apdaila-su-remu-5-greiciai\/\" \/>\n<meta property=\"og:site_name\" content=\"Erformance.eu\" \/>\n<meta property=\"article:modified_time\" content=\"2026-02-24T10:53:57+00:00\" \/>\n<meta property=\"og:image\" content=\"https:\/\/erformance.eu\/wp-content\/uploads\/2026\/01\/pol_pm_BMW-5-E34-87-96-galka-zmiany-biegow-CZARNA-EKOSKORA-mieszek-CZARNY-z-ramka-5-BIEGOW-30947_1.jpg\" \/>\n\t<meta property=\"og:image:width\" content=\"1200\" \/>\n\t<meta property=\"og:image:height\" content=\"1200\" \/>\n\t<meta property=\"og:image:type\" content=\"image\/jpeg\" \/>\n<meta name=\"twitter:card\" content=\"summary_large_image\" \/>\n<meta name=\"twitter:label1\" content=\"Est. reading time\" \/>\n\t<meta name=\"twitter:data1\" content=\"1 minut\" \/>\n<script type=\"application\/ld+json\" class=\"yoast-schema-graph\">{\"@context\":\"https:\\\/\\\/schema.org\",\"@graph\":[{\"@type\":\"WebPage\",\"@id\":\"https:\\\/\\\/erformance.eu\\\/et\\\/toode\\\/bmw-5-e34-87-96-juoda-eko-odine-pavaru-perjungimo-svirtis-juoda-gaubto-apdaila-su-remu-5-greiciai\\\/\",\"url\":\"https:\\\/\\\/erformance.eu\\\/et\\\/toode\\\/bmw-5-e34-87-96-juoda-eko-odine-pavaru-perjungimo-svirtis-juoda-gaubto-apdaila-su-remu-5-greiciai\\\/\",\"name\":\"BMW 5 E34 87-96 JUODA EKO ODIN\u0116 pavar\u0173 perjungimo svirtis + JUODA gaubto apdaila su r\u0117mu, 5 GREI\u010cIAI - Erformance.eu\",\"isPartOf\":{\"@id\":\"https:\\\/\\\/erformance.eu\\\/et\\\/#website\"},\"primaryImageOfPage\":{\"@id\":\"https:\\\/\\\/erformance.eu\\\/et\\\/toode\\\/bmw-5-e34-87-96-juoda-eko-odine-pavaru-perjungimo-svirtis-juoda-gaubto-apdaila-su-remu-5-greiciai\\\/#primaryimage\"},\"image\":{\"@id\":\"https:\\\/\\\/erformance.eu\\\/et\\\/toode\\\/bmw-5-e34-87-96-juoda-eko-odine-pavaru-perjungimo-svirtis-juoda-gaubto-apdaila-su-remu-5-greiciai\\\/#primaryimage\"},\"thumbnailUrl\":\"https:\\\/\\\/erformance.eu\\\/wp-content\\\/uploads\\\/2026\\\/01\\\/pol_pm_BMW-5-E34-87-96-galka-zmiany-biegow-CZARNA-EKOSKORA-mieszek-CZARNY-z-ramka-5-BIEGOW-30947_1.jpg\",\"datePublished\":\"2026-01-09T08:41:46+00:00\",\"dateModified\":\"2026-02-24T10:53:57+00:00\",\"breadcrumb\":{\"@id\":\"https:\\\/\\\/erformance.eu\\\/et\\\/toode\\\/bmw-5-e34-87-96-juoda-eko-odine-pavaru-perjungimo-svirtis-juoda-gaubto-apdaila-su-remu-5-greiciai\\\/#breadcrumb\"},\"inLanguage\":\"et\",\"potentialAction\":[{\"@type\":\"ReadAction\",\"target\":[\"https:\\\/\\\/erformance.eu\\\/et\\\/toode\\\/bmw-5-e34-87-96-juoda-eko-odine-pavaru-perjungimo-svirtis-juoda-gaubto-apdaila-su-remu-5-greiciai\\\/\"]}]},{\"@type\":\"ImageObject\",\"inLanguage\":\"et\",\"@id\":\"https:\\\/\\\/erformance.eu\\\/et\\\/toode\\\/bmw-5-e34-87-96-juoda-eko-odine-pavaru-perjungimo-svirtis-juoda-gaubto-apdaila-su-remu-5-greiciai\\\/#primaryimage\",\"url\":\"https:\\\/\\\/erformance.eu\\\/wp-content\\\/uploads\\\/2026\\\/01\\\/pol_pm_BMW-5-E34-87-96-galka-zmiany-biegow-CZARNA-EKOSKORA-mieszek-CZARNY-z-ramka-5-BIEGOW-30947_1.jpg\",\"contentUrl\":\"https:\\\/\\\/erformance.eu\\\/wp-content\\\/uploads\\\/2026\\\/01\\\/pol_pm_BMW-5-E34-87-96-galka-zmiany-biegow-CZARNA-EKOSKORA-mieszek-CZARNY-z-ramka-5-BIEGOW-30947_1.jpg\",\"width\":1200,\"height\":1200},{\"@type\":\"BreadcrumbList\",\"@id\":\"https:\\\/\\\/erformance.eu\\\/et\\\/toode\\\/bmw-5-e34-87-96-juoda-eko-odine-pavaru-perjungimo-svirtis-juoda-gaubto-apdaila-su-remu-5-greiciai\\\/#breadcrumb\",\"itemListElement\":[{\"@type\":\"ListItem\",\"position\":1,\"name\":\"Home\",\"item\":\"https:\\\/\\\/erformance.eu\\\/et\\\/\"},{\"@type\":\"ListItem\",\"position\":2,\"name\":\"Pood\",\"item\":\"https:\\\/\\\/erformance.eu\\\/et\\\/pood\\\/\"},{\"@type\":\"ListItem\",\"position\":3,\"name\":\"BMW 5 E34 87-96 JUODA EKO ODIN\u0116 pavar\u0173 perjungimo svirtis + JUODA gaubto apdaila su r\u0117mu, 5 GREI\u010cIAI\"}]},{\"@type\":\"WebSite\",\"@id\":\"https:\\\/\\\/erformance.eu\\\/et\\\/#website\",\"url\":\"https:\\\/\\\/erformance.eu\\\/et\\\/\",\"name\":\"Erformance.eu\",\"description\":\"Automobili\u0173 dali\u0173 parduotuv\u0117\",\"potentialAction\":[{\"@type\":\"SearchAction\",\"target\":{\"@type\":\"EntryPoint\",\"urlTemplate\":\"https:\\\/\\\/erformance.eu\\\/et\\\/?s={search_term_string}\"},\"query-input\":{\"@type\":\"PropertyValueSpecification\",\"valueRequired\":true,\"valueName\":\"search_term_string\"}}],\"inLanguage\":\"et\"}]}<\/script>\n<!-- \/ Yoast SEO Premium plugin. -->","yoast_head_json":{"title":"BMW 5 E34 87-96 JUODA EKO ODIN\u0116 pavar\u0173 perjungimo svirtis + JUODA gaubto apdaila su r\u0117mu, 5 GREI\u010cIAI - Erformance.eu","robots":{"index":"index","follow":"follow","max-snippet":"max-snippet:-1","max-image-preview":"max-image-preview:large","max-video-preview":"max-video-preview:-1"},"canonical":"https:\/\/erformance.eu\/et\/toode\/bmw-5-e34-87-96-juoda-eko-odine-pavaru-perjungimo-svirtis-juoda-gaubto-apdaila-su-remu-5-greiciai\/","og_locale":"et_EE","og_type":"article","og_title":"BMW 5 E34 87-96 JUODA EKO ODIN\u0116 pavar\u0173 perjungimo svirtis + JUODA gaubto apdaila su r\u0117mu, 5 GREI\u010cIAI","og_description":"1. Prek\u0117 \u2013 Pavar\u0173 perjungimo svirtis + apsaugin\u0117 danga su r\u0117mu 2. Spalva: juoda eko oda 3. Tiek\u0117jas - ERformance 4. Tinkama:, BMW 3 E30 82\u201394, BMW 3 E36 90-00, BMW 5 E34 87-96, BMW 7 E32 85-94","og_url":"https:\/\/erformance.eu\/et\/toode\/bmw-5-e34-87-96-juoda-eko-odine-pavaru-perjungimo-svirtis-juoda-gaubto-apdaila-su-remu-5-greiciai\/","og_site_name":"Erformance.eu","article_modified_time":"2026-02-24T10:53:57+00:00","og_image":[{"width":1200,"height":1200,"url":"https:\/\/erformance.eu\/wp-content\/uploads\/2026\/01\/pol_pm_BMW-5-E34-87-96-galka-zmiany-biegow-CZARNA-EKOSKORA-mieszek-CZARNY-z-ramka-5-BIEGOW-30947_1.jpg","type":"image\/jpeg"}],"twitter_card":"summary_large_image","twitter_misc":{"Est. reading time":"1 minut"},"schema":{"@context":"https:\/\/schema.org","@graph":[{"@type":"WebPage","@id":"https:\/\/erformance.eu\/et\/toode\/bmw-5-e34-87-96-juoda-eko-odine-pavaru-perjungimo-svirtis-juoda-gaubto-apdaila-su-remu-5-greiciai\/","url":"https:\/\/erformance.eu\/et\/toode\/bmw-5-e34-87-96-juoda-eko-odine-pavaru-perjungimo-svirtis-juoda-gaubto-apdaila-su-remu-5-greiciai\/","name":"BMW 5 E34 87-96 JUODA EKO ODIN\u0116 pavar\u0173 perjungimo svirtis + JUODA gaubto apdaila su r\u0117mu, 5 GREI\u010cIAI - Erformance.eu","isPartOf":{"@id":"https:\/\/erformance.eu\/et\/#website"},"primaryImageOfPage":{"@id":"https:\/\/erformance.eu\/et\/toode\/bmw-5-e34-87-96-juoda-eko-odine-pavaru-perjungimo-svirtis-juoda-gaubto-apdaila-su-remu-5-greiciai\/#primaryimage"},"image":{"@id":"https:\/\/erformance.eu\/et\/toode\/bmw-5-e34-87-96-juoda-eko-odine-pavaru-perjungimo-svirtis-juoda-gaubto-apdaila-su-remu-5-greiciai\/#primaryimage"},"thumbnailUrl":"https:\/\/erformance.eu\/wp-content\/uploads\/2026\/01\/pol_pm_BMW-5-E34-87-96-galka-zmiany-biegow-CZARNA-EKOSKORA-mieszek-CZARNY-z-ramka-5-BIEGOW-30947_1.jpg","datePublished":"2026-01-09T08:41:46+00:00","dateModified":"2026-02-24T10:53:57+00:00","breadcrumb":{"@id":"https:\/\/erformance.eu\/et\/toode\/bmw-5-e34-87-96-juoda-eko-odine-pavaru-perjungimo-svirtis-juoda-gaubto-apdaila-su-remu-5-greiciai\/#breadcrumb"},"inLanguage":"et","potentialAction":[{"@type":"ReadAction","target":["https:\/\/erformance.eu\/et\/toode\/bmw-5-e34-87-96-juoda-eko-odine-pavaru-perjungimo-svirtis-juoda-gaubto-apdaila-su-remu-5-greiciai\/"]}]},{"@type":"ImageObject","inLanguage":"et","@id":"https:\/\/erformance.eu\/et\/toode\/bmw-5-e34-87-96-juoda-eko-odine-pavaru-perjungimo-svirtis-juoda-gaubto-apdaila-su-remu-5-greiciai\/#primaryimage","url":"https:\/\/erformance.eu\/wp-content\/uploads\/2026\/01\/pol_pm_BMW-5-E34-87-96-galka-zmiany-biegow-CZARNA-EKOSKORA-mieszek-CZARNY-z-ramka-5-BIEGOW-30947_1.jpg","contentUrl":"https:\/\/erformance.eu\/wp-content\/uploads\/2026\/01\/pol_pm_BMW-5-E34-87-96-galka-zmiany-biegow-CZARNA-EKOSKORA-mieszek-CZARNY-z-ramka-5-BIEGOW-30947_1.jpg","width":1200,"height":1200},{"@type":"BreadcrumbList","@id":"https:\/\/erformance.eu\/et\/toode\/bmw-5-e34-87-96-juoda-eko-odine-pavaru-perjungimo-svirtis-juoda-gaubto-apdaila-su-remu-5-greiciai\/#breadcrumb","itemListElement":[{"@type":"ListItem","position":1,"name":"Home","item":"https:\/\/erformance.eu\/et\/"},{"@type":"ListItem","position":2,"name":"Pood","item":"https:\/\/erformance.eu\/et\/pood\/"},{"@type":"ListItem","position":3,"name":"BMW 5 E34 87-96 JUODA EKO ODIN\u0116 pavar\u0173 perjungimo svirtis + JUODA gaubto apdaila su r\u0117mu, 5 GREI\u010cIAI"}]},{"@type":"WebSite","@id":"https:\/\/erformance.eu\/et\/#website","url":"https:\/\/erformance.eu\/et\/","name":"Erformance.eu","description":"Automobili\u0173 dali\u0173 parduotuv\u0117","potentialAction":[{"@type":"SearchAction","target":{"@type":"EntryPoint","urlTemplate":"https:\/\/erformance.eu\/et\/?s={search_term_string}"},"query-input":{"@type":"PropertyValueSpecification","valueRequired":true,"valueName":"search_term_string"}}],"inLanguage":"et"}]}},"jetpack_sharing_enabled":true,"_links":{"self":[{"href":"https:\/\/erformance.eu\/et\/wp-json\/wp\/v2\/product\/48389","targetHints":{"allow":["GET"]}}],"collection":[{"href":"https:\/\/erformance.eu\/et\/wp-json\/wp\/v2\/product"}],"about":[{"href":"https:\/\/erformance.eu\/et\/wp-json\/wp\/v2\/types\/product"}],"replies":[{"embeddable":true,"href":"https:\/\/erformance.eu\/et\/wp-json\/wp\/v2\/comments?post=48389"}],"version-history":[{"count":1,"href":"https:\/\/erformance.eu\/et\/wp-json\/wp\/v2\/product\/48389\/revisions"}],"predecessor-version":[{"id":48400,"href":"https:\/\/erformance.eu\/et\/wp-json\/wp\/v2\/product\/48389\/revisions\/48400"}],"wp:featuredmedia":[{"embeddable":true,"href":"https:\/\/erformance.eu\/et\/wp-json\/wp\/v2\/media\/48390"}],"wp:attachment":[{"href":"https:\/\/erformance.eu\/et\/wp-json\/wp\/v2\/media?parent=48389"}],"wp:term":[{"taxonomy":"product_brand","embeddable":true,"href":"https:\/\/erformance.eu\/et\/wp-json\/wp\/v2\/product_brand?post=48389"},{"taxonomy":"product_cat","embeddable":true,"href":"https:\/\/erformance.eu\/et\/wp-json\/wp\/v2\/product_cat?post=48389"},{"taxonomy":"product_tag","embeddable":true,"href":"https:\/\/erformance.eu\/et\/wp-json\/wp\/v2\/product_tag?post=48389"}],"curies":[{"name":"wp","href":"https:\/\/api.w.org\/{rel}","templated":true}]}}