{"id":48413,"date":"2026-01-09T11:41:54","date_gmt":"2026-01-09T08:41:54","guid":{"rendered":"https:\/\/erformance.eu\/?post_type=product&#038;p=48413"},"modified":"2026-03-02T19:09:26","modified_gmt":"2026-03-02T16:09:26","slug":"bmw-7-e32-85-94-led-soniniu-posukiu-zibintu-rinkinys-smoked-dynamic-2-vnt","status":"publish","type":"product","link":"https:\/\/erformance.eu\/et\/toode\/bmw-7-e32-85-94-led-soniniu-posukiu-zibintu-rinkinys-smoked-dynamic-2-vnt\/","title":{"rendered":"BMW 7 E32 85-94 LED \u0161onini\u0173 pos\u016bki\u0173 \u017eibint\u0173 rinkinys SMOKED DYNAMIC, 2 vnt."},"content":{"rendered":"","protected":false},"excerpt":{"rendered":"<p>1. Prek\u0117 \u2013 1 pora (2 vnt.) dinamini\u0173 LED \u0161onini\u0173 pos\u016bkio signal\u0173<br \/>\n2. \u0160onin\u0117 pus\u0117: kair\u0117 + de\u0161in\u0117<br \/>\n3. Tiek\u0117jas &#8211; ERformance<br \/>\n4. Tinkama:, BMW 3 E36 90-96, BMW 5 E34 87-96, BMW 7 E32 85-94<\/p>\n","protected":false},"featured_media":48414,"comment_status":"open","ping_status":"closed","template":"","meta":[],"product_brand":[],"product_cat":[367],"product_tag":[],"class_list":{"0":"post-48413","1":"product","2":"type-product","3":"status-publish","4":"has-post-thumbnail","6":"product_cat-e32","8":"first","9":"instock","10":"shipping-taxable","11":"purchasable","12":"product-type-simple"},"yoast_head":"<!-- This site is optimized with the Yoast SEO Premium plugin v25.2 (Yoast SEO v27.6) - https:\/\/yoast.com\/product\/yoast-seo-premium-wordpress\/ -->\n<title>BMW 7 E32 85-94 LED \u0161onini\u0173 pos\u016bki\u0173 \u017eibint\u0173 rinkinys SMOKED DYNAMIC, 2 vnt. - Erformance.eu<\/title>\n<meta name=\"robots\" content=\"index, follow, max-snippet:-1, max-image-preview:large, max-video-preview:-1\" \/>\n<link rel=\"canonical\" href=\"https:\/\/erformance.eu\/et\/toode\/bmw-7-e32-85-94-led-soniniu-posukiu-zibintu-rinkinys-smoked-dynamic-2-vnt\/\" \/>\n<meta property=\"og:locale\" content=\"et_EE\" \/>\n<meta property=\"og:type\" content=\"article\" \/>\n<meta property=\"og:title\" content=\"BMW 7 E32 85-94 LED \u0161onini\u0173 pos\u016bki\u0173 \u017eibint\u0173 rinkinys SMOKED DYNAMIC, 2 vnt.\" \/>\n<meta property=\"og:description\" content=\"1. Prek\u0117 \u2013 1 pora (2 vnt.) dinamini\u0173 LED \u0161onini\u0173 pos\u016bkio signal\u0173 2. \u0160onin\u0117 pus\u0117: kair\u0117 + de\u0161in\u0117 3. Tiek\u0117jas - ERformance 4. Tinkama:, BMW 3 E36 90-96, BMW 5 E34 87-96, BMW 7 E32 85-94\" \/>\n<meta property=\"og:url\" content=\"https:\/\/erformance.eu\/et\/toode\/bmw-7-e32-85-94-led-soniniu-posukiu-zibintu-rinkinys-smoked-dynamic-2-vnt\/\" \/>\n<meta property=\"og:site_name\" content=\"Erformance.eu\" \/>\n<meta property=\"article:modified_time\" content=\"2026-03-02T16:09:26+00:00\" \/>\n<meta property=\"og:image\" content=\"https:\/\/erformance.eu\/wp-content\/uploads\/2026\/01\/pol_pm_BMW-7-E32-85-94-kierunkowskaz-boczny-LED-DYMIONY-DYNAMICZNY-2-szt-KPL-24931_3.jpg\" \/>\n\t<meta property=\"og:image:width\" content=\"1200\" \/>\n\t<meta property=\"og:image:height\" content=\"1200\" \/>\n\t<meta property=\"og:image:type\" content=\"image\/jpeg\" \/>\n<meta name=\"twitter:card\" content=\"summary_large_image\" \/>\n<meta name=\"twitter:label1\" content=\"Est. reading time\" \/>\n\t<meta name=\"twitter:data1\" content=\"1 minut\" \/>\n<script type=\"application\/ld+json\" class=\"yoast-schema-graph\">{\"@context\":\"https:\\\/\\\/schema.org\",\"@graph\":[{\"@type\":\"WebPage\",\"@id\":\"https:\\\/\\\/erformance.eu\\\/et\\\/toode\\\/bmw-7-e32-85-94-led-soniniu-posukiu-zibintu-rinkinys-smoked-dynamic-2-vnt\\\/\",\"url\":\"https:\\\/\\\/erformance.eu\\\/et\\\/toode\\\/bmw-7-e32-85-94-led-soniniu-posukiu-zibintu-rinkinys-smoked-dynamic-2-vnt\\\/\",\"name\":\"BMW 7 E32 85-94 LED \u0161onini\u0173 pos\u016bki\u0173 \u017eibint\u0173 rinkinys SMOKED DYNAMIC, 2 vnt. - Erformance.eu\",\"isPartOf\":{\"@id\":\"https:\\\/\\\/erformance.eu\\\/et\\\/#website\"},\"primaryImageOfPage\":{\"@id\":\"https:\\\/\\\/erformance.eu\\\/et\\\/toode\\\/bmw-7-e32-85-94-led-soniniu-posukiu-zibintu-rinkinys-smoked-dynamic-2-vnt\\\/#primaryimage\"},\"image\":{\"@id\":\"https:\\\/\\\/erformance.eu\\\/et\\\/toode\\\/bmw-7-e32-85-94-led-soniniu-posukiu-zibintu-rinkinys-smoked-dynamic-2-vnt\\\/#primaryimage\"},\"thumbnailUrl\":\"https:\\\/\\\/erformance.eu\\\/wp-content\\\/uploads\\\/2026\\\/01\\\/pol_pm_BMW-7-E32-85-94-kierunkowskaz-boczny-LED-DYMIONY-DYNAMICZNY-2-szt-KPL-24931_3.jpg\",\"datePublished\":\"2026-01-09T08:41:54+00:00\",\"dateModified\":\"2026-03-02T16:09:26+00:00\",\"breadcrumb\":{\"@id\":\"https:\\\/\\\/erformance.eu\\\/et\\\/toode\\\/bmw-7-e32-85-94-led-soniniu-posukiu-zibintu-rinkinys-smoked-dynamic-2-vnt\\\/#breadcrumb\"},\"inLanguage\":\"et\",\"potentialAction\":[{\"@type\":\"ReadAction\",\"target\":[\"https:\\\/\\\/erformance.eu\\\/et\\\/toode\\\/bmw-7-e32-85-94-led-soniniu-posukiu-zibintu-rinkinys-smoked-dynamic-2-vnt\\\/\"]}]},{\"@type\":\"ImageObject\",\"inLanguage\":\"et\",\"@id\":\"https:\\\/\\\/erformance.eu\\\/et\\\/toode\\\/bmw-7-e32-85-94-led-soniniu-posukiu-zibintu-rinkinys-smoked-dynamic-2-vnt\\\/#primaryimage\",\"url\":\"https:\\\/\\\/erformance.eu\\\/wp-content\\\/uploads\\\/2026\\\/01\\\/pol_pm_BMW-7-E32-85-94-kierunkowskaz-boczny-LED-DYMIONY-DYNAMICZNY-2-szt-KPL-24931_3.jpg\",\"contentUrl\":\"https:\\\/\\\/erformance.eu\\\/wp-content\\\/uploads\\\/2026\\\/01\\\/pol_pm_BMW-7-E32-85-94-kierunkowskaz-boczny-LED-DYMIONY-DYNAMICZNY-2-szt-KPL-24931_3.jpg\",\"width\":1200,\"height\":1200},{\"@type\":\"BreadcrumbList\",\"@id\":\"https:\\\/\\\/erformance.eu\\\/et\\\/toode\\\/bmw-7-e32-85-94-led-soniniu-posukiu-zibintu-rinkinys-smoked-dynamic-2-vnt\\\/#breadcrumb\",\"itemListElement\":[{\"@type\":\"ListItem\",\"position\":1,\"name\":\"Home\",\"item\":\"https:\\\/\\\/erformance.eu\\\/et\\\/\"},{\"@type\":\"ListItem\",\"position\":2,\"name\":\"Pood\",\"item\":\"https:\\\/\\\/erformance.eu\\\/et\\\/pood\\\/\"},{\"@type\":\"ListItem\",\"position\":3,\"name\":\"BMW 7 E32 85-94 LED \u0161onini\u0173 pos\u016bki\u0173 \u017eibint\u0173 rinkinys SMOKED DYNAMIC, 2 vnt.\"}]},{\"@type\":\"WebSite\",\"@id\":\"https:\\\/\\\/erformance.eu\\\/et\\\/#website\",\"url\":\"https:\\\/\\\/erformance.eu\\\/et\\\/\",\"name\":\"Erformance.eu\",\"description\":\"Automobili\u0173 dali\u0173 parduotuv\u0117\",\"potentialAction\":[{\"@type\":\"SearchAction\",\"target\":{\"@type\":\"EntryPoint\",\"urlTemplate\":\"https:\\\/\\\/erformance.eu\\\/et\\\/?s={search_term_string}\"},\"query-input\":{\"@type\":\"PropertyValueSpecification\",\"valueRequired\":true,\"valueName\":\"search_term_string\"}}],\"inLanguage\":\"et\"}]}<\/script>\n<!-- \/ Yoast SEO Premium plugin. -->","yoast_head_json":{"title":"BMW 7 E32 85-94 LED \u0161onini\u0173 pos\u016bki\u0173 \u017eibint\u0173 rinkinys SMOKED DYNAMIC, 2 vnt. - Erformance.eu","robots":{"index":"index","follow":"follow","max-snippet":"max-snippet:-1","max-image-preview":"max-image-preview:large","max-video-preview":"max-video-preview:-1"},"canonical":"https:\/\/erformance.eu\/et\/toode\/bmw-7-e32-85-94-led-soniniu-posukiu-zibintu-rinkinys-smoked-dynamic-2-vnt\/","og_locale":"et_EE","og_type":"article","og_title":"BMW 7 E32 85-94 LED \u0161onini\u0173 pos\u016bki\u0173 \u017eibint\u0173 rinkinys SMOKED DYNAMIC, 2 vnt.","og_description":"1. Prek\u0117 \u2013 1 pora (2 vnt.) dinamini\u0173 LED \u0161onini\u0173 pos\u016bkio signal\u0173 2. \u0160onin\u0117 pus\u0117: kair\u0117 + de\u0161in\u0117 3. Tiek\u0117jas - ERformance 4. Tinkama:, BMW 3 E36 90-96, BMW 5 E34 87-96, BMW 7 E32 85-94","og_url":"https:\/\/erformance.eu\/et\/toode\/bmw-7-e32-85-94-led-soniniu-posukiu-zibintu-rinkinys-smoked-dynamic-2-vnt\/","og_site_name":"Erformance.eu","article_modified_time":"2026-03-02T16:09:26+00:00","og_image":[{"width":1200,"height":1200,"url":"https:\/\/erformance.eu\/wp-content\/uploads\/2026\/01\/pol_pm_BMW-7-E32-85-94-kierunkowskaz-boczny-LED-DYMIONY-DYNAMICZNY-2-szt-KPL-24931_3.jpg","type":"image\/jpeg"}],"twitter_card":"summary_large_image","twitter_misc":{"Est. reading time":"1 minut"},"schema":{"@context":"https:\/\/schema.org","@graph":[{"@type":"WebPage","@id":"https:\/\/erformance.eu\/et\/toode\/bmw-7-e32-85-94-led-soniniu-posukiu-zibintu-rinkinys-smoked-dynamic-2-vnt\/","url":"https:\/\/erformance.eu\/et\/toode\/bmw-7-e32-85-94-led-soniniu-posukiu-zibintu-rinkinys-smoked-dynamic-2-vnt\/","name":"BMW 7 E32 85-94 LED \u0161onini\u0173 pos\u016bki\u0173 \u017eibint\u0173 rinkinys SMOKED DYNAMIC, 2 vnt. - Erformance.eu","isPartOf":{"@id":"https:\/\/erformance.eu\/et\/#website"},"primaryImageOfPage":{"@id":"https:\/\/erformance.eu\/et\/toode\/bmw-7-e32-85-94-led-soniniu-posukiu-zibintu-rinkinys-smoked-dynamic-2-vnt\/#primaryimage"},"image":{"@id":"https:\/\/erformance.eu\/et\/toode\/bmw-7-e32-85-94-led-soniniu-posukiu-zibintu-rinkinys-smoked-dynamic-2-vnt\/#primaryimage"},"thumbnailUrl":"https:\/\/erformance.eu\/wp-content\/uploads\/2026\/01\/pol_pm_BMW-7-E32-85-94-kierunkowskaz-boczny-LED-DYMIONY-DYNAMICZNY-2-szt-KPL-24931_3.jpg","datePublished":"2026-01-09T08:41:54+00:00","dateModified":"2026-03-02T16:09:26+00:00","breadcrumb":{"@id":"https:\/\/erformance.eu\/et\/toode\/bmw-7-e32-85-94-led-soniniu-posukiu-zibintu-rinkinys-smoked-dynamic-2-vnt\/#breadcrumb"},"inLanguage":"et","potentialAction":[{"@type":"ReadAction","target":["https:\/\/erformance.eu\/et\/toode\/bmw-7-e32-85-94-led-soniniu-posukiu-zibintu-rinkinys-smoked-dynamic-2-vnt\/"]}]},{"@type":"ImageObject","inLanguage":"et","@id":"https:\/\/erformance.eu\/et\/toode\/bmw-7-e32-85-94-led-soniniu-posukiu-zibintu-rinkinys-smoked-dynamic-2-vnt\/#primaryimage","url":"https:\/\/erformance.eu\/wp-content\/uploads\/2026\/01\/pol_pm_BMW-7-E32-85-94-kierunkowskaz-boczny-LED-DYMIONY-DYNAMICZNY-2-szt-KPL-24931_3.jpg","contentUrl":"https:\/\/erformance.eu\/wp-content\/uploads\/2026\/01\/pol_pm_BMW-7-E32-85-94-kierunkowskaz-boczny-LED-DYMIONY-DYNAMICZNY-2-szt-KPL-24931_3.jpg","width":1200,"height":1200},{"@type":"BreadcrumbList","@id":"https:\/\/erformance.eu\/et\/toode\/bmw-7-e32-85-94-led-soniniu-posukiu-zibintu-rinkinys-smoked-dynamic-2-vnt\/#breadcrumb","itemListElement":[{"@type":"ListItem","position":1,"name":"Home","item":"https:\/\/erformance.eu\/et\/"},{"@type":"ListItem","position":2,"name":"Pood","item":"https:\/\/erformance.eu\/et\/pood\/"},{"@type":"ListItem","position":3,"name":"BMW 7 E32 85-94 LED \u0161onini\u0173 pos\u016bki\u0173 \u017eibint\u0173 rinkinys SMOKED DYNAMIC, 2 vnt."}]},{"@type":"WebSite","@id":"https:\/\/erformance.eu\/et\/#website","url":"https:\/\/erformance.eu\/et\/","name":"Erformance.eu","description":"Automobili\u0173 dali\u0173 parduotuv\u0117","potentialAction":[{"@type":"SearchAction","target":{"@type":"EntryPoint","urlTemplate":"https:\/\/erformance.eu\/et\/?s={search_term_string}"},"query-input":{"@type":"PropertyValueSpecification","valueRequired":true,"valueName":"search_term_string"}}],"inLanguage":"et"}]}},"jetpack_sharing_enabled":true,"_links":{"self":[{"href":"https:\/\/erformance.eu\/et\/wp-json\/wp\/v2\/product\/48413","targetHints":{"allow":["GET"]}}],"collection":[{"href":"https:\/\/erformance.eu\/et\/wp-json\/wp\/v2\/product"}],"about":[{"href":"https:\/\/erformance.eu\/et\/wp-json\/wp\/v2\/types\/product"}],"replies":[{"embeddable":true,"href":"https:\/\/erformance.eu\/et\/wp-json\/wp\/v2\/comments?post=48413"}],"version-history":[{"count":2,"href":"https:\/\/erformance.eu\/et\/wp-json\/wp\/v2\/product\/48413\/revisions"}],"predecessor-version":[{"id":65661,"href":"https:\/\/erformance.eu\/et\/wp-json\/wp\/v2\/product\/48413\/revisions\/65661"}],"wp:featuredmedia":[{"embeddable":true,"href":"https:\/\/erformance.eu\/et\/wp-json\/wp\/v2\/media\/48414"}],"wp:attachment":[{"href":"https:\/\/erformance.eu\/et\/wp-json\/wp\/v2\/media?parent=48413"}],"wp:term":[{"taxonomy":"product_brand","embeddable":true,"href":"https:\/\/erformance.eu\/et\/wp-json\/wp\/v2\/product_brand?post=48413"},{"taxonomy":"product_cat","embeddable":true,"href":"https:\/\/erformance.eu\/et\/wp-json\/wp\/v2\/product_cat?post=48413"},{"taxonomy":"product_tag","embeddable":true,"href":"https:\/\/erformance.eu\/et\/wp-json\/wp\/v2\/product_tag?post=48413"}],"curies":[{"name":"wp","href":"https:\/\/api.w.org\/{rel}","templated":true}]}}