{"id":56212,"date":"2026-02-16T14:15:13","date_gmt":"2026-02-16T11:15:13","guid":{"rendered":"https:\/\/erformance.eu\/?post_type=product&#038;p=56212"},"modified":"2026-03-05T18:59:07","modified_gmt":"2026-03-05T15:59:07","slug":"audi-a1-8x-a3-8v-q2-ga-q3-8u-uzvedimo-jungiklis-pilnas-2-raktu-komplektas","status":"publish","type":"product","link":"https:\/\/erformance.eu\/et\/toode\/audi-a1-8x-a3-8v-q2-ga-q3-8u-uzvedimo-jungiklis-pilnas-2-raktu-komplektas\/","title":{"rendered":"Audi A1 8X A3 8V Q2 GA Q3 8U u\u017evedimo jungiklis pilnas + 2 rakt\u0173 komplektas"},"content":{"rendered":"<p>Prek\u0117: pilnas u\u017edegimo jungiklis (korpusas + vairo kolon\u0117l\u0117s u\u017eraktas + \u012fd\u0117klas su 2 raktais)<br \/>\nOriginalus numeris:<\/p>\n<p>1K0905851<br \/>\n1K0905851A<br \/>\n1K0905851B<br \/>\n1K0905841<br \/>\n1K0905865<br \/>\n5K0837202<br \/>\n5Q0953521E<br \/>\n5Q0953521F<br \/>\n6RA905865<br \/>\n8E0905855A<\/p>\n<p>PASTABA: auk\u0161\u010diau pateikti numeriai yra original\u016bs dali\u0173 numeriai, kuriuos \u0161is pasi\u016blymas pakei\u010dia. Prie\u0161 pirkdami, palyginkite juos su originaliu dalies numeriu. Jei jie skiriasi net vienu simboliu, dalis netiks, neveiks arba veiks netinkamai. Tokiu atveju jos nepirkite.<br \/>\nAutomobilis:<\/p>\n<p>Audi A1 (8X1, 8XK), pagaminimo metai: 2010\u20132018<br \/>\n\u201eAudi A1 Sportback\u201c (8XA, 8XF), pagaminimo metai: 2011\u20132018<br \/>\nAudi A3 (8V1, 8VK), pagaminimo metai: 2012\u20132020<br \/>\n\u201eAudi A3\u201c kabrioletas (8V7, 8VE), modeliai, pagaminti nuo 2013 m.<br \/>\n\u201eAudi A3 Limousine\u201c (8VS, 8VM), modeliai, pagaminti nuo 2013 m.<br \/>\nAudi A3 Sportback (8VA, 8VF), pagaminimo metai: 2012\u20132020<br \/>\n\u201eAudi Q2\u201c (GAB, GAG), modeliai, pagaminti nuo 2016 m.<br \/>\n\u201eAudi Q3\u201c (8UB, 8UG), pagaminimo metai: 2011\u20132020<br \/>\nSeat ALHAMBRA (710, 711), pagaminimo metai: 2010\u20132022<br \/>\n\u201eSeat ALTEA\u201c (5P1), modeliai, pagaminti nuo 2004 m.<br \/>\n\u201eSeat ALTEA XL\u201c (5P5, 5P8), modeliai, pagaminti nuo 2006 m.<br \/>\n\u201eSeat ATECA\u201c (KH7, KHP), modeliai, pagaminti nuo 2016 m.<br \/>\nSeat LEON (1P1), pagaminimo metai: 2005\u20132013<br \/>\nSeat LEON (5F1), pagaminimo metai: 2012\u20132021<br \/>\n\u201eSeat LEON SC\u201c (5F5), pagaminimo metai: 2013\u20132018<br \/>\nSeat LEON ST (5F8), pagaminimo metai: 2012\u20132020<br \/>\n\u201eSeat LEON ST\u201c furgonas\/universalas (5F8), pagaminimo metai: 2013\u20132020<br \/>\n\u0160koda FABIA III (NJ3), pagaminimo metai: 2014\u20132021<br \/>\nSkoda FABIA III Kombi (NJ5), gamybos metai: 2014-2022<br \/>\n\u201eSkoda KODIAQ\u201c (NS7, NV7, NS6), modeliai, pagaminti nuo 2016 m.<br \/>\n\u0160koda OCTAVIA II (1Z3), pagaminimo metai: 2004\u20132013<br \/>\n\u201eSkoda OCTAVIA II Combi\u201c (1Z5), pagaminimo metai: 2004\u20132013<br \/>\n\u0160koda OCTAVIA III (5E3, NL3, NR3), pagaminimo metai: 2012\u20132021<br \/>\n\u0160koda OCTAVIA III Combi (5E5, 5E6), pagaminimo metai: 2012\u20132020<br \/>\n\u201eSkoda SUPERB II\u201c (3T4), pagaminimo metai: 2008\u20132015<br \/>\n\u201eSkoda SUPERB II\u201c universalas (3T5), pagaminimo metai: 2009\u20132015<br \/>\n\u201eSkoda SUPERB III\u201c (3V3), modeliai, pagaminti nuo 2015 m.<br \/>\n\u201eSkoda SUPERB III Kombi\u201c (3V5), modeliai, pagaminti nuo 2015 m.<br \/>\nSkoda YETI (5L), gamybos metai: 2009-2017<br \/>\nVolkswagen BEETLE (5C1, 5C2), pagaminimo metai: 2011\u20132019<br \/>\nVolkswagen BEETLE kabrioletas (5C7, 5C8), pagaminimo metai: 2011\u20132019<br \/>\nVolkswagen CADDY ALLTRACK Furgonas\/minivenas (SAA), modeliai gaminami nuo 2015 m<br \/>\nVolkswagen CADDY ALLTRACK MPV (SAB), modeliai, pagaminti nuo 2015 m.<br \/>\nVolkswagen CADDY III furgonas\/vienbutis (2KA, 2KH, 2CA, 2CH), pagaminimo metai: 2004-2015<br \/>\nVolkswagen CADDY III vienat\u016bris (2KB, 2KJ, 2CB), pagaminimo metai: 2004\u20132015<br \/>\nVolkswagen CADDY IV furgonas\/minivenas (SAA, SAH), modeliai gaminami nuo 2015 m<br \/>\nVolkswagen CADDY IV vienat\u016bris (SAB, SAJ), modeliai, pagaminti nuo 2015 m.<br \/>\n\u201eVolkswagen EOS\u201c (1F7, 1F8), gamybos metai: 2006\u20132015<br \/>\n\u201eVolkswagen GOLF ALLTRACK VII Variant\u201c (BA5, BV5), modeliai, pagaminti nuo 2014 m.<br \/>\nVolkswagen GOLF PLUS V (5M1, 521), pagaminimo metai: 2004\u20132013<br \/>\nVolkswagen GOLF SPORTSVAN VII (AM1, AN1), pagaminimo metai: 2014\u20132020<br \/>\nVolkswagen GOLF VI (5K1), pagaminimo metai: 2008\u20132014<br \/>\nVolkswagen GOLF VI kabrioletas (517), pagaminimo metai: 2011\u20132016<br \/>\nVolkswagen GOLF VI Variant (AJ5), pagaminimo metai: 2009\u20132014<br \/>\nVolkswagen GOLF VII (5G1, BQ1, BE1, BE2), pagaminimo metai: 2012\u20132021<br \/>\n\u201eVolkswagen GOLF VII Variant\u201c (BA5, BV5), modeliai, pagaminti nuo 2013 m.<br \/>\nVolkswagen JETTA IV (162, 163, AV3, AV2), modeliai, pagaminti nuo 2008 m.<br \/>\nVolkswagen SCIROCCO III (137, 138), pagaminimo metai: 2008\u20132017<br \/>\nVolkswagen SHARAN (7N1, 7N2), pagaminimo metai: 2010\u20132022<br \/>\nVolkswagen TIGUAN (5N_), gamybos metai: 2007\u20132018<br \/>\nVolkswagen TIGUAN (AD1, AX1), modeliai, pagaminti nuo 2016 m.<br \/>\nVolkswagen TOURAN (1T1, 1T2), gamybos metai: 2003\u20132010<br \/>\nVolkswagen TOURAN (1T3), gamybos metai: 2010\u20132015<br \/>\nVolkswagen TOURAN (5T1), modeliai, pagaminti nuo 2015 m.<\/p>\n<p>Gamintojas: pakaitalas<br \/>\nTechnin\u0117 b\u016bkl\u0117: prek\u0117 yra visi\u0161kai nauja, nenaudota, nepa\u017eeista ir nesugadinta<\/p>\n","protected":false},"excerpt":{"rendered":"<p>1. Prek\u0117: u\u017edegimo jungiklis2. Gamintojas: pakeitimas3. Automobilis:* Audi A1 8X 10-18* Audi A3 8V 2012-* Audi Q2 GA 2016-* Audi Q3 8U 11-20<\/p>\n","protected":false},"featured_media":49203,"comment_status":"open","ping_status":"closed","template":"","meta":[],"product_brand":[],"product_cat":[3927,3907,3902,392,186,144,3926,397,398,4761,4736,4741,4760,4006,3981,3986,4005],"product_tag":[],"class_list":{"0":"post-56212","1":"product","2":"type-product","3":"status-publish","4":"has-post-thumbnail","6":"product_cat-audi-q3-8u","7":"product_cat-audi-a3-8v","8":"product_cat-audi-a1-8x","9":"product_cat-audi-a1","10":"product_cat-a3","11":"product_cat-audi","12":"product_cat-audi-q2-ga","13":"product_cat-audi-q2","14":"product_cat-audi-q3","15":"product_cat-audi-q3-8u-raktai-korpusai","16":"product_cat-audi-a1-8x-raktai-korpusai","17":"product_cat-audi-a3-8v-raktai-korpusai","18":"product_cat-audi-q2-ga-raktai-korpusai","19":"product_cat-audi-q3-8u-salono-dalys","20":"product_cat-audi-a1-8x-salono-dalys","21":"product_cat-audi-a3-8v-salono-dalys","22":"product_cat-audi-q2-ga-salono-dalys","24":"first","25":"instock","26":"shipping-taxable","27":"purchasable","28":"product-type-simple"},"yoast_head":"<!-- This site is optimized with the Yoast SEO Premium plugin v25.2 (Yoast SEO v27.4) - https:\/\/yoast.com\/product\/yoast-seo-premium-wordpress\/ -->\n<title>Audi A1 8X A3 8V Q2 GA Q3 8U u\u017evedimo jungiklis pilnas + 2 rakt\u0173 komplektas - Erformance.eu<\/title>\n<meta name=\"robots\" content=\"index, follow, max-snippet:-1, max-image-preview:large, max-video-preview:-1\" \/>\n<link rel=\"canonical\" href=\"https:\/\/erformance.eu\/et\/toode\/audi-a1-8x-a3-8v-q2-ga-q3-8u-uzvedimo-jungiklis-pilnas-2-raktu-komplektas\/\" \/>\n<meta property=\"og:locale\" content=\"et_EE\" \/>\n<meta property=\"og:type\" content=\"article\" \/>\n<meta property=\"og:title\" content=\"Audi A1 8X A3 8V Q2 GA Q3 8U u\u017evedimo jungiklis pilnas + 2 rakt\u0173 komplektas\" \/>\n<meta property=\"og:description\" content=\"1. Prek\u0117: u\u017edegimo jungiklis2. Gamintojas: pakeitimas3. Automobilis:* Audi A1 8X 10-18* Audi A3 8V 2012-* Audi Q2 GA 2016-* Audi Q3 8U 11-20\" \/>\n<meta property=\"og:url\" content=\"https:\/\/erformance.eu\/et\/toode\/audi-a1-8x-a3-8v-q2-ga-q3-8u-uzvedimo-jungiklis-pilnas-2-raktu-komplektas\/\" \/>\n<meta property=\"og:site_name\" content=\"Erformance.eu\" \/>\n<meta property=\"article:modified_time\" content=\"2026-03-05T15:59:07+00:00\" \/>\n<meta property=\"og:image\" content=\"https:\/\/erformance.eu\/wp-content\/uploads\/2026\/02\/pol_pm_Audi-A1-8X-A3-8V-Q2-GA-Q3-8U-stacyjka-kompletna-2-kluczyki-KPL-34001_1.jpg\" \/>\n\t<meta property=\"og:image:width\" content=\"1200\" \/>\n\t<meta property=\"og:image:height\" content=\"1200\" \/>\n\t<meta property=\"og:image:type\" content=\"image\/jpeg\" \/>\n<meta name=\"twitter:card\" content=\"summary_large_image\" \/>\n<meta name=\"twitter:label1\" content=\"Est. reading time\" \/>\n\t<meta name=\"twitter:data1\" content=\"2 minutit\" \/>\n<script type=\"application\/ld+json\" class=\"yoast-schema-graph\">{\"@context\":\"https:\\\/\\\/schema.org\",\"@graph\":[{\"@type\":\"WebPage\",\"@id\":\"https:\\\/\\\/erformance.eu\\\/et\\\/toode\\\/audi-a1-8x-a3-8v-q2-ga-q3-8u-uzvedimo-jungiklis-pilnas-2-raktu-komplektas\\\/\",\"url\":\"https:\\\/\\\/erformance.eu\\\/et\\\/toode\\\/audi-a1-8x-a3-8v-q2-ga-q3-8u-uzvedimo-jungiklis-pilnas-2-raktu-komplektas\\\/\",\"name\":\"Audi A1 8X A3 8V Q2 GA Q3 8U u\u017evedimo jungiklis pilnas + 2 rakt\u0173 komplektas - Erformance.eu\",\"isPartOf\":{\"@id\":\"https:\\\/\\\/erformance.eu\\\/et\\\/#website\"},\"primaryImageOfPage\":{\"@id\":\"https:\\\/\\\/erformance.eu\\\/et\\\/toode\\\/audi-a1-8x-a3-8v-q2-ga-q3-8u-uzvedimo-jungiklis-pilnas-2-raktu-komplektas\\\/#primaryimage\"},\"image\":{\"@id\":\"https:\\\/\\\/erformance.eu\\\/et\\\/toode\\\/audi-a1-8x-a3-8v-q2-ga-q3-8u-uzvedimo-jungiklis-pilnas-2-raktu-komplektas\\\/#primaryimage\"},\"thumbnailUrl\":\"https:\\\/\\\/erformance.eu\\\/wp-content\\\/uploads\\\/2026\\\/02\\\/pol_pm_Audi-A1-8X-A3-8V-Q2-GA-Q3-8U-stacyjka-kompletna-2-kluczyki-KPL-34001_1.jpg\",\"datePublished\":\"2026-02-16T11:15:13+00:00\",\"dateModified\":\"2026-03-05T15:59:07+00:00\",\"breadcrumb\":{\"@id\":\"https:\\\/\\\/erformance.eu\\\/et\\\/toode\\\/audi-a1-8x-a3-8v-q2-ga-q3-8u-uzvedimo-jungiklis-pilnas-2-raktu-komplektas\\\/#breadcrumb\"},\"inLanguage\":\"et\",\"potentialAction\":[{\"@type\":\"ReadAction\",\"target\":[\"https:\\\/\\\/erformance.eu\\\/et\\\/toode\\\/audi-a1-8x-a3-8v-q2-ga-q3-8u-uzvedimo-jungiklis-pilnas-2-raktu-komplektas\\\/\"]}]},{\"@type\":\"ImageObject\",\"inLanguage\":\"et\",\"@id\":\"https:\\\/\\\/erformance.eu\\\/et\\\/toode\\\/audi-a1-8x-a3-8v-q2-ga-q3-8u-uzvedimo-jungiklis-pilnas-2-raktu-komplektas\\\/#primaryimage\",\"url\":\"https:\\\/\\\/erformance.eu\\\/wp-content\\\/uploads\\\/2026\\\/02\\\/pol_pm_Audi-A1-8X-A3-8V-Q2-GA-Q3-8U-stacyjka-kompletna-2-kluczyki-KPL-34001_1.jpg\",\"contentUrl\":\"https:\\\/\\\/erformance.eu\\\/wp-content\\\/uploads\\\/2026\\\/02\\\/pol_pm_Audi-A1-8X-A3-8V-Q2-GA-Q3-8U-stacyjka-kompletna-2-kluczyki-KPL-34001_1.jpg\",\"width\":1200,\"height\":1200},{\"@type\":\"BreadcrumbList\",\"@id\":\"https:\\\/\\\/erformance.eu\\\/et\\\/toode\\\/audi-a1-8x-a3-8v-q2-ga-q3-8u-uzvedimo-jungiklis-pilnas-2-raktu-komplektas\\\/#breadcrumb\",\"itemListElement\":[{\"@type\":\"ListItem\",\"position\":1,\"name\":\"Home\",\"item\":\"https:\\\/\\\/erformance.eu\\\/et\\\/\"},{\"@type\":\"ListItem\",\"position\":2,\"name\":\"Pood\",\"item\":\"https:\\\/\\\/erformance.eu\\\/et\\\/pood\\\/\"},{\"@type\":\"ListItem\",\"position\":3,\"name\":\"Audi A1 8X A3 8V Q2 GA Q3 8U u\u017evedimo jungiklis pilnas + 2 rakt\u0173 komplektas\"}]},{\"@type\":\"WebSite\",\"@id\":\"https:\\\/\\\/erformance.eu\\\/et\\\/#website\",\"url\":\"https:\\\/\\\/erformance.eu\\\/et\\\/\",\"name\":\"Erformance.eu\",\"description\":\"Automobili\u0173 dali\u0173 parduotuv\u0117\",\"potentialAction\":[{\"@type\":\"SearchAction\",\"target\":{\"@type\":\"EntryPoint\",\"urlTemplate\":\"https:\\\/\\\/erformance.eu\\\/et\\\/?s={search_term_string}\"},\"query-input\":{\"@type\":\"PropertyValueSpecification\",\"valueRequired\":true,\"valueName\":\"search_term_string\"}}],\"inLanguage\":\"et\"}]}<\/script>\n<!-- \/ Yoast SEO Premium plugin. -->","yoast_head_json":{"title":"Audi A1 8X A3 8V Q2 GA Q3 8U u\u017evedimo jungiklis pilnas + 2 rakt\u0173 komplektas - Erformance.eu","robots":{"index":"index","follow":"follow","max-snippet":"max-snippet:-1","max-image-preview":"max-image-preview:large","max-video-preview":"max-video-preview:-1"},"canonical":"https:\/\/erformance.eu\/et\/toode\/audi-a1-8x-a3-8v-q2-ga-q3-8u-uzvedimo-jungiklis-pilnas-2-raktu-komplektas\/","og_locale":"et_EE","og_type":"article","og_title":"Audi A1 8X A3 8V Q2 GA Q3 8U u\u017evedimo jungiklis pilnas + 2 rakt\u0173 komplektas","og_description":"1. Prek\u0117: u\u017edegimo jungiklis2. Gamintojas: pakeitimas3. Automobilis:* Audi A1 8X 10-18* Audi A3 8V 2012-* Audi Q2 GA 2016-* Audi Q3 8U 11-20","og_url":"https:\/\/erformance.eu\/et\/toode\/audi-a1-8x-a3-8v-q2-ga-q3-8u-uzvedimo-jungiklis-pilnas-2-raktu-komplektas\/","og_site_name":"Erformance.eu","article_modified_time":"2026-03-05T15:59:07+00:00","og_image":[{"width":1200,"height":1200,"url":"https:\/\/erformance.eu\/wp-content\/uploads\/2026\/02\/pol_pm_Audi-A1-8X-A3-8V-Q2-GA-Q3-8U-stacyjka-kompletna-2-kluczyki-KPL-34001_1.jpg","type":"image\/jpeg"}],"twitter_card":"summary_large_image","twitter_misc":{"Est. reading time":"2 minutit"},"schema":{"@context":"https:\/\/schema.org","@graph":[{"@type":"WebPage","@id":"https:\/\/erformance.eu\/et\/toode\/audi-a1-8x-a3-8v-q2-ga-q3-8u-uzvedimo-jungiklis-pilnas-2-raktu-komplektas\/","url":"https:\/\/erformance.eu\/et\/toode\/audi-a1-8x-a3-8v-q2-ga-q3-8u-uzvedimo-jungiklis-pilnas-2-raktu-komplektas\/","name":"Audi A1 8X A3 8V Q2 GA Q3 8U u\u017evedimo jungiklis pilnas + 2 rakt\u0173 komplektas - Erformance.eu","isPartOf":{"@id":"https:\/\/erformance.eu\/et\/#website"},"primaryImageOfPage":{"@id":"https:\/\/erformance.eu\/et\/toode\/audi-a1-8x-a3-8v-q2-ga-q3-8u-uzvedimo-jungiklis-pilnas-2-raktu-komplektas\/#primaryimage"},"image":{"@id":"https:\/\/erformance.eu\/et\/toode\/audi-a1-8x-a3-8v-q2-ga-q3-8u-uzvedimo-jungiklis-pilnas-2-raktu-komplektas\/#primaryimage"},"thumbnailUrl":"https:\/\/erformance.eu\/wp-content\/uploads\/2026\/02\/pol_pm_Audi-A1-8X-A3-8V-Q2-GA-Q3-8U-stacyjka-kompletna-2-kluczyki-KPL-34001_1.jpg","datePublished":"2026-02-16T11:15:13+00:00","dateModified":"2026-03-05T15:59:07+00:00","breadcrumb":{"@id":"https:\/\/erformance.eu\/et\/toode\/audi-a1-8x-a3-8v-q2-ga-q3-8u-uzvedimo-jungiklis-pilnas-2-raktu-komplektas\/#breadcrumb"},"inLanguage":"et","potentialAction":[{"@type":"ReadAction","target":["https:\/\/erformance.eu\/et\/toode\/audi-a1-8x-a3-8v-q2-ga-q3-8u-uzvedimo-jungiklis-pilnas-2-raktu-komplektas\/"]}]},{"@type":"ImageObject","inLanguage":"et","@id":"https:\/\/erformance.eu\/et\/toode\/audi-a1-8x-a3-8v-q2-ga-q3-8u-uzvedimo-jungiklis-pilnas-2-raktu-komplektas\/#primaryimage","url":"https:\/\/erformance.eu\/wp-content\/uploads\/2026\/02\/pol_pm_Audi-A1-8X-A3-8V-Q2-GA-Q3-8U-stacyjka-kompletna-2-kluczyki-KPL-34001_1.jpg","contentUrl":"https:\/\/erformance.eu\/wp-content\/uploads\/2026\/02\/pol_pm_Audi-A1-8X-A3-8V-Q2-GA-Q3-8U-stacyjka-kompletna-2-kluczyki-KPL-34001_1.jpg","width":1200,"height":1200},{"@type":"BreadcrumbList","@id":"https:\/\/erformance.eu\/et\/toode\/audi-a1-8x-a3-8v-q2-ga-q3-8u-uzvedimo-jungiklis-pilnas-2-raktu-komplektas\/#breadcrumb","itemListElement":[{"@type":"ListItem","position":1,"name":"Home","item":"https:\/\/erformance.eu\/et\/"},{"@type":"ListItem","position":2,"name":"Pood","item":"https:\/\/erformance.eu\/et\/pood\/"},{"@type":"ListItem","position":3,"name":"Audi A1 8X A3 8V Q2 GA Q3 8U u\u017evedimo jungiklis pilnas + 2 rakt\u0173 komplektas"}]},{"@type":"WebSite","@id":"https:\/\/erformance.eu\/et\/#website","url":"https:\/\/erformance.eu\/et\/","name":"Erformance.eu","description":"Automobili\u0173 dali\u0173 parduotuv\u0117","potentialAction":[{"@type":"SearchAction","target":{"@type":"EntryPoint","urlTemplate":"https:\/\/erformance.eu\/et\/?s={search_term_string}"},"query-input":{"@type":"PropertyValueSpecification","valueRequired":true,"valueName":"search_term_string"}}],"inLanguage":"et"}]}},"jetpack_sharing_enabled":true,"_links":{"self":[{"href":"https:\/\/erformance.eu\/et\/wp-json\/wp\/v2\/product\/56212","targetHints":{"allow":["GET"]}}],"collection":[{"href":"https:\/\/erformance.eu\/et\/wp-json\/wp\/v2\/product"}],"about":[{"href":"https:\/\/erformance.eu\/et\/wp-json\/wp\/v2\/types\/product"}],"replies":[{"embeddable":true,"href":"https:\/\/erformance.eu\/et\/wp-json\/wp\/v2\/comments?post=56212"}],"version-history":[{"count":1,"href":"https:\/\/erformance.eu\/et\/wp-json\/wp\/v2\/product\/56212\/revisions"}],"predecessor-version":[{"id":56213,"href":"https:\/\/erformance.eu\/et\/wp-json\/wp\/v2\/product\/56212\/revisions\/56213"}],"wp:featuredmedia":[{"embeddable":true,"href":"https:\/\/erformance.eu\/et\/wp-json\/wp\/v2\/media\/49203"}],"wp:attachment":[{"href":"https:\/\/erformance.eu\/et\/wp-json\/wp\/v2\/media?parent=56212"}],"wp:term":[{"taxonomy":"product_brand","embeddable":true,"href":"https:\/\/erformance.eu\/et\/wp-json\/wp\/v2\/product_brand?post=56212"},{"taxonomy":"product_cat","embeddable":true,"href":"https:\/\/erformance.eu\/et\/wp-json\/wp\/v2\/product_cat?post=56212"},{"taxonomy":"product_tag","embeddable":true,"href":"https:\/\/erformance.eu\/et\/wp-json\/wp\/v2\/product_tag?post=56212"}],"curies":[{"name":"wp","href":"https:\/\/api.w.org\/{rel}","templated":true}]}}