{"id":56246,"date":"2026-02-16T14:16:03","date_gmt":"2026-02-16T11:16:03","guid":{"rendered":"https:\/\/erformance.eu\/?post_type=product&#038;p=56246"},"modified":"2026-03-26T01:52:04","modified_gmt":"2026-03-25T22:52:04","slug":"audi-q5-09-16-puodeliu-laikiklis","status":"publish","type":"product","link":"https:\/\/erformance.eu\/et\/toode\/audi-q5-09-16-puodeliu-laikiklis\/","title":{"rendered":"Audi Q5 09-16 puodeli\u0173 laikiklis"},"content":{"rendered":"<p>Prek\u0117: puodelio laikiklis<br \/>\nOriginalus numeris:<\/p>\n<p>1J0858601C<br \/>\n1J0858601D<br \/>\n1J0858607C<br \/>\n8P0885995B<br \/>\n8RD885995<\/p>\n<p>PASTABA: auk\u0161\u010diau pateikti numeriai yra original\u016bs dali\u0173 numeriai, kuriuos \u0161is pasi\u016blymas pakei\u010dia. Prie\u0161 pirkdami, palyginkite juos su originaliu dalies numeriu. Jei jie skiriasi net vienu simboliu, dalis netiks, neveiks arba veiks netinkamai. Tokiu atveju jos nepirkite.<br \/>\nAutomobilis:<\/p>\n<p>VW Bora, gamybos metai: 1998\u20132005<br \/>\nVW CC, pagaminimo metai: 2012\u20132016<br \/>\nVW Golf IV, gamybos metai: 1998\u20132006<br \/>\nVW Golf VI Variant, pagaminimo metai: 2007\u20132014<br \/>\nVW Jetta, pagaminimo metai: 1999\u20132005<br \/>\nVW Passat B6 \/ Variant, pagaminimo metai: 2006\u20132010<br \/>\nVW Passat B7 \/ Variant, pagaminimo metai: 2011\u20132015<br \/>\nVW Rabbit, pagaminimo metai: 2006\u20132009<br \/>\nVW Touareg, pagaminimo metai: 2003\u20132010<br \/>\n\u201eAudi A3 \/ S3 \/ RS3\u201c, pagaminimo metai: 2004\u20132016<br \/>\nAudi A4 \/ S4 \/ RS4, gamybos metai: 2008-2016<br \/>\n\u201eAudi A5 \/ S5 \/ RS5\u201c, pagaminimo metai: 2005\u20132016<br \/>\n\u201eAudi A6 \/ S6 \/ RS6\u201c, pagaminimo metai: 2011\u20132016<br \/>\n\u201eAudi A7 Sportback\u201c \/ \u201eRS7 Sportback\u201c, pagaminimo metai: 2011\u20132016<br \/>\n\u201eAudi Q3\u201c, gamybos metai: 2012\u20132016<br \/>\n\u201eAudi Q5\u201c, gamybos metai: 2009\u20132016<br \/>\n\u201eAudi Q7\u201c, gamybos metai: 2007\u20132016<br \/>\n\u201eAudi RS Q3\u201c, gamybos metai: 2014\u20132016<br \/>\n\u201eSkoda Superb II\u201c, gamybos metai: 2008\u20132016<\/p>\n<p>Gamintojas: pakaitalas<br \/>\nTechnin\u0117 b\u016bkl\u0117: prek\u0117 yra visi\u0161kai nauja, nenaudota, nepa\u017eeista ir nesugadinta<\/p>\n","protected":false},"excerpt":{"rendered":"<p>1. Prek\u0117: Puodelio laikiklis2. Gamintojas: pakeitimas3. Automobilis:* Audi A3 04\u201316* Audi A4 08\u201316* Audi A5 05\u201316* Audi A6 11-16* Audi A7 11-16* Audi Q3 12-16* Audi Q5 2009\u20132016 m.* Audi Q7 07\u201316* Audi RS Q3 14-16* \u0160koda Superb II 08-16<\/p>\n","protected":false},"featured_media":49356,"comment_status":"open","ping_status":"closed","template":"","meta":[],"product_brand":[],"product_cat":[3928,144,4801,4684,399,4007],"product_tag":[],"class_list":{"0":"post-56246","1":"product","2":"type-product","3":"status-publish","4":"has-post-thumbnail","6":"product_cat-audi-q5-8r","7":"product_cat-audi","8":"product_cat-audi-q5-8r-salono-kitos-dalys","9":"product_cat-audi-q5-8r-mygtukai-mechanizmai","10":"product_cat-audi-q5","11":"product_cat-audi-q5-8r-salono-dalys","13":"first","14":"instock","15":"shipping-taxable","16":"purchasable","17":"product-type-simple"},"yoast_head":"<!-- This site is optimized with the Yoast SEO Premium plugin v25.2 (Yoast SEO v27.3) - https:\/\/yoast.com\/product\/yoast-seo-premium-wordpress\/ -->\n<title>Audi Q5 09-16 puodeli\u0173 laikiklis - Erformance.eu<\/title>\n<meta name=\"robots\" content=\"index, follow, max-snippet:-1, max-image-preview:large, max-video-preview:-1\" \/>\n<link rel=\"canonical\" href=\"https:\/\/erformance.eu\/et\/toode\/audi-q5-09-16-puodeliu-laikiklis\/\" \/>\n<meta property=\"og:locale\" content=\"et_EE\" \/>\n<meta property=\"og:type\" content=\"article\" \/>\n<meta property=\"og:title\" content=\"Audi Q5 09-16 puodeli\u0173 laikiklis\" \/>\n<meta property=\"og:description\" content=\"1. Prek\u0117: Puodelio laikiklis2. Gamintojas: pakeitimas3. Automobilis:* Audi A3 04\u201316* Audi A4 08\u201316* Audi A5 05\u201316* Audi A6 11-16* Audi A7 11-16* Audi Q3 12-16* Audi Q5 2009\u20132016 m.* Audi Q7 07\u201316* Audi RS Q3 14-16* \u0160koda Superb II 08-16\" \/>\n<meta property=\"og:url\" content=\"https:\/\/erformance.eu\/et\/toode\/audi-q5-09-16-puodeliu-laikiklis\/\" \/>\n<meta property=\"og:site_name\" content=\"Erformance.eu\" \/>\n<meta property=\"article:modified_time\" content=\"2026-03-25T22:52:04+00:00\" \/>\n<meta property=\"og:image\" content=\"https:\/\/erformance.eu\/wp-content\/uploads\/2026\/02\/pol_pm_Audi-Q5-09-16-uchwyt-na-kubki-19122_1.jpg\" \/>\n\t<meta property=\"og:image:width\" content=\"1200\" \/>\n\t<meta property=\"og:image:height\" content=\"900\" \/>\n\t<meta property=\"og:image:type\" content=\"image\/jpeg\" \/>\n<meta name=\"twitter:card\" content=\"summary_large_image\" \/>\n<meta name=\"twitter:label1\" content=\"Est. reading time\" \/>\n\t<meta name=\"twitter:data1\" content=\"1 minut\" \/>\n<script type=\"application\/ld+json\" class=\"yoast-schema-graph\">{\"@context\":\"https:\\\/\\\/schema.org\",\"@graph\":[{\"@type\":\"WebPage\",\"@id\":\"https:\\\/\\\/erformance.eu\\\/et\\\/toode\\\/audi-q5-09-16-puodeliu-laikiklis\\\/\",\"url\":\"https:\\\/\\\/erformance.eu\\\/et\\\/toode\\\/audi-q5-09-16-puodeliu-laikiklis\\\/\",\"name\":\"Audi Q5 09-16 puodeli\u0173 laikiklis - Erformance.eu\",\"isPartOf\":{\"@id\":\"https:\\\/\\\/erformance.eu\\\/et\\\/#website\"},\"primaryImageOfPage\":{\"@id\":\"https:\\\/\\\/erformance.eu\\\/et\\\/toode\\\/audi-q5-09-16-puodeliu-laikiklis\\\/#primaryimage\"},\"image\":{\"@id\":\"https:\\\/\\\/erformance.eu\\\/et\\\/toode\\\/audi-q5-09-16-puodeliu-laikiklis\\\/#primaryimage\"},\"thumbnailUrl\":\"https:\\\/\\\/erformance.eu\\\/wp-content\\\/uploads\\\/2026\\\/02\\\/pol_pm_Audi-Q5-09-16-uchwyt-na-kubki-19122_1.jpg\",\"datePublished\":\"2026-02-16T11:16:03+00:00\",\"dateModified\":\"2026-03-25T22:52:04+00:00\",\"breadcrumb\":{\"@id\":\"https:\\\/\\\/erformance.eu\\\/et\\\/toode\\\/audi-q5-09-16-puodeliu-laikiklis\\\/#breadcrumb\"},\"inLanguage\":\"et\",\"potentialAction\":[{\"@type\":\"ReadAction\",\"target\":[\"https:\\\/\\\/erformance.eu\\\/et\\\/toode\\\/audi-q5-09-16-puodeliu-laikiklis\\\/\"]}]},{\"@type\":\"ImageObject\",\"inLanguage\":\"et\",\"@id\":\"https:\\\/\\\/erformance.eu\\\/et\\\/toode\\\/audi-q5-09-16-puodeliu-laikiklis\\\/#primaryimage\",\"url\":\"https:\\\/\\\/erformance.eu\\\/wp-content\\\/uploads\\\/2026\\\/02\\\/pol_pm_Audi-Q5-09-16-uchwyt-na-kubki-19122_1.jpg\",\"contentUrl\":\"https:\\\/\\\/erformance.eu\\\/wp-content\\\/uploads\\\/2026\\\/02\\\/pol_pm_Audi-Q5-09-16-uchwyt-na-kubki-19122_1.jpg\",\"width\":1200,\"height\":900},{\"@type\":\"BreadcrumbList\",\"@id\":\"https:\\\/\\\/erformance.eu\\\/et\\\/toode\\\/audi-q5-09-16-puodeliu-laikiklis\\\/#breadcrumb\",\"itemListElement\":[{\"@type\":\"ListItem\",\"position\":1,\"name\":\"Home\",\"item\":\"https:\\\/\\\/erformance.eu\\\/et\\\/\"},{\"@type\":\"ListItem\",\"position\":2,\"name\":\"Pood\",\"item\":\"https:\\\/\\\/erformance.eu\\\/et\\\/pood\\\/\"},{\"@type\":\"ListItem\",\"position\":3,\"name\":\"Audi Q5 09-16 puodeli\u0173 laikiklis\"}]},{\"@type\":\"WebSite\",\"@id\":\"https:\\\/\\\/erformance.eu\\\/et\\\/#website\",\"url\":\"https:\\\/\\\/erformance.eu\\\/et\\\/\",\"name\":\"Erformance.eu\",\"description\":\"Automobili\u0173 dali\u0173 parduotuv\u0117\",\"potentialAction\":[{\"@type\":\"SearchAction\",\"target\":{\"@type\":\"EntryPoint\",\"urlTemplate\":\"https:\\\/\\\/erformance.eu\\\/et\\\/?s={search_term_string}\"},\"query-input\":{\"@type\":\"PropertyValueSpecification\",\"valueRequired\":true,\"valueName\":\"search_term_string\"}}],\"inLanguage\":\"et\"}]}<\/script>\n<!-- \/ Yoast SEO Premium plugin. -->","yoast_head_json":{"title":"Audi Q5 09-16 puodeli\u0173 laikiklis - Erformance.eu","robots":{"index":"index","follow":"follow","max-snippet":"max-snippet:-1","max-image-preview":"max-image-preview:large","max-video-preview":"max-video-preview:-1"},"canonical":"https:\/\/erformance.eu\/et\/toode\/audi-q5-09-16-puodeliu-laikiklis\/","og_locale":"et_EE","og_type":"article","og_title":"Audi Q5 09-16 puodeli\u0173 laikiklis","og_description":"1. Prek\u0117: Puodelio laikiklis2. Gamintojas: pakeitimas3. Automobilis:* Audi A3 04\u201316* Audi A4 08\u201316* Audi A5 05\u201316* Audi A6 11-16* Audi A7 11-16* Audi Q3 12-16* Audi Q5 2009\u20132016 m.* Audi Q7 07\u201316* Audi RS Q3 14-16* \u0160koda Superb II 08-16","og_url":"https:\/\/erformance.eu\/et\/toode\/audi-q5-09-16-puodeliu-laikiklis\/","og_site_name":"Erformance.eu","article_modified_time":"2026-03-25T22:52:04+00:00","og_image":[{"width":1200,"height":900,"url":"https:\/\/erformance.eu\/wp-content\/uploads\/2026\/02\/pol_pm_Audi-Q5-09-16-uchwyt-na-kubki-19122_1.jpg","type":"image\/jpeg"}],"twitter_card":"summary_large_image","twitter_misc":{"Est. reading time":"1 minut"},"schema":{"@context":"https:\/\/schema.org","@graph":[{"@type":"WebPage","@id":"https:\/\/erformance.eu\/et\/toode\/audi-q5-09-16-puodeliu-laikiklis\/","url":"https:\/\/erformance.eu\/et\/toode\/audi-q5-09-16-puodeliu-laikiklis\/","name":"Audi Q5 09-16 puodeli\u0173 laikiklis - Erformance.eu","isPartOf":{"@id":"https:\/\/erformance.eu\/et\/#website"},"primaryImageOfPage":{"@id":"https:\/\/erformance.eu\/et\/toode\/audi-q5-09-16-puodeliu-laikiklis\/#primaryimage"},"image":{"@id":"https:\/\/erformance.eu\/et\/toode\/audi-q5-09-16-puodeliu-laikiklis\/#primaryimage"},"thumbnailUrl":"https:\/\/erformance.eu\/wp-content\/uploads\/2026\/02\/pol_pm_Audi-Q5-09-16-uchwyt-na-kubki-19122_1.jpg","datePublished":"2026-02-16T11:16:03+00:00","dateModified":"2026-03-25T22:52:04+00:00","breadcrumb":{"@id":"https:\/\/erformance.eu\/et\/toode\/audi-q5-09-16-puodeliu-laikiklis\/#breadcrumb"},"inLanguage":"et","potentialAction":[{"@type":"ReadAction","target":["https:\/\/erformance.eu\/et\/toode\/audi-q5-09-16-puodeliu-laikiklis\/"]}]},{"@type":"ImageObject","inLanguage":"et","@id":"https:\/\/erformance.eu\/et\/toode\/audi-q5-09-16-puodeliu-laikiklis\/#primaryimage","url":"https:\/\/erformance.eu\/wp-content\/uploads\/2026\/02\/pol_pm_Audi-Q5-09-16-uchwyt-na-kubki-19122_1.jpg","contentUrl":"https:\/\/erformance.eu\/wp-content\/uploads\/2026\/02\/pol_pm_Audi-Q5-09-16-uchwyt-na-kubki-19122_1.jpg","width":1200,"height":900},{"@type":"BreadcrumbList","@id":"https:\/\/erformance.eu\/et\/toode\/audi-q5-09-16-puodeliu-laikiklis\/#breadcrumb","itemListElement":[{"@type":"ListItem","position":1,"name":"Home","item":"https:\/\/erformance.eu\/et\/"},{"@type":"ListItem","position":2,"name":"Pood","item":"https:\/\/erformance.eu\/et\/pood\/"},{"@type":"ListItem","position":3,"name":"Audi Q5 09-16 puodeli\u0173 laikiklis"}]},{"@type":"WebSite","@id":"https:\/\/erformance.eu\/et\/#website","url":"https:\/\/erformance.eu\/et\/","name":"Erformance.eu","description":"Automobili\u0173 dali\u0173 parduotuv\u0117","potentialAction":[{"@type":"SearchAction","target":{"@type":"EntryPoint","urlTemplate":"https:\/\/erformance.eu\/et\/?s={search_term_string}"},"query-input":{"@type":"PropertyValueSpecification","valueRequired":true,"valueName":"search_term_string"}}],"inLanguage":"et"}]}},"jetpack_sharing_enabled":true,"_links":{"self":[{"href":"https:\/\/erformance.eu\/et\/wp-json\/wp\/v2\/product\/56246","targetHints":{"allow":["GET"]}}],"collection":[{"href":"https:\/\/erformance.eu\/et\/wp-json\/wp\/v2\/product"}],"about":[{"href":"https:\/\/erformance.eu\/et\/wp-json\/wp\/v2\/types\/product"}],"replies":[{"embeddable":true,"href":"https:\/\/erformance.eu\/et\/wp-json\/wp\/v2\/comments?post=56246"}],"version-history":[{"count":1,"href":"https:\/\/erformance.eu\/et\/wp-json\/wp\/v2\/product\/56246\/revisions"}],"predecessor-version":[{"id":56247,"href":"https:\/\/erformance.eu\/et\/wp-json\/wp\/v2\/product\/56246\/revisions\/56247"}],"wp:featuredmedia":[{"embeddable":true,"href":"https:\/\/erformance.eu\/et\/wp-json\/wp\/v2\/media\/49356"}],"wp:attachment":[{"href":"https:\/\/erformance.eu\/et\/wp-json\/wp\/v2\/media?parent=56246"}],"wp:term":[{"taxonomy":"product_brand","embeddable":true,"href":"https:\/\/erformance.eu\/et\/wp-json\/wp\/v2\/product_brand?post=56246"},{"taxonomy":"product_cat","embeddable":true,"href":"https:\/\/erformance.eu\/et\/wp-json\/wp\/v2\/product_cat?post=56246"},{"taxonomy":"product_tag","embeddable":true,"href":"https:\/\/erformance.eu\/et\/wp-json\/wp\/v2\/product_tag?post=56246"}],"curies":[{"name":"wp","href":"https:\/\/api.w.org\/{rel}","templated":true}]}}