{"id":56250,"date":"2026-02-16T14:16:06","date_gmt":"2026-02-16T11:16:06","guid":{"rendered":"https:\/\/erformance.eu\/?post_type=product&#038;p=56250"},"modified":"2026-03-26T02:40:51","modified_gmt":"2026-03-25T23:40:51","slug":"audi-q7-4l-06-15-elektriniu-uzlenkiamu-veidrodeliu-remonto-komplektas-guolis-ivore","status":"publish","type":"product","link":"https:\/\/erformance.eu\/et\/toode\/audi-q7-4l-06-15-elektriniu-uzlenkiamu-veidrodeliu-remonto-komplektas-guolis-ivore\/","title":{"rendered":"Audi Q7 4L 06-15 elektrini\u0173 u\u017elenkiam\u0173 veidrod\u0117li\u0173 remonto komplektas (guolis\/\u012fvor\u0117)"},"content":{"rendered":"<p>Prek\u0117: Elektrini\u0173 sulankstom\u0173 veidrod\u0117li\u0173 remonto komplektas (guolis\/\u012fvor\u0117)<br \/>\nPus\u0117: kair\u0117 = de\u0161in\u0117 (nesvarbu)<br \/>\nOriginalus numeris: 7E1857000<br \/>\nPASTABA: auk\u0161\u010diau pateikti numeriai yra original\u016bs dali\u0173 numeriai, kuriuos \u0161is pasi\u016blymas pakei\u010dia. Prie\u0161 pirkdami, palyginkite juos su originaliu dalies numeriu. Jei jie skiriasi net vienu simboliu, dalis netiks, neveiks arba veiks netinkamai. Tokiu atveju jos nepirkite.<br \/>\nAutomobilis:<\/p>\n<p>VW Transporter T5, modeliai, pagaminti nuo 2003 m.<br \/>\nVW Transporter T6, modele produkowane od roku 2015<br \/>\nVW Amarok, modele produkowane od roku 2010<br \/>\nAudi Q7 4L, rok produkcji: 2006-2015<\/p>\n<p>Rok produkcji: modele produkowane od roku 2009<br \/>\nProducent: zamiennik<br \/>\nStan techniczny: przedmiot jest fabrycznie NOWY, nieu\u017cywany, nieuszkodzony i niezniszczony<\/p>\n","protected":false},"excerpt":{"rendered":"<p>1. Prek\u0117: Elektrini\u0173 sulankstom\u0173 veidrod\u0117li\u0173 remonto komplektas (guolis\/\u012fvor\u0117)2. Pus\u0117: kair\u0117 = de\u0161in\u01173. Gamintojas: pakeitimas4. Automobilis:     * VW T5 2003-     * VW T6 2015-     * VW Amarok 2010-     * Audi Q7 4L 06-15<\/p>\n","protected":false},"featured_media":49372,"comment_status":"open","ping_status":"closed","template":"","meta":[],"product_brand":[],"product_cat":[3930,144,3970,400,4331],"product_tag":[],"class_list":{"0":"post-56250","1":"product","2":"type-product","3":"status-publish","4":"has-post-thumbnail","6":"product_cat-audi-q7-4l","7":"product_cat-audi","8":"product_cat-audi-q7-4l-isores-dalys","9":"product_cat-audi-q7","10":"product_cat-audi-q7-4l-veidrodeliai","12":"first","13":"instock","14":"shipping-taxable","15":"purchasable","16":"product-type-simple"},"yoast_head":"<!-- This site is optimized with the Yoast SEO Premium plugin v25.2 (Yoast SEO v27.4) - https:\/\/yoast.com\/product\/yoast-seo-premium-wordpress\/ -->\n<title>Audi Q7 4L 06-15 elektrini\u0173 u\u017elenkiam\u0173 veidrod\u0117li\u0173 remonto komplektas (guolis\/\u012fvor\u0117) - Erformance.eu<\/title>\n<meta name=\"robots\" content=\"index, follow, max-snippet:-1, max-image-preview:large, max-video-preview:-1\" \/>\n<link rel=\"canonical\" href=\"https:\/\/erformance.eu\/et\/toode\/audi-q7-4l-06-15-elektriniu-uzlenkiamu-veidrodeliu-remonto-komplektas-guolis-ivore\/\" \/>\n<meta property=\"og:locale\" content=\"et_EE\" \/>\n<meta property=\"og:type\" content=\"article\" \/>\n<meta property=\"og:title\" content=\"Audi Q7 4L 06-15 elektrini\u0173 u\u017elenkiam\u0173 veidrod\u0117li\u0173 remonto komplektas (guolis\/\u012fvor\u0117)\" \/>\n<meta property=\"og:description\" content=\"1. Prek\u0117: Elektrini\u0173 sulankstom\u0173 veidrod\u0117li\u0173 remonto komplektas (guolis\/\u012fvor\u0117)2. Pus\u0117: kair\u0117 = de\u0161in\u01173. Gamintojas: pakeitimas4. Automobilis:   * VW T5 2003-   * VW T6 2015-   * VW Amarok 2010-   * Audi Q7 4L 06-15\" \/>\n<meta property=\"og:url\" content=\"https:\/\/erformance.eu\/et\/toode\/audi-q7-4l-06-15-elektriniu-uzlenkiamu-veidrodeliu-remonto-komplektas-guolis-ivore\/\" \/>\n<meta property=\"og:site_name\" content=\"Erformance.eu\" \/>\n<meta property=\"article:modified_time\" content=\"2026-03-25T23:40:51+00:00\" \/>\n<meta property=\"og:image\" content=\"https:\/\/erformance.eu\/wp-content\/uploads\/2026\/02\/pol_pm_Audi-Q7-4L-06-15-zestaw-naprawczy-lusterka-elektrycznego-skladanego-lozysko-tuleja-10688_1.jpg\" \/>\n\t<meta property=\"og:image:width\" content=\"1200\" \/>\n\t<meta property=\"og:image:height\" content=\"900\" \/>\n\t<meta property=\"og:image:type\" content=\"image\/jpeg\" \/>\n<meta name=\"twitter:card\" content=\"summary_large_image\" \/>\n<meta name=\"twitter:label1\" content=\"Est. reading time\" \/>\n\t<meta name=\"twitter:data1\" content=\"1 minut\" \/>\n<script type=\"application\/ld+json\" class=\"yoast-schema-graph\">{\"@context\":\"https:\\\/\\\/schema.org\",\"@graph\":[{\"@type\":\"WebPage\",\"@id\":\"https:\\\/\\\/erformance.eu\\\/et\\\/toode\\\/audi-q7-4l-06-15-elektriniu-uzlenkiamu-veidrodeliu-remonto-komplektas-guolis-ivore\\\/\",\"url\":\"https:\\\/\\\/erformance.eu\\\/et\\\/toode\\\/audi-q7-4l-06-15-elektriniu-uzlenkiamu-veidrodeliu-remonto-komplektas-guolis-ivore\\\/\",\"name\":\"Audi Q7 4L 06-15 elektrini\u0173 u\u017elenkiam\u0173 veidrod\u0117li\u0173 remonto komplektas (guolis\\\/\u012fvor\u0117) - Erformance.eu\",\"isPartOf\":{\"@id\":\"https:\\\/\\\/erformance.eu\\\/et\\\/#website\"},\"primaryImageOfPage\":{\"@id\":\"https:\\\/\\\/erformance.eu\\\/et\\\/toode\\\/audi-q7-4l-06-15-elektriniu-uzlenkiamu-veidrodeliu-remonto-komplektas-guolis-ivore\\\/#primaryimage\"},\"image\":{\"@id\":\"https:\\\/\\\/erformance.eu\\\/et\\\/toode\\\/audi-q7-4l-06-15-elektriniu-uzlenkiamu-veidrodeliu-remonto-komplektas-guolis-ivore\\\/#primaryimage\"},\"thumbnailUrl\":\"https:\\\/\\\/erformance.eu\\\/wp-content\\\/uploads\\\/2026\\\/02\\\/pol_pm_Audi-Q7-4L-06-15-zestaw-naprawczy-lusterka-elektrycznego-skladanego-lozysko-tuleja-10688_1.jpg\",\"datePublished\":\"2026-02-16T11:16:06+00:00\",\"dateModified\":\"2026-03-25T23:40:51+00:00\",\"breadcrumb\":{\"@id\":\"https:\\\/\\\/erformance.eu\\\/et\\\/toode\\\/audi-q7-4l-06-15-elektriniu-uzlenkiamu-veidrodeliu-remonto-komplektas-guolis-ivore\\\/#breadcrumb\"},\"inLanguage\":\"et\",\"potentialAction\":[{\"@type\":\"ReadAction\",\"target\":[\"https:\\\/\\\/erformance.eu\\\/et\\\/toode\\\/audi-q7-4l-06-15-elektriniu-uzlenkiamu-veidrodeliu-remonto-komplektas-guolis-ivore\\\/\"]}]},{\"@type\":\"ImageObject\",\"inLanguage\":\"et\",\"@id\":\"https:\\\/\\\/erformance.eu\\\/et\\\/toode\\\/audi-q7-4l-06-15-elektriniu-uzlenkiamu-veidrodeliu-remonto-komplektas-guolis-ivore\\\/#primaryimage\",\"url\":\"https:\\\/\\\/erformance.eu\\\/wp-content\\\/uploads\\\/2026\\\/02\\\/pol_pm_Audi-Q7-4L-06-15-zestaw-naprawczy-lusterka-elektrycznego-skladanego-lozysko-tuleja-10688_1.jpg\",\"contentUrl\":\"https:\\\/\\\/erformance.eu\\\/wp-content\\\/uploads\\\/2026\\\/02\\\/pol_pm_Audi-Q7-4L-06-15-zestaw-naprawczy-lusterka-elektrycznego-skladanego-lozysko-tuleja-10688_1.jpg\",\"width\":1200,\"height\":900},{\"@type\":\"BreadcrumbList\",\"@id\":\"https:\\\/\\\/erformance.eu\\\/et\\\/toode\\\/audi-q7-4l-06-15-elektriniu-uzlenkiamu-veidrodeliu-remonto-komplektas-guolis-ivore\\\/#breadcrumb\",\"itemListElement\":[{\"@type\":\"ListItem\",\"position\":1,\"name\":\"Home\",\"item\":\"https:\\\/\\\/erformance.eu\\\/et\\\/\"},{\"@type\":\"ListItem\",\"position\":2,\"name\":\"Pood\",\"item\":\"https:\\\/\\\/erformance.eu\\\/et\\\/pood\\\/\"},{\"@type\":\"ListItem\",\"position\":3,\"name\":\"Audi Q7 4L 06-15 elektrini\u0173 u\u017elenkiam\u0173 veidrod\u0117li\u0173 remonto komplektas (guolis\\\/\u012fvor\u0117)\"}]},{\"@type\":\"WebSite\",\"@id\":\"https:\\\/\\\/erformance.eu\\\/et\\\/#website\",\"url\":\"https:\\\/\\\/erformance.eu\\\/et\\\/\",\"name\":\"Erformance.eu\",\"description\":\"Automobili\u0173 dali\u0173 parduotuv\u0117\",\"potentialAction\":[{\"@type\":\"SearchAction\",\"target\":{\"@type\":\"EntryPoint\",\"urlTemplate\":\"https:\\\/\\\/erformance.eu\\\/et\\\/?s={search_term_string}\"},\"query-input\":{\"@type\":\"PropertyValueSpecification\",\"valueRequired\":true,\"valueName\":\"search_term_string\"}}],\"inLanguage\":\"et\"}]}<\/script>\n<!-- \/ Yoast SEO Premium plugin. -->","yoast_head_json":{"title":"Audi Q7 4L 06-15 elektrini\u0173 u\u017elenkiam\u0173 veidrod\u0117li\u0173 remonto komplektas (guolis\/\u012fvor\u0117) - Erformance.eu","robots":{"index":"index","follow":"follow","max-snippet":"max-snippet:-1","max-image-preview":"max-image-preview:large","max-video-preview":"max-video-preview:-1"},"canonical":"https:\/\/erformance.eu\/et\/toode\/audi-q7-4l-06-15-elektriniu-uzlenkiamu-veidrodeliu-remonto-komplektas-guolis-ivore\/","og_locale":"et_EE","og_type":"article","og_title":"Audi Q7 4L 06-15 elektrini\u0173 u\u017elenkiam\u0173 veidrod\u0117li\u0173 remonto komplektas (guolis\/\u012fvor\u0117)","og_description":"1. Prek\u0117: Elektrini\u0173 sulankstom\u0173 veidrod\u0117li\u0173 remonto komplektas (guolis\/\u012fvor\u0117)2. Pus\u0117: kair\u0117 = de\u0161in\u01173. Gamintojas: pakeitimas4. Automobilis:   * VW T5 2003-   * VW T6 2015-   * VW Amarok 2010-   * Audi Q7 4L 06-15","og_url":"https:\/\/erformance.eu\/et\/toode\/audi-q7-4l-06-15-elektriniu-uzlenkiamu-veidrodeliu-remonto-komplektas-guolis-ivore\/","og_site_name":"Erformance.eu","article_modified_time":"2026-03-25T23:40:51+00:00","og_image":[{"width":1200,"height":900,"url":"https:\/\/erformance.eu\/wp-content\/uploads\/2026\/02\/pol_pm_Audi-Q7-4L-06-15-zestaw-naprawczy-lusterka-elektrycznego-skladanego-lozysko-tuleja-10688_1.jpg","type":"image\/jpeg"}],"twitter_card":"summary_large_image","twitter_misc":{"Est. reading time":"1 minut"},"schema":{"@context":"https:\/\/schema.org","@graph":[{"@type":"WebPage","@id":"https:\/\/erformance.eu\/et\/toode\/audi-q7-4l-06-15-elektriniu-uzlenkiamu-veidrodeliu-remonto-komplektas-guolis-ivore\/","url":"https:\/\/erformance.eu\/et\/toode\/audi-q7-4l-06-15-elektriniu-uzlenkiamu-veidrodeliu-remonto-komplektas-guolis-ivore\/","name":"Audi Q7 4L 06-15 elektrini\u0173 u\u017elenkiam\u0173 veidrod\u0117li\u0173 remonto komplektas (guolis\/\u012fvor\u0117) - Erformance.eu","isPartOf":{"@id":"https:\/\/erformance.eu\/et\/#website"},"primaryImageOfPage":{"@id":"https:\/\/erformance.eu\/et\/toode\/audi-q7-4l-06-15-elektriniu-uzlenkiamu-veidrodeliu-remonto-komplektas-guolis-ivore\/#primaryimage"},"image":{"@id":"https:\/\/erformance.eu\/et\/toode\/audi-q7-4l-06-15-elektriniu-uzlenkiamu-veidrodeliu-remonto-komplektas-guolis-ivore\/#primaryimage"},"thumbnailUrl":"https:\/\/erformance.eu\/wp-content\/uploads\/2026\/02\/pol_pm_Audi-Q7-4L-06-15-zestaw-naprawczy-lusterka-elektrycznego-skladanego-lozysko-tuleja-10688_1.jpg","datePublished":"2026-02-16T11:16:06+00:00","dateModified":"2026-03-25T23:40:51+00:00","breadcrumb":{"@id":"https:\/\/erformance.eu\/et\/toode\/audi-q7-4l-06-15-elektriniu-uzlenkiamu-veidrodeliu-remonto-komplektas-guolis-ivore\/#breadcrumb"},"inLanguage":"et","potentialAction":[{"@type":"ReadAction","target":["https:\/\/erformance.eu\/et\/toode\/audi-q7-4l-06-15-elektriniu-uzlenkiamu-veidrodeliu-remonto-komplektas-guolis-ivore\/"]}]},{"@type":"ImageObject","inLanguage":"et","@id":"https:\/\/erformance.eu\/et\/toode\/audi-q7-4l-06-15-elektriniu-uzlenkiamu-veidrodeliu-remonto-komplektas-guolis-ivore\/#primaryimage","url":"https:\/\/erformance.eu\/wp-content\/uploads\/2026\/02\/pol_pm_Audi-Q7-4L-06-15-zestaw-naprawczy-lusterka-elektrycznego-skladanego-lozysko-tuleja-10688_1.jpg","contentUrl":"https:\/\/erformance.eu\/wp-content\/uploads\/2026\/02\/pol_pm_Audi-Q7-4L-06-15-zestaw-naprawczy-lusterka-elektrycznego-skladanego-lozysko-tuleja-10688_1.jpg","width":1200,"height":900},{"@type":"BreadcrumbList","@id":"https:\/\/erformance.eu\/et\/toode\/audi-q7-4l-06-15-elektriniu-uzlenkiamu-veidrodeliu-remonto-komplektas-guolis-ivore\/#breadcrumb","itemListElement":[{"@type":"ListItem","position":1,"name":"Home","item":"https:\/\/erformance.eu\/et\/"},{"@type":"ListItem","position":2,"name":"Pood","item":"https:\/\/erformance.eu\/et\/pood\/"},{"@type":"ListItem","position":3,"name":"Audi Q7 4L 06-15 elektrini\u0173 u\u017elenkiam\u0173 veidrod\u0117li\u0173 remonto komplektas (guolis\/\u012fvor\u0117)"}]},{"@type":"WebSite","@id":"https:\/\/erformance.eu\/et\/#website","url":"https:\/\/erformance.eu\/et\/","name":"Erformance.eu","description":"Automobili\u0173 dali\u0173 parduotuv\u0117","potentialAction":[{"@type":"SearchAction","target":{"@type":"EntryPoint","urlTemplate":"https:\/\/erformance.eu\/et\/?s={search_term_string}"},"query-input":{"@type":"PropertyValueSpecification","valueRequired":true,"valueName":"search_term_string"}}],"inLanguage":"et"}]}},"jetpack_sharing_enabled":true,"_links":{"self":[{"href":"https:\/\/erformance.eu\/et\/wp-json\/wp\/v2\/product\/56250","targetHints":{"allow":["GET"]}}],"collection":[{"href":"https:\/\/erformance.eu\/et\/wp-json\/wp\/v2\/product"}],"about":[{"href":"https:\/\/erformance.eu\/et\/wp-json\/wp\/v2\/types\/product"}],"replies":[{"embeddable":true,"href":"https:\/\/erformance.eu\/et\/wp-json\/wp\/v2\/comments?post=56250"}],"version-history":[{"count":1,"href":"https:\/\/erformance.eu\/et\/wp-json\/wp\/v2\/product\/56250\/revisions"}],"predecessor-version":[{"id":56251,"href":"https:\/\/erformance.eu\/et\/wp-json\/wp\/v2\/product\/56250\/revisions\/56251"}],"wp:featuredmedia":[{"embeddable":true,"href":"https:\/\/erformance.eu\/et\/wp-json\/wp\/v2\/media\/49372"}],"wp:attachment":[{"href":"https:\/\/erformance.eu\/et\/wp-json\/wp\/v2\/media?parent=56250"}],"wp:term":[{"taxonomy":"product_brand","embeddable":true,"href":"https:\/\/erformance.eu\/et\/wp-json\/wp\/v2\/product_brand?post=56250"},{"taxonomy":"product_cat","embeddable":true,"href":"https:\/\/erformance.eu\/et\/wp-json\/wp\/v2\/product_cat?post=56250"},{"taxonomy":"product_tag","embeddable":true,"href":"https:\/\/erformance.eu\/et\/wp-json\/wp\/v2\/product_tag?post=56250"}],"curies":[{"name":"wp","href":"https:\/\/api.w.org\/{rel}","templated":true}]}}