{"id":56266,"date":"2026-02-16T14:16:17","date_gmt":"2026-02-16T11:16:17","guid":{"rendered":"https:\/\/erformance.eu\/?post_type=product&#038;p=56266"},"modified":"2026-03-26T01:41:40","modified_gmt":"2026-03-25T22:41:40","slug":"audi-q5-8r-08-16-juoda-chromuota-6-greiciu-perjungimo-rankenele-juodos-apsaugos-su-juodais-siulais","status":"publish","type":"product","link":"https:\/\/erformance.eu\/et\/toode\/audi-q5-8r-08-16-juoda-chromuota-6-greiciu-perjungimo-rankenele-juodos-apsaugos-su-juodais-siulais\/","title":{"rendered":"Audi Q5 8R 08-16 JUODA + CHROMUOTA 6 GREI\u010cI\u0172 PERJUNGIMO RANKEN\u0116L\u0116 + JUODOS APSAUGOS SU JUODAIS SI\u016aLAIS"},"content":{"rendered":"<p>Prek\u0117: pavar\u0173 perjungimo svirtis + apsaugin\u0117 danga su r\u0117mu<br \/>\nAutomobilis:<\/p>\n<p>\u201eAudi A4 B8\u201c, pagaminimo metai: 2007\u20132015<br \/>\n\u201eAudi A5 8T\u201c, pagaminimo metai: 2007\u20132016<br \/>\nAudi A6 C6, gamybos metai: 2004-2012<br \/>\n\u201eAudi Q5 8R\u201c, gamybos metai: 2008\u20132016<\/p>\n<p>Spalva: juoda ranken\u0117l\u0117 su chromuotu elementu apa\u010dioje + juodos dumpl\u0117s<br \/>\nDiagrama: juodas dangtelis su raudonu apvadu, chromuotas \u017eiedas ir balta 6 pavar\u0173 + R diagrama<br \/>\nGamintojas: pakaitalas<br \/>\nTechnin\u0117 b\u016bkl\u0117: prek\u0117 yra visi\u0161kai nauja, nenaudota, nepa\u017eeista ir nesugadinta<br \/>\nD\u0117mesio!<\/p>\n<p>ranken\u0117l\u0117 pagaminta i\u0161 odos<br \/>\n6 pavar\u0173 pavar\u0173 d\u0117\u017e\u0117s ranken\u0117l\u0117<br \/>\nranken\u0117l\u0117s tvirtinimo angos skersmuo yra 12 mm<\/p>\n","protected":false},"excerpt":{"rendered":"<p>1. Prek\u0117: Pavar\u0173 perjungimo svirtis + apsaugin\u0117 danga su r\u0117mu2. Gamintojas: pakeitimas3. Automobilis:     * Audi A4 B8 07-15     * Audi A5 8T 07-16     * Audi A6 C6 04\u201312     * Audi Q5 8R 08-16<\/p>\n","protected":false},"featured_media":49418,"comment_status":"open","ping_status":"closed","template":"","meta":[],"product_brand":[],"product_cat":[3928,144,4606,399,4007],"product_tag":[],"class_list":{"0":"post-56266","1":"product","2":"type-product","3":"status-publish","4":"has-post-thumbnail","6":"product_cat-audi-q5-8r","7":"product_cat-audi","8":"product_cat-audi-q5-8r-pavaru-svirtys","9":"product_cat-audi-q5","10":"product_cat-audi-q5-8r-salono-dalys","12":"first","13":"instock","14":"shipping-taxable","15":"purchasable","16":"product-type-simple"},"yoast_head":"<!-- This site is optimized with the Yoast SEO Premium plugin v25.2 (Yoast SEO v27.3) - https:\/\/yoast.com\/product\/yoast-seo-premium-wordpress\/ -->\n<title>Audi Q5 8R 08-16 JUODA + CHROMUOTA 6 GREI\u010cI\u0172 PERJUNGIMO RANKEN\u0116L\u0116 + JUODOS APSAUGOS SU JUODAIS SI\u016aLAIS - Erformance.eu<\/title>\n<meta name=\"robots\" content=\"index, follow, max-snippet:-1, max-image-preview:large, max-video-preview:-1\" \/>\n<link rel=\"canonical\" href=\"https:\/\/erformance.eu\/et\/toode\/audi-q5-8r-08-16-juoda-chromuota-6-greiciu-perjungimo-rankenele-juodos-apsaugos-su-juodais-siulais\/\" \/>\n<meta property=\"og:locale\" content=\"et_EE\" \/>\n<meta property=\"og:type\" content=\"article\" \/>\n<meta property=\"og:title\" content=\"Audi Q5 8R 08-16 JUODA + CHROMUOTA 6 GREI\u010cI\u0172 PERJUNGIMO RANKEN\u0116L\u0116 + JUODOS APSAUGOS SU JUODAIS SI\u016aLAIS\" \/>\n<meta property=\"og:description\" content=\"1. Prek\u0117: Pavar\u0173 perjungimo svirtis + apsaugin\u0117 danga su r\u0117mu2. Gamintojas: pakeitimas3. Automobilis:   * Audi A4 B8 07-15   * Audi A5 8T 07-16   * Audi A6 C6 04\u201312   * Audi Q5 8R 08-16\" \/>\n<meta property=\"og:url\" content=\"https:\/\/erformance.eu\/et\/toode\/audi-q5-8r-08-16-juoda-chromuota-6-greiciu-perjungimo-rankenele-juodos-apsaugos-su-juodais-siulais\/\" \/>\n<meta property=\"og:site_name\" content=\"Erformance.eu\" \/>\n<meta property=\"article:modified_time\" content=\"2026-03-25T22:41:40+00:00\" \/>\n<meta property=\"og:image\" content=\"https:\/\/erformance.eu\/wp-content\/uploads\/2026\/02\/pol_pm_Audi-Q5-8R-08-16-galka-zmiany-biegow-CZARNA-CHROME-6-BIEGOW-MIESZEK-CZARNY-Z-CZARNA-NITKA-23685_1.jpg\" \/>\n\t<meta property=\"og:image:width\" content=\"900\" \/>\n\t<meta property=\"og:image:height\" content=\"900\" \/>\n\t<meta property=\"og:image:type\" content=\"image\/jpeg\" \/>\n<meta name=\"twitter:card\" content=\"summary_large_image\" \/>\n<script type=\"application\/ld+json\" class=\"yoast-schema-graph\">{\"@context\":\"https:\\\/\\\/schema.org\",\"@graph\":[{\"@type\":\"WebPage\",\"@id\":\"https:\\\/\\\/erformance.eu\\\/et\\\/toode\\\/audi-q5-8r-08-16-juoda-chromuota-6-greiciu-perjungimo-rankenele-juodos-apsaugos-su-juodais-siulais\\\/\",\"url\":\"https:\\\/\\\/erformance.eu\\\/et\\\/toode\\\/audi-q5-8r-08-16-juoda-chromuota-6-greiciu-perjungimo-rankenele-juodos-apsaugos-su-juodais-siulais\\\/\",\"name\":\"Audi Q5 8R 08-16 JUODA + CHROMUOTA 6 GREI\u010cI\u0172 PERJUNGIMO RANKEN\u0116L\u0116 + JUODOS APSAUGOS SU JUODAIS SI\u016aLAIS - Erformance.eu\",\"isPartOf\":{\"@id\":\"https:\\\/\\\/erformance.eu\\\/et\\\/#website\"},\"primaryImageOfPage\":{\"@id\":\"https:\\\/\\\/erformance.eu\\\/et\\\/toode\\\/audi-q5-8r-08-16-juoda-chromuota-6-greiciu-perjungimo-rankenele-juodos-apsaugos-su-juodais-siulais\\\/#primaryimage\"},\"image\":{\"@id\":\"https:\\\/\\\/erformance.eu\\\/et\\\/toode\\\/audi-q5-8r-08-16-juoda-chromuota-6-greiciu-perjungimo-rankenele-juodos-apsaugos-su-juodais-siulais\\\/#primaryimage\"},\"thumbnailUrl\":\"https:\\\/\\\/erformance.eu\\\/wp-content\\\/uploads\\\/2026\\\/02\\\/pol_pm_Audi-Q5-8R-08-16-galka-zmiany-biegow-CZARNA-CHROME-6-BIEGOW-MIESZEK-CZARNY-Z-CZARNA-NITKA-23685_1.jpg\",\"datePublished\":\"2026-02-16T11:16:17+00:00\",\"dateModified\":\"2026-03-25T22:41:40+00:00\",\"breadcrumb\":{\"@id\":\"https:\\\/\\\/erformance.eu\\\/et\\\/toode\\\/audi-q5-8r-08-16-juoda-chromuota-6-greiciu-perjungimo-rankenele-juodos-apsaugos-su-juodais-siulais\\\/#breadcrumb\"},\"inLanguage\":\"et\",\"potentialAction\":[{\"@type\":\"ReadAction\",\"target\":[\"https:\\\/\\\/erformance.eu\\\/et\\\/toode\\\/audi-q5-8r-08-16-juoda-chromuota-6-greiciu-perjungimo-rankenele-juodos-apsaugos-su-juodais-siulais\\\/\"]}]},{\"@type\":\"ImageObject\",\"inLanguage\":\"et\",\"@id\":\"https:\\\/\\\/erformance.eu\\\/et\\\/toode\\\/audi-q5-8r-08-16-juoda-chromuota-6-greiciu-perjungimo-rankenele-juodos-apsaugos-su-juodais-siulais\\\/#primaryimage\",\"url\":\"https:\\\/\\\/erformance.eu\\\/wp-content\\\/uploads\\\/2026\\\/02\\\/pol_pm_Audi-Q5-8R-08-16-galka-zmiany-biegow-CZARNA-CHROME-6-BIEGOW-MIESZEK-CZARNY-Z-CZARNA-NITKA-23685_1.jpg\",\"contentUrl\":\"https:\\\/\\\/erformance.eu\\\/wp-content\\\/uploads\\\/2026\\\/02\\\/pol_pm_Audi-Q5-8R-08-16-galka-zmiany-biegow-CZARNA-CHROME-6-BIEGOW-MIESZEK-CZARNY-Z-CZARNA-NITKA-23685_1.jpg\",\"width\":900,\"height\":900},{\"@type\":\"BreadcrumbList\",\"@id\":\"https:\\\/\\\/erformance.eu\\\/et\\\/toode\\\/audi-q5-8r-08-16-juoda-chromuota-6-greiciu-perjungimo-rankenele-juodos-apsaugos-su-juodais-siulais\\\/#breadcrumb\",\"itemListElement\":[{\"@type\":\"ListItem\",\"position\":1,\"name\":\"Home\",\"item\":\"https:\\\/\\\/erformance.eu\\\/et\\\/\"},{\"@type\":\"ListItem\",\"position\":2,\"name\":\"Pood\",\"item\":\"https:\\\/\\\/erformance.eu\\\/et\\\/pood\\\/\"},{\"@type\":\"ListItem\",\"position\":3,\"name\":\"Audi Q5 8R 08-16 JUODA + CHROMUOTA 6 GREI\u010cI\u0172 PERJUNGIMO RANKEN\u0116L\u0116 + JUODOS APSAUGOS SU JUODAIS SI\u016aLAIS\"}]},{\"@type\":\"WebSite\",\"@id\":\"https:\\\/\\\/erformance.eu\\\/et\\\/#website\",\"url\":\"https:\\\/\\\/erformance.eu\\\/et\\\/\",\"name\":\"Erformance.eu\",\"description\":\"Automobili\u0173 dali\u0173 parduotuv\u0117\",\"potentialAction\":[{\"@type\":\"SearchAction\",\"target\":{\"@type\":\"EntryPoint\",\"urlTemplate\":\"https:\\\/\\\/erformance.eu\\\/et\\\/?s={search_term_string}\"},\"query-input\":{\"@type\":\"PropertyValueSpecification\",\"valueRequired\":true,\"valueName\":\"search_term_string\"}}],\"inLanguage\":\"et\"}]}<\/script>\n<!-- \/ Yoast SEO Premium plugin. -->","yoast_head_json":{"title":"Audi Q5 8R 08-16 JUODA + CHROMUOTA 6 GREI\u010cI\u0172 PERJUNGIMO RANKEN\u0116L\u0116 + JUODOS APSAUGOS SU JUODAIS SI\u016aLAIS - Erformance.eu","robots":{"index":"index","follow":"follow","max-snippet":"max-snippet:-1","max-image-preview":"max-image-preview:large","max-video-preview":"max-video-preview:-1"},"canonical":"https:\/\/erformance.eu\/et\/toode\/audi-q5-8r-08-16-juoda-chromuota-6-greiciu-perjungimo-rankenele-juodos-apsaugos-su-juodais-siulais\/","og_locale":"et_EE","og_type":"article","og_title":"Audi Q5 8R 08-16 JUODA + CHROMUOTA 6 GREI\u010cI\u0172 PERJUNGIMO RANKEN\u0116L\u0116 + JUODOS APSAUGOS SU JUODAIS SI\u016aLAIS","og_description":"1. Prek\u0117: Pavar\u0173 perjungimo svirtis + apsaugin\u0117 danga su r\u0117mu2. Gamintojas: pakeitimas3. Automobilis:   * Audi A4 B8 07-15   * Audi A5 8T 07-16   * Audi A6 C6 04\u201312   * Audi Q5 8R 08-16","og_url":"https:\/\/erformance.eu\/et\/toode\/audi-q5-8r-08-16-juoda-chromuota-6-greiciu-perjungimo-rankenele-juodos-apsaugos-su-juodais-siulais\/","og_site_name":"Erformance.eu","article_modified_time":"2026-03-25T22:41:40+00:00","og_image":[{"width":900,"height":900,"url":"https:\/\/erformance.eu\/wp-content\/uploads\/2026\/02\/pol_pm_Audi-Q5-8R-08-16-galka-zmiany-biegow-CZARNA-CHROME-6-BIEGOW-MIESZEK-CZARNY-Z-CZARNA-NITKA-23685_1.jpg","type":"image\/jpeg"}],"twitter_card":"summary_large_image","schema":{"@context":"https:\/\/schema.org","@graph":[{"@type":"WebPage","@id":"https:\/\/erformance.eu\/et\/toode\/audi-q5-8r-08-16-juoda-chromuota-6-greiciu-perjungimo-rankenele-juodos-apsaugos-su-juodais-siulais\/","url":"https:\/\/erformance.eu\/et\/toode\/audi-q5-8r-08-16-juoda-chromuota-6-greiciu-perjungimo-rankenele-juodos-apsaugos-su-juodais-siulais\/","name":"Audi Q5 8R 08-16 JUODA + CHROMUOTA 6 GREI\u010cI\u0172 PERJUNGIMO RANKEN\u0116L\u0116 + JUODOS APSAUGOS SU JUODAIS SI\u016aLAIS - Erformance.eu","isPartOf":{"@id":"https:\/\/erformance.eu\/et\/#website"},"primaryImageOfPage":{"@id":"https:\/\/erformance.eu\/et\/toode\/audi-q5-8r-08-16-juoda-chromuota-6-greiciu-perjungimo-rankenele-juodos-apsaugos-su-juodais-siulais\/#primaryimage"},"image":{"@id":"https:\/\/erformance.eu\/et\/toode\/audi-q5-8r-08-16-juoda-chromuota-6-greiciu-perjungimo-rankenele-juodos-apsaugos-su-juodais-siulais\/#primaryimage"},"thumbnailUrl":"https:\/\/erformance.eu\/wp-content\/uploads\/2026\/02\/pol_pm_Audi-Q5-8R-08-16-galka-zmiany-biegow-CZARNA-CHROME-6-BIEGOW-MIESZEK-CZARNY-Z-CZARNA-NITKA-23685_1.jpg","datePublished":"2026-02-16T11:16:17+00:00","dateModified":"2026-03-25T22:41:40+00:00","breadcrumb":{"@id":"https:\/\/erformance.eu\/et\/toode\/audi-q5-8r-08-16-juoda-chromuota-6-greiciu-perjungimo-rankenele-juodos-apsaugos-su-juodais-siulais\/#breadcrumb"},"inLanguage":"et","potentialAction":[{"@type":"ReadAction","target":["https:\/\/erformance.eu\/et\/toode\/audi-q5-8r-08-16-juoda-chromuota-6-greiciu-perjungimo-rankenele-juodos-apsaugos-su-juodais-siulais\/"]}]},{"@type":"ImageObject","inLanguage":"et","@id":"https:\/\/erformance.eu\/et\/toode\/audi-q5-8r-08-16-juoda-chromuota-6-greiciu-perjungimo-rankenele-juodos-apsaugos-su-juodais-siulais\/#primaryimage","url":"https:\/\/erformance.eu\/wp-content\/uploads\/2026\/02\/pol_pm_Audi-Q5-8R-08-16-galka-zmiany-biegow-CZARNA-CHROME-6-BIEGOW-MIESZEK-CZARNY-Z-CZARNA-NITKA-23685_1.jpg","contentUrl":"https:\/\/erformance.eu\/wp-content\/uploads\/2026\/02\/pol_pm_Audi-Q5-8R-08-16-galka-zmiany-biegow-CZARNA-CHROME-6-BIEGOW-MIESZEK-CZARNY-Z-CZARNA-NITKA-23685_1.jpg","width":900,"height":900},{"@type":"BreadcrumbList","@id":"https:\/\/erformance.eu\/et\/toode\/audi-q5-8r-08-16-juoda-chromuota-6-greiciu-perjungimo-rankenele-juodos-apsaugos-su-juodais-siulais\/#breadcrumb","itemListElement":[{"@type":"ListItem","position":1,"name":"Home","item":"https:\/\/erformance.eu\/et\/"},{"@type":"ListItem","position":2,"name":"Pood","item":"https:\/\/erformance.eu\/et\/pood\/"},{"@type":"ListItem","position":3,"name":"Audi Q5 8R 08-16 JUODA + CHROMUOTA 6 GREI\u010cI\u0172 PERJUNGIMO RANKEN\u0116L\u0116 + JUODOS APSAUGOS SU JUODAIS SI\u016aLAIS"}]},{"@type":"WebSite","@id":"https:\/\/erformance.eu\/et\/#website","url":"https:\/\/erformance.eu\/et\/","name":"Erformance.eu","description":"Automobili\u0173 dali\u0173 parduotuv\u0117","potentialAction":[{"@type":"SearchAction","target":{"@type":"EntryPoint","urlTemplate":"https:\/\/erformance.eu\/et\/?s={search_term_string}"},"query-input":{"@type":"PropertyValueSpecification","valueRequired":true,"valueName":"search_term_string"}}],"inLanguage":"et"}]}},"jetpack_sharing_enabled":true,"_links":{"self":[{"href":"https:\/\/erformance.eu\/et\/wp-json\/wp\/v2\/product\/56266","targetHints":{"allow":["GET"]}}],"collection":[{"href":"https:\/\/erformance.eu\/et\/wp-json\/wp\/v2\/product"}],"about":[{"href":"https:\/\/erformance.eu\/et\/wp-json\/wp\/v2\/types\/product"}],"replies":[{"embeddable":true,"href":"https:\/\/erformance.eu\/et\/wp-json\/wp\/v2\/comments?post=56266"}],"version-history":[{"count":1,"href":"https:\/\/erformance.eu\/et\/wp-json\/wp\/v2\/product\/56266\/revisions"}],"predecessor-version":[{"id":56267,"href":"https:\/\/erformance.eu\/et\/wp-json\/wp\/v2\/product\/56266\/revisions\/56267"}],"wp:featuredmedia":[{"embeddable":true,"href":"https:\/\/erformance.eu\/et\/wp-json\/wp\/v2\/media\/49418"}],"wp:attachment":[{"href":"https:\/\/erformance.eu\/et\/wp-json\/wp\/v2\/media?parent=56266"}],"wp:term":[{"taxonomy":"product_brand","embeddable":true,"href":"https:\/\/erformance.eu\/et\/wp-json\/wp\/v2\/product_brand?post=56266"},{"taxonomy":"product_cat","embeddable":true,"href":"https:\/\/erformance.eu\/et\/wp-json\/wp\/v2\/product_cat?post=56266"},{"taxonomy":"product_tag","embeddable":true,"href":"https:\/\/erformance.eu\/et\/wp-json\/wp\/v2\/product_tag?post=56266"}],"curies":[{"name":"wp","href":"https:\/\/api.w.org\/{rel}","templated":true}]}}