{"id":56270,"date":"2026-02-16T14:16:19","date_gmt":"2026-02-16T11:16:19","guid":{"rendered":"https:\/\/erformance.eu\/?post_type=product&#038;p=56270"},"modified":"2026-03-05T19:58:21","modified_gmt":"2026-03-05T16:58:21","slug":"audi-a1-a3-a6-a7-a8-q2-q3-q5-q7-q8-tt-160kpa-issipletimo-bako-dangtelis","status":"publish","type":"product","link":"https:\/\/erformance.eu\/et\/toode\/audi-a1-a3-a6-a7-a8-q2-q3-q5-q7-q8-tt-160kpa-issipletimo-bako-dangtelis\/","title":{"rendered":"Audi A1, A3, A6, A7, A8, Q2, Q3, Q5, Q7, Q8, TT 160kPa i\u0161sipl\u0117timo bako dangtelis"},"content":{"rendered":"<p>Prek\u0117: i\u0161sipl\u0117timo bako dangtelis<br \/>\nOriginalus numeris:<\/p>\n<p>2Q0121321A<\/p>\n<p>PASTABA: auk\u0161\u010diau pateikti numeriai yra original\u016bs dali\u0173 numeriai, kuriuos \u0161is pasi\u016blymas pakei\u010dia. Prie\u0161 pirkdami, palyginkite juos su originaliu dalies numeriu. Jei jie skiriasi net vienu simboliu, dalis netiks, neveiks arba veiks netinkamai. Tokiu atveju jos nepirkite.<br \/>\nAutomobilis:<\/p>\n<p>\u201eAudi A1\u201c (8X1, 8XK) gamybos metai: 2014\u20132018<br \/>\nAudi A1 CITY CARVER (GBH) , modeliai pagaminti nuo: 2019-<br \/>\n\u201eAudi A1 Sportback\u201c (8XA, 8XF) gamybos metai: 2014\u20132018<br \/>\n\u201eAudi A1 Sportback\u201c (GBA) , modeliai, pagaminti nuo: 2018 m.<br \/>\nAudi A3 (8P1) gamybos metai: 2006\u20132012<br \/>\nAudi A3 (8V1, 8VK) , modeliai, pagaminti nuo: 2012-<br \/>\nAudi A3 Limousine (8VS, 8VM) pagaminimo metai: 20201203-<br \/>\n\u201eAudi A3 Limousine\u201c (8YS) , modeliai, pagaminti nuo: 2020 m.<br \/>\nAudi A3 Limousine (8YS, 8YM) , modeliai pagaminti nuo: 2020-<br \/>\n\u201eAudi A3 Sportback\u201c (8PA) gamybos metai: 2006\u20132013<br \/>\nAudi A3 Sportback (8VA, 8VF) , modeliai pagaminti nuo: 2013 m.<br \/>\n\u201eAudi A3 Sportback\u201c (8YA) , modeliai, pagaminti nuo: 2019 m.<br \/>\nAudi A3 Sportback (8YA, 8YF) , modeliai pagaminti nuo: 2021-<br \/>\nAudi A3 kabrioletas (8V7, 8VE) , modeliai pagaminti nuo: 2013 m.<br \/>\n\u201eAudi A6 C8\u201c (4A2) , modeliai, pagaminti nuo: 2019 m.<br \/>\nAudi A6 C8 Avant (4A5) , modeliai, pagaminti nuo: 2020-<br \/>\n\u201eAudi A7 Sportback\u201c (4KA) , modeliai, pagaminti nuo: 2019 m.<br \/>\nAudi A8 D4 (4H2, 4H8, 4HC, 4HL) gamybos metai: 2012\u20132018<br \/>\nAudi A8 D5 (4N2, 4N8) , modeliai pagaminti nuo: 2018-<br \/>\nAudi A8 D5 (4N2, 4N8, 4NC, 4NL) , modeliai pagaminti nuo: 2021 m.<br \/>\nAudi Q2 (GAB, GAG) , modeliai, pagaminti nuo: 2016 m.<br \/>\n\u201eAudi Q3\u201c (8UB, 8UG) gamybos metai: 2013\u20132018<br \/>\nAudi Q3 (F3B) , modeliai, pagaminti nuo: 2018 m.<br \/>\n\u201eAudi Q3 Sportback\u201c (F3N) , modeliai, pagaminti nuo: 2019 m.<br \/>\nAudi Q5 (FYB, FYG) , modeliai, pagaminti nuo: 2019 m.<br \/>\n\u201eAudi Q5 Sportback\u201c (FYT) , modeliai, pagaminti nuo: 2021 m.<br \/>\nAudi Q7 (4MB, 4MG) gamybos metai: 2015-2019<br \/>\n\u201eAudi Q7\u201c (4MB, 4MG, 4MQ) , modeliai, pagaminti nuo: 2019 m.<br \/>\nAudi Q7 Van (4MB, 4MG) gamybos metai: 2015-2019<br \/>\n\u201eAudi Q8\u201c (4MN) , modeliai, pagaminti nuo: 2018 m.<br \/>\nAudi TT (8J3) gamybos metai: 2008\u20132014<br \/>\nAudi TT (FV3, FVP) , modeliai pagaminti nuo: 2014-<br \/>\nAudi TT Roadster (8J9) gamybos metai: 2007\u20132014<br \/>\n\u201eAudi TT Roadster\u201c (FV9, FVR) , modeliai, pagaminti nuo: 2014 m.<br \/>\n\u201eSeat ALHAMBRA\u201c (710, 711) gamybos metai: 2010\u20132022<br \/>\nSeat ALHAMBRA VAN (711) gamybos metai: 2015\u20132022<br \/>\nSeat ARONA (KJ7) , modeliai pagaminti nuo: 2017-<br \/>\n\u201eSeat ARONA\u201c (KJ7, KJP) , modeliai, pagaminti nuo: 2018 m.<br \/>\n\u201eSeat ATECA\u201c (KH7, KHP) , modeliai, pagaminti nuo: 2016 m.<br \/>\nSeat IBIZA IV SC (6J1, 6P5) gamybos metai: 2015-2016<br \/>\nSeat IBIZA V (KJ1) , modeliai pagaminti nuo: 2017-<br \/>\nSeat IBIZA V (KJ1, KJG) , modeliai pagaminti nuo: 2017-<br \/>\n\u201eSeat LEON\u201c (5F1) gamybos metai: 2012\u20132020<br \/>\nSeat LEON (KL1, KLG) , modeliai pagaminti nuo: 2019-<br \/>\nSeat LEON Furgon\/hatchback (5F1) rok produkcji: 2012-2018<br \/>\nSeat LEON SC (5F5) rok produkcji: 2013-2018<br \/>\nSeat LEON ST (5F8), modele produkowane od roku: 2013-<br \/>\nSeat LEON ST Furgon\/kombi (5F8), modele produkowane od roku: 2013-<br \/>\nSeat LEON ST nadwozie zamkni\u0119te \/ kombi (5F8), modele produkowane od roku: 2014-<br \/>\nSeat LEON Sportstourer (KL8, KLD), modele produkowane od roku: 2020-<br \/>\nSeat Mii (KF1, KE1) rok produkcji: 2011-2019<br \/>\nSeat TARRACO (KN2), modele produkowane od roku: 2018-<br \/>\nSeat TOLEDO IV (KG3) rok produkcji: 2015-2019<br \/>\nSkoda CITIGO (NF1) rok produkcji: 2011-2019<br \/>\nSkoda FABIA III (NJ3), modele produkowane od roku: 2014-<br \/>\nSkoda FABIA III Kombi (NJ5), modele produkowane od roku: 2014-<br \/>\nSkoda FABIA IV (PJ3), modele produkowane od roku: 2021-<br \/>\nSkoda KAMIQ (NW4), modele produkowane od roku: 2019-<br \/>\nSkoda KAROQ (NU7), modele produkowane od roku: 2017-<br \/>\nSkoda KODIAQ (NS7, NV7), modele produkowane od roku: 2016-<br \/>\nSkoda KODIAQ I (NS6, NS7, NV7), modele produkowane od roku: 2017-<br \/>\nSkoda OCTAVIA II (1Z3) rok produkcji: 2004-2013<br \/>\nSkoda OCTAVIA II Combi (1Z5) rok produkcji: 2004-2013<br \/>\nSkoda OCTAVIA III (5E3, NL3, NR3) rok produkcji: 2012-2020<br \/>\nSkoda OCTAVIA III Combi (5E5, 5E6), modele produkowane od roku: 2012-<br \/>\nSkoda OCTAVIA IV (NX3, NN3, PV3), modele produkowane od roku: 2020-<br \/>\nSkoda OCTAVIA IV Combi (NX5, PV5), modele produkowane od roku: 2020-<br \/>\nSkoda RAPID (NH3) rok produkcji: 2012-2019<br \/>\nSkoda RAPID (NH3, NK3, NK6) rok produkcji: 2015-2022<br \/>\nSkoda RAPID Spaceback (NH1) rok produkcji: 2012-2019<br \/>\nSkoda SCALA (NW1), modele produkowane od roku: 2019-<br \/>\nSkoda SUPERB II (3T4) rok produkcji: 2008-2015<br \/>\nSkoda SUPERB II Kombi (3T5) rok produkcji: 2009-2015<br \/>\nSkoda SUPERB III (3V3) rok produkcji: 2015-2024<br \/>\nSkoda SUPERB III Kombi (3V5) rok produkcji: 2015-2024<br \/>\nSkoda YETI (5L) rok produkcji: 2009-2017<br \/>\nVolkswagen AMAROK (2HA, 2HB, S1B, S6B, S7A, S7B), modele produkowane od roku: 2016-<br \/>\nVolkswagen AMAROK (2HA, 2HB, S1B, S6B, S7A, S7B, AGD), modele produkowane od roku: 2018-<br \/>\nVolkswagen ARTEON (3H7, 3H8) rok produkcji: 2017-2022<br \/>\nVolkswagen ARTEON SHOOTING BRAKE (3H9), modele produkowane od roku: 2020-<br \/>\nVolkswagen ATLAS (CA1, CA2, CA3), modele produkowane od roku: 2019-<br \/>\nVolkswagen BEETLE (5C1, 5C2) rok produkcji: 2011-2019<br \/>\nVolkswagen BEETLE kabriolet (5C7, 5C8) rok produkcji: 2011-2019<br \/>\nVolkswagen CADDY ALLTRACK (SAB), modele produkowane od roku: 2015-<br \/>\nVolkswagen CADDY III kombi (2KB, 2KJ, 2CB, 2CJ) 1.6 TDI rok produkcji: 2010-2015<br \/>\nVolkswagen CADDY III kombi (2KB, 2KJ, 2CB, 2CJ) 2.0 TDI rok produkcji: 2010-2015<br \/>\nVolkswagen CADDY III kombi (2KB, 2KJ, 2CB, 2CJ) 2.0 TDI 16V rok produkcji: 2010-2015<br \/>\nVolkswagen CADDY III kombi (2KB, 2KJ, 2CB, 2CJ) 2.0 TDI 4m rok produkcji: 2010-2015<br \/>\nVolkswagen CADDY IV (SAB, SAJ), modele produkowane od roku: 2015-<br \/>\nVolkswagen CADDY V, modele produkowane od roku: 2021-<br \/>\nVolkswagen CC B7 (358) rok produkcji: 2011-2016<br \/>\nVolkswagen GOLF ALLTRACK VII Variant (BA5, BV5) rok produkcji: 2014-2018<br \/>\nVolkswagen GOLF ALLTRACK VIII (CG5), modele produkowane od roku: 2020-<br \/>\nVolkswagen GOLF SPORTSVAN VII (AM1, AN1), modele produkowane od roku: 2014-<br \/>\nVolkswagen GOLF V (1K1) rok produkcji: 2005-2008<br \/>\nVolkswagen GOLF VAN VII Variant (BA5) rok produkcji: 2013-2017<br \/>\nVolkswagen GOLF VI (5K1) rok produkcji: 2009-2012<br \/>\nVolkswagen GOLF VI Van (5K1) rok produkcji: 2010-2012<br \/>\nVolkswagen GOLF VI kabriolet (517) rok produkcji: 2013-2016<br \/>\nVolkswagen GOLF VII (5G1, BQ1, BE1, BE2) rok produkcji: 2012-2020<br \/>\nVolkswagen GOLF VII Van (5G1) rok produkcji: 2012-2017<br \/>\nVolkswagen GOLF VII Variant (BA5, BV5) rok produkcji: 2013-2018<br \/>\nVolkswagen GOLF VIII (CD1, DA1), modele produkowane od roku: 2019-<br \/>\nVolkswagen GOLF VIII Variant (CG5, DB5), modele produkowane od roku: 2020-<br \/>\nVolkswagen JETTA III (1K2) rok produkcji: 2005-2010<br \/>\nVolkswagen JETTA IV (162, 163, AV3, AV2), modele produkowane od roku: 2011-<br \/>\nVolkswagen JETTA VII sedan (BU3, BU4), modele produkowane od roku: 2017-<br \/>\nVolkswagen LOAD UP (121, 122, BL1, BL2) rok produkcji: 2014-2020<br \/>\nVolkswagen LOAD UP! (121, 122, BL1, BL2) rok produkcji: 2016-2019<br \/>\nVolkswagen PASSAT ALLTRACK B7 (365) rok produkcji: 2012-2014<br \/>\nVolkswagen PASSAT ALLTRACK B8 Variant (3G5, CB5) rok produkcji: 2015-2020<br \/>\nVolkswagen PASSAT B6 (3C2) rok produkcji: 2005-2010<br \/>\nVolkswagen PASSAT B6 Variant (3C5) rok produkcji: 2005-2010<br \/>\nVolkswagen PASSAT B7 (362) rok produkcji: 2010-2014<br \/>\nVolkswagen PASSAT B7 Furgon\/kombi (365) rok produkcji: 2010-2024<br \/>\nVolkswagen PASSAT B7 Variant (365) rok produkcji: 2010-2024<br \/>\nVolkswagen PASSAT B8 (3G2, CB2) rok produkcji: 2014-2024<br \/>\nVolkswagen PASSAT B8 Variant (3G5, CB5) rok produkcji: 2014-2024<br \/>\nVolkswagen PASSAT CC B6 (357) rok produkcji: 2008-2012<br \/>\nVolkswagen POLO V (6R1, 6C1), modele produkowane od roku: 2013-<br \/>\nVolkswagen POLO V sedan (602, 604, 612, 614) rok produkcji: 2010-2022<br \/>\nVolkswagen POLO VI (AW1, BZ1), modele produkowane od roku: 2017-<br \/>\nVolkswagen POLO VI (AW1, BZ1, AE1) rok produkcji: 2017-2021<br \/>\nVolkswagen SCIROCCO III (137, 138) rok produkcji: 2009-2017<br \/>\nVolkswagen SCIROCCO Van (137) rok produkcji: 2009-2014<br \/>\nVolkswagen T-CROSS (C11), modele produkowane od roku: 2018-<br \/>\nVolkswagen T-CROSS (C11, D31), modele produkowane od roku: 2018-<br \/>\nVolkswagen T-ROC (A11), modele produkowane od roku: 2017-<br \/>\nVolkswagen T-ROC (A11, D11), modele produkowane od roku: 2017-<br \/>\nVolkswagen T-ROC kabriolet (AC7, AC8), modele produkowane od roku: 2019-<br \/>\nVolkswagen TAIGO (CS1), modele produkowane od roku: 2021-<br \/>\nVolkswagen TIGUAN (5N_) rok produkcji: 2011-2018<br \/>\nVolkswagen TIGUAN (AD1, AX1) rok produkcji: 2016-2024<br \/>\nVolkswagen TIGUAN ALLSPACE (BW2), modele produkowane od roku: 2017-<br \/>\nVolkswagen TIGUAN VAN (5N_) rok produkcji: 2009-2018<br \/>\nVolkswagen TOUAREG (CR7, RC8), modele produkowane od roku: 2018-<br \/>\nVolkswagen TOURAN (1T1, 1T2) rok produkcji: 2005-2010<br \/>\nVolkswagen TOURAN (5T1), modele produkowane od roku: 2015-<br \/>\nVolkswagen MULTIVAN T7 (STM, STN), modele produkowane od roku: 2021-<br \/>\nVolkswagen SHARAN (7N1, 7N2) rok produkcji: 2010-2015<\/p>\n<p>Ci\u015bnienie zaworu upustowego:  160kPa \/ 23PSI<br \/>\nProducent: zamiennik<br \/>\nStan techniczny: przedmiot jest fabrycznie NOWY, nieu\u017cywany, nieuszkodzony i niezniszczony<\/p>\n","protected":false},"excerpt":{"rendered":"<p>1. Prek\u0117: i\u0161sipl\u0117timo bako dangtelis2. Gamintojas: pakeitimas3. Automobilis:Audi A1, A3, A6, A7, A8, Q2, Q3, Q5, Q7, Q8, TT<\/p>\n","protected":false},"featured_media":49434,"comment_status":"open","ping_status":"closed","template":"","meta":[],"product_brand":[],"product_cat":[3920,3921,3930,3931,3932,3933,3905,3934,3906,3928,3927,3907,3902,3904,392,393,186,390,391,394,395,396,144,3908,3909,3910,3911,3913,3912,3914,3916,3917,3918,3919,3935,3922,3923,3924,3925,3929,3926,3903,3952,3943,3966,3957,3948,3971,3962,3953,3944,3967,3958,3949,3972,3963,3954,3945,3968,3959,3950,3973,3964,3955,3946,3969,3960,3951,3942,3974,3965,3956,3947,3970,3961,4156,4179,4147,4170,4161,4152,4175,4166,4157,4148,4171,4162,4153,4176,4167,4158,4149,4172,4163,4154,4177,4168,4159,4150,4173,4164,4155,4178,4169,4160,4151,4174,4165,397,399,400,402,401],"product_tag":[],"class_list":{"0":"post-56270","1":"product","2":"type-product","3":"status-publish","4":"has-post-thumbnail","6":"product_cat-audi-a7-4g","7":"product_cat-audi-a7-4k","8":"product_cat-audi-q7-4l","9":"product_cat-audi-q7-4m","10":"product_cat-audi-q8-4m","11":"product_cat-audi-tt-8j","12":"product_cat-audi-a3-8l","13":"product_cat-audi-tt-8n","14":"product_cat-audi-a3-8p","15":"product_cat-audi-q5-8r","16":"product_cat-audi-q3-8u","17":"product_cat-audi-a3-8v","18":"product_cat-audi-a1-8x","19":"product_cat-audi-a2-8z","20":"product_cat-audi-a1","21":"product_cat-audi-a2","22":"product_cat-a3","23":"product_cat-audi-a4","24":"product_cat-audi-a5","25":"product_cat-audi-a6","26":"product_cat-audi-a7","27":"product_cat-audi-a8","28":"product_cat-audi","29":"product_cat-audi-a4-b5","30":"product_cat-audi-a4-b6","31":"product_cat-audi-a4-b7","32":"product_cat-audi-a4-b8","33":"product_cat-audi-a5-b8-8t","34":"product_cat-audi-a4-b9","35":"product_cat-audi-a5-b9-f5","36":"product_cat-audi-a6-c4","37":"product_cat-audi-a6-c5","38":"product_cat-audi-a6-c6","39":"product_cat-audi-a6-c7","40":"product_cat-audi-a6-c8","41":"product_cat-audi-a8-d2","42":"product_cat-audi-a8-d3","43":"product_cat-audi-a8-d4","44":"product_cat-audi-a8-d5","45":"product_cat-audi-q5-fy","46":"product_cat-audi-q2-ga","47":"product_cat-audi-a1-gb","48":"product_cat-audi-a4-b9-isores-dalys","49":"product_cat-audi-a1-gb-isores-dalys","50":"product_cat-audi-q2-ga-isores-dalys","51":"product_cat-audi-a6-c6-isores-dalys","52":"product_cat-audi-a4-b5-isores-dalys","53":"product_cat-audi-q7-4m-isores-dalys","54":"product_cat-audi-a8-d2-isores-dalys","55":"product_cat-audi-a5-b8-8t-isores-dalys","56":"product_cat-audi-a2-8z-isores-dalys","57":"product_cat-audi-q3-8u-isores-dalys","58":"product_cat-audi-a6-c7-isores-dalys","59":"product_cat-audi-a4-b6-isores-dalys","60":"product_cat-audi-q8-4m-isores-dalys","61":"product_cat-audi-a8-d3-isores-dalys","62":"product_cat-audi-a5-b9-f5-isores-dalys","63":"product_cat-audi-a3-8l-isores-dalys","64":"product_cat-audi-q5-8r-isores-dalys","65":"product_cat-audi-a6-c8-isores-dalys","66":"product_cat-audi-a4-b7-isores-dalys","67":"product_cat-audi-tt-8j-isores-dalys","68":"product_cat-audi-a8-d4-isores-dalys","69":"product_cat-audi-a6-c4-isores-dalys","70":"product_cat-audi-a3-8p-isores-dalys","71":"product_cat-audi-q5-fy-isores-dalys","72":"product_cat-audi-a7-4g-isores-dalys","73":"product_cat-audi-a4-b8-isores-dalys","74":"product_cat-audi-a1-8x-isores-dalys","75":"product_cat-audi-tt-8n-isores-dalys","76":"product_cat-audi-a8-d5-isores-dalys","77":"product_cat-audi-a6-c5-isores-dalys","78":"product_cat-audi-a3-8v-isores-dalys","79":"product_cat-audi-q7-4l-isores-dalys","80":"product_cat-audi-a7-4k-isores-dalys","81":"product_cat-audi-a4-b8-isores-kitos-dalys","82":"product_cat-audi-tt-8n-isores-kitos-dalys","83":"product_cat-audi-a1-8x-isores-kitos-dalys","84":"product_cat-audi-a8-d5-isores-kitos-dalys","85":"product_cat-audi-a6-c5-isores-kitos-dalys","86":"product_cat-audi-a3-8v-isores-kitos-dalys","87":"product_cat-audi-q7-4l-isores-kitos-dalys","88":"product_cat-audi-a7-4k-isores-kitos-dalys","89":"product_cat-audi-a4-b9-isores-kitos-dalys","90":"product_cat-audi-a1-gb-isores-kitos-dalys","91":"product_cat-audi-q2-ga-isores-kitos-dalys","92":"product_cat-audi-a6-c6-isores-kitos-dalys","93":"product_cat-audi-a4-b5-isores-kitos-dalys","94":"product_cat-audi-q7-4m-isores-kitos-dalys","95":"product_cat-audi-a8-d2-isores-kitos-dalys","96":"product_cat-audi-a5-b8-8t-isores-kitos-dalys","97":"product_cat-audi-a2-8z-isores-kitos-dalys","98":"product_cat-audi-q3-8u-isores-kitos-dalys","99":"product_cat-audi-a6-c7-isores-kitos-dalys","100":"product_cat-audi-a4-b6-isores-kitos-dalys","101":"product_cat-audi-q8-4m-isores-kitos-dalys","102":"product_cat-audi-a8-d3-isores-kitos-dalys","103":"product_cat-audi-a5-b9-f5-isores-kitos-dalys","104":"product_cat-audi-a3-8l-isores-kitos-dalys","105":"product_cat-audi-q5-8r-isores-kitos-dalys","106":"product_cat-audi-a6-c8-isores-kitos-dalys","107":"product_cat-audi-a4-b7-isores-kitos-dalys","108":"product_cat-audi-tt-8j-isores-kitos-dalys","109":"product_cat-audi-a8-d4-isores-kitos-dalys","110":"product_cat-audi-a6-c4-isores-kitos-dalys","111":"product_cat-audi-a3-8p-isores-kitos-dalys","112":"product_cat-audi-q5-fy-isores-kitos-dalys","113":"product_cat-audi-a7-4g-isores-kitos-dalys","114":"product_cat-audi-q2","115":"product_cat-audi-q5","116":"product_cat-audi-q7","117":"product_cat-audi-q8","118":"product_cat-audi-tt","120":"first","121":"instock","122":"shipping-taxable","123":"purchasable","124":"product-type-simple"},"yoast_head":"<!-- This site is optimized with the Yoast SEO Premium plugin v25.2 (Yoast SEO v27.4) - https:\/\/yoast.com\/product\/yoast-seo-premium-wordpress\/ -->\n<title>Audi A1, A3, A6, A7, A8, Q2, Q3, Q5, Q7, Q8, TT 160kPa i\u0161sipl\u0117timo bako dangtelis - Erformance.eu<\/title>\n<meta name=\"robots\" content=\"index, follow, max-snippet:-1, max-image-preview:large, max-video-preview:-1\" \/>\n<link rel=\"canonical\" href=\"https:\/\/erformance.eu\/et\/toode\/audi-a1-a3-a6-a7-a8-q2-q3-q5-q7-q8-tt-160kpa-issipletimo-bako-dangtelis\/\" \/>\n<meta property=\"og:locale\" content=\"et_EE\" \/>\n<meta property=\"og:type\" content=\"article\" \/>\n<meta property=\"og:title\" content=\"Audi A1, A3, A6, A7, A8, Q2, Q3, Q5, Q7, Q8, TT 160kPa i\u0161sipl\u0117timo bako dangtelis\" \/>\n<meta property=\"og:description\" content=\"1. Prek\u0117: i\u0161sipl\u0117timo bako dangtelis2. Gamintojas: pakeitimas3. Automobilis:Audi A1, A3, A6, A7, A8, Q2, Q3, Q5, Q7, Q8, TT\" \/>\n<meta property=\"og:url\" content=\"https:\/\/erformance.eu\/et\/toode\/audi-a1-a3-a6-a7-a8-q2-q3-q5-q7-q8-tt-160kpa-issipletimo-bako-dangtelis\/\" \/>\n<meta property=\"og:site_name\" content=\"Erformance.eu\" \/>\n<meta property=\"article:modified_time\" content=\"2026-03-05T16:58:21+00:00\" \/>\n<meta property=\"og:image\" content=\"https:\/\/erformance.eu\/wp-content\/uploads\/2026\/02\/pol_pm_Audi-A1-A3-A6-A7-A8-Q2-Q3-Q5-Q7-Q8-TT-160kPa-korek-zbiorniczka-wyrownawczego-37088_1.png\" \/>\n\t<meta property=\"og:image:width\" content=\"864\" \/>\n\t<meta property=\"og:image:height\" content=\"862\" \/>\n\t<meta property=\"og:image:type\" content=\"image\/png\" \/>\n<meta name=\"twitter:card\" content=\"summary_large_image\" \/>\n<meta name=\"twitter:label1\" content=\"Est. reading time\" \/>\n\t<meta name=\"twitter:data1\" content=\"6 minutit\" \/>\n<script type=\"application\/ld+json\" class=\"yoast-schema-graph\">{\"@context\":\"https:\\\/\\\/schema.org\",\"@graph\":[{\"@type\":\"WebPage\",\"@id\":\"https:\\\/\\\/erformance.eu\\\/et\\\/toode\\\/audi-a1-a3-a6-a7-a8-q2-q3-q5-q7-q8-tt-160kpa-issipletimo-bako-dangtelis\\\/\",\"url\":\"https:\\\/\\\/erformance.eu\\\/et\\\/toode\\\/audi-a1-a3-a6-a7-a8-q2-q3-q5-q7-q8-tt-160kpa-issipletimo-bako-dangtelis\\\/\",\"name\":\"Audi A1, A3, A6, A7, A8, Q2, Q3, Q5, Q7, Q8, TT 160kPa i\u0161sipl\u0117timo bako dangtelis - Erformance.eu\",\"isPartOf\":{\"@id\":\"https:\\\/\\\/erformance.eu\\\/et\\\/#website\"},\"primaryImageOfPage\":{\"@id\":\"https:\\\/\\\/erformance.eu\\\/et\\\/toode\\\/audi-a1-a3-a6-a7-a8-q2-q3-q5-q7-q8-tt-160kpa-issipletimo-bako-dangtelis\\\/#primaryimage\"},\"image\":{\"@id\":\"https:\\\/\\\/erformance.eu\\\/et\\\/toode\\\/audi-a1-a3-a6-a7-a8-q2-q3-q5-q7-q8-tt-160kpa-issipletimo-bako-dangtelis\\\/#primaryimage\"},\"thumbnailUrl\":\"https:\\\/\\\/erformance.eu\\\/wp-content\\\/uploads\\\/2026\\\/02\\\/pol_pm_Audi-A1-A3-A6-A7-A8-Q2-Q3-Q5-Q7-Q8-TT-160kPa-korek-zbiorniczka-wyrownawczego-37088_1.png\",\"datePublished\":\"2026-02-16T11:16:19+00:00\",\"dateModified\":\"2026-03-05T16:58:21+00:00\",\"breadcrumb\":{\"@id\":\"https:\\\/\\\/erformance.eu\\\/et\\\/toode\\\/audi-a1-a3-a6-a7-a8-q2-q3-q5-q7-q8-tt-160kpa-issipletimo-bako-dangtelis\\\/#breadcrumb\"},\"inLanguage\":\"et\",\"potentialAction\":[{\"@type\":\"ReadAction\",\"target\":[\"https:\\\/\\\/erformance.eu\\\/et\\\/toode\\\/audi-a1-a3-a6-a7-a8-q2-q3-q5-q7-q8-tt-160kpa-issipletimo-bako-dangtelis\\\/\"]}]},{\"@type\":\"ImageObject\",\"inLanguage\":\"et\",\"@id\":\"https:\\\/\\\/erformance.eu\\\/et\\\/toode\\\/audi-a1-a3-a6-a7-a8-q2-q3-q5-q7-q8-tt-160kpa-issipletimo-bako-dangtelis\\\/#primaryimage\",\"url\":\"https:\\\/\\\/erformance.eu\\\/wp-content\\\/uploads\\\/2026\\\/02\\\/pol_pm_Audi-A1-A3-A6-A7-A8-Q2-Q3-Q5-Q7-Q8-TT-160kPa-korek-zbiorniczka-wyrownawczego-37088_1.png\",\"contentUrl\":\"https:\\\/\\\/erformance.eu\\\/wp-content\\\/uploads\\\/2026\\\/02\\\/pol_pm_Audi-A1-A3-A6-A7-A8-Q2-Q3-Q5-Q7-Q8-TT-160kPa-korek-zbiorniczka-wyrownawczego-37088_1.png\",\"width\":864,\"height\":862},{\"@type\":\"BreadcrumbList\",\"@id\":\"https:\\\/\\\/erformance.eu\\\/et\\\/toode\\\/audi-a1-a3-a6-a7-a8-q2-q3-q5-q7-q8-tt-160kpa-issipletimo-bako-dangtelis\\\/#breadcrumb\",\"itemListElement\":[{\"@type\":\"ListItem\",\"position\":1,\"name\":\"Home\",\"item\":\"https:\\\/\\\/erformance.eu\\\/et\\\/\"},{\"@type\":\"ListItem\",\"position\":2,\"name\":\"Pood\",\"item\":\"https:\\\/\\\/erformance.eu\\\/et\\\/pood\\\/\"},{\"@type\":\"ListItem\",\"position\":3,\"name\":\"Audi A1, A3, A6, A7, A8, Q2, Q3, Q5, Q7, Q8, TT 160kPa i\u0161sipl\u0117timo bako dangtelis\"}]},{\"@type\":\"WebSite\",\"@id\":\"https:\\\/\\\/erformance.eu\\\/et\\\/#website\",\"url\":\"https:\\\/\\\/erformance.eu\\\/et\\\/\",\"name\":\"Erformance.eu\",\"description\":\"Automobili\u0173 dali\u0173 parduotuv\u0117\",\"potentialAction\":[{\"@type\":\"SearchAction\",\"target\":{\"@type\":\"EntryPoint\",\"urlTemplate\":\"https:\\\/\\\/erformance.eu\\\/et\\\/?s={search_term_string}\"},\"query-input\":{\"@type\":\"PropertyValueSpecification\",\"valueRequired\":true,\"valueName\":\"search_term_string\"}}],\"inLanguage\":\"et\"}]}<\/script>\n<!-- \/ Yoast SEO Premium plugin. -->","yoast_head_json":{"title":"Audi A1, A3, A6, A7, A8, Q2, Q3, Q5, Q7, Q8, TT 160kPa i\u0161sipl\u0117timo bako dangtelis - Erformance.eu","robots":{"index":"index","follow":"follow","max-snippet":"max-snippet:-1","max-image-preview":"max-image-preview:large","max-video-preview":"max-video-preview:-1"},"canonical":"https:\/\/erformance.eu\/et\/toode\/audi-a1-a3-a6-a7-a8-q2-q3-q5-q7-q8-tt-160kpa-issipletimo-bako-dangtelis\/","og_locale":"et_EE","og_type":"article","og_title":"Audi A1, A3, A6, A7, A8, Q2, Q3, Q5, Q7, Q8, TT 160kPa i\u0161sipl\u0117timo bako dangtelis","og_description":"1. Prek\u0117: i\u0161sipl\u0117timo bako dangtelis2. Gamintojas: pakeitimas3. Automobilis:Audi A1, A3, A6, A7, A8, Q2, Q3, Q5, Q7, Q8, TT","og_url":"https:\/\/erformance.eu\/et\/toode\/audi-a1-a3-a6-a7-a8-q2-q3-q5-q7-q8-tt-160kpa-issipletimo-bako-dangtelis\/","og_site_name":"Erformance.eu","article_modified_time":"2026-03-05T16:58:21+00:00","og_image":[{"width":864,"height":862,"url":"https:\/\/erformance.eu\/wp-content\/uploads\/2026\/02\/pol_pm_Audi-A1-A3-A6-A7-A8-Q2-Q3-Q5-Q7-Q8-TT-160kPa-korek-zbiorniczka-wyrownawczego-37088_1.png","type":"image\/png"}],"twitter_card":"summary_large_image","twitter_misc":{"Est. reading time":"6 minutit"},"schema":{"@context":"https:\/\/schema.org","@graph":[{"@type":"WebPage","@id":"https:\/\/erformance.eu\/et\/toode\/audi-a1-a3-a6-a7-a8-q2-q3-q5-q7-q8-tt-160kpa-issipletimo-bako-dangtelis\/","url":"https:\/\/erformance.eu\/et\/toode\/audi-a1-a3-a6-a7-a8-q2-q3-q5-q7-q8-tt-160kpa-issipletimo-bako-dangtelis\/","name":"Audi A1, A3, A6, A7, A8, Q2, Q3, Q5, Q7, Q8, TT 160kPa i\u0161sipl\u0117timo bako dangtelis - Erformance.eu","isPartOf":{"@id":"https:\/\/erformance.eu\/et\/#website"},"primaryImageOfPage":{"@id":"https:\/\/erformance.eu\/et\/toode\/audi-a1-a3-a6-a7-a8-q2-q3-q5-q7-q8-tt-160kpa-issipletimo-bako-dangtelis\/#primaryimage"},"image":{"@id":"https:\/\/erformance.eu\/et\/toode\/audi-a1-a3-a6-a7-a8-q2-q3-q5-q7-q8-tt-160kpa-issipletimo-bako-dangtelis\/#primaryimage"},"thumbnailUrl":"https:\/\/erformance.eu\/wp-content\/uploads\/2026\/02\/pol_pm_Audi-A1-A3-A6-A7-A8-Q2-Q3-Q5-Q7-Q8-TT-160kPa-korek-zbiorniczka-wyrownawczego-37088_1.png","datePublished":"2026-02-16T11:16:19+00:00","dateModified":"2026-03-05T16:58:21+00:00","breadcrumb":{"@id":"https:\/\/erformance.eu\/et\/toode\/audi-a1-a3-a6-a7-a8-q2-q3-q5-q7-q8-tt-160kpa-issipletimo-bako-dangtelis\/#breadcrumb"},"inLanguage":"et","potentialAction":[{"@type":"ReadAction","target":["https:\/\/erformance.eu\/et\/toode\/audi-a1-a3-a6-a7-a8-q2-q3-q5-q7-q8-tt-160kpa-issipletimo-bako-dangtelis\/"]}]},{"@type":"ImageObject","inLanguage":"et","@id":"https:\/\/erformance.eu\/et\/toode\/audi-a1-a3-a6-a7-a8-q2-q3-q5-q7-q8-tt-160kpa-issipletimo-bako-dangtelis\/#primaryimage","url":"https:\/\/erformance.eu\/wp-content\/uploads\/2026\/02\/pol_pm_Audi-A1-A3-A6-A7-A8-Q2-Q3-Q5-Q7-Q8-TT-160kPa-korek-zbiorniczka-wyrownawczego-37088_1.png","contentUrl":"https:\/\/erformance.eu\/wp-content\/uploads\/2026\/02\/pol_pm_Audi-A1-A3-A6-A7-A8-Q2-Q3-Q5-Q7-Q8-TT-160kPa-korek-zbiorniczka-wyrownawczego-37088_1.png","width":864,"height":862},{"@type":"BreadcrumbList","@id":"https:\/\/erformance.eu\/et\/toode\/audi-a1-a3-a6-a7-a8-q2-q3-q5-q7-q8-tt-160kpa-issipletimo-bako-dangtelis\/#breadcrumb","itemListElement":[{"@type":"ListItem","position":1,"name":"Home","item":"https:\/\/erformance.eu\/et\/"},{"@type":"ListItem","position":2,"name":"Pood","item":"https:\/\/erformance.eu\/et\/pood\/"},{"@type":"ListItem","position":3,"name":"Audi A1, A3, A6, A7, A8, Q2, Q3, Q5, Q7, Q8, TT 160kPa i\u0161sipl\u0117timo bako dangtelis"}]},{"@type":"WebSite","@id":"https:\/\/erformance.eu\/et\/#website","url":"https:\/\/erformance.eu\/et\/","name":"Erformance.eu","description":"Automobili\u0173 dali\u0173 parduotuv\u0117","potentialAction":[{"@type":"SearchAction","target":{"@type":"EntryPoint","urlTemplate":"https:\/\/erformance.eu\/et\/?s={search_term_string}"},"query-input":{"@type":"PropertyValueSpecification","valueRequired":true,"valueName":"search_term_string"}}],"inLanguage":"et"}]}},"jetpack_sharing_enabled":true,"_links":{"self":[{"href":"https:\/\/erformance.eu\/et\/wp-json\/wp\/v2\/product\/56270","targetHints":{"allow":["GET"]}}],"collection":[{"href":"https:\/\/erformance.eu\/et\/wp-json\/wp\/v2\/product"}],"about":[{"href":"https:\/\/erformance.eu\/et\/wp-json\/wp\/v2\/types\/product"}],"replies":[{"embeddable":true,"href":"https:\/\/erformance.eu\/et\/wp-json\/wp\/v2\/comments?post=56270"}],"version-history":[{"count":1,"href":"https:\/\/erformance.eu\/et\/wp-json\/wp\/v2\/product\/56270\/revisions"}],"predecessor-version":[{"id":56271,"href":"https:\/\/erformance.eu\/et\/wp-json\/wp\/v2\/product\/56270\/revisions\/56271"}],"wp:featuredmedia":[{"embeddable":true,"href":"https:\/\/erformance.eu\/et\/wp-json\/wp\/v2\/media\/49434"}],"wp:attachment":[{"href":"https:\/\/erformance.eu\/et\/wp-json\/wp\/v2\/media?parent=56270"}],"wp:term":[{"taxonomy":"product_brand","embeddable":true,"href":"https:\/\/erformance.eu\/et\/wp-json\/wp\/v2\/product_brand?post=56270"},{"taxonomy":"product_cat","embeddable":true,"href":"https:\/\/erformance.eu\/et\/wp-json\/wp\/v2\/product_cat?post=56270"},{"taxonomy":"product_tag","embeddable":true,"href":"https:\/\/erformance.eu\/et\/wp-json\/wp\/v2\/product_tag?post=56270"}],"curies":[{"name":"wp","href":"https:\/\/api.w.org\/{rel}","templated":true}]}}