{"id":56374,"date":"2026-02-16T14:17:26","date_gmt":"2026-02-16T11:17:26","guid":{"rendered":"https:\/\/erformance.eu\/?post_type=product&#038;p=56374"},"modified":"2026-03-26T01:49:45","modified_gmt":"2026-03-25T22:49:45","slug":"audi-q5-8r-08-17-mmi-paneles-vairasvirtes-mygtuku-remonto-komplektas-2-vnt-kpl","status":"publish","type":"product","link":"https:\/\/erformance.eu\/et\/toode\/audi-q5-8r-08-17-mmi-paneles-vairasvirtes-mygtuku-remonto-komplektas-2-vnt-kpl\/","title":{"rendered":"Audi Q5 8R 08-17 MMI panel\u0117s vairasvirt\u0117s mygtuk\u0173 remonto komplektas 2 vnt. KPL"},"content":{"rendered":"<p>Prek\u0117: MMI skydelio vairasvirt\u0117s mygtuko remonto komplektas (2 dalys)<br \/>\nOriginalus numeris:<\/p>\n<p>8K0998068A<br \/>\n8K0998068<br \/>\n4E1919612M<br \/>\n8T0919609K<br \/>\n8T0919609F<br \/>\n8R0919609A<br \/>\n8R0919609F<br \/>\n8T0919609G<br \/>\n4E0910611<br \/>\n8T0919611K<br \/>\n4L0919614B<br \/>\n4F1919611S<br \/>\n8T0919611<br \/>\n8T0919609<\/p>\n<p>PASTABA: auk\u0161\u010diau pateikti numeriai yra original\u016bs dali\u0173 numeriai, kuriuos \u0161is pasi\u016blymas pakei\u010dia. Prie\u0161 pirkdami, palyginkite juos su originaliu dalies numeriu. Jei jie skiriasi net vienu simboliu, dalis netiks, neveiks arba veiks netinkamai. Tokiu atveju jos nepirkite.<br \/>\nAutomobilis:<\/p>\n<p>Audi A4 B8 (8K2), pagaminimo metai: 2007\u20132015<br \/>\nAudi A4 B8 Avant (8K5), gamybos metai: 2007-2015<br \/>\nAudi A4 Allroad B8 (8KH), pagaminimo metai: 2009\u20132016<br \/>\n\u201eAudi RS4\u201c, gamybos metai: 2013\u20132016<br \/>\nAudi A5 (8T3), pagaminimo metai: 2007\u20132017<br \/>\nAudi A5 Sportback (8TA), pagaminimo metai: 2009\u20132017<br \/>\nAudi A5 kabrioletas (8F7), pagaminimo metai: 2009\u20132017<br \/>\n\u201eAudi RS5\u201c, gamybos metai: 2010\u20132016<br \/>\nAudi A6 C6 (4F2), gamybos metai: 2004-2011<br \/>\nAudi A6 C6 Avant (4F5), gamybos metai: 2004-2011<br \/>\nAudi A6 Allroad C6 (4FH), pagaminimo metai: 2006\u20132011<br \/>\n\u201eAudi RS6\u201c, gamybos metai: 2008\u20132011<br \/>\nAudi A8 D3 (4E2, 4E8), pagaminimo metai: 2003\u20132010<br \/>\nAudi Q5 (8RB), gamybos metai: 2008\u20132017<br \/>\nAudi Q7 (4LB), gamybos metai: 2006\u20132015<\/p>\n<p>Gamintojas: pakaitalas<br \/>\nTechnin\u0117 b\u016bkl\u0117: prek\u0117 yra visi\u0161kai nauja, nenaudota, nepa\u017eeista ir nesugadinta<\/p>\n","protected":false},"excerpt":{"rendered":"<p>1. Prek\u0117: MMI skydelio vairasvirt\u0117s mygtuko remonto komplektas2. Gamintojas: pakeitimas3. Automobilis:* Audi A4 B8 07-16* Audi A5 8T 07-17* Audi A6 C6 04\u201311* Audi A8 D3 03-10* Audi Q5 8R 08-17* Audi Q7 4L 06-15<\/p>\n","protected":false},"featured_media":49877,"comment_status":"open","ping_status":"closed","template":"","meta":[],"product_brand":[],"product_cat":[3928,144,4684,399,4007],"product_tag":[],"class_list":{"0":"post-56374","1":"product","2":"type-product","3":"status-publish","4":"has-post-thumbnail","6":"product_cat-audi-q5-8r","7":"product_cat-audi","8":"product_cat-audi-q5-8r-mygtukai-mechanizmai","9":"product_cat-audi-q5","10":"product_cat-audi-q5-8r-salono-dalys","12":"first","13":"instock","14":"shipping-taxable","15":"purchasable","16":"product-type-simple"},"yoast_head":"<!-- This site is optimized with the Yoast SEO Premium plugin v25.2 (Yoast SEO v27.3) - https:\/\/yoast.com\/product\/yoast-seo-premium-wordpress\/ -->\n<title>Audi Q5 8R 08-17 MMI panel\u0117s vairasvirt\u0117s mygtuk\u0173 remonto komplektas 2 vnt. KPL - Erformance.eu<\/title>\n<meta name=\"robots\" content=\"index, follow, max-snippet:-1, max-image-preview:large, max-video-preview:-1\" \/>\n<link rel=\"canonical\" href=\"https:\/\/erformance.eu\/et\/toode\/audi-q5-8r-08-17-mmi-paneles-vairasvirtes-mygtuku-remonto-komplektas-2-vnt-kpl\/\" \/>\n<meta property=\"og:locale\" content=\"et_EE\" \/>\n<meta property=\"og:type\" content=\"article\" \/>\n<meta property=\"og:title\" content=\"Audi Q5 8R 08-17 MMI panel\u0117s vairasvirt\u0117s mygtuk\u0173 remonto komplektas 2 vnt. KPL\" \/>\n<meta property=\"og:description\" content=\"1. Prek\u0117: MMI skydelio vairasvirt\u0117s mygtuko remonto komplektas2. Gamintojas: pakeitimas3. Automobilis:* Audi A4 B8 07-16* Audi A5 8T 07-17* Audi A6 C6 04\u201311* Audi A8 D3 03-10* Audi Q5 8R 08-17* Audi Q7 4L 06-15\" \/>\n<meta property=\"og:url\" content=\"https:\/\/erformance.eu\/et\/toode\/audi-q5-8r-08-17-mmi-paneles-vairasvirtes-mygtuku-remonto-komplektas-2-vnt-kpl\/\" \/>\n<meta property=\"og:site_name\" content=\"Erformance.eu\" \/>\n<meta property=\"article:modified_time\" content=\"2026-03-25T22:49:45+00:00\" \/>\n<meta property=\"og:image\" content=\"https:\/\/erformance.eu\/wp-content\/uploads\/2026\/02\/pol_pm_Audi-Q5-8R-08-17-zestaw-naprawczy-przycisku-Joysticka-panelu-MMI-2-szt-KPL-30498_1.jpg\" \/>\n\t<meta property=\"og:image:width\" content=\"1200\" \/>\n\t<meta property=\"og:image:height\" content=\"1200\" \/>\n\t<meta property=\"og:image:type\" content=\"image\/jpeg\" \/>\n<meta name=\"twitter:card\" content=\"summary_large_image\" \/>\n<meta name=\"twitter:label1\" content=\"Est. reading time\" \/>\n\t<meta name=\"twitter:data1\" content=\"1 minut\" \/>\n<script type=\"application\/ld+json\" class=\"yoast-schema-graph\">{\"@context\":\"https:\\\/\\\/schema.org\",\"@graph\":[{\"@type\":\"WebPage\",\"@id\":\"https:\\\/\\\/erformance.eu\\\/et\\\/toode\\\/audi-q5-8r-08-17-mmi-paneles-vairasvirtes-mygtuku-remonto-komplektas-2-vnt-kpl\\\/\",\"url\":\"https:\\\/\\\/erformance.eu\\\/et\\\/toode\\\/audi-q5-8r-08-17-mmi-paneles-vairasvirtes-mygtuku-remonto-komplektas-2-vnt-kpl\\\/\",\"name\":\"Audi Q5 8R 08-17 MMI panel\u0117s vairasvirt\u0117s mygtuk\u0173 remonto komplektas 2 vnt. KPL - Erformance.eu\",\"isPartOf\":{\"@id\":\"https:\\\/\\\/erformance.eu\\\/et\\\/#website\"},\"primaryImageOfPage\":{\"@id\":\"https:\\\/\\\/erformance.eu\\\/et\\\/toode\\\/audi-q5-8r-08-17-mmi-paneles-vairasvirtes-mygtuku-remonto-komplektas-2-vnt-kpl\\\/#primaryimage\"},\"image\":{\"@id\":\"https:\\\/\\\/erformance.eu\\\/et\\\/toode\\\/audi-q5-8r-08-17-mmi-paneles-vairasvirtes-mygtuku-remonto-komplektas-2-vnt-kpl\\\/#primaryimage\"},\"thumbnailUrl\":\"https:\\\/\\\/erformance.eu\\\/wp-content\\\/uploads\\\/2026\\\/02\\\/pol_pm_Audi-Q5-8R-08-17-zestaw-naprawczy-przycisku-Joysticka-panelu-MMI-2-szt-KPL-30498_1.jpg\",\"datePublished\":\"2026-02-16T11:17:26+00:00\",\"dateModified\":\"2026-03-25T22:49:45+00:00\",\"breadcrumb\":{\"@id\":\"https:\\\/\\\/erformance.eu\\\/et\\\/toode\\\/audi-q5-8r-08-17-mmi-paneles-vairasvirtes-mygtuku-remonto-komplektas-2-vnt-kpl\\\/#breadcrumb\"},\"inLanguage\":\"et\",\"potentialAction\":[{\"@type\":\"ReadAction\",\"target\":[\"https:\\\/\\\/erformance.eu\\\/et\\\/toode\\\/audi-q5-8r-08-17-mmi-paneles-vairasvirtes-mygtuku-remonto-komplektas-2-vnt-kpl\\\/\"]}]},{\"@type\":\"ImageObject\",\"inLanguage\":\"et\",\"@id\":\"https:\\\/\\\/erformance.eu\\\/et\\\/toode\\\/audi-q5-8r-08-17-mmi-paneles-vairasvirtes-mygtuku-remonto-komplektas-2-vnt-kpl\\\/#primaryimage\",\"url\":\"https:\\\/\\\/erformance.eu\\\/wp-content\\\/uploads\\\/2026\\\/02\\\/pol_pm_Audi-Q5-8R-08-17-zestaw-naprawczy-przycisku-Joysticka-panelu-MMI-2-szt-KPL-30498_1.jpg\",\"contentUrl\":\"https:\\\/\\\/erformance.eu\\\/wp-content\\\/uploads\\\/2026\\\/02\\\/pol_pm_Audi-Q5-8R-08-17-zestaw-naprawczy-przycisku-Joysticka-panelu-MMI-2-szt-KPL-30498_1.jpg\",\"width\":1200,\"height\":1200},{\"@type\":\"BreadcrumbList\",\"@id\":\"https:\\\/\\\/erformance.eu\\\/et\\\/toode\\\/audi-q5-8r-08-17-mmi-paneles-vairasvirtes-mygtuku-remonto-komplektas-2-vnt-kpl\\\/#breadcrumb\",\"itemListElement\":[{\"@type\":\"ListItem\",\"position\":1,\"name\":\"Home\",\"item\":\"https:\\\/\\\/erformance.eu\\\/et\\\/\"},{\"@type\":\"ListItem\",\"position\":2,\"name\":\"Pood\",\"item\":\"https:\\\/\\\/erformance.eu\\\/et\\\/pood\\\/\"},{\"@type\":\"ListItem\",\"position\":3,\"name\":\"Audi Q5 8R 08-17 MMI panel\u0117s vairasvirt\u0117s mygtuk\u0173 remonto komplektas 2 vnt. KPL\"}]},{\"@type\":\"WebSite\",\"@id\":\"https:\\\/\\\/erformance.eu\\\/et\\\/#website\",\"url\":\"https:\\\/\\\/erformance.eu\\\/et\\\/\",\"name\":\"Erformance.eu\",\"description\":\"Automobili\u0173 dali\u0173 parduotuv\u0117\",\"potentialAction\":[{\"@type\":\"SearchAction\",\"target\":{\"@type\":\"EntryPoint\",\"urlTemplate\":\"https:\\\/\\\/erformance.eu\\\/et\\\/?s={search_term_string}\"},\"query-input\":{\"@type\":\"PropertyValueSpecification\",\"valueRequired\":true,\"valueName\":\"search_term_string\"}}],\"inLanguage\":\"et\"}]}<\/script>\n<!-- \/ Yoast SEO Premium plugin. -->","yoast_head_json":{"title":"Audi Q5 8R 08-17 MMI panel\u0117s vairasvirt\u0117s mygtuk\u0173 remonto komplektas 2 vnt. KPL - Erformance.eu","robots":{"index":"index","follow":"follow","max-snippet":"max-snippet:-1","max-image-preview":"max-image-preview:large","max-video-preview":"max-video-preview:-1"},"canonical":"https:\/\/erformance.eu\/et\/toode\/audi-q5-8r-08-17-mmi-paneles-vairasvirtes-mygtuku-remonto-komplektas-2-vnt-kpl\/","og_locale":"et_EE","og_type":"article","og_title":"Audi Q5 8R 08-17 MMI panel\u0117s vairasvirt\u0117s mygtuk\u0173 remonto komplektas 2 vnt. KPL","og_description":"1. Prek\u0117: MMI skydelio vairasvirt\u0117s mygtuko remonto komplektas2. Gamintojas: pakeitimas3. Automobilis:* Audi A4 B8 07-16* Audi A5 8T 07-17* Audi A6 C6 04\u201311* Audi A8 D3 03-10* Audi Q5 8R 08-17* Audi Q7 4L 06-15","og_url":"https:\/\/erformance.eu\/et\/toode\/audi-q5-8r-08-17-mmi-paneles-vairasvirtes-mygtuku-remonto-komplektas-2-vnt-kpl\/","og_site_name":"Erformance.eu","article_modified_time":"2026-03-25T22:49:45+00:00","og_image":[{"width":1200,"height":1200,"url":"https:\/\/erformance.eu\/wp-content\/uploads\/2026\/02\/pol_pm_Audi-Q5-8R-08-17-zestaw-naprawczy-przycisku-Joysticka-panelu-MMI-2-szt-KPL-30498_1.jpg","type":"image\/jpeg"}],"twitter_card":"summary_large_image","twitter_misc":{"Est. reading time":"1 minut"},"schema":{"@context":"https:\/\/schema.org","@graph":[{"@type":"WebPage","@id":"https:\/\/erformance.eu\/et\/toode\/audi-q5-8r-08-17-mmi-paneles-vairasvirtes-mygtuku-remonto-komplektas-2-vnt-kpl\/","url":"https:\/\/erformance.eu\/et\/toode\/audi-q5-8r-08-17-mmi-paneles-vairasvirtes-mygtuku-remonto-komplektas-2-vnt-kpl\/","name":"Audi Q5 8R 08-17 MMI panel\u0117s vairasvirt\u0117s mygtuk\u0173 remonto komplektas 2 vnt. KPL - Erformance.eu","isPartOf":{"@id":"https:\/\/erformance.eu\/et\/#website"},"primaryImageOfPage":{"@id":"https:\/\/erformance.eu\/et\/toode\/audi-q5-8r-08-17-mmi-paneles-vairasvirtes-mygtuku-remonto-komplektas-2-vnt-kpl\/#primaryimage"},"image":{"@id":"https:\/\/erformance.eu\/et\/toode\/audi-q5-8r-08-17-mmi-paneles-vairasvirtes-mygtuku-remonto-komplektas-2-vnt-kpl\/#primaryimage"},"thumbnailUrl":"https:\/\/erformance.eu\/wp-content\/uploads\/2026\/02\/pol_pm_Audi-Q5-8R-08-17-zestaw-naprawczy-przycisku-Joysticka-panelu-MMI-2-szt-KPL-30498_1.jpg","datePublished":"2026-02-16T11:17:26+00:00","dateModified":"2026-03-25T22:49:45+00:00","breadcrumb":{"@id":"https:\/\/erformance.eu\/et\/toode\/audi-q5-8r-08-17-mmi-paneles-vairasvirtes-mygtuku-remonto-komplektas-2-vnt-kpl\/#breadcrumb"},"inLanguage":"et","potentialAction":[{"@type":"ReadAction","target":["https:\/\/erformance.eu\/et\/toode\/audi-q5-8r-08-17-mmi-paneles-vairasvirtes-mygtuku-remonto-komplektas-2-vnt-kpl\/"]}]},{"@type":"ImageObject","inLanguage":"et","@id":"https:\/\/erformance.eu\/et\/toode\/audi-q5-8r-08-17-mmi-paneles-vairasvirtes-mygtuku-remonto-komplektas-2-vnt-kpl\/#primaryimage","url":"https:\/\/erformance.eu\/wp-content\/uploads\/2026\/02\/pol_pm_Audi-Q5-8R-08-17-zestaw-naprawczy-przycisku-Joysticka-panelu-MMI-2-szt-KPL-30498_1.jpg","contentUrl":"https:\/\/erformance.eu\/wp-content\/uploads\/2026\/02\/pol_pm_Audi-Q5-8R-08-17-zestaw-naprawczy-przycisku-Joysticka-panelu-MMI-2-szt-KPL-30498_1.jpg","width":1200,"height":1200},{"@type":"BreadcrumbList","@id":"https:\/\/erformance.eu\/et\/toode\/audi-q5-8r-08-17-mmi-paneles-vairasvirtes-mygtuku-remonto-komplektas-2-vnt-kpl\/#breadcrumb","itemListElement":[{"@type":"ListItem","position":1,"name":"Home","item":"https:\/\/erformance.eu\/et\/"},{"@type":"ListItem","position":2,"name":"Pood","item":"https:\/\/erformance.eu\/et\/pood\/"},{"@type":"ListItem","position":3,"name":"Audi Q5 8R 08-17 MMI panel\u0117s vairasvirt\u0117s mygtuk\u0173 remonto komplektas 2 vnt. KPL"}]},{"@type":"WebSite","@id":"https:\/\/erformance.eu\/et\/#website","url":"https:\/\/erformance.eu\/et\/","name":"Erformance.eu","description":"Automobili\u0173 dali\u0173 parduotuv\u0117","potentialAction":[{"@type":"SearchAction","target":{"@type":"EntryPoint","urlTemplate":"https:\/\/erformance.eu\/et\/?s={search_term_string}"},"query-input":{"@type":"PropertyValueSpecification","valueRequired":true,"valueName":"search_term_string"}}],"inLanguage":"et"}]}},"jetpack_sharing_enabled":true,"_links":{"self":[{"href":"https:\/\/erformance.eu\/et\/wp-json\/wp\/v2\/product\/56374","targetHints":{"allow":["GET"]}}],"collection":[{"href":"https:\/\/erformance.eu\/et\/wp-json\/wp\/v2\/product"}],"about":[{"href":"https:\/\/erformance.eu\/et\/wp-json\/wp\/v2\/types\/product"}],"replies":[{"embeddable":true,"href":"https:\/\/erformance.eu\/et\/wp-json\/wp\/v2\/comments?post=56374"}],"version-history":[{"count":1,"href":"https:\/\/erformance.eu\/et\/wp-json\/wp\/v2\/product\/56374\/revisions"}],"predecessor-version":[{"id":56375,"href":"https:\/\/erformance.eu\/et\/wp-json\/wp\/v2\/product\/56374\/revisions\/56375"}],"wp:featuredmedia":[{"embeddable":true,"href":"https:\/\/erformance.eu\/et\/wp-json\/wp\/v2\/media\/49877"}],"wp:attachment":[{"href":"https:\/\/erformance.eu\/et\/wp-json\/wp\/v2\/media?parent=56374"}],"wp:term":[{"taxonomy":"product_brand","embeddable":true,"href":"https:\/\/erformance.eu\/et\/wp-json\/wp\/v2\/product_brand?post=56374"},{"taxonomy":"product_cat","embeddable":true,"href":"https:\/\/erformance.eu\/et\/wp-json\/wp\/v2\/product_cat?post=56374"},{"taxonomy":"product_tag","embeddable":true,"href":"https:\/\/erformance.eu\/et\/wp-json\/wp\/v2\/product_tag?post=56374"}],"curies":[{"name":"wp","href":"https:\/\/api.w.org\/{rel}","templated":true}]}}