{"id":56384,"date":"2026-02-16T14:17:33","date_gmt":"2026-02-16T11:17:33","guid":{"rendered":"https:\/\/erformance.eu\/?post_type=product&#038;p=56384"},"modified":"2026-03-12T11:37:15","modified_gmt":"2026-03-12T08:37:15","slug":"audi-a3-a4-a6-q5-q7-galinio-valytuvo-variklis","status":"publish","type":"product","link":"https:\/\/erformance.eu\/et\/toode\/audi-a3-a4-a6-q5-q7-galinio-valytuvo-variklis\/","title":{"rendered":"Audi A3 A4 A6 Q5 Q7 galinio valytuvo variklis"},"content":{"rendered":"<p>Prek\u0117: Galinio valytuvo variklis<br \/>\nOriginalus numeris:<\/p>\n<p>8E9955711A<br \/>\n8E9955711B<br \/>\n8E9955711C<br \/>\n8E9955711D<br \/>\n8E9955711E<\/p>\n<p>PASTABA: auk\u0161\u010diau pateikti numeriai yra original\u016bs dali\u0173 numeriai, kuriuos \u0161is pasi\u016blymas pakei\u010dia. Prie\u0161 pirkdami, palyginkite juos su originaliu dalies numeriu. Jei jie skiriasi net vienu simboliu, dalis netiks, neveiks arba veiks netinkamai. Tokiu atveju jos nepirkite.<br \/>\nAutomobilis:<\/p>\n<p>Audi A3 8P , pagaminimo metai: 2003\u20132013<br \/>\nAudi A4 B6 , gamybos metai: 2000-2004<br \/>\nAudi A4 B7 , gamybos metai: 2004-2008<br \/>\nAudi A6 C6 , gamybos metai: 2004-2011<br \/>\n\u201eAudi Q5\u201c modeliai, pagaminti nuo 2008 m.<br \/>\n\u201eAudi Q7\u201c modeliai, pagaminti nuo 2005 m.<\/p>\n<p>Gamintojas: pakaitalas<br \/>\nTechnin\u0117 b\u016bkl\u0117: prek\u0117 yra visi\u0161kai nauja, nenaudota, nepa\u017eeista ir nesugadinta<\/p>\n","protected":false},"excerpt":{"rendered":"<p>1. Prek\u0117: Galinio valytuvo variklis2. Automobilis:    * Audi A3 8P 2003\u20132013 m.    * Audi A4 B6 00-04    * Audi A4 B7 04-08    * Audi A6 C6 2004\u20132011 m.    * Audi Q5 2008-    * Audi Q7 2005-<\/p>\n","protected":false},"featured_media":49913,"comment_status":"open","ping_status":"closed","template":"","meta":[],"product_brand":[],"product_cat":[186,390,394,144,399,400],"product_tag":[],"class_list":{"0":"post-56384","1":"product","2":"type-product","3":"status-publish","4":"has-post-thumbnail","6":"product_cat-a3","7":"product_cat-audi-a4","8":"product_cat-audi-a6","9":"product_cat-audi","10":"product_cat-audi-q5","11":"product_cat-audi-q7","13":"first","14":"instock","15":"shipping-taxable","16":"purchasable","17":"product-type-simple"},"yoast_head":"<!-- This site is optimized with the Yoast SEO Premium plugin v25.2 (Yoast SEO v27.4) - https:\/\/yoast.com\/product\/yoast-seo-premium-wordpress\/ -->\n<title>Audi A3 A4 A6 Q5 Q7 galinio valytuvo variklis - Erformance.eu<\/title>\n<meta name=\"robots\" content=\"index, follow, max-snippet:-1, max-image-preview:large, max-video-preview:-1\" \/>\n<link rel=\"canonical\" href=\"https:\/\/erformance.eu\/et\/toode\/audi-a3-a4-a6-q5-q7-galinio-valytuvo-variklis\/\" \/>\n<meta property=\"og:locale\" content=\"et_EE\" \/>\n<meta property=\"og:type\" content=\"article\" \/>\n<meta property=\"og:title\" content=\"Audi A3 A4 A6 Q5 Q7 galinio valytuvo variklis\" \/>\n<meta property=\"og:description\" content=\"1. Prek\u0117: Galinio valytuvo variklis2. Automobilis:  * Audi A3 8P 2003\u20132013 m.  * Audi A4 B6 00-04  * Audi A4 B7 04-08  * Audi A6 C6 2004\u20132011 m.  * Audi Q5 2008-  * Audi Q7 2005-\" \/>\n<meta property=\"og:url\" content=\"https:\/\/erformance.eu\/et\/toode\/audi-a3-a4-a6-q5-q7-galinio-valytuvo-variklis\/\" \/>\n<meta property=\"og:site_name\" content=\"Erformance.eu\" \/>\n<meta property=\"article:modified_time\" content=\"2026-03-12T08:37:15+00:00\" \/>\n<meta property=\"og:image\" content=\"https:\/\/erformance.eu\/wp-content\/uploads\/2026\/02\/pol_pm_Audi-A3-A4-A6-Q5-Q7-silniczek-wycieraczki-tylnej-21561_1.jpg\" \/>\n\t<meta property=\"og:image:width\" content=\"800\" \/>\n\t<meta property=\"og:image:height\" content=\"600\" \/>\n\t<meta property=\"og:image:type\" content=\"image\/jpeg\" \/>\n<meta name=\"twitter:card\" content=\"summary_large_image\" \/>\n<meta name=\"twitter:label1\" content=\"Est. reading time\" \/>\n\t<meta name=\"twitter:data1\" content=\"1 minut\" \/>\n<script type=\"application\/ld+json\" class=\"yoast-schema-graph\">{\"@context\":\"https:\\\/\\\/schema.org\",\"@graph\":[{\"@type\":\"WebPage\",\"@id\":\"https:\\\/\\\/erformance.eu\\\/et\\\/toode\\\/audi-a3-a4-a6-q5-q7-galinio-valytuvo-variklis\\\/\",\"url\":\"https:\\\/\\\/erformance.eu\\\/et\\\/toode\\\/audi-a3-a4-a6-q5-q7-galinio-valytuvo-variklis\\\/\",\"name\":\"Audi A3 A4 A6 Q5 Q7 galinio valytuvo variklis - Erformance.eu\",\"isPartOf\":{\"@id\":\"https:\\\/\\\/erformance.eu\\\/et\\\/#website\"},\"primaryImageOfPage\":{\"@id\":\"https:\\\/\\\/erformance.eu\\\/et\\\/toode\\\/audi-a3-a4-a6-q5-q7-galinio-valytuvo-variklis\\\/#primaryimage\"},\"image\":{\"@id\":\"https:\\\/\\\/erformance.eu\\\/et\\\/toode\\\/audi-a3-a4-a6-q5-q7-galinio-valytuvo-variklis\\\/#primaryimage\"},\"thumbnailUrl\":\"https:\\\/\\\/erformance.eu\\\/wp-content\\\/uploads\\\/2026\\\/02\\\/pol_pm_Audi-A3-A4-A6-Q5-Q7-silniczek-wycieraczki-tylnej-21561_1.jpg\",\"datePublished\":\"2026-02-16T11:17:33+00:00\",\"dateModified\":\"2026-03-12T08:37:15+00:00\",\"breadcrumb\":{\"@id\":\"https:\\\/\\\/erformance.eu\\\/et\\\/toode\\\/audi-a3-a4-a6-q5-q7-galinio-valytuvo-variklis\\\/#breadcrumb\"},\"inLanguage\":\"et\",\"potentialAction\":[{\"@type\":\"ReadAction\",\"target\":[\"https:\\\/\\\/erformance.eu\\\/et\\\/toode\\\/audi-a3-a4-a6-q5-q7-galinio-valytuvo-variklis\\\/\"]}]},{\"@type\":\"ImageObject\",\"inLanguage\":\"et\",\"@id\":\"https:\\\/\\\/erformance.eu\\\/et\\\/toode\\\/audi-a3-a4-a6-q5-q7-galinio-valytuvo-variklis\\\/#primaryimage\",\"url\":\"https:\\\/\\\/erformance.eu\\\/wp-content\\\/uploads\\\/2026\\\/02\\\/pol_pm_Audi-A3-A4-A6-Q5-Q7-silniczek-wycieraczki-tylnej-21561_1.jpg\",\"contentUrl\":\"https:\\\/\\\/erformance.eu\\\/wp-content\\\/uploads\\\/2026\\\/02\\\/pol_pm_Audi-A3-A4-A6-Q5-Q7-silniczek-wycieraczki-tylnej-21561_1.jpg\",\"width\":800,\"height\":600},{\"@type\":\"BreadcrumbList\",\"@id\":\"https:\\\/\\\/erformance.eu\\\/et\\\/toode\\\/audi-a3-a4-a6-q5-q7-galinio-valytuvo-variklis\\\/#breadcrumb\",\"itemListElement\":[{\"@type\":\"ListItem\",\"position\":1,\"name\":\"Home\",\"item\":\"https:\\\/\\\/erformance.eu\\\/et\\\/\"},{\"@type\":\"ListItem\",\"position\":2,\"name\":\"Pood\",\"item\":\"https:\\\/\\\/erformance.eu\\\/et\\\/pood\\\/\"},{\"@type\":\"ListItem\",\"position\":3,\"name\":\"Audi A3 A4 A6 Q5 Q7 galinio valytuvo variklis\"}]},{\"@type\":\"WebSite\",\"@id\":\"https:\\\/\\\/erformance.eu\\\/et\\\/#website\",\"url\":\"https:\\\/\\\/erformance.eu\\\/et\\\/\",\"name\":\"Erformance.eu\",\"description\":\"Automobili\u0173 dali\u0173 parduotuv\u0117\",\"potentialAction\":[{\"@type\":\"SearchAction\",\"target\":{\"@type\":\"EntryPoint\",\"urlTemplate\":\"https:\\\/\\\/erformance.eu\\\/et\\\/?s={search_term_string}\"},\"query-input\":{\"@type\":\"PropertyValueSpecification\",\"valueRequired\":true,\"valueName\":\"search_term_string\"}}],\"inLanguage\":\"et\"}]}<\/script>\n<!-- \/ Yoast SEO Premium plugin. -->","yoast_head_json":{"title":"Audi A3 A4 A6 Q5 Q7 galinio valytuvo variklis - Erformance.eu","robots":{"index":"index","follow":"follow","max-snippet":"max-snippet:-1","max-image-preview":"max-image-preview:large","max-video-preview":"max-video-preview:-1"},"canonical":"https:\/\/erformance.eu\/et\/toode\/audi-a3-a4-a6-q5-q7-galinio-valytuvo-variklis\/","og_locale":"et_EE","og_type":"article","og_title":"Audi A3 A4 A6 Q5 Q7 galinio valytuvo variklis","og_description":"1. Prek\u0117: Galinio valytuvo variklis2. Automobilis:  * Audi A3 8P 2003\u20132013 m.  * Audi A4 B6 00-04  * Audi A4 B7 04-08  * Audi A6 C6 2004\u20132011 m.  * Audi Q5 2008-  * Audi Q7 2005-","og_url":"https:\/\/erformance.eu\/et\/toode\/audi-a3-a4-a6-q5-q7-galinio-valytuvo-variklis\/","og_site_name":"Erformance.eu","article_modified_time":"2026-03-12T08:37:15+00:00","og_image":[{"width":800,"height":600,"url":"https:\/\/erformance.eu\/wp-content\/uploads\/2026\/02\/pol_pm_Audi-A3-A4-A6-Q5-Q7-silniczek-wycieraczki-tylnej-21561_1.jpg","type":"image\/jpeg"}],"twitter_card":"summary_large_image","twitter_misc":{"Est. reading time":"1 minut"},"schema":{"@context":"https:\/\/schema.org","@graph":[{"@type":"WebPage","@id":"https:\/\/erformance.eu\/et\/toode\/audi-a3-a4-a6-q5-q7-galinio-valytuvo-variklis\/","url":"https:\/\/erformance.eu\/et\/toode\/audi-a3-a4-a6-q5-q7-galinio-valytuvo-variklis\/","name":"Audi A3 A4 A6 Q5 Q7 galinio valytuvo variklis - Erformance.eu","isPartOf":{"@id":"https:\/\/erformance.eu\/et\/#website"},"primaryImageOfPage":{"@id":"https:\/\/erformance.eu\/et\/toode\/audi-a3-a4-a6-q5-q7-galinio-valytuvo-variklis\/#primaryimage"},"image":{"@id":"https:\/\/erformance.eu\/et\/toode\/audi-a3-a4-a6-q5-q7-galinio-valytuvo-variklis\/#primaryimage"},"thumbnailUrl":"https:\/\/erformance.eu\/wp-content\/uploads\/2026\/02\/pol_pm_Audi-A3-A4-A6-Q5-Q7-silniczek-wycieraczki-tylnej-21561_1.jpg","datePublished":"2026-02-16T11:17:33+00:00","dateModified":"2026-03-12T08:37:15+00:00","breadcrumb":{"@id":"https:\/\/erformance.eu\/et\/toode\/audi-a3-a4-a6-q5-q7-galinio-valytuvo-variklis\/#breadcrumb"},"inLanguage":"et","potentialAction":[{"@type":"ReadAction","target":["https:\/\/erformance.eu\/et\/toode\/audi-a3-a4-a6-q5-q7-galinio-valytuvo-variklis\/"]}]},{"@type":"ImageObject","inLanguage":"et","@id":"https:\/\/erformance.eu\/et\/toode\/audi-a3-a4-a6-q5-q7-galinio-valytuvo-variklis\/#primaryimage","url":"https:\/\/erformance.eu\/wp-content\/uploads\/2026\/02\/pol_pm_Audi-A3-A4-A6-Q5-Q7-silniczek-wycieraczki-tylnej-21561_1.jpg","contentUrl":"https:\/\/erformance.eu\/wp-content\/uploads\/2026\/02\/pol_pm_Audi-A3-A4-A6-Q5-Q7-silniczek-wycieraczki-tylnej-21561_1.jpg","width":800,"height":600},{"@type":"BreadcrumbList","@id":"https:\/\/erformance.eu\/et\/toode\/audi-a3-a4-a6-q5-q7-galinio-valytuvo-variklis\/#breadcrumb","itemListElement":[{"@type":"ListItem","position":1,"name":"Home","item":"https:\/\/erformance.eu\/et\/"},{"@type":"ListItem","position":2,"name":"Pood","item":"https:\/\/erformance.eu\/et\/pood\/"},{"@type":"ListItem","position":3,"name":"Audi A3 A4 A6 Q5 Q7 galinio valytuvo variklis"}]},{"@type":"WebSite","@id":"https:\/\/erformance.eu\/et\/#website","url":"https:\/\/erformance.eu\/et\/","name":"Erformance.eu","description":"Automobili\u0173 dali\u0173 parduotuv\u0117","potentialAction":[{"@type":"SearchAction","target":{"@type":"EntryPoint","urlTemplate":"https:\/\/erformance.eu\/et\/?s={search_term_string}"},"query-input":{"@type":"PropertyValueSpecification","valueRequired":true,"valueName":"search_term_string"}}],"inLanguage":"et"}]}},"jetpack_sharing_enabled":true,"_links":{"self":[{"href":"https:\/\/erformance.eu\/et\/wp-json\/wp\/v2\/product\/56384","targetHints":{"allow":["GET"]}}],"collection":[{"href":"https:\/\/erformance.eu\/et\/wp-json\/wp\/v2\/product"}],"about":[{"href":"https:\/\/erformance.eu\/et\/wp-json\/wp\/v2\/types\/product"}],"replies":[{"embeddable":true,"href":"https:\/\/erformance.eu\/et\/wp-json\/wp\/v2\/comments?post=56384"}],"version-history":[{"count":1,"href":"https:\/\/erformance.eu\/et\/wp-json\/wp\/v2\/product\/56384\/revisions"}],"predecessor-version":[{"id":56385,"href":"https:\/\/erformance.eu\/et\/wp-json\/wp\/v2\/product\/56384\/revisions\/56385"}],"wp:featuredmedia":[{"embeddable":true,"href":"https:\/\/erformance.eu\/et\/wp-json\/wp\/v2\/media\/49913"}],"wp:attachment":[{"href":"https:\/\/erformance.eu\/et\/wp-json\/wp\/v2\/media?parent=56384"}],"wp:term":[{"taxonomy":"product_brand","embeddable":true,"href":"https:\/\/erformance.eu\/et\/wp-json\/wp\/v2\/product_brand?post=56384"},{"taxonomy":"product_cat","embeddable":true,"href":"https:\/\/erformance.eu\/et\/wp-json\/wp\/v2\/product_cat?post=56384"},{"taxonomy":"product_tag","embeddable":true,"href":"https:\/\/erformance.eu\/et\/wp-json\/wp\/v2\/product_tag?post=56384"}],"curies":[{"name":"wp","href":"https:\/\/api.w.org\/{rel}","templated":true}]}}