{"id":56410,"date":"2026-02-16T14:17:48","date_gmt":"2026-02-16T11:17:48","guid":{"rendered":"https:\/\/erformance.eu\/?post_type=product&#038;p=56410"},"modified":"2026-03-05T18:52:26","modified_gmt":"2026-03-05T15:52:26","slug":"audi-a1-8x-a3-8p-q3-8u-tt-8j-1-6-tdi-2-0-tdi-voztuvo-dangtis","status":"publish","type":"product","link":"https:\/\/erformance.eu\/et\/toode\/audi-a1-8x-a3-8p-q3-8u-tt-8j-1-6-tdi-2-0-tdi-voztuvo-dangtis\/","title":{"rendered":"Audi A1 8X A3 8P Q3 8U TT 8J 1.6 TDI \/ 2.0 TDI vo\u017etuvo dangtis"},"content":{"rendered":"<p>Prek\u0117: pilnas vo\u017etuvo dangtelis su membrana, kam\u0161\u010diu, pneumatiniu vo\u017etuvu, tarpine ir var\u017etais<br \/>\nOriginalus numeris:<\/p>\n<p>03L103469R<br \/>\n03L103469M<br \/>\n03L103469C<br \/>\n03L 103 469 R<br \/>\n03L 103 469 M<br \/>\n03L 103 469 C<\/p>\n<p>PASTABA: auk\u0161\u010diau pateikti numeriai yra original\u016bs dali\u0173 numeriai, kuriuos \u0161is pasi\u016blymas pakei\u010dia. Prie\u0161 pirkdami, palyginkite juos su originaliu dalies numeriu. Jei jie skiriasi net vienu simboliu, dalis netiks, neveiks arba veiks netinkamai. Tokiu atveju jos nepirkite.<br \/>\nAutomobilis:<\/p>\n<p>Audi A1 (8X1, 8XK), pagaminimo metai: 2011\u20132015<br \/>\n\u201eAudi A1 Sportback\u201c (8XA, 8XF), pagaminimo metai: 2011\u20132015<br \/>\nAudi A3 (8P1), pagaminimo metai: 2003\u20132012<br \/>\nAudi A3 kabrioletas (8P7), pagaminimo metai: 2008\u20132013<br \/>\nAudi A3 Sportback (8PA), pagaminimo metai: 2004\u20132013<br \/>\n\u201eAudi Q3\u201c (8UB, 8UG), pagaminimo metai: 2011\u20132018<br \/>\nAudi TT (8J3), pagaminimo metai: 2008\u20132014<br \/>\nAudi TT Roadster (8J9), pagaminimo metai: 2008\u20132014<br \/>\n\u201eSeat ALHAMBRA\u201c (710, 711), modeliai, pagaminti nuo 2010 m.<br \/>\nSeat ALHAMBRA VAN (711), pagaminimo metai: 2014\u20132018<br \/>\n\u201eSeat ALTEA\u201c (5P1), modeliai, pagaminti nuo 2004 m.<br \/>\n\u201eSeat ALTEA XL\u201c (5P5, 5P8), modeliai, pagaminti nuo 2006 m.<br \/>\nSeat IBIZA IV (6J5, 6P1), pagaminimo metai: 2009\u20132015<br \/>\nSeat IBIZA IV d\u0117\u017e\u0117s k\u0117bulas \/ universalas (6J1), pagaminimo metai: 2009\u20132015<br \/>\nSeat IBIZA IV SC (6J1, 6P5), pagaminimo metai: 2009-2015<br \/>\nSeat IBIZA IV ST (6J8, 6P8), pagaminimo metai: 2010\u20132015<br \/>\nSeat LEON (1P1), pagaminimo metai: 2005\u20132012<br \/>\nSeat TOLEDO III (5P2), pagaminimo metai: 2006-2009<br \/>\nSeat TOLEDO IV (KG3), pagaminimo metai: 2012-2015<br \/>\n\u0160koda FABIA II (542), pagaminimo metai: 2010\u20132014<br \/>\n\u201eSkoda FABIA II Combi\u201c (545), pagaminimo metai: 2010\u20132014<br \/>\n\u0160koda OCTAVIA II (1Z3), pagaminimo metai: 2004\u20132013<br \/>\n\u201eSkoda OCTAVIA II Combi\u201c (1Z5), pagaminimo metai: 2004\u20132013<br \/>\n\u0160koda RAPID (NH3), pagaminimo metai: 2012\u20132019<br \/>\nSkoda RAPID Spaceback (NH1), gamybos metai: 2012-2019<br \/>\nSkoda ROOMSTER (5J7), gamybos metai: 2010-2015<br \/>\nSkoda ROOMSTER Praktik (5J), gamybos metai: 2010-2015<br \/>\n\u201eSkoda SUPERB II\u201c (3T4), pagaminimo metai: 2008\u20132015<br \/>\n\u201eSkoda SUPERB II\u201c universalas (3T5), pagaminimo metai: 2009\u20132015<br \/>\nSkoda YETI (5L), gamybos metai: 2009-2017<br \/>\nVolkswagen BEETLE (5C1, 5C2), pagaminimo metai: 2011\u20132016<br \/>\nVolkswagen BEETLE kabrioletas (5C7, 5C8), pagaminimo metai: 2011\u20132016<br \/>\nVolkswagen CADDY III furgonas\/vienbutis (2KA, 2KH, 2CA, 2CH), pagaminimo metai: 2010-2015<br \/>\nVolkswagen CADDY III universalas (2KB, 2KJ, 2CB, 2CJ), pagaminimo metai: 2010\u20132015<br \/>\nVolkswagen CADDY ALLTRACK Furgonas\/minivenas (SAA), modeliai gaminami nuo 2015 m<br \/>\nVolkswagen CADDY IV furgonas \/ mikroautobusas (SAA, SAH), gamybos metai: 2015-2020<br \/>\nVolkswagen CC B7 (358), gamybos metai: 2011\u20132016<br \/>\n\u201eVolkswagen EOS\u201c (1F7, 1F8), pagaminimo metai: 2008\u20132015<br \/>\nVolkswagen GOLF PLUS V (5M1, 521), pagaminimo metai: 2005\u20132013<br \/>\nVolkswagen GOLF PLUS mikroautobusas (521), pagaminimo metai: 2009\u20132014<br \/>\nVolkswagen GOLF VAN VI Variant (AJ5), gamybos metai: 2009-2014<br \/>\nVolkswagen GOLF VI (5K1), pagaminimo metai: 2008\u20132013<br \/>\nVolkswagen GOLF VI kabrioletas (517), pagaminimo metai: 2011\u20132016<br \/>\nVolkswagen GOLF VI Van (5K1_), rok produkcji: 2009-2012<br \/>\nVolkswagen GOLF VI Variant (AJ5), rok produkcji: 2009-2013<br \/>\nVolkswagen JETTA III (1K2), rok produkcji: 2006-2010<br \/>\nVolkswagen JETTA IV (162, 163, AV3, AV2), modele produkowane od roku 2010<br \/>\nVolkswagen PASSAT B6 (3C2), rok produkcji: 2005-2010<br \/>\nVolkswagen PASSAT B6 Variant (3C5), rok produkcji: 2005-2010<br \/>\nVolkswagen PASSAT B7 (362), rok produkcji: 2010-2014<br \/>\nVolkswagen PASSAT B7 (A32, A33), rok produkcji: 2011-2015<br \/>\nVolkswagen PASSAT B7 nadwozie zamkni\u0119te \/ kombi (365), rok produkcji: 2010-2014<br \/>\nVolkswagen PASSAT B7 Variant (365), rok produkcji: 2010-2014<br \/>\nVolkswagen PASSAT ALLTRACK B7 (365), rok produkcji: 2012-2014<br \/>\nVolkswagen PASSAT CC B6 (357), rok produkcji: 2008-2012<br \/>\nVolkswagen POLO V (6R1, 6C1), modele produkowane od roku 2009<br \/>\nVolkswagen POLO Van (6R), rok produkcji: 2009-2014<br \/>\nVolkswagen SCIROCCO III (137, 138), rok produkcji: 2008-2017<br \/>\nVolkswagen SCIROCCO Van (137), rok produkcji: 2008-2014<br \/>\nVolkswagen SHARAN (7N1, 7N2), modele produkowane od roku 2010<br \/>\nVolkswagen SHARAN VAN (7N1, 7N2), rok produkcji: 2010-2015<br \/>\nVolkswagen TIGUAN (5N_), rok produkcji: 2007-2018<br \/>\nVolkswagen TIGUAN VAN (5N_), rok produkcji: 2007-2018<br \/>\nVolkswagen TOURAN (1T1, 1T2), rok produkcji: 2005-2010<br \/>\nVolkswagen TOURAN (1T3), rok produkcji: 2010-2015<br \/>\nVolkswagen TOURAN VAN (1T3), rok produkcji: 2010-2015<\/p>\n<p>Silnik:<\/p>\n<p>1.6 TDI<br \/>\n2.0 TDI<\/p>\n<p>Producent: zamiennik<br \/>\nStan techniczny: przedmiot jest fabrycznie NOWY, nieu\u017cywany, nieuszkodzony i niezniszczony<\/p>\n","protected":false},"excerpt":{"rendered":"<p>1. Prek\u0117: Vo\u017etuvo dangtelis2. Gamintojas: pakeitimas3. Automobilis:* Audi A1 8X 11-15* Audi A3 8P 03-13* Audi Q3 8U 11-18* Audi TT 8J 08-144. Variklis:* 1,6 TDI* 2.0 TDI<\/p>\n","protected":false},"featured_media":50031,"comment_status":"open","ping_status":"closed","template":"","meta":[],"product_brand":[],"product_cat":[3933,3906,3927,3902,392,186,144,3973,3942,3946,3967,4178,4147,4151,4172,398,401],"product_tag":[],"class_list":{"0":"post-56410","1":"product","2":"type-product","3":"status-publish","4":"has-post-thumbnail","6":"product_cat-audi-tt-8j","7":"product_cat-audi-a3-8p","8":"product_cat-audi-q3-8u","9":"product_cat-audi-a1-8x","10":"product_cat-audi-a1","11":"product_cat-a3","12":"product_cat-audi","13":"product_cat-audi-tt-8j-isores-dalys","14":"product_cat-audi-a1-8x-isores-dalys","15":"product_cat-audi-a3-8p-isores-dalys","16":"product_cat-audi-q3-8u-isores-dalys","17":"product_cat-audi-tt-8j-isores-kitos-dalys","18":"product_cat-audi-a1-8x-isores-kitos-dalys","19":"product_cat-audi-a3-8p-isores-kitos-dalys","20":"product_cat-audi-q3-8u-isores-kitos-dalys","21":"product_cat-audi-q3","22":"product_cat-audi-tt","24":"first","25":"instock","26":"shipping-taxable","27":"purchasable","28":"product-type-simple"},"yoast_head":"<!-- This site is optimized with the Yoast SEO Premium plugin v25.2 (Yoast SEO v27.4) - https:\/\/yoast.com\/product\/yoast-seo-premium-wordpress\/ -->\n<title>Audi A1 8X A3 8P Q3 8U TT 8J 1.6 TDI \/ 2.0 TDI vo\u017etuvo dangtis - Erformance.eu<\/title>\n<meta name=\"robots\" content=\"index, follow, max-snippet:-1, max-image-preview:large, max-video-preview:-1\" \/>\n<link rel=\"canonical\" href=\"https:\/\/erformance.eu\/et\/toode\/audi-a1-8x-a3-8p-q3-8u-tt-8j-1-6-tdi-2-0-tdi-voztuvo-dangtis\/\" \/>\n<meta property=\"og:locale\" content=\"et_EE\" \/>\n<meta property=\"og:type\" content=\"article\" \/>\n<meta property=\"og:title\" content=\"Audi A1 8X A3 8P Q3 8U TT 8J 1.6 TDI \/ 2.0 TDI vo\u017etuvo dangtis\" \/>\n<meta property=\"og:description\" content=\"1. Prek\u0117: Vo\u017etuvo dangtelis2. Gamintojas: pakeitimas3. Automobilis:* Audi A1 8X 11-15* Audi A3 8P 03-13* Audi Q3 8U 11-18* Audi TT 8J 08-144. Variklis:* 1,6 TDI* 2.0 TDI\" \/>\n<meta property=\"og:url\" content=\"https:\/\/erformance.eu\/et\/toode\/audi-a1-8x-a3-8p-q3-8u-tt-8j-1-6-tdi-2-0-tdi-voztuvo-dangtis\/\" \/>\n<meta property=\"og:site_name\" content=\"Erformance.eu\" \/>\n<meta property=\"article:modified_time\" content=\"2026-03-05T15:52:26+00:00\" \/>\n<meta property=\"og:image\" content=\"https:\/\/erformance.eu\/wp-content\/uploads\/2026\/02\/pol_pm_Audi-A1-8X-A3-8P-Q3-8U-TT-8J-1-6-TDI-2-0-TDI-pokrywa-zaworow-33083_1.jpg\" \/>\n\t<meta property=\"og:image:width\" content=\"1200\" \/>\n\t<meta property=\"og:image:height\" content=\"1200\" \/>\n\t<meta property=\"og:image:type\" content=\"image\/jpeg\" \/>\n<meta name=\"twitter:card\" content=\"summary_large_image\" \/>\n<meta name=\"twitter:label1\" content=\"Est. reading time\" \/>\n\t<meta name=\"twitter:data1\" content=\"3 minutit\" \/>\n<script type=\"application\/ld+json\" class=\"yoast-schema-graph\">{\"@context\":\"https:\\\/\\\/schema.org\",\"@graph\":[{\"@type\":\"WebPage\",\"@id\":\"https:\\\/\\\/erformance.eu\\\/et\\\/toode\\\/audi-a1-8x-a3-8p-q3-8u-tt-8j-1-6-tdi-2-0-tdi-voztuvo-dangtis\\\/\",\"url\":\"https:\\\/\\\/erformance.eu\\\/et\\\/toode\\\/audi-a1-8x-a3-8p-q3-8u-tt-8j-1-6-tdi-2-0-tdi-voztuvo-dangtis\\\/\",\"name\":\"Audi A1 8X A3 8P Q3 8U TT 8J 1.6 TDI \\\/ 2.0 TDI vo\u017etuvo dangtis - Erformance.eu\",\"isPartOf\":{\"@id\":\"https:\\\/\\\/erformance.eu\\\/et\\\/#website\"},\"primaryImageOfPage\":{\"@id\":\"https:\\\/\\\/erformance.eu\\\/et\\\/toode\\\/audi-a1-8x-a3-8p-q3-8u-tt-8j-1-6-tdi-2-0-tdi-voztuvo-dangtis\\\/#primaryimage\"},\"image\":{\"@id\":\"https:\\\/\\\/erformance.eu\\\/et\\\/toode\\\/audi-a1-8x-a3-8p-q3-8u-tt-8j-1-6-tdi-2-0-tdi-voztuvo-dangtis\\\/#primaryimage\"},\"thumbnailUrl\":\"https:\\\/\\\/erformance.eu\\\/wp-content\\\/uploads\\\/2026\\\/02\\\/pol_pm_Audi-A1-8X-A3-8P-Q3-8U-TT-8J-1-6-TDI-2-0-TDI-pokrywa-zaworow-33083_1.jpg\",\"datePublished\":\"2026-02-16T11:17:48+00:00\",\"dateModified\":\"2026-03-05T15:52:26+00:00\",\"breadcrumb\":{\"@id\":\"https:\\\/\\\/erformance.eu\\\/et\\\/toode\\\/audi-a1-8x-a3-8p-q3-8u-tt-8j-1-6-tdi-2-0-tdi-voztuvo-dangtis\\\/#breadcrumb\"},\"inLanguage\":\"et\",\"potentialAction\":[{\"@type\":\"ReadAction\",\"target\":[\"https:\\\/\\\/erformance.eu\\\/et\\\/toode\\\/audi-a1-8x-a3-8p-q3-8u-tt-8j-1-6-tdi-2-0-tdi-voztuvo-dangtis\\\/\"]}]},{\"@type\":\"ImageObject\",\"inLanguage\":\"et\",\"@id\":\"https:\\\/\\\/erformance.eu\\\/et\\\/toode\\\/audi-a1-8x-a3-8p-q3-8u-tt-8j-1-6-tdi-2-0-tdi-voztuvo-dangtis\\\/#primaryimage\",\"url\":\"https:\\\/\\\/erformance.eu\\\/wp-content\\\/uploads\\\/2026\\\/02\\\/pol_pm_Audi-A1-8X-A3-8P-Q3-8U-TT-8J-1-6-TDI-2-0-TDI-pokrywa-zaworow-33083_1.jpg\",\"contentUrl\":\"https:\\\/\\\/erformance.eu\\\/wp-content\\\/uploads\\\/2026\\\/02\\\/pol_pm_Audi-A1-8X-A3-8P-Q3-8U-TT-8J-1-6-TDI-2-0-TDI-pokrywa-zaworow-33083_1.jpg\",\"width\":1200,\"height\":1200},{\"@type\":\"BreadcrumbList\",\"@id\":\"https:\\\/\\\/erformance.eu\\\/et\\\/toode\\\/audi-a1-8x-a3-8p-q3-8u-tt-8j-1-6-tdi-2-0-tdi-voztuvo-dangtis\\\/#breadcrumb\",\"itemListElement\":[{\"@type\":\"ListItem\",\"position\":1,\"name\":\"Home\",\"item\":\"https:\\\/\\\/erformance.eu\\\/et\\\/\"},{\"@type\":\"ListItem\",\"position\":2,\"name\":\"Pood\",\"item\":\"https:\\\/\\\/erformance.eu\\\/et\\\/pood\\\/\"},{\"@type\":\"ListItem\",\"position\":3,\"name\":\"Audi A1 8X A3 8P Q3 8U TT 8J 1.6 TDI \\\/ 2.0 TDI vo\u017etuvo dangtis\"}]},{\"@type\":\"WebSite\",\"@id\":\"https:\\\/\\\/erformance.eu\\\/et\\\/#website\",\"url\":\"https:\\\/\\\/erformance.eu\\\/et\\\/\",\"name\":\"Erformance.eu\",\"description\":\"Automobili\u0173 dali\u0173 parduotuv\u0117\",\"potentialAction\":[{\"@type\":\"SearchAction\",\"target\":{\"@type\":\"EntryPoint\",\"urlTemplate\":\"https:\\\/\\\/erformance.eu\\\/et\\\/?s={search_term_string}\"},\"query-input\":{\"@type\":\"PropertyValueSpecification\",\"valueRequired\":true,\"valueName\":\"search_term_string\"}}],\"inLanguage\":\"et\"}]}<\/script>\n<!-- \/ Yoast SEO Premium plugin. -->","yoast_head_json":{"title":"Audi A1 8X A3 8P Q3 8U TT 8J 1.6 TDI \/ 2.0 TDI vo\u017etuvo dangtis - Erformance.eu","robots":{"index":"index","follow":"follow","max-snippet":"max-snippet:-1","max-image-preview":"max-image-preview:large","max-video-preview":"max-video-preview:-1"},"canonical":"https:\/\/erformance.eu\/et\/toode\/audi-a1-8x-a3-8p-q3-8u-tt-8j-1-6-tdi-2-0-tdi-voztuvo-dangtis\/","og_locale":"et_EE","og_type":"article","og_title":"Audi A1 8X A3 8P Q3 8U TT 8J 1.6 TDI \/ 2.0 TDI vo\u017etuvo dangtis","og_description":"1. Prek\u0117: Vo\u017etuvo dangtelis2. Gamintojas: pakeitimas3. Automobilis:* Audi A1 8X 11-15* Audi A3 8P 03-13* Audi Q3 8U 11-18* Audi TT 8J 08-144. Variklis:* 1,6 TDI* 2.0 TDI","og_url":"https:\/\/erformance.eu\/et\/toode\/audi-a1-8x-a3-8p-q3-8u-tt-8j-1-6-tdi-2-0-tdi-voztuvo-dangtis\/","og_site_name":"Erformance.eu","article_modified_time":"2026-03-05T15:52:26+00:00","og_image":[{"width":1200,"height":1200,"url":"https:\/\/erformance.eu\/wp-content\/uploads\/2026\/02\/pol_pm_Audi-A1-8X-A3-8P-Q3-8U-TT-8J-1-6-TDI-2-0-TDI-pokrywa-zaworow-33083_1.jpg","type":"image\/jpeg"}],"twitter_card":"summary_large_image","twitter_misc":{"Est. reading time":"3 minutit"},"schema":{"@context":"https:\/\/schema.org","@graph":[{"@type":"WebPage","@id":"https:\/\/erformance.eu\/et\/toode\/audi-a1-8x-a3-8p-q3-8u-tt-8j-1-6-tdi-2-0-tdi-voztuvo-dangtis\/","url":"https:\/\/erformance.eu\/et\/toode\/audi-a1-8x-a3-8p-q3-8u-tt-8j-1-6-tdi-2-0-tdi-voztuvo-dangtis\/","name":"Audi A1 8X A3 8P Q3 8U TT 8J 1.6 TDI \/ 2.0 TDI vo\u017etuvo dangtis - Erformance.eu","isPartOf":{"@id":"https:\/\/erformance.eu\/et\/#website"},"primaryImageOfPage":{"@id":"https:\/\/erformance.eu\/et\/toode\/audi-a1-8x-a3-8p-q3-8u-tt-8j-1-6-tdi-2-0-tdi-voztuvo-dangtis\/#primaryimage"},"image":{"@id":"https:\/\/erformance.eu\/et\/toode\/audi-a1-8x-a3-8p-q3-8u-tt-8j-1-6-tdi-2-0-tdi-voztuvo-dangtis\/#primaryimage"},"thumbnailUrl":"https:\/\/erformance.eu\/wp-content\/uploads\/2026\/02\/pol_pm_Audi-A1-8X-A3-8P-Q3-8U-TT-8J-1-6-TDI-2-0-TDI-pokrywa-zaworow-33083_1.jpg","datePublished":"2026-02-16T11:17:48+00:00","dateModified":"2026-03-05T15:52:26+00:00","breadcrumb":{"@id":"https:\/\/erformance.eu\/et\/toode\/audi-a1-8x-a3-8p-q3-8u-tt-8j-1-6-tdi-2-0-tdi-voztuvo-dangtis\/#breadcrumb"},"inLanguage":"et","potentialAction":[{"@type":"ReadAction","target":["https:\/\/erformance.eu\/et\/toode\/audi-a1-8x-a3-8p-q3-8u-tt-8j-1-6-tdi-2-0-tdi-voztuvo-dangtis\/"]}]},{"@type":"ImageObject","inLanguage":"et","@id":"https:\/\/erformance.eu\/et\/toode\/audi-a1-8x-a3-8p-q3-8u-tt-8j-1-6-tdi-2-0-tdi-voztuvo-dangtis\/#primaryimage","url":"https:\/\/erformance.eu\/wp-content\/uploads\/2026\/02\/pol_pm_Audi-A1-8X-A3-8P-Q3-8U-TT-8J-1-6-TDI-2-0-TDI-pokrywa-zaworow-33083_1.jpg","contentUrl":"https:\/\/erformance.eu\/wp-content\/uploads\/2026\/02\/pol_pm_Audi-A1-8X-A3-8P-Q3-8U-TT-8J-1-6-TDI-2-0-TDI-pokrywa-zaworow-33083_1.jpg","width":1200,"height":1200},{"@type":"BreadcrumbList","@id":"https:\/\/erformance.eu\/et\/toode\/audi-a1-8x-a3-8p-q3-8u-tt-8j-1-6-tdi-2-0-tdi-voztuvo-dangtis\/#breadcrumb","itemListElement":[{"@type":"ListItem","position":1,"name":"Home","item":"https:\/\/erformance.eu\/et\/"},{"@type":"ListItem","position":2,"name":"Pood","item":"https:\/\/erformance.eu\/et\/pood\/"},{"@type":"ListItem","position":3,"name":"Audi A1 8X A3 8P Q3 8U TT 8J 1.6 TDI \/ 2.0 TDI vo\u017etuvo dangtis"}]},{"@type":"WebSite","@id":"https:\/\/erformance.eu\/et\/#website","url":"https:\/\/erformance.eu\/et\/","name":"Erformance.eu","description":"Automobili\u0173 dali\u0173 parduotuv\u0117","potentialAction":[{"@type":"SearchAction","target":{"@type":"EntryPoint","urlTemplate":"https:\/\/erformance.eu\/et\/?s={search_term_string}"},"query-input":{"@type":"PropertyValueSpecification","valueRequired":true,"valueName":"search_term_string"}}],"inLanguage":"et"}]}},"jetpack_sharing_enabled":true,"_links":{"self":[{"href":"https:\/\/erformance.eu\/et\/wp-json\/wp\/v2\/product\/56410","targetHints":{"allow":["GET"]}}],"collection":[{"href":"https:\/\/erformance.eu\/et\/wp-json\/wp\/v2\/product"}],"about":[{"href":"https:\/\/erformance.eu\/et\/wp-json\/wp\/v2\/types\/product"}],"replies":[{"embeddable":true,"href":"https:\/\/erformance.eu\/et\/wp-json\/wp\/v2\/comments?post=56410"}],"version-history":[{"count":1,"href":"https:\/\/erformance.eu\/et\/wp-json\/wp\/v2\/product\/56410\/revisions"}],"predecessor-version":[{"id":56411,"href":"https:\/\/erformance.eu\/et\/wp-json\/wp\/v2\/product\/56410\/revisions\/56411"}],"wp:featuredmedia":[{"embeddable":true,"href":"https:\/\/erformance.eu\/et\/wp-json\/wp\/v2\/media\/50031"}],"wp:attachment":[{"href":"https:\/\/erformance.eu\/et\/wp-json\/wp\/v2\/media?parent=56410"}],"wp:term":[{"taxonomy":"product_brand","embeddable":true,"href":"https:\/\/erformance.eu\/et\/wp-json\/wp\/v2\/product_brand?post=56410"},{"taxonomy":"product_cat","embeddable":true,"href":"https:\/\/erformance.eu\/et\/wp-json\/wp\/v2\/product_cat?post=56410"},{"taxonomy":"product_tag","embeddable":true,"href":"https:\/\/erformance.eu\/et\/wp-json\/wp\/v2\/product_tag?post=56410"}],"curies":[{"name":"wp","href":"https:\/\/api.w.org\/{rel}","templated":true}]}}