{"id":56494,"date":"2026-02-16T14:18:36","date_gmt":"2026-02-16T11:18:36","guid":{"rendered":"https:\/\/erformance.eu\/?post_type=product&#038;p=56494"},"modified":"2026-03-26T01:47:54","modified_gmt":"2026-03-25T22:47:54","slug":"audi-q5-08-17-elektriniu-langu-valdymo-pultas-chromuotas","status":"publish","type":"product","link":"https:\/\/erformance.eu\/et\/toode\/audi-q5-08-17-elektriniu-langu-valdymo-pultas-chromuotas\/","title":{"rendered":"Audi Q5 08-17 elektrini\u0173 lang\u0173 valdymo pultas chromuotas"},"content":{"rendered":"<p>Tema: Elektrinio lang\u0173 pak\u0117limo skydelis<br \/>\nOriginalus numeris:<\/p>\n<p>8K0959851F<br \/>\n8K0959851D<br \/>\n8K0959851DV10<br \/>\n8KD959851<br \/>\n8KD959851A<\/p>\n<p>PASTABA: auk\u0161\u010diau pateikti numeriai yra original\u016bs dali\u0173 numeriai, kuriuos \u0161is pasi\u016blymas pakei\u010dia. Prie\u0161 pirkdami, palyginkite juos su originaliu dalies numeriu. Jei jie skiriasi net vienu simboliu, dalis netiks, neveiks arba veiks netinkamai. Tokiu atveju jos nepirkite.<br \/>\nAutomobilis:<\/p>\n<p>Audi A4 Allroad B8 (8KH) gamybos metai: 2009\u20132016<br \/>\nAudi A4 B8 (8K2) gamybos metai: 2007\u20132015<br \/>\nAudi A4 B8 Avant (8K5) gamybos metai: 2007-2015<br \/>\nAudi A5 (8T3) gamybos metai: 2007\u20132017<br \/>\nAudi Q5 (8RB) gamybos metai: 2008\u20132017<\/p>\n<p>Korpuso spalva: juoda, mygtuk\u0173 apdaila chromuota<br \/>\nKai\u0161\u010di\u0173 skai\u010dius: 10<br \/>\nGamintojas: pakaitalas<br \/>\nTechnin\u0117 b\u016bkl\u0117: prek\u0117 yra visi\u0161kai nauja, nenaudota, nepa\u017eeista ir nesugadinta<\/p>\n","protected":false},"excerpt":{"rendered":"<p>1. Prek\u0117: CHROME elektrinio lango valdymo skydelis2. Gamintojas: pakeitimas3. Automobilis:Audi A4 B8 07-16Audi A5 07-17Audi Q5 08\u201317<\/p>\n","protected":false},"featured_media":50402,"comment_status":"open","ping_status":"closed","template":"","meta":[],"product_brand":[],"product_cat":[3928,144,4684,399,4007],"product_tag":[],"class_list":{"0":"post-56494","1":"product","2":"type-product","3":"status-publish","4":"has-post-thumbnail","6":"product_cat-audi-q5-8r","7":"product_cat-audi","8":"product_cat-audi-q5-8r-mygtukai-mechanizmai","9":"product_cat-audi-q5","10":"product_cat-audi-q5-8r-salono-dalys","12":"first","13":"instock","14":"shipping-taxable","15":"purchasable","16":"product-type-simple"},"yoast_head":"<!-- This site is optimized with the Yoast SEO Premium plugin v25.2 (Yoast SEO v27.3) - https:\/\/yoast.com\/product\/yoast-seo-premium-wordpress\/ -->\n<title>Audi Q5 08-17 elektrini\u0173 lang\u0173 valdymo pultas chromuotas - Erformance.eu<\/title>\n<meta name=\"robots\" content=\"index, follow, max-snippet:-1, max-image-preview:large, max-video-preview:-1\" \/>\n<link rel=\"canonical\" href=\"https:\/\/erformance.eu\/et\/toode\/audi-q5-08-17-elektriniu-langu-valdymo-pultas-chromuotas\/\" \/>\n<meta property=\"og:locale\" content=\"et_EE\" \/>\n<meta property=\"og:type\" content=\"article\" \/>\n<meta property=\"og:title\" content=\"Audi Q5 08-17 elektrini\u0173 lang\u0173 valdymo pultas chromuotas\" \/>\n<meta property=\"og:description\" content=\"1. Prek\u0117: CHROME elektrinio lango valdymo skydelis2. Gamintojas: pakeitimas3. Automobilis:Audi A4 B8 07-16Audi A5 07-17Audi Q5 08\u201317\" \/>\n<meta property=\"og:url\" content=\"https:\/\/erformance.eu\/et\/toode\/audi-q5-08-17-elektriniu-langu-valdymo-pultas-chromuotas\/\" \/>\n<meta property=\"og:site_name\" content=\"Erformance.eu\" \/>\n<meta property=\"article:modified_time\" content=\"2026-03-25T22:47:54+00:00\" \/>\n<meta property=\"og:image\" content=\"https:\/\/erformance.eu\/wp-content\/uploads\/2026\/02\/pol_pm_Audi-Q5-08-17-panel-sterowania-szyb-elektrycznych-CHROM-36155_1.jpg\" \/>\n\t<meta property=\"og:image:width\" content=\"1200\" \/>\n\t<meta property=\"og:image:height\" content=\"1200\" \/>\n\t<meta property=\"og:image:type\" content=\"image\/jpeg\" \/>\n<meta name=\"twitter:card\" content=\"summary_large_image\" \/>\n<meta name=\"twitter:label1\" content=\"Est. reading time\" \/>\n\t<meta name=\"twitter:data1\" content=\"1 minut\" \/>\n<script type=\"application\/ld+json\" class=\"yoast-schema-graph\">{\"@context\":\"https:\\\/\\\/schema.org\",\"@graph\":[{\"@type\":\"WebPage\",\"@id\":\"https:\\\/\\\/erformance.eu\\\/et\\\/toode\\\/audi-q5-08-17-elektriniu-langu-valdymo-pultas-chromuotas\\\/\",\"url\":\"https:\\\/\\\/erformance.eu\\\/et\\\/toode\\\/audi-q5-08-17-elektriniu-langu-valdymo-pultas-chromuotas\\\/\",\"name\":\"Audi Q5 08-17 elektrini\u0173 lang\u0173 valdymo pultas chromuotas - Erformance.eu\",\"isPartOf\":{\"@id\":\"https:\\\/\\\/erformance.eu\\\/et\\\/#website\"},\"primaryImageOfPage\":{\"@id\":\"https:\\\/\\\/erformance.eu\\\/et\\\/toode\\\/audi-q5-08-17-elektriniu-langu-valdymo-pultas-chromuotas\\\/#primaryimage\"},\"image\":{\"@id\":\"https:\\\/\\\/erformance.eu\\\/et\\\/toode\\\/audi-q5-08-17-elektriniu-langu-valdymo-pultas-chromuotas\\\/#primaryimage\"},\"thumbnailUrl\":\"https:\\\/\\\/erformance.eu\\\/wp-content\\\/uploads\\\/2026\\\/02\\\/pol_pm_Audi-Q5-08-17-panel-sterowania-szyb-elektrycznych-CHROM-36155_1.jpg\",\"datePublished\":\"2026-02-16T11:18:36+00:00\",\"dateModified\":\"2026-03-25T22:47:54+00:00\",\"breadcrumb\":{\"@id\":\"https:\\\/\\\/erformance.eu\\\/et\\\/toode\\\/audi-q5-08-17-elektriniu-langu-valdymo-pultas-chromuotas\\\/#breadcrumb\"},\"inLanguage\":\"et\",\"potentialAction\":[{\"@type\":\"ReadAction\",\"target\":[\"https:\\\/\\\/erformance.eu\\\/et\\\/toode\\\/audi-q5-08-17-elektriniu-langu-valdymo-pultas-chromuotas\\\/\"]}]},{\"@type\":\"ImageObject\",\"inLanguage\":\"et\",\"@id\":\"https:\\\/\\\/erformance.eu\\\/et\\\/toode\\\/audi-q5-08-17-elektriniu-langu-valdymo-pultas-chromuotas\\\/#primaryimage\",\"url\":\"https:\\\/\\\/erformance.eu\\\/wp-content\\\/uploads\\\/2026\\\/02\\\/pol_pm_Audi-Q5-08-17-panel-sterowania-szyb-elektrycznych-CHROM-36155_1.jpg\",\"contentUrl\":\"https:\\\/\\\/erformance.eu\\\/wp-content\\\/uploads\\\/2026\\\/02\\\/pol_pm_Audi-Q5-08-17-panel-sterowania-szyb-elektrycznych-CHROM-36155_1.jpg\",\"width\":1200,\"height\":1200},{\"@type\":\"BreadcrumbList\",\"@id\":\"https:\\\/\\\/erformance.eu\\\/et\\\/toode\\\/audi-q5-08-17-elektriniu-langu-valdymo-pultas-chromuotas\\\/#breadcrumb\",\"itemListElement\":[{\"@type\":\"ListItem\",\"position\":1,\"name\":\"Home\",\"item\":\"https:\\\/\\\/erformance.eu\\\/et\\\/\"},{\"@type\":\"ListItem\",\"position\":2,\"name\":\"Pood\",\"item\":\"https:\\\/\\\/erformance.eu\\\/et\\\/pood\\\/\"},{\"@type\":\"ListItem\",\"position\":3,\"name\":\"Audi Q5 08-17 elektrini\u0173 lang\u0173 valdymo pultas chromuotas\"}]},{\"@type\":\"WebSite\",\"@id\":\"https:\\\/\\\/erformance.eu\\\/et\\\/#website\",\"url\":\"https:\\\/\\\/erformance.eu\\\/et\\\/\",\"name\":\"Erformance.eu\",\"description\":\"Automobili\u0173 dali\u0173 parduotuv\u0117\",\"potentialAction\":[{\"@type\":\"SearchAction\",\"target\":{\"@type\":\"EntryPoint\",\"urlTemplate\":\"https:\\\/\\\/erformance.eu\\\/et\\\/?s={search_term_string}\"},\"query-input\":{\"@type\":\"PropertyValueSpecification\",\"valueRequired\":true,\"valueName\":\"search_term_string\"}}],\"inLanguage\":\"et\"}]}<\/script>\n<!-- \/ Yoast SEO Premium plugin. -->","yoast_head_json":{"title":"Audi Q5 08-17 elektrini\u0173 lang\u0173 valdymo pultas chromuotas - Erformance.eu","robots":{"index":"index","follow":"follow","max-snippet":"max-snippet:-1","max-image-preview":"max-image-preview:large","max-video-preview":"max-video-preview:-1"},"canonical":"https:\/\/erformance.eu\/et\/toode\/audi-q5-08-17-elektriniu-langu-valdymo-pultas-chromuotas\/","og_locale":"et_EE","og_type":"article","og_title":"Audi Q5 08-17 elektrini\u0173 lang\u0173 valdymo pultas chromuotas","og_description":"1. Prek\u0117: CHROME elektrinio lango valdymo skydelis2. Gamintojas: pakeitimas3. Automobilis:Audi A4 B8 07-16Audi A5 07-17Audi Q5 08\u201317","og_url":"https:\/\/erformance.eu\/et\/toode\/audi-q5-08-17-elektriniu-langu-valdymo-pultas-chromuotas\/","og_site_name":"Erformance.eu","article_modified_time":"2026-03-25T22:47:54+00:00","og_image":[{"width":1200,"height":1200,"url":"https:\/\/erformance.eu\/wp-content\/uploads\/2026\/02\/pol_pm_Audi-Q5-08-17-panel-sterowania-szyb-elektrycznych-CHROM-36155_1.jpg","type":"image\/jpeg"}],"twitter_card":"summary_large_image","twitter_misc":{"Est. reading time":"1 minut"},"schema":{"@context":"https:\/\/schema.org","@graph":[{"@type":"WebPage","@id":"https:\/\/erformance.eu\/et\/toode\/audi-q5-08-17-elektriniu-langu-valdymo-pultas-chromuotas\/","url":"https:\/\/erformance.eu\/et\/toode\/audi-q5-08-17-elektriniu-langu-valdymo-pultas-chromuotas\/","name":"Audi Q5 08-17 elektrini\u0173 lang\u0173 valdymo pultas chromuotas - Erformance.eu","isPartOf":{"@id":"https:\/\/erformance.eu\/et\/#website"},"primaryImageOfPage":{"@id":"https:\/\/erformance.eu\/et\/toode\/audi-q5-08-17-elektriniu-langu-valdymo-pultas-chromuotas\/#primaryimage"},"image":{"@id":"https:\/\/erformance.eu\/et\/toode\/audi-q5-08-17-elektriniu-langu-valdymo-pultas-chromuotas\/#primaryimage"},"thumbnailUrl":"https:\/\/erformance.eu\/wp-content\/uploads\/2026\/02\/pol_pm_Audi-Q5-08-17-panel-sterowania-szyb-elektrycznych-CHROM-36155_1.jpg","datePublished":"2026-02-16T11:18:36+00:00","dateModified":"2026-03-25T22:47:54+00:00","breadcrumb":{"@id":"https:\/\/erformance.eu\/et\/toode\/audi-q5-08-17-elektriniu-langu-valdymo-pultas-chromuotas\/#breadcrumb"},"inLanguage":"et","potentialAction":[{"@type":"ReadAction","target":["https:\/\/erformance.eu\/et\/toode\/audi-q5-08-17-elektriniu-langu-valdymo-pultas-chromuotas\/"]}]},{"@type":"ImageObject","inLanguage":"et","@id":"https:\/\/erformance.eu\/et\/toode\/audi-q5-08-17-elektriniu-langu-valdymo-pultas-chromuotas\/#primaryimage","url":"https:\/\/erformance.eu\/wp-content\/uploads\/2026\/02\/pol_pm_Audi-Q5-08-17-panel-sterowania-szyb-elektrycznych-CHROM-36155_1.jpg","contentUrl":"https:\/\/erformance.eu\/wp-content\/uploads\/2026\/02\/pol_pm_Audi-Q5-08-17-panel-sterowania-szyb-elektrycznych-CHROM-36155_1.jpg","width":1200,"height":1200},{"@type":"BreadcrumbList","@id":"https:\/\/erformance.eu\/et\/toode\/audi-q5-08-17-elektriniu-langu-valdymo-pultas-chromuotas\/#breadcrumb","itemListElement":[{"@type":"ListItem","position":1,"name":"Home","item":"https:\/\/erformance.eu\/et\/"},{"@type":"ListItem","position":2,"name":"Pood","item":"https:\/\/erformance.eu\/et\/pood\/"},{"@type":"ListItem","position":3,"name":"Audi Q5 08-17 elektrini\u0173 lang\u0173 valdymo pultas chromuotas"}]},{"@type":"WebSite","@id":"https:\/\/erformance.eu\/et\/#website","url":"https:\/\/erformance.eu\/et\/","name":"Erformance.eu","description":"Automobili\u0173 dali\u0173 parduotuv\u0117","potentialAction":[{"@type":"SearchAction","target":{"@type":"EntryPoint","urlTemplate":"https:\/\/erformance.eu\/et\/?s={search_term_string}"},"query-input":{"@type":"PropertyValueSpecification","valueRequired":true,"valueName":"search_term_string"}}],"inLanguage":"et"}]}},"jetpack_sharing_enabled":true,"_links":{"self":[{"href":"https:\/\/erformance.eu\/et\/wp-json\/wp\/v2\/product\/56494","targetHints":{"allow":["GET"]}}],"collection":[{"href":"https:\/\/erformance.eu\/et\/wp-json\/wp\/v2\/product"}],"about":[{"href":"https:\/\/erformance.eu\/et\/wp-json\/wp\/v2\/types\/product"}],"replies":[{"embeddable":true,"href":"https:\/\/erformance.eu\/et\/wp-json\/wp\/v2\/comments?post=56494"}],"version-history":[{"count":1,"href":"https:\/\/erformance.eu\/et\/wp-json\/wp\/v2\/product\/56494\/revisions"}],"predecessor-version":[{"id":56495,"href":"https:\/\/erformance.eu\/et\/wp-json\/wp\/v2\/product\/56494\/revisions\/56495"}],"wp:featuredmedia":[{"embeddable":true,"href":"https:\/\/erformance.eu\/et\/wp-json\/wp\/v2\/media\/50402"}],"wp:attachment":[{"href":"https:\/\/erformance.eu\/et\/wp-json\/wp\/v2\/media?parent=56494"}],"wp:term":[{"taxonomy":"product_brand","embeddable":true,"href":"https:\/\/erformance.eu\/et\/wp-json\/wp\/v2\/product_brand?post=56494"},{"taxonomy":"product_cat","embeddable":true,"href":"https:\/\/erformance.eu\/et\/wp-json\/wp\/v2\/product_cat?post=56494"},{"taxonomy":"product_tag","embeddable":true,"href":"https:\/\/erformance.eu\/et\/wp-json\/wp\/v2\/product_tag?post=56494"}],"curies":[{"name":"wp","href":"https:\/\/api.w.org\/{rel}","templated":true}]}}