{"id":56496,"date":"2026-02-16T14:18:37","date_gmt":"2026-02-16T11:18:37","guid":{"rendered":"https:\/\/erformance.eu\/?post_type=product&#038;p=56496"},"modified":"2026-03-26T02:38:31","modified_gmt":"2026-03-25T23:38:31","slug":"audi-q7-4l-06-15-priekiniu-kairiu-duru-spynos-ideklas-1-raktas","status":"publish","type":"product","link":"https:\/\/erformance.eu\/et\/toode\/audi-q7-4l-06-15-priekiniu-kairiu-duru-spynos-ideklas-1-raktas\/","title":{"rendered":"Audi Q7 4L 06-15 priekini\u0173 kairi\u0173 dur\u0173 spynos \u012fd\u0117klas + 1 raktas"},"content":{"rendered":"<p>Prek\u0117: priekini\u0173 dur\u0173 spynos \u012fd\u0117klasPus\u0117: Kair\u0117 (vairuotojo pus\u0117)OEM numeris: 107837167BDPASTABA: auk\u0161\u010diau pateikti numeriai yra original\u016bs dali\u0173 numeriai, kuriuos \u0161is pasi\u016blymas pakei\u010dia. Prie\u0161 pirkdami, palyginkite juos su originaliu dalies numeriu. Jei jie skiriasi net vienu simboliu, dalis netiks, neveiks arba veiks netinkamai. Tokiu atveju jos nepirkite.Automobilis: Audi Q7 (4LB)Pagaminimo metai: 2006\u20132015Gamintojas: pakaitalasTechnin\u0117 b\u016bkl\u0117: prek\u0117 yra visi\u0161kai nauja, nenaudota, nepa\u017eeista ir nesugadintaPastaba: komplekte yra vienas raktas.<\/p>\n","protected":false},"excerpt":{"rendered":"<p>1. Prek\u0117: Priekini\u0173 dur\u0173 spynos \u012fd\u0117klas2. Pus\u0117: kair\u01173. Gamintojas: pakeitimas4. Automobilis: Audi Q7 4L5. Pagaminimo metai: 2006\u20132015<\/p>\n","protected":false},"featured_media":0,"comment_status":"open","ping_status":"closed","template":"","meta":[],"product_brand":[],"product_cat":[3930,144,3970,4175,400],"product_tag":[],"class_list":{"0":"post-56496","1":"product","2":"type-product","3":"status-publish","5":"product_cat-audi-q7-4l","6":"product_cat-audi","7":"product_cat-audi-q7-4l-isores-dalys","8":"product_cat-audi-q7-4l-isores-kitos-dalys","9":"product_cat-audi-q7","11":"first","12":"instock","13":"shipping-taxable","14":"purchasable","15":"product-type-simple"},"yoast_head":"<!-- This site is optimized with the Yoast SEO Premium plugin v25.2 (Yoast SEO v27.5) - https:\/\/yoast.com\/product\/yoast-seo-premium-wordpress\/ -->\n<title>Audi Q7 4L 06-15 priekini\u0173 kairi\u0173 dur\u0173 spynos \u012fd\u0117klas + 1 raktas - Erformance.eu<\/title>\n<meta name=\"robots\" content=\"index, follow, max-snippet:-1, max-image-preview:large, max-video-preview:-1\" \/>\n<link rel=\"canonical\" href=\"https:\/\/erformance.eu\/et\/toode\/audi-q7-4l-06-15-priekiniu-kairiu-duru-spynos-ideklas-1-raktas\/\" \/>\n<meta property=\"og:locale\" content=\"et_EE\" \/>\n<meta property=\"og:type\" content=\"article\" \/>\n<meta property=\"og:title\" content=\"Audi Q7 4L 06-15 priekini\u0173 kairi\u0173 dur\u0173 spynos \u012fd\u0117klas + 1 raktas\" \/>\n<meta property=\"og:description\" content=\"1. Prek\u0117: Priekini\u0173 dur\u0173 spynos \u012fd\u0117klas2. Pus\u0117: kair\u01173. Gamintojas: pakeitimas4. Automobilis: Audi Q7 4L5. Pagaminimo metai: 2006\u20132015\" \/>\n<meta property=\"og:url\" content=\"https:\/\/erformance.eu\/et\/toode\/audi-q7-4l-06-15-priekiniu-kairiu-duru-spynos-ideklas-1-raktas\/\" \/>\n<meta property=\"og:site_name\" content=\"Erformance.eu\" \/>\n<meta property=\"article:modified_time\" content=\"2026-03-25T23:38:31+00:00\" \/>\n<meta name=\"twitter:card\" content=\"summary_large_image\" \/>\n<meta name=\"twitter:label1\" content=\"Est. reading time\" \/>\n\t<meta name=\"twitter:data1\" content=\"1 minut\" \/>\n<script type=\"application\/ld+json\" class=\"yoast-schema-graph\">{\"@context\":\"https:\\\/\\\/schema.org\",\"@graph\":[{\"@type\":\"WebPage\",\"@id\":\"https:\\\/\\\/erformance.eu\\\/et\\\/toode\\\/audi-q7-4l-06-15-priekiniu-kairiu-duru-spynos-ideklas-1-raktas\\\/\",\"url\":\"https:\\\/\\\/erformance.eu\\\/et\\\/toode\\\/audi-q7-4l-06-15-priekiniu-kairiu-duru-spynos-ideklas-1-raktas\\\/\",\"name\":\"Audi Q7 4L 06-15 priekini\u0173 kairi\u0173 dur\u0173 spynos \u012fd\u0117klas + 1 raktas - Erformance.eu\",\"isPartOf\":{\"@id\":\"https:\\\/\\\/erformance.eu\\\/et\\\/#website\"},\"datePublished\":\"2026-02-16T11:18:37+00:00\",\"dateModified\":\"2026-03-25T23:38:31+00:00\",\"breadcrumb\":{\"@id\":\"https:\\\/\\\/erformance.eu\\\/et\\\/toode\\\/audi-q7-4l-06-15-priekiniu-kairiu-duru-spynos-ideklas-1-raktas\\\/#breadcrumb\"},\"inLanguage\":\"et\",\"potentialAction\":[{\"@type\":\"ReadAction\",\"target\":[\"https:\\\/\\\/erformance.eu\\\/et\\\/toode\\\/audi-q7-4l-06-15-priekiniu-kairiu-duru-spynos-ideklas-1-raktas\\\/\"]}]},{\"@type\":\"BreadcrumbList\",\"@id\":\"https:\\\/\\\/erformance.eu\\\/et\\\/toode\\\/audi-q7-4l-06-15-priekiniu-kairiu-duru-spynos-ideklas-1-raktas\\\/#breadcrumb\",\"itemListElement\":[{\"@type\":\"ListItem\",\"position\":1,\"name\":\"Home\",\"item\":\"https:\\\/\\\/erformance.eu\\\/et\\\/\"},{\"@type\":\"ListItem\",\"position\":2,\"name\":\"Pood\",\"item\":\"https:\\\/\\\/erformance.eu\\\/et\\\/pood\\\/\"},{\"@type\":\"ListItem\",\"position\":3,\"name\":\"Audi Q7 4L 06-15 priekini\u0173 kairi\u0173 dur\u0173 spynos \u012fd\u0117klas + 1 raktas\"}]},{\"@type\":\"WebSite\",\"@id\":\"https:\\\/\\\/erformance.eu\\\/et\\\/#website\",\"url\":\"https:\\\/\\\/erformance.eu\\\/et\\\/\",\"name\":\"Erformance.eu\",\"description\":\"Automobili\u0173 dali\u0173 parduotuv\u0117\",\"potentialAction\":[{\"@type\":\"SearchAction\",\"target\":{\"@type\":\"EntryPoint\",\"urlTemplate\":\"https:\\\/\\\/erformance.eu\\\/et\\\/?s={search_term_string}\"},\"query-input\":{\"@type\":\"PropertyValueSpecification\",\"valueRequired\":true,\"valueName\":\"search_term_string\"}}],\"inLanguage\":\"et\"}]}<\/script>\n<!-- \/ Yoast SEO Premium plugin. -->","yoast_head_json":{"title":"Audi Q7 4L 06-15 priekini\u0173 kairi\u0173 dur\u0173 spynos \u012fd\u0117klas + 1 raktas - Erformance.eu","robots":{"index":"index","follow":"follow","max-snippet":"max-snippet:-1","max-image-preview":"max-image-preview:large","max-video-preview":"max-video-preview:-1"},"canonical":"https:\/\/erformance.eu\/et\/toode\/audi-q7-4l-06-15-priekiniu-kairiu-duru-spynos-ideklas-1-raktas\/","og_locale":"et_EE","og_type":"article","og_title":"Audi Q7 4L 06-15 priekini\u0173 kairi\u0173 dur\u0173 spynos \u012fd\u0117klas + 1 raktas","og_description":"1. Prek\u0117: Priekini\u0173 dur\u0173 spynos \u012fd\u0117klas2. Pus\u0117: kair\u01173. Gamintojas: pakeitimas4. Automobilis: Audi Q7 4L5. Pagaminimo metai: 2006\u20132015","og_url":"https:\/\/erformance.eu\/et\/toode\/audi-q7-4l-06-15-priekiniu-kairiu-duru-spynos-ideklas-1-raktas\/","og_site_name":"Erformance.eu","article_modified_time":"2026-03-25T23:38:31+00:00","twitter_card":"summary_large_image","twitter_misc":{"Est. reading time":"1 minut"},"schema":{"@context":"https:\/\/schema.org","@graph":[{"@type":"WebPage","@id":"https:\/\/erformance.eu\/et\/toode\/audi-q7-4l-06-15-priekiniu-kairiu-duru-spynos-ideklas-1-raktas\/","url":"https:\/\/erformance.eu\/et\/toode\/audi-q7-4l-06-15-priekiniu-kairiu-duru-spynos-ideklas-1-raktas\/","name":"Audi Q7 4L 06-15 priekini\u0173 kairi\u0173 dur\u0173 spynos \u012fd\u0117klas + 1 raktas - Erformance.eu","isPartOf":{"@id":"https:\/\/erformance.eu\/et\/#website"},"datePublished":"2026-02-16T11:18:37+00:00","dateModified":"2026-03-25T23:38:31+00:00","breadcrumb":{"@id":"https:\/\/erformance.eu\/et\/toode\/audi-q7-4l-06-15-priekiniu-kairiu-duru-spynos-ideklas-1-raktas\/#breadcrumb"},"inLanguage":"et","potentialAction":[{"@type":"ReadAction","target":["https:\/\/erformance.eu\/et\/toode\/audi-q7-4l-06-15-priekiniu-kairiu-duru-spynos-ideklas-1-raktas\/"]}]},{"@type":"BreadcrumbList","@id":"https:\/\/erformance.eu\/et\/toode\/audi-q7-4l-06-15-priekiniu-kairiu-duru-spynos-ideklas-1-raktas\/#breadcrumb","itemListElement":[{"@type":"ListItem","position":1,"name":"Home","item":"https:\/\/erformance.eu\/et\/"},{"@type":"ListItem","position":2,"name":"Pood","item":"https:\/\/erformance.eu\/et\/pood\/"},{"@type":"ListItem","position":3,"name":"Audi Q7 4L 06-15 priekini\u0173 kairi\u0173 dur\u0173 spynos \u012fd\u0117klas + 1 raktas"}]},{"@type":"WebSite","@id":"https:\/\/erformance.eu\/et\/#website","url":"https:\/\/erformance.eu\/et\/","name":"Erformance.eu","description":"Automobili\u0173 dali\u0173 parduotuv\u0117","potentialAction":[{"@type":"SearchAction","target":{"@type":"EntryPoint","urlTemplate":"https:\/\/erformance.eu\/et\/?s={search_term_string}"},"query-input":{"@type":"PropertyValueSpecification","valueRequired":true,"valueName":"search_term_string"}}],"inLanguage":"et"}]}},"jetpack_sharing_enabled":true,"_links":{"self":[{"href":"https:\/\/erformance.eu\/et\/wp-json\/wp\/v2\/product\/56496","targetHints":{"allow":["GET"]}}],"collection":[{"href":"https:\/\/erformance.eu\/et\/wp-json\/wp\/v2\/product"}],"about":[{"href":"https:\/\/erformance.eu\/et\/wp-json\/wp\/v2\/types\/product"}],"replies":[{"embeddable":true,"href":"https:\/\/erformance.eu\/et\/wp-json\/wp\/v2\/comments?post=56496"}],"version-history":[{"count":1,"href":"https:\/\/erformance.eu\/et\/wp-json\/wp\/v2\/product\/56496\/revisions"}],"predecessor-version":[{"id":56497,"href":"https:\/\/erformance.eu\/et\/wp-json\/wp\/v2\/product\/56496\/revisions\/56497"}],"wp:attachment":[{"href":"https:\/\/erformance.eu\/et\/wp-json\/wp\/v2\/media?parent=56496"}],"wp:term":[{"taxonomy":"product_brand","embeddable":true,"href":"https:\/\/erformance.eu\/et\/wp-json\/wp\/v2\/product_brand?post=56496"},{"taxonomy":"product_cat","embeddable":true,"href":"https:\/\/erformance.eu\/et\/wp-json\/wp\/v2\/product_cat?post=56496"},{"taxonomy":"product_tag","embeddable":true,"href":"https:\/\/erformance.eu\/et\/wp-json\/wp\/v2\/product_tag?post=56496"}],"curies":[{"name":"wp","href":"https:\/\/api.w.org\/{rel}","templated":true}]}}