{"id":56502,"date":"2026-02-16T14:18:42","date_gmt":"2026-02-16T11:18:42","guid":{"rendered":"https:\/\/erformance.eu\/?post_type=product&#038;p=56502"},"modified":"2026-03-26T01:46:49","modified_gmt":"2026-03-25T22:46:49","slug":"audi-q5-8r-fl-12-16-su-halogeninemis-grotelemis-bamperyje-kaireje","status":"publish","type":"product","link":"https:\/\/erformance.eu\/et\/toode\/audi-q5-8r-fl-12-16-su-halogeninemis-grotelemis-bamperyje-kaireje\/","title":{"rendered":"Audi Q5 8R FL 12-16 SU HALOGENIN\u0116MIS GROTEL\u0116MIS bamperyje kair\u0117je"},"content":{"rendered":"<p>Prek\u0117: priekinio bamperio grotel\u0117s<br \/>\nPus\u0117: Kair\u0117 (vairuotojo pus\u0117)<br \/>\nOE numeris: 8R0807681J<br \/>\nPASTABA: auk\u0161\u010diau pateikti numeriai yra original\u016bs dali\u0173 numeriai, kuriuos \u0161is pasi\u016blymas pakei\u010dia. Prie\u0161 pirkdami, palyginkite juos su originaliu dalies numeriu. Jei jie skiriasi net vienu simboliu, dalis netiks, neveiks arba veiks netinkamai. Tokiu atveju jos nepirkite.<br \/>\nAutomobilis:<br \/>\nAudi Q5 8R FL (pakeltas modelis), pagaminimo metai: 2012\u20132016<\/p>\n<p>Q5 (8RB) 2.0 TDI (CJCA) 1968ccm 143KM\/105kW 2010\/11-<br \/>\nQ5 (8RB) 2.0 TDI (CJCB CSUB) 1968ccm 136KM\/100kW 2010\/11-<br \/>\nQ5 (8RB) 2.0 TDI (CJCD CSJU) 1968ccm 150KM\/110kW 2013\/05-<br \/>\nQ5 (8RB) 2.0 TDI (CNHA) 1968ccm 190KM\/140kW 2015\/09-<br \/>\nQ5 (8RB) 2.0 TDI quattro (CAGA CJCA) 1968ccm 143KM\/105kW 2009\/08-<br \/>\nQ5 (8RB) 2.0 TDI quattro (CAHA CGLB CMGA) 1968ccm 170KM\/125kW 2008\/11-<br \/>\nQ5 (8RB) 2.0 TDI quattro (CGLC CMGB) 1968ccm 177KM\/130kW 2012\/06-<br \/>\nQ5 (8RB) 2.0 TDI quattro (CJCD CSUA) 1968ccm 150KM\/110kW 2013\/05-<br \/>\nQ5 (8RB) 2.0 TDI quattro (CNHA) 1968ccm 190KM\/140kW 2013\/11-<br \/>\nQ5 (8RB) 2.0 TFSI hybrid quattro (CHJA) 1984ccm 211KM\/155kW 2011\/06-<br \/>\nQ5 (8RB) 2.0 TFSI quattro (CAEB CDNC CPMA) 1984ccm 211KM\/155kW 2008\/11-<br \/>\nQ5 (8RB) 2.0 TFSI quattro (CDNB CNCB) 1984ccm 180KM\/132kW 2009\/08-<br \/>\nQ5 (8RB) 2.0 TFSI quattro (CNCD) 1984ccm 224KM\/165kW 2012\/06-<br \/>\nQ5 (8RB) 2.0 TFSI quattro (CNCE) 1984ccm 230KM\/169kW 2015\/08-<br \/>\nQ5 (8RB) 2.0 TFSI quattro (CPMB) 1984ccm 220KM\/162kW 2013\/05-<br \/>\nQ5 (8RB) 3.0 TDI quattro (CCWA CPNB) 2967ccm 240KM\/176kW 2008\/11-<br \/>\nQ5 (8RB) 3.0 TDI quattro (CDUD) 2967ccm 245KM\/180kW 2012\/06-<br \/>\nQ5 (8RB) 3.0 TDI quattro (CTBA) 2967ccm 258KM\/190kW 2013\/11-<br \/>\nQ5 (8RB) 3.0 TDI quattro (CTBC) 2967ccm 250KM\/184kW 2012\/06-<br \/>\nQ5 (8RB) 3.0 TFSI quattro (CTUC CTVA) 2995ccm 272KM\/200kW 2012\/06-<br \/>\nQ5 (8RB) 3.2 FSI quattro (CALB) 3197ccm 270KM\/199kW 2008\/11-<br \/>\nQ5 (8RB) SQ5 TDI quattro (CGQB CVUC) 2967ccm 313KM\/230kW 2012\/12-<br \/>\nQ5 (8RB) SQ5 TDI quattro (CVUB) 2967ccm 326KM\/240kW 2015\/04-<br \/>\nQ5 (8RB) SQ5 TDI quattro (DEHA) 2967ccm 340KM\/250kW 2015\/11-<br \/>\nQ5 (8RB) SQ5 TFSI quattro (CTUD CTXA) 2995ccm 354KM\/260kW 2013\/05-<\/p>\n<p>Kolor: czarny z chromow\u0105 ramk\u0105<br \/>\nProducent: zamiennik<br \/>\nStan techniczny: przedmiot jest fabrycznie NOWY, nieu\u017cywany, nieuszkodzony i niezniszczony<br \/>\nUWAGA! posiada otw\u00f3r na halogen<\/p>\n","protected":false},"excerpt":{"rendered":"<p>1. Prek\u0117: buferio grotel\u0117s2. Pus\u0117: kair\u01173. Gamintojas: pakeitimas4. Automobilis: Audi Q5 8R FL5. Pagaminimo metai: 2012\u20132016<\/p>\n","protected":false},"featured_media":50433,"comment_status":"open","ping_status":"closed","template":"","meta":[],"product_brand":[],"product_cat":[3928,144,4095,4134,3968,399,4290],"product_tag":[],"class_list":{"0":"post-56502","1":"product","2":"type-product","3":"status-publish","4":"has-post-thumbnail","6":"product_cat-audi-q5-8r","7":"product_cat-audi","8":"product_cat-audi-q5-8r-bamperiai-ju-dalys","9":"product_cat-audi-q5-8r-isores-groteles","10":"product_cat-audi-q5-8r-isores-dalys","11":"product_cat-audi-q5","12":"product_cat-audi-q5-8r-zibintai-apsvietimas","14":"first","15":"instock","16":"shipping-taxable","17":"purchasable","18":"product-type-simple"},"yoast_head":"<!-- This site is optimized with the Yoast SEO Premium plugin v25.2 (Yoast SEO v27.6) - https:\/\/yoast.com\/product\/yoast-seo-premium-wordpress\/ -->\n<title>Audi Q5 8R FL 12-16 SU HALOGENIN\u0116MIS GROTEL\u0116MIS bamperyje kair\u0117je - Erformance.eu<\/title>\n<meta name=\"robots\" content=\"index, follow, max-snippet:-1, max-image-preview:large, max-video-preview:-1\" \/>\n<link rel=\"canonical\" href=\"https:\/\/erformance.eu\/et\/toode\/audi-q5-8r-fl-12-16-su-halogeninemis-grotelemis-bamperyje-kaireje\/\" \/>\n<meta property=\"og:locale\" content=\"et_EE\" \/>\n<meta property=\"og:type\" content=\"article\" \/>\n<meta property=\"og:title\" content=\"Audi Q5 8R FL 12-16 SU HALOGENIN\u0116MIS GROTEL\u0116MIS bamperyje kair\u0117je\" \/>\n<meta property=\"og:description\" content=\"1. Prek\u0117: buferio grotel\u0117s2. Pus\u0117: kair\u01173. Gamintojas: pakeitimas4. Automobilis: Audi Q5 8R FL5. Pagaminimo metai: 2012\u20132016\" \/>\n<meta property=\"og:url\" content=\"https:\/\/erformance.eu\/et\/toode\/audi-q5-8r-fl-12-16-su-halogeninemis-grotelemis-bamperyje-kaireje\/\" \/>\n<meta property=\"og:site_name\" content=\"Erformance.eu\" \/>\n<meta property=\"article:modified_time\" content=\"2026-03-25T22:46:49+00:00\" \/>\n<meta property=\"og:image\" content=\"https:\/\/erformance.eu\/wp-content\/uploads\/2026\/02\/pol_pm_Audi-Q5-8R-FL-12-16-Z-HALOGENAMI-atrapka-kratka-w-zderzak-lewa-20363_1.jpg\" \/>\n\t<meta property=\"og:image:width\" content=\"1200\" \/>\n\t<meta property=\"og:image:height\" content=\"900\" \/>\n\t<meta property=\"og:image:type\" content=\"image\/jpeg\" \/>\n<meta name=\"twitter:card\" content=\"summary_large_image\" \/>\n<meta name=\"twitter:label1\" content=\"Est. reading time\" \/>\n\t<meta name=\"twitter:data1\" content=\"2 minutit\" \/>\n<script type=\"application\/ld+json\" class=\"yoast-schema-graph\">{\"@context\":\"https:\\\/\\\/schema.org\",\"@graph\":[{\"@type\":\"WebPage\",\"@id\":\"https:\\\/\\\/erformance.eu\\\/et\\\/toode\\\/audi-q5-8r-fl-12-16-su-halogeninemis-grotelemis-bamperyje-kaireje\\\/\",\"url\":\"https:\\\/\\\/erformance.eu\\\/et\\\/toode\\\/audi-q5-8r-fl-12-16-su-halogeninemis-grotelemis-bamperyje-kaireje\\\/\",\"name\":\"Audi Q5 8R FL 12-16 SU HALOGENIN\u0116MIS GROTEL\u0116MIS bamperyje kair\u0117je - Erformance.eu\",\"isPartOf\":{\"@id\":\"https:\\\/\\\/erformance.eu\\\/et\\\/#website\"},\"primaryImageOfPage\":{\"@id\":\"https:\\\/\\\/erformance.eu\\\/et\\\/toode\\\/audi-q5-8r-fl-12-16-su-halogeninemis-grotelemis-bamperyje-kaireje\\\/#primaryimage\"},\"image\":{\"@id\":\"https:\\\/\\\/erformance.eu\\\/et\\\/toode\\\/audi-q5-8r-fl-12-16-su-halogeninemis-grotelemis-bamperyje-kaireje\\\/#primaryimage\"},\"thumbnailUrl\":\"https:\\\/\\\/erformance.eu\\\/wp-content\\\/uploads\\\/2026\\\/02\\\/pol_pm_Audi-Q5-8R-FL-12-16-Z-HALOGENAMI-atrapka-kratka-w-zderzak-lewa-20363_1.jpg\",\"datePublished\":\"2026-02-16T11:18:42+00:00\",\"dateModified\":\"2026-03-25T22:46:49+00:00\",\"breadcrumb\":{\"@id\":\"https:\\\/\\\/erformance.eu\\\/et\\\/toode\\\/audi-q5-8r-fl-12-16-su-halogeninemis-grotelemis-bamperyje-kaireje\\\/#breadcrumb\"},\"inLanguage\":\"et\",\"potentialAction\":[{\"@type\":\"ReadAction\",\"target\":[\"https:\\\/\\\/erformance.eu\\\/et\\\/toode\\\/audi-q5-8r-fl-12-16-su-halogeninemis-grotelemis-bamperyje-kaireje\\\/\"]}]},{\"@type\":\"ImageObject\",\"inLanguage\":\"et\",\"@id\":\"https:\\\/\\\/erformance.eu\\\/et\\\/toode\\\/audi-q5-8r-fl-12-16-su-halogeninemis-grotelemis-bamperyje-kaireje\\\/#primaryimage\",\"url\":\"https:\\\/\\\/erformance.eu\\\/wp-content\\\/uploads\\\/2026\\\/02\\\/pol_pm_Audi-Q5-8R-FL-12-16-Z-HALOGENAMI-atrapka-kratka-w-zderzak-lewa-20363_1.jpg\",\"contentUrl\":\"https:\\\/\\\/erformance.eu\\\/wp-content\\\/uploads\\\/2026\\\/02\\\/pol_pm_Audi-Q5-8R-FL-12-16-Z-HALOGENAMI-atrapka-kratka-w-zderzak-lewa-20363_1.jpg\",\"width\":1200,\"height\":900},{\"@type\":\"BreadcrumbList\",\"@id\":\"https:\\\/\\\/erformance.eu\\\/et\\\/toode\\\/audi-q5-8r-fl-12-16-su-halogeninemis-grotelemis-bamperyje-kaireje\\\/#breadcrumb\",\"itemListElement\":[{\"@type\":\"ListItem\",\"position\":1,\"name\":\"Home\",\"item\":\"https:\\\/\\\/erformance.eu\\\/et\\\/\"},{\"@type\":\"ListItem\",\"position\":2,\"name\":\"Pood\",\"item\":\"https:\\\/\\\/erformance.eu\\\/et\\\/pood\\\/\"},{\"@type\":\"ListItem\",\"position\":3,\"name\":\"Audi Q5 8R FL 12-16 SU HALOGENIN\u0116MIS GROTEL\u0116MIS bamperyje kair\u0117je\"}]},{\"@type\":\"WebSite\",\"@id\":\"https:\\\/\\\/erformance.eu\\\/et\\\/#website\",\"url\":\"https:\\\/\\\/erformance.eu\\\/et\\\/\",\"name\":\"Erformance.eu\",\"description\":\"Automobili\u0173 dali\u0173 parduotuv\u0117\",\"potentialAction\":[{\"@type\":\"SearchAction\",\"target\":{\"@type\":\"EntryPoint\",\"urlTemplate\":\"https:\\\/\\\/erformance.eu\\\/et\\\/?s={search_term_string}\"},\"query-input\":{\"@type\":\"PropertyValueSpecification\",\"valueRequired\":true,\"valueName\":\"search_term_string\"}}],\"inLanguage\":\"et\"}]}<\/script>\n<!-- \/ Yoast SEO Premium plugin. -->","yoast_head_json":{"title":"Audi Q5 8R FL 12-16 SU HALOGENIN\u0116MIS GROTEL\u0116MIS bamperyje kair\u0117je - Erformance.eu","robots":{"index":"index","follow":"follow","max-snippet":"max-snippet:-1","max-image-preview":"max-image-preview:large","max-video-preview":"max-video-preview:-1"},"canonical":"https:\/\/erformance.eu\/et\/toode\/audi-q5-8r-fl-12-16-su-halogeninemis-grotelemis-bamperyje-kaireje\/","og_locale":"et_EE","og_type":"article","og_title":"Audi Q5 8R FL 12-16 SU HALOGENIN\u0116MIS GROTEL\u0116MIS bamperyje kair\u0117je","og_description":"1. Prek\u0117: buferio grotel\u0117s2. Pus\u0117: kair\u01173. Gamintojas: pakeitimas4. Automobilis: Audi Q5 8R FL5. Pagaminimo metai: 2012\u20132016","og_url":"https:\/\/erformance.eu\/et\/toode\/audi-q5-8r-fl-12-16-su-halogeninemis-grotelemis-bamperyje-kaireje\/","og_site_name":"Erformance.eu","article_modified_time":"2026-03-25T22:46:49+00:00","og_image":[{"width":1200,"height":900,"url":"https:\/\/erformance.eu\/wp-content\/uploads\/2026\/02\/pol_pm_Audi-Q5-8R-FL-12-16-Z-HALOGENAMI-atrapka-kratka-w-zderzak-lewa-20363_1.jpg","type":"image\/jpeg"}],"twitter_card":"summary_large_image","twitter_misc":{"Est. reading time":"2 minutit"},"schema":{"@context":"https:\/\/schema.org","@graph":[{"@type":"WebPage","@id":"https:\/\/erformance.eu\/et\/toode\/audi-q5-8r-fl-12-16-su-halogeninemis-grotelemis-bamperyje-kaireje\/","url":"https:\/\/erformance.eu\/et\/toode\/audi-q5-8r-fl-12-16-su-halogeninemis-grotelemis-bamperyje-kaireje\/","name":"Audi Q5 8R FL 12-16 SU HALOGENIN\u0116MIS GROTEL\u0116MIS bamperyje kair\u0117je - Erformance.eu","isPartOf":{"@id":"https:\/\/erformance.eu\/et\/#website"},"primaryImageOfPage":{"@id":"https:\/\/erformance.eu\/et\/toode\/audi-q5-8r-fl-12-16-su-halogeninemis-grotelemis-bamperyje-kaireje\/#primaryimage"},"image":{"@id":"https:\/\/erformance.eu\/et\/toode\/audi-q5-8r-fl-12-16-su-halogeninemis-grotelemis-bamperyje-kaireje\/#primaryimage"},"thumbnailUrl":"https:\/\/erformance.eu\/wp-content\/uploads\/2026\/02\/pol_pm_Audi-Q5-8R-FL-12-16-Z-HALOGENAMI-atrapka-kratka-w-zderzak-lewa-20363_1.jpg","datePublished":"2026-02-16T11:18:42+00:00","dateModified":"2026-03-25T22:46:49+00:00","breadcrumb":{"@id":"https:\/\/erformance.eu\/et\/toode\/audi-q5-8r-fl-12-16-su-halogeninemis-grotelemis-bamperyje-kaireje\/#breadcrumb"},"inLanguage":"et","potentialAction":[{"@type":"ReadAction","target":["https:\/\/erformance.eu\/et\/toode\/audi-q5-8r-fl-12-16-su-halogeninemis-grotelemis-bamperyje-kaireje\/"]}]},{"@type":"ImageObject","inLanguage":"et","@id":"https:\/\/erformance.eu\/et\/toode\/audi-q5-8r-fl-12-16-su-halogeninemis-grotelemis-bamperyje-kaireje\/#primaryimage","url":"https:\/\/erformance.eu\/wp-content\/uploads\/2026\/02\/pol_pm_Audi-Q5-8R-FL-12-16-Z-HALOGENAMI-atrapka-kratka-w-zderzak-lewa-20363_1.jpg","contentUrl":"https:\/\/erformance.eu\/wp-content\/uploads\/2026\/02\/pol_pm_Audi-Q5-8R-FL-12-16-Z-HALOGENAMI-atrapka-kratka-w-zderzak-lewa-20363_1.jpg","width":1200,"height":900},{"@type":"BreadcrumbList","@id":"https:\/\/erformance.eu\/et\/toode\/audi-q5-8r-fl-12-16-su-halogeninemis-grotelemis-bamperyje-kaireje\/#breadcrumb","itemListElement":[{"@type":"ListItem","position":1,"name":"Home","item":"https:\/\/erformance.eu\/et\/"},{"@type":"ListItem","position":2,"name":"Pood","item":"https:\/\/erformance.eu\/et\/pood\/"},{"@type":"ListItem","position":3,"name":"Audi Q5 8R FL 12-16 SU HALOGENIN\u0116MIS GROTEL\u0116MIS bamperyje kair\u0117je"}]},{"@type":"WebSite","@id":"https:\/\/erformance.eu\/et\/#website","url":"https:\/\/erformance.eu\/et\/","name":"Erformance.eu","description":"Automobili\u0173 dali\u0173 parduotuv\u0117","potentialAction":[{"@type":"SearchAction","target":{"@type":"EntryPoint","urlTemplate":"https:\/\/erformance.eu\/et\/?s={search_term_string}"},"query-input":{"@type":"PropertyValueSpecification","valueRequired":true,"valueName":"search_term_string"}}],"inLanguage":"et"}]}},"jetpack_sharing_enabled":true,"_links":{"self":[{"href":"https:\/\/erformance.eu\/et\/wp-json\/wp\/v2\/product\/56502","targetHints":{"allow":["GET"]}}],"collection":[{"href":"https:\/\/erformance.eu\/et\/wp-json\/wp\/v2\/product"}],"about":[{"href":"https:\/\/erformance.eu\/et\/wp-json\/wp\/v2\/types\/product"}],"replies":[{"embeddable":true,"href":"https:\/\/erformance.eu\/et\/wp-json\/wp\/v2\/comments?post=56502"}],"version-history":[{"count":1,"href":"https:\/\/erformance.eu\/et\/wp-json\/wp\/v2\/product\/56502\/revisions"}],"predecessor-version":[{"id":56503,"href":"https:\/\/erformance.eu\/et\/wp-json\/wp\/v2\/product\/56502\/revisions\/56503"}],"wp:featuredmedia":[{"embeddable":true,"href":"https:\/\/erformance.eu\/et\/wp-json\/wp\/v2\/media\/50433"}],"wp:attachment":[{"href":"https:\/\/erformance.eu\/et\/wp-json\/wp\/v2\/media?parent=56502"}],"wp:term":[{"taxonomy":"product_brand","embeddable":true,"href":"https:\/\/erformance.eu\/et\/wp-json\/wp\/v2\/product_brand?post=56502"},{"taxonomy":"product_cat","embeddable":true,"href":"https:\/\/erformance.eu\/et\/wp-json\/wp\/v2\/product_cat?post=56502"},{"taxonomy":"product_tag","embeddable":true,"href":"https:\/\/erformance.eu\/et\/wp-json\/wp\/v2\/product_tag?post=56502"}],"curies":[{"name":"wp","href":"https:\/\/api.w.org\/{rel}","templated":true}]}}