{"id":56504,"date":"2026-02-16T14:18:44","date_gmt":"2026-02-16T11:18:44","guid":{"rendered":"https:\/\/erformance.eu\/?post_type=product&#038;p=56504"},"modified":"2026-03-26T01:46:19","modified_gmt":"2026-03-25T22:46:19","slug":"audi-q5-fy-16-20-be-halogenu-groteles-priekiniame-bamperyje-juoda-sidabrine-desineje","status":"publish","type":"product","link":"https:\/\/erformance.eu\/et\/toode\/audi-q5-fy-16-20-be-halogenu-groteles-priekiniame-bamperyje-juoda-sidabrine-desineje\/","title":{"rendered":"Audi Q5 FY 16-20 BE HALOGEN\u0172 grotel\u0117s priekiniame bamperyje JUODA + SIDABRIN\u0116 de\u0161in\u0117je"},"content":{"rendered":"<p>Prek\u0117: priekinio bamperio grotel\u0117s<br \/>\nPus\u0117: De\u0161in\u0117 (keleivio pus\u0117)<br \/>\nOriginalus numeris: 80A807680<br \/>\nPASTABA: auk\u0161\u010diau pateikti numeriai yra original\u016bs dali\u0173 numeriai, kuriuos \u0161is pasi\u016blymas pakei\u010dia. Prie\u0161 pirkdami, palyginkite juos su originaliu dalies numeriu. Jei jie skiriasi net vienu simboliu, dalis netiks, neveiks arba veiks netinkamai. Tokiu atveju jos nepirkite.<br \/>\nAutomobilis: Audi Q5 (FYB, FYG)<br \/>\nPagaminimo metai: 2016\u20132020<br \/>\nSpalva: grotel\u0117s &#8211; blizgios juodos + sidabrin\u0117s juostel\u0117s (matinis chromas)<br \/>\nGamintojas: pakaitalas<br \/>\nTechnin\u0117 b\u016bkl\u0117: prek\u0117 yra visi\u0161kai nauja, nenaudota, nepa\u017eeista ir nesugadinta<br \/>\nPastaba: NETINKA S-LINE versijai<\/p>\n","protected":false},"excerpt":{"rendered":"<p>1. Prek\u0117: Priekinio bamperio grotel\u0117s2. Pus\u0117: de\u0161in\u01173. Spalva: juoda + sidabrin\u01174. Gamintojas: pakeitimas5. Automobilis: Audi Q5 FY6. Pagaminimo metai: 2016\u20132020<\/p>\n","protected":false},"featured_media":50441,"comment_status":"open","ping_status":"closed","template":"","meta":[],"product_brand":[],"product_cat":[144,4096,3929,4135,3969,399],"product_tag":[],"class_list":{"0":"post-56504","1":"product","2":"type-product","3":"status-publish","4":"has-post-thumbnail","6":"product_cat-audi","7":"product_cat-audi-q5-fy-bamperiai-ju-dalys","8":"product_cat-audi-q5-fy","9":"product_cat-audi-q5-fy-isores-groteles","10":"product_cat-audi-q5-fy-isores-dalys","11":"product_cat-audi-q5","13":"first","14":"instock","15":"shipping-taxable","16":"purchasable","17":"product-type-simple"},"yoast_head":"<!-- This site is optimized with the Yoast SEO Premium plugin v25.2 (Yoast SEO v27.3) - https:\/\/yoast.com\/product\/yoast-seo-premium-wordpress\/ -->\n<title>Audi Q5 FY 16-20 BE HALOGEN\u0172 grotel\u0117s priekiniame bamperyje JUODA + SIDABRIN\u0116 de\u0161in\u0117je - Erformance.eu<\/title>\n<meta name=\"robots\" content=\"index, follow, max-snippet:-1, max-image-preview:large, max-video-preview:-1\" \/>\n<link rel=\"canonical\" href=\"https:\/\/erformance.eu\/et\/toode\/audi-q5-fy-16-20-be-halogenu-groteles-priekiniame-bamperyje-juoda-sidabrine-desineje\/\" \/>\n<meta property=\"og:locale\" content=\"et_EE\" \/>\n<meta property=\"og:type\" content=\"article\" \/>\n<meta property=\"og:title\" content=\"Audi Q5 FY 16-20 BE HALOGEN\u0172 grotel\u0117s priekiniame bamperyje JUODA + SIDABRIN\u0116 de\u0161in\u0117je\" \/>\n<meta property=\"og:description\" content=\"1. Prek\u0117: Priekinio bamperio grotel\u0117s2. Pus\u0117: de\u0161in\u01173. Spalva: juoda + sidabrin\u01174. Gamintojas: pakeitimas5. Automobilis: Audi Q5 FY6. Pagaminimo metai: 2016\u20132020\" \/>\n<meta property=\"og:url\" content=\"https:\/\/erformance.eu\/et\/toode\/audi-q5-fy-16-20-be-halogenu-groteles-priekiniame-bamperyje-juoda-sidabrine-desineje\/\" \/>\n<meta property=\"og:site_name\" content=\"Erformance.eu\" \/>\n<meta property=\"article:modified_time\" content=\"2026-03-25T22:46:19+00:00\" \/>\n<meta property=\"og:image\" content=\"https:\/\/erformance.eu\/wp-content\/uploads\/2026\/02\/pol_pm_Audi-Q5-FY-16-20-BEZ-HALOGENOW-atrapka-kratka-w-zderzak-przedni-CZARNA-SILVER-prawa-35158_1.jpg\" \/>\n\t<meta property=\"og:image:width\" content=\"1200\" \/>\n\t<meta property=\"og:image:height\" content=\"1200\" \/>\n\t<meta property=\"og:image:type\" content=\"image\/jpeg\" \/>\n<meta name=\"twitter:card\" content=\"summary_large_image\" \/>\n<script type=\"application\/ld+json\" class=\"yoast-schema-graph\">{\"@context\":\"https:\\\/\\\/schema.org\",\"@graph\":[{\"@type\":\"WebPage\",\"@id\":\"https:\\\/\\\/erformance.eu\\\/et\\\/toode\\\/audi-q5-fy-16-20-be-halogenu-groteles-priekiniame-bamperyje-juoda-sidabrine-desineje\\\/\",\"url\":\"https:\\\/\\\/erformance.eu\\\/et\\\/toode\\\/audi-q5-fy-16-20-be-halogenu-groteles-priekiniame-bamperyje-juoda-sidabrine-desineje\\\/\",\"name\":\"Audi Q5 FY 16-20 BE HALOGEN\u0172 grotel\u0117s priekiniame bamperyje JUODA + SIDABRIN\u0116 de\u0161in\u0117je - Erformance.eu\",\"isPartOf\":{\"@id\":\"https:\\\/\\\/erformance.eu\\\/et\\\/#website\"},\"primaryImageOfPage\":{\"@id\":\"https:\\\/\\\/erformance.eu\\\/et\\\/toode\\\/audi-q5-fy-16-20-be-halogenu-groteles-priekiniame-bamperyje-juoda-sidabrine-desineje\\\/#primaryimage\"},\"image\":{\"@id\":\"https:\\\/\\\/erformance.eu\\\/et\\\/toode\\\/audi-q5-fy-16-20-be-halogenu-groteles-priekiniame-bamperyje-juoda-sidabrine-desineje\\\/#primaryimage\"},\"thumbnailUrl\":\"https:\\\/\\\/erformance.eu\\\/wp-content\\\/uploads\\\/2026\\\/02\\\/pol_pm_Audi-Q5-FY-16-20-BEZ-HALOGENOW-atrapka-kratka-w-zderzak-przedni-CZARNA-SILVER-prawa-35158_1.jpg\",\"datePublished\":\"2026-02-16T11:18:44+00:00\",\"dateModified\":\"2026-03-25T22:46:19+00:00\",\"breadcrumb\":{\"@id\":\"https:\\\/\\\/erformance.eu\\\/et\\\/toode\\\/audi-q5-fy-16-20-be-halogenu-groteles-priekiniame-bamperyje-juoda-sidabrine-desineje\\\/#breadcrumb\"},\"inLanguage\":\"et\",\"potentialAction\":[{\"@type\":\"ReadAction\",\"target\":[\"https:\\\/\\\/erformance.eu\\\/et\\\/toode\\\/audi-q5-fy-16-20-be-halogenu-groteles-priekiniame-bamperyje-juoda-sidabrine-desineje\\\/\"]}]},{\"@type\":\"ImageObject\",\"inLanguage\":\"et\",\"@id\":\"https:\\\/\\\/erformance.eu\\\/et\\\/toode\\\/audi-q5-fy-16-20-be-halogenu-groteles-priekiniame-bamperyje-juoda-sidabrine-desineje\\\/#primaryimage\",\"url\":\"https:\\\/\\\/erformance.eu\\\/wp-content\\\/uploads\\\/2026\\\/02\\\/pol_pm_Audi-Q5-FY-16-20-BEZ-HALOGENOW-atrapka-kratka-w-zderzak-przedni-CZARNA-SILVER-prawa-35158_1.jpg\",\"contentUrl\":\"https:\\\/\\\/erformance.eu\\\/wp-content\\\/uploads\\\/2026\\\/02\\\/pol_pm_Audi-Q5-FY-16-20-BEZ-HALOGENOW-atrapka-kratka-w-zderzak-przedni-CZARNA-SILVER-prawa-35158_1.jpg\",\"width\":1200,\"height\":1200},{\"@type\":\"BreadcrumbList\",\"@id\":\"https:\\\/\\\/erformance.eu\\\/et\\\/toode\\\/audi-q5-fy-16-20-be-halogenu-groteles-priekiniame-bamperyje-juoda-sidabrine-desineje\\\/#breadcrumb\",\"itemListElement\":[{\"@type\":\"ListItem\",\"position\":1,\"name\":\"Home\",\"item\":\"https:\\\/\\\/erformance.eu\\\/et\\\/\"},{\"@type\":\"ListItem\",\"position\":2,\"name\":\"Pood\",\"item\":\"https:\\\/\\\/erformance.eu\\\/et\\\/pood\\\/\"},{\"@type\":\"ListItem\",\"position\":3,\"name\":\"Audi Q5 FY 16-20 BE HALOGEN\u0172 grotel\u0117s priekiniame bamperyje JUODA + SIDABRIN\u0116 de\u0161in\u0117je\"}]},{\"@type\":\"WebSite\",\"@id\":\"https:\\\/\\\/erformance.eu\\\/et\\\/#website\",\"url\":\"https:\\\/\\\/erformance.eu\\\/et\\\/\",\"name\":\"Erformance.eu\",\"description\":\"Automobili\u0173 dali\u0173 parduotuv\u0117\",\"potentialAction\":[{\"@type\":\"SearchAction\",\"target\":{\"@type\":\"EntryPoint\",\"urlTemplate\":\"https:\\\/\\\/erformance.eu\\\/et\\\/?s={search_term_string}\"},\"query-input\":{\"@type\":\"PropertyValueSpecification\",\"valueRequired\":true,\"valueName\":\"search_term_string\"}}],\"inLanguage\":\"et\"}]}<\/script>\n<!-- \/ Yoast SEO Premium plugin. -->","yoast_head_json":{"title":"Audi Q5 FY 16-20 BE HALOGEN\u0172 grotel\u0117s priekiniame bamperyje JUODA + SIDABRIN\u0116 de\u0161in\u0117je - Erformance.eu","robots":{"index":"index","follow":"follow","max-snippet":"max-snippet:-1","max-image-preview":"max-image-preview:large","max-video-preview":"max-video-preview:-1"},"canonical":"https:\/\/erformance.eu\/et\/toode\/audi-q5-fy-16-20-be-halogenu-groteles-priekiniame-bamperyje-juoda-sidabrine-desineje\/","og_locale":"et_EE","og_type":"article","og_title":"Audi Q5 FY 16-20 BE HALOGEN\u0172 grotel\u0117s priekiniame bamperyje JUODA + SIDABRIN\u0116 de\u0161in\u0117je","og_description":"1. Prek\u0117: Priekinio bamperio grotel\u0117s2. Pus\u0117: de\u0161in\u01173. Spalva: juoda + sidabrin\u01174. Gamintojas: pakeitimas5. Automobilis: Audi Q5 FY6. Pagaminimo metai: 2016\u20132020","og_url":"https:\/\/erformance.eu\/et\/toode\/audi-q5-fy-16-20-be-halogenu-groteles-priekiniame-bamperyje-juoda-sidabrine-desineje\/","og_site_name":"Erformance.eu","article_modified_time":"2026-03-25T22:46:19+00:00","og_image":[{"width":1200,"height":1200,"url":"https:\/\/erformance.eu\/wp-content\/uploads\/2026\/02\/pol_pm_Audi-Q5-FY-16-20-BEZ-HALOGENOW-atrapka-kratka-w-zderzak-przedni-CZARNA-SILVER-prawa-35158_1.jpg","type":"image\/jpeg"}],"twitter_card":"summary_large_image","schema":{"@context":"https:\/\/schema.org","@graph":[{"@type":"WebPage","@id":"https:\/\/erformance.eu\/et\/toode\/audi-q5-fy-16-20-be-halogenu-groteles-priekiniame-bamperyje-juoda-sidabrine-desineje\/","url":"https:\/\/erformance.eu\/et\/toode\/audi-q5-fy-16-20-be-halogenu-groteles-priekiniame-bamperyje-juoda-sidabrine-desineje\/","name":"Audi Q5 FY 16-20 BE HALOGEN\u0172 grotel\u0117s priekiniame bamperyje JUODA + SIDABRIN\u0116 de\u0161in\u0117je - Erformance.eu","isPartOf":{"@id":"https:\/\/erformance.eu\/et\/#website"},"primaryImageOfPage":{"@id":"https:\/\/erformance.eu\/et\/toode\/audi-q5-fy-16-20-be-halogenu-groteles-priekiniame-bamperyje-juoda-sidabrine-desineje\/#primaryimage"},"image":{"@id":"https:\/\/erformance.eu\/et\/toode\/audi-q5-fy-16-20-be-halogenu-groteles-priekiniame-bamperyje-juoda-sidabrine-desineje\/#primaryimage"},"thumbnailUrl":"https:\/\/erformance.eu\/wp-content\/uploads\/2026\/02\/pol_pm_Audi-Q5-FY-16-20-BEZ-HALOGENOW-atrapka-kratka-w-zderzak-przedni-CZARNA-SILVER-prawa-35158_1.jpg","datePublished":"2026-02-16T11:18:44+00:00","dateModified":"2026-03-25T22:46:19+00:00","breadcrumb":{"@id":"https:\/\/erformance.eu\/et\/toode\/audi-q5-fy-16-20-be-halogenu-groteles-priekiniame-bamperyje-juoda-sidabrine-desineje\/#breadcrumb"},"inLanguage":"et","potentialAction":[{"@type":"ReadAction","target":["https:\/\/erformance.eu\/et\/toode\/audi-q5-fy-16-20-be-halogenu-groteles-priekiniame-bamperyje-juoda-sidabrine-desineje\/"]}]},{"@type":"ImageObject","inLanguage":"et","@id":"https:\/\/erformance.eu\/et\/toode\/audi-q5-fy-16-20-be-halogenu-groteles-priekiniame-bamperyje-juoda-sidabrine-desineje\/#primaryimage","url":"https:\/\/erformance.eu\/wp-content\/uploads\/2026\/02\/pol_pm_Audi-Q5-FY-16-20-BEZ-HALOGENOW-atrapka-kratka-w-zderzak-przedni-CZARNA-SILVER-prawa-35158_1.jpg","contentUrl":"https:\/\/erformance.eu\/wp-content\/uploads\/2026\/02\/pol_pm_Audi-Q5-FY-16-20-BEZ-HALOGENOW-atrapka-kratka-w-zderzak-przedni-CZARNA-SILVER-prawa-35158_1.jpg","width":1200,"height":1200},{"@type":"BreadcrumbList","@id":"https:\/\/erformance.eu\/et\/toode\/audi-q5-fy-16-20-be-halogenu-groteles-priekiniame-bamperyje-juoda-sidabrine-desineje\/#breadcrumb","itemListElement":[{"@type":"ListItem","position":1,"name":"Home","item":"https:\/\/erformance.eu\/et\/"},{"@type":"ListItem","position":2,"name":"Pood","item":"https:\/\/erformance.eu\/et\/pood\/"},{"@type":"ListItem","position":3,"name":"Audi Q5 FY 16-20 BE HALOGEN\u0172 grotel\u0117s priekiniame bamperyje JUODA + SIDABRIN\u0116 de\u0161in\u0117je"}]},{"@type":"WebSite","@id":"https:\/\/erformance.eu\/et\/#website","url":"https:\/\/erformance.eu\/et\/","name":"Erformance.eu","description":"Automobili\u0173 dali\u0173 parduotuv\u0117","potentialAction":[{"@type":"SearchAction","target":{"@type":"EntryPoint","urlTemplate":"https:\/\/erformance.eu\/et\/?s={search_term_string}"},"query-input":{"@type":"PropertyValueSpecification","valueRequired":true,"valueName":"search_term_string"}}],"inLanguage":"et"}]}},"jetpack_sharing_enabled":true,"_links":{"self":[{"href":"https:\/\/erformance.eu\/et\/wp-json\/wp\/v2\/product\/56504","targetHints":{"allow":["GET"]}}],"collection":[{"href":"https:\/\/erformance.eu\/et\/wp-json\/wp\/v2\/product"}],"about":[{"href":"https:\/\/erformance.eu\/et\/wp-json\/wp\/v2\/types\/product"}],"replies":[{"embeddable":true,"href":"https:\/\/erformance.eu\/et\/wp-json\/wp\/v2\/comments?post=56504"}],"version-history":[{"count":1,"href":"https:\/\/erformance.eu\/et\/wp-json\/wp\/v2\/product\/56504\/revisions"}],"predecessor-version":[{"id":56505,"href":"https:\/\/erformance.eu\/et\/wp-json\/wp\/v2\/product\/56504\/revisions\/56505"}],"wp:featuredmedia":[{"embeddable":true,"href":"https:\/\/erformance.eu\/et\/wp-json\/wp\/v2\/media\/50441"}],"wp:attachment":[{"href":"https:\/\/erformance.eu\/et\/wp-json\/wp\/v2\/media?parent=56504"}],"wp:term":[{"taxonomy":"product_brand","embeddable":true,"href":"https:\/\/erformance.eu\/et\/wp-json\/wp\/v2\/product_brand?post=56504"},{"taxonomy":"product_cat","embeddable":true,"href":"https:\/\/erformance.eu\/et\/wp-json\/wp\/v2\/product_cat?post=56504"},{"taxonomy":"product_tag","embeddable":true,"href":"https:\/\/erformance.eu\/et\/wp-json\/wp\/v2\/product_tag?post=56504"}],"curies":[{"name":"wp","href":"https:\/\/api.w.org\/{rel}","templated":true}]}}