{"id":56510,"date":"2026-02-16T14:18:48","date_gmt":"2026-02-16T11:18:48","guid":{"rendered":"https:\/\/erformance.eu\/?post_type=product&#038;p=56510"},"modified":"2026-03-19T21:54:05","modified_gmt":"2026-03-19T18:54:05","slug":"audi-a5-8t-s-line-fl-11-16-groteles-priekiniame-bamperio-centre-juodos","status":"publish","type":"product","link":"https:\/\/erformance.eu\/et\/toode\/audi-a5-8t-s-line-fl-11-16-groteles-priekiniame-bamperio-centre-juodos\/","title":{"rendered":"Audi A5 8T S-LINE FL 11-16 grotel\u0117s priekiniame bamperio centre JUODOS"},"content":{"rendered":"<p>Prek\u0117: priekinio bamperio grotel\u0117s, centre<br \/>\nOE numeris: 8T0807647A<br \/>\nPASTABA: auk\u0161\u010diau pateikti numeriai yra original\u016bs dali\u0173 numeriai, kuriuos \u0161is pasi\u016blymas pakei\u010dia. Prie\u0161 pirkdami, palyginkite juos su originaliu dalies numeriu. Jei jie skiriasi net vienu simboliu, dalis netiks, neveiks arba veiks netinkamai. Tokiu atveju jos nepirkite.<br \/>\nAutomobilis: Audi A5 8T S-LINE FL (pakeltas modelis)<br \/>\nPagaminimo metai: 2011\u20132016<br \/>\nSpalva: juoda<br \/>\nGamintojas: pakaitalas<br \/>\nTechnin\u0117 b\u016bkl\u0117: prek\u0117 yra visi\u0161kai nauja, nenaudota, nepa\u017eeista ir nesugadinta<br \/>\nD\u0117mesio!<\/p>\n<p>S-LINE modeliams<br \/>\nNetinka modeliams be atnaujinimo<\/p>\n","protected":false},"excerpt":{"rendered":"<p>1. Prek\u0117: Priekinio bamperio grotel\u0117s, vidurin\u0117s2. Gamintojas: pakeitimas3. Spalva: juoda4. Automobilis: Audi A5 8T S-LINE FL5. Pagaminimo metai: 2011\u20132016<\/p>\n","protected":false},"featured_media":50473,"comment_status":"open","ping_status":"closed","template":"","meta":[],"product_brand":[],"product_cat":[391,144,3913,4080,4119,3953],"product_tag":[],"class_list":{"0":"post-56510","1":"product","2":"type-product","3":"status-publish","4":"has-post-thumbnail","6":"product_cat-audi-a5","7":"product_cat-audi","8":"product_cat-audi-a5-b8-8t","9":"product_cat-audi-a5-b8-8t-bamperiai-ju-dalys","10":"product_cat-audi-a5-b8-8t-isores-groteles","11":"product_cat-audi-a5-b8-8t-isores-dalys","13":"first","14":"instock","15":"shipping-taxable","16":"purchasable","17":"product-type-simple"},"yoast_head":"<!-- This site is optimized with the Yoast SEO Premium plugin v25.2 (Yoast SEO v27.5) - https:\/\/yoast.com\/product\/yoast-seo-premium-wordpress\/ -->\n<title>Audi A5 8T S-LINE FL 11-16 grotel\u0117s priekiniame bamperio centre JUODOS - Erformance.eu<\/title>\n<meta name=\"robots\" content=\"index, follow, max-snippet:-1, max-image-preview:large, max-video-preview:-1\" \/>\n<link rel=\"canonical\" href=\"https:\/\/erformance.eu\/et\/toode\/audi-a5-8t-s-line-fl-11-16-groteles-priekiniame-bamperio-centre-juodos\/\" \/>\n<meta property=\"og:locale\" content=\"et_EE\" \/>\n<meta property=\"og:type\" content=\"article\" \/>\n<meta property=\"og:title\" content=\"Audi A5 8T S-LINE FL 11-16 grotel\u0117s priekiniame bamperio centre JUODOS\" \/>\n<meta property=\"og:description\" content=\"1. Prek\u0117: Priekinio bamperio grotel\u0117s, vidurin\u0117s2. Gamintojas: pakeitimas3. Spalva: juoda4. Automobilis: Audi A5 8T S-LINE FL5. Pagaminimo metai: 2011\u20132016\" \/>\n<meta property=\"og:url\" content=\"https:\/\/erformance.eu\/et\/toode\/audi-a5-8t-s-line-fl-11-16-groteles-priekiniame-bamperio-centre-juodos\/\" \/>\n<meta property=\"og:site_name\" content=\"Erformance.eu\" \/>\n<meta property=\"article:modified_time\" content=\"2026-03-19T18:54:05+00:00\" \/>\n<meta property=\"og:image\" content=\"https:\/\/erformance.eu\/wp-content\/uploads\/2026\/02\/pol_pm_Audi-A5-8T-S-LINE-FL-11-16-atrapa-kratka-w-zderzak-przedni-srodkowa-CZARNA-33672_1.jpg\" \/>\n\t<meta property=\"og:image:width\" content=\"1200\" \/>\n\t<meta property=\"og:image:height\" content=\"1200\" \/>\n\t<meta property=\"og:image:type\" content=\"image\/jpeg\" \/>\n<meta name=\"twitter:card\" content=\"summary_large_image\" \/>\n<script type=\"application\/ld+json\" class=\"yoast-schema-graph\">{\"@context\":\"https:\\\/\\\/schema.org\",\"@graph\":[{\"@type\":\"WebPage\",\"@id\":\"https:\\\/\\\/erformance.eu\\\/et\\\/toode\\\/audi-a5-8t-s-line-fl-11-16-groteles-priekiniame-bamperio-centre-juodos\\\/\",\"url\":\"https:\\\/\\\/erformance.eu\\\/et\\\/toode\\\/audi-a5-8t-s-line-fl-11-16-groteles-priekiniame-bamperio-centre-juodos\\\/\",\"name\":\"Audi A5 8T S-LINE FL 11-16 grotel\u0117s priekiniame bamperio centre JUODOS - Erformance.eu\",\"isPartOf\":{\"@id\":\"https:\\\/\\\/erformance.eu\\\/et\\\/#website\"},\"primaryImageOfPage\":{\"@id\":\"https:\\\/\\\/erformance.eu\\\/et\\\/toode\\\/audi-a5-8t-s-line-fl-11-16-groteles-priekiniame-bamperio-centre-juodos\\\/#primaryimage\"},\"image\":{\"@id\":\"https:\\\/\\\/erformance.eu\\\/et\\\/toode\\\/audi-a5-8t-s-line-fl-11-16-groteles-priekiniame-bamperio-centre-juodos\\\/#primaryimage\"},\"thumbnailUrl\":\"https:\\\/\\\/erformance.eu\\\/wp-content\\\/uploads\\\/2026\\\/02\\\/pol_pm_Audi-A5-8T-S-LINE-FL-11-16-atrapa-kratka-w-zderzak-przedni-srodkowa-CZARNA-33672_1.jpg\",\"datePublished\":\"2026-02-16T11:18:48+00:00\",\"dateModified\":\"2026-03-19T18:54:05+00:00\",\"breadcrumb\":{\"@id\":\"https:\\\/\\\/erformance.eu\\\/et\\\/toode\\\/audi-a5-8t-s-line-fl-11-16-groteles-priekiniame-bamperio-centre-juodos\\\/#breadcrumb\"},\"inLanguage\":\"et\",\"potentialAction\":[{\"@type\":\"ReadAction\",\"target\":[\"https:\\\/\\\/erformance.eu\\\/et\\\/toode\\\/audi-a5-8t-s-line-fl-11-16-groteles-priekiniame-bamperio-centre-juodos\\\/\"]}]},{\"@type\":\"ImageObject\",\"inLanguage\":\"et\",\"@id\":\"https:\\\/\\\/erformance.eu\\\/et\\\/toode\\\/audi-a5-8t-s-line-fl-11-16-groteles-priekiniame-bamperio-centre-juodos\\\/#primaryimage\",\"url\":\"https:\\\/\\\/erformance.eu\\\/wp-content\\\/uploads\\\/2026\\\/02\\\/pol_pm_Audi-A5-8T-S-LINE-FL-11-16-atrapa-kratka-w-zderzak-przedni-srodkowa-CZARNA-33672_1.jpg\",\"contentUrl\":\"https:\\\/\\\/erformance.eu\\\/wp-content\\\/uploads\\\/2026\\\/02\\\/pol_pm_Audi-A5-8T-S-LINE-FL-11-16-atrapa-kratka-w-zderzak-przedni-srodkowa-CZARNA-33672_1.jpg\",\"width\":1200,\"height\":1200},{\"@type\":\"BreadcrumbList\",\"@id\":\"https:\\\/\\\/erformance.eu\\\/et\\\/toode\\\/audi-a5-8t-s-line-fl-11-16-groteles-priekiniame-bamperio-centre-juodos\\\/#breadcrumb\",\"itemListElement\":[{\"@type\":\"ListItem\",\"position\":1,\"name\":\"Home\",\"item\":\"https:\\\/\\\/erformance.eu\\\/et\\\/\"},{\"@type\":\"ListItem\",\"position\":2,\"name\":\"Pood\",\"item\":\"https:\\\/\\\/erformance.eu\\\/et\\\/pood\\\/\"},{\"@type\":\"ListItem\",\"position\":3,\"name\":\"Audi A5 8T S-LINE FL 11-16 grotel\u0117s priekiniame bamperio centre JUODOS\"}]},{\"@type\":\"WebSite\",\"@id\":\"https:\\\/\\\/erformance.eu\\\/et\\\/#website\",\"url\":\"https:\\\/\\\/erformance.eu\\\/et\\\/\",\"name\":\"Erformance.eu\",\"description\":\"Automobili\u0173 dali\u0173 parduotuv\u0117\",\"potentialAction\":[{\"@type\":\"SearchAction\",\"target\":{\"@type\":\"EntryPoint\",\"urlTemplate\":\"https:\\\/\\\/erformance.eu\\\/et\\\/?s={search_term_string}\"},\"query-input\":{\"@type\":\"PropertyValueSpecification\",\"valueRequired\":true,\"valueName\":\"search_term_string\"}}],\"inLanguage\":\"et\"}]}<\/script>\n<!-- \/ Yoast SEO Premium plugin. -->","yoast_head_json":{"title":"Audi A5 8T S-LINE FL 11-16 grotel\u0117s priekiniame bamperio centre JUODOS - Erformance.eu","robots":{"index":"index","follow":"follow","max-snippet":"max-snippet:-1","max-image-preview":"max-image-preview:large","max-video-preview":"max-video-preview:-1"},"canonical":"https:\/\/erformance.eu\/et\/toode\/audi-a5-8t-s-line-fl-11-16-groteles-priekiniame-bamperio-centre-juodos\/","og_locale":"et_EE","og_type":"article","og_title":"Audi A5 8T S-LINE FL 11-16 grotel\u0117s priekiniame bamperio centre JUODOS","og_description":"1. Prek\u0117: Priekinio bamperio grotel\u0117s, vidurin\u0117s2. Gamintojas: pakeitimas3. Spalva: juoda4. Automobilis: Audi A5 8T S-LINE FL5. Pagaminimo metai: 2011\u20132016","og_url":"https:\/\/erformance.eu\/et\/toode\/audi-a5-8t-s-line-fl-11-16-groteles-priekiniame-bamperio-centre-juodos\/","og_site_name":"Erformance.eu","article_modified_time":"2026-03-19T18:54:05+00:00","og_image":[{"width":1200,"height":1200,"url":"https:\/\/erformance.eu\/wp-content\/uploads\/2026\/02\/pol_pm_Audi-A5-8T-S-LINE-FL-11-16-atrapa-kratka-w-zderzak-przedni-srodkowa-CZARNA-33672_1.jpg","type":"image\/jpeg"}],"twitter_card":"summary_large_image","schema":{"@context":"https:\/\/schema.org","@graph":[{"@type":"WebPage","@id":"https:\/\/erformance.eu\/et\/toode\/audi-a5-8t-s-line-fl-11-16-groteles-priekiniame-bamperio-centre-juodos\/","url":"https:\/\/erformance.eu\/et\/toode\/audi-a5-8t-s-line-fl-11-16-groteles-priekiniame-bamperio-centre-juodos\/","name":"Audi A5 8T S-LINE FL 11-16 grotel\u0117s priekiniame bamperio centre JUODOS - Erformance.eu","isPartOf":{"@id":"https:\/\/erformance.eu\/et\/#website"},"primaryImageOfPage":{"@id":"https:\/\/erformance.eu\/et\/toode\/audi-a5-8t-s-line-fl-11-16-groteles-priekiniame-bamperio-centre-juodos\/#primaryimage"},"image":{"@id":"https:\/\/erformance.eu\/et\/toode\/audi-a5-8t-s-line-fl-11-16-groteles-priekiniame-bamperio-centre-juodos\/#primaryimage"},"thumbnailUrl":"https:\/\/erformance.eu\/wp-content\/uploads\/2026\/02\/pol_pm_Audi-A5-8T-S-LINE-FL-11-16-atrapa-kratka-w-zderzak-przedni-srodkowa-CZARNA-33672_1.jpg","datePublished":"2026-02-16T11:18:48+00:00","dateModified":"2026-03-19T18:54:05+00:00","breadcrumb":{"@id":"https:\/\/erformance.eu\/et\/toode\/audi-a5-8t-s-line-fl-11-16-groteles-priekiniame-bamperio-centre-juodos\/#breadcrumb"},"inLanguage":"et","potentialAction":[{"@type":"ReadAction","target":["https:\/\/erformance.eu\/et\/toode\/audi-a5-8t-s-line-fl-11-16-groteles-priekiniame-bamperio-centre-juodos\/"]}]},{"@type":"ImageObject","inLanguage":"et","@id":"https:\/\/erformance.eu\/et\/toode\/audi-a5-8t-s-line-fl-11-16-groteles-priekiniame-bamperio-centre-juodos\/#primaryimage","url":"https:\/\/erformance.eu\/wp-content\/uploads\/2026\/02\/pol_pm_Audi-A5-8T-S-LINE-FL-11-16-atrapa-kratka-w-zderzak-przedni-srodkowa-CZARNA-33672_1.jpg","contentUrl":"https:\/\/erformance.eu\/wp-content\/uploads\/2026\/02\/pol_pm_Audi-A5-8T-S-LINE-FL-11-16-atrapa-kratka-w-zderzak-przedni-srodkowa-CZARNA-33672_1.jpg","width":1200,"height":1200},{"@type":"BreadcrumbList","@id":"https:\/\/erformance.eu\/et\/toode\/audi-a5-8t-s-line-fl-11-16-groteles-priekiniame-bamperio-centre-juodos\/#breadcrumb","itemListElement":[{"@type":"ListItem","position":1,"name":"Home","item":"https:\/\/erformance.eu\/et\/"},{"@type":"ListItem","position":2,"name":"Pood","item":"https:\/\/erformance.eu\/et\/pood\/"},{"@type":"ListItem","position":3,"name":"Audi A5 8T S-LINE FL 11-16 grotel\u0117s priekiniame bamperio centre JUODOS"}]},{"@type":"WebSite","@id":"https:\/\/erformance.eu\/et\/#website","url":"https:\/\/erformance.eu\/et\/","name":"Erformance.eu","description":"Automobili\u0173 dali\u0173 parduotuv\u0117","potentialAction":[{"@type":"SearchAction","target":{"@type":"EntryPoint","urlTemplate":"https:\/\/erformance.eu\/et\/?s={search_term_string}"},"query-input":{"@type":"PropertyValueSpecification","valueRequired":true,"valueName":"search_term_string"}}],"inLanguage":"et"}]}},"jetpack_sharing_enabled":true,"_links":{"self":[{"href":"https:\/\/erformance.eu\/et\/wp-json\/wp\/v2\/product\/56510","targetHints":{"allow":["GET"]}}],"collection":[{"href":"https:\/\/erformance.eu\/et\/wp-json\/wp\/v2\/product"}],"about":[{"href":"https:\/\/erformance.eu\/et\/wp-json\/wp\/v2\/types\/product"}],"replies":[{"embeddable":true,"href":"https:\/\/erformance.eu\/et\/wp-json\/wp\/v2\/comments?post=56510"}],"version-history":[{"count":1,"href":"https:\/\/erformance.eu\/et\/wp-json\/wp\/v2\/product\/56510\/revisions"}],"predecessor-version":[{"id":56511,"href":"https:\/\/erformance.eu\/et\/wp-json\/wp\/v2\/product\/56510\/revisions\/56511"}],"wp:featuredmedia":[{"embeddable":true,"href":"https:\/\/erformance.eu\/et\/wp-json\/wp\/v2\/media\/50473"}],"wp:attachment":[{"href":"https:\/\/erformance.eu\/et\/wp-json\/wp\/v2\/media?parent=56510"}],"wp:term":[{"taxonomy":"product_brand","embeddable":true,"href":"https:\/\/erformance.eu\/et\/wp-json\/wp\/v2\/product_brand?post=56510"},{"taxonomy":"product_cat","embeddable":true,"href":"https:\/\/erformance.eu\/et\/wp-json\/wp\/v2\/product_cat?post=56510"},{"taxonomy":"product_tag","embeddable":true,"href":"https:\/\/erformance.eu\/et\/wp-json\/wp\/v2\/product_tag?post=56510"}],"curies":[{"name":"wp","href":"https:\/\/api.w.org\/{rel}","templated":true}]}}