{"id":56544,"date":"2026-02-16T14:19:10","date_gmt":"2026-02-16T11:19:10","guid":{"rendered":"https:\/\/erformance.eu\/?post_type=product&#038;p=56544"},"modified":"2026-03-25T21:32:09","modified_gmt":"2026-03-25T18:32:09","slug":"audi-a6-c5-97-05-galinis-desines-puses-stabdziu-disko-dangtelis","status":"publish","type":"product","link":"https:\/\/erformance.eu\/et\/toode\/audi-a6-c5-97-05-galinis-desines-puses-stabdziu-disko-dangtelis\/","title":{"rendered":"Audi A6 C5 97-05 galinis de\u0161in\u0117s pus\u0117s stabd\u017ei\u0173 disko dangtelis"},"content":{"rendered":"<p>Prek\u0117: Galinio stabd\u017ei\u0173 disko dangtelis<br \/>\nPus\u0117: De\u0161in\u0117 (keleivio pus\u0117)<br \/>\nOE numeris: 8E0615612C<br \/>\nPASTABA: auk\u0161\u010diau pateikti numeriai yra original\u016bs dali\u0173 numeriai, kuriuos \u0161iame pasi\u016blyme si\u016bloma prek\u0117 yra pakaitalas. Prie\u0161 pirkdami, palyginkite juos su originaliu dalies numeriu. Jei jie skiriasi net vienu simboliu, dalis netiks arba neveiks tinkamai. Tokiu atveju jos nepirkite.<br \/>\nAutomobilis:<\/p>\n<p>\u201eAudi A6 C5\u201c, gamybos metai: 1997\u20132005<br \/>\n\u201eSkoda Superb I\u201c, gamybos metai: 2001\u20132008<br \/>\nVW Passat B5, pagaminimo metai: 1996\u20132005<\/p>\n<p>Gamintojas: pakaitalas<br \/>\nTechnin\u0117 b\u016bkl\u0117: prek\u0117 yra visi\u0161kai nauja, nenaudota, nepa\u017eeista ir nesugadinta<\/p>\n","protected":false},"excerpt":{"rendered":"<p>1. Prek\u0117: Galinio stabd\u017ei\u0173 disko dangtelis2. Pus\u0117: de\u0161in\u01173. Gamintojas: pakeitimas4. Automobilis:     * Audi A6 C5 97-05     * \u0160koda Superb I 2001\u20132008 m.     * VW Passat B5 96-05<\/p>\n","protected":false},"featured_media":50619,"comment_status":"open","ping_status":"closed","template":"","meta":[],"product_brand":[],"product_cat":[394,144,3917,3956,4161],"product_tag":[],"class_list":{"0":"post-56544","1":"product","2":"type-product","3":"status-publish","4":"has-post-thumbnail","6":"product_cat-audi-a6","7":"product_cat-audi","8":"product_cat-audi-a6-c5","9":"product_cat-audi-a6-c5-isores-dalys","10":"product_cat-audi-a6-c5-isores-kitos-dalys","12":"first","13":"instock","14":"shipping-taxable","15":"purchasable","16":"product-type-simple"},"yoast_head":"<!-- This site is optimized with the Yoast SEO Premium plugin v25.2 (Yoast SEO v27.4) - https:\/\/yoast.com\/product\/yoast-seo-premium-wordpress\/ -->\n<title>Audi A6 C5 97-05 galinis de\u0161in\u0117s pus\u0117s stabd\u017ei\u0173 disko dangtelis - Erformance.eu<\/title>\n<meta name=\"robots\" content=\"index, follow, max-snippet:-1, max-image-preview:large, max-video-preview:-1\" \/>\n<link rel=\"canonical\" href=\"https:\/\/erformance.eu\/et\/toode\/audi-a6-c5-97-05-galinis-desines-puses-stabdziu-disko-dangtelis\/\" \/>\n<meta property=\"og:locale\" content=\"et_EE\" \/>\n<meta property=\"og:type\" content=\"article\" \/>\n<meta property=\"og:title\" content=\"Audi A6 C5 97-05 galinis de\u0161in\u0117s pus\u0117s stabd\u017ei\u0173 disko dangtelis\" \/>\n<meta property=\"og:description\" content=\"1. Prek\u0117: Galinio stabd\u017ei\u0173 disko dangtelis2. Pus\u0117: de\u0161in\u01173. Gamintojas: pakeitimas4. Automobilis:   * Audi A6 C5 97-05   * \u0160koda Superb I 2001\u20132008 m.   * VW Passat B5 96-05\" \/>\n<meta property=\"og:url\" content=\"https:\/\/erformance.eu\/et\/toode\/audi-a6-c5-97-05-galinis-desines-puses-stabdziu-disko-dangtelis\/\" \/>\n<meta property=\"og:site_name\" content=\"Erformance.eu\" \/>\n<meta property=\"article:modified_time\" content=\"2026-03-25T18:32:09+00:00\" \/>\n<meta property=\"og:image\" content=\"https:\/\/erformance.eu\/wp-content\/uploads\/2026\/02\/pol_pm_Audi-A6-C5-97-05-oslona-tarczy-hamulcowej-tylnej-prawej-13660_1.jpg\" \/>\n\t<meta property=\"og:image:width\" content=\"667\" \/>\n\t<meta property=\"og:image:height\" content=\"500\" \/>\n\t<meta property=\"og:image:type\" content=\"image\/jpeg\" \/>\n<meta name=\"twitter:card\" content=\"summary_large_image\" \/>\n<script type=\"application\/ld+json\" class=\"yoast-schema-graph\">{\"@context\":\"https:\\\/\\\/schema.org\",\"@graph\":[{\"@type\":\"WebPage\",\"@id\":\"https:\\\/\\\/erformance.eu\\\/et\\\/toode\\\/audi-a6-c5-97-05-galinis-desines-puses-stabdziu-disko-dangtelis\\\/\",\"url\":\"https:\\\/\\\/erformance.eu\\\/et\\\/toode\\\/audi-a6-c5-97-05-galinis-desines-puses-stabdziu-disko-dangtelis\\\/\",\"name\":\"Audi A6 C5 97-05 galinis de\u0161in\u0117s pus\u0117s stabd\u017ei\u0173 disko dangtelis - Erformance.eu\",\"isPartOf\":{\"@id\":\"https:\\\/\\\/erformance.eu\\\/et\\\/#website\"},\"primaryImageOfPage\":{\"@id\":\"https:\\\/\\\/erformance.eu\\\/et\\\/toode\\\/audi-a6-c5-97-05-galinis-desines-puses-stabdziu-disko-dangtelis\\\/#primaryimage\"},\"image\":{\"@id\":\"https:\\\/\\\/erformance.eu\\\/et\\\/toode\\\/audi-a6-c5-97-05-galinis-desines-puses-stabdziu-disko-dangtelis\\\/#primaryimage\"},\"thumbnailUrl\":\"https:\\\/\\\/erformance.eu\\\/wp-content\\\/uploads\\\/2026\\\/02\\\/pol_pm_Audi-A6-C5-97-05-oslona-tarczy-hamulcowej-tylnej-prawej-13660_1.jpg\",\"datePublished\":\"2026-02-16T11:19:10+00:00\",\"dateModified\":\"2026-03-25T18:32:09+00:00\",\"breadcrumb\":{\"@id\":\"https:\\\/\\\/erformance.eu\\\/et\\\/toode\\\/audi-a6-c5-97-05-galinis-desines-puses-stabdziu-disko-dangtelis\\\/#breadcrumb\"},\"inLanguage\":\"et\",\"potentialAction\":[{\"@type\":\"ReadAction\",\"target\":[\"https:\\\/\\\/erformance.eu\\\/et\\\/toode\\\/audi-a6-c5-97-05-galinis-desines-puses-stabdziu-disko-dangtelis\\\/\"]}]},{\"@type\":\"ImageObject\",\"inLanguage\":\"et\",\"@id\":\"https:\\\/\\\/erformance.eu\\\/et\\\/toode\\\/audi-a6-c5-97-05-galinis-desines-puses-stabdziu-disko-dangtelis\\\/#primaryimage\",\"url\":\"https:\\\/\\\/erformance.eu\\\/wp-content\\\/uploads\\\/2026\\\/02\\\/pol_pm_Audi-A6-C5-97-05-oslona-tarczy-hamulcowej-tylnej-prawej-13660_1.jpg\",\"contentUrl\":\"https:\\\/\\\/erformance.eu\\\/wp-content\\\/uploads\\\/2026\\\/02\\\/pol_pm_Audi-A6-C5-97-05-oslona-tarczy-hamulcowej-tylnej-prawej-13660_1.jpg\",\"width\":667,\"height\":500},{\"@type\":\"BreadcrumbList\",\"@id\":\"https:\\\/\\\/erformance.eu\\\/et\\\/toode\\\/audi-a6-c5-97-05-galinis-desines-puses-stabdziu-disko-dangtelis\\\/#breadcrumb\",\"itemListElement\":[{\"@type\":\"ListItem\",\"position\":1,\"name\":\"Home\",\"item\":\"https:\\\/\\\/erformance.eu\\\/et\\\/\"},{\"@type\":\"ListItem\",\"position\":2,\"name\":\"Pood\",\"item\":\"https:\\\/\\\/erformance.eu\\\/et\\\/pood\\\/\"},{\"@type\":\"ListItem\",\"position\":3,\"name\":\"Audi A6 C5 97-05 galinis de\u0161in\u0117s pus\u0117s stabd\u017ei\u0173 disko dangtelis\"}]},{\"@type\":\"WebSite\",\"@id\":\"https:\\\/\\\/erformance.eu\\\/et\\\/#website\",\"url\":\"https:\\\/\\\/erformance.eu\\\/et\\\/\",\"name\":\"Erformance.eu\",\"description\":\"Automobili\u0173 dali\u0173 parduotuv\u0117\",\"potentialAction\":[{\"@type\":\"SearchAction\",\"target\":{\"@type\":\"EntryPoint\",\"urlTemplate\":\"https:\\\/\\\/erformance.eu\\\/et\\\/?s={search_term_string}\"},\"query-input\":{\"@type\":\"PropertyValueSpecification\",\"valueRequired\":true,\"valueName\":\"search_term_string\"}}],\"inLanguage\":\"et\"}]}<\/script>\n<!-- \/ Yoast SEO Premium plugin. -->","yoast_head_json":{"title":"Audi A6 C5 97-05 galinis de\u0161in\u0117s pus\u0117s stabd\u017ei\u0173 disko dangtelis - Erformance.eu","robots":{"index":"index","follow":"follow","max-snippet":"max-snippet:-1","max-image-preview":"max-image-preview:large","max-video-preview":"max-video-preview:-1"},"canonical":"https:\/\/erformance.eu\/et\/toode\/audi-a6-c5-97-05-galinis-desines-puses-stabdziu-disko-dangtelis\/","og_locale":"et_EE","og_type":"article","og_title":"Audi A6 C5 97-05 galinis de\u0161in\u0117s pus\u0117s stabd\u017ei\u0173 disko dangtelis","og_description":"1. Prek\u0117: Galinio stabd\u017ei\u0173 disko dangtelis2. Pus\u0117: de\u0161in\u01173. Gamintojas: pakeitimas4. Automobilis:   * Audi A6 C5 97-05   * \u0160koda Superb I 2001\u20132008 m.   * VW Passat B5 96-05","og_url":"https:\/\/erformance.eu\/et\/toode\/audi-a6-c5-97-05-galinis-desines-puses-stabdziu-disko-dangtelis\/","og_site_name":"Erformance.eu","article_modified_time":"2026-03-25T18:32:09+00:00","og_image":[{"width":667,"height":500,"url":"https:\/\/erformance.eu\/wp-content\/uploads\/2026\/02\/pol_pm_Audi-A6-C5-97-05-oslona-tarczy-hamulcowej-tylnej-prawej-13660_1.jpg","type":"image\/jpeg"}],"twitter_card":"summary_large_image","schema":{"@context":"https:\/\/schema.org","@graph":[{"@type":"WebPage","@id":"https:\/\/erformance.eu\/et\/toode\/audi-a6-c5-97-05-galinis-desines-puses-stabdziu-disko-dangtelis\/","url":"https:\/\/erformance.eu\/et\/toode\/audi-a6-c5-97-05-galinis-desines-puses-stabdziu-disko-dangtelis\/","name":"Audi A6 C5 97-05 galinis de\u0161in\u0117s pus\u0117s stabd\u017ei\u0173 disko dangtelis - Erformance.eu","isPartOf":{"@id":"https:\/\/erformance.eu\/et\/#website"},"primaryImageOfPage":{"@id":"https:\/\/erformance.eu\/et\/toode\/audi-a6-c5-97-05-galinis-desines-puses-stabdziu-disko-dangtelis\/#primaryimage"},"image":{"@id":"https:\/\/erformance.eu\/et\/toode\/audi-a6-c5-97-05-galinis-desines-puses-stabdziu-disko-dangtelis\/#primaryimage"},"thumbnailUrl":"https:\/\/erformance.eu\/wp-content\/uploads\/2026\/02\/pol_pm_Audi-A6-C5-97-05-oslona-tarczy-hamulcowej-tylnej-prawej-13660_1.jpg","datePublished":"2026-02-16T11:19:10+00:00","dateModified":"2026-03-25T18:32:09+00:00","breadcrumb":{"@id":"https:\/\/erformance.eu\/et\/toode\/audi-a6-c5-97-05-galinis-desines-puses-stabdziu-disko-dangtelis\/#breadcrumb"},"inLanguage":"et","potentialAction":[{"@type":"ReadAction","target":["https:\/\/erformance.eu\/et\/toode\/audi-a6-c5-97-05-galinis-desines-puses-stabdziu-disko-dangtelis\/"]}]},{"@type":"ImageObject","inLanguage":"et","@id":"https:\/\/erformance.eu\/et\/toode\/audi-a6-c5-97-05-galinis-desines-puses-stabdziu-disko-dangtelis\/#primaryimage","url":"https:\/\/erformance.eu\/wp-content\/uploads\/2026\/02\/pol_pm_Audi-A6-C5-97-05-oslona-tarczy-hamulcowej-tylnej-prawej-13660_1.jpg","contentUrl":"https:\/\/erformance.eu\/wp-content\/uploads\/2026\/02\/pol_pm_Audi-A6-C5-97-05-oslona-tarczy-hamulcowej-tylnej-prawej-13660_1.jpg","width":667,"height":500},{"@type":"BreadcrumbList","@id":"https:\/\/erformance.eu\/et\/toode\/audi-a6-c5-97-05-galinis-desines-puses-stabdziu-disko-dangtelis\/#breadcrumb","itemListElement":[{"@type":"ListItem","position":1,"name":"Home","item":"https:\/\/erformance.eu\/et\/"},{"@type":"ListItem","position":2,"name":"Pood","item":"https:\/\/erformance.eu\/et\/pood\/"},{"@type":"ListItem","position":3,"name":"Audi A6 C5 97-05 galinis de\u0161in\u0117s pus\u0117s stabd\u017ei\u0173 disko dangtelis"}]},{"@type":"WebSite","@id":"https:\/\/erformance.eu\/et\/#website","url":"https:\/\/erformance.eu\/et\/","name":"Erformance.eu","description":"Automobili\u0173 dali\u0173 parduotuv\u0117","potentialAction":[{"@type":"SearchAction","target":{"@type":"EntryPoint","urlTemplate":"https:\/\/erformance.eu\/et\/?s={search_term_string}"},"query-input":{"@type":"PropertyValueSpecification","valueRequired":true,"valueName":"search_term_string"}}],"inLanguage":"et"}]}},"jetpack_sharing_enabled":true,"_links":{"self":[{"href":"https:\/\/erformance.eu\/et\/wp-json\/wp\/v2\/product\/56544","targetHints":{"allow":["GET"]}}],"collection":[{"href":"https:\/\/erformance.eu\/et\/wp-json\/wp\/v2\/product"}],"about":[{"href":"https:\/\/erformance.eu\/et\/wp-json\/wp\/v2\/types\/product"}],"replies":[{"embeddable":true,"href":"https:\/\/erformance.eu\/et\/wp-json\/wp\/v2\/comments?post=56544"}],"version-history":[{"count":1,"href":"https:\/\/erformance.eu\/et\/wp-json\/wp\/v2\/product\/56544\/revisions"}],"predecessor-version":[{"id":56545,"href":"https:\/\/erformance.eu\/et\/wp-json\/wp\/v2\/product\/56544\/revisions\/56545"}],"wp:featuredmedia":[{"embeddable":true,"href":"https:\/\/erformance.eu\/et\/wp-json\/wp\/v2\/media\/50619"}],"wp:attachment":[{"href":"https:\/\/erformance.eu\/et\/wp-json\/wp\/v2\/media?parent=56544"}],"wp:term":[{"taxonomy":"product_brand","embeddable":true,"href":"https:\/\/erformance.eu\/et\/wp-json\/wp\/v2\/product_brand?post=56544"},{"taxonomy":"product_cat","embeddable":true,"href":"https:\/\/erformance.eu\/et\/wp-json\/wp\/v2\/product_cat?post=56544"},{"taxonomy":"product_tag","embeddable":true,"href":"https:\/\/erformance.eu\/et\/wp-json\/wp\/v2\/product_tag?post=56544"}],"curies":[{"name":"wp","href":"https:\/\/api.w.org\/{rel}","templated":true}]}}