{"id":56572,"date":"2026-02-16T14:19:25","date_gmt":"2026-02-16T11:19:25","guid":{"rendered":"https:\/\/erformance.eu\/?post_type=product&#038;p=56572"},"modified":"2026-03-25T23:15:37","modified_gmt":"2026-03-25T20:15:37","slug":"audi-a8-d3-02-10-skirstytuvas-voztuvu-blokas","status":"publish","type":"product","link":"https:\/\/erformance.eu\/et\/toode\/audi-a8-d3-02-10-skirstytuvas-voztuvu-blokas\/","title":{"rendered":"Audi A8 D3 02-10 skirstytuvas &#8211; vo\u017etuv\u0173 blokas"},"content":{"rendered":"<p>Tema: skirstytuvas &#8211; vo\u017etuv\u0173 blokas<br \/>\nOriginalus numeris:<\/p>\n<p>4E0616014B<br \/>\n4E0616005E<br \/>\n4E0616005G<br \/>\n4E0616007C<br \/>\n4E0616007E<br \/>\n4E0616007A<br \/>\n4F0616013<br \/>\n4F0616005E<br \/>\n4F0616005F<br \/>\n4F0616006A<br \/>\n4F0616006B<\/p>\n<p>PASTABA: auk\u0161\u010diau pateikti numeriai yra original\u016bs dali\u0173 numeriai, kuriuos \u0161is pasi\u016blymas pakei\u010dia. Prie\u0161 pirkdami, palyginkite juos su originaliu dalies numeriu. Jei jie skiriasi net vienu simboliu, dalis netiks, neveiks arba veiks netinkamai. Tokiu atveju jos nepirkite.<br \/>\nAutomobilis:<\/p>\n<p>\u201eAudi A6 C5\u201c, gamybos metai: 1997\u20132005<br \/>\nAudi A6 C6, gamybos metai: 2005-2011<br \/>\n\u201eAudi A8 D3\u201c, gamybos metai: 2002\u20132010<br \/>\nVW Phaeton, pagaminimo metai: 2004\u20132016<\/p>\n<p>Gamintojas: pakaitalas<br \/>\nTechnin\u0117 b\u016bkl\u0117: prek\u0117 yra visi\u0161kai nauja, nenaudota, nepa\u017eeista ir nesugadinta<\/p>\n","protected":false},"excerpt":{"rendered":"<p>1. Prek\u0117: skirstytuvas &#8211; vo\u017etuv\u0173 blokas2. Gamintojas: pakeitimas3. Automobilis:Audi A6 C5 97-05Audi A6 C6 05-11Audi A8 D3 02-10VW Phaeton 04-16<\/p>\n","protected":false},"featured_media":50755,"comment_status":"open","ping_status":"closed","template":"","meta":[],"product_brand":[],"product_cat":[396,144,3923,3963,4168],"product_tag":[],"class_list":{"0":"post-56572","1":"product","2":"type-product","3":"status-publish","4":"has-post-thumbnail","6":"product_cat-audi-a8","7":"product_cat-audi","8":"product_cat-audi-a8-d3","9":"product_cat-audi-a8-d3-isores-dalys","10":"product_cat-audi-a8-d3-isores-kitos-dalys","12":"first","13":"instock","14":"shipping-taxable","15":"purchasable","16":"product-type-simple"},"yoast_head":"<!-- This site is optimized with the Yoast SEO Premium plugin v25.2 (Yoast SEO v27.3) - https:\/\/yoast.com\/product\/yoast-seo-premium-wordpress\/ -->\n<title>Audi A8 D3 02-10 skirstytuvas - vo\u017etuv\u0173 blokas - Erformance.eu<\/title>\n<meta name=\"robots\" content=\"index, follow, max-snippet:-1, max-image-preview:large, max-video-preview:-1\" \/>\n<link rel=\"canonical\" href=\"https:\/\/erformance.eu\/et\/toode\/audi-a8-d3-02-10-skirstytuvas-voztuvu-blokas\/\" \/>\n<meta property=\"og:locale\" content=\"et_EE\" \/>\n<meta property=\"og:type\" content=\"article\" \/>\n<meta property=\"og:title\" content=\"Audi A8 D3 02-10 skirstytuvas - vo\u017etuv\u0173 blokas\" \/>\n<meta property=\"og:description\" content=\"1. Prek\u0117: skirstytuvas - vo\u017etuv\u0173 blokas2. Gamintojas: pakeitimas3. Automobilis:Audi A6 C5 97-05Audi A6 C6 05-11Audi A8 D3 02-10VW Phaeton 04-16\" \/>\n<meta property=\"og:url\" content=\"https:\/\/erformance.eu\/et\/toode\/audi-a8-d3-02-10-skirstytuvas-voztuvu-blokas\/\" \/>\n<meta property=\"og:site_name\" content=\"Erformance.eu\" \/>\n<meta property=\"article:modified_time\" content=\"2026-03-25T20:15:37+00:00\" \/>\n<meta property=\"og:image\" content=\"https:\/\/erformance.eu\/wp-content\/uploads\/2026\/02\/pol_pm_Audi-A8-D3-02-10-rozdzielacz-blok-zaworowy-34796_1.jpg\" \/>\n\t<meta property=\"og:image:width\" content=\"1200\" \/>\n\t<meta property=\"og:image:height\" content=\"1200\" \/>\n\t<meta property=\"og:image:type\" content=\"image\/jpeg\" \/>\n<meta name=\"twitter:card\" content=\"summary_large_image\" \/>\n<meta name=\"twitter:label1\" content=\"Est. reading time\" \/>\n\t<meta name=\"twitter:data1\" content=\"1 minut\" \/>\n<script type=\"application\/ld+json\" class=\"yoast-schema-graph\">{\"@context\":\"https:\\\/\\\/schema.org\",\"@graph\":[{\"@type\":\"WebPage\",\"@id\":\"https:\\\/\\\/erformance.eu\\\/et\\\/toode\\\/audi-a8-d3-02-10-skirstytuvas-voztuvu-blokas\\\/\",\"url\":\"https:\\\/\\\/erformance.eu\\\/et\\\/toode\\\/audi-a8-d3-02-10-skirstytuvas-voztuvu-blokas\\\/\",\"name\":\"Audi A8 D3 02-10 skirstytuvas - vo\u017etuv\u0173 blokas - Erformance.eu\",\"isPartOf\":{\"@id\":\"https:\\\/\\\/erformance.eu\\\/et\\\/#website\"},\"primaryImageOfPage\":{\"@id\":\"https:\\\/\\\/erformance.eu\\\/et\\\/toode\\\/audi-a8-d3-02-10-skirstytuvas-voztuvu-blokas\\\/#primaryimage\"},\"image\":{\"@id\":\"https:\\\/\\\/erformance.eu\\\/et\\\/toode\\\/audi-a8-d3-02-10-skirstytuvas-voztuvu-blokas\\\/#primaryimage\"},\"thumbnailUrl\":\"https:\\\/\\\/erformance.eu\\\/wp-content\\\/uploads\\\/2026\\\/02\\\/pol_pm_Audi-A8-D3-02-10-rozdzielacz-blok-zaworowy-34796_1.jpg\",\"datePublished\":\"2026-02-16T11:19:25+00:00\",\"dateModified\":\"2026-03-25T20:15:37+00:00\",\"breadcrumb\":{\"@id\":\"https:\\\/\\\/erformance.eu\\\/et\\\/toode\\\/audi-a8-d3-02-10-skirstytuvas-voztuvu-blokas\\\/#breadcrumb\"},\"inLanguage\":\"et\",\"potentialAction\":[{\"@type\":\"ReadAction\",\"target\":[\"https:\\\/\\\/erformance.eu\\\/et\\\/toode\\\/audi-a8-d3-02-10-skirstytuvas-voztuvu-blokas\\\/\"]}]},{\"@type\":\"ImageObject\",\"inLanguage\":\"et\",\"@id\":\"https:\\\/\\\/erformance.eu\\\/et\\\/toode\\\/audi-a8-d3-02-10-skirstytuvas-voztuvu-blokas\\\/#primaryimage\",\"url\":\"https:\\\/\\\/erformance.eu\\\/wp-content\\\/uploads\\\/2026\\\/02\\\/pol_pm_Audi-A8-D3-02-10-rozdzielacz-blok-zaworowy-34796_1.jpg\",\"contentUrl\":\"https:\\\/\\\/erformance.eu\\\/wp-content\\\/uploads\\\/2026\\\/02\\\/pol_pm_Audi-A8-D3-02-10-rozdzielacz-blok-zaworowy-34796_1.jpg\",\"width\":1200,\"height\":1200},{\"@type\":\"BreadcrumbList\",\"@id\":\"https:\\\/\\\/erformance.eu\\\/et\\\/toode\\\/audi-a8-d3-02-10-skirstytuvas-voztuvu-blokas\\\/#breadcrumb\",\"itemListElement\":[{\"@type\":\"ListItem\",\"position\":1,\"name\":\"Home\",\"item\":\"https:\\\/\\\/erformance.eu\\\/et\\\/\"},{\"@type\":\"ListItem\",\"position\":2,\"name\":\"Pood\",\"item\":\"https:\\\/\\\/erformance.eu\\\/et\\\/pood\\\/\"},{\"@type\":\"ListItem\",\"position\":3,\"name\":\"Audi A8 D3 02-10 skirstytuvas &#8211; vo\u017etuv\u0173 blokas\"}]},{\"@type\":\"WebSite\",\"@id\":\"https:\\\/\\\/erformance.eu\\\/et\\\/#website\",\"url\":\"https:\\\/\\\/erformance.eu\\\/et\\\/\",\"name\":\"Erformance.eu\",\"description\":\"Automobili\u0173 dali\u0173 parduotuv\u0117\",\"potentialAction\":[{\"@type\":\"SearchAction\",\"target\":{\"@type\":\"EntryPoint\",\"urlTemplate\":\"https:\\\/\\\/erformance.eu\\\/et\\\/?s={search_term_string}\"},\"query-input\":{\"@type\":\"PropertyValueSpecification\",\"valueRequired\":true,\"valueName\":\"search_term_string\"}}],\"inLanguage\":\"et\"}]}<\/script>\n<!-- \/ Yoast SEO Premium plugin. -->","yoast_head_json":{"title":"Audi A8 D3 02-10 skirstytuvas - vo\u017etuv\u0173 blokas - Erformance.eu","robots":{"index":"index","follow":"follow","max-snippet":"max-snippet:-1","max-image-preview":"max-image-preview:large","max-video-preview":"max-video-preview:-1"},"canonical":"https:\/\/erformance.eu\/et\/toode\/audi-a8-d3-02-10-skirstytuvas-voztuvu-blokas\/","og_locale":"et_EE","og_type":"article","og_title":"Audi A8 D3 02-10 skirstytuvas - vo\u017etuv\u0173 blokas","og_description":"1. Prek\u0117: skirstytuvas - vo\u017etuv\u0173 blokas2. Gamintojas: pakeitimas3. Automobilis:Audi A6 C5 97-05Audi A6 C6 05-11Audi A8 D3 02-10VW Phaeton 04-16","og_url":"https:\/\/erformance.eu\/et\/toode\/audi-a8-d3-02-10-skirstytuvas-voztuvu-blokas\/","og_site_name":"Erformance.eu","article_modified_time":"2026-03-25T20:15:37+00:00","og_image":[{"width":1200,"height":1200,"url":"https:\/\/erformance.eu\/wp-content\/uploads\/2026\/02\/pol_pm_Audi-A8-D3-02-10-rozdzielacz-blok-zaworowy-34796_1.jpg","type":"image\/jpeg"}],"twitter_card":"summary_large_image","twitter_misc":{"Est. reading time":"1 minut"},"schema":{"@context":"https:\/\/schema.org","@graph":[{"@type":"WebPage","@id":"https:\/\/erformance.eu\/et\/toode\/audi-a8-d3-02-10-skirstytuvas-voztuvu-blokas\/","url":"https:\/\/erformance.eu\/et\/toode\/audi-a8-d3-02-10-skirstytuvas-voztuvu-blokas\/","name":"Audi A8 D3 02-10 skirstytuvas - vo\u017etuv\u0173 blokas - Erformance.eu","isPartOf":{"@id":"https:\/\/erformance.eu\/et\/#website"},"primaryImageOfPage":{"@id":"https:\/\/erformance.eu\/et\/toode\/audi-a8-d3-02-10-skirstytuvas-voztuvu-blokas\/#primaryimage"},"image":{"@id":"https:\/\/erformance.eu\/et\/toode\/audi-a8-d3-02-10-skirstytuvas-voztuvu-blokas\/#primaryimage"},"thumbnailUrl":"https:\/\/erformance.eu\/wp-content\/uploads\/2026\/02\/pol_pm_Audi-A8-D3-02-10-rozdzielacz-blok-zaworowy-34796_1.jpg","datePublished":"2026-02-16T11:19:25+00:00","dateModified":"2026-03-25T20:15:37+00:00","breadcrumb":{"@id":"https:\/\/erformance.eu\/et\/toode\/audi-a8-d3-02-10-skirstytuvas-voztuvu-blokas\/#breadcrumb"},"inLanguage":"et","potentialAction":[{"@type":"ReadAction","target":["https:\/\/erformance.eu\/et\/toode\/audi-a8-d3-02-10-skirstytuvas-voztuvu-blokas\/"]}]},{"@type":"ImageObject","inLanguage":"et","@id":"https:\/\/erformance.eu\/et\/toode\/audi-a8-d3-02-10-skirstytuvas-voztuvu-blokas\/#primaryimage","url":"https:\/\/erformance.eu\/wp-content\/uploads\/2026\/02\/pol_pm_Audi-A8-D3-02-10-rozdzielacz-blok-zaworowy-34796_1.jpg","contentUrl":"https:\/\/erformance.eu\/wp-content\/uploads\/2026\/02\/pol_pm_Audi-A8-D3-02-10-rozdzielacz-blok-zaworowy-34796_1.jpg","width":1200,"height":1200},{"@type":"BreadcrumbList","@id":"https:\/\/erformance.eu\/et\/toode\/audi-a8-d3-02-10-skirstytuvas-voztuvu-blokas\/#breadcrumb","itemListElement":[{"@type":"ListItem","position":1,"name":"Home","item":"https:\/\/erformance.eu\/et\/"},{"@type":"ListItem","position":2,"name":"Pood","item":"https:\/\/erformance.eu\/et\/pood\/"},{"@type":"ListItem","position":3,"name":"Audi A8 D3 02-10 skirstytuvas &#8211; vo\u017etuv\u0173 blokas"}]},{"@type":"WebSite","@id":"https:\/\/erformance.eu\/et\/#website","url":"https:\/\/erformance.eu\/et\/","name":"Erformance.eu","description":"Automobili\u0173 dali\u0173 parduotuv\u0117","potentialAction":[{"@type":"SearchAction","target":{"@type":"EntryPoint","urlTemplate":"https:\/\/erformance.eu\/et\/?s={search_term_string}"},"query-input":{"@type":"PropertyValueSpecification","valueRequired":true,"valueName":"search_term_string"}}],"inLanguage":"et"}]}},"jetpack_sharing_enabled":true,"_links":{"self":[{"href":"https:\/\/erformance.eu\/et\/wp-json\/wp\/v2\/product\/56572","targetHints":{"allow":["GET"]}}],"collection":[{"href":"https:\/\/erformance.eu\/et\/wp-json\/wp\/v2\/product"}],"about":[{"href":"https:\/\/erformance.eu\/et\/wp-json\/wp\/v2\/types\/product"}],"replies":[{"embeddable":true,"href":"https:\/\/erformance.eu\/et\/wp-json\/wp\/v2\/comments?post=56572"}],"version-history":[{"count":1,"href":"https:\/\/erformance.eu\/et\/wp-json\/wp\/v2\/product\/56572\/revisions"}],"predecessor-version":[{"id":56573,"href":"https:\/\/erformance.eu\/et\/wp-json\/wp\/v2\/product\/56572\/revisions\/56573"}],"wp:featuredmedia":[{"embeddable":true,"href":"https:\/\/erformance.eu\/et\/wp-json\/wp\/v2\/media\/50755"}],"wp:attachment":[{"href":"https:\/\/erformance.eu\/et\/wp-json\/wp\/v2\/media?parent=56572"}],"wp:term":[{"taxonomy":"product_brand","embeddable":true,"href":"https:\/\/erformance.eu\/et\/wp-json\/wp\/v2\/product_brand?post=56572"},{"taxonomy":"product_cat","embeddable":true,"href":"https:\/\/erformance.eu\/et\/wp-json\/wp\/v2\/product_cat?post=56572"},{"taxonomy":"product_tag","embeddable":true,"href":"https:\/\/erformance.eu\/et\/wp-json\/wp\/v2\/product_tag?post=56572"}],"curies":[{"name":"wp","href":"https:\/\/api.w.org\/{rel}","templated":true}]}}