{"id":56598,"date":"2026-02-16T14:19:41","date_gmt":"2026-02-16T11:19:41","guid":{"rendered":"https:\/\/erformance.eu\/?post_type=product&#038;p=56598"},"modified":"2026-03-26T02:59:33","modified_gmt":"2026-03-25T23:59:33","slug":"audi-tt-04-14-variklio-dangcio-atidarymo-rankeneles-laikiklis","status":"publish","type":"product","link":"https:\/\/erformance.eu\/et\/toode\/audi-tt-04-14-variklio-dangcio-atidarymo-rankeneles-laikiklis\/","title":{"rendered":"AUDI TT 04-14 variklio dang\u010dio atidarymo ranken\u0117l\u0117s laikiklis"},"content":{"rendered":"<p>Prek\u0117: Kapoto atidarymo rankenos laikiklis<br \/>\nOriginalus numeris:<\/p>\n<p>8J1823533L<br \/>\n8J1823633<\/p>\n<p>PASTABA: auk\u0161\u010diau pateikti numeriai yra original\u016bs dali\u0173 numeriai, kuriuos \u0161is pasi\u016blymas pakei\u010dia. Prie\u0161 pirkdami, palyginkite juos su originaliu dalies numeriu. Jei jie skiriasi net vienu simboliu, dalis netiks, neveiks arba veiks netinkamai. Tokiu atveju jos nepirkite.<br \/>\nAutomobilis:<\/p>\n<p>AUDI TT gamybos metai: 2004\u20132014<\/p>\n<p>Gamintojas: pakaitalas<br \/>\nTechnin\u0117 b\u016bkl\u0117: prek\u0117 yra visi\u0161kai nauja, nenaudota, nepa\u017eeista ir nesugadinta<\/p>\n","protected":false},"excerpt":{"rendered":"<p>1. Prek\u0117: Kapoto atleidimo rankenos laikiklis3. Gamintojas: pakeitimas4. Automobilis:AUDI TT 04-14<\/p>\n","protected":false},"featured_media":50876,"comment_status":"open","ping_status":"closed","template":"","meta":[],"product_brand":[],"product_cat":[3933,144,3973,4178,4373,401],"product_tag":[],"class_list":{"0":"post-56598","1":"product","2":"type-product","3":"status-publish","4":"has-post-thumbnail","6":"product_cat-audi-tt-8j","7":"product_cat-audi","8":"product_cat-audi-tt-8j-isores-dalys","9":"product_cat-audi-tt-8j-isores-kitos-dalys","10":"product_cat-audi-tt-8j-mechanizmai-valytuvai","11":"product_cat-audi-tt","13":"first","14":"instock","15":"shipping-taxable","16":"purchasable","17":"product-type-simple"},"yoast_head":"<!-- This site is optimized with the Yoast SEO Premium plugin v25.2 (Yoast SEO v27.5) - https:\/\/yoast.com\/product\/yoast-seo-premium-wordpress\/ -->\n<title>AUDI TT 04-14 variklio dang\u010dio atidarymo ranken\u0117l\u0117s laikiklis - Erformance.eu<\/title>\n<meta name=\"robots\" content=\"index, follow, max-snippet:-1, max-image-preview:large, max-video-preview:-1\" \/>\n<link rel=\"canonical\" href=\"https:\/\/erformance.eu\/et\/toode\/audi-tt-04-14-variklio-dangcio-atidarymo-rankeneles-laikiklis\/\" \/>\n<meta property=\"og:locale\" content=\"et_EE\" \/>\n<meta property=\"og:type\" content=\"article\" \/>\n<meta property=\"og:title\" content=\"AUDI TT 04-14 variklio dang\u010dio atidarymo ranken\u0117l\u0117s laikiklis\" \/>\n<meta property=\"og:description\" content=\"1. Prek\u0117: Kapoto atleidimo rankenos laikiklis3. Gamintojas: pakeitimas4. Automobilis:AUDI TT 04-14\" \/>\n<meta property=\"og:url\" content=\"https:\/\/erformance.eu\/et\/toode\/audi-tt-04-14-variklio-dangcio-atidarymo-rankeneles-laikiklis\/\" \/>\n<meta property=\"og:site_name\" content=\"Erformance.eu\" \/>\n<meta property=\"article:modified_time\" content=\"2026-03-25T23:59:33+00:00\" \/>\n<meta property=\"og:image\" content=\"https:\/\/erformance.eu\/wp-content\/uploads\/2026\/02\/pol_pm_AUDI-TT-04-14-wspornik-raczki-otwierania-maski-silnika-37463_1.jpg\" \/>\n\t<meta property=\"og:image:width\" content=\"1200\" \/>\n\t<meta property=\"og:image:height\" content=\"1200\" \/>\n\t<meta property=\"og:image:type\" content=\"image\/jpeg\" \/>\n<meta name=\"twitter:card\" content=\"summary_large_image\" \/>\n<script type=\"application\/ld+json\" class=\"yoast-schema-graph\">{\"@context\":\"https:\\\/\\\/schema.org\",\"@graph\":[{\"@type\":\"WebPage\",\"@id\":\"https:\\\/\\\/erformance.eu\\\/et\\\/toode\\\/audi-tt-04-14-variklio-dangcio-atidarymo-rankeneles-laikiklis\\\/\",\"url\":\"https:\\\/\\\/erformance.eu\\\/et\\\/toode\\\/audi-tt-04-14-variklio-dangcio-atidarymo-rankeneles-laikiklis\\\/\",\"name\":\"AUDI TT 04-14 variklio dang\u010dio atidarymo ranken\u0117l\u0117s laikiklis - Erformance.eu\",\"isPartOf\":{\"@id\":\"https:\\\/\\\/erformance.eu\\\/et\\\/#website\"},\"primaryImageOfPage\":{\"@id\":\"https:\\\/\\\/erformance.eu\\\/et\\\/toode\\\/audi-tt-04-14-variklio-dangcio-atidarymo-rankeneles-laikiklis\\\/#primaryimage\"},\"image\":{\"@id\":\"https:\\\/\\\/erformance.eu\\\/et\\\/toode\\\/audi-tt-04-14-variklio-dangcio-atidarymo-rankeneles-laikiklis\\\/#primaryimage\"},\"thumbnailUrl\":\"https:\\\/\\\/erformance.eu\\\/wp-content\\\/uploads\\\/2026\\\/02\\\/pol_pm_AUDI-TT-04-14-wspornik-raczki-otwierania-maski-silnika-37463_1.jpg\",\"datePublished\":\"2026-02-16T11:19:41+00:00\",\"dateModified\":\"2026-03-25T23:59:33+00:00\",\"breadcrumb\":{\"@id\":\"https:\\\/\\\/erformance.eu\\\/et\\\/toode\\\/audi-tt-04-14-variklio-dangcio-atidarymo-rankeneles-laikiklis\\\/#breadcrumb\"},\"inLanguage\":\"et\",\"potentialAction\":[{\"@type\":\"ReadAction\",\"target\":[\"https:\\\/\\\/erformance.eu\\\/et\\\/toode\\\/audi-tt-04-14-variklio-dangcio-atidarymo-rankeneles-laikiklis\\\/\"]}]},{\"@type\":\"ImageObject\",\"inLanguage\":\"et\",\"@id\":\"https:\\\/\\\/erformance.eu\\\/et\\\/toode\\\/audi-tt-04-14-variklio-dangcio-atidarymo-rankeneles-laikiklis\\\/#primaryimage\",\"url\":\"https:\\\/\\\/erformance.eu\\\/wp-content\\\/uploads\\\/2026\\\/02\\\/pol_pm_AUDI-TT-04-14-wspornik-raczki-otwierania-maski-silnika-37463_1.jpg\",\"contentUrl\":\"https:\\\/\\\/erformance.eu\\\/wp-content\\\/uploads\\\/2026\\\/02\\\/pol_pm_AUDI-TT-04-14-wspornik-raczki-otwierania-maski-silnika-37463_1.jpg\",\"width\":1200,\"height\":1200},{\"@type\":\"BreadcrumbList\",\"@id\":\"https:\\\/\\\/erformance.eu\\\/et\\\/toode\\\/audi-tt-04-14-variklio-dangcio-atidarymo-rankeneles-laikiklis\\\/#breadcrumb\",\"itemListElement\":[{\"@type\":\"ListItem\",\"position\":1,\"name\":\"Home\",\"item\":\"https:\\\/\\\/erformance.eu\\\/et\\\/\"},{\"@type\":\"ListItem\",\"position\":2,\"name\":\"Pood\",\"item\":\"https:\\\/\\\/erformance.eu\\\/et\\\/pood\\\/\"},{\"@type\":\"ListItem\",\"position\":3,\"name\":\"AUDI TT 04-14 variklio dang\u010dio atidarymo ranken\u0117l\u0117s laikiklis\"}]},{\"@type\":\"WebSite\",\"@id\":\"https:\\\/\\\/erformance.eu\\\/et\\\/#website\",\"url\":\"https:\\\/\\\/erformance.eu\\\/et\\\/\",\"name\":\"Erformance.eu\",\"description\":\"Automobili\u0173 dali\u0173 parduotuv\u0117\",\"potentialAction\":[{\"@type\":\"SearchAction\",\"target\":{\"@type\":\"EntryPoint\",\"urlTemplate\":\"https:\\\/\\\/erformance.eu\\\/et\\\/?s={search_term_string}\"},\"query-input\":{\"@type\":\"PropertyValueSpecification\",\"valueRequired\":true,\"valueName\":\"search_term_string\"}}],\"inLanguage\":\"et\"}]}<\/script>\n<!-- \/ Yoast SEO Premium plugin. -->","yoast_head_json":{"title":"AUDI TT 04-14 variklio dang\u010dio atidarymo ranken\u0117l\u0117s laikiklis - Erformance.eu","robots":{"index":"index","follow":"follow","max-snippet":"max-snippet:-1","max-image-preview":"max-image-preview:large","max-video-preview":"max-video-preview:-1"},"canonical":"https:\/\/erformance.eu\/et\/toode\/audi-tt-04-14-variklio-dangcio-atidarymo-rankeneles-laikiklis\/","og_locale":"et_EE","og_type":"article","og_title":"AUDI TT 04-14 variklio dang\u010dio atidarymo ranken\u0117l\u0117s laikiklis","og_description":"1. Prek\u0117: Kapoto atleidimo rankenos laikiklis3. Gamintojas: pakeitimas4. Automobilis:AUDI TT 04-14","og_url":"https:\/\/erformance.eu\/et\/toode\/audi-tt-04-14-variklio-dangcio-atidarymo-rankeneles-laikiklis\/","og_site_name":"Erformance.eu","article_modified_time":"2026-03-25T23:59:33+00:00","og_image":[{"width":1200,"height":1200,"url":"https:\/\/erformance.eu\/wp-content\/uploads\/2026\/02\/pol_pm_AUDI-TT-04-14-wspornik-raczki-otwierania-maski-silnika-37463_1.jpg","type":"image\/jpeg"}],"twitter_card":"summary_large_image","schema":{"@context":"https:\/\/schema.org","@graph":[{"@type":"WebPage","@id":"https:\/\/erformance.eu\/et\/toode\/audi-tt-04-14-variklio-dangcio-atidarymo-rankeneles-laikiklis\/","url":"https:\/\/erformance.eu\/et\/toode\/audi-tt-04-14-variklio-dangcio-atidarymo-rankeneles-laikiklis\/","name":"AUDI TT 04-14 variklio dang\u010dio atidarymo ranken\u0117l\u0117s laikiklis - Erformance.eu","isPartOf":{"@id":"https:\/\/erformance.eu\/et\/#website"},"primaryImageOfPage":{"@id":"https:\/\/erformance.eu\/et\/toode\/audi-tt-04-14-variklio-dangcio-atidarymo-rankeneles-laikiklis\/#primaryimage"},"image":{"@id":"https:\/\/erformance.eu\/et\/toode\/audi-tt-04-14-variklio-dangcio-atidarymo-rankeneles-laikiklis\/#primaryimage"},"thumbnailUrl":"https:\/\/erformance.eu\/wp-content\/uploads\/2026\/02\/pol_pm_AUDI-TT-04-14-wspornik-raczki-otwierania-maski-silnika-37463_1.jpg","datePublished":"2026-02-16T11:19:41+00:00","dateModified":"2026-03-25T23:59:33+00:00","breadcrumb":{"@id":"https:\/\/erformance.eu\/et\/toode\/audi-tt-04-14-variklio-dangcio-atidarymo-rankeneles-laikiklis\/#breadcrumb"},"inLanguage":"et","potentialAction":[{"@type":"ReadAction","target":["https:\/\/erformance.eu\/et\/toode\/audi-tt-04-14-variklio-dangcio-atidarymo-rankeneles-laikiklis\/"]}]},{"@type":"ImageObject","inLanguage":"et","@id":"https:\/\/erformance.eu\/et\/toode\/audi-tt-04-14-variklio-dangcio-atidarymo-rankeneles-laikiklis\/#primaryimage","url":"https:\/\/erformance.eu\/wp-content\/uploads\/2026\/02\/pol_pm_AUDI-TT-04-14-wspornik-raczki-otwierania-maski-silnika-37463_1.jpg","contentUrl":"https:\/\/erformance.eu\/wp-content\/uploads\/2026\/02\/pol_pm_AUDI-TT-04-14-wspornik-raczki-otwierania-maski-silnika-37463_1.jpg","width":1200,"height":1200},{"@type":"BreadcrumbList","@id":"https:\/\/erformance.eu\/et\/toode\/audi-tt-04-14-variklio-dangcio-atidarymo-rankeneles-laikiklis\/#breadcrumb","itemListElement":[{"@type":"ListItem","position":1,"name":"Home","item":"https:\/\/erformance.eu\/et\/"},{"@type":"ListItem","position":2,"name":"Pood","item":"https:\/\/erformance.eu\/et\/pood\/"},{"@type":"ListItem","position":3,"name":"AUDI TT 04-14 variklio dang\u010dio atidarymo ranken\u0117l\u0117s laikiklis"}]},{"@type":"WebSite","@id":"https:\/\/erformance.eu\/et\/#website","url":"https:\/\/erformance.eu\/et\/","name":"Erformance.eu","description":"Automobili\u0173 dali\u0173 parduotuv\u0117","potentialAction":[{"@type":"SearchAction","target":{"@type":"EntryPoint","urlTemplate":"https:\/\/erformance.eu\/et\/?s={search_term_string}"},"query-input":{"@type":"PropertyValueSpecification","valueRequired":true,"valueName":"search_term_string"}}],"inLanguage":"et"}]}},"jetpack_sharing_enabled":true,"_links":{"self":[{"href":"https:\/\/erformance.eu\/et\/wp-json\/wp\/v2\/product\/56598","targetHints":{"allow":["GET"]}}],"collection":[{"href":"https:\/\/erformance.eu\/et\/wp-json\/wp\/v2\/product"}],"about":[{"href":"https:\/\/erformance.eu\/et\/wp-json\/wp\/v2\/types\/product"}],"replies":[{"embeddable":true,"href":"https:\/\/erformance.eu\/et\/wp-json\/wp\/v2\/comments?post=56598"}],"version-history":[{"count":1,"href":"https:\/\/erformance.eu\/et\/wp-json\/wp\/v2\/product\/56598\/revisions"}],"predecessor-version":[{"id":56599,"href":"https:\/\/erformance.eu\/et\/wp-json\/wp\/v2\/product\/56598\/revisions\/56599"}],"wp:featuredmedia":[{"embeddable":true,"href":"https:\/\/erformance.eu\/et\/wp-json\/wp\/v2\/media\/50876"}],"wp:attachment":[{"href":"https:\/\/erformance.eu\/et\/wp-json\/wp\/v2\/media?parent=56598"}],"wp:term":[{"taxonomy":"product_brand","embeddable":true,"href":"https:\/\/erformance.eu\/et\/wp-json\/wp\/v2\/product_brand?post=56598"},{"taxonomy":"product_cat","embeddable":true,"href":"https:\/\/erformance.eu\/et\/wp-json\/wp\/v2\/product_cat?post=56598"},{"taxonomy":"product_tag","embeddable":true,"href":"https:\/\/erformance.eu\/et\/wp-json\/wp\/v2\/product_tag?post=56598"}],"curies":[{"name":"wp","href":"https:\/\/api.w.org\/{rel}","templated":true}]}}