{"id":56620,"date":"2026-02-16T14:19:54","date_gmt":"2026-02-16T11:19:54","guid":{"rendered":"https:\/\/erformance.eu\/?post_type=product&#038;p=56620"},"modified":"2026-02-16T14:19:54","modified_gmt":"2026-02-16T11:19:54","slug":"audi-ford-man-seat-skoda-vw-laidu-pyne-su-pdc-3-kontaktu-kistuku","status":"publish","type":"product","link":"https:\/\/erformance.eu\/et\/toode\/audi-ford-man-seat-skoda-vw-laidu-pyne-su-pdc-3-kontaktu-kistuku\/","title":{"rendered":"\u201eAudi, Ford, MAN, Seat, Skoda, VW\u201c laid\u0173 pyn\u0117 su PDC 3 kontakt\u0173 ki\u0161tuku"},"content":{"rendered":"<p>Prek\u0117: Laid\u0173 pyn\u0117 su ki\u0161tuku PDC parkavimo jutikliui<br \/>\nOriginalus numeris:<\/p>\n<p>1S0919275<br \/>\n1S0919275A<br \/>\n1S0919275E<br \/>\n31445164<br \/>\n3C0919275<br \/>\n3C0919275AD<br \/>\n3C0919275K<br \/>\n3C0919275N<br \/>\n3C0919275R<br \/>\n3C0973203<br \/>\n420919275<br \/>\n4F0973703<br \/>\n4H0919275<br \/>\n4H0973703<br \/>\n66209233037<br \/>\n66209270501<br \/>\n66209275704<br \/>\n66209357670<br \/>\n735467154<br \/>\n736410700100<br \/>\n9139866<br \/>\n9139868<br \/>\n9142202<br \/>\n9142211<br \/>\n9142212<br \/>\n9142215<br \/>\n9231284<br \/>\n9233039<br \/>\n9270050<br \/>\n9270495<br \/>\nA0009055504<br \/>\nA0009059300<br \/>\nA2125420118<br \/>\nA2215420417<br \/>\nA229059300<\/p>\n<p>PASTABA: auk\u0161\u010diau pateikti numeriai yra original\u016bs dali\u0173 numeriai, kuriuos \u0161is pasi\u016blymas pakei\u010dia. Prie\u0161 pirkdami, palyginkite juos su originaliu dalies numeriu. Jei jie skiriasi net vienu simboliu, dalis netiks, neveiks arba veiks netinkamai. Tokiu atveju jos nepirkite.<br \/>\nAutomobilis:<\/p>\n<p>Audi A1 (8X1, 8XK), pagaminimo metai: 2010\u20132018<br \/>\n\u201eAudi A1 Sportback\u201c (8XA, 8XF), pagaminimo metai: 2011\u20132018<br \/>\n\u201eAudi A1 Sportback\u201c (GBA), modeliai, pagaminti nuo 2018 m.<br \/>\nAudi A3 (8P1), pagaminimo metai: 2003\u20132013<br \/>\nAudi A3 (8V1, 8VK), pagaminimo metai: 2012\u20132020<br \/>\nAudi A3 kabrioletas (8P7), pagaminimo metai: 2008\u20132013<br \/>\n\u201eAudi A3\u201c kabrioletas (8V7, 8VE), modeliai, pagaminti nuo 2013 m.<br \/>\n\u201eAudi A3 Limousine\u201c (8VS, 8VM), modeliai, pagaminti nuo 2013 m.<br \/>\nAudi A3 Sportback (8PA) 200, 4 modeliai pagaminti nuo -201<br \/>\n\u201eAudi A3 Sportback\u201c (8VA, 8VF), modeliai, pagaminti nuo 2012 m.<br \/>\nAudi A4 Allroad B8 (8KH), pagaminimo metai: 2009\u20132016<br \/>\n\u201eAudi A4 Allroad B9\u201c (8WH, 8WJ), modeliai, pagaminti nuo 2016 m.<br \/>\nAudi A4 B7 (8EC), gamybos metai: 2004-2008<br \/>\nAudi A4 B7 Avant (8ED), gamybos metai: 2004-2008<br \/>\nAudi A4 B7 kabrioletas (8HE), pagaminimo metai: 2002\u20132009<br \/>\nAudi A4 B8 (8K2), pagaminimo metai: 2007\u20132015<br \/>\nAudi A4 B8 Avant (8K5), gamybos metai: 2007-2015<br \/>\n\u201eAudi A4 B9\u201c (8W2, 8WC), modeliai, pagaminti nuo 2015 m.<br \/>\n\u201eAudi A4 B9 Avant\u201c (8W5, 8WD), modeliai, pagaminti nuo 2015 m.<br \/>\nAudi A5 (8T3), pagaminimo metai: 2007\u20132017<br \/>\n\u201eAudi A5\u201c (F53, F5P), modeliai, pagaminti nuo 2016 m.<br \/>\nAudi A5 kabrioletas (8F7), pagaminimo metai: 2009\u20132017<br \/>\n\u201eAudi A5\u201c kabrioletas (F57, F5E), modeliai, pagaminti nuo 2016 m.<br \/>\nAudi A5 Sportback (8TA), pagaminimo metai: 2007\u20132017<br \/>\n\u201eAudi A5 Sportback\u201c (F5A, F5F), modeliai, pagaminti nuo 2016 m.<br \/>\nAudi A6 Allroad C6 (4FH), pagaminimo metai: 2006\u20132011<br \/>\nAudi A6 Allroad C7 (4GH, 4GJ), gamybos metai: 2012-2018<br \/>\nAudi A6 C6 (4F2), gamybos metai: 2004-2011<br \/>\nAudi A6 C6 Avant (4F5), gamybos metai: 2004-2011<br \/>\nAudi A6 C7 (4G2, 4GC), rok produkcji: 2010-2018<br \/>\nAudi A6 C7 Avant (4G5, 4GD), rok produkcji: 2011-2018<br \/>\nAudi A7 Sportback (4GA, 4GF), rok produkcji: 2010-2018<br \/>\nAudi A8 D3 (4E2, 4E8), rok produkcji: 2002-2010<br \/>\nAudi A8 D4 (4H2, 4H8, 4HC, 4HL), rok produkcji: 2009-2018<br \/>\nAudi Q2 (GAB, GAG), modele produkowane od roku 2016<br \/>\nAudi Q3 (8UB, 8UG), rok produkcji: 2011-2018<br \/>\nAudi Q5 (8RB), rok produkcji: 2008-2017<br \/>\nAudi Q5 (FYB, FYG), modele produkowane od roku 2016<br \/>\nAudi Q7 (4LB) 200,6modele produkowane od roku -201<br \/>\nAudi Q7 (4MB, 4MG), modele produkowane od roku 2015<br \/>\nAudi R8 (422, 423), rok produkcji: 2007-2015<br \/>\nAudi R8 (4S3, 4SP), modele produkowane od roku 2015<br \/>\nAudi R8 Spyder (427, 429), rok produkcji: 2010-2015<br \/>\nAudi R8 Spyder (4S9, 4SR), modele produkowane od roku 2016<br \/>\nAudi TT (8J3), rok produkcji: 2006-2015<br \/>\nAudi TT (FV3, FVP), modele produkowane od roku 2014<br \/>\nAudi TT Roadster (8J9), rok produkcji: 2007-2014<br \/>\nAudi TT Roadster (FV9, FVR), modele produkowane od roku 2014<br \/>\nFord C-MAX II (DXA\/CB7, DXA\/CEU), rok produkcji: 2010-2019<br \/>\nFord C-MAX II Van, rok produkcji: 2010-2019<br \/>\nFord FOCUS III, modele produkowane od roku 2010<br \/>\nFord FOCUS III Nadwozie pe\u0142ne \/ liftback, modele produkowane od roku 2011<br \/>\nFord FOCUS III nadwozie zamkni\u0119te \/ kombi, modele produkowane od roku 2012<br \/>\nFord FOCUS III sedan, modele produkowane od roku 2010<br \/>\nFord FOCUS III Turnier, modele produkowane od roku 2010<br \/>\nFord GALAXY II (WA6), rok produkcji: 2006-2015<br \/>\nFord GRAND C-MAX (DXA\/CB7, DXA\/CEU), rok produkcji: 2010-2019<br \/>\nFord GRAND C-MAX Van, rok produkcji: 2010-2019<br \/>\nFord KUGA I, rok produkcji: 2008-2012<br \/>\nFord KUGA II (DM2), modele produkowane od roku 2012<br \/>\nFord KUGA II VAN, modele produkowane od roku 2012<br \/>\nFord MONDEO IV (BA7), rok produkcji: 2007-2015<br \/>\nFord MONDEO IV sedan (BA7), rok produkcji: 2007-2015<br \/>\nFord MONDEO IV Turnier (BA7), rok produkcji: 2007-2015<br \/>\nFord MONDEO IV Van, rok produkcji: 2007-2015<br \/>\nFord MONDEO V sedan (CD), modele produkowane od roku 2012<br \/>\nFord S-MAX (WA6), rok produkcji: 2006-2014<br \/>\nFord TOURNEO CONNECT \/ GRAND TOURNEO CONNECT V408 nadwozie wielko, modele produkowane od roku 2013<br \/>\nFord TRANSIT CONNECT nadwozie wielkoprzestrzenne (MPV), modele produkowane od roku 2013<br \/>\nFord TRANSIT CONNECT V408 Nadwozie pe\u0142ne\/minivan, modele produkowane od roku 2013<br \/>\nMAN TGE Platforma \/ podwozie (UZ_), modele produkowane od roku 2016<br \/>\nMAN TGE Skrzynia, modele produkowane od roku 2017<br \/>\nSeat ALHAMBRA (710, 711), modele produkowane od roku 2010<br \/>\nSeat ALTEA (5P1), modele produkowane od roku 2004<br \/>\nSeat ALTEA XL (5P5, 5P8), modele produkowane od roku 2006<br \/>\nSeat ATECA (KH7, KHP), modele produkowane od roku 2016<br \/>\nSeat EXEO (3R2), rok produkcji: 2008-2013<br \/>\nSeat EXEO ST (3R5), rok produkcji: 2009-2013<br \/>\nSeat IBIZA IV (6J5, 6P1), rok produkcji: 2008-2017<br \/>\nSeat IBIZA IV Nadwozie pe\u0142ne \/ liftback (6J1), rok produkcji: 2008-2015<br \/>\nSeat IBIZA IV SC (6J1, 6P5), rok produkcji: 2008-2018<br \/>\nSeat IBIZA IV ST (6J8, 6P8), rok produkcji: 2010-2016<br \/>\nSeat IBIZA V (KJ1, KJG), modele produkowane od roku 2017<br \/>\nSeat LEON (1P1), rok produkcji: 2005-2013<br \/>\nSeat LEON (5F1), rok produkcji: 2012-2021<br \/>\nSeat LEON Nadwozie pe\u0142ne \/ liftback (5F1), rok produkcji: 2012-2020<br \/>\nSeat LEON SC (5F5), rok produkcji: 2013-2018<br \/>\nSeat LEON ST (5F8), rok produkcji: 2012-2020<br \/>\nSeat LEON ST nadwozie zamkni\u0119te \/ kombi (5F8), rok produkcji: 2013-2020<br \/>\nSeat Mii (KF1, KE1), modele produkowane od roku 2011<br \/>\nSeat TOLEDO III (5P2), rok produkcji: 2004-2009<br \/>\nSeat TOLEDO IV (KG3), rok produkcji: 2012-2019<br \/>\nSkoda CITIGO (NF1), rok produkcji: 2011-2019<br \/>\nSkoda FABIA II (542), rok produkcji: 2006-2014<br \/>\nSkoda FABIA II Combi (545), rok produkcji: 2007-2014<br \/>\nSkoda FABIA III (NJ3), modele produkowane od roku 2014<br \/>\nSkoda FABIA III Kombi (NJ5), modele produkowane od roku 2014<br \/>\nSkoda KODIAQ (NS7, NV7, NS6), modele produkowane od roku 2016<br \/>\nSkoda OCTAVIA II (1Z3), rok produkcji: 2004-2013<br \/>\nSkoda OCTAVIA II Combi (1Z5), rok produkcji: 2004-2013<br \/>\nSkoda OCTAVIA III (5E3, NL3, NR3), rok produkcji: 2012-2021<br \/>\nSkoda OCTAVIA III Combi (5E5, 5E6), rok produkcji: 2012-2020<br \/>\nSkoda RAPID (NH3, NK3, NK6), modele produkowane od roku 2012<br \/>\nSkoda RAPID Spaceback (NH1), rok produkcji: 2012-2019<br \/>\nSkoda ROOMSTER (5J7), rok produkcji: 2006-2015<br \/>\nSkoda ROOMSTER Praktik (5J), rok produkcji: 2007-2015<br \/>\nSkoda SUPERB II (3T4), rok produkcji: 2008-2015<br \/>\nSkoda SUPERB II Kombi (3T5), rok produkcji: 2009-2015<br \/>\nSkoda SUPERB III (3V3), modele produkowane od roku 2015<br \/>\nSkoda SUPERB III Kombi (3V5), modele produkowane od roku 2015<br \/>\nSkoda YETI (5L), rok produkcji: 2009-2017<br \/>\nVolkswagen AMAROK (2HA, 2HB, S1B, S6B, S7A, S7B), modele produkowane od roku 2010<br \/>\nVolkswagen AMAROK Platforma \/ podwozie (S1B, S6B, S7B), modele produkowane od roku 2011<br \/>\nVolkswagen ARTEON (3H7, 3H8), modele produkowane od roku 2017<br \/>\nVolkswagen BEETLE (5C1, 5C2), rok produkcji: 2011-2019<br \/>\nVolkswagen BEETLE kabriolet (5C7, 5C8), rok produkcji: 2011-2019<br \/>\nVolkswagen CADDY ALLTRACK Nadwozie pe\u0142ne\/minivan (SAA), modele produkowane od roku 2015<br \/>\nVolkswagen CADDY ALLTRACK nadwozie wielkoprzestrzenne (MPV) (SAB), modele produkowane od roku 2015<br \/>\nVolkswagen CADDY III Nadwozie pe\u0142ne\/minivan (2KA, 2KH, 2CA, 2CH), rok produkcji: 2004-2015<br \/>\nVolkswagen CADDY III nadwozie wielkoprzestrzenne (MPV) (2KB, 2KJ, 2CB,, rok produkcji: 2004-2015<br \/>\nVolkswagen CADDY IV Nadwozie pe\u0142ne\/minivan (SAA, SAH), modele produkowane od roku 2015<br \/>\nVolkswagen CADDY IV nadwozie wielkoprzestrzenne (MPV) (SAB, SAJ), modele produkowane od roku 2015<br \/>\nVolkswagen CC B7 (358), rok produkcji: 2011-2016<br \/>\nVolkswagen CRAFTER 30-35 Autobus (2E_), rok produkcji: 2006-2016<br \/>\nVolkswagen CRAFTER 30-50 Platforma \/ podwozie (2F_), rok produkcji: 2006-2016<br \/>\nVolkswagen CRAFTER 30-50 Skrzynia (2E_), rok produkcji: 2006-2016<br \/>\nVolkswagen CRAFTER Autobus (SYI, SYJ), modele produkowane od roku 2016<br \/>\nVolkswagen CRAFTER Platforma \/ podwozie (SZ_), modele produkowane od roku 2016<br \/>\nVolkswagen CRAFTER Skrzynia (SY_, SX_), modele produkowane od roku 2016<br \/>\nVolkswagen EOS (1F7, 1F8), rok produkcji: 2006-2015<br \/>\nVolkswagen FOX liftback (5Z1, 5Z3, 5Z4), rok produkcji: 2003-2015<br \/>\nVolkswagen GOLF ALLTRACK VII Variant (BA5, BV5), modele produkowane od roku 2014<br \/>\nVolkswagen GOLF PLUS V (5M1, 521), rok produkcji: 2004-2013<br \/>\nVolkswagen GOLF PLUS Van (521), rok produkcji: 2009-2014<br \/>\nVolkswagen GOLF SPORTSVAN VII (AM1, AN1), modele produkowane od roku 2014<br \/>\nVolkswagen GOLF VAN VI Variant (AJ5), rok produkcji: 2009-2014<br \/>\nVolkswagen GOLF VAN VII Variant (BA5), rok produkcji: 2013-2017<br \/>\nVolkswagen GOLF VI (5K1), rok produkcji: 2008-2014<br \/>\nVolkswagen GOLF VI kabriolet (517), rok produkcji: 2011-2016<br \/>\nVolkswagen GOLF VI Van (5K1_), rok produkcji: 2008-2012<br \/>\nVolkswagen GOLF VI Variant (AJ5), rok produkcji: 2009-2014<br \/>\nVolkswagen GOLF VII (5G1, BQ1, BE1, BE2), modele produkowane od roku 2012<br \/>\nVolkswagen GOLF VII Van (5G1), modele produkowane od roku 2012<br \/>\nVolkswagen GOLF VII Variant (BA5, BV5), modele produkowane od roku 2013<br \/>\nVolkswagen JETTA IV (162, 163, AV3, AV2), modele produkowane od roku 2008<br \/>\nVolkswagen LOAD UP (121, 122, BL1, BL2), modele produkowane od roku 2014<br \/>\nVolkswagen MULTIVAN V (7HM, 7HN, 7HF, 7EF, 7EM, 7EN), rok produkcji: 2003-2015<br \/>\nVolkswagen MULTIVAN VI (SGF, SGM, SGN, SHM, SHN), modele produkowane od roku 2015<br \/>\nVolkswagen PASSAT ALLTRACK B7 (365), rok produkcji: 2012-2014<br \/>\nVolkswagen PASSAT ALLTRACK B8 Variant (3G5, CB5), modele produkowane od roku 2015<br \/>\nVolkswagen PASSAT B6 (3C2), rok produkcji: 2005-2010<br \/>\nVolkswagen PASSAT B6 Variant (3C5), rok produkcji: 2005-2011<br \/>\nVolkswagen PASSAT B7 (362), rok produkcji: 2010-2015<br \/>\nVolkswagen PASSAT B7 nadwozie zamkni\u0119te \/ kombi (365), rok produkcji: 2010-2014<br \/>\nVolkswagen PASSAT B7 Variant (365), rok produkcji: 2010-2015<br \/>\nVolkswagen PASSAT B8 (3G2, CB2), modele produkowane od roku 2014<br \/>\nVolkswagen PASSAT B8 Variant (3G5, CB5), modele produkowane od roku 2014<br \/>\nVolkswagen PASSAT CC B6 (357), rok produkcji: 2008-2012<br \/>\nVolkswagen PHAETON (3D1, 3D2, 3D3, 3D4, 3D6, 3D7, 3D8, 3D9), rok produkcji: 2002-2016<br \/>\nVolkswagen POLO V (6R1, 6C1), modele produkowane od roku 2009<br \/>\nVolkswagen POLO V sedan (602, 604, 612, 614), modele produkowane od roku 2009<br \/>\nVolkswagen POLO Van (6R), modele produkowane od roku 2009<br \/>\nVolkswagen SCIROCCO III (137, 138), rok produkcji: 2008-2017<br \/>\nVolkswagen SCIROCCO Van (137), rok produkcji: 2008-2014<br \/>\nVolkswagen SHARAN (7N1, 7N2), modele produkowane od roku 2010<br \/>\nVolkswagen TIGUAN (5N_) 200,7modele produkowane od roku -201<br \/>\nVolkswagen TIGUAN (AD1, AX1), modele produkowane od roku 2016<br \/>\nVolkswagen TOUAREG (7LA, 7L6, 7L7), rok produkcji: 2002-2013<br \/>\nVolkswagen TOUAREG (7P5, 7P6), rok produkcji: 2010-2018<br \/>\nVolkswagen TOURAN (1T1, 1T2), rok produkcji: 2003-2010<br \/>\nVolkswagen TOURAN (1T3), rok produkcji: 2010-2015<br \/>\nVolkswagen TOURAN (5T1), modele produkowane od roku 2015<br \/>\nVolkswagen TRANSPORTER V Autobus (7HB, 7HJ, 7EB, 7EJ), rok produkcji: 2003-2015<br \/>\nVolkswagen TRANSPORTER V Platforma \/ podwozie (7JD, 7JE, 7JL, 7JY, 7JZ,, rok produkcji: 2003-2015<br \/>\nVolkswagen TRANSPORTER V Box (7HA, 7HH, 7EA, 7EH), modeliai, pagaminti nuo 2003 m.<br \/>\nVolkswagen TRANSPORTER VI \/ CARAVELLE VI Autobusas (SGB, SGJ, SHB, SHJ), modeliai gaminami nuo 2015 m.<br \/>\nVolkswagen TRANSPORTER VI platforma\/va\u017eiuokl\u0117 (SFD, SFE, SFL, SFZ, SJD, modeliai pagaminti nuo 2015 m.)<br \/>\nVolkswagen TRANSPORTER VI komercinis (SGA, SGH, SHA, SHH), modeliai, pagaminti nuo 2015 m.<br \/>\n\u201eVolkswagen UP!\u201c (121, 122, BL1, BL2, BL3, 123), modeliai, pagaminti nuo 2011 m.<br \/>\n\u201eVolkswagen XL1\u201c (6Z!), modeliai, gaminami nuo 2014 m.<\/p>\n<p>Laid\u0173 su jungtimi skai\u010dius: 3<br \/>\nLaido ilgis: apie 15 cm<br \/>\nGamintojas: pakaitalas<br \/>\nTechnin\u0117 b\u016bkl\u0117: prek\u0117 yra visi\u0161kai nauja, nenaudota, nepa\u017eeista ir nesugadinta<br \/>\nPastaba: Tinka ir kitiems transporto priemoni\u0173 elektros komponentams.<\/p>\n","protected":false},"excerpt":{"rendered":"<p>1. Prek\u0117: Laid\u0173 jungtis su 3 kontakt\u0173 parkavimo jutiklio ki\u0161tuku2. Gamintojas: pakeitimas3. Automobilis:* Audi* Fordas* VYRAS* S\u0117dyn\u0117* \u0160koda* VW<\/p>\n","protected":false},"featured_media":50964,"comment_status":"open","ping_status":"closed","template":"","meta":[],"product_brand":[],"product_cat":[144],"product_tag":[],"class_list":{"0":"post-56620","1":"product","2":"type-product","3":"status-publish","4":"has-post-thumbnail","6":"product_cat-audi","8":"first","9":"instock","10":"shipping-taxable","11":"purchasable","12":"product-type-simple"},"yoast_head":"<!-- This site is optimized with the Yoast SEO Premium plugin v25.2 (Yoast SEO v27.4) - https:\/\/yoast.com\/product\/yoast-seo-premium-wordpress\/ -->\n<title>\u201eAudi, Ford, MAN, Seat, Skoda, VW\u201c laid\u0173 pyn\u0117 su PDC 3 kontakt\u0173 ki\u0161tuku - Erformance.eu<\/title>\n<meta name=\"robots\" content=\"index, follow, max-snippet:-1, max-image-preview:large, max-video-preview:-1\" \/>\n<link rel=\"canonical\" href=\"https:\/\/erformance.eu\/et\/toode\/audi-ford-man-seat-skoda-vw-laidu-pyne-su-pdc-3-kontaktu-kistuku\/\" \/>\n<meta property=\"og:locale\" content=\"et_EE\" \/>\n<meta property=\"og:type\" content=\"article\" \/>\n<meta property=\"og:title\" content=\"\u201eAudi, Ford, MAN, Seat, Skoda, VW\u201c laid\u0173 pyn\u0117 su PDC 3 kontakt\u0173 ki\u0161tuku\" \/>\n<meta property=\"og:description\" content=\"1. Prek\u0117: Laid\u0173 jungtis su 3 kontakt\u0173 parkavimo jutiklio ki\u0161tuku2. Gamintojas: pakeitimas3. Automobilis:* Audi* Fordas* VYRAS* S\u0117dyn\u0117* \u0160koda* VW\" \/>\n<meta property=\"og:url\" content=\"https:\/\/erformance.eu\/et\/toode\/audi-ford-man-seat-skoda-vw-laidu-pyne-su-pdc-3-kontaktu-kistuku\/\" \/>\n<meta property=\"og:site_name\" content=\"Erformance.eu\" \/>\n<meta name=\"twitter:card\" content=\"summary_large_image\" \/>\n<meta name=\"twitter:label1\" content=\"Est. reading time\" \/>\n\t<meta name=\"twitter:data1\" content=\"8 minutit\" \/>\n<script type=\"application\/ld+json\" class=\"yoast-schema-graph\">{\"@context\":\"https:\\\/\\\/schema.org\",\"@graph\":[{\"@type\":\"WebPage\",\"@id\":\"https:\\\/\\\/erformance.eu\\\/et\\\/toode\\\/audi-ford-man-seat-skoda-vw-laidu-pyne-su-pdc-3-kontaktu-kistuku\\\/\",\"url\":\"https:\\\/\\\/erformance.eu\\\/et\\\/toode\\\/audi-ford-man-seat-skoda-vw-laidu-pyne-su-pdc-3-kontaktu-kistuku\\\/\",\"name\":\"\u201eAudi, Ford, MAN, Seat, Skoda, VW\u201c laid\u0173 pyn\u0117 su PDC 3 kontakt\u0173 ki\u0161tuku - Erformance.eu\",\"isPartOf\":{\"@id\":\"https:\\\/\\\/erformance.eu\\\/et\\\/#website\"},\"primaryImageOfPage\":{\"@id\":\"https:\\\/\\\/erformance.eu\\\/et\\\/toode\\\/audi-ford-man-seat-skoda-vw-laidu-pyne-su-pdc-3-kontaktu-kistuku\\\/#primaryimage\"},\"image\":{\"@id\":\"https:\\\/\\\/erformance.eu\\\/et\\\/toode\\\/audi-ford-man-seat-skoda-vw-laidu-pyne-su-pdc-3-kontaktu-kistuku\\\/#primaryimage\"},\"thumbnailUrl\":\"https:\\\/\\\/erformance.eu\\\/wp-content\\\/uploads\\\/2026\\\/02\\\/pol_pm_Audi-Ford-MAN-Seat-Skoda-VW-wiazka-przewodow-z-wtyczka-do-PDC-3-PIN-34538_1.jpg\",\"datePublished\":\"2026-02-16T11:19:54+00:00\",\"breadcrumb\":{\"@id\":\"https:\\\/\\\/erformance.eu\\\/et\\\/toode\\\/audi-ford-man-seat-skoda-vw-laidu-pyne-su-pdc-3-kontaktu-kistuku\\\/#breadcrumb\"},\"inLanguage\":\"et\",\"potentialAction\":[{\"@type\":\"ReadAction\",\"target\":[\"https:\\\/\\\/erformance.eu\\\/et\\\/toode\\\/audi-ford-man-seat-skoda-vw-laidu-pyne-su-pdc-3-kontaktu-kistuku\\\/\"]}]},{\"@type\":\"ImageObject\",\"inLanguage\":\"et\",\"@id\":\"https:\\\/\\\/erformance.eu\\\/et\\\/toode\\\/audi-ford-man-seat-skoda-vw-laidu-pyne-su-pdc-3-kontaktu-kistuku\\\/#primaryimage\",\"url\":\"https:\\\/\\\/erformance.eu\\\/wp-content\\\/uploads\\\/2026\\\/02\\\/pol_pm_Audi-Ford-MAN-Seat-Skoda-VW-wiazka-przewodow-z-wtyczka-do-PDC-3-PIN-34538_1.jpg\",\"contentUrl\":\"https:\\\/\\\/erformance.eu\\\/wp-content\\\/uploads\\\/2026\\\/02\\\/pol_pm_Audi-Ford-MAN-Seat-Skoda-VW-wiazka-przewodow-z-wtyczka-do-PDC-3-PIN-34538_1.jpg\",\"width\":1200,\"height\":1200},{\"@type\":\"BreadcrumbList\",\"@id\":\"https:\\\/\\\/erformance.eu\\\/et\\\/toode\\\/audi-ford-man-seat-skoda-vw-laidu-pyne-su-pdc-3-kontaktu-kistuku\\\/#breadcrumb\",\"itemListElement\":[{\"@type\":\"ListItem\",\"position\":1,\"name\":\"Home\",\"item\":\"https:\\\/\\\/erformance.eu\\\/et\\\/\"},{\"@type\":\"ListItem\",\"position\":2,\"name\":\"Pood\",\"item\":\"https:\\\/\\\/erformance.eu\\\/et\\\/pood\\\/\"},{\"@type\":\"ListItem\",\"position\":3,\"name\":\"\u201eAudi, Ford, MAN, Seat, Skoda, VW\u201c laid\u0173 pyn\u0117 su PDC 3 kontakt\u0173 ki\u0161tuku\"}]},{\"@type\":\"WebSite\",\"@id\":\"https:\\\/\\\/erformance.eu\\\/et\\\/#website\",\"url\":\"https:\\\/\\\/erformance.eu\\\/et\\\/\",\"name\":\"Erformance.eu\",\"description\":\"Automobili\u0173 dali\u0173 parduotuv\u0117\",\"potentialAction\":[{\"@type\":\"SearchAction\",\"target\":{\"@type\":\"EntryPoint\",\"urlTemplate\":\"https:\\\/\\\/erformance.eu\\\/et\\\/?s={search_term_string}\"},\"query-input\":{\"@type\":\"PropertyValueSpecification\",\"valueRequired\":true,\"valueName\":\"search_term_string\"}}],\"inLanguage\":\"et\"}]}<\/script>\n<!-- \/ Yoast SEO Premium plugin. -->","yoast_head_json":{"title":"\u201eAudi, Ford, MAN, Seat, Skoda, VW\u201c laid\u0173 pyn\u0117 su PDC 3 kontakt\u0173 ki\u0161tuku - Erformance.eu","robots":{"index":"index","follow":"follow","max-snippet":"max-snippet:-1","max-image-preview":"max-image-preview:large","max-video-preview":"max-video-preview:-1"},"canonical":"https:\/\/erformance.eu\/et\/toode\/audi-ford-man-seat-skoda-vw-laidu-pyne-su-pdc-3-kontaktu-kistuku\/","og_locale":"et_EE","og_type":"article","og_title":"\u201eAudi, Ford, MAN, Seat, Skoda, VW\u201c laid\u0173 pyn\u0117 su PDC 3 kontakt\u0173 ki\u0161tuku","og_description":"1. Prek\u0117: Laid\u0173 jungtis su 3 kontakt\u0173 parkavimo jutiklio ki\u0161tuku2. Gamintojas: pakeitimas3. Automobilis:* Audi* Fordas* VYRAS* S\u0117dyn\u0117* \u0160koda* VW","og_url":"https:\/\/erformance.eu\/et\/toode\/audi-ford-man-seat-skoda-vw-laidu-pyne-su-pdc-3-kontaktu-kistuku\/","og_site_name":"Erformance.eu","twitter_card":"summary_large_image","twitter_misc":{"Est. reading time":"8 minutit"},"schema":{"@context":"https:\/\/schema.org","@graph":[{"@type":"WebPage","@id":"https:\/\/erformance.eu\/et\/toode\/audi-ford-man-seat-skoda-vw-laidu-pyne-su-pdc-3-kontaktu-kistuku\/","url":"https:\/\/erformance.eu\/et\/toode\/audi-ford-man-seat-skoda-vw-laidu-pyne-su-pdc-3-kontaktu-kistuku\/","name":"\u201eAudi, Ford, MAN, Seat, Skoda, VW\u201c laid\u0173 pyn\u0117 su PDC 3 kontakt\u0173 ki\u0161tuku - Erformance.eu","isPartOf":{"@id":"https:\/\/erformance.eu\/et\/#website"},"primaryImageOfPage":{"@id":"https:\/\/erformance.eu\/et\/toode\/audi-ford-man-seat-skoda-vw-laidu-pyne-su-pdc-3-kontaktu-kistuku\/#primaryimage"},"image":{"@id":"https:\/\/erformance.eu\/et\/toode\/audi-ford-man-seat-skoda-vw-laidu-pyne-su-pdc-3-kontaktu-kistuku\/#primaryimage"},"thumbnailUrl":"https:\/\/erformance.eu\/wp-content\/uploads\/2026\/02\/pol_pm_Audi-Ford-MAN-Seat-Skoda-VW-wiazka-przewodow-z-wtyczka-do-PDC-3-PIN-34538_1.jpg","datePublished":"2026-02-16T11:19:54+00:00","breadcrumb":{"@id":"https:\/\/erformance.eu\/et\/toode\/audi-ford-man-seat-skoda-vw-laidu-pyne-su-pdc-3-kontaktu-kistuku\/#breadcrumb"},"inLanguage":"et","potentialAction":[{"@type":"ReadAction","target":["https:\/\/erformance.eu\/et\/toode\/audi-ford-man-seat-skoda-vw-laidu-pyne-su-pdc-3-kontaktu-kistuku\/"]}]},{"@type":"ImageObject","inLanguage":"et","@id":"https:\/\/erformance.eu\/et\/toode\/audi-ford-man-seat-skoda-vw-laidu-pyne-su-pdc-3-kontaktu-kistuku\/#primaryimage","url":"https:\/\/erformance.eu\/wp-content\/uploads\/2026\/02\/pol_pm_Audi-Ford-MAN-Seat-Skoda-VW-wiazka-przewodow-z-wtyczka-do-PDC-3-PIN-34538_1.jpg","contentUrl":"https:\/\/erformance.eu\/wp-content\/uploads\/2026\/02\/pol_pm_Audi-Ford-MAN-Seat-Skoda-VW-wiazka-przewodow-z-wtyczka-do-PDC-3-PIN-34538_1.jpg","width":1200,"height":1200},{"@type":"BreadcrumbList","@id":"https:\/\/erformance.eu\/et\/toode\/audi-ford-man-seat-skoda-vw-laidu-pyne-su-pdc-3-kontaktu-kistuku\/#breadcrumb","itemListElement":[{"@type":"ListItem","position":1,"name":"Home","item":"https:\/\/erformance.eu\/et\/"},{"@type":"ListItem","position":2,"name":"Pood","item":"https:\/\/erformance.eu\/et\/pood\/"},{"@type":"ListItem","position":3,"name":"\u201eAudi, Ford, MAN, Seat, Skoda, VW\u201c laid\u0173 pyn\u0117 su PDC 3 kontakt\u0173 ki\u0161tuku"}]},{"@type":"WebSite","@id":"https:\/\/erformance.eu\/et\/#website","url":"https:\/\/erformance.eu\/et\/","name":"Erformance.eu","description":"Automobili\u0173 dali\u0173 parduotuv\u0117","potentialAction":[{"@type":"SearchAction","target":{"@type":"EntryPoint","urlTemplate":"https:\/\/erformance.eu\/et\/?s={search_term_string}"},"query-input":{"@type":"PropertyValueSpecification","valueRequired":true,"valueName":"search_term_string"}}],"inLanguage":"et"}]}},"jetpack_sharing_enabled":true,"_links":{"self":[{"href":"https:\/\/erformance.eu\/et\/wp-json\/wp\/v2\/product\/56620","targetHints":{"allow":["GET"]}}],"collection":[{"href":"https:\/\/erformance.eu\/et\/wp-json\/wp\/v2\/product"}],"about":[{"href":"https:\/\/erformance.eu\/et\/wp-json\/wp\/v2\/types\/product"}],"replies":[{"embeddable":true,"href":"https:\/\/erformance.eu\/et\/wp-json\/wp\/v2\/comments?post=56620"}],"version-history":[{"count":1,"href":"https:\/\/erformance.eu\/et\/wp-json\/wp\/v2\/product\/56620\/revisions"}],"predecessor-version":[{"id":56621,"href":"https:\/\/erformance.eu\/et\/wp-json\/wp\/v2\/product\/56620\/revisions\/56621"}],"wp:featuredmedia":[{"embeddable":true,"href":"https:\/\/erformance.eu\/et\/wp-json\/wp\/v2\/media\/50964"}],"wp:attachment":[{"href":"https:\/\/erformance.eu\/et\/wp-json\/wp\/v2\/media?parent=56620"}],"wp:term":[{"taxonomy":"product_brand","embeddable":true,"href":"https:\/\/erformance.eu\/et\/wp-json\/wp\/v2\/product_brand?post=56620"},{"taxonomy":"product_cat","embeddable":true,"href":"https:\/\/erformance.eu\/et\/wp-json\/wp\/v2\/product_cat?post=56620"},{"taxonomy":"product_tag","embeddable":true,"href":"https:\/\/erformance.eu\/et\/wp-json\/wp\/v2\/product_tag?post=56620"}],"curies":[{"name":"wp","href":"https:\/\/api.w.org\/{rel}","templated":true}]}}