{"id":56652,"date":"2026-02-16T14:20:14","date_gmt":"2026-02-16T11:20:14","guid":{"rendered":"https:\/\/erformance.eu\/?post_type=product&#038;p=56652"},"modified":"2026-03-26T02:34:49","modified_gmt":"2026-03-25T23:34:49","slug":"audi-q7-4l-06-15-priekine-desine-valytuvo-svirtis-su-mechanizmu","status":"publish","type":"product","link":"https:\/\/erformance.eu\/et\/toode\/audi-q7-4l-06-15-priekine-desine-valytuvo-svirtis-su-mechanizmu\/","title":{"rendered":"Audi Q7 4L 06-15 Priekin\u0117 de\u0161in\u0117 valytuvo svirtis su mechanizmu"},"content":{"rendered":"<p>Prek\u0117: Priekin\u0117 valytuvo svirtis su mechanizmu<br \/>\nPus\u0117: De\u0161in\u0117 (keleivio pus\u0117)<br \/>\nOE numeris: 4L1955408B<br \/>\nPASTABA: auk\u0161\u010diau pateikti numeriai yra original\u016bs dali\u0173 numeriai, kuriuos \u0161is pasi\u016blymas pakei\u010dia. Prie\u0161 pirkdami, palyginkite juos su originaliu dalies numeriu. Jei jie skiriasi net vienu simboliu, dalis netiks, neveiks arba veiks netinkamai. Tokiu atveju jos nepirkite.<br \/>\nAutomobilis:<\/p>\n<p>Audi Q7 (4LB)<br \/>\nAudi Q7 furgonas (4LB)<\/p>\n<p>Pagaminimo metai: 2006\u20132015<br \/>\nGuolis: yra (mechanizmas stovi ant dviej\u0173 guoli\u0173)<br \/>\nVariklis: ne\u012ftrauktas<br \/>\nGamintojas: pakaitalas<br \/>\nTechnin\u0117 b\u016bkl\u0117: prek\u0117 yra visi\u0161kai nauja, nenaudota, nepa\u017eeista ir nesugadinta<\/p>\n","protected":false},"excerpt":{"rendered":"<p>1. Prek\u0117: Priekin\u0117 valytuvo svirtis su mechanizmu2. Pus\u0117: de\u0161in\u01173. Gamintojas: pakeitimas4. Automobilis: Audi Q7 4L5. Pagaminimo metai: 2006\u20132015<\/p>\n","protected":false},"featured_media":51128,"comment_status":"open","ping_status":"closed","template":"","meta":[],"product_brand":[],"product_cat":[3930,144,3970,4370,400],"product_tag":[],"class_list":{"0":"post-56652","1":"product","2":"type-product","3":"status-publish","4":"has-post-thumbnail","6":"product_cat-audi-q7-4l","7":"product_cat-audi","8":"product_cat-audi-q7-4l-isores-dalys","9":"product_cat-audi-q7-4l-mechanizmai-valytuvai","10":"product_cat-audi-q7","12":"first","13":"instock","14":"shipping-taxable","15":"purchasable","16":"product-type-simple"},"yoast_head":"<!-- This site is optimized with the Yoast SEO Premium plugin v25.2 (Yoast SEO v27.4) - https:\/\/yoast.com\/product\/yoast-seo-premium-wordpress\/ -->\n<title>Audi Q7 4L 06-15 Priekin\u0117 de\u0161in\u0117 valytuvo svirtis su mechanizmu - Erformance.eu<\/title>\n<meta name=\"robots\" content=\"index, follow, max-snippet:-1, max-image-preview:large, max-video-preview:-1\" \/>\n<link rel=\"canonical\" href=\"https:\/\/erformance.eu\/et\/toode\/audi-q7-4l-06-15-priekine-desine-valytuvo-svirtis-su-mechanizmu\/\" \/>\n<meta property=\"og:locale\" content=\"et_EE\" \/>\n<meta property=\"og:type\" content=\"article\" \/>\n<meta property=\"og:title\" content=\"Audi Q7 4L 06-15 Priekin\u0117 de\u0161in\u0117 valytuvo svirtis su mechanizmu\" \/>\n<meta property=\"og:description\" content=\"1. Prek\u0117: Priekin\u0117 valytuvo svirtis su mechanizmu2. Pus\u0117: de\u0161in\u01173. Gamintojas: pakeitimas4. Automobilis: Audi Q7 4L5. Pagaminimo metai: 2006\u20132015\" \/>\n<meta property=\"og:url\" content=\"https:\/\/erformance.eu\/et\/toode\/audi-q7-4l-06-15-priekine-desine-valytuvo-svirtis-su-mechanizmu\/\" \/>\n<meta property=\"og:site_name\" content=\"Erformance.eu\" \/>\n<meta property=\"article:modified_time\" content=\"2026-03-25T23:34:49+00:00\" \/>\n<meta property=\"og:image\" content=\"https:\/\/erformance.eu\/wp-content\/uploads\/2026\/02\/pol_pm_Audi-Q7-4L-06-15-ramie-wycieraczki-przedniej-z-mechanizmem-przod-prawy-24720_1.jpg\" \/>\n\t<meta property=\"og:image:width\" content=\"900\" \/>\n\t<meta property=\"og:image:height\" content=\"900\" \/>\n\t<meta property=\"og:image:type\" content=\"image\/jpeg\" \/>\n<meta name=\"twitter:card\" content=\"summary_large_image\" \/>\n<script type=\"application\/ld+json\" class=\"yoast-schema-graph\">{\"@context\":\"https:\\\/\\\/schema.org\",\"@graph\":[{\"@type\":\"WebPage\",\"@id\":\"https:\\\/\\\/erformance.eu\\\/et\\\/toode\\\/audi-q7-4l-06-15-priekine-desine-valytuvo-svirtis-su-mechanizmu\\\/\",\"url\":\"https:\\\/\\\/erformance.eu\\\/et\\\/toode\\\/audi-q7-4l-06-15-priekine-desine-valytuvo-svirtis-su-mechanizmu\\\/\",\"name\":\"Audi Q7 4L 06-15 Priekin\u0117 de\u0161in\u0117 valytuvo svirtis su mechanizmu - Erformance.eu\",\"isPartOf\":{\"@id\":\"https:\\\/\\\/erformance.eu\\\/et\\\/#website\"},\"primaryImageOfPage\":{\"@id\":\"https:\\\/\\\/erformance.eu\\\/et\\\/toode\\\/audi-q7-4l-06-15-priekine-desine-valytuvo-svirtis-su-mechanizmu\\\/#primaryimage\"},\"image\":{\"@id\":\"https:\\\/\\\/erformance.eu\\\/et\\\/toode\\\/audi-q7-4l-06-15-priekine-desine-valytuvo-svirtis-su-mechanizmu\\\/#primaryimage\"},\"thumbnailUrl\":\"https:\\\/\\\/erformance.eu\\\/wp-content\\\/uploads\\\/2026\\\/02\\\/pol_pm_Audi-Q7-4L-06-15-ramie-wycieraczki-przedniej-z-mechanizmem-przod-prawy-24720_1.jpg\",\"datePublished\":\"2026-02-16T11:20:14+00:00\",\"dateModified\":\"2026-03-25T23:34:49+00:00\",\"breadcrumb\":{\"@id\":\"https:\\\/\\\/erformance.eu\\\/et\\\/toode\\\/audi-q7-4l-06-15-priekine-desine-valytuvo-svirtis-su-mechanizmu\\\/#breadcrumb\"},\"inLanguage\":\"et\",\"potentialAction\":[{\"@type\":\"ReadAction\",\"target\":[\"https:\\\/\\\/erformance.eu\\\/et\\\/toode\\\/audi-q7-4l-06-15-priekine-desine-valytuvo-svirtis-su-mechanizmu\\\/\"]}]},{\"@type\":\"ImageObject\",\"inLanguage\":\"et\",\"@id\":\"https:\\\/\\\/erformance.eu\\\/et\\\/toode\\\/audi-q7-4l-06-15-priekine-desine-valytuvo-svirtis-su-mechanizmu\\\/#primaryimage\",\"url\":\"https:\\\/\\\/erformance.eu\\\/wp-content\\\/uploads\\\/2026\\\/02\\\/pol_pm_Audi-Q7-4L-06-15-ramie-wycieraczki-przedniej-z-mechanizmem-przod-prawy-24720_1.jpg\",\"contentUrl\":\"https:\\\/\\\/erformance.eu\\\/wp-content\\\/uploads\\\/2026\\\/02\\\/pol_pm_Audi-Q7-4L-06-15-ramie-wycieraczki-przedniej-z-mechanizmem-przod-prawy-24720_1.jpg\",\"width\":900,\"height\":900},{\"@type\":\"BreadcrumbList\",\"@id\":\"https:\\\/\\\/erformance.eu\\\/et\\\/toode\\\/audi-q7-4l-06-15-priekine-desine-valytuvo-svirtis-su-mechanizmu\\\/#breadcrumb\",\"itemListElement\":[{\"@type\":\"ListItem\",\"position\":1,\"name\":\"Home\",\"item\":\"https:\\\/\\\/erformance.eu\\\/et\\\/\"},{\"@type\":\"ListItem\",\"position\":2,\"name\":\"Pood\",\"item\":\"https:\\\/\\\/erformance.eu\\\/et\\\/pood\\\/\"},{\"@type\":\"ListItem\",\"position\":3,\"name\":\"Audi Q7 4L 06-15 Priekin\u0117 de\u0161in\u0117 valytuvo svirtis su mechanizmu\"}]},{\"@type\":\"WebSite\",\"@id\":\"https:\\\/\\\/erformance.eu\\\/et\\\/#website\",\"url\":\"https:\\\/\\\/erformance.eu\\\/et\\\/\",\"name\":\"Erformance.eu\",\"description\":\"Automobili\u0173 dali\u0173 parduotuv\u0117\",\"potentialAction\":[{\"@type\":\"SearchAction\",\"target\":{\"@type\":\"EntryPoint\",\"urlTemplate\":\"https:\\\/\\\/erformance.eu\\\/et\\\/?s={search_term_string}\"},\"query-input\":{\"@type\":\"PropertyValueSpecification\",\"valueRequired\":true,\"valueName\":\"search_term_string\"}}],\"inLanguage\":\"et\"}]}<\/script>\n<!-- \/ Yoast SEO Premium plugin. -->","yoast_head_json":{"title":"Audi Q7 4L 06-15 Priekin\u0117 de\u0161in\u0117 valytuvo svirtis su mechanizmu - Erformance.eu","robots":{"index":"index","follow":"follow","max-snippet":"max-snippet:-1","max-image-preview":"max-image-preview:large","max-video-preview":"max-video-preview:-1"},"canonical":"https:\/\/erformance.eu\/et\/toode\/audi-q7-4l-06-15-priekine-desine-valytuvo-svirtis-su-mechanizmu\/","og_locale":"et_EE","og_type":"article","og_title":"Audi Q7 4L 06-15 Priekin\u0117 de\u0161in\u0117 valytuvo svirtis su mechanizmu","og_description":"1. Prek\u0117: Priekin\u0117 valytuvo svirtis su mechanizmu2. Pus\u0117: de\u0161in\u01173. Gamintojas: pakeitimas4. Automobilis: Audi Q7 4L5. Pagaminimo metai: 2006\u20132015","og_url":"https:\/\/erformance.eu\/et\/toode\/audi-q7-4l-06-15-priekine-desine-valytuvo-svirtis-su-mechanizmu\/","og_site_name":"Erformance.eu","article_modified_time":"2026-03-25T23:34:49+00:00","og_image":[{"width":900,"height":900,"url":"https:\/\/erformance.eu\/wp-content\/uploads\/2026\/02\/pol_pm_Audi-Q7-4L-06-15-ramie-wycieraczki-przedniej-z-mechanizmem-przod-prawy-24720_1.jpg","type":"image\/jpeg"}],"twitter_card":"summary_large_image","schema":{"@context":"https:\/\/schema.org","@graph":[{"@type":"WebPage","@id":"https:\/\/erformance.eu\/et\/toode\/audi-q7-4l-06-15-priekine-desine-valytuvo-svirtis-su-mechanizmu\/","url":"https:\/\/erformance.eu\/et\/toode\/audi-q7-4l-06-15-priekine-desine-valytuvo-svirtis-su-mechanizmu\/","name":"Audi Q7 4L 06-15 Priekin\u0117 de\u0161in\u0117 valytuvo svirtis su mechanizmu - Erformance.eu","isPartOf":{"@id":"https:\/\/erformance.eu\/et\/#website"},"primaryImageOfPage":{"@id":"https:\/\/erformance.eu\/et\/toode\/audi-q7-4l-06-15-priekine-desine-valytuvo-svirtis-su-mechanizmu\/#primaryimage"},"image":{"@id":"https:\/\/erformance.eu\/et\/toode\/audi-q7-4l-06-15-priekine-desine-valytuvo-svirtis-su-mechanizmu\/#primaryimage"},"thumbnailUrl":"https:\/\/erformance.eu\/wp-content\/uploads\/2026\/02\/pol_pm_Audi-Q7-4L-06-15-ramie-wycieraczki-przedniej-z-mechanizmem-przod-prawy-24720_1.jpg","datePublished":"2026-02-16T11:20:14+00:00","dateModified":"2026-03-25T23:34:49+00:00","breadcrumb":{"@id":"https:\/\/erformance.eu\/et\/toode\/audi-q7-4l-06-15-priekine-desine-valytuvo-svirtis-su-mechanizmu\/#breadcrumb"},"inLanguage":"et","potentialAction":[{"@type":"ReadAction","target":["https:\/\/erformance.eu\/et\/toode\/audi-q7-4l-06-15-priekine-desine-valytuvo-svirtis-su-mechanizmu\/"]}]},{"@type":"ImageObject","inLanguage":"et","@id":"https:\/\/erformance.eu\/et\/toode\/audi-q7-4l-06-15-priekine-desine-valytuvo-svirtis-su-mechanizmu\/#primaryimage","url":"https:\/\/erformance.eu\/wp-content\/uploads\/2026\/02\/pol_pm_Audi-Q7-4L-06-15-ramie-wycieraczki-przedniej-z-mechanizmem-przod-prawy-24720_1.jpg","contentUrl":"https:\/\/erformance.eu\/wp-content\/uploads\/2026\/02\/pol_pm_Audi-Q7-4L-06-15-ramie-wycieraczki-przedniej-z-mechanizmem-przod-prawy-24720_1.jpg","width":900,"height":900},{"@type":"BreadcrumbList","@id":"https:\/\/erformance.eu\/et\/toode\/audi-q7-4l-06-15-priekine-desine-valytuvo-svirtis-su-mechanizmu\/#breadcrumb","itemListElement":[{"@type":"ListItem","position":1,"name":"Home","item":"https:\/\/erformance.eu\/et\/"},{"@type":"ListItem","position":2,"name":"Pood","item":"https:\/\/erformance.eu\/et\/pood\/"},{"@type":"ListItem","position":3,"name":"Audi Q7 4L 06-15 Priekin\u0117 de\u0161in\u0117 valytuvo svirtis su mechanizmu"}]},{"@type":"WebSite","@id":"https:\/\/erformance.eu\/et\/#website","url":"https:\/\/erformance.eu\/et\/","name":"Erformance.eu","description":"Automobili\u0173 dali\u0173 parduotuv\u0117","potentialAction":[{"@type":"SearchAction","target":{"@type":"EntryPoint","urlTemplate":"https:\/\/erformance.eu\/et\/?s={search_term_string}"},"query-input":{"@type":"PropertyValueSpecification","valueRequired":true,"valueName":"search_term_string"}}],"inLanguage":"et"}]}},"jetpack_sharing_enabled":true,"_links":{"self":[{"href":"https:\/\/erformance.eu\/et\/wp-json\/wp\/v2\/product\/56652","targetHints":{"allow":["GET"]}}],"collection":[{"href":"https:\/\/erformance.eu\/et\/wp-json\/wp\/v2\/product"}],"about":[{"href":"https:\/\/erformance.eu\/et\/wp-json\/wp\/v2\/types\/product"}],"replies":[{"embeddable":true,"href":"https:\/\/erformance.eu\/et\/wp-json\/wp\/v2\/comments?post=56652"}],"version-history":[{"count":1,"href":"https:\/\/erformance.eu\/et\/wp-json\/wp\/v2\/product\/56652\/revisions"}],"predecessor-version":[{"id":56653,"href":"https:\/\/erformance.eu\/et\/wp-json\/wp\/v2\/product\/56652\/revisions\/56653"}],"wp:featuredmedia":[{"embeddable":true,"href":"https:\/\/erformance.eu\/et\/wp-json\/wp\/v2\/media\/51128"}],"wp:attachment":[{"href":"https:\/\/erformance.eu\/et\/wp-json\/wp\/v2\/media?parent=56652"}],"wp:term":[{"taxonomy":"product_brand","embeddable":true,"href":"https:\/\/erformance.eu\/et\/wp-json\/wp\/v2\/product_brand?post=56652"},{"taxonomy":"product_cat","embeddable":true,"href":"https:\/\/erformance.eu\/et\/wp-json\/wp\/v2\/product_cat?post=56652"},{"taxonomy":"product_tag","embeddable":true,"href":"https:\/\/erformance.eu\/et\/wp-json\/wp\/v2\/product_tag?post=56652"}],"curies":[{"name":"wp","href":"https:\/\/api.w.org\/{rel}","templated":true}]}}