{"id":56662,"date":"2026-02-16T14:20:18","date_gmt":"2026-02-16T11:20:18","guid":{"rendered":"https:\/\/erformance.eu\/?post_type=product&#038;p=56662"},"modified":"2026-03-19T21:52:21","modified_gmt":"2026-03-19T18:52:21","slug":"audi-a5-2007-valytuvu-mechanizmas","status":"publish","type":"product","link":"https:\/\/erformance.eu\/et\/toode\/audi-a5-2007-valytuvu-mechanizmas\/","title":{"rendered":"Audi A5 2007- valytuv\u0173 mechanizmas"},"content":{"rendered":"<p>Tema: priekinio stiklo valytuv\u0173 mechanizmas<br \/>\nDalies numeris:<\/p>\n<p>1K1955601<br \/>\n1K1955601A<br \/>\n1K1955023D<br \/>\n1K1955023G<br \/>\n1K1955623A<br \/>\n5K1955601<br \/>\n5K1955601S1<br \/>\n37092<br \/>\n30937092<br \/>\n3397020884<\/p>\n<p>Automobilis:<\/p>\n<p>VW Golf V (1K1), modeliai, pagaminti nuo 2003 m.<br \/>\nVW Golf V Variant (1K5), modeliai, pagaminti nuo 2007 m.<br \/>\nVW Golf VI (5K1), modeliai, pagaminti nuo 2008 m.<br \/>\nVW Golf VI kabrioletas 9517), modeliai, pagaminti nuo 2011 m.<br \/>\nVW Golf VI Variant (AJ5), modeliai, pagaminti nuo 2009 m.<br \/>\nVW Jetta III (1K2), pagaminimo metai: 2005\u20132010<br \/>\nVW Scirocco (137), modeliai, pagaminti nuo 2008 m.<br \/>\nVW Eos (1F7, 1F8), modeliai, pagaminti nuo 2006 m.<br \/>\n\u201eAudi A5\u201c (8T3), modeliai, pagaminti nuo 2007 m.<br \/>\n\u201eAudi A5\u201c kabrioletas (8F7), modeliai, pagaminti nuo 2009 m.<br \/>\n\u201eAudi A5 Sportback\u201c (8TA), modeliai, pagaminti nuo 2009 m.<\/p>\n<p>Variklis: ne\u012ftrauktas<br \/>\nGamintojas: pakaitalas<br \/>\nTechnin\u0117 b\u016bkl\u0117: prek\u0117 yra visi\u0161kai nauja, nenaudota, nepa\u017eeista ir nesugadinta<\/p>\n","protected":false},"excerpt":{"rendered":"<p>1. Prek\u0117: Priekinio stiklo valytuvo mechanizmas2. Gamintojas: pakeitimas3. Automobilis:     * VW Golf V 2003-     * VW Golf VI 2008-     * VW Jetta III 05-10     * VW Scirocco 2008-     * VW Eos 2006-     * Audi A5 2007-<\/p>\n","protected":false},"featured_media":51160,"comment_status":"open","ping_status":"closed","template":"","meta":[],"product_brand":[],"product_cat":[391,144,3913,3953,4353],"product_tag":[],"class_list":{"0":"post-56662","1":"product","2":"type-product","3":"status-publish","4":"has-post-thumbnail","6":"product_cat-audi-a5","7":"product_cat-audi","8":"product_cat-audi-a5-b8-8t","9":"product_cat-audi-a5-b8-8t-isores-dalys","10":"product_cat-audi-a5-b8-8t-mechanizmai-valytuvai","12":"first","13":"instock","14":"shipping-taxable","15":"purchasable","16":"product-type-simple"},"yoast_head":"<!-- This site is optimized with the Yoast SEO Premium plugin v25.2 (Yoast SEO v27.4) - https:\/\/yoast.com\/product\/yoast-seo-premium-wordpress\/ -->\n<title>Audi A5 2007- valytuv\u0173 mechanizmas - Erformance.eu<\/title>\n<meta name=\"robots\" content=\"index, follow, max-snippet:-1, max-image-preview:large, max-video-preview:-1\" \/>\n<link rel=\"canonical\" href=\"https:\/\/erformance.eu\/et\/toode\/audi-a5-2007-valytuvu-mechanizmas\/\" \/>\n<meta property=\"og:locale\" content=\"et_EE\" \/>\n<meta property=\"og:type\" content=\"article\" \/>\n<meta property=\"og:title\" content=\"Audi A5 2007- valytuv\u0173 mechanizmas\" \/>\n<meta property=\"og:description\" content=\"1. Prek\u0117: Priekinio stiklo valytuvo mechanizmas2. Gamintojas: pakeitimas3. Automobilis:   * VW Golf V 2003-   * VW Golf VI 2008-   * VW Jetta III 05-10   * VW Scirocco 2008-   * VW Eos 2006-   * Audi A5 2007-\" \/>\n<meta property=\"og:url\" content=\"https:\/\/erformance.eu\/et\/toode\/audi-a5-2007-valytuvu-mechanizmas\/\" \/>\n<meta property=\"og:site_name\" content=\"Erformance.eu\" \/>\n<meta property=\"article:modified_time\" content=\"2026-03-19T18:52:21+00:00\" \/>\n<meta property=\"og:image\" content=\"https:\/\/erformance.eu\/wp-content\/uploads\/2026\/02\/pol_pm_Audi-A5-2007-mechanizm-wycieraczek-16285_1.jpg\" \/>\n\t<meta property=\"og:image:width\" content=\"1200\" \/>\n\t<meta property=\"og:image:height\" content=\"1200\" \/>\n\t<meta property=\"og:image:type\" content=\"image\/jpeg\" \/>\n<meta name=\"twitter:card\" content=\"summary_large_image\" \/>\n<meta name=\"twitter:label1\" content=\"Est. reading time\" \/>\n\t<meta name=\"twitter:data1\" content=\"1 minut\" \/>\n<script type=\"application\/ld+json\" class=\"yoast-schema-graph\">{\"@context\":\"https:\\\/\\\/schema.org\",\"@graph\":[{\"@type\":\"WebPage\",\"@id\":\"https:\\\/\\\/erformance.eu\\\/et\\\/toode\\\/audi-a5-2007-valytuvu-mechanizmas\\\/\",\"url\":\"https:\\\/\\\/erformance.eu\\\/et\\\/toode\\\/audi-a5-2007-valytuvu-mechanizmas\\\/\",\"name\":\"Audi A5 2007- valytuv\u0173 mechanizmas - Erformance.eu\",\"isPartOf\":{\"@id\":\"https:\\\/\\\/erformance.eu\\\/et\\\/#website\"},\"primaryImageOfPage\":{\"@id\":\"https:\\\/\\\/erformance.eu\\\/et\\\/toode\\\/audi-a5-2007-valytuvu-mechanizmas\\\/#primaryimage\"},\"image\":{\"@id\":\"https:\\\/\\\/erformance.eu\\\/et\\\/toode\\\/audi-a5-2007-valytuvu-mechanizmas\\\/#primaryimage\"},\"thumbnailUrl\":\"https:\\\/\\\/erformance.eu\\\/wp-content\\\/uploads\\\/2026\\\/02\\\/pol_pm_Audi-A5-2007-mechanizm-wycieraczek-16285_1.jpg\",\"datePublished\":\"2026-02-16T11:20:18+00:00\",\"dateModified\":\"2026-03-19T18:52:21+00:00\",\"breadcrumb\":{\"@id\":\"https:\\\/\\\/erformance.eu\\\/et\\\/toode\\\/audi-a5-2007-valytuvu-mechanizmas\\\/#breadcrumb\"},\"inLanguage\":\"et\",\"potentialAction\":[{\"@type\":\"ReadAction\",\"target\":[\"https:\\\/\\\/erformance.eu\\\/et\\\/toode\\\/audi-a5-2007-valytuvu-mechanizmas\\\/\"]}]},{\"@type\":\"ImageObject\",\"inLanguage\":\"et\",\"@id\":\"https:\\\/\\\/erformance.eu\\\/et\\\/toode\\\/audi-a5-2007-valytuvu-mechanizmas\\\/#primaryimage\",\"url\":\"https:\\\/\\\/erformance.eu\\\/wp-content\\\/uploads\\\/2026\\\/02\\\/pol_pm_Audi-A5-2007-mechanizm-wycieraczek-16285_1.jpg\",\"contentUrl\":\"https:\\\/\\\/erformance.eu\\\/wp-content\\\/uploads\\\/2026\\\/02\\\/pol_pm_Audi-A5-2007-mechanizm-wycieraczek-16285_1.jpg\",\"width\":1200,\"height\":1200},{\"@type\":\"BreadcrumbList\",\"@id\":\"https:\\\/\\\/erformance.eu\\\/et\\\/toode\\\/audi-a5-2007-valytuvu-mechanizmas\\\/#breadcrumb\",\"itemListElement\":[{\"@type\":\"ListItem\",\"position\":1,\"name\":\"Home\",\"item\":\"https:\\\/\\\/erformance.eu\\\/et\\\/\"},{\"@type\":\"ListItem\",\"position\":2,\"name\":\"Pood\",\"item\":\"https:\\\/\\\/erformance.eu\\\/et\\\/pood\\\/\"},{\"@type\":\"ListItem\",\"position\":3,\"name\":\"Audi A5 2007- valytuv\u0173 mechanizmas\"}]},{\"@type\":\"WebSite\",\"@id\":\"https:\\\/\\\/erformance.eu\\\/et\\\/#website\",\"url\":\"https:\\\/\\\/erformance.eu\\\/et\\\/\",\"name\":\"Erformance.eu\",\"description\":\"Automobili\u0173 dali\u0173 parduotuv\u0117\",\"potentialAction\":[{\"@type\":\"SearchAction\",\"target\":{\"@type\":\"EntryPoint\",\"urlTemplate\":\"https:\\\/\\\/erformance.eu\\\/et\\\/?s={search_term_string}\"},\"query-input\":{\"@type\":\"PropertyValueSpecification\",\"valueRequired\":true,\"valueName\":\"search_term_string\"}}],\"inLanguage\":\"et\"}]}<\/script>\n<!-- \/ Yoast SEO Premium plugin. -->","yoast_head_json":{"title":"Audi A5 2007- valytuv\u0173 mechanizmas - Erformance.eu","robots":{"index":"index","follow":"follow","max-snippet":"max-snippet:-1","max-image-preview":"max-image-preview:large","max-video-preview":"max-video-preview:-1"},"canonical":"https:\/\/erformance.eu\/et\/toode\/audi-a5-2007-valytuvu-mechanizmas\/","og_locale":"et_EE","og_type":"article","og_title":"Audi A5 2007- valytuv\u0173 mechanizmas","og_description":"1. Prek\u0117: Priekinio stiklo valytuvo mechanizmas2. Gamintojas: pakeitimas3. Automobilis:   * VW Golf V 2003-   * VW Golf VI 2008-   * VW Jetta III 05-10   * VW Scirocco 2008-   * VW Eos 2006-   * Audi A5 2007-","og_url":"https:\/\/erformance.eu\/et\/toode\/audi-a5-2007-valytuvu-mechanizmas\/","og_site_name":"Erformance.eu","article_modified_time":"2026-03-19T18:52:21+00:00","og_image":[{"width":1200,"height":1200,"url":"https:\/\/erformance.eu\/wp-content\/uploads\/2026\/02\/pol_pm_Audi-A5-2007-mechanizm-wycieraczek-16285_1.jpg","type":"image\/jpeg"}],"twitter_card":"summary_large_image","twitter_misc":{"Est. reading time":"1 minut"},"schema":{"@context":"https:\/\/schema.org","@graph":[{"@type":"WebPage","@id":"https:\/\/erformance.eu\/et\/toode\/audi-a5-2007-valytuvu-mechanizmas\/","url":"https:\/\/erformance.eu\/et\/toode\/audi-a5-2007-valytuvu-mechanizmas\/","name":"Audi A5 2007- valytuv\u0173 mechanizmas - Erformance.eu","isPartOf":{"@id":"https:\/\/erformance.eu\/et\/#website"},"primaryImageOfPage":{"@id":"https:\/\/erformance.eu\/et\/toode\/audi-a5-2007-valytuvu-mechanizmas\/#primaryimage"},"image":{"@id":"https:\/\/erformance.eu\/et\/toode\/audi-a5-2007-valytuvu-mechanizmas\/#primaryimage"},"thumbnailUrl":"https:\/\/erformance.eu\/wp-content\/uploads\/2026\/02\/pol_pm_Audi-A5-2007-mechanizm-wycieraczek-16285_1.jpg","datePublished":"2026-02-16T11:20:18+00:00","dateModified":"2026-03-19T18:52:21+00:00","breadcrumb":{"@id":"https:\/\/erformance.eu\/et\/toode\/audi-a5-2007-valytuvu-mechanizmas\/#breadcrumb"},"inLanguage":"et","potentialAction":[{"@type":"ReadAction","target":["https:\/\/erformance.eu\/et\/toode\/audi-a5-2007-valytuvu-mechanizmas\/"]}]},{"@type":"ImageObject","inLanguage":"et","@id":"https:\/\/erformance.eu\/et\/toode\/audi-a5-2007-valytuvu-mechanizmas\/#primaryimage","url":"https:\/\/erformance.eu\/wp-content\/uploads\/2026\/02\/pol_pm_Audi-A5-2007-mechanizm-wycieraczek-16285_1.jpg","contentUrl":"https:\/\/erformance.eu\/wp-content\/uploads\/2026\/02\/pol_pm_Audi-A5-2007-mechanizm-wycieraczek-16285_1.jpg","width":1200,"height":1200},{"@type":"BreadcrumbList","@id":"https:\/\/erformance.eu\/et\/toode\/audi-a5-2007-valytuvu-mechanizmas\/#breadcrumb","itemListElement":[{"@type":"ListItem","position":1,"name":"Home","item":"https:\/\/erformance.eu\/et\/"},{"@type":"ListItem","position":2,"name":"Pood","item":"https:\/\/erformance.eu\/et\/pood\/"},{"@type":"ListItem","position":3,"name":"Audi A5 2007- valytuv\u0173 mechanizmas"}]},{"@type":"WebSite","@id":"https:\/\/erformance.eu\/et\/#website","url":"https:\/\/erformance.eu\/et\/","name":"Erformance.eu","description":"Automobili\u0173 dali\u0173 parduotuv\u0117","potentialAction":[{"@type":"SearchAction","target":{"@type":"EntryPoint","urlTemplate":"https:\/\/erformance.eu\/et\/?s={search_term_string}"},"query-input":{"@type":"PropertyValueSpecification","valueRequired":true,"valueName":"search_term_string"}}],"inLanguage":"et"}]}},"jetpack_sharing_enabled":true,"_links":{"self":[{"href":"https:\/\/erformance.eu\/et\/wp-json\/wp\/v2\/product\/56662","targetHints":{"allow":["GET"]}}],"collection":[{"href":"https:\/\/erformance.eu\/et\/wp-json\/wp\/v2\/product"}],"about":[{"href":"https:\/\/erformance.eu\/et\/wp-json\/wp\/v2\/types\/product"}],"replies":[{"embeddable":true,"href":"https:\/\/erformance.eu\/et\/wp-json\/wp\/v2\/comments?post=56662"}],"version-history":[{"count":1,"href":"https:\/\/erformance.eu\/et\/wp-json\/wp\/v2\/product\/56662\/revisions"}],"predecessor-version":[{"id":56663,"href":"https:\/\/erformance.eu\/et\/wp-json\/wp\/v2\/product\/56662\/revisions\/56663"}],"wp:featuredmedia":[{"embeddable":true,"href":"https:\/\/erformance.eu\/et\/wp-json\/wp\/v2\/media\/51160"}],"wp:attachment":[{"href":"https:\/\/erformance.eu\/et\/wp-json\/wp\/v2\/media?parent=56662"}],"wp:term":[{"taxonomy":"product_brand","embeddable":true,"href":"https:\/\/erformance.eu\/et\/wp-json\/wp\/v2\/product_brand?post=56662"},{"taxonomy":"product_cat","embeddable":true,"href":"https:\/\/erformance.eu\/et\/wp-json\/wp\/v2\/product_cat?post=56662"},{"taxonomy":"product_tag","embeddable":true,"href":"https:\/\/erformance.eu\/et\/wp-json\/wp\/v2\/product_tag?post=56662"}],"curies":[{"name":"wp","href":"https:\/\/api.w.org\/{rel}","templated":true}]}}