{"id":56682,"date":"2026-02-16T14:20:30","date_gmt":"2026-02-16T11:20:30","guid":{"rendered":"https:\/\/erformance.eu\/?post_type=product&#038;p=56682"},"modified":"2026-03-26T01:17:26","modified_gmt":"2026-03-25T22:17:26","slug":"audi-q3-2011-sildomas-veidrodelio-ideklas-kaireje","status":"publish","type":"product","link":"https:\/\/erformance.eu\/et\/toode\/audi-q3-2011-sildomas-veidrodelio-ideklas-kaireje\/","title":{"rendered":"Audi Q3 2011- \u0160ildomas veidrod\u0117lio \u012fd\u0117klas kair\u0117je"},"content":{"rendered":"","protected":false},"excerpt":{"rendered":"<p>1. Prek\u0117: i\u0161orinio veidrod\u0117lio \u012fd\u0117klas2. Pus\u0117: kair\u01173. Gamintojas: pakeitimas4. Automobilis:* Audi A3 8P 03\u201313* Audi A4 B8 07-15* Audi A5 8T 07-17* Audi A6 C6 04\u201311* Audi A8 4E 02-10* Audi Q3 2011-* \u0160koda Octavia II 2004\u20132013 m.* \u201eSkoda Superb II\u201c nuo 2008 m.<\/p>\n","protected":false},"featured_media":51246,"comment_status":"open","ping_status":"closed","template":"","meta":[],"product_brand":[],"product_cat":[3927,144,3967,398,4328],"product_tag":[],"class_list":{"0":"post-56682","1":"product","2":"type-product","3":"status-publish","4":"has-post-thumbnail","6":"product_cat-audi-q3-8u","7":"product_cat-audi","8":"product_cat-audi-q3-8u-isores-dalys","9":"product_cat-audi-q3","10":"product_cat-audi-q3-8u-veidrodeliai","12":"first","13":"instock","14":"shipping-taxable","15":"purchasable","16":"product-type-simple"},"yoast_head":"<!-- This site is optimized with the Yoast SEO Premium plugin v25.2 (Yoast SEO v27.4) - https:\/\/yoast.com\/product\/yoast-seo-premium-wordpress\/ -->\n<title>Audi Q3 2011- \u0160ildomas veidrod\u0117lio \u012fd\u0117klas kair\u0117je - Erformance.eu<\/title>\n<meta name=\"robots\" content=\"index, follow, max-snippet:-1, max-image-preview:large, max-video-preview:-1\" \/>\n<link rel=\"canonical\" href=\"https:\/\/erformance.eu\/et\/toode\/audi-q3-2011-sildomas-veidrodelio-ideklas-kaireje\/\" \/>\n<meta property=\"og:locale\" content=\"et_EE\" \/>\n<meta property=\"og:type\" content=\"article\" \/>\n<meta property=\"og:title\" content=\"Audi Q3 2011- \u0160ildomas veidrod\u0117lio \u012fd\u0117klas kair\u0117je\" \/>\n<meta property=\"og:description\" content=\"1. Prek\u0117: i\u0161orinio veidrod\u0117lio \u012fd\u0117klas2. Pus\u0117: kair\u01173. Gamintojas: pakeitimas4. Automobilis:* Audi A3 8P 03\u201313* Audi A4 B8 07-15* Audi A5 8T 07-17* Audi A6 C6 04\u201311* Audi A8 4E 02-10* Audi Q3 2011-* \u0160koda Octavia II 2004\u20132013 m.* \u201eSkoda Superb II\u201c nuo 2008 m.\" \/>\n<meta property=\"og:url\" content=\"https:\/\/erformance.eu\/et\/toode\/audi-q3-2011-sildomas-veidrodelio-ideklas-kaireje\/\" \/>\n<meta property=\"og:site_name\" content=\"Erformance.eu\" \/>\n<meta property=\"article:modified_time\" content=\"2026-03-25T22:17:26+00:00\" \/>\n<meta property=\"og:image\" content=\"https:\/\/erformance.eu\/wp-content\/uploads\/2026\/02\/pol_pm_Audi-Q3-2011-wklad-lusterka-OGRZEWANY-lewy-23573_1.jpg\" \/>\n\t<meta property=\"og:image:width\" content=\"1200\" \/>\n\t<meta property=\"og:image:height\" content=\"1200\" \/>\n\t<meta property=\"og:image:type\" content=\"image\/jpeg\" \/>\n<meta name=\"twitter:card\" content=\"summary_large_image\" \/>\n<script type=\"application\/ld+json\" class=\"yoast-schema-graph\">{\"@context\":\"https:\\\/\\\/schema.org\",\"@graph\":[{\"@type\":\"WebPage\",\"@id\":\"https:\\\/\\\/erformance.eu\\\/et\\\/toode\\\/audi-q3-2011-sildomas-veidrodelio-ideklas-kaireje\\\/\",\"url\":\"https:\\\/\\\/erformance.eu\\\/et\\\/toode\\\/audi-q3-2011-sildomas-veidrodelio-ideklas-kaireje\\\/\",\"name\":\"Audi Q3 2011- \u0160ildomas veidrod\u0117lio \u012fd\u0117klas kair\u0117je - Erformance.eu\",\"isPartOf\":{\"@id\":\"https:\\\/\\\/erformance.eu\\\/et\\\/#website\"},\"primaryImageOfPage\":{\"@id\":\"https:\\\/\\\/erformance.eu\\\/et\\\/toode\\\/audi-q3-2011-sildomas-veidrodelio-ideklas-kaireje\\\/#primaryimage\"},\"image\":{\"@id\":\"https:\\\/\\\/erformance.eu\\\/et\\\/toode\\\/audi-q3-2011-sildomas-veidrodelio-ideklas-kaireje\\\/#primaryimage\"},\"thumbnailUrl\":\"https:\\\/\\\/erformance.eu\\\/wp-content\\\/uploads\\\/2026\\\/02\\\/pol_pm_Audi-Q3-2011-wklad-lusterka-OGRZEWANY-lewy-23573_1.jpg\",\"datePublished\":\"2026-02-16T11:20:30+00:00\",\"dateModified\":\"2026-03-25T22:17:26+00:00\",\"breadcrumb\":{\"@id\":\"https:\\\/\\\/erformance.eu\\\/et\\\/toode\\\/audi-q3-2011-sildomas-veidrodelio-ideklas-kaireje\\\/#breadcrumb\"},\"inLanguage\":\"et\",\"potentialAction\":[{\"@type\":\"ReadAction\",\"target\":[\"https:\\\/\\\/erformance.eu\\\/et\\\/toode\\\/audi-q3-2011-sildomas-veidrodelio-ideklas-kaireje\\\/\"]}]},{\"@type\":\"ImageObject\",\"inLanguage\":\"et\",\"@id\":\"https:\\\/\\\/erformance.eu\\\/et\\\/toode\\\/audi-q3-2011-sildomas-veidrodelio-ideklas-kaireje\\\/#primaryimage\",\"url\":\"https:\\\/\\\/erformance.eu\\\/wp-content\\\/uploads\\\/2026\\\/02\\\/pol_pm_Audi-Q3-2011-wklad-lusterka-OGRZEWANY-lewy-23573_1.jpg\",\"contentUrl\":\"https:\\\/\\\/erformance.eu\\\/wp-content\\\/uploads\\\/2026\\\/02\\\/pol_pm_Audi-Q3-2011-wklad-lusterka-OGRZEWANY-lewy-23573_1.jpg\",\"width\":1200,\"height\":1200},{\"@type\":\"BreadcrumbList\",\"@id\":\"https:\\\/\\\/erformance.eu\\\/et\\\/toode\\\/audi-q3-2011-sildomas-veidrodelio-ideklas-kaireje\\\/#breadcrumb\",\"itemListElement\":[{\"@type\":\"ListItem\",\"position\":1,\"name\":\"Home\",\"item\":\"https:\\\/\\\/erformance.eu\\\/et\\\/\"},{\"@type\":\"ListItem\",\"position\":2,\"name\":\"Pood\",\"item\":\"https:\\\/\\\/erformance.eu\\\/et\\\/pood\\\/\"},{\"@type\":\"ListItem\",\"position\":3,\"name\":\"Audi Q3 2011- \u0160ildomas veidrod\u0117lio \u012fd\u0117klas kair\u0117je\"}]},{\"@type\":\"WebSite\",\"@id\":\"https:\\\/\\\/erformance.eu\\\/et\\\/#website\",\"url\":\"https:\\\/\\\/erformance.eu\\\/et\\\/\",\"name\":\"Erformance.eu\",\"description\":\"Automobili\u0173 dali\u0173 parduotuv\u0117\",\"potentialAction\":[{\"@type\":\"SearchAction\",\"target\":{\"@type\":\"EntryPoint\",\"urlTemplate\":\"https:\\\/\\\/erformance.eu\\\/et\\\/?s={search_term_string}\"},\"query-input\":{\"@type\":\"PropertyValueSpecification\",\"valueRequired\":true,\"valueName\":\"search_term_string\"}}],\"inLanguage\":\"et\"}]}<\/script>\n<!-- \/ Yoast SEO Premium plugin. -->","yoast_head_json":{"title":"Audi Q3 2011- \u0160ildomas veidrod\u0117lio \u012fd\u0117klas kair\u0117je - Erformance.eu","robots":{"index":"index","follow":"follow","max-snippet":"max-snippet:-1","max-image-preview":"max-image-preview:large","max-video-preview":"max-video-preview:-1"},"canonical":"https:\/\/erformance.eu\/et\/toode\/audi-q3-2011-sildomas-veidrodelio-ideklas-kaireje\/","og_locale":"et_EE","og_type":"article","og_title":"Audi Q3 2011- \u0160ildomas veidrod\u0117lio \u012fd\u0117klas kair\u0117je","og_description":"1. Prek\u0117: i\u0161orinio veidrod\u0117lio \u012fd\u0117klas2. Pus\u0117: kair\u01173. Gamintojas: pakeitimas4. Automobilis:* Audi A3 8P 03\u201313* Audi A4 B8 07-15* Audi A5 8T 07-17* Audi A6 C6 04\u201311* Audi A8 4E 02-10* Audi Q3 2011-* \u0160koda Octavia II 2004\u20132013 m.* \u201eSkoda Superb II\u201c nuo 2008 m.","og_url":"https:\/\/erformance.eu\/et\/toode\/audi-q3-2011-sildomas-veidrodelio-ideklas-kaireje\/","og_site_name":"Erformance.eu","article_modified_time":"2026-03-25T22:17:26+00:00","og_image":[{"width":1200,"height":1200,"url":"https:\/\/erformance.eu\/wp-content\/uploads\/2026\/02\/pol_pm_Audi-Q3-2011-wklad-lusterka-OGRZEWANY-lewy-23573_1.jpg","type":"image\/jpeg"}],"twitter_card":"summary_large_image","schema":{"@context":"https:\/\/schema.org","@graph":[{"@type":"WebPage","@id":"https:\/\/erformance.eu\/et\/toode\/audi-q3-2011-sildomas-veidrodelio-ideklas-kaireje\/","url":"https:\/\/erformance.eu\/et\/toode\/audi-q3-2011-sildomas-veidrodelio-ideklas-kaireje\/","name":"Audi Q3 2011- \u0160ildomas veidrod\u0117lio \u012fd\u0117klas kair\u0117je - Erformance.eu","isPartOf":{"@id":"https:\/\/erformance.eu\/et\/#website"},"primaryImageOfPage":{"@id":"https:\/\/erformance.eu\/et\/toode\/audi-q3-2011-sildomas-veidrodelio-ideklas-kaireje\/#primaryimage"},"image":{"@id":"https:\/\/erformance.eu\/et\/toode\/audi-q3-2011-sildomas-veidrodelio-ideklas-kaireje\/#primaryimage"},"thumbnailUrl":"https:\/\/erformance.eu\/wp-content\/uploads\/2026\/02\/pol_pm_Audi-Q3-2011-wklad-lusterka-OGRZEWANY-lewy-23573_1.jpg","datePublished":"2026-02-16T11:20:30+00:00","dateModified":"2026-03-25T22:17:26+00:00","breadcrumb":{"@id":"https:\/\/erformance.eu\/et\/toode\/audi-q3-2011-sildomas-veidrodelio-ideklas-kaireje\/#breadcrumb"},"inLanguage":"et","potentialAction":[{"@type":"ReadAction","target":["https:\/\/erformance.eu\/et\/toode\/audi-q3-2011-sildomas-veidrodelio-ideklas-kaireje\/"]}]},{"@type":"ImageObject","inLanguage":"et","@id":"https:\/\/erformance.eu\/et\/toode\/audi-q3-2011-sildomas-veidrodelio-ideklas-kaireje\/#primaryimage","url":"https:\/\/erformance.eu\/wp-content\/uploads\/2026\/02\/pol_pm_Audi-Q3-2011-wklad-lusterka-OGRZEWANY-lewy-23573_1.jpg","contentUrl":"https:\/\/erformance.eu\/wp-content\/uploads\/2026\/02\/pol_pm_Audi-Q3-2011-wklad-lusterka-OGRZEWANY-lewy-23573_1.jpg","width":1200,"height":1200},{"@type":"BreadcrumbList","@id":"https:\/\/erformance.eu\/et\/toode\/audi-q3-2011-sildomas-veidrodelio-ideklas-kaireje\/#breadcrumb","itemListElement":[{"@type":"ListItem","position":1,"name":"Home","item":"https:\/\/erformance.eu\/et\/"},{"@type":"ListItem","position":2,"name":"Pood","item":"https:\/\/erformance.eu\/et\/pood\/"},{"@type":"ListItem","position":3,"name":"Audi Q3 2011- \u0160ildomas veidrod\u0117lio \u012fd\u0117klas kair\u0117je"}]},{"@type":"WebSite","@id":"https:\/\/erformance.eu\/et\/#website","url":"https:\/\/erformance.eu\/et\/","name":"Erformance.eu","description":"Automobili\u0173 dali\u0173 parduotuv\u0117","potentialAction":[{"@type":"SearchAction","target":{"@type":"EntryPoint","urlTemplate":"https:\/\/erformance.eu\/et\/?s={search_term_string}"},"query-input":{"@type":"PropertyValueSpecification","valueRequired":true,"valueName":"search_term_string"}}],"inLanguage":"et"}]}},"jetpack_sharing_enabled":true,"_links":{"self":[{"href":"https:\/\/erformance.eu\/et\/wp-json\/wp\/v2\/product\/56682","targetHints":{"allow":["GET"]}}],"collection":[{"href":"https:\/\/erformance.eu\/et\/wp-json\/wp\/v2\/product"}],"about":[{"href":"https:\/\/erformance.eu\/et\/wp-json\/wp\/v2\/types\/product"}],"replies":[{"embeddable":true,"href":"https:\/\/erformance.eu\/et\/wp-json\/wp\/v2\/comments?post=56682"}],"version-history":[{"count":1,"href":"https:\/\/erformance.eu\/et\/wp-json\/wp\/v2\/product\/56682\/revisions"}],"predecessor-version":[{"id":56683,"href":"https:\/\/erformance.eu\/et\/wp-json\/wp\/v2\/product\/56682\/revisions\/56683"}],"wp:featuredmedia":[{"embeddable":true,"href":"https:\/\/erformance.eu\/et\/wp-json\/wp\/v2\/media\/51246"}],"wp:attachment":[{"href":"https:\/\/erformance.eu\/et\/wp-json\/wp\/v2\/media?parent=56682"}],"wp:term":[{"taxonomy":"product_brand","embeddable":true,"href":"https:\/\/erformance.eu\/et\/wp-json\/wp\/v2\/product_brand?post=56682"},{"taxonomy":"product_cat","embeddable":true,"href":"https:\/\/erformance.eu\/et\/wp-json\/wp\/v2\/product_cat?post=56682"},{"taxonomy":"product_tag","embeddable":true,"href":"https:\/\/erformance.eu\/et\/wp-json\/wp\/v2\/product_tag?post=56682"}],"curies":[{"name":"wp","href":"https:\/\/api.w.org\/{rel}","templated":true}]}}