{"id":56692,"date":"2026-02-16T14:20:37","date_gmt":"2026-02-16T11:20:37","guid":{"rendered":"https:\/\/erformance.eu\/?post_type=product&#038;p=56692"},"modified":"2026-03-25T21:15:49","modified_gmt":"2026-03-25T18:15:49","slug":"audi-a6-c7-11-18-veidrodelio-ideklas-sildomas-kaire-puse","status":"publish","type":"product","link":"https:\/\/erformance.eu\/et\/toode\/audi-a6-c7-11-18-veidrodelio-ideklas-sildomas-kaire-puse\/","title":{"rendered":"Audi A6 C7 11-18 veidrod\u0117lio \u012fd\u0117klas \u0161ildomas kair\u0117 pus\u0117"},"content":{"rendered":"<p>Prek\u0117: i\u0161orinio veidrod\u0117lio \u012fd\u0117klas<br \/>\nPus\u0117: Kair\u0117 (vairuotojo pus\u0117)<br \/>\nOE numeris: 4G0857535B<br \/>\nPASTABA: auk\u0161\u010diau pateikti numeriai yra original\u016bs dali\u0173 numeriai, kuriuos \u0161is pasi\u016blymas pakei\u010dia. Prie\u0161 pirkdami, palyginkite juos su originaliu dalies numeriu. Jei jie skiriasi net vienu simboliu, dalis netiks, neveiks arba veiks netinkamai. Tokiu atveju jos nepirkite.<br \/>\nAutomobilis:<\/p>\n<p>Audi A6 C7, gamybos metai: 2011-2018<br \/>\nAudi A6 C7 Allroad, gamybos metai: 2013-2018<br \/>\nAudi A6 C7 RS6, gamybos metai: 2013-2018<\/p>\n<p>\u0160ildymas: taip<br \/>\nStiklas: baltas, asferinis (skeltas)<br \/>\nGamintojas: pakaitalas<br \/>\nTechnin\u0117 b\u016bkl\u0117: prek\u0117 yra visi\u0161kai nauja, nenaudota, nepa\u017eeista ir nesugadinta<\/p>\n","protected":false},"excerpt":{"rendered":"<p>1. Prek\u0117: i\u0161orinio veidrod\u0117lio \u012fd\u0117klas2. Pus\u0117: kair\u01173. Gamintojas: pakeitimas4. Automobilis: Audi A6 C75 Pagaminimo metai: 2011\u20132018<\/p>\n","protected":false},"featured_media":51285,"comment_status":"open","ping_status":"closed","template":"","meta":[],"product_brand":[],"product_cat":[394,144,3919,3958,4319],"product_tag":[],"class_list":{"0":"post-56692","1":"product","2":"type-product","3":"status-publish","4":"has-post-thumbnail","6":"product_cat-audi-a6","7":"product_cat-audi","8":"product_cat-audi-a6-c7","9":"product_cat-audi-a6-c7-isores-dalys","10":"product_cat-audi-a6-c7-veidrodeliai","12":"first","13":"instock","14":"shipping-taxable","15":"purchasable","16":"product-type-simple"},"yoast_head":"<!-- This site is optimized with the Yoast SEO Premium plugin v25.2 (Yoast SEO v27.4) - https:\/\/yoast.com\/product\/yoast-seo-premium-wordpress\/ -->\n<title>Audi A6 C7 11-18 veidrod\u0117lio \u012fd\u0117klas \u0161ildomas kair\u0117 pus\u0117 - Erformance.eu<\/title>\n<meta name=\"robots\" content=\"index, follow, max-snippet:-1, max-image-preview:large, max-video-preview:-1\" \/>\n<link rel=\"canonical\" href=\"https:\/\/erformance.eu\/et\/toode\/audi-a6-c7-11-18-veidrodelio-ideklas-sildomas-kaire-puse\/\" \/>\n<meta property=\"og:locale\" content=\"et_EE\" \/>\n<meta property=\"og:type\" content=\"article\" \/>\n<meta property=\"og:title\" content=\"Audi A6 C7 11-18 veidrod\u0117lio \u012fd\u0117klas \u0161ildomas kair\u0117 pus\u0117\" \/>\n<meta property=\"og:description\" content=\"1. Prek\u0117: i\u0161orinio veidrod\u0117lio \u012fd\u0117klas2. Pus\u0117: kair\u01173. Gamintojas: pakeitimas4. Automobilis: Audi A6 C75 Pagaminimo metai: 2011\u20132018\" \/>\n<meta property=\"og:url\" content=\"https:\/\/erformance.eu\/et\/toode\/audi-a6-c7-11-18-veidrodelio-ideklas-sildomas-kaire-puse\/\" \/>\n<meta property=\"og:site_name\" content=\"Erformance.eu\" \/>\n<meta property=\"article:modified_time\" content=\"2026-03-25T18:15:49+00:00\" \/>\n<meta property=\"og:image\" content=\"https:\/\/erformance.eu\/wp-content\/uploads\/2026\/02\/pol_pm_Audi-A6-C7-11-18-wklad-lusterka-OGRZEWANY-lewy-27163_1.jpg\" \/>\n\t<meta property=\"og:image:width\" content=\"1200\" \/>\n\t<meta property=\"og:image:height\" content=\"1200\" \/>\n\t<meta property=\"og:image:type\" content=\"image\/jpeg\" \/>\n<meta name=\"twitter:card\" content=\"summary_large_image\" \/>\n<script type=\"application\/ld+json\" class=\"yoast-schema-graph\">{\"@context\":\"https:\\\/\\\/schema.org\",\"@graph\":[{\"@type\":\"WebPage\",\"@id\":\"https:\\\/\\\/erformance.eu\\\/et\\\/toode\\\/audi-a6-c7-11-18-veidrodelio-ideklas-sildomas-kaire-puse\\\/\",\"url\":\"https:\\\/\\\/erformance.eu\\\/et\\\/toode\\\/audi-a6-c7-11-18-veidrodelio-ideklas-sildomas-kaire-puse\\\/\",\"name\":\"Audi A6 C7 11-18 veidrod\u0117lio \u012fd\u0117klas \u0161ildomas kair\u0117 pus\u0117 - Erformance.eu\",\"isPartOf\":{\"@id\":\"https:\\\/\\\/erformance.eu\\\/et\\\/#website\"},\"primaryImageOfPage\":{\"@id\":\"https:\\\/\\\/erformance.eu\\\/et\\\/toode\\\/audi-a6-c7-11-18-veidrodelio-ideklas-sildomas-kaire-puse\\\/#primaryimage\"},\"image\":{\"@id\":\"https:\\\/\\\/erformance.eu\\\/et\\\/toode\\\/audi-a6-c7-11-18-veidrodelio-ideklas-sildomas-kaire-puse\\\/#primaryimage\"},\"thumbnailUrl\":\"https:\\\/\\\/erformance.eu\\\/wp-content\\\/uploads\\\/2026\\\/02\\\/pol_pm_Audi-A6-C7-11-18-wklad-lusterka-OGRZEWANY-lewy-27163_1.jpg\",\"datePublished\":\"2026-02-16T11:20:37+00:00\",\"dateModified\":\"2026-03-25T18:15:49+00:00\",\"breadcrumb\":{\"@id\":\"https:\\\/\\\/erformance.eu\\\/et\\\/toode\\\/audi-a6-c7-11-18-veidrodelio-ideklas-sildomas-kaire-puse\\\/#breadcrumb\"},\"inLanguage\":\"et\",\"potentialAction\":[{\"@type\":\"ReadAction\",\"target\":[\"https:\\\/\\\/erformance.eu\\\/et\\\/toode\\\/audi-a6-c7-11-18-veidrodelio-ideklas-sildomas-kaire-puse\\\/\"]}]},{\"@type\":\"ImageObject\",\"inLanguage\":\"et\",\"@id\":\"https:\\\/\\\/erformance.eu\\\/et\\\/toode\\\/audi-a6-c7-11-18-veidrodelio-ideklas-sildomas-kaire-puse\\\/#primaryimage\",\"url\":\"https:\\\/\\\/erformance.eu\\\/wp-content\\\/uploads\\\/2026\\\/02\\\/pol_pm_Audi-A6-C7-11-18-wklad-lusterka-OGRZEWANY-lewy-27163_1.jpg\",\"contentUrl\":\"https:\\\/\\\/erformance.eu\\\/wp-content\\\/uploads\\\/2026\\\/02\\\/pol_pm_Audi-A6-C7-11-18-wklad-lusterka-OGRZEWANY-lewy-27163_1.jpg\",\"width\":1200,\"height\":1200},{\"@type\":\"BreadcrumbList\",\"@id\":\"https:\\\/\\\/erformance.eu\\\/et\\\/toode\\\/audi-a6-c7-11-18-veidrodelio-ideklas-sildomas-kaire-puse\\\/#breadcrumb\",\"itemListElement\":[{\"@type\":\"ListItem\",\"position\":1,\"name\":\"Home\",\"item\":\"https:\\\/\\\/erformance.eu\\\/et\\\/\"},{\"@type\":\"ListItem\",\"position\":2,\"name\":\"Pood\",\"item\":\"https:\\\/\\\/erformance.eu\\\/et\\\/pood\\\/\"},{\"@type\":\"ListItem\",\"position\":3,\"name\":\"Audi A6 C7 11-18 veidrod\u0117lio \u012fd\u0117klas \u0161ildomas kair\u0117 pus\u0117\"}]},{\"@type\":\"WebSite\",\"@id\":\"https:\\\/\\\/erformance.eu\\\/et\\\/#website\",\"url\":\"https:\\\/\\\/erformance.eu\\\/et\\\/\",\"name\":\"Erformance.eu\",\"description\":\"Automobili\u0173 dali\u0173 parduotuv\u0117\",\"potentialAction\":[{\"@type\":\"SearchAction\",\"target\":{\"@type\":\"EntryPoint\",\"urlTemplate\":\"https:\\\/\\\/erformance.eu\\\/et\\\/?s={search_term_string}\"},\"query-input\":{\"@type\":\"PropertyValueSpecification\",\"valueRequired\":true,\"valueName\":\"search_term_string\"}}],\"inLanguage\":\"et\"}]}<\/script>\n<!-- \/ Yoast SEO Premium plugin. -->","yoast_head_json":{"title":"Audi A6 C7 11-18 veidrod\u0117lio \u012fd\u0117klas \u0161ildomas kair\u0117 pus\u0117 - Erformance.eu","robots":{"index":"index","follow":"follow","max-snippet":"max-snippet:-1","max-image-preview":"max-image-preview:large","max-video-preview":"max-video-preview:-1"},"canonical":"https:\/\/erformance.eu\/et\/toode\/audi-a6-c7-11-18-veidrodelio-ideklas-sildomas-kaire-puse\/","og_locale":"et_EE","og_type":"article","og_title":"Audi A6 C7 11-18 veidrod\u0117lio \u012fd\u0117klas \u0161ildomas kair\u0117 pus\u0117","og_description":"1. Prek\u0117: i\u0161orinio veidrod\u0117lio \u012fd\u0117klas2. Pus\u0117: kair\u01173. Gamintojas: pakeitimas4. Automobilis: Audi A6 C75 Pagaminimo metai: 2011\u20132018","og_url":"https:\/\/erformance.eu\/et\/toode\/audi-a6-c7-11-18-veidrodelio-ideklas-sildomas-kaire-puse\/","og_site_name":"Erformance.eu","article_modified_time":"2026-03-25T18:15:49+00:00","og_image":[{"width":1200,"height":1200,"url":"https:\/\/erformance.eu\/wp-content\/uploads\/2026\/02\/pol_pm_Audi-A6-C7-11-18-wklad-lusterka-OGRZEWANY-lewy-27163_1.jpg","type":"image\/jpeg"}],"twitter_card":"summary_large_image","schema":{"@context":"https:\/\/schema.org","@graph":[{"@type":"WebPage","@id":"https:\/\/erformance.eu\/et\/toode\/audi-a6-c7-11-18-veidrodelio-ideklas-sildomas-kaire-puse\/","url":"https:\/\/erformance.eu\/et\/toode\/audi-a6-c7-11-18-veidrodelio-ideklas-sildomas-kaire-puse\/","name":"Audi A6 C7 11-18 veidrod\u0117lio \u012fd\u0117klas \u0161ildomas kair\u0117 pus\u0117 - Erformance.eu","isPartOf":{"@id":"https:\/\/erformance.eu\/et\/#website"},"primaryImageOfPage":{"@id":"https:\/\/erformance.eu\/et\/toode\/audi-a6-c7-11-18-veidrodelio-ideklas-sildomas-kaire-puse\/#primaryimage"},"image":{"@id":"https:\/\/erformance.eu\/et\/toode\/audi-a6-c7-11-18-veidrodelio-ideklas-sildomas-kaire-puse\/#primaryimage"},"thumbnailUrl":"https:\/\/erformance.eu\/wp-content\/uploads\/2026\/02\/pol_pm_Audi-A6-C7-11-18-wklad-lusterka-OGRZEWANY-lewy-27163_1.jpg","datePublished":"2026-02-16T11:20:37+00:00","dateModified":"2026-03-25T18:15:49+00:00","breadcrumb":{"@id":"https:\/\/erformance.eu\/et\/toode\/audi-a6-c7-11-18-veidrodelio-ideklas-sildomas-kaire-puse\/#breadcrumb"},"inLanguage":"et","potentialAction":[{"@type":"ReadAction","target":["https:\/\/erformance.eu\/et\/toode\/audi-a6-c7-11-18-veidrodelio-ideklas-sildomas-kaire-puse\/"]}]},{"@type":"ImageObject","inLanguage":"et","@id":"https:\/\/erformance.eu\/et\/toode\/audi-a6-c7-11-18-veidrodelio-ideklas-sildomas-kaire-puse\/#primaryimage","url":"https:\/\/erformance.eu\/wp-content\/uploads\/2026\/02\/pol_pm_Audi-A6-C7-11-18-wklad-lusterka-OGRZEWANY-lewy-27163_1.jpg","contentUrl":"https:\/\/erformance.eu\/wp-content\/uploads\/2026\/02\/pol_pm_Audi-A6-C7-11-18-wklad-lusterka-OGRZEWANY-lewy-27163_1.jpg","width":1200,"height":1200},{"@type":"BreadcrumbList","@id":"https:\/\/erformance.eu\/et\/toode\/audi-a6-c7-11-18-veidrodelio-ideklas-sildomas-kaire-puse\/#breadcrumb","itemListElement":[{"@type":"ListItem","position":1,"name":"Home","item":"https:\/\/erformance.eu\/et\/"},{"@type":"ListItem","position":2,"name":"Pood","item":"https:\/\/erformance.eu\/et\/pood\/"},{"@type":"ListItem","position":3,"name":"Audi A6 C7 11-18 veidrod\u0117lio \u012fd\u0117klas \u0161ildomas kair\u0117 pus\u0117"}]},{"@type":"WebSite","@id":"https:\/\/erformance.eu\/et\/#website","url":"https:\/\/erformance.eu\/et\/","name":"Erformance.eu","description":"Automobili\u0173 dali\u0173 parduotuv\u0117","potentialAction":[{"@type":"SearchAction","target":{"@type":"EntryPoint","urlTemplate":"https:\/\/erformance.eu\/et\/?s={search_term_string}"},"query-input":{"@type":"PropertyValueSpecification","valueRequired":true,"valueName":"search_term_string"}}],"inLanguage":"et"}]}},"jetpack_sharing_enabled":true,"_links":{"self":[{"href":"https:\/\/erformance.eu\/et\/wp-json\/wp\/v2\/product\/56692","targetHints":{"allow":["GET"]}}],"collection":[{"href":"https:\/\/erformance.eu\/et\/wp-json\/wp\/v2\/product"}],"about":[{"href":"https:\/\/erformance.eu\/et\/wp-json\/wp\/v2\/types\/product"}],"replies":[{"embeddable":true,"href":"https:\/\/erformance.eu\/et\/wp-json\/wp\/v2\/comments?post=56692"}],"version-history":[{"count":1,"href":"https:\/\/erformance.eu\/et\/wp-json\/wp\/v2\/product\/56692\/revisions"}],"predecessor-version":[{"id":56693,"href":"https:\/\/erformance.eu\/et\/wp-json\/wp\/v2\/product\/56692\/revisions\/56693"}],"wp:featuredmedia":[{"embeddable":true,"href":"https:\/\/erformance.eu\/et\/wp-json\/wp\/v2\/media\/51285"}],"wp:attachment":[{"href":"https:\/\/erformance.eu\/et\/wp-json\/wp\/v2\/media?parent=56692"}],"wp:term":[{"taxonomy":"product_brand","embeddable":true,"href":"https:\/\/erformance.eu\/et\/wp-json\/wp\/v2\/product_brand?post=56692"},{"taxonomy":"product_cat","embeddable":true,"href":"https:\/\/erformance.eu\/et\/wp-json\/wp\/v2\/product_cat?post=56692"},{"taxonomy":"product_tag","embeddable":true,"href":"https:\/\/erformance.eu\/et\/wp-json\/wp\/v2\/product_tag?post=56692"}],"curies":[{"name":"wp","href":"https:\/\/api.w.org\/{rel}","templated":true}]}}