{"id":56698,"date":"2026-02-16T14:20:41","date_gmt":"2026-02-16T11:20:41","guid":{"rendered":"https:\/\/erformance.eu\/?post_type=product&#038;p=56698"},"modified":"2026-03-26T02:58:44","modified_gmt":"2026-03-25T23:58:44","slug":"audi-tt-8j-06-14-elektrinis-desines-puses-lango-pakelejas","status":"publish","type":"product","link":"https:\/\/erformance.eu\/et\/toode\/audi-tt-8j-06-14-elektrinis-desines-puses-lango-pakelejas\/","title":{"rendered":"Audi TT 8J 06-14 elektrinis de\u0161in\u0117s pus\u0117s lango pak\u0117l\u0117jas"},"content":{"rendered":"<p>Tema: lang\u0173 reguliatorius<br \/>\nPus\u0117: De\u0161in\u0117 (keleivio pus\u0117)<br \/>\nOE numeris: 8J0837462<br \/>\nPASTABA: auk\u0161\u010diau pateikti numeriai yra original\u016bs dali\u0173 numeriai, kuriuos \u0161is pasi\u016blymas pakei\u010dia. Prie\u0161 pirkdami, palyginkite juos su originaliu dalies numeriu. Jei jie skiriasi net vienu simboliu, dalis netiks, neveiks arba veiks netinkamai. Tokiu atveju jos nepirkite.<br \/>\nAutomobilis: Audi TT (8J3)<br \/>\nPagaminimo metai: 2006\u20132014<br \/>\nValdymas: elektrinis<br \/>\nVariklis: ne\u012ftrauktas<br \/>\nGamintojas: pakaitalas<br \/>\nTechnin\u0117 b\u016bkl\u0117: prek\u0117 yra visi\u0161kai nauja, nenaudota, nepa\u017eeista ir nesugadinta<br \/>\nPastaba: su komforto funkcija<\/p>\n","protected":false},"excerpt":{"rendered":"<p>1. Prek\u0117: Priekinio stiklo keltuvas2. Pus\u0117: de\u0161in\u01173. Reguliavimas: elektrinis4. Gamintojas: pakeitimas5. Automobilis: Audi TT 8J6. Pagaminimo metai: 2006\u20132014<\/p>\n","protected":false},"featured_media":51308,"comment_status":"open","ping_status":"closed","template":"","meta":[],"product_brand":[],"product_cat":[3933,144,3973,4178,4373,401],"product_tag":[],"class_list":{"0":"post-56698","1":"product","2":"type-product","3":"status-publish","4":"has-post-thumbnail","6":"product_cat-audi-tt-8j","7":"product_cat-audi","8":"product_cat-audi-tt-8j-isores-dalys","9":"product_cat-audi-tt-8j-isores-kitos-dalys","10":"product_cat-audi-tt-8j-mechanizmai-valytuvai","11":"product_cat-audi-tt","13":"first","14":"instock","15":"shipping-taxable","16":"purchasable","17":"product-type-simple"},"yoast_head":"<!-- This site is optimized with the Yoast SEO Premium plugin v25.2 (Yoast SEO v27.4) - https:\/\/yoast.com\/product\/yoast-seo-premium-wordpress\/ -->\n<title>Audi TT 8J 06-14 elektrinis de\u0161in\u0117s pus\u0117s lango pak\u0117l\u0117jas - Erformance.eu<\/title>\n<meta name=\"robots\" content=\"index, follow, max-snippet:-1, max-image-preview:large, max-video-preview:-1\" \/>\n<link rel=\"canonical\" href=\"https:\/\/erformance.eu\/et\/toode\/audi-tt-8j-06-14-elektrinis-desines-puses-lango-pakelejas\/\" \/>\n<meta property=\"og:locale\" content=\"et_EE\" \/>\n<meta property=\"og:type\" content=\"article\" \/>\n<meta property=\"og:title\" content=\"Audi TT 8J 06-14 elektrinis de\u0161in\u0117s pus\u0117s lango pak\u0117l\u0117jas\" \/>\n<meta property=\"og:description\" content=\"1. Prek\u0117: Priekinio stiklo keltuvas2. Pus\u0117: de\u0161in\u01173. Reguliavimas: elektrinis4. Gamintojas: pakeitimas5. Automobilis: Audi TT 8J6. Pagaminimo metai: 2006\u20132014\" \/>\n<meta property=\"og:url\" content=\"https:\/\/erformance.eu\/et\/toode\/audi-tt-8j-06-14-elektrinis-desines-puses-lango-pakelejas\/\" \/>\n<meta property=\"og:site_name\" content=\"Erformance.eu\" \/>\n<meta property=\"article:modified_time\" content=\"2026-03-25T23:58:44+00:00\" \/>\n<meta property=\"og:image\" content=\"https:\/\/erformance.eu\/wp-content\/uploads\/2026\/02\/pol_pm_Audi-TT-8J-06-14-podnosnik-szyby-elektryczny-prawy-26593_1.jpg\" \/>\n\t<meta property=\"og:image:width\" content=\"1200\" \/>\n\t<meta property=\"og:image:height\" content=\"1200\" \/>\n\t<meta property=\"og:image:type\" content=\"image\/jpeg\" \/>\n<meta name=\"twitter:card\" content=\"summary_large_image\" \/>\n<script type=\"application\/ld+json\" class=\"yoast-schema-graph\">{\"@context\":\"https:\\\/\\\/schema.org\",\"@graph\":[{\"@type\":\"WebPage\",\"@id\":\"https:\\\/\\\/erformance.eu\\\/et\\\/toode\\\/audi-tt-8j-06-14-elektrinis-desines-puses-lango-pakelejas\\\/\",\"url\":\"https:\\\/\\\/erformance.eu\\\/et\\\/toode\\\/audi-tt-8j-06-14-elektrinis-desines-puses-lango-pakelejas\\\/\",\"name\":\"Audi TT 8J 06-14 elektrinis de\u0161in\u0117s pus\u0117s lango pak\u0117l\u0117jas - Erformance.eu\",\"isPartOf\":{\"@id\":\"https:\\\/\\\/erformance.eu\\\/et\\\/#website\"},\"primaryImageOfPage\":{\"@id\":\"https:\\\/\\\/erformance.eu\\\/et\\\/toode\\\/audi-tt-8j-06-14-elektrinis-desines-puses-lango-pakelejas\\\/#primaryimage\"},\"image\":{\"@id\":\"https:\\\/\\\/erformance.eu\\\/et\\\/toode\\\/audi-tt-8j-06-14-elektrinis-desines-puses-lango-pakelejas\\\/#primaryimage\"},\"thumbnailUrl\":\"https:\\\/\\\/erformance.eu\\\/wp-content\\\/uploads\\\/2026\\\/02\\\/pol_pm_Audi-TT-8J-06-14-podnosnik-szyby-elektryczny-prawy-26593_1.jpg\",\"datePublished\":\"2026-02-16T11:20:41+00:00\",\"dateModified\":\"2026-03-25T23:58:44+00:00\",\"breadcrumb\":{\"@id\":\"https:\\\/\\\/erformance.eu\\\/et\\\/toode\\\/audi-tt-8j-06-14-elektrinis-desines-puses-lango-pakelejas\\\/#breadcrumb\"},\"inLanguage\":\"et\",\"potentialAction\":[{\"@type\":\"ReadAction\",\"target\":[\"https:\\\/\\\/erformance.eu\\\/et\\\/toode\\\/audi-tt-8j-06-14-elektrinis-desines-puses-lango-pakelejas\\\/\"]}]},{\"@type\":\"ImageObject\",\"inLanguage\":\"et\",\"@id\":\"https:\\\/\\\/erformance.eu\\\/et\\\/toode\\\/audi-tt-8j-06-14-elektrinis-desines-puses-lango-pakelejas\\\/#primaryimage\",\"url\":\"https:\\\/\\\/erformance.eu\\\/wp-content\\\/uploads\\\/2026\\\/02\\\/pol_pm_Audi-TT-8J-06-14-podnosnik-szyby-elektryczny-prawy-26593_1.jpg\",\"contentUrl\":\"https:\\\/\\\/erformance.eu\\\/wp-content\\\/uploads\\\/2026\\\/02\\\/pol_pm_Audi-TT-8J-06-14-podnosnik-szyby-elektryczny-prawy-26593_1.jpg\",\"width\":1200,\"height\":1200},{\"@type\":\"BreadcrumbList\",\"@id\":\"https:\\\/\\\/erformance.eu\\\/et\\\/toode\\\/audi-tt-8j-06-14-elektrinis-desines-puses-lango-pakelejas\\\/#breadcrumb\",\"itemListElement\":[{\"@type\":\"ListItem\",\"position\":1,\"name\":\"Home\",\"item\":\"https:\\\/\\\/erformance.eu\\\/et\\\/\"},{\"@type\":\"ListItem\",\"position\":2,\"name\":\"Pood\",\"item\":\"https:\\\/\\\/erformance.eu\\\/et\\\/pood\\\/\"},{\"@type\":\"ListItem\",\"position\":3,\"name\":\"Audi TT 8J 06-14 elektrinis de\u0161in\u0117s pus\u0117s lango pak\u0117l\u0117jas\"}]},{\"@type\":\"WebSite\",\"@id\":\"https:\\\/\\\/erformance.eu\\\/et\\\/#website\",\"url\":\"https:\\\/\\\/erformance.eu\\\/et\\\/\",\"name\":\"Erformance.eu\",\"description\":\"Automobili\u0173 dali\u0173 parduotuv\u0117\",\"potentialAction\":[{\"@type\":\"SearchAction\",\"target\":{\"@type\":\"EntryPoint\",\"urlTemplate\":\"https:\\\/\\\/erformance.eu\\\/et\\\/?s={search_term_string}\"},\"query-input\":{\"@type\":\"PropertyValueSpecification\",\"valueRequired\":true,\"valueName\":\"search_term_string\"}}],\"inLanguage\":\"et\"}]}<\/script>\n<!-- \/ Yoast SEO Premium plugin. -->","yoast_head_json":{"title":"Audi TT 8J 06-14 elektrinis de\u0161in\u0117s pus\u0117s lango pak\u0117l\u0117jas - Erformance.eu","robots":{"index":"index","follow":"follow","max-snippet":"max-snippet:-1","max-image-preview":"max-image-preview:large","max-video-preview":"max-video-preview:-1"},"canonical":"https:\/\/erformance.eu\/et\/toode\/audi-tt-8j-06-14-elektrinis-desines-puses-lango-pakelejas\/","og_locale":"et_EE","og_type":"article","og_title":"Audi TT 8J 06-14 elektrinis de\u0161in\u0117s pus\u0117s lango pak\u0117l\u0117jas","og_description":"1. Prek\u0117: Priekinio stiklo keltuvas2. Pus\u0117: de\u0161in\u01173. Reguliavimas: elektrinis4. Gamintojas: pakeitimas5. Automobilis: Audi TT 8J6. Pagaminimo metai: 2006\u20132014","og_url":"https:\/\/erformance.eu\/et\/toode\/audi-tt-8j-06-14-elektrinis-desines-puses-lango-pakelejas\/","og_site_name":"Erformance.eu","article_modified_time":"2026-03-25T23:58:44+00:00","og_image":[{"width":1200,"height":1200,"url":"https:\/\/erformance.eu\/wp-content\/uploads\/2026\/02\/pol_pm_Audi-TT-8J-06-14-podnosnik-szyby-elektryczny-prawy-26593_1.jpg","type":"image\/jpeg"}],"twitter_card":"summary_large_image","schema":{"@context":"https:\/\/schema.org","@graph":[{"@type":"WebPage","@id":"https:\/\/erformance.eu\/et\/toode\/audi-tt-8j-06-14-elektrinis-desines-puses-lango-pakelejas\/","url":"https:\/\/erformance.eu\/et\/toode\/audi-tt-8j-06-14-elektrinis-desines-puses-lango-pakelejas\/","name":"Audi TT 8J 06-14 elektrinis de\u0161in\u0117s pus\u0117s lango pak\u0117l\u0117jas - Erformance.eu","isPartOf":{"@id":"https:\/\/erformance.eu\/et\/#website"},"primaryImageOfPage":{"@id":"https:\/\/erformance.eu\/et\/toode\/audi-tt-8j-06-14-elektrinis-desines-puses-lango-pakelejas\/#primaryimage"},"image":{"@id":"https:\/\/erformance.eu\/et\/toode\/audi-tt-8j-06-14-elektrinis-desines-puses-lango-pakelejas\/#primaryimage"},"thumbnailUrl":"https:\/\/erformance.eu\/wp-content\/uploads\/2026\/02\/pol_pm_Audi-TT-8J-06-14-podnosnik-szyby-elektryczny-prawy-26593_1.jpg","datePublished":"2026-02-16T11:20:41+00:00","dateModified":"2026-03-25T23:58:44+00:00","breadcrumb":{"@id":"https:\/\/erformance.eu\/et\/toode\/audi-tt-8j-06-14-elektrinis-desines-puses-lango-pakelejas\/#breadcrumb"},"inLanguage":"et","potentialAction":[{"@type":"ReadAction","target":["https:\/\/erformance.eu\/et\/toode\/audi-tt-8j-06-14-elektrinis-desines-puses-lango-pakelejas\/"]}]},{"@type":"ImageObject","inLanguage":"et","@id":"https:\/\/erformance.eu\/et\/toode\/audi-tt-8j-06-14-elektrinis-desines-puses-lango-pakelejas\/#primaryimage","url":"https:\/\/erformance.eu\/wp-content\/uploads\/2026\/02\/pol_pm_Audi-TT-8J-06-14-podnosnik-szyby-elektryczny-prawy-26593_1.jpg","contentUrl":"https:\/\/erformance.eu\/wp-content\/uploads\/2026\/02\/pol_pm_Audi-TT-8J-06-14-podnosnik-szyby-elektryczny-prawy-26593_1.jpg","width":1200,"height":1200},{"@type":"BreadcrumbList","@id":"https:\/\/erformance.eu\/et\/toode\/audi-tt-8j-06-14-elektrinis-desines-puses-lango-pakelejas\/#breadcrumb","itemListElement":[{"@type":"ListItem","position":1,"name":"Home","item":"https:\/\/erformance.eu\/et\/"},{"@type":"ListItem","position":2,"name":"Pood","item":"https:\/\/erformance.eu\/et\/pood\/"},{"@type":"ListItem","position":3,"name":"Audi TT 8J 06-14 elektrinis de\u0161in\u0117s pus\u0117s lango pak\u0117l\u0117jas"}]},{"@type":"WebSite","@id":"https:\/\/erformance.eu\/et\/#website","url":"https:\/\/erformance.eu\/et\/","name":"Erformance.eu","description":"Automobili\u0173 dali\u0173 parduotuv\u0117","potentialAction":[{"@type":"SearchAction","target":{"@type":"EntryPoint","urlTemplate":"https:\/\/erformance.eu\/et\/?s={search_term_string}"},"query-input":{"@type":"PropertyValueSpecification","valueRequired":true,"valueName":"search_term_string"}}],"inLanguage":"et"}]}},"jetpack_sharing_enabled":true,"_links":{"self":[{"href":"https:\/\/erformance.eu\/et\/wp-json\/wp\/v2\/product\/56698","targetHints":{"allow":["GET"]}}],"collection":[{"href":"https:\/\/erformance.eu\/et\/wp-json\/wp\/v2\/product"}],"about":[{"href":"https:\/\/erformance.eu\/et\/wp-json\/wp\/v2\/types\/product"}],"replies":[{"embeddable":true,"href":"https:\/\/erformance.eu\/et\/wp-json\/wp\/v2\/comments?post=56698"}],"version-history":[{"count":1,"href":"https:\/\/erformance.eu\/et\/wp-json\/wp\/v2\/product\/56698\/revisions"}],"predecessor-version":[{"id":56699,"href":"https:\/\/erformance.eu\/et\/wp-json\/wp\/v2\/product\/56698\/revisions\/56699"}],"wp:featuredmedia":[{"embeddable":true,"href":"https:\/\/erformance.eu\/et\/wp-json\/wp\/v2\/media\/51308"}],"wp:attachment":[{"href":"https:\/\/erformance.eu\/et\/wp-json\/wp\/v2\/media?parent=56698"}],"wp:term":[{"taxonomy":"product_brand","embeddable":true,"href":"https:\/\/erformance.eu\/et\/wp-json\/wp\/v2\/product_brand?post=56698"},{"taxonomy":"product_cat","embeddable":true,"href":"https:\/\/erformance.eu\/et\/wp-json\/wp\/v2\/product_cat?post=56698"},{"taxonomy":"product_tag","embeddable":true,"href":"https:\/\/erformance.eu\/et\/wp-json\/wp\/v2\/product_tag?post=56698"}],"curies":[{"name":"wp","href":"https:\/\/api.w.org\/{rel}","templated":true}]}}