{"id":56728,"date":"2026-02-16T14:20:57","date_gmt":"2026-02-16T11:20:57","guid":{"rendered":"https:\/\/erformance.eu\/?post_type=product&#038;p=56728"},"modified":"2026-03-26T01:40:33","modified_gmt":"2026-03-25T22:40:33","slug":"audi-q5-16-21-perforuotas-pavaru-perjungimo-svirties-dangtelis","status":"publish","type":"product","link":"https:\/\/erformance.eu\/et\/toode\/audi-q5-16-21-perforuotas-pavaru-perjungimo-svirties-dangtelis\/","title":{"rendered":"Audi Q5 16-21 perforuotas pavar\u0173 perjungimo svirties dangtelis"},"content":{"rendered":"<p>Prek\u0117: pavar\u0173 perjungimo svirties dangtelis<br \/>\nOriginalus numeris:<\/p>\n<p>4M1 713 139 F<br \/>\n4M1 713 139 F 59V<br \/>\n4M1 713 139 G<br \/>\n4M1 713 139 G 59V<br \/>\n4M1713139F<br \/>\n4M1713139F59V<br \/>\n4M1713139G<br \/>\n4M1713139G59V<\/p>\n<p>PASTABA: auk\u0161\u010diau pateikti numeriai yra original\u016bs dali\u0173 numeriai, kuriuos \u0161is pasi\u016blymas pakei\u010dia. Prie\u0161 pirkdami, palyginkite juos su originaliu dalies numeriu. Jei jie skiriasi net vienu simboliu, dalis netiks, neveiks arba veiks netinkamai. Tokiu atveju jos nepirkite.<br \/>\nAutomobilis:<\/p>\n<p>Audi A4 Allroad B9 (8WH, 8WJ) gamybos metai: 2016\u20132020<br \/>\nAudi A4 B9 (8W2, 8WC) gamybos metai: 2015\u20132019<br \/>\nAudi A4 B9 Avant (8W5, 8WD) gamybos metai: 2016\u20132020<br \/>\nAudi A5 (F53, F5P) gamybos metai: 2016\u20132020<br \/>\n\u201eAudi A5 Sportback\u201c (F5A, F5F) gamybos metai: 2016\u20132020<br \/>\n\u201eAudi A5\u201c kabrioleto (F57, F5E) gamybos metai: 2016\u20132020<br \/>\nAudi Q5 (FYB, FYG) gamybos metai: 2016-2021<br \/>\nAudi Q5 Van (FYB, FYG) gamybos metai: 2017-2020<br \/>\nAudi Q7 (4MB, 4MG) gamybos metai: 2015-2019<\/p>\n<p>Med\u017eiaga: perforuota eko oda<br \/>\nGamintojas: pakaitalas<br \/>\nTechnin\u0117 b\u016bkl\u0117: prek\u0117 yra visi\u0161kai nauja, nenaudota, nepa\u017eeista ir nesugadinta<\/p>\n","protected":false},"excerpt":{"rendered":"<p>1. Prek\u0117: Perforuotas pavar\u0173 perjungimo svirties dangtelis2. Gamintojas: pakeitimas3. Automobilis:Audi A4 B9 16-20Audi A5 16-20Audi Q5 16-21Audi Q7 15-19<\/p>\n","protected":false},"featured_media":51419,"comment_status":"open","ping_status":"closed","template":"","meta":[],"product_brand":[],"product_cat":[144,3929,4607,399,4008],"product_tag":[],"class_list":{"0":"post-56728","1":"product","2":"type-product","3":"status-publish","4":"has-post-thumbnail","6":"product_cat-audi","7":"product_cat-audi-q5-fy","8":"product_cat-audi-q5-fy-pavaru-svirtys","9":"product_cat-audi-q5","10":"product_cat-audi-q5-fy-salono-dalys","12":"first","13":"instock","14":"shipping-taxable","15":"purchasable","16":"product-type-simple"},"yoast_head":"<!-- This site is optimized with the Yoast SEO Premium plugin v25.2 (Yoast SEO v27.3) - https:\/\/yoast.com\/product\/yoast-seo-premium-wordpress\/ -->\n<title>Audi Q5 16-21 perforuotas pavar\u0173 perjungimo svirties dangtelis - Erformance.eu<\/title>\n<meta name=\"robots\" content=\"index, follow, max-snippet:-1, max-image-preview:large, max-video-preview:-1\" \/>\n<link rel=\"canonical\" href=\"https:\/\/erformance.eu\/et\/toode\/audi-q5-16-21-perforuotas-pavaru-perjungimo-svirties-dangtelis\/\" \/>\n<meta property=\"og:locale\" content=\"et_EE\" \/>\n<meta property=\"og:type\" content=\"article\" \/>\n<meta property=\"og:title\" content=\"Audi Q5 16-21 perforuotas pavar\u0173 perjungimo svirties dangtelis\" \/>\n<meta property=\"og:description\" content=\"1. Prek\u0117: Perforuotas pavar\u0173 perjungimo svirties dangtelis2. Gamintojas: pakeitimas3. Automobilis:Audi A4 B9 16-20Audi A5 16-20Audi Q5 16-21Audi Q7 15-19\" \/>\n<meta property=\"og:url\" content=\"https:\/\/erformance.eu\/et\/toode\/audi-q5-16-21-perforuotas-pavaru-perjungimo-svirties-dangtelis\/\" \/>\n<meta property=\"og:site_name\" content=\"Erformance.eu\" \/>\n<meta property=\"article:modified_time\" content=\"2026-03-25T22:40:33+00:00\" \/>\n<meta property=\"og:image\" content=\"https:\/\/erformance.eu\/wp-content\/uploads\/2026\/02\/pol_pm_Audi-Q5-16-21-nakladka-perforowana-galki-zmiany-biegow-37141_1.png\" \/>\n\t<meta property=\"og:image:width\" content=\"575\" \/>\n\t<meta property=\"og:image:height\" content=\"288\" \/>\n\t<meta property=\"og:image:type\" content=\"image\/png\" \/>\n<meta name=\"twitter:card\" content=\"summary_large_image\" \/>\n<meta name=\"twitter:label1\" content=\"Est. reading time\" \/>\n\t<meta name=\"twitter:data1\" content=\"1 minut\" \/>\n<script type=\"application\/ld+json\" class=\"yoast-schema-graph\">{\"@context\":\"https:\\\/\\\/schema.org\",\"@graph\":[{\"@type\":\"WebPage\",\"@id\":\"https:\\\/\\\/erformance.eu\\\/et\\\/toode\\\/audi-q5-16-21-perforuotas-pavaru-perjungimo-svirties-dangtelis\\\/\",\"url\":\"https:\\\/\\\/erformance.eu\\\/et\\\/toode\\\/audi-q5-16-21-perforuotas-pavaru-perjungimo-svirties-dangtelis\\\/\",\"name\":\"Audi Q5 16-21 perforuotas pavar\u0173 perjungimo svirties dangtelis - Erformance.eu\",\"isPartOf\":{\"@id\":\"https:\\\/\\\/erformance.eu\\\/et\\\/#website\"},\"primaryImageOfPage\":{\"@id\":\"https:\\\/\\\/erformance.eu\\\/et\\\/toode\\\/audi-q5-16-21-perforuotas-pavaru-perjungimo-svirties-dangtelis\\\/#primaryimage\"},\"image\":{\"@id\":\"https:\\\/\\\/erformance.eu\\\/et\\\/toode\\\/audi-q5-16-21-perforuotas-pavaru-perjungimo-svirties-dangtelis\\\/#primaryimage\"},\"thumbnailUrl\":\"https:\\\/\\\/erformance.eu\\\/wp-content\\\/uploads\\\/2026\\\/02\\\/pol_pm_Audi-Q5-16-21-nakladka-perforowana-galki-zmiany-biegow-37141_1.png\",\"datePublished\":\"2026-02-16T11:20:57+00:00\",\"dateModified\":\"2026-03-25T22:40:33+00:00\",\"breadcrumb\":{\"@id\":\"https:\\\/\\\/erformance.eu\\\/et\\\/toode\\\/audi-q5-16-21-perforuotas-pavaru-perjungimo-svirties-dangtelis\\\/#breadcrumb\"},\"inLanguage\":\"et\",\"potentialAction\":[{\"@type\":\"ReadAction\",\"target\":[\"https:\\\/\\\/erformance.eu\\\/et\\\/toode\\\/audi-q5-16-21-perforuotas-pavaru-perjungimo-svirties-dangtelis\\\/\"]}]},{\"@type\":\"ImageObject\",\"inLanguage\":\"et\",\"@id\":\"https:\\\/\\\/erformance.eu\\\/et\\\/toode\\\/audi-q5-16-21-perforuotas-pavaru-perjungimo-svirties-dangtelis\\\/#primaryimage\",\"url\":\"https:\\\/\\\/erformance.eu\\\/wp-content\\\/uploads\\\/2026\\\/02\\\/pol_pm_Audi-Q5-16-21-nakladka-perforowana-galki-zmiany-biegow-37141_1.png\",\"contentUrl\":\"https:\\\/\\\/erformance.eu\\\/wp-content\\\/uploads\\\/2026\\\/02\\\/pol_pm_Audi-Q5-16-21-nakladka-perforowana-galki-zmiany-biegow-37141_1.png\",\"width\":575,\"height\":288},{\"@type\":\"BreadcrumbList\",\"@id\":\"https:\\\/\\\/erformance.eu\\\/et\\\/toode\\\/audi-q5-16-21-perforuotas-pavaru-perjungimo-svirties-dangtelis\\\/#breadcrumb\",\"itemListElement\":[{\"@type\":\"ListItem\",\"position\":1,\"name\":\"Home\",\"item\":\"https:\\\/\\\/erformance.eu\\\/et\\\/\"},{\"@type\":\"ListItem\",\"position\":2,\"name\":\"Pood\",\"item\":\"https:\\\/\\\/erformance.eu\\\/et\\\/pood\\\/\"},{\"@type\":\"ListItem\",\"position\":3,\"name\":\"Audi Q5 16-21 perforuotas pavar\u0173 perjungimo svirties dangtelis\"}]},{\"@type\":\"WebSite\",\"@id\":\"https:\\\/\\\/erformance.eu\\\/et\\\/#website\",\"url\":\"https:\\\/\\\/erformance.eu\\\/et\\\/\",\"name\":\"Erformance.eu\",\"description\":\"Automobili\u0173 dali\u0173 parduotuv\u0117\",\"potentialAction\":[{\"@type\":\"SearchAction\",\"target\":{\"@type\":\"EntryPoint\",\"urlTemplate\":\"https:\\\/\\\/erformance.eu\\\/et\\\/?s={search_term_string}\"},\"query-input\":{\"@type\":\"PropertyValueSpecification\",\"valueRequired\":true,\"valueName\":\"search_term_string\"}}],\"inLanguage\":\"et\"}]}<\/script>\n<!-- \/ Yoast SEO Premium plugin. -->","yoast_head_json":{"title":"Audi Q5 16-21 perforuotas pavar\u0173 perjungimo svirties dangtelis - Erformance.eu","robots":{"index":"index","follow":"follow","max-snippet":"max-snippet:-1","max-image-preview":"max-image-preview:large","max-video-preview":"max-video-preview:-1"},"canonical":"https:\/\/erformance.eu\/et\/toode\/audi-q5-16-21-perforuotas-pavaru-perjungimo-svirties-dangtelis\/","og_locale":"et_EE","og_type":"article","og_title":"Audi Q5 16-21 perforuotas pavar\u0173 perjungimo svirties dangtelis","og_description":"1. Prek\u0117: Perforuotas pavar\u0173 perjungimo svirties dangtelis2. Gamintojas: pakeitimas3. Automobilis:Audi A4 B9 16-20Audi A5 16-20Audi Q5 16-21Audi Q7 15-19","og_url":"https:\/\/erformance.eu\/et\/toode\/audi-q5-16-21-perforuotas-pavaru-perjungimo-svirties-dangtelis\/","og_site_name":"Erformance.eu","article_modified_time":"2026-03-25T22:40:33+00:00","og_image":[{"width":575,"height":288,"url":"https:\/\/erformance.eu\/wp-content\/uploads\/2026\/02\/pol_pm_Audi-Q5-16-21-nakladka-perforowana-galki-zmiany-biegow-37141_1.png","type":"image\/png"}],"twitter_card":"summary_large_image","twitter_misc":{"Est. reading time":"1 minut"},"schema":{"@context":"https:\/\/schema.org","@graph":[{"@type":"WebPage","@id":"https:\/\/erformance.eu\/et\/toode\/audi-q5-16-21-perforuotas-pavaru-perjungimo-svirties-dangtelis\/","url":"https:\/\/erformance.eu\/et\/toode\/audi-q5-16-21-perforuotas-pavaru-perjungimo-svirties-dangtelis\/","name":"Audi Q5 16-21 perforuotas pavar\u0173 perjungimo svirties dangtelis - Erformance.eu","isPartOf":{"@id":"https:\/\/erformance.eu\/et\/#website"},"primaryImageOfPage":{"@id":"https:\/\/erformance.eu\/et\/toode\/audi-q5-16-21-perforuotas-pavaru-perjungimo-svirties-dangtelis\/#primaryimage"},"image":{"@id":"https:\/\/erformance.eu\/et\/toode\/audi-q5-16-21-perforuotas-pavaru-perjungimo-svirties-dangtelis\/#primaryimage"},"thumbnailUrl":"https:\/\/erformance.eu\/wp-content\/uploads\/2026\/02\/pol_pm_Audi-Q5-16-21-nakladka-perforowana-galki-zmiany-biegow-37141_1.png","datePublished":"2026-02-16T11:20:57+00:00","dateModified":"2026-03-25T22:40:33+00:00","breadcrumb":{"@id":"https:\/\/erformance.eu\/et\/toode\/audi-q5-16-21-perforuotas-pavaru-perjungimo-svirties-dangtelis\/#breadcrumb"},"inLanguage":"et","potentialAction":[{"@type":"ReadAction","target":["https:\/\/erformance.eu\/et\/toode\/audi-q5-16-21-perforuotas-pavaru-perjungimo-svirties-dangtelis\/"]}]},{"@type":"ImageObject","inLanguage":"et","@id":"https:\/\/erformance.eu\/et\/toode\/audi-q5-16-21-perforuotas-pavaru-perjungimo-svirties-dangtelis\/#primaryimage","url":"https:\/\/erformance.eu\/wp-content\/uploads\/2026\/02\/pol_pm_Audi-Q5-16-21-nakladka-perforowana-galki-zmiany-biegow-37141_1.png","contentUrl":"https:\/\/erformance.eu\/wp-content\/uploads\/2026\/02\/pol_pm_Audi-Q5-16-21-nakladka-perforowana-galki-zmiany-biegow-37141_1.png","width":575,"height":288},{"@type":"BreadcrumbList","@id":"https:\/\/erformance.eu\/et\/toode\/audi-q5-16-21-perforuotas-pavaru-perjungimo-svirties-dangtelis\/#breadcrumb","itemListElement":[{"@type":"ListItem","position":1,"name":"Home","item":"https:\/\/erformance.eu\/et\/"},{"@type":"ListItem","position":2,"name":"Pood","item":"https:\/\/erformance.eu\/et\/pood\/"},{"@type":"ListItem","position":3,"name":"Audi Q5 16-21 perforuotas pavar\u0173 perjungimo svirties dangtelis"}]},{"@type":"WebSite","@id":"https:\/\/erformance.eu\/et\/#website","url":"https:\/\/erformance.eu\/et\/","name":"Erformance.eu","description":"Automobili\u0173 dali\u0173 parduotuv\u0117","potentialAction":[{"@type":"SearchAction","target":{"@type":"EntryPoint","urlTemplate":"https:\/\/erformance.eu\/et\/?s={search_term_string}"},"query-input":{"@type":"PropertyValueSpecification","valueRequired":true,"valueName":"search_term_string"}}],"inLanguage":"et"}]}},"jetpack_sharing_enabled":true,"_links":{"self":[{"href":"https:\/\/erformance.eu\/et\/wp-json\/wp\/v2\/product\/56728","targetHints":{"allow":["GET"]}}],"collection":[{"href":"https:\/\/erformance.eu\/et\/wp-json\/wp\/v2\/product"}],"about":[{"href":"https:\/\/erformance.eu\/et\/wp-json\/wp\/v2\/types\/product"}],"replies":[{"embeddable":true,"href":"https:\/\/erformance.eu\/et\/wp-json\/wp\/v2\/comments?post=56728"}],"version-history":[{"count":1,"href":"https:\/\/erformance.eu\/et\/wp-json\/wp\/v2\/product\/56728\/revisions"}],"predecessor-version":[{"id":56729,"href":"https:\/\/erformance.eu\/et\/wp-json\/wp\/v2\/product\/56728\/revisions\/56729"}],"wp:featuredmedia":[{"embeddable":true,"href":"https:\/\/erformance.eu\/et\/wp-json\/wp\/v2\/media\/51419"}],"wp:attachment":[{"href":"https:\/\/erformance.eu\/et\/wp-json\/wp\/v2\/media?parent=56728"}],"wp:term":[{"taxonomy":"product_brand","embeddable":true,"href":"https:\/\/erformance.eu\/et\/wp-json\/wp\/v2\/product_brand?post=56728"},{"taxonomy":"product_cat","embeddable":true,"href":"https:\/\/erformance.eu\/et\/wp-json\/wp\/v2\/product_cat?post=56728"},{"taxonomy":"product_tag","embeddable":true,"href":"https:\/\/erformance.eu\/et\/wp-json\/wp\/v2\/product_tag?post=56728"}],"curies":[{"name":"wp","href":"https:\/\/api.w.org\/{rel}","templated":true}]}}