{"id":56730,"date":"2026-02-16T14:20:59","date_gmt":"2026-02-16T11:20:59","guid":{"rendered":"https:\/\/erformance.eu\/?post_type=product&#038;p=56730"},"modified":"2026-03-25T15:04:17","modified_gmt":"2026-03-25T12:04:17","slug":"audi-a6-c7-11-18-kombi-galinio-valytuvo-svirtis-mentele","status":"publish","type":"product","link":"https:\/\/erformance.eu\/et\/toode\/audi-a6-c7-11-18-kombi-galinio-valytuvo-svirtis-mentele\/","title":{"rendered":"Audi A6 C7 11-18 KOMBI galinio valytuvo svirtis + mentel\u0117"},"content":{"rendered":"<p>Prek\u0117: Galinio valytuvo \u0161luotel\u0117 + svirtis<br \/>\nAutomobilis:<br \/>\nAudi A6 C7 Avant, gamybos metai: 2011-2018<\/p>\n<p>A6 Avant (4G5, 4GD, C7) 1.8 TFSI (CYGA) 1798ccm 190KM\/140kW 2014\/09-2018\/09<br \/>\nA6 Avant (4G5, 4GD, C7) 2.0 TDI (CGLC CMGB) 1968ccm 177KM\/130kW 2011-05-2018-09<br \/>\nA6 Avant (4G5, 4GD, C7) 2.0 TDI (CGLD) 1968ccm 163KM\/120kW 2011-05-2018-09<br \/>\nA6 Avant (4G5, 4GD, C7) 2.0 TDI (CNHA CZJA DDDA) 1968ccm 190KM\/140kW 2013\/11-2018\/09<br \/>\nA6 Avant (4G5, 4GD, C7) 2.0 TDI (CSUD DDCB) 1968ccm 150KM\/110kW 2014\/09-2018\/09<br \/>\nA6 Avant (4G5, 4GD, C7) 2.0 TDI quattro (CNHA DDDA) 1968ccm 190KM\/140kW 2015\/04-2018\/09<br \/>\nA6 Avant (4G5, 4GD, C7) 2.0 TFSI (CDNB) 1984ccm 180KM\/132kW 2011-06-2018-09<br \/>\nA6 Avant (4G5, 4GD, C7) 2.0 TFSI (CYNB CYPA) 1984ccm 252KM\/185kW 2014\/09-2018\/09<br \/>\nA6 Avant (4G5, 4GD, C7) 2.0 TFSI quattro (CYPA) 1984ccm 252KM\/185kW 2015\/05-2018\/09<br \/>\nA6 Avant (4G5, 4GD, C7) 2.0 TFSI quattro (CYPB) 1984ccm 249KM\/183kW 2015\/05-2018\/09<br \/>\nA6 Avant (4G5, 4GD, C7) 2.8 FSI (CHVA) 2773ccm 204KM\/150kW 2011\/05-2015\/04<br \/>\nA6 Avant (4G5, 4GD, C7) 2.8 FSI quattro (CHVA) 2773ccm 204KM\/150kW 2011\/05-2015\/04<br \/>\nA6 Avant (4G5, 4GD, C7) 2.8 FSI quattro (CVPA) 2773ccm 220KM\/162kW 2014\/09-2018\/09<br \/>\nA6 Avant (4G5, 4GD, C7) 3.0 TDI (CLAB) 2967ccm 204KM\/150kW 2011-05-2018-09<br \/>\nA6 Avant (4G5, 4GD, C7) 3.0 TDI (CTCB, CZVD) 2967ccm 211KM\/155kW 2014\/09-2018\/09<br \/>\nA6 Avant (4G5, 4GD, C7) 3.0 TDI (CTCC CZVB) 2967ccm 218KM\/160kW 2014\/09-2018\/09<br \/>\nA6 Avant (4G5, 4GD, C7) 3.0 TDI quattro (CDUC CDUD CKVB CKVC) 2967ccm 245KM\/180kW 2011\/05-2018\/09<br \/>\nA6 Avant (4G5, 4GD, C7) 3.0 TDI quattro (CGQB) 2967ccm 313KM\/230kW 2011\/11-2018\/09<br \/>\nA6 Avant (4G5, 4GD, C7) 3.0 TDI quattro (CLAA) 2967ccm 204KM\/150kW 2011\/05-2018\/09<br \/>\nA6 Avant (4G5, 4GD, C7) 3.0 TDI quattro (CRTD) 2967ccm 272KM\/200kW 2014\/09-2018\/09<br \/>\nA6 Avant (4G5, 4GD, C7) 3.0 TDI quattro (CRTE CZVA) 2967ccm 218KM\/160kW 2014\/09-2018\/09<br \/>\nA6 Avant (4G5, 4GD, C7) 3.0 TDI quattro (CRTF CZVC) 2967ccm 211KM\/155kW 2014\/09-2018\/09<br \/>\nA6 Avant (4G5, 4GD, C7) 3.0 TDI quattro (CVUA) 2967ccm 320KM\/235kW 2014\/09-2018\/09<br \/>\nA6 Avant (4G5, 4GD, C7) 3.0 TDI quattro (CVUB) 2967ccm 326KM\/240kW 2014\/09-2018\/09<br \/>\nA6 Avant (4G5, 4GD, C7) 3.0 TFSI quattro (CGWB) 2995ccm 300KM\/220kW 2011\/05-2012\/05<br \/>\nA6 Avant (4G5, 4GD, C7) 3.0 TFSI quattro (CGWD) 2995ccm 310KM\/228kW 2011\/11-2018\/09<br \/>\nA6 Avant (4G5, 4GD, C7) 3.0 TFSI quattro (CREC) 2995ccm 333KM\/245kW 2014\/09-2018\/09<br \/>\nA6 Avant (4G5, 4GD, C7) RS6 performance quattro (CWUC) 3993ccm 605KM\/445kW 2015\/11-2018\/09<br \/>\nA6 Avant (4G5, 4GD, C7) RS6 quattro (CRDB CWUB) 3993ccm 560KM\/412kW 2013\/01-2018\/09<br \/>\nA6 Avant (4G5, 4GD, C7) S6 quattro (CEUC) 3993ccm 420KM\/309kW 2012-02-2018-09<br \/>\nA6 Avant (4G5, 4GD, C7) S6 quattro (CTGE) 3993ccm 450KM\/331kW 2014\/10-2018\/09<\/p>\n<p>Gamintojas: pakaitalas<br \/>\nValytuvo \u0161luotel\u0117s ilgis: 425 mm<br \/>\nTvirtinimo tipas: k\u016bgis<br \/>\nTechnin\u0117 b\u016bkl\u0117: prek\u0117 yra visi\u0161kai nauja, nenaudota, nepa\u017eeista ir nesugadinta<\/p>\n","protected":false},"excerpt":{"rendered":"<p>1. Prek\u0117: Galinio valytuvo \u0161luotel\u0117 + svirtis2. Gamintojas: pakeitimas3. Automobilis: Audi A6 C74. Pagaminimo metai: 2011\u201320185. K\u0117bulas: Universalas<\/p>\n","protected":false},"featured_media":51429,"comment_status":"open","ping_status":"closed","template":"","meta":[],"product_brand":[],"product_cat":[394,144,3919,3958,4358],"product_tag":[],"class_list":{"0":"post-56730","1":"product","2":"type-product","3":"status-publish","4":"has-post-thumbnail","6":"product_cat-audi-a6","7":"product_cat-audi","8":"product_cat-audi-a6-c7","9":"product_cat-audi-a6-c7-isores-dalys","10":"product_cat-audi-a6-c7-mechanizmai-valytuvai","12":"first","13":"instock","14":"shipping-taxable","15":"purchasable","16":"product-type-simple"},"yoast_head":"<!-- This site is optimized with the Yoast SEO Premium plugin v25.2 (Yoast SEO v27.3) - https:\/\/yoast.com\/product\/yoast-seo-premium-wordpress\/ -->\n<title>Audi A6 C7 11-18 KOMBI galinio valytuvo svirtis + mentel\u0117 - Erformance.eu<\/title>\n<meta name=\"robots\" content=\"index, follow, max-snippet:-1, max-image-preview:large, max-video-preview:-1\" \/>\n<link rel=\"canonical\" href=\"https:\/\/erformance.eu\/et\/toode\/audi-a6-c7-11-18-kombi-galinio-valytuvo-svirtis-mentele\/\" \/>\n<meta property=\"og:locale\" content=\"et_EE\" \/>\n<meta property=\"og:type\" content=\"article\" \/>\n<meta property=\"og:title\" content=\"Audi A6 C7 11-18 KOMBI galinio valytuvo svirtis + mentel\u0117\" \/>\n<meta property=\"og:description\" content=\"1. Prek\u0117: Galinio valytuvo \u0161luotel\u0117 + svirtis2. Gamintojas: pakeitimas3. Automobilis: Audi A6 C74. Pagaminimo metai: 2011\u201320185. K\u0117bulas: Universalas\" \/>\n<meta property=\"og:url\" content=\"https:\/\/erformance.eu\/et\/toode\/audi-a6-c7-11-18-kombi-galinio-valytuvo-svirtis-mentele\/\" \/>\n<meta property=\"og:site_name\" content=\"Erformance.eu\" \/>\n<meta property=\"article:modified_time\" content=\"2026-03-25T12:04:17+00:00\" \/>\n<meta property=\"og:image\" content=\"https:\/\/erformance.eu\/wp-content\/uploads\/2026\/02\/pol_pm_Audi-A6-C7-11-18-KOMBI-wycieraczka-tylna-ramie-pioro-20814_1.jpg\" \/>\n\t<meta property=\"og:image:width\" content=\"1200\" \/>\n\t<meta property=\"og:image:height\" content=\"900\" \/>\n\t<meta property=\"og:image:type\" content=\"image\/jpeg\" \/>\n<meta name=\"twitter:card\" content=\"summary_large_image\" \/>\n<meta name=\"twitter:label1\" content=\"Est. reading time\" \/>\n\t<meta name=\"twitter:data1\" content=\"2 minutit\" \/>\n<script type=\"application\/ld+json\" class=\"yoast-schema-graph\">{\"@context\":\"https:\\\/\\\/schema.org\",\"@graph\":[{\"@type\":\"WebPage\",\"@id\":\"https:\\\/\\\/erformance.eu\\\/et\\\/toode\\\/audi-a6-c7-11-18-kombi-galinio-valytuvo-svirtis-mentele\\\/\",\"url\":\"https:\\\/\\\/erformance.eu\\\/et\\\/toode\\\/audi-a6-c7-11-18-kombi-galinio-valytuvo-svirtis-mentele\\\/\",\"name\":\"Audi A6 C7 11-18 KOMBI galinio valytuvo svirtis + mentel\u0117 - Erformance.eu\",\"isPartOf\":{\"@id\":\"https:\\\/\\\/erformance.eu\\\/et\\\/#website\"},\"primaryImageOfPage\":{\"@id\":\"https:\\\/\\\/erformance.eu\\\/et\\\/toode\\\/audi-a6-c7-11-18-kombi-galinio-valytuvo-svirtis-mentele\\\/#primaryimage\"},\"image\":{\"@id\":\"https:\\\/\\\/erformance.eu\\\/et\\\/toode\\\/audi-a6-c7-11-18-kombi-galinio-valytuvo-svirtis-mentele\\\/#primaryimage\"},\"thumbnailUrl\":\"https:\\\/\\\/erformance.eu\\\/wp-content\\\/uploads\\\/2026\\\/02\\\/pol_pm_Audi-A6-C7-11-18-KOMBI-wycieraczka-tylna-ramie-pioro-20814_1.jpg\",\"datePublished\":\"2026-02-16T11:20:59+00:00\",\"dateModified\":\"2026-03-25T12:04:17+00:00\",\"breadcrumb\":{\"@id\":\"https:\\\/\\\/erformance.eu\\\/et\\\/toode\\\/audi-a6-c7-11-18-kombi-galinio-valytuvo-svirtis-mentele\\\/#breadcrumb\"},\"inLanguage\":\"et\",\"potentialAction\":[{\"@type\":\"ReadAction\",\"target\":[\"https:\\\/\\\/erformance.eu\\\/et\\\/toode\\\/audi-a6-c7-11-18-kombi-galinio-valytuvo-svirtis-mentele\\\/\"]}]},{\"@type\":\"ImageObject\",\"inLanguage\":\"et\",\"@id\":\"https:\\\/\\\/erformance.eu\\\/et\\\/toode\\\/audi-a6-c7-11-18-kombi-galinio-valytuvo-svirtis-mentele\\\/#primaryimage\",\"url\":\"https:\\\/\\\/erformance.eu\\\/wp-content\\\/uploads\\\/2026\\\/02\\\/pol_pm_Audi-A6-C7-11-18-KOMBI-wycieraczka-tylna-ramie-pioro-20814_1.jpg\",\"contentUrl\":\"https:\\\/\\\/erformance.eu\\\/wp-content\\\/uploads\\\/2026\\\/02\\\/pol_pm_Audi-A6-C7-11-18-KOMBI-wycieraczka-tylna-ramie-pioro-20814_1.jpg\",\"width\":1200,\"height\":900},{\"@type\":\"BreadcrumbList\",\"@id\":\"https:\\\/\\\/erformance.eu\\\/et\\\/toode\\\/audi-a6-c7-11-18-kombi-galinio-valytuvo-svirtis-mentele\\\/#breadcrumb\",\"itemListElement\":[{\"@type\":\"ListItem\",\"position\":1,\"name\":\"Home\",\"item\":\"https:\\\/\\\/erformance.eu\\\/et\\\/\"},{\"@type\":\"ListItem\",\"position\":2,\"name\":\"Pood\",\"item\":\"https:\\\/\\\/erformance.eu\\\/et\\\/pood\\\/\"},{\"@type\":\"ListItem\",\"position\":3,\"name\":\"Audi A6 C7 11-18 KOMBI galinio valytuvo svirtis + mentel\u0117\"}]},{\"@type\":\"WebSite\",\"@id\":\"https:\\\/\\\/erformance.eu\\\/et\\\/#website\",\"url\":\"https:\\\/\\\/erformance.eu\\\/et\\\/\",\"name\":\"Erformance.eu\",\"description\":\"Automobili\u0173 dali\u0173 parduotuv\u0117\",\"potentialAction\":[{\"@type\":\"SearchAction\",\"target\":{\"@type\":\"EntryPoint\",\"urlTemplate\":\"https:\\\/\\\/erformance.eu\\\/et\\\/?s={search_term_string}\"},\"query-input\":{\"@type\":\"PropertyValueSpecification\",\"valueRequired\":true,\"valueName\":\"search_term_string\"}}],\"inLanguage\":\"et\"}]}<\/script>\n<!-- \/ Yoast SEO Premium plugin. -->","yoast_head_json":{"title":"Audi A6 C7 11-18 KOMBI galinio valytuvo svirtis + mentel\u0117 - Erformance.eu","robots":{"index":"index","follow":"follow","max-snippet":"max-snippet:-1","max-image-preview":"max-image-preview:large","max-video-preview":"max-video-preview:-1"},"canonical":"https:\/\/erformance.eu\/et\/toode\/audi-a6-c7-11-18-kombi-galinio-valytuvo-svirtis-mentele\/","og_locale":"et_EE","og_type":"article","og_title":"Audi A6 C7 11-18 KOMBI galinio valytuvo svirtis + mentel\u0117","og_description":"1. Prek\u0117: Galinio valytuvo \u0161luotel\u0117 + svirtis2. Gamintojas: pakeitimas3. Automobilis: Audi A6 C74. Pagaminimo metai: 2011\u201320185. K\u0117bulas: Universalas","og_url":"https:\/\/erformance.eu\/et\/toode\/audi-a6-c7-11-18-kombi-galinio-valytuvo-svirtis-mentele\/","og_site_name":"Erformance.eu","article_modified_time":"2026-03-25T12:04:17+00:00","og_image":[{"width":1200,"height":900,"url":"https:\/\/erformance.eu\/wp-content\/uploads\/2026\/02\/pol_pm_Audi-A6-C7-11-18-KOMBI-wycieraczka-tylna-ramie-pioro-20814_1.jpg","type":"image\/jpeg"}],"twitter_card":"summary_large_image","twitter_misc":{"Est. reading time":"2 minutit"},"schema":{"@context":"https:\/\/schema.org","@graph":[{"@type":"WebPage","@id":"https:\/\/erformance.eu\/et\/toode\/audi-a6-c7-11-18-kombi-galinio-valytuvo-svirtis-mentele\/","url":"https:\/\/erformance.eu\/et\/toode\/audi-a6-c7-11-18-kombi-galinio-valytuvo-svirtis-mentele\/","name":"Audi A6 C7 11-18 KOMBI galinio valytuvo svirtis + mentel\u0117 - Erformance.eu","isPartOf":{"@id":"https:\/\/erformance.eu\/et\/#website"},"primaryImageOfPage":{"@id":"https:\/\/erformance.eu\/et\/toode\/audi-a6-c7-11-18-kombi-galinio-valytuvo-svirtis-mentele\/#primaryimage"},"image":{"@id":"https:\/\/erformance.eu\/et\/toode\/audi-a6-c7-11-18-kombi-galinio-valytuvo-svirtis-mentele\/#primaryimage"},"thumbnailUrl":"https:\/\/erformance.eu\/wp-content\/uploads\/2026\/02\/pol_pm_Audi-A6-C7-11-18-KOMBI-wycieraczka-tylna-ramie-pioro-20814_1.jpg","datePublished":"2026-02-16T11:20:59+00:00","dateModified":"2026-03-25T12:04:17+00:00","breadcrumb":{"@id":"https:\/\/erformance.eu\/et\/toode\/audi-a6-c7-11-18-kombi-galinio-valytuvo-svirtis-mentele\/#breadcrumb"},"inLanguage":"et","potentialAction":[{"@type":"ReadAction","target":["https:\/\/erformance.eu\/et\/toode\/audi-a6-c7-11-18-kombi-galinio-valytuvo-svirtis-mentele\/"]}]},{"@type":"ImageObject","inLanguage":"et","@id":"https:\/\/erformance.eu\/et\/toode\/audi-a6-c7-11-18-kombi-galinio-valytuvo-svirtis-mentele\/#primaryimage","url":"https:\/\/erformance.eu\/wp-content\/uploads\/2026\/02\/pol_pm_Audi-A6-C7-11-18-KOMBI-wycieraczka-tylna-ramie-pioro-20814_1.jpg","contentUrl":"https:\/\/erformance.eu\/wp-content\/uploads\/2026\/02\/pol_pm_Audi-A6-C7-11-18-KOMBI-wycieraczka-tylna-ramie-pioro-20814_1.jpg","width":1200,"height":900},{"@type":"BreadcrumbList","@id":"https:\/\/erformance.eu\/et\/toode\/audi-a6-c7-11-18-kombi-galinio-valytuvo-svirtis-mentele\/#breadcrumb","itemListElement":[{"@type":"ListItem","position":1,"name":"Home","item":"https:\/\/erformance.eu\/et\/"},{"@type":"ListItem","position":2,"name":"Pood","item":"https:\/\/erformance.eu\/et\/pood\/"},{"@type":"ListItem","position":3,"name":"Audi A6 C7 11-18 KOMBI galinio valytuvo svirtis + mentel\u0117"}]},{"@type":"WebSite","@id":"https:\/\/erformance.eu\/et\/#website","url":"https:\/\/erformance.eu\/et\/","name":"Erformance.eu","description":"Automobili\u0173 dali\u0173 parduotuv\u0117","potentialAction":[{"@type":"SearchAction","target":{"@type":"EntryPoint","urlTemplate":"https:\/\/erformance.eu\/et\/?s={search_term_string}"},"query-input":{"@type":"PropertyValueSpecification","valueRequired":true,"valueName":"search_term_string"}}],"inLanguage":"et"}]}},"jetpack_sharing_enabled":true,"_links":{"self":[{"href":"https:\/\/erformance.eu\/et\/wp-json\/wp\/v2\/product\/56730","targetHints":{"allow":["GET"]}}],"collection":[{"href":"https:\/\/erformance.eu\/et\/wp-json\/wp\/v2\/product"}],"about":[{"href":"https:\/\/erformance.eu\/et\/wp-json\/wp\/v2\/types\/product"}],"replies":[{"embeddable":true,"href":"https:\/\/erformance.eu\/et\/wp-json\/wp\/v2\/comments?post=56730"}],"version-history":[{"count":1,"href":"https:\/\/erformance.eu\/et\/wp-json\/wp\/v2\/product\/56730\/revisions"}],"predecessor-version":[{"id":56731,"href":"https:\/\/erformance.eu\/et\/wp-json\/wp\/v2\/product\/56730\/revisions\/56731"}],"wp:featuredmedia":[{"embeddable":true,"href":"https:\/\/erformance.eu\/et\/wp-json\/wp\/v2\/media\/51429"}],"wp:attachment":[{"href":"https:\/\/erformance.eu\/et\/wp-json\/wp\/v2\/media?parent=56730"}],"wp:term":[{"taxonomy":"product_brand","embeddable":true,"href":"https:\/\/erformance.eu\/et\/wp-json\/wp\/v2\/product_brand?post=56730"},{"taxonomy":"product_cat","embeddable":true,"href":"https:\/\/erformance.eu\/et\/wp-json\/wp\/v2\/product_cat?post=56730"},{"taxonomy":"product_tag","embeddable":true,"href":"https:\/\/erformance.eu\/et\/wp-json\/wp\/v2\/product_tag?post=56730"}],"curies":[{"name":"wp","href":"https:\/\/api.w.org\/{rel}","templated":true}]}}