{"id":56738,"date":"2026-02-16T14:21:03","date_gmt":"2026-02-16T11:21:03","guid":{"rendered":"https:\/\/erformance.eu\/?post_type=product&#038;p=56738"},"modified":"2026-03-26T01:40:01","modified_gmt":"2026-03-25T22:40:01","slug":"audi-q5-08-16-galinio-lango-apiplovimo-antgalis","status":"publish","type":"product","link":"https:\/\/erformance.eu\/et\/toode\/audi-q5-08-16-galinio-lango-apiplovimo-antgalis\/","title":{"rendered":"Audi Q5 08-16 galinio lango apiplovimo antgalis"},"content":{"rendered":"<p>Prek\u0117: \u00a0Galinio lango apiplovimo antgalis<br \/>\nOriginalus numeris: 8E9955985<br \/>\nPASTABA: auk\u0161\u010diau pateikti numeriai yra original\u016bs dali\u0173 numeriai, kuriuos \u0161is pasi\u016blymas pakei\u010dia. Prie\u0161 pirkdami, palyginkite juos su originaliu dalies numeriu. Jei jie skiriasi net vienu simboliu, dalis netiks, neveiks arba veiks netinkamai. Tokiu atveju jos nepirkite.<br \/>\nAutomobilis:<\/p>\n<p>\u201eAudi A3 8P1\u201c, gamybos metai: 2004\u20132013<br \/>\nAudi A4 B6 B7, gamybos metai: 2001-2012<br \/>\nAudi A6 C6 C7, rok produkcji: 2005-2011<br \/>\nAudi Q3, rok produkcji: 2011-2018<br \/>\nAudi Q5, rok produkcji: 2008-2016<br \/>\nAudi Q7, rok produkcji: 2007-2015<br \/>\nSkoda Octavia II, rok produkcji: 2004-2013<\/p>\n<p>Producent: zamiennik<br \/>\nStan techniczny: przedmiot jest fabrycznie NOWY, nieu\u017cywany, nieuszkodzony i niezniszczony<\/p>\n","protected":false},"excerpt":{"rendered":"<p>1. Prek\u0117: Galinio lango apiplovimo antgalis2. Gamintojas: pakeitimas3. Automobilis:     * Audi A3 8P1 04\u201313     * Audi A4 B6 B7 01-12     * Audi A6 C6 C7 05-11     * Audi Q3 11\u201318     * Audi Q5 08\u201316     * Audi Q7 07\u201315     * \u0160koda Octavia II 2004\u20132013 m.<\/p>\n","protected":false},"featured_media":51461,"comment_status":"open","ping_status":"closed","template":"","meta":[],"product_brand":[],"product_cat":[3928,144,3968,4368,399],"product_tag":[],"class_list":{"0":"post-56738","1":"product","2":"type-product","3":"status-publish","4":"has-post-thumbnail","6":"product_cat-audi-q5-8r","7":"product_cat-audi","8":"product_cat-audi-q5-8r-isores-dalys","9":"product_cat-audi-q5-8r-mechanizmai-valytuvai","10":"product_cat-audi-q5","12":"first","13":"instock","14":"shipping-taxable","15":"purchasable","16":"product-type-simple"},"yoast_head":"<!-- This site is optimized with the Yoast SEO Premium plugin v25.2 (Yoast SEO v27.3) - https:\/\/yoast.com\/product\/yoast-seo-premium-wordpress\/ -->\n<title>Audi Q5 08-16 galinio lango apiplovimo antgalis - Erformance.eu<\/title>\n<meta name=\"robots\" content=\"index, follow, max-snippet:-1, max-image-preview:large, max-video-preview:-1\" \/>\n<link rel=\"canonical\" href=\"https:\/\/erformance.eu\/et\/toode\/audi-q5-08-16-galinio-lango-apiplovimo-antgalis\/\" \/>\n<meta property=\"og:locale\" content=\"et_EE\" \/>\n<meta property=\"og:type\" content=\"article\" \/>\n<meta property=\"og:title\" content=\"Audi Q5 08-16 galinio lango apiplovimo antgalis\" \/>\n<meta property=\"og:description\" content=\"1. Prek\u0117: Galinio lango apiplovimo antgalis2. Gamintojas: pakeitimas3. Automobilis:   * Audi A3 8P1 04\u201313   * Audi A4 B6 B7 01-12   * Audi A6 C6 C7 05-11   * Audi Q3 11\u201318   * Audi Q5 08\u201316   * Audi Q7 07\u201315   * \u0160koda Octavia II 2004\u20132013 m.\" \/>\n<meta property=\"og:url\" content=\"https:\/\/erformance.eu\/et\/toode\/audi-q5-08-16-galinio-lango-apiplovimo-antgalis\/\" \/>\n<meta property=\"og:site_name\" content=\"Erformance.eu\" \/>\n<meta property=\"article:modified_time\" content=\"2026-03-25T22:40:01+00:00\" \/>\n<meta property=\"og:image\" content=\"https:\/\/erformance.eu\/wp-content\/uploads\/2026\/02\/pol_pm_Audi-Q5-08-16-dysza-spryskiwacza-szyby-tylnej-33642_1.jpg\" \/>\n\t<meta property=\"og:image:width\" content=\"667\" \/>\n\t<meta property=\"og:image:height\" content=\"500\" \/>\n\t<meta property=\"og:image:type\" content=\"image\/jpeg\" \/>\n<meta name=\"twitter:card\" content=\"summary_large_image\" \/>\n<meta name=\"twitter:label1\" content=\"Est. reading time\" \/>\n\t<meta name=\"twitter:data1\" content=\"1 minut\" \/>\n<script type=\"application\/ld+json\" class=\"yoast-schema-graph\">{\"@context\":\"https:\\\/\\\/schema.org\",\"@graph\":[{\"@type\":\"WebPage\",\"@id\":\"https:\\\/\\\/erformance.eu\\\/et\\\/toode\\\/audi-q5-08-16-galinio-lango-apiplovimo-antgalis\\\/\",\"url\":\"https:\\\/\\\/erformance.eu\\\/et\\\/toode\\\/audi-q5-08-16-galinio-lango-apiplovimo-antgalis\\\/\",\"name\":\"Audi Q5 08-16 galinio lango apiplovimo antgalis - Erformance.eu\",\"isPartOf\":{\"@id\":\"https:\\\/\\\/erformance.eu\\\/et\\\/#website\"},\"primaryImageOfPage\":{\"@id\":\"https:\\\/\\\/erformance.eu\\\/et\\\/toode\\\/audi-q5-08-16-galinio-lango-apiplovimo-antgalis\\\/#primaryimage\"},\"image\":{\"@id\":\"https:\\\/\\\/erformance.eu\\\/et\\\/toode\\\/audi-q5-08-16-galinio-lango-apiplovimo-antgalis\\\/#primaryimage\"},\"thumbnailUrl\":\"https:\\\/\\\/erformance.eu\\\/wp-content\\\/uploads\\\/2026\\\/02\\\/pol_pm_Audi-Q5-08-16-dysza-spryskiwacza-szyby-tylnej-33642_1.jpg\",\"datePublished\":\"2026-02-16T11:21:03+00:00\",\"dateModified\":\"2026-03-25T22:40:01+00:00\",\"breadcrumb\":{\"@id\":\"https:\\\/\\\/erformance.eu\\\/et\\\/toode\\\/audi-q5-08-16-galinio-lango-apiplovimo-antgalis\\\/#breadcrumb\"},\"inLanguage\":\"et\",\"potentialAction\":[{\"@type\":\"ReadAction\",\"target\":[\"https:\\\/\\\/erformance.eu\\\/et\\\/toode\\\/audi-q5-08-16-galinio-lango-apiplovimo-antgalis\\\/\"]}]},{\"@type\":\"ImageObject\",\"inLanguage\":\"et\",\"@id\":\"https:\\\/\\\/erformance.eu\\\/et\\\/toode\\\/audi-q5-08-16-galinio-lango-apiplovimo-antgalis\\\/#primaryimage\",\"url\":\"https:\\\/\\\/erformance.eu\\\/wp-content\\\/uploads\\\/2026\\\/02\\\/pol_pm_Audi-Q5-08-16-dysza-spryskiwacza-szyby-tylnej-33642_1.jpg\",\"contentUrl\":\"https:\\\/\\\/erformance.eu\\\/wp-content\\\/uploads\\\/2026\\\/02\\\/pol_pm_Audi-Q5-08-16-dysza-spryskiwacza-szyby-tylnej-33642_1.jpg\",\"width\":667,\"height\":500},{\"@type\":\"BreadcrumbList\",\"@id\":\"https:\\\/\\\/erformance.eu\\\/et\\\/toode\\\/audi-q5-08-16-galinio-lango-apiplovimo-antgalis\\\/#breadcrumb\",\"itemListElement\":[{\"@type\":\"ListItem\",\"position\":1,\"name\":\"Home\",\"item\":\"https:\\\/\\\/erformance.eu\\\/et\\\/\"},{\"@type\":\"ListItem\",\"position\":2,\"name\":\"Pood\",\"item\":\"https:\\\/\\\/erformance.eu\\\/et\\\/pood\\\/\"},{\"@type\":\"ListItem\",\"position\":3,\"name\":\"Audi Q5 08-16 galinio lango apiplovimo antgalis\"}]},{\"@type\":\"WebSite\",\"@id\":\"https:\\\/\\\/erformance.eu\\\/et\\\/#website\",\"url\":\"https:\\\/\\\/erformance.eu\\\/et\\\/\",\"name\":\"Erformance.eu\",\"description\":\"Automobili\u0173 dali\u0173 parduotuv\u0117\",\"potentialAction\":[{\"@type\":\"SearchAction\",\"target\":{\"@type\":\"EntryPoint\",\"urlTemplate\":\"https:\\\/\\\/erformance.eu\\\/et\\\/?s={search_term_string}\"},\"query-input\":{\"@type\":\"PropertyValueSpecification\",\"valueRequired\":true,\"valueName\":\"search_term_string\"}}],\"inLanguage\":\"et\"}]}<\/script>\n<!-- \/ Yoast SEO Premium plugin. -->","yoast_head_json":{"title":"Audi Q5 08-16 galinio lango apiplovimo antgalis - Erformance.eu","robots":{"index":"index","follow":"follow","max-snippet":"max-snippet:-1","max-image-preview":"max-image-preview:large","max-video-preview":"max-video-preview:-1"},"canonical":"https:\/\/erformance.eu\/et\/toode\/audi-q5-08-16-galinio-lango-apiplovimo-antgalis\/","og_locale":"et_EE","og_type":"article","og_title":"Audi Q5 08-16 galinio lango apiplovimo antgalis","og_description":"1. Prek\u0117: Galinio lango apiplovimo antgalis2. Gamintojas: pakeitimas3. Automobilis:   * Audi A3 8P1 04\u201313   * Audi A4 B6 B7 01-12   * Audi A6 C6 C7 05-11   * Audi Q3 11\u201318   * Audi Q5 08\u201316   * Audi Q7 07\u201315   * \u0160koda Octavia II 2004\u20132013 m.","og_url":"https:\/\/erformance.eu\/et\/toode\/audi-q5-08-16-galinio-lango-apiplovimo-antgalis\/","og_site_name":"Erformance.eu","article_modified_time":"2026-03-25T22:40:01+00:00","og_image":[{"width":667,"height":500,"url":"https:\/\/erformance.eu\/wp-content\/uploads\/2026\/02\/pol_pm_Audi-Q5-08-16-dysza-spryskiwacza-szyby-tylnej-33642_1.jpg","type":"image\/jpeg"}],"twitter_card":"summary_large_image","twitter_misc":{"Est. reading time":"1 minut"},"schema":{"@context":"https:\/\/schema.org","@graph":[{"@type":"WebPage","@id":"https:\/\/erformance.eu\/et\/toode\/audi-q5-08-16-galinio-lango-apiplovimo-antgalis\/","url":"https:\/\/erformance.eu\/et\/toode\/audi-q5-08-16-galinio-lango-apiplovimo-antgalis\/","name":"Audi Q5 08-16 galinio lango apiplovimo antgalis - Erformance.eu","isPartOf":{"@id":"https:\/\/erformance.eu\/et\/#website"},"primaryImageOfPage":{"@id":"https:\/\/erformance.eu\/et\/toode\/audi-q5-08-16-galinio-lango-apiplovimo-antgalis\/#primaryimage"},"image":{"@id":"https:\/\/erformance.eu\/et\/toode\/audi-q5-08-16-galinio-lango-apiplovimo-antgalis\/#primaryimage"},"thumbnailUrl":"https:\/\/erformance.eu\/wp-content\/uploads\/2026\/02\/pol_pm_Audi-Q5-08-16-dysza-spryskiwacza-szyby-tylnej-33642_1.jpg","datePublished":"2026-02-16T11:21:03+00:00","dateModified":"2026-03-25T22:40:01+00:00","breadcrumb":{"@id":"https:\/\/erformance.eu\/et\/toode\/audi-q5-08-16-galinio-lango-apiplovimo-antgalis\/#breadcrumb"},"inLanguage":"et","potentialAction":[{"@type":"ReadAction","target":["https:\/\/erformance.eu\/et\/toode\/audi-q5-08-16-galinio-lango-apiplovimo-antgalis\/"]}]},{"@type":"ImageObject","inLanguage":"et","@id":"https:\/\/erformance.eu\/et\/toode\/audi-q5-08-16-galinio-lango-apiplovimo-antgalis\/#primaryimage","url":"https:\/\/erformance.eu\/wp-content\/uploads\/2026\/02\/pol_pm_Audi-Q5-08-16-dysza-spryskiwacza-szyby-tylnej-33642_1.jpg","contentUrl":"https:\/\/erformance.eu\/wp-content\/uploads\/2026\/02\/pol_pm_Audi-Q5-08-16-dysza-spryskiwacza-szyby-tylnej-33642_1.jpg","width":667,"height":500},{"@type":"BreadcrumbList","@id":"https:\/\/erformance.eu\/et\/toode\/audi-q5-08-16-galinio-lango-apiplovimo-antgalis\/#breadcrumb","itemListElement":[{"@type":"ListItem","position":1,"name":"Home","item":"https:\/\/erformance.eu\/et\/"},{"@type":"ListItem","position":2,"name":"Pood","item":"https:\/\/erformance.eu\/et\/pood\/"},{"@type":"ListItem","position":3,"name":"Audi Q5 08-16 galinio lango apiplovimo antgalis"}]},{"@type":"WebSite","@id":"https:\/\/erformance.eu\/et\/#website","url":"https:\/\/erformance.eu\/et\/","name":"Erformance.eu","description":"Automobili\u0173 dali\u0173 parduotuv\u0117","potentialAction":[{"@type":"SearchAction","target":{"@type":"EntryPoint","urlTemplate":"https:\/\/erformance.eu\/et\/?s={search_term_string}"},"query-input":{"@type":"PropertyValueSpecification","valueRequired":true,"valueName":"search_term_string"}}],"inLanguage":"et"}]}},"jetpack_sharing_enabled":true,"_links":{"self":[{"href":"https:\/\/erformance.eu\/et\/wp-json\/wp\/v2\/product\/56738","targetHints":{"allow":["GET"]}}],"collection":[{"href":"https:\/\/erformance.eu\/et\/wp-json\/wp\/v2\/product"}],"about":[{"href":"https:\/\/erformance.eu\/et\/wp-json\/wp\/v2\/types\/product"}],"replies":[{"embeddable":true,"href":"https:\/\/erformance.eu\/et\/wp-json\/wp\/v2\/comments?post=56738"}],"version-history":[{"count":1,"href":"https:\/\/erformance.eu\/et\/wp-json\/wp\/v2\/product\/56738\/revisions"}],"predecessor-version":[{"id":56739,"href":"https:\/\/erformance.eu\/et\/wp-json\/wp\/v2\/product\/56738\/revisions\/56739"}],"wp:featuredmedia":[{"embeddable":true,"href":"https:\/\/erformance.eu\/et\/wp-json\/wp\/v2\/media\/51461"}],"wp:attachment":[{"href":"https:\/\/erformance.eu\/et\/wp-json\/wp\/v2\/media?parent=56738"}],"wp:term":[{"taxonomy":"product_brand","embeddable":true,"href":"https:\/\/erformance.eu\/et\/wp-json\/wp\/v2\/product_brand?post=56738"},{"taxonomy":"product_cat","embeddable":true,"href":"https:\/\/erformance.eu\/et\/wp-json\/wp\/v2\/product_cat?post=56738"},{"taxonomy":"product_tag","embeddable":true,"href":"https:\/\/erformance.eu\/et\/wp-json\/wp\/v2\/product_tag?post=56738"}],"curies":[{"name":"wp","href":"https:\/\/api.w.org\/{rel}","templated":true}]}}