{"id":56762,"date":"2026-02-16T14:21:16","date_gmt":"2026-02-16T11:21:16","guid":{"rendered":"https:\/\/erformance.eu\/?post_type=product&#038;p=56762"},"modified":"2026-03-26T01:16:35","modified_gmt":"2026-03-25T22:16:35","slug":"audi-q3-8u-11-18-priekinio-valytuvo-mechanizmas","status":"publish","type":"product","link":"https:\/\/erformance.eu\/et\/toode\/audi-q3-8u-11-18-priekinio-valytuvo-mechanizmas\/","title":{"rendered":"Audi Q3 8U 11-18 priekinio valytuvo mechanizmas"},"content":{"rendered":"<p>Tema: Priekinio valytuvo mechanizmas<br \/>\nOriginalus numeris: 8U1955023<br \/>\nPASTABA: auk\u0161\u010diau pateikti numeriai yra original\u016bs dali\u0173 numeriai, kuriuos \u0161is pasi\u016blymas pakei\u010dia. Prie\u0161 pirkdami, palyginkite juos su originaliu dalies numeriu. Jei jie skiriasi net vienu simboliu, dalis netiks, neveiks arba veiks netinkamai. Tokiu atveju jos nepirkite.<br \/>\nAutomobilis: Audi Q3 (8UB, 8UG)<br \/>\nPagaminimo metai: 2011\u20132018<br \/>\nVariklis: ne\u012ftrauktas<br \/>\nGamintojas: pakaitalas<br \/>\nTechnin\u0117 b\u016bkl\u0117: prek\u0117 yra visi\u0161kai nauja, nenaudota, nepa\u017eeista ir nesugadinta<br \/>\nPastaba: Europin\u0117 versija \u2013 automobiliams su vairu kair\u0117je pus\u0117je<\/p>\n","protected":false},"excerpt":{"rendered":"<p>1. Prek\u0117: Priekinio valytuvo mechanizmas2. Gamintojas: pakeitimas3. Automobilis: Audi Q3 8U4. Pagaminimo metai: 2011\u20132018<\/p>\n","protected":false},"featured_media":51544,"comment_status":"open","ping_status":"closed","template":"","meta":[],"product_brand":[],"product_cat":[3927,144,3967,4367,398],"product_tag":[],"class_list":{"0":"post-56762","1":"product","2":"type-product","3":"status-publish","4":"has-post-thumbnail","6":"product_cat-audi-q3-8u","7":"product_cat-audi","8":"product_cat-audi-q3-8u-isores-dalys","9":"product_cat-audi-q3-8u-mechanizmai-valytuvai","10":"product_cat-audi-q3","12":"first","13":"instock","14":"shipping-taxable","15":"purchasable","16":"product-type-simple"},"yoast_head":"<!-- This site is optimized with the Yoast SEO Premium plugin v25.2 (Yoast SEO v27.4) - https:\/\/yoast.com\/product\/yoast-seo-premium-wordpress\/ -->\n<title>Audi Q3 8U 11-18 priekinio valytuvo mechanizmas - Erformance.eu<\/title>\n<meta name=\"robots\" content=\"index, follow, max-snippet:-1, max-image-preview:large, max-video-preview:-1\" \/>\n<link rel=\"canonical\" href=\"https:\/\/erformance.eu\/et\/toode\/audi-q3-8u-11-18-priekinio-valytuvo-mechanizmas\/\" \/>\n<meta property=\"og:locale\" content=\"et_EE\" \/>\n<meta property=\"og:type\" content=\"article\" \/>\n<meta property=\"og:title\" content=\"Audi Q3 8U 11-18 priekinio valytuvo mechanizmas\" \/>\n<meta property=\"og:description\" content=\"1. Prek\u0117: Priekinio valytuvo mechanizmas2. Gamintojas: pakeitimas3. Automobilis: Audi Q3 8U4. Pagaminimo metai: 2011\u20132018\" \/>\n<meta property=\"og:url\" content=\"https:\/\/erformance.eu\/et\/toode\/audi-q3-8u-11-18-priekinio-valytuvo-mechanizmas\/\" \/>\n<meta property=\"og:site_name\" content=\"Erformance.eu\" \/>\n<meta property=\"article:modified_time\" content=\"2026-03-25T22:16:35+00:00\" \/>\n<meta property=\"og:image\" content=\"https:\/\/erformance.eu\/wp-content\/uploads\/2026\/02\/pol_pm_Audi-Q3-8U-11-18-mechanizm-wycieraczek-przednich-34376_1.jpg\" \/>\n\t<meta property=\"og:image:width\" content=\"1200\" \/>\n\t<meta property=\"og:image:height\" content=\"1200\" \/>\n\t<meta property=\"og:image:type\" content=\"image\/jpeg\" \/>\n<meta name=\"twitter:card\" content=\"summary_large_image\" \/>\n<script type=\"application\/ld+json\" class=\"yoast-schema-graph\">{\"@context\":\"https:\\\/\\\/schema.org\",\"@graph\":[{\"@type\":\"WebPage\",\"@id\":\"https:\\\/\\\/erformance.eu\\\/et\\\/toode\\\/audi-q3-8u-11-18-priekinio-valytuvo-mechanizmas\\\/\",\"url\":\"https:\\\/\\\/erformance.eu\\\/et\\\/toode\\\/audi-q3-8u-11-18-priekinio-valytuvo-mechanizmas\\\/\",\"name\":\"Audi Q3 8U 11-18 priekinio valytuvo mechanizmas - Erformance.eu\",\"isPartOf\":{\"@id\":\"https:\\\/\\\/erformance.eu\\\/et\\\/#website\"},\"primaryImageOfPage\":{\"@id\":\"https:\\\/\\\/erformance.eu\\\/et\\\/toode\\\/audi-q3-8u-11-18-priekinio-valytuvo-mechanizmas\\\/#primaryimage\"},\"image\":{\"@id\":\"https:\\\/\\\/erformance.eu\\\/et\\\/toode\\\/audi-q3-8u-11-18-priekinio-valytuvo-mechanizmas\\\/#primaryimage\"},\"thumbnailUrl\":\"https:\\\/\\\/erformance.eu\\\/wp-content\\\/uploads\\\/2026\\\/02\\\/pol_pm_Audi-Q3-8U-11-18-mechanizm-wycieraczek-przednich-34376_1.jpg\",\"datePublished\":\"2026-02-16T11:21:16+00:00\",\"dateModified\":\"2026-03-25T22:16:35+00:00\",\"breadcrumb\":{\"@id\":\"https:\\\/\\\/erformance.eu\\\/et\\\/toode\\\/audi-q3-8u-11-18-priekinio-valytuvo-mechanizmas\\\/#breadcrumb\"},\"inLanguage\":\"et\",\"potentialAction\":[{\"@type\":\"ReadAction\",\"target\":[\"https:\\\/\\\/erformance.eu\\\/et\\\/toode\\\/audi-q3-8u-11-18-priekinio-valytuvo-mechanizmas\\\/\"]}]},{\"@type\":\"ImageObject\",\"inLanguage\":\"et\",\"@id\":\"https:\\\/\\\/erformance.eu\\\/et\\\/toode\\\/audi-q3-8u-11-18-priekinio-valytuvo-mechanizmas\\\/#primaryimage\",\"url\":\"https:\\\/\\\/erformance.eu\\\/wp-content\\\/uploads\\\/2026\\\/02\\\/pol_pm_Audi-Q3-8U-11-18-mechanizm-wycieraczek-przednich-34376_1.jpg\",\"contentUrl\":\"https:\\\/\\\/erformance.eu\\\/wp-content\\\/uploads\\\/2026\\\/02\\\/pol_pm_Audi-Q3-8U-11-18-mechanizm-wycieraczek-przednich-34376_1.jpg\",\"width\":1200,\"height\":1200},{\"@type\":\"BreadcrumbList\",\"@id\":\"https:\\\/\\\/erformance.eu\\\/et\\\/toode\\\/audi-q3-8u-11-18-priekinio-valytuvo-mechanizmas\\\/#breadcrumb\",\"itemListElement\":[{\"@type\":\"ListItem\",\"position\":1,\"name\":\"Home\",\"item\":\"https:\\\/\\\/erformance.eu\\\/et\\\/\"},{\"@type\":\"ListItem\",\"position\":2,\"name\":\"Pood\",\"item\":\"https:\\\/\\\/erformance.eu\\\/et\\\/pood\\\/\"},{\"@type\":\"ListItem\",\"position\":3,\"name\":\"Audi Q3 8U 11-18 priekinio valytuvo mechanizmas\"}]},{\"@type\":\"WebSite\",\"@id\":\"https:\\\/\\\/erformance.eu\\\/et\\\/#website\",\"url\":\"https:\\\/\\\/erformance.eu\\\/et\\\/\",\"name\":\"Erformance.eu\",\"description\":\"Automobili\u0173 dali\u0173 parduotuv\u0117\",\"potentialAction\":[{\"@type\":\"SearchAction\",\"target\":{\"@type\":\"EntryPoint\",\"urlTemplate\":\"https:\\\/\\\/erformance.eu\\\/et\\\/?s={search_term_string}\"},\"query-input\":{\"@type\":\"PropertyValueSpecification\",\"valueRequired\":true,\"valueName\":\"search_term_string\"}}],\"inLanguage\":\"et\"}]}<\/script>\n<!-- \/ Yoast SEO Premium plugin. -->","yoast_head_json":{"title":"Audi Q3 8U 11-18 priekinio valytuvo mechanizmas - Erformance.eu","robots":{"index":"index","follow":"follow","max-snippet":"max-snippet:-1","max-image-preview":"max-image-preview:large","max-video-preview":"max-video-preview:-1"},"canonical":"https:\/\/erformance.eu\/et\/toode\/audi-q3-8u-11-18-priekinio-valytuvo-mechanizmas\/","og_locale":"et_EE","og_type":"article","og_title":"Audi Q3 8U 11-18 priekinio valytuvo mechanizmas","og_description":"1. Prek\u0117: Priekinio valytuvo mechanizmas2. Gamintojas: pakeitimas3. Automobilis: Audi Q3 8U4. Pagaminimo metai: 2011\u20132018","og_url":"https:\/\/erformance.eu\/et\/toode\/audi-q3-8u-11-18-priekinio-valytuvo-mechanizmas\/","og_site_name":"Erformance.eu","article_modified_time":"2026-03-25T22:16:35+00:00","og_image":[{"width":1200,"height":1200,"url":"https:\/\/erformance.eu\/wp-content\/uploads\/2026\/02\/pol_pm_Audi-Q3-8U-11-18-mechanizm-wycieraczek-przednich-34376_1.jpg","type":"image\/jpeg"}],"twitter_card":"summary_large_image","schema":{"@context":"https:\/\/schema.org","@graph":[{"@type":"WebPage","@id":"https:\/\/erformance.eu\/et\/toode\/audi-q3-8u-11-18-priekinio-valytuvo-mechanizmas\/","url":"https:\/\/erformance.eu\/et\/toode\/audi-q3-8u-11-18-priekinio-valytuvo-mechanizmas\/","name":"Audi Q3 8U 11-18 priekinio valytuvo mechanizmas - Erformance.eu","isPartOf":{"@id":"https:\/\/erformance.eu\/et\/#website"},"primaryImageOfPage":{"@id":"https:\/\/erformance.eu\/et\/toode\/audi-q3-8u-11-18-priekinio-valytuvo-mechanizmas\/#primaryimage"},"image":{"@id":"https:\/\/erformance.eu\/et\/toode\/audi-q3-8u-11-18-priekinio-valytuvo-mechanizmas\/#primaryimage"},"thumbnailUrl":"https:\/\/erformance.eu\/wp-content\/uploads\/2026\/02\/pol_pm_Audi-Q3-8U-11-18-mechanizm-wycieraczek-przednich-34376_1.jpg","datePublished":"2026-02-16T11:21:16+00:00","dateModified":"2026-03-25T22:16:35+00:00","breadcrumb":{"@id":"https:\/\/erformance.eu\/et\/toode\/audi-q3-8u-11-18-priekinio-valytuvo-mechanizmas\/#breadcrumb"},"inLanguage":"et","potentialAction":[{"@type":"ReadAction","target":["https:\/\/erformance.eu\/et\/toode\/audi-q3-8u-11-18-priekinio-valytuvo-mechanizmas\/"]}]},{"@type":"ImageObject","inLanguage":"et","@id":"https:\/\/erformance.eu\/et\/toode\/audi-q3-8u-11-18-priekinio-valytuvo-mechanizmas\/#primaryimage","url":"https:\/\/erformance.eu\/wp-content\/uploads\/2026\/02\/pol_pm_Audi-Q3-8U-11-18-mechanizm-wycieraczek-przednich-34376_1.jpg","contentUrl":"https:\/\/erformance.eu\/wp-content\/uploads\/2026\/02\/pol_pm_Audi-Q3-8U-11-18-mechanizm-wycieraczek-przednich-34376_1.jpg","width":1200,"height":1200},{"@type":"BreadcrumbList","@id":"https:\/\/erformance.eu\/et\/toode\/audi-q3-8u-11-18-priekinio-valytuvo-mechanizmas\/#breadcrumb","itemListElement":[{"@type":"ListItem","position":1,"name":"Home","item":"https:\/\/erformance.eu\/et\/"},{"@type":"ListItem","position":2,"name":"Pood","item":"https:\/\/erformance.eu\/et\/pood\/"},{"@type":"ListItem","position":3,"name":"Audi Q3 8U 11-18 priekinio valytuvo mechanizmas"}]},{"@type":"WebSite","@id":"https:\/\/erformance.eu\/et\/#website","url":"https:\/\/erformance.eu\/et\/","name":"Erformance.eu","description":"Automobili\u0173 dali\u0173 parduotuv\u0117","potentialAction":[{"@type":"SearchAction","target":{"@type":"EntryPoint","urlTemplate":"https:\/\/erformance.eu\/et\/?s={search_term_string}"},"query-input":{"@type":"PropertyValueSpecification","valueRequired":true,"valueName":"search_term_string"}}],"inLanguage":"et"}]}},"jetpack_sharing_enabled":true,"_links":{"self":[{"href":"https:\/\/erformance.eu\/et\/wp-json\/wp\/v2\/product\/56762","targetHints":{"allow":["GET"]}}],"collection":[{"href":"https:\/\/erformance.eu\/et\/wp-json\/wp\/v2\/product"}],"about":[{"href":"https:\/\/erformance.eu\/et\/wp-json\/wp\/v2\/types\/product"}],"replies":[{"embeddable":true,"href":"https:\/\/erformance.eu\/et\/wp-json\/wp\/v2\/comments?post=56762"}],"version-history":[{"count":1,"href":"https:\/\/erformance.eu\/et\/wp-json\/wp\/v2\/product\/56762\/revisions"}],"predecessor-version":[{"id":56763,"href":"https:\/\/erformance.eu\/et\/wp-json\/wp\/v2\/product\/56762\/revisions\/56763"}],"wp:featuredmedia":[{"embeddable":true,"href":"https:\/\/erformance.eu\/et\/wp-json\/wp\/v2\/media\/51544"}],"wp:attachment":[{"href":"https:\/\/erformance.eu\/et\/wp-json\/wp\/v2\/media?parent=56762"}],"wp:term":[{"taxonomy":"product_brand","embeddable":true,"href":"https:\/\/erformance.eu\/et\/wp-json\/wp\/v2\/product_brand?post=56762"},{"taxonomy":"product_cat","embeddable":true,"href":"https:\/\/erformance.eu\/et\/wp-json\/wp\/v2\/product_cat?post=56762"},{"taxonomy":"product_tag","embeddable":true,"href":"https:\/\/erformance.eu\/et\/wp-json\/wp\/v2\/product_tag?post=56762"}],"curies":[{"name":"wp","href":"https:\/\/api.w.org\/{rel}","templated":true}]}}